{"id":101854,"date":"2015-04-22T06:20:34","date_gmt":"2015-04-22T10:20:34","guid":{"rendered":"http:\/\/develop.olympic.ca\/olympique\/?page_id=101854"},"modified":"2015-04-22T06:20:38","modified_gmt":"2015-04-22T10:20:38","slug":"maintenantoujamais","status":"publish","type":"page","link":"https:\/\/develop.olympic.ca\/olympique\/maintenantoujamais\/","title":{"rendered":"#MAINTENANTOUJAMAIS"},"content":{"rendered":"<h1>C&rsquo;est <a href=\"https:\/\/twitter.com\/search?q=%23maintenantoujamais&amp;src=typd\">#MaintenantOuJamais<\/a> pour les athl\u00e8tes canadiens cet \u00e9t\u00e9 \u00e0 Toronto 2015.<\/h1>\n","protected":false},"excerpt":{"rendered":"<p>C&rsquo;est #MaintenantOuJamais pour les athl\u00e8tes canadiens cet \u00e9t\u00e9 \u00e0 Toronto 2015.<\/p>\n","protected":false},"author":52435436,"featured_media":0,"parent":0,"menu_order":0,"comment_status":"open","ping_status":"closed","template":"templates\/campaign.php","meta":{"_edit_lock":["1429714140:52435436"],"_edit_last":["52435436"],"_wp_page_template":["templates\/campaign.php"],"coc_campaign_options":["a:4:{s:21:\"coc_campaign_category\";s:0:\"\";s:15:\"coc_campaign_bg\";i:101860;s:25:\"coc_campaign_bg_downloads\";a:0:{}s:20:\"coc_campaign_posters\";a:0:{}}"],"geo_public":["0"],"_x_multifield_seo_accordion":["a:1:{i:0;a:2:{s:19:\"seo_accordion_title\";s:36:\"Les athl\u00e8tes de #MAINTENANTOUJAMAIS\";s:25:\"seo_accordion_description\";s:1163:\"\u2022Steph Roorda, Track Cycling (Vancouver, BC)<br>\r\n\u2022Allison Beveridge, Track Cycling (Calgary, AB)<br>\r\n\u2022Kirsti Lay, Track Cycling (Medicine Hat, AB)<br>\r\n\u2022Annie Foreman-Mackey, Track Cycling (Kingston, ON)<br>\r\n\u2022Jim Brown, BMX (Airdrie, AB)<br>\r\n\u2022Whitney McClintock, Water Ski (Cambridge, ON)<br>\r\n\u2022Mark Oldershaw, Canoe Sprint (Burlington, ON)<br>\r\n\u2022Christabel Nettey, Athletics, Long Jump (Surrey, BC)<br>\r\n\u2022Brittany Crew, Athletics, Shot Put (East York, ON)<br>\r\n\u2022Crispin Duenas, Archery (Scarborough, ON)<br>\r\n\u2022Roseline Filion, Diving (Laval, QC)<br>\r\n\u2022Meaghan Benfeito, Diving (Laval, QC)<br>\r\n\u2022Victoria Moors, Artistic Gymnastics (Cambridge, ON)<br>\r\n\u2022Kevin Lytwyn, Artistic Gymnastics (Stoney Creek, ON)<br>\r\n\u2022Mariam Abdul-Rashid \u2013 Hurdles (Oshawa, ON)<br>  \r\n\u2022Soren Meeuwisse \u2013 Mountain Biking (Orillia, ON)<br>\r\n\u2022Jordyn Pedersen \u2013 Artistic Gymnastics (Mississauga, ON)<br>\r\n\u2022Ryan Oehrlein \u2013 Artistic Gymnastics (Georgetown, ON)<br>\r\n\u2022Megan Michelle Roberts \u2013 Artistic Gymnastics (Toronto, ON)<br>\r\n\u2022Jonathan Scripnick \u2013 Artistic Gymnastics (Milton, ON)<br>\r\n\u2022Ray Yang \u2013 Swimming (Etobicoke, ON)<br>\";}}"],"_elasticsearch_indexed_on":["1970-01-01 00:00:00"],"seo_translation_link":["http:\/\/wp.me\/P3DwEw-tM9"],"video_embed_code":["https:\/\/www.youtube.com\/watch?v=A-o73ltus8E"],"wpcom-scheduled-post-publish-time":["1429698034"],"_publicize_pending":["1"],"_is_empty_after_transformation":["yes"]},"coauthors":[209008581],"class_list":["post-101854","page","type-page","status-publish","format-video","hentry"],"acf":[],"yoast_head":"<!-- This site is optimized with the Yoast SEO plugin v27.3 - https:\/\/yoast.com\/product\/yoast-seo-wordpress\/ -->\n<title>#MAINTENANTOUJAMAIS - \u00c9quipe Canada | Site officiel de l&#039;\u00e9quipe olympique<\/title>\n<meta name=\"robots\" content=\"index, follow, max-snippet:-1, max-image-preview:large, max-video-preview:-1\" \/>\n<link rel=\"canonical\" href=\"https:\/\/develop.olympic.ca\/olympique\/maintenantoujamais\/\" \/>\n<meta property=\"og:locale\" content=\"fr_FR\" \/>\n<meta property=\"og:type\" content=\"article\" \/>\n<meta property=\"og:title\" content=\"#MAINTENANTOUJAMAIS - \u00c9quipe Canada | Site officiel de l&#039;\u00e9quipe olympique\" \/>\n<meta property=\"og:description\" content=\"C&rsquo;est #MaintenantOuJamais pour les athl\u00e8tes canadiens cet \u00e9t\u00e9 \u00e0 Toronto 2015.\" \/>\n<meta property=\"og:url\" content=\"https:\/\/develop.olympic.ca\/olympique\/maintenantoujamais\/\" \/>\n<meta property=\"og:site_name\" content=\"\u00c9quipe Canada | Site officiel de l&#039;\u00e9quipe olympique\" \/>\n<meta property=\"article:modified_time\" content=\"2015-04-22T10:20:38+00:00\" \/>\n<meta name=\"twitter:card\" content=\"summary_large_image\" \/>\n<meta name=\"twitter:label1\" content=\"Written by\" \/>\n\t<meta name=\"twitter:data1\" content=\"Mark Nadolny\" \/>\n<script type=\"application\/ld+json\" class=\"yoast-schema-graph\">{\"@context\":\"https:\\\/\\\/schema.org\",\"@graph\":[{\"@type\":\"WebPage\",\"@id\":\"https:\\\/\\\/develop.olympic.ca\\\/olympique\\\/maintenantoujamais\\\/\",\"url\":\"https:\\\/\\\/develop.olympic.ca\\\/olympique\\\/maintenantoujamais\\\/\",\"name\":\"#MAINTENANTOUJAMAIS - \u00c9quipe Canada | Site officiel de l&#039;\u00e9quipe olympique\",\"isPartOf\":{\"@id\":\"https:\\\/\\\/develop.olympic.ca\\\/olympique\\\/#website\"},\"datePublished\":\"2015-04-22T10:20:34+00:00\",\"dateModified\":\"2015-04-22T10:20:38+00:00\",\"inLanguage\":\"fr-FR\",\"potentialAction\":[{\"@type\":\"ReadAction\",\"target\":[\"https:\\\/\\\/develop.olympic.ca\\\/olympique\\\/maintenantoujamais\\\/\"]}]},{\"@type\":\"WebSite\",\"@id\":\"https:\\\/\\\/develop.olympic.ca\\\/olympique\\\/#website\",\"url\":\"https:\\\/\\\/develop.olympic.ca\\\/olympique\\\/\",\"name\":\"\u00c9quipe Canada | Site officiel de l&#039;\u00e9quipe olympique\",\"description\":\"Votre source pour l\u2019\u00c9quipe olympique canadienne. Retrouvez les r\u00e9cits, vid\u00e9os et photos des athl\u00e8tes canadiens, sports olympiques, Jeux olympiques de 2020 et bien plus!\",\"potentialAction\":[{\"@type\":\"SearchAction\",\"target\":{\"@type\":\"EntryPoint\",\"urlTemplate\":\"https:\\\/\\\/develop.olympic.ca\\\/olympique\\\/?s={search_term_string}\"},\"query-input\":{\"@type\":\"PropertyValueSpecification\",\"valueRequired\":true,\"valueName\":\"search_term_string\"}}],\"inLanguage\":\"fr-FR\"}]}<\/script>\n<!-- \/ Yoast SEO plugin. -->","yoast_head_json":{"title":"#MAINTENANTOUJAMAIS - \u00c9quipe Canada | Site officiel de l&#039;\u00e9quipe olympique","robots":{"index":"index","follow":"follow","max-snippet":"max-snippet:-1","max-image-preview":"max-image-preview:large","max-video-preview":"max-video-preview:-1"},"canonical":"https:\/\/develop.olympic.ca\/olympique\/maintenantoujamais\/","og_locale":"fr_FR","og_type":"article","og_title":"#MAINTENANTOUJAMAIS - \u00c9quipe Canada | Site officiel de l&#039;\u00e9quipe olympique","og_description":"C&rsquo;est #MaintenantOuJamais pour les athl\u00e8tes canadiens cet \u00e9t\u00e9 \u00e0 Toronto 2015.","og_url":"https:\/\/develop.olympic.ca\/olympique\/maintenantoujamais\/","og_site_name":"\u00c9quipe Canada | Site officiel de l&#039;\u00e9quipe olympique","article_modified_time":"2015-04-22T10:20:38+00:00","twitter_card":"summary_large_image","twitter_misc":{"Written by":"Mark Nadolny"},"schema":{"@context":"https:\/\/schema.org","@graph":[{"@type":"WebPage","@id":"https:\/\/develop.olympic.ca\/olympique\/maintenantoujamais\/","url":"https:\/\/develop.olympic.ca\/olympique\/maintenantoujamais\/","name":"#MAINTENANTOUJAMAIS - \u00c9quipe Canada | Site officiel de l&#039;\u00e9quipe olympique","isPartOf":{"@id":"https:\/\/develop.olympic.ca\/olympique\/#website"},"datePublished":"2015-04-22T10:20:34+00:00","dateModified":"2015-04-22T10:20:38+00:00","inLanguage":"fr-FR","potentialAction":[{"@type":"ReadAction","target":["https:\/\/develop.olympic.ca\/olympique\/maintenantoujamais\/"]}]},{"@type":"WebSite","@id":"https:\/\/develop.olympic.ca\/olympique\/#website","url":"https:\/\/develop.olympic.ca\/olympique\/","name":"\u00c9quipe Canada | Site officiel de l&#039;\u00e9quipe olympique","description":"Votre source pour l\u2019\u00c9quipe olympique canadienne. Retrouvez les r\u00e9cits, vid\u00e9os et photos des athl\u00e8tes canadiens, sports olympiques, Jeux olympiques de 2020 et bien plus!","potentialAction":[{"@type":"SearchAction","target":{"@type":"EntryPoint","urlTemplate":"https:\/\/develop.olympic.ca\/olympique\/?s={search_term_string}"},"query-input":{"@type":"PropertyValueSpecification","valueRequired":true,"valueName":"search_term_string"}}],"inLanguage":"fr-FR"}]}},"jetpack_sharing_enabled":true,"jetpack-related-posts":[],"jetpack_shortlink":"https:\/\/wp.me\/PbmyEP-quO","_links":{"self":[{"href":"https:\/\/develop.olympic.ca\/olympique\/wp-json\/wp\/v2\/pages\/101854","targetHints":{"allow":["GET"]}}],"collection":[{"href":"https:\/\/develop.olympic.ca\/olympique\/wp-json\/wp\/v2\/pages"}],"about":[{"href":"https:\/\/develop.olympic.ca\/olympique\/wp-json\/wp\/v2\/types\/page"}],"author":[{"embeddable":true,"href":"https:\/\/develop.olympic.ca\/olympique\/wp-json\/wp\/v2\/users\/52435436"}],"replies":[{"embeddable":true,"href":"https:\/\/develop.olympic.ca\/olympique\/wp-json\/wp\/v2\/comments?post=101854"}],"version-history":[{"count":5,"href":"https:\/\/develop.olympic.ca\/olympique\/wp-json\/wp\/v2\/pages\/101854\/revisions"}],"predecessor-version":[{"id":101869,"href":"https:\/\/develop.olympic.ca\/olympique\/wp-json\/wp\/v2\/pages\/101854\/revisions\/101869"}],"wp:attachment":[{"href":"https:\/\/develop.olympic.ca\/olympique\/wp-json\/wp\/v2\/media?parent=101854"}],"wp:term":[{"taxonomy":"author","embeddable":true,"href":"https:\/\/develop.olympic.ca\/olympique\/wp-json\/wp\/v2\/coauthors?post=101854"}],"curies":[{"name":"wp","href":"https:\/\/api.w.org\/{rel}","templated":true}]}}