{"id":114461,"date":"2016-04-22T17:40:21","date_gmt":"2016-04-22T21:40:21","guid":{"rendered":"http:\/\/develop.olympic.ca\/olympique\/?page_id=114461"},"modified":"2024-04-08T11:53:58","modified_gmt":"2024-04-08T15:53:58","slug":"politiques","status":"publish","type":"page","link":"https:\/\/develop.olympic.ca\/olympique\/comite-olympique-canadien\/gouvernance\/politiques\/","title":{"rendered":"Politiques"},"content":{"rendered":"\n<h2 class=\"wp-block-heading\">Conduite et d\u00e9nonciation<\/h2>\n\n\n\n<p class=\"wp-block-paragraph\">Le Comit\u00e9 olympique canadien s\u2019attend \u00e0 ce que les personnes impliqu\u00e9es dans les activit\u00e9s du COC se conforment aux standards de conduite les plus \u00e9lev\u00e9s et qu\u2019ils se comportent en tout temps d\u2019une mani\u00e8re qui refl\u00e8te et ne compromet pas la r\u00e9putation du COC et la confiance des intervenants du COC et des Canadiens.<br><br>Les codes de conduite et les politiques ci-dessous portent sur les normes de conduite qui sont attendues des personnes impliqu\u00e9es dans les activit\u00e9s du COC tels que les employ\u00e9s, nos b\u00e9n\u00e9voles et nos sous-traitants, de m\u00eame que nos athl\u00e8tes et entra\u00eeneurs, ainsi que leur personnel de soutien. Les \u00e9tapes \u00e0 suivre pour signaler un manquement ou une violation des codes de conduite et des politiques ci-dessous sont d\u00e9crites dans chacune des ces politiques ou codes applicables:<\/p>\n\n\n\n<p class=\"wp-block-paragraph\"><a href=\"https:\/\/commissaireintegritesport.ca\/ccums\" target=\"_blank\" rel=\"noreferrer noopener\">Code de conduite universel pour pr\u00e9venir et contrer la maltraitance dans le sport (CCUMS)<\/a>;<br><br><a href=\"https:\/\/develop.olympic.ca\/olympique\/wp-content\/uploads\/sites\/2\/2022\/12\/Politique-du-COC-sur-la-gestion-des-plaintes-en-matiere-de-sport-securitaire-FINAL.pdf\" target=\"_blank\" rel=\"noreferrer noopener\">Politique du COC sur la gestion des plaintes en mati\u00e8re de sport s\u00e9curitaire<\/a>;<\/p>\n\n\n\n<p class=\"wp-block-paragraph\"><a href=\"https:\/\/develop.olympic.ca\/olympique\/wp-content\/uploads\/sites\/2\/2024\/03\/COC_Code-of-Ethics_FRC-1er-avril-2024.pdf\" target=\"_blank\" rel=\"noreferrer noopener\">Code d&rsquo;\u00e9thique du COC<\/a>;<br><br><a href=\"https:\/\/develop.olympic.ca\/olympique\/wp-content\/uploads\/sites\/2\/2022\/12\/COC_Politique-sur-la-conduite-en-milieu-de-travail_FRC-FINAL.pdf\" target=\"_blank\" rel=\"noreferrer noopener\">Code de conduite du COC en milieu de travail<\/a>;<br><br><a href=\"https:\/\/develop.olympic.ca\/olympique\/wp-content\/uploads\/sites\/2\/2022\/12\/COC_Politique-sur-la-denonciation_FRC-VERSION-FINALE73.pdf\" target=\"_blank\" rel=\"noreferrer noopener\">Politique du COC sur la d\u00e9nonciation<\/a><\/p>\n\n\n\n<hr class=\"wp-block-separator has-css-opacity\"\/>\n\n\n\n<h2 class=\"wp-block-heading\">Accessibilit\u00e9<\/h2>\n\n\n\n<p class=\"wp-block-paragraph\">Le Comit\u00e9 olympique canadien est engag\u00e9 \u00e0 identifier les besoins d\u2019accessibilit\u00e9 des personnes handicap\u00e9es et \u00e0 y r\u00e9pondre de mani\u00e8re efficace, appropri\u00e9e et opportune en fonction des principes fondamentaux de dignit\u00e9, d\u2019ind\u00e9pendance, d\u2019inclusion, d\u2019int\u00e9gration, de r\u00e9ceptivit\u00e9 et d\u2019\u00e9galit\u00e9 des chances. Cet engagement comprend \u00e9galement la conformit\u00e9 \u00e0 la <em>Loi de 2005 sur l\u2019accessibilit\u00e9 pour les personnes handicap\u00e9es de l\u2019Ontario<\/em>, au <em>Code des droits de la personne de l\u2019Ontario<\/em>, \u00e0 la <em>Charte des droits et libert\u00e9s de la personne du Qu\u00e9bec<\/em> et au <em>Code des droits de la personne de la Colombie-Britannique<\/em>.<\/p>\n\n\n\n<p class=\"wp-block-paragraph\">Vous trouverez ci-dessous des liens vers la <strong>politique d\u2019accessibilit\u00e9<\/strong> et le <strong>plan d\u2019accessibilit\u00e9 pluriannuel<\/strong> du COC. La politique s\u2019applique \u00e0 tous les membres du personnel du COC, y compris les employ\u00e9s permanents \u00e0 temps plein et \u00e0 temps partiel, les employ\u00e9s sous contrat \u00e0 court terme, les stagiaires et les b\u00e9n\u00e9voles. Cette politique s\u2019applique \u00e9galement aux personnes qui fournissent des biens, des services ou des installations au nom du COC et\/ou directement dans les locaux du COC. Si vous d\u00e9sirez faire un commentaire sur l\u2019accessibilit\u00e9 du service \u00e0 la client\u00e8le offert par le COC, vous trouverez les coordonn\u00e9es directement dans la politique. Sur demande, le COC fournira ces documents dans un format accessible.<\/p>\n\n\n\n<p class=\"wp-block-paragraph\"><a href=\"https:\/\/preprod.olympic.ca\/wp-content\/uploads\/sites\/2\/2018\/07\/4-4-accessibility-policy-dec-2017-fr-final.pdf\">Politique d\u2019accessibilit\u00e9<\/a><\/p>\n\n\n\n<p class=\"wp-block-paragraph\"><a href=\"https:\/\/preprod.olympic.ca\/wp-content\/uploads\/sites\/2\/2018\/07\/accessibility-multiyear-plan-mai-2018-fr.pdf\">Plan d\u2019accessibilit\u00e9 pluriannuel<\/a><\/p>\n\n\n\n<hr class=\"wp-block-separator has-css-opacity\"\/>\n\n\n\n<h2 class=\"wp-block-heading\"><strong>Examen ind\u00e9pendant du COC (2015)<\/strong><\/h2>\n\n\n\n<p class=\"wp-block-paragraph\">En 2015, le COC a fait appel \u00e0 la firme Rubin Thomlinson LLP, sous la direction de Christine Thomlinson, afin d\u2019entreprendre un examen ind\u00e9pendant du COC pour faire suite \u00e0 la r\u00e9ception d&rsquo;une plainte d\u00e9pos\u00e9e par un(e) employ\u00e9(e) contre l&rsquo;ancien pr\u00e9sident du COC. Le COC a \u00e9galement retenu les services de la firme Watson Inc. qui se sp\u00e9cialise en gouvernance pour travailler avec Rubin Thomlinson afin d&rsquo;examiner des questions sp\u00e9cifiques li\u00e9es \u00e0 la gouvernance du COC. La conclusion de ces examens comprenait huit recommandations pr\u00e9cises qui ont toutes \u00e9t\u00e9 accept\u00e9es et approuv\u00e9es par le conseil d&rsquo;administration du COC et qui ont toutes \u00e9t\u00e9 enti\u00e8rement mises en \u0153uvre par le COC.<\/p>\n\n\n\n<p class=\"wp-block-paragraph\">Pour plus d&rsquo;informations sur le processus d&rsquo;examen ind\u00e9pendant du COC, veuillez contacter&nbsp;<a href=\"mailto:governance@olympic.ca\" target=\"_blank\" rel=\"noreferrer noopener\">governance@olympic.ca<\/a><\/p>\n","protected":false},"excerpt":{"rendered":"<p>Conduite et d\u00e9nonciation Le Comit\u00e9 olympique canadien s\u2019attend \u00e0 ce que les personnes impliqu\u00e9es dans les activit\u00e9s du COC se&#8230;<\/p>\n","protected":false},"author":52435436,"featured_media":0,"parent":3114,"menu_order":0,"comment_status":"closed","ping_status":"closed","template":"templates\/template-about.php","meta":{"_edit_lock":["1712591494:132083754"],"_edit_last":["132083754"],"_wp_page_template":["templates\/template-about.php"],"coc_campaign_options":["a:4:{s:16:\"coc_campaign_tag\";s:0:\"\";s:15:\"coc_campaign_bg\";N;s:25:\"coc_campaign_bg_downloads\";a:0:{}s:20:\"coc_campaign_posters\";a:0:{}}"],"coc_team_options":["a:1:{s:15:\"coc_game_select\";i:210932;}"],"coc_oc_landing_options":["a:2:{s:17:\"coc_oc_landing_bg\";N;s:22:\"coc_oc_landing_stories\";a:0:{}}"],"coc_edit_profile_options":["a:1:{s:20:\"coc_favourite_sports\";a:0:{}}"],"coc_oc_reward_options":["a:13:{s:16:\"coc_oc_reward_id\";s:0:\"\";s:19:\"coc_oc_ac_reward_id\";s:0:\"\";s:20:\"coc_oc_reward_points\";s:0:\"\";s:19:\"coc_oc_reward_rules\";N;s:31:\"coc_oc_digital_download_desktop\";N;s:30:\"coc_oc_digital_download_mobile\";N;s:32:\"coc_oc_digital_download_facebook\";N;s:29:\"coc_oc_reward_success_message\";s:0:\"\";s:23:\"coc_oc_facebook_content\";s:0:\"\";s:22:\"coc_oc_twitter_content\";s:0:\"\";s:24:\"coc_oc_social_contest_id\";s:0:\"\";s:31:\"coc_oc_reward_logged_in_message\";s:0:\"\";s:32:\"coc_oc_reward_logged_out_message\";s:0:\"\";}"],"geo_public":["0"],"_x_multifield_seo_accordion":["a:1:{i:0;a:2:{s:19:\"seo_accordion_title\";s:0:\"\";s:25:\"seo_accordion_description\";s:0:\"\";}}"],"_elasticsearch_indexed_on":["1970-01-01 00:00:00"],"_publicize_pending":["1"],"seo_translation_link":["http:\/\/wp.me\/P3DwEw-ysJ"],"coc_sharing_options":["a:1:{s:18:\"coc_hide_share_bar\";b:0;}"],"coc_press_options":["a:2:{s:28:\"coc_press_additional_content\";s:0:\"\";s:27:\"coc_press_resource_category\";a:0:{}}"],"coc_breaking_news_options":["a:1:{s:25:\"coc_breaking_news_details\";a:0:{}}"],"coc_be_olympic_options":["a:8:{s:37:\"coc_be_olympic_exclusive_content_link\";s:0:\"\";s:27:\"coc_be_olympic_videos_title\";s:0:\"\";s:21:\"coc_be_olympic_videos\";a:0:{}s:27:\"coc_be_olympic_photos_title\";s:0:\"\";s:21:\"coc_be_olympic_photos\";a:0:{}s:24:\"coc_be_olympic_downloads\";a:0:{}s:22:\"coc_be_olympic_quizzes\";a:0:{}s:26:\"coc_be_olympic_fan_fun_ads\";a:0:{}}"],"coc_fan_fun_options":["a:2:{s:23:\"coc_fan_fun_hammer_time\";a:2:{s:29:\"coc_fan_fun_hammer_time_image\";N;s:27:\"coc_fan_fun_hammer_time_url\";s:0:\"\";}s:22:\"coc_fan_fun_torch_dash\";a:2:{s:28:\"coc_fan_fun_torch_dash_image\";N;s:26:\"coc_fan_fun_torch_dash_url\";s:0:\"\";}}"],"coc_interactive_game_options":["a:3:{s:28:\"coc_interactive_game_message\";s:0:\"\";s:24:\"coc_interactive_game_url\";s:0:\"\";s:27:\"coc_interactive_game_iframe\";b:0;}"],"coc_olympic_club_options":["a:1:{s:12:\"redirect_url\";s:0:\"\";}"],"coc_favorites_options":["a:3:{s:13:\"content_types\";a:0:{}s:7:\"seasons\";a:0:{}s:4:\"gear\";a:0:{}}"],"coc_og_tags":["a:3:{s:8:\"og_title\";s:0:\"\";s:14:\"og_description\";s:0:\"\";s:8:\"og_image\";N;}"],"coc_games":[""],"_coc_games":["field_5e83bf020f51f"],"coc_trivia":[""],"_coc_trivia":["field_5e83bacdec2aa"],"coc_education_options":["A"],"coc_page_options":["a:1:{s:30:\"coc_partner_takeover_ads_story\";a:5:{s:20:\"coc_ad_story_desktop\";N;s:26:\"coc_ad_story_desktop_label\";s:0:\"\";s:19:\"coc_ad_story_mobile\";N;s:25:\"coc_ad_story_mobile_label\";s:0:\"\";s:16:\"coc_ad_story_url\";s:0:\"\";}}"],"coc_donor_video_options":["a:1:{s:21:\"donor_featured_videos\";a:0:{}}"],"coc_about_video_options":["a:1:{s:11:\"about_video\";a:3:{s:21:\"coc_about_video_title\";s:0:\"\";s:20:\"coc_about_video_text\";s:0:\"\";s:21:\"coc_about_youtube_url\";s:0:\"\";}}"],"coc_about_image_options":["a:1:{s:11:\"about_image\";a:3:{s:21:\"coc_about_image_title\";s:0:\"\";s:20:\"coc_about_image_text\";s:0:\"\";s:19:\"coc_about_image_url\";N;}}"],"coc_about_reporting_options":["a:1:{s:23:\"about_reporting_options\";a:0:{}}"],"coc_about_audit_options":["a:1:{s:19:\"about_audit_options\";a:0:{}}"],"coc_giving_options":["a:1:{s:14:\"giving_options\";a:0:{}}"],"coc_homepage_video_options":["a:1:{s:13:\"video_options\";a:1:{s:18:\"coc_homepage_video\";s:0:\"\";}}"],"coc_homepage_priorities":["a:1:{s:16:\"priority_options\";a:0:{}}"],"coc_homepage_campaign_options":["a:1:{s:16:\"campaign_options\";a:3:{s:24:\"coc_campaign_video_title\";s:0:\"\";s:23:\"coc_campaign_video_text\";s:0:\"\";s:24:\"coc_campaign_youtube_url\";s:0:\"\";}}"],"hof_selected_committee":["a:1:{s:11:\"hof_members\";a:0:{}}"],"hof_partners_options":["a:1:{s:12:\"hof_partners\";a:0:{}}"],"hof_search_excerpt":["a:1:{s:18:\"coc_search_excerpt\";s:0:\"\";}"],"_last_editor_used_jetpack":["block-editor"],"_yoast_wpseo_content_score":["30"],"_yoast_wpseo_estimated-reading-time-minutes":["3"],"seo_title":[""],"_seo_title":["field_652feeaa9308c"],"seo_focus_keyword":[""],"_seo_focus_keyword":["field_652ff0580091b"],"seo_meta_description":[""],"_seo_meta_description":["field_652feec09308d"],"_seo_translation_link":["field_652feee79308e"],"seo_accordion_module_title":[""],"_seo_accordion_module_title":["field_652fef009308f"],"seo_accordion":[""],"_seo_accordion":["field_652fef4793091"],"secondary_content":[""],"_secondary_content":["field_6530028284790"],"social_facebook":[""],"_social_facebook":["field_652ff39070798"],"social_twitter":[""],"_social_twitter":["field_652ff3a470799"],"social_instagram":[""],"_social_instagram":["field_652ff3ca7079a"],"social_linkedin":[""],"_social_linkedin":["field_652ff3e57079b"],"social_website":[""],"_social_website":["field_652ff4227079c"],"zeus_id":[""],"_zeus_id":["field_652ff4537079d"],"team_announcement_tag":[""],"_team_announcement_tag":["field_65300222e2d0d"],"video_embed_code":[""],"_video_embed_code":["field_652fecffe1114"],"facebook_video_embed_code":[""],"_facebook_video_embed_code":["field_652fedfae1121"]},"coauthors":[209008581],"class_list":["post-114461","page","type-page","status-publish","format-standard","hentry"],"acf":[],"yoast_head":"<!-- This site is optimized with the Yoast SEO plugin v27.3 - https:\/\/yoast.com\/product\/yoast-seo-wordpress\/ -->\n<title>Politiques - \u00c9quipe Canada | Site officiel de l&#039;\u00e9quipe olympique<\/title>\n<meta name=\"robots\" content=\"index, follow, max-snippet:-1, max-image-preview:large, max-video-preview:-1\" \/>\n<link rel=\"canonical\" href=\"https:\/\/develop.olympic.ca\/olympique\/comite-olympique-canadien\/gouvernance\/politiques\/\" \/>\n<meta property=\"og:locale\" content=\"fr_FR\" \/>\n<meta property=\"og:type\" content=\"article\" \/>\n<meta property=\"og:title\" content=\"Politiques - \u00c9quipe Canada | Site officiel de l&#039;\u00e9quipe olympique\" \/>\n<meta property=\"og:description\" content=\"Conduite et d\u00e9nonciation Le Comit\u00e9 olympique canadien s\u2019attend \u00e0 ce que les personnes impliqu\u00e9es dans les activit\u00e9s du COC se...\" \/>\n<meta property=\"og:url\" content=\"https:\/\/develop.olympic.ca\/olympique\/comite-olympique-canadien\/gouvernance\/politiques\/\" \/>\n<meta property=\"og:site_name\" content=\"\u00c9quipe Canada | Site officiel de l&#039;\u00e9quipe olympique\" \/>\n<meta property=\"article:modified_time\" content=\"2024-04-08T15:53:58+00:00\" \/>\n<meta name=\"twitter:card\" content=\"summary_large_image\" \/>\n<meta name=\"twitter:label1\" content=\"Est. reading time\" \/>\n\t<meta name=\"twitter:data1\" content=\"3 minutes\" \/>\n\t<meta name=\"twitter:label2\" content=\"Written by\" \/>\n\t<meta name=\"twitter:data2\" content=\"Mark Nadolny\" \/>\n<script type=\"application\/ld+json\" class=\"yoast-schema-graph\">{\"@context\":\"https:\\\/\\\/schema.org\",\"@graph\":[{\"@type\":\"WebPage\",\"@id\":\"https:\\\/\\\/develop.olympic.ca\\\/olympique\\\/comite-olympique-canadien\\\/gouvernance\\\/politiques\\\/\",\"url\":\"https:\\\/\\\/develop.olympic.ca\\\/olympique\\\/comite-olympique-canadien\\\/gouvernance\\\/politiques\\\/\",\"name\":\"Politiques - \u00c9quipe Canada | Site officiel de l&#039;\u00e9quipe olympique\",\"isPartOf\":{\"@id\":\"https:\\\/\\\/develop.olympic.ca\\\/olympique\\\/#website\"},\"datePublished\":\"2016-04-22T21:40:21+00:00\",\"dateModified\":\"2024-04-08T15:53:58+00:00\",\"breadcrumb\":{\"@id\":\"https:\\\/\\\/develop.olympic.ca\\\/olympique\\\/comite-olympique-canadien\\\/gouvernance\\\/politiques\\\/#breadcrumb\"},\"inLanguage\":\"fr-FR\",\"potentialAction\":[{\"@type\":\"ReadAction\",\"target\":[\"https:\\\/\\\/develop.olympic.ca\\\/olympique\\\/comite-olympique-canadien\\\/gouvernance\\\/politiques\\\/\"]}]},{\"@type\":\"BreadcrumbList\",\"@id\":\"https:\\\/\\\/develop.olympic.ca\\\/olympique\\\/comite-olympique-canadien\\\/gouvernance\\\/politiques\\\/#breadcrumb\",\"itemListElement\":[{\"@type\":\"ListItem\",\"position\":1,\"name\":\"Aper\u00e7u du Comit\u00e9 olympique canadien\",\"item\":\"https:\\\/\\\/develop.olympic.ca\\\/olympique\\\/comite-olympique-canadien\\\/\"},{\"@type\":\"ListItem\",\"position\":2,\"name\":\"Gouvernance\",\"item\":\"https:\\\/\\\/develop.olympic.ca\\\/olympique\\\/comite-olympique-canadien\\\/gouvernance\\\/\"},{\"@type\":\"ListItem\",\"position\":3,\"name\":\"Politiques\"}]},{\"@type\":\"WebSite\",\"@id\":\"https:\\\/\\\/develop.olympic.ca\\\/olympique\\\/#website\",\"url\":\"https:\\\/\\\/develop.olympic.ca\\\/olympique\\\/\",\"name\":\"\u00c9quipe Canada | Site officiel de l&#039;\u00e9quipe olympique\",\"description\":\"Votre source pour l\u2019\u00c9quipe olympique canadienne. Retrouvez les r\u00e9cits, vid\u00e9os et photos des athl\u00e8tes canadiens, sports olympiques, Jeux olympiques de 2020 et bien plus!\",\"potentialAction\":[{\"@type\":\"SearchAction\",\"target\":{\"@type\":\"EntryPoint\",\"urlTemplate\":\"https:\\\/\\\/develop.olympic.ca\\\/olympique\\\/?s={search_term_string}\"},\"query-input\":{\"@type\":\"PropertyValueSpecification\",\"valueRequired\":true,\"valueName\":\"search_term_string\"}}],\"inLanguage\":\"fr-FR\"}]}<\/script>\n<!-- \/ Yoast SEO plugin. -->","yoast_head_json":{"title":"Politiques - \u00c9quipe Canada | Site officiel de l&#039;\u00e9quipe olympique","robots":{"index":"index","follow":"follow","max-snippet":"max-snippet:-1","max-image-preview":"max-image-preview:large","max-video-preview":"max-video-preview:-1"},"canonical":"https:\/\/develop.olympic.ca\/olympique\/comite-olympique-canadien\/gouvernance\/politiques\/","og_locale":"fr_FR","og_type":"article","og_title":"Politiques - \u00c9quipe Canada | Site officiel de l&#039;\u00e9quipe olympique","og_description":"Conduite et d\u00e9nonciation Le Comit\u00e9 olympique canadien s\u2019attend \u00e0 ce que les personnes impliqu\u00e9es dans les activit\u00e9s du COC se...","og_url":"https:\/\/develop.olympic.ca\/olympique\/comite-olympique-canadien\/gouvernance\/politiques\/","og_site_name":"\u00c9quipe Canada | Site officiel de l&#039;\u00e9quipe olympique","article_modified_time":"2024-04-08T15:53:58+00:00","twitter_card":"summary_large_image","twitter_misc":{"Est. reading time":"3 minutes","Written by":"Mark Nadolny"},"schema":{"@context":"https:\/\/schema.org","@graph":[{"@type":"WebPage","@id":"https:\/\/develop.olympic.ca\/olympique\/comite-olympique-canadien\/gouvernance\/politiques\/","url":"https:\/\/develop.olympic.ca\/olympique\/comite-olympique-canadien\/gouvernance\/politiques\/","name":"Politiques - \u00c9quipe Canada | Site officiel de l&#039;\u00e9quipe olympique","isPartOf":{"@id":"https:\/\/develop.olympic.ca\/olympique\/#website"},"datePublished":"2016-04-22T21:40:21+00:00","dateModified":"2024-04-08T15:53:58+00:00","breadcrumb":{"@id":"https:\/\/develop.olympic.ca\/olympique\/comite-olympique-canadien\/gouvernance\/politiques\/#breadcrumb"},"inLanguage":"fr-FR","potentialAction":[{"@type":"ReadAction","target":["https:\/\/develop.olympic.ca\/olympique\/comite-olympique-canadien\/gouvernance\/politiques\/"]}]},{"@type":"BreadcrumbList","@id":"https:\/\/develop.olympic.ca\/olympique\/comite-olympique-canadien\/gouvernance\/politiques\/#breadcrumb","itemListElement":[{"@type":"ListItem","position":1,"name":"Aper\u00e7u du Comit\u00e9 olympique canadien","item":"https:\/\/develop.olympic.ca\/olympique\/comite-olympique-canadien\/"},{"@type":"ListItem","position":2,"name":"Gouvernance","item":"https:\/\/develop.olympic.ca\/olympique\/comite-olympique-canadien\/gouvernance\/"},{"@type":"ListItem","position":3,"name":"Politiques"}]},{"@type":"WebSite","@id":"https:\/\/develop.olympic.ca\/olympique\/#website","url":"https:\/\/develop.olympic.ca\/olympique\/","name":"\u00c9quipe Canada | Site officiel de l&#039;\u00e9quipe olympique","description":"Votre source pour l\u2019\u00c9quipe olympique canadienne. Retrouvez les r\u00e9cits, vid\u00e9os et photos des athl\u00e8tes canadiens, sports olympiques, Jeux olympiques de 2020 et bien plus!","potentialAction":[{"@type":"SearchAction","target":{"@type":"EntryPoint","urlTemplate":"https:\/\/develop.olympic.ca\/olympique\/?s={search_term_string}"},"query-input":{"@type":"PropertyValueSpecification","valueRequired":true,"valueName":"search_term_string"}}],"inLanguage":"fr-FR"}]}},"jetpack_sharing_enabled":true,"jetpack-related-posts":[],"jetpack_shortlink":"https:\/\/wp.me\/PbmyEP-tM9","_links":{"self":[{"href":"https:\/\/develop.olympic.ca\/olympique\/wp-json\/wp\/v2\/pages\/114461","targetHints":{"allow":["GET"]}}],"collection":[{"href":"https:\/\/develop.olympic.ca\/olympique\/wp-json\/wp\/v2\/pages"}],"about":[{"href":"https:\/\/develop.olympic.ca\/olympique\/wp-json\/wp\/v2\/types\/page"}],"author":[{"embeddable":true,"href":"https:\/\/develop.olympic.ca\/olympique\/wp-json\/wp\/v2\/users\/52435436"}],"replies":[{"embeddable":true,"href":"https:\/\/develop.olympic.ca\/olympique\/wp-json\/wp\/v2\/comments?post=114461"}],"version-history":[{"count":26,"href":"https:\/\/develop.olympic.ca\/olympique\/wp-json\/wp\/v2\/pages\/114461\/revisions"}],"predecessor-version":[{"id":240545,"href":"https:\/\/develop.olympic.ca\/olympique\/wp-json\/wp\/v2\/pages\/114461\/revisions\/240545"}],"up":[{"embeddable":true,"href":"https:\/\/develop.olympic.ca\/olympique\/wp-json\/wp\/v2\/pages\/3114"}],"wp:attachment":[{"href":"https:\/\/develop.olympic.ca\/olympique\/wp-json\/wp\/v2\/media?parent=114461"}],"wp:term":[{"taxonomy":"author","embeddable":true,"href":"https:\/\/develop.olympic.ca\/olympique\/wp-json\/wp\/v2\/coauthors?post=114461"}],"curies":[{"name":"wp","href":"https:\/\/api.w.org\/{rel}","templated":true}]}}