{"id":131121,"date":"2017-10-02T17:14:16","date_gmt":"2017-10-02T21:14:16","guid":{"rendered":"http:\/\/develop.olympic.ca\/olympique\/?page_id=131121"},"modified":"2022-07-12T11:57:40","modified_gmt":"2022-07-12T15:57:40","slug":"photos-de-presse","status":"publish","type":"page","link":"https:\/\/develop.olympic.ca\/olympique\/photos-de-presse\/","title":{"rendered":"Photos de presse"},"content":{"rendered":"\n<div class=\"wp-block-group is-style-align-small\"><div class=\"wp-block-group__inner-container is-layout-flow wp-block-group-is-layout-flow\">\n<p class=\"wp-block-paragraph\">Une s\u00e9lection limit\u00e9e d\u2019images appartenant au COC est accessible \u00e0 des fins \u00e9ditoriales. Veuillez faire parvenir vos demandes \u00e0 <a href=\"mailto:communications@olympique.ca\">communications@olympique.ca<\/a>, indiquant l\u2019image que vous recherchez, ainsi que l\u2019endroit, le moment et la fa\u00e7on que vous comptez l\u2019utiliser. Veuillez noter que toutes les images sont sujettes \u00e0 ces <a href=\"https:\/\/develop.olympic.ca\/olympique\/presse\/conditions-dutilisation\/\">conditions d\u2019utilisation<\/a>.<\/p>\n\n\n\n<hr class=\"wp-block-separator has-css-opacity\"\/>\n<\/div><\/div>\n\n\n\n<h2 class=\"wp-block-heading\" id=\"nous-contacter\">Nous contacter<\/h2>\n\n\n\n<p class=\"wp-block-paragraph\"><strong>Question g\u00e9n\u00e9rale<\/strong><br><a href=\"mailto:communication@olympic.ca\">communications@olympic.ca<\/a><\/p>\n\n\n\n<p class=\"wp-block-paragraph\"><strong>Accr\u00e9ditation<\/strong><br><a href=\"mailto:accreditations@olympic.ca\">accreditations@olympic.ca<\/a><\/p>\n\n\n\n<div class=\"subscribe-block alignfull\">\n  <div class=\"grid-container\">\n    <div class=\"grid-x grid-padding-x\">\n      <div class=\"cell small-12\">\n        \n\n<h2 class=\"wp-block-heading\">S&rsquo;abonner<\/h2>\n\n\n\n<p class=\"wp-block-paragraph\"><\/p>\n\n\n          <div id=\"mc_embed_signup\">\n            <form action=\"https:\/\/olympic.us2.list-manage.com\/subscribe\/post?u=72a3efe505e35ebcfd5bb0c73&#038;id=2486048043\" method=\"post\" id=\"mc-embedded-subscribe-form\" name=\"mc-embedded-subscribe-form\" class=\"validate\" target=\"_blank\" novalidate>\n              <div id=\"mc_embed_signup_scroll\">\n                <div class=\"grid-x grid-padding-x\">\n                  <div class=\"cell small-12 medium-6\">\n                    <div class=\"mc-field-group\">\n                      <label for=\"mce-FNAME\" style=\"color: #ffffff\">\n                        Pr\u00e9nom                        <span>(requis)<\/span>\n                      <\/label>\n                      <input type=\"text\" value=\"\" name=\"FNAME\" class=\"required\" id=\"mce-FNAME\">\n                    <\/div>\n                  <\/div>\n                  <div class=\"cell small-12 medium-6\">\n                    <div class=\"mc-field-group\">\n                      <label for=\"mce-LNAME\" style=\"color: #ffffff\">\n                        Nom de famille                        <span>(requis)<\/span>\n                      <\/label>\n                      <input type=\"text\" value=\"\" name=\"LNAME\" class=\"required\" id=\"mce-LNAME\">\n                    <\/div>\n                  <\/div>\n                  <div class=\"cell small-12 medium-6\">\n                    <div class=\"mc-field-group\">\n                      <label for=\"mce-EMAIL\" style=\"color: #ffffff\">\n                        Courriel                        <span>(requis)<\/span>\n                      <\/label>\n                      <input type=\"email\" value=\"\" name=\"EMAIL\" class=\"required email\" id=\"mce-EMAIL\">\n                    <\/div>\n                  <\/div>\n                  <div class=\"cell small-12 medium-6\">\n                    <div class=\"mc-field-group\">\n                      <label for=\"mce-MMERGE3\" style=\"color: #ffffff\">\n                        Organization                        <span>(requis)<\/span>\n                      <\/label>\n                      <input type=\"text\" value=\"\" name=\"MMERGE3\" class=\"required\" id=\"mce-MMERGE3\">\n                    <\/div>\n                  <\/div>\n                <\/div>\n                <div id=\"mce-responses\" class=\"clear\">\n                  <div class=\"response\" id=\"mce-error-response\" style=\"display:none\"><\/div>\n                  <div class=\"response\" id=\"mce-success-response\" style=\"display:none\"><\/div>\n                <\/div>\n                <div style=\"position: absolute; left: -5000px;\" aria-hidden=\"true\"><input type=\"text\" name=\"b_72a3efe505e35ebcfd5bb0c73_2486048043\" tabindex=\"-1\" value=\"\"><\/div>\n                <div class=\"grid-x grid-padding-x\">\n                  <div class=\"cell small-12 text-center\">\n                    <input type=\"submit\" value=\"Soumettre\" name=\"subscribe\" id=\"mc-embedded-subscribe\" class=\"button\">\n                  <\/div>\n                <\/div>\n              <\/div>\n            <\/form>\n          <\/div>\n\n                <\/div>\n    <\/div>\n  <\/div>\n<\/div>\n\n\n\n<div class=\"wp-block-group\"><div class=\"wp-block-group__inner-container is-layout-flow wp-block-group-is-layout-flow\">\n<h2 class=\"wp-block-heading\" id=\"suivez-nous-sur-twitter\">Suivez-nous sur Twitter<\/h2>\n\n\n\n<div class=\"wp-block-buttons is-content-justification-center is-layout-flex wp-container-core-buttons-is-layout-fe48e5de wp-block-buttons-is-layout-flex\">\n<div class=\"wp-block-button is-style-has-twitter-icon\"><a class=\"wp-block-button__link\" href=\"https:\/\/twitter.com\/teamcanadapr\" target=\"_blank\" rel=\"noreferrer noopener\">SUIVEZ @TEAMCANADAPR<\/a><\/div>\n<\/div>\n<\/div><\/div>\n","protected":false},"excerpt":{"rendered":"<p>Une s\u00e9lection limit\u00e9e d\u2019images appartenant au COC est accessible \u00e0 des fins \u00e9ditoriales. Veuillez faire parvenir vos demandes \u00e0 communications@olympique.ca,&#8230;<\/p>\n","protected":false},"author":24524180,"featured_media":191960,"parent":0,"menu_order":0,"comment_status":"closed","ping_status":"closed","template":"","meta":{"_edit_lock":["1657641461:171683785"],"_edit_last":["171683785"],"_wp_page_template":["default"],"_publicize_pending":["1"],"jabber_published":["1506978857"],"_elasticsearch_indexed_on":["2017-10-02 21:14:20"],"coc_campaign_options":["a:4:{s:16:\"coc_campaign_tag\";s:0:\"\";s:15:\"coc_campaign_bg\";N;s:25:\"coc_campaign_bg_downloads\";a:0:{}s:20:\"coc_campaign_posters\";a:0:{}}"],"coc_team_options":["a:1:{s:15:\"coc_game_select\";i:130517;}"],"coc_oc_landing_options":["a:2:{s:17:\"coc_oc_landing_bg\";N;s:22:\"coc_oc_landing_stories\";a:0:{}}"],"coc_edit_profile_options":["a:1:{s:20:\"coc_favourite_sports\";a:0:{}}"],"coc_oc_reward_options":["a:13:{s:16:\"coc_oc_reward_id\";s:0:\"\";s:19:\"coc_oc_ac_reward_id\";s:0:\"\";s:20:\"coc_oc_reward_points\";s:0:\"\";s:19:\"coc_oc_reward_rules\";N;s:31:\"coc_oc_digital_download_desktop\";N;s:30:\"coc_oc_digital_download_mobile\";N;s:32:\"coc_oc_digital_download_facebook\";N;s:29:\"coc_oc_reward_success_message\";s:0:\"\";s:23:\"coc_oc_facebook_content\";s:0:\"\";s:22:\"coc_oc_twitter_content\";s:0:\"\";s:24:\"coc_oc_social_contest_id\";s:0:\"\";s:31:\"coc_oc_reward_logged_in_message\";s:0:\"\";s:32:\"coc_oc_reward_logged_out_message\";s:0:\"\";}"],"coc_press_options":["a:2:{s:28:\"coc_press_additional_content\";s:705:\"<h2>Photos de presse<\/h2>\n<p>Un nombre limit\u00e9 d'images en haute d\u00e9finition et libres de droits sont disponibles pour t\u00e9l\u00e9chargement sous r\u00e9serve des conditions suivantes :<\/p>\n<p>1. Le cr\u00e9dit est clairement attribu\u00e9 au photographe et au COC<br \/>\n2. Les photos sont uniquement utilis\u00e9es \u00e0 des fins \u00e9ditoriales<br \/>\n3. Les photos ne sont pas associ\u00e9es \u00e0 un partenaire corporatif<\/p>\n<p>Pour obtenir plus d'information, veuillez communiquer avec : <a href=\"mailto:communications@olympique.ca\">communications@olympique.ca<\/a> ou faites votre demande de photos ci-dessous<\/p>\n<p><a class=\"button\" href=\"https:\/\/images.olympic.ca\/\" target=\"_blank\" rel=\"noopener\">VISITEZ IMAGES.OLYMPIC.CA<\/a><\/p>\n\";s:27:\"coc_press_resource_category\";a:0:{}}"],"geo_public":["0"],"_x_multifield_seo_accordion":["a:1:{i:0;a:2:{s:19:\"seo_accordion_title\";s:0:\"\";s:25:\"seo_accordion_description\";s:0:\"\";}}"],"_g_feedback_shortcode":["[contact-field label=\"Pr\u00e9nom*\" type=\"text\" required=\"true\" \/][contact-field label=\"Nom*\" type=\"text\" required=\"true\" \/][contact-field label=\"Adresse de courriel*\" type=\"email\" required=\"true\" \/][contact-field label=\"Organisme*\" type=\"text\" required=\"true\" \/][contact-field label=\"Demande de photos*\" type=\"text\" required=\"true\" \/]"],"_thumbnail_id":["191960"],"seo_translation_link":["http:\/\/develop.olympic.ca\/press-photos\/"],"_g_feedback_shortcode_bdd83668ef27ac23df731acc36b9835da800e630":["[contact-field label=\"Pr\u00e9nom*\" type=\"text\" required=\"true\" \/][contact-field label=\"Nom*\" type=\"text\" required=\"true\" \/][contact-field label=\"Adresse de courriel*\" type=\"email\" required=\"true\" \/][contact-field label=\"Organisme*\" type=\"text\" required=\"true\" \/][contact-field label=\"Demande de photos*\" type=\"text\" required=\"true\" \/]"],"_g_feedback_shortcode_atts_bdd83668ef27ac23df731acc36b9835da800e630":["a:10:{s:2:\"to\";s:27:\"communications@olympique.ca\";s:7:\"subject\";s:17:\"Demande de photos\";s:12:\"show_subject\";s:2:\"no\";s:6:\"widget\";i:0;s:2:\"id\";i:131121;s:18:\"submit_button_text\";s:9:\"SOUMETTRE\";s:14:\"customThankyou\";s:0:\"\";s:21:\"customThankyouMessage\";s:30:\"Thank you for your submission!\";s:22:\"customThankyouRedirect\";s:0:\"\";s:10:\"jetpackCRM\";b:1;}"],"coc_sharing_options":["a:1:{s:18:\"coc_hide_share_bar\";b:0;}"],"coc_breaking_news_options":["a:1:{s:25:\"coc_breaking_news_details\";a:0:{}}"],"coc_be_olympic_options":["a:8:{s:37:\"coc_be_olympic_exclusive_content_link\";s:0:\"\";s:27:\"coc_be_olympic_videos_title\";s:0:\"\";s:21:\"coc_be_olympic_videos\";a:0:{}s:27:\"coc_be_olympic_photos_title\";s:0:\"\";s:21:\"coc_be_olympic_photos\";a:0:{}s:24:\"coc_be_olympic_downloads\";a:0:{}s:22:\"coc_be_olympic_quizzes\";a:0:{}s:26:\"coc_be_olympic_fan_fun_ads\";a:0:{}}"],"coc_fan_fun_options":["a:2:{s:23:\"coc_fan_fun_hammer_time\";a:2:{s:29:\"coc_fan_fun_hammer_time_image\";N;s:27:\"coc_fan_fun_hammer_time_url\";s:0:\"\";}s:22:\"coc_fan_fun_torch_dash\";a:2:{s:28:\"coc_fan_fun_torch_dash_image\";N;s:26:\"coc_fan_fun_torch_dash_url\";s:0:\"\";}}"],"coc_interactive_game_options":["a:3:{s:28:\"coc_interactive_game_message\";s:0:\"\";s:24:\"coc_interactive_game_url\";s:0:\"\";s:27:\"coc_interactive_game_iframe\";b:0;}"],"coc_olympic_club_options":["a:1:{s:12:\"redirect_url\";s:0:\"\";}"],"coc_favorites_options":["a:3:{s:13:\"content_types\";a:0:{}s:7:\"seasons\";a:0:{}s:4:\"gear\";a:0:{}}"],"coc_og_tags":["a:3:{s:8:\"og_title\";s:0:\"\";s:14:\"og_description\";s:0:\"\";s:8:\"og_image\";N;}"],"_g_feedback_shortcode_84f7213756440368acfc246ca4ac5d62d1d8fcb0":["[contact-field label=\"Pr\u00e9nom*\" type=\"text\" required=\"true\" \/][contact-field label=\"Nom*\" type=\"text\" required=\"true\" \/][contact-field label=\"Email Address*\" type=\"email\" required=\"true\" \/][contact-field label=\"Organization*\" type=\"text\" required=\"true\" \/][contact-field label=\"Photo Request*\" type=\"text\" required=\"true\" \/]"],"_g_feedback_shortcode_atts_84f7213756440368acfc246ca4ac5d62d1d8fcb0":["a:10:{s:2:\"to\";s:27:\"communications@olympique.ca\";s:7:\"subject\";s:17:\"Demande de photos\";s:12:\"show_subject\";s:2:\"no\";s:6:\"widget\";i:0;s:2:\"id\";i:131123;s:18:\"submit_button_text\";s:9:\"SOUMETTRE\";s:14:\"customThankyou\";s:0:\"\";s:21:\"customThankyouMessage\";s:30:\"Thank you for your submission!\";s:22:\"customThankyouRedirect\";s:0:\"\";s:10:\"jetpackCRM\";b:1;}"],"_last_editor_used_jetpack":["block-editor"],"coc_games":[""],"_coc_games":["field_5e83bf020f51f"],"coc_trivia":[""],"_coc_trivia":["field_5e83bacdec2aa"],"coc_education_options":["A"],"coc_page_options":["a:2:{s:14:\"show_crazy_egg\";b:0;s:30:\"coc_partner_takeover_ads_story\";a:5:{s:20:\"coc_ad_story_desktop\";N;s:26:\"coc_ad_story_desktop_label\";s:0:\"\";s:19:\"coc_ad_story_mobile\";N;s:25:\"coc_ad_story_mobile_label\";s:0:\"\";s:16:\"coc_ad_story_url\";s:0:\"\";}}"],"coc_donor_video_options":["a:1:{s:21:\"donor_featured_videos\";a:0:{}}"],"coc_about_video_options":["a:1:{s:11:\"about_video\";a:3:{s:21:\"coc_about_video_title\";s:0:\"\";s:20:\"coc_about_video_text\";s:0:\"\";s:21:\"coc_about_youtube_url\";s:0:\"\";}}"],"coc_about_image_options":["a:1:{s:11:\"about_image\";a:3:{s:21:\"coc_about_image_title\";s:0:\"\";s:20:\"coc_about_image_text\";s:0:\"\";s:19:\"coc_about_image_url\";N;}}"],"coc_giving_options":["a:1:{s:14:\"giving_options\";a:0:{}}"],"coc_homepage_video_options":["a:1:{s:13:\"video_options\";a:1:{s:18:\"coc_homepage_video\";s:0:\"\";}}"],"coc_homepage_priorities":["a:1:{s:16:\"priority_options\";a:0:{}}"],"coc_homepage_campaign_options":["a:1:{s:16:\"campaign_options\";a:3:{s:24:\"coc_campaign_video_title\";s:0:\"\";s:23:\"coc_campaign_video_text\";s:0:\"\";s:24:\"coc_campaign_youtube_url\";s:0:\"\";}}"],"hof_selected_committee":["a:1:{s:11:\"hof_members\";a:0:{}}"],"hof_partners_options":["a:1:{s:12:\"hof_partners\";a:0:{}}"],"hof_search_excerpt":["a:1:{s:18:\"coc_search_excerpt\";s:0:\"\";}"],"_yoast_wpseo_content_score":["90"],"_yoast_wpseo_estimated-reading-time-minutes":["1"]},"coauthors":[187829914],"class_list":["post-131121","page","type-page","status-publish","format-standard","has-post-thumbnail","hentry"],"acf":[],"yoast_head":"<!-- This site is optimized with the Yoast SEO plugin v27.3 - https:\/\/yoast.com\/product\/yoast-seo-wordpress\/ -->\n<title>Photos de presse - \u00c9quipe Canada | Site officiel de l&#039;\u00e9quipe olympique<\/title>\n<meta name=\"robots\" content=\"index, follow, max-snippet:-1, max-image-preview:large, max-video-preview:-1\" \/>\n<link rel=\"canonical\" href=\"https:\/\/develop.olympic.ca\/olympique\/photos-de-presse\/\" \/>\n<meta property=\"og:locale\" content=\"fr_FR\" \/>\n<meta property=\"og:type\" content=\"article\" \/>\n<meta property=\"og:title\" content=\"Photos de presse - \u00c9quipe Canada | Site officiel de l&#039;\u00e9quipe olympique\" \/>\n<meta property=\"og:description\" content=\"Une s\u00e9lection limit\u00e9e d\u2019images appartenant au COC est accessible \u00e0 des fins \u00e9ditoriales. Veuillez faire parvenir vos demandes \u00e0 communications@olympique.ca,...\" \/>\n<meta property=\"og:url\" content=\"https:\/\/develop.olympic.ca\/olympique\/photos-de-presse\/\" \/>\n<meta property=\"og:site_name\" content=\"\u00c9quipe Canada | Site officiel de l&#039;\u00e9quipe olympique\" \/>\n<meta property=\"article:modified_time\" content=\"2022-07-12T15:57:40+00:00\" \/>\n<meta name=\"twitter:card\" content=\"summary_large_image\" \/>\n<meta name=\"twitter:image\" content=\"https:\/\/develop.olympic.ca\/olympique\/wp-content\/uploads\/sites\/2\/2021\/10\/MicrosoftTeams-image.jpg?quality=100\" \/>\n<meta name=\"twitter:label1\" content=\"Est. reading time\" \/>\n\t<meta name=\"twitter:data1\" content=\"1 minute\" \/>\n\t<meta name=\"twitter:label2\" content=\"Written by\" \/>\n\t<meta name=\"twitter:data2\" content=\"Anthony Moore\" \/>\n<script type=\"application\/ld+json\" class=\"yoast-schema-graph\">{\"@context\":\"https:\\\/\\\/schema.org\",\"@graph\":[{\"@type\":\"WebPage\",\"@id\":\"https:\\\/\\\/develop.olympic.ca\\\/olympique\\\/photos-de-presse\\\/\",\"url\":\"https:\\\/\\\/develop.olympic.ca\\\/olympique\\\/photos-de-presse\\\/\",\"name\":\"Photos de presse - \u00c9quipe Canada | Site officiel de l&#039;\u00e9quipe olympique\",\"isPartOf\":{\"@id\":\"https:\\\/\\\/develop.olympic.ca\\\/olympique\\\/#website\"},\"primaryImageOfPage\":{\"@id\":\"https:\\\/\\\/develop.olympic.ca\\\/olympique\\\/photos-de-presse\\\/#primaryimage\"},\"image\":{\"@id\":\"https:\\\/\\\/develop.olympic.ca\\\/olympique\\\/photos-de-presse\\\/#primaryimage\"},\"thumbnailUrl\":\"https:\\\/\\\/develop.olympic.ca\\\/olympique\\\/wp-content\\\/uploads\\\/sites\\\/2\\\/2021\\\/10\\\/MicrosoftTeams-image.jpg?quality=100\",\"datePublished\":\"2017-10-02T21:14:16+00:00\",\"dateModified\":\"2022-07-12T15:57:40+00:00\",\"inLanguage\":\"fr-FR\",\"potentialAction\":[{\"@type\":\"ReadAction\",\"target\":[\"https:\\\/\\\/develop.olympic.ca\\\/olympique\\\/photos-de-presse\\\/\"]}]},{\"@type\":\"ImageObject\",\"inLanguage\":\"fr-FR\",\"@id\":\"https:\\\/\\\/develop.olympic.ca\\\/olympique\\\/photos-de-presse\\\/#primaryimage\",\"url\":\"https:\\\/\\\/develop.olympic.ca\\\/olympique\\\/wp-content\\\/uploads\\\/sites\\\/2\\\/2021\\\/10\\\/MicrosoftTeams-image.jpg?quality=100\",\"contentUrl\":\"https:\\\/\\\/develop.olympic.ca\\\/olympique\\\/wp-content\\\/uploads\\\/sites\\\/2\\\/2021\\\/10\\\/MicrosoftTeams-image.jpg?quality=100\",\"width\":1920,\"height\":1080},{\"@type\":\"WebSite\",\"@id\":\"https:\\\/\\\/develop.olympic.ca\\\/olympique\\\/#website\",\"url\":\"https:\\\/\\\/develop.olympic.ca\\\/olympique\\\/\",\"name\":\"\u00c9quipe Canada | Site officiel de l&#039;\u00e9quipe olympique\",\"description\":\"Votre source pour l\u2019\u00c9quipe olympique canadienne. Retrouvez les r\u00e9cits, vid\u00e9os et photos des athl\u00e8tes canadiens, sports olympiques, Jeux olympiques de 2020 et bien plus!\",\"potentialAction\":[{\"@type\":\"SearchAction\",\"target\":{\"@type\":\"EntryPoint\",\"urlTemplate\":\"https:\\\/\\\/develop.olympic.ca\\\/olympique\\\/?s={search_term_string}\"},\"query-input\":{\"@type\":\"PropertyValueSpecification\",\"valueRequired\":true,\"valueName\":\"search_term_string\"}}],\"inLanguage\":\"fr-FR\"}]}<\/script>\n<!-- \/ Yoast SEO plugin. -->","yoast_head_json":{"title":"Photos de presse - \u00c9quipe Canada | Site officiel de l&#039;\u00e9quipe olympique","robots":{"index":"index","follow":"follow","max-snippet":"max-snippet:-1","max-image-preview":"max-image-preview:large","max-video-preview":"max-video-preview:-1"},"canonical":"https:\/\/develop.olympic.ca\/olympique\/photos-de-presse\/","og_locale":"fr_FR","og_type":"article","og_title":"Photos de presse - \u00c9quipe Canada | Site officiel de l&#039;\u00e9quipe olympique","og_description":"Une s\u00e9lection limit\u00e9e d\u2019images appartenant au COC est accessible \u00e0 des fins \u00e9ditoriales. Veuillez faire parvenir vos demandes \u00e0 communications@olympique.ca,...","og_url":"https:\/\/develop.olympic.ca\/olympique\/photos-de-presse\/","og_site_name":"\u00c9quipe Canada | Site officiel de l&#039;\u00e9quipe olympique","article_modified_time":"2022-07-12T15:57:40+00:00","twitter_card":"summary_large_image","twitter_image":"https:\/\/develop.olympic.ca\/olympique\/wp-content\/uploads\/sites\/2\/2021\/10\/MicrosoftTeams-image.jpg?quality=100","twitter_misc":{"Est. reading time":"1 minute","Written by":"Anthony Moore"},"schema":{"@context":"https:\/\/schema.org","@graph":[{"@type":"WebPage","@id":"https:\/\/develop.olympic.ca\/olympique\/photos-de-presse\/","url":"https:\/\/develop.olympic.ca\/olympique\/photos-de-presse\/","name":"Photos de presse - \u00c9quipe Canada | Site officiel de l&#039;\u00e9quipe olympique","isPartOf":{"@id":"https:\/\/develop.olympic.ca\/olympique\/#website"},"primaryImageOfPage":{"@id":"https:\/\/develop.olympic.ca\/olympique\/photos-de-presse\/#primaryimage"},"image":{"@id":"https:\/\/develop.olympic.ca\/olympique\/photos-de-presse\/#primaryimage"},"thumbnailUrl":"https:\/\/develop.olympic.ca\/olympique\/wp-content\/uploads\/sites\/2\/2021\/10\/MicrosoftTeams-image.jpg?quality=100","datePublished":"2017-10-02T21:14:16+00:00","dateModified":"2022-07-12T15:57:40+00:00","inLanguage":"fr-FR","potentialAction":[{"@type":"ReadAction","target":["https:\/\/develop.olympic.ca\/olympique\/photos-de-presse\/"]}]},{"@type":"ImageObject","inLanguage":"fr-FR","@id":"https:\/\/develop.olympic.ca\/olympique\/photos-de-presse\/#primaryimage","url":"https:\/\/develop.olympic.ca\/olympique\/wp-content\/uploads\/sites\/2\/2021\/10\/MicrosoftTeams-image.jpg?quality=100","contentUrl":"https:\/\/develop.olympic.ca\/olympique\/wp-content\/uploads\/sites\/2\/2021\/10\/MicrosoftTeams-image.jpg?quality=100","width":1920,"height":1080},{"@type":"WebSite","@id":"https:\/\/develop.olympic.ca\/olympique\/#website","url":"https:\/\/develop.olympic.ca\/olympique\/","name":"\u00c9quipe Canada | Site officiel de l&#039;\u00e9quipe olympique","description":"Votre source pour l\u2019\u00c9quipe olympique canadienne. Retrouvez les r\u00e9cits, vid\u00e9os et photos des athl\u00e8tes canadiens, sports olympiques, Jeux olympiques de 2020 et bien plus!","potentialAction":[{"@type":"SearchAction","target":{"@type":"EntryPoint","urlTemplate":"https:\/\/develop.olympic.ca\/olympique\/?s={search_term_string}"},"query-input":{"@type":"PropertyValueSpecification","valueRequired":true,"valueName":"search_term_string"}}],"inLanguage":"fr-FR"}]}},"jetpack_sharing_enabled":true,"jetpack-related-posts":[],"jetpack_shortlink":"https:\/\/wp.me\/PbmyEP-y6R","_links":{"self":[{"href":"https:\/\/develop.olympic.ca\/olympique\/wp-json\/wp\/v2\/pages\/131121","targetHints":{"allow":["GET"]}}],"collection":[{"href":"https:\/\/develop.olympic.ca\/olympique\/wp-json\/wp\/v2\/pages"}],"about":[{"href":"https:\/\/develop.olympic.ca\/olympique\/wp-json\/wp\/v2\/types\/page"}],"author":[{"embeddable":true,"href":"https:\/\/develop.olympic.ca\/olympique\/wp-json\/wp\/v2\/users\/24524180"}],"replies":[{"embeddable":true,"href":"https:\/\/develop.olympic.ca\/olympique\/wp-json\/wp\/v2\/comments?post=131121"}],"version-history":[{"count":11,"href":"https:\/\/develop.olympic.ca\/olympique\/wp-json\/wp\/v2\/pages\/131121\/revisions"}],"predecessor-version":[{"id":210613,"href":"https:\/\/develop.olympic.ca\/olympique\/wp-json\/wp\/v2\/pages\/131121\/revisions\/210613"}],"wp:featuredmedia":[{"embeddable":true,"href":"https:\/\/develop.olympic.ca\/olympique\/wp-json\/wp\/v2\/media\/191960"}],"wp:attachment":[{"href":"https:\/\/develop.olympic.ca\/olympique\/wp-json\/wp\/v2\/media?parent=131121"}],"wp:term":[{"taxonomy":"author","embeddable":true,"href":"https:\/\/develop.olympic.ca\/olympique\/wp-json\/wp\/v2\/coauthors?post=131121"}],"curies":[{"name":"wp","href":"https:\/\/api.w.org\/{rel}","templated":true}]}}