{"id":132512,"date":"2017-11-21T17:19:02","date_gmt":"2017-11-21T22:19:02","guid":{"rendered":"http:\/\/develop.olympic.ca\/olympique\/?page_id=132512"},"modified":"2018-01-03T14:05:37","modified_gmt":"2018-01-03T19:05:37","slug":"aurevoir","status":"publish","type":"page","link":"https:\/\/develop.olympic.ca\/olympique\/aurevoir\/","title":{"rendered":"Party de d\u00e9part Molson Canadian pour l\u2019\u00e9quipe"},"content":{"rendered":"<h2 class=\"lead\"><a href=\"http:\/\/develop.olympic.ca\/olympique\/games\/2018-pyeongchang\/\">PyeongChang\u00a02018<\/a> approche \u00e0 grands pas et, pour c\u00e9l\u00e9brer, nous dirons Au revoir! aux athl\u00e8tes d\u2019\u00c9quipe Canada avec style lors du party de d\u00e9part Molson Canadian pour l\u2019\u00e9quipe olympique canadienne.<\/h2>\n<p>Avec des artistes canadiens qui joueront sur la sc\u00e8ne principale, des activations sportives et une ambiance Molson Canadian, nous nous sommes assur\u00e9s que les athl\u00e8tes d\u2019\u00c9quipe Canada ne manqueront pas d\u2019enthousiasme le 6 janvier. L\u2019\u00e9v\u00e9nement aura lieu au Big White Ski Resort \u00e0 Kelowna, en Colombie-Britannique, et sera gratuit au public. Le Club olympique canadien offre \u00e9galement un voyage d\u2019un week-end au party de d\u00e9part pour deux partisans chanceux.<\/p>\n<p>Int\u00e9ress\u00e9? Voici ce que vous devez savoir au sujet du party de d\u00e9part Molson Canadian pour l\u2019\u00e9quipe olympique canadienne.<\/p>\n<h2>Les athl\u00e8tes<\/h2>\n<p>Alors que plusieurs des meilleurs athl\u00e8tes d\u2019hiver du pays seront aux quatre coins du globe pour tenter de mettre leur main sur une qualification pour les Jeux, certains espoirs de PyeongChang\u00a02018 seront sur place pour que nous puissions leur dire Au revoir! en personne. Les partisans d\u2019\u00c9quipe Canada auront l\u2019occasion d\u2019interagir avec les athl\u00e8tes, dont des champions olympiques de Vancouver 2010 et les membres des \u00e9quipes de curling qui repr\u00e9senteront le pays en Cor\u00e9e lors des s\u00e9ances de rencontres organis\u00e9es.<\/p>\n<p>Voici les espoirs de PyeongChang 2018 qui ont confirm\u00e9 leur pr\u00e9sence :<\/p>\n<p><a href=\"http:\/\/develop.olympic.ca\/olympique\/team-canada\/kevin-hill\/\">Kevin Hill<\/a> &#8211; Snowboard cross<br \/>\nMeryeta O&rsquo;Dine &#8211; Snowboard cross<br \/>\nTess Critchlow &#8211; Snowboard cross<br \/>\n<a href=\"http:\/\/develop.olympic.ca\/olympique\/team-canada\/rachel-homan\/\">Rachel Homan<\/a> &#8211; Curling<br \/>\n<a href=\"http:\/\/develop.olympic.ca\/olympique\/team-canada\/joanne-courtney\/\">Joanne Courtney<\/a> &#8211; Curling<br \/>\n<a href=\"http:\/\/develop.olympic.ca\/olympique\/team-canada\/emma-miskew\/\">Emma Miskew<\/a> &#8211; Curling<br \/>\n<a href=\"http:\/\/develop.olympic.ca\/olympique\/team-canada\/lisa-weagle\/\">Lisa Weagle<\/a> &#8211; Curling<br \/>\n<a href=\"http:\/\/develop.olympic.ca\/olympique\/team-canada\/ben-hebert\/\">Ben Hebert<\/a> &#8211; Curling<br \/>\nScott Pfeifer &#8211; Curling<\/p>\n<p>Et les olympiens d&rsquo;\u00c9quipe Canada :<br \/>\n<a href=\"http:\/\/develop.olympic.ca\/olympique\/team-canada\/jeffrey-christie\/\">Jeff Christie<\/a> &#8211; Luge<br \/>\n<a href=\"http:\/\/develop.olympic.ca\/olympique\/team-canada\/arianne-jones\/\">Arianne Jones<\/a> &#8211; Luge<br \/>\n<a href=\"http:\/\/develop.olympic.ca\/olympique\/team-canada\/elise-marcotte\/\">\u00c9lise Marcotte<\/a> &#8211; Nage Synchronis\u00e9e<br \/>\n<a href=\"http:\/\/develop.olympic.ca\/olympique\/team-canada\/maelle-ricker\/\">Ma\u00eblle Ricker<\/a> &#8211; Snowboard<br \/>\n<a href=\"http:\/\/develop.olympic.ca\/olympique\/team-canada\/joshua-riker-fox\/\">Joshua Riker-Fox<\/a> &#8211; Pentathlon moderne<br \/>\n<a href=\"http:\/\/develop.olympic.ca\/olympique\/team-canada\/brittany-rogers\/\">Brittany Rogers<\/a> &#8211; Gymnastique artistique<br \/>\n<a href=\"http:\/\/develop.olympic.ca\/olympique\/team-canada\/erica-wiebe\/\">Erica Wiebe<\/a> &#8211; Lutte<br \/>\n<a href=\"http:\/\/develop.olympic.ca\/olympique\/team-canada\/isabelle-charest\/\">Isabelle Charest<\/a> &#8211; Patinage de vitesse courte piste<br \/>\n<a href=\"http:\/\/develop.olympic.ca\/olympique\/team-canada\/julien-bahain\/\">Julien Bahain<\/a> &#8211; Aviron<br \/>\n<a href=\"http:\/\/develop.olympic.ca\/olympique\/team-canada\/gregory-edgelow\/\">Greg Edgelow<\/a> &#8211; Lutte<br \/>\n<a href=\"http:\/\/develop.olympic.ca\/olympique\/team-canada\/sandra-jenkins\/\">Sandra Jenkins<\/a> &#8211; Curling<\/p>\n<h2>Invit\u00e9s musicaux<\/h2>\n<p>En plus d\u2019avoir un aper\u00e7u des athl\u00e8tes qui repr\u00e9senteront le pays cet hiver, les partisans auront droit \u00e0 des performances musicales d\u2019artistes canadiens, question de mettre de l\u2019ambiance \u00e0 ce party jusqu\u2019\u00e0 tard le soir. Et quand on parle de faire lever le party, le groupe\u00a0<strong>July Talk<\/strong> gagnant de trois prix Juno est un expert en la mati\u00e8re!<\/p>\n<h2>Emplacement<\/h2>\n<p>Peu de choses symbolisent l\u2019hiver autant qu\u2019une piste de ski enneig\u00e9e, ce qui fait du Big White Ski Resort, situ\u00e9 \u00e0 seulement 60 minutes de Kelowna, l\u2019endroit id\u00e9al pour le party de d\u00e9part Molson Canadian pour l\u2019\u00e9quipe olympique canadienne.<\/p>\n<h2>Horaire<\/h2>\n<p class=\"p1\"><span class=\"s1\"><strong>12 H 00<\/strong><br \/>\n<\/span><span class=\"s1\">OUVERTURE DE LA F\u00caTE DE D\u00c9PART MOLSON CANADIAN POUR L&rsquo;\u00c9QUIPE OLYMPIQUE<\/span><\/p>\n<p class=\"p1\"><span class=\"s1\"><strong>14 H 45<\/strong><br \/>\n<\/span><span class=\"s1\">MUSIQUE : JON BOS BAND<\/span><\/p>\n<p class=\"p1\"><span class=\"s1\"><strong>15 H 30<\/strong><br \/>\n<\/span><span class=\"s1\">C\u00c9R\u00c9MONIE D&rsquo;OUVERTURE EN COMPAGNIE DE CRAIG MCMORRIS ET KELLY VANDERBEEK<br \/>\n<\/span><span class=\"s1\">PR\u00c9SENTATION ET D\u00c9FIL\u00c9 DES ATHL\u00c8TES<br \/>\n<\/span><span class=\"s1\">HYMNE NATIONAL INTERPR\u00c9T\u00c9 PAR LA COMMUNAUT\u00c9 DE KELOWNA<br \/>\n<\/span><span class=\"s1\">MOLSON CANADIAN &#8211; TOAST \u00c0 LA VICTOIRE<br \/>\n<\/span><\/p>\n<p class=\"p1\"><span class=\"s1\">\u00a0<\/span><span class=\"s1\"><strong>16 H 00<\/strong><br \/>\n<\/span><span class=\"s1\">SPECTACLE DE DUSTIN BENTALL<br \/>\n<\/span><\/p>\n<p class=\"p1\"><span class=\"s1\"><strong>17 H 30<\/strong><br \/>\n<\/span><span class=\"s1\">SPECTACLE DE JULY TALK<br \/>\n<\/span><\/p>\n<p class=\"p1\"><strong><span class=\"s1\">\u00a0<\/span><\/strong><span class=\"s1\"><strong>18 H 30<\/strong><br \/>\n<\/span><span class=\"s1\">FEU D&rsquo;ARTIFICE \/ SPECTACLE LASER<\/span><\/p>\n<p class=\"p1\"><strong><span class=\"s1\">\u00a0<\/span><\/strong><span class=\"s1\"><strong>19 H 00<\/strong><br \/>\n<\/span><span class=\"s1\">CL\u00d4TURE DE LA F\u00caTE DE D\u00c9PART MOLSON CANADIAN POUR L&rsquo;\u00c9QUIPE OLYMPIQUE<\/span><\/p>\n<h2>Concours<\/h2>\n<p>Voici ce que les gagnants du concours recevront\u00a0:<\/p>\n<ul>\n<li>Deux nuit\u00e9es d\u2019h\u00e9bergement<\/li>\n<li>Vols de n\u2019importe o\u00f9 au Canada jusqu\u2019\u00e0 Kelowna<\/li>\n<li>Transport de Kelowna \u00e0 Big White Ski Resort<\/li>\n<li>Argent de poche (carte VISA pr\u00e9pay\u00e9e de 500\u00a0$)<\/li>\n<li>Rencontre organis\u00e9e avec les invit\u00e9s musicaux et les membres d\u2019\u00c9quipe Canada<\/li>\n<li>Les billets de remont\u00e9e pour deux jours \u00e0 Big White, de sorte que vous puissiez d\u00e9valer les pistes.<\/li>\n<\/ul>\n<p style=\"text-align:center;\"><em>* Ce concours est termin\u00e9, mais les partisans peuvent se joindre au <a href=\"http:\/\/develop.olympic.ca\/olympique\/club-olympique\/\">Club olympique canadien<\/a> pour conna\u00eetre les derni\u00e8res r\u00e9compenses.<\/em><\/p>\n<p>Suivez les <a href=\"http:\/\/develop.olympic.ca\/olympique\/medias-sociaux\/\">plateformes sociales d\u2019\u00c9quipe Canada<\/a> pour plus de d\u00e9tails sur le party de d\u00e9part Molson Canadian pour l\u2019\u00e9quipe olympique canadienne, alors que nous nous rapprochons de du grand moment o\u00f9 les athl\u00e8tes marcheront lors de la c\u00e9r\u00e9monie d\u2019ouverture de PyeongChang\u00a02018.<\/p>\n","protected":false},"excerpt":{"rendered":"<p>PyeongChang\u00a02018 approche \u00e0 grands pas et, pour c\u00e9l\u00e9brer, nous dirons Au revoir! aux athl\u00e8tes d\u2019\u00c9quipe Canada avec style lors du&#8230;<\/p>\n","protected":false},"author":96107080,"featured_media":132514,"parent":0,"menu_order":0,"comment_status":"closed","ping_status":"closed","template":"","meta":{"_edit_lock":["1515008660:96107080"],"_edit_last":["96107080"],"_wp_page_template":["default"],"coc_sharing_options":["a:1:{s:18:\"coc_hide_share_bar\";b:0;}"],"coc_campaign_options":["a:4:{s:16:\"coc_campaign_tag\";s:0:\"\";s:15:\"coc_campaign_bg\";N;s:25:\"coc_campaign_bg_downloads\";a:0:{}s:20:\"coc_campaign_posters\";a:0:{}}"],"coc_team_options":["a:1:{s:15:\"coc_game_select\";i:130517;}"],"coc_oc_landing_options":["a:2:{s:17:\"coc_oc_landing_bg\";N;s:22:\"coc_oc_landing_stories\";a:0:{}}"],"coc_edit_profile_options":["a:1:{s:20:\"coc_favourite_sports\";a:0:{}}"],"coc_oc_reward_options":["a:9:{s:16:\"coc_oc_reward_id\";s:0:\"\";s:20:\"coc_oc_reward_points\";s:0:\"\";s:19:\"coc_oc_reward_rules\";N;s:31:\"coc_oc_digital_download_desktop\";N;s:30:\"coc_oc_digital_download_mobile\";N;s:32:\"coc_oc_digital_download_facebook\";N;s:29:\"coc_oc_reward_success_message\";s:0:\"\";s:23:\"coc_oc_facebook_content\";s:0:\"\";s:22:\"coc_oc_twitter_content\";s:0:\"\";}"],"coc_press_options":["a:2:{s:28:\"coc_press_additional_content\";s:0:\"\";s:27:\"coc_press_resource_category\";a:0:{}}"],"coc_breaking_news_options":["a:1:{s:25:\"coc_breaking_news_details\";a:0:{}}"],"geo_public":["0"],"_x_multifield_seo_accordion":["a:1:{i:0;a:2:{s:19:\"seo_accordion_title\";s:0:\"\";s:25:\"seo_accordion_description\";s:0:\"\";}}"],"_thumbnail_id":["132514"],"seo_translation_link":["https:\/\/wp.me\/P3DwEw-F4D"],"_publicize_pending":["1"],"jabber_published":["1511302743"],"_elasticsearch_indexed_on":["2017-11-21 22:19:05"],"_akismet_post_spam":["0"],"_is_empty_after_transformation":["yes"]},"coauthors":[209272438],"class_list":["post-132512","page","type-page","status-publish","format-standard","has-post-thumbnail","hentry"],"acf":[],"yoast_head":"<!-- This site is optimized with the Yoast SEO plugin v27.3 - https:\/\/yoast.com\/product\/yoast-seo-wordpress\/ -->\n<title>Party de d\u00e9part Molson Canadian pour l\u2019\u00e9quipe - \u00c9quipe Canada | Site officiel de l&#039;\u00e9quipe olympique<\/title>\n<meta name=\"robots\" content=\"index, follow, max-snippet:-1, max-image-preview:large, max-video-preview:-1\" \/>\n<link rel=\"canonical\" href=\"https:\/\/develop.olympic.ca\/olympique\/aurevoir\/\" \/>\n<meta property=\"og:locale\" content=\"fr_FR\" \/>\n<meta property=\"og:type\" content=\"article\" \/>\n<meta property=\"og:title\" content=\"Party de d\u00e9part Molson Canadian pour l\u2019\u00e9quipe - \u00c9quipe Canada | Site officiel de l&#039;\u00e9quipe olympique\" \/>\n<meta property=\"og:description\" content=\"PyeongChang\u00a02018 approche \u00e0 grands pas et, pour c\u00e9l\u00e9brer, nous dirons Au revoir! aux athl\u00e8tes d\u2019\u00c9quipe Canada avec style lors du...\" \/>\n<meta property=\"og:url\" content=\"https:\/\/develop.olympic.ca\/olympique\/aurevoir\/\" \/>\n<meta property=\"og:site_name\" content=\"\u00c9quipe Canada | Site officiel de l&#039;\u00e9quipe olympique\" \/>\n<meta property=\"article:modified_time\" content=\"2018-01-03T19:05:37+00:00\" \/>\n<meta property=\"og:image\" content=\"https:\/\/develop.olympic.ca\/olympique\/wp-content\/uploads\/sites\/2\/2017\/11\/pye-send-off-2-hor-fr-no-contest-v21.jpg?quality=100\" \/>\n\t<meta property=\"og:image:width\" content=\"1340\" \/>\n\t<meta property=\"og:image:height\" content=\"754\" \/>\n\t<meta property=\"og:image:type\" content=\"image\/jpeg\" \/>\n<meta name=\"twitter:card\" content=\"summary_large_image\" \/>\n<meta name=\"twitter:label1\" content=\"Est. reading time\" \/>\n\t<meta name=\"twitter:data1\" content=\"3 minutes\" \/>\n\t<meta name=\"twitter:label2\" content=\"Written by\" \/>\n\t<meta name=\"twitter:data2\" content=\"Ariane Desrosiers\" \/>\n<script type=\"application\/ld+json\" class=\"yoast-schema-graph\">{\"@context\":\"https:\\\/\\\/schema.org\",\"@graph\":[{\"@type\":\"WebPage\",\"@id\":\"https:\\\/\\\/develop.olympic.ca\\\/olympique\\\/aurevoir\\\/\",\"url\":\"https:\\\/\\\/develop.olympic.ca\\\/olympique\\\/aurevoir\\\/\",\"name\":\"Party de d\u00e9part Molson Canadian pour l\u2019\u00e9quipe - \u00c9quipe Canada | Site officiel de l&#039;\u00e9quipe olympique\",\"isPartOf\":{\"@id\":\"https:\\\/\\\/develop.olympic.ca\\\/olympique\\\/#website\"},\"primaryImageOfPage\":{\"@id\":\"https:\\\/\\\/develop.olympic.ca\\\/olympique\\\/aurevoir\\\/#primaryimage\"},\"image\":{\"@id\":\"https:\\\/\\\/develop.olympic.ca\\\/olympique\\\/aurevoir\\\/#primaryimage\"},\"thumbnailUrl\":\"https:\\\/\\\/develop.olympic.ca\\\/olympique\\\/wp-content\\\/uploads\\\/sites\\\/2\\\/2017\\\/11\\\/pye-send-off-2-hor-fr-no-contest-v21.jpg?quality=100\",\"datePublished\":\"2017-11-21T22:19:02+00:00\",\"dateModified\":\"2018-01-03T19:05:37+00:00\",\"inLanguage\":\"fr-FR\",\"potentialAction\":[{\"@type\":\"ReadAction\",\"target\":[\"https:\\\/\\\/develop.olympic.ca\\\/olympique\\\/aurevoir\\\/\"]}]},{\"@type\":\"ImageObject\",\"inLanguage\":\"fr-FR\",\"@id\":\"https:\\\/\\\/develop.olympic.ca\\\/olympique\\\/aurevoir\\\/#primaryimage\",\"url\":\"https:\\\/\\\/develop.olympic.ca\\\/olympique\\\/wp-content\\\/uploads\\\/sites\\\/2\\\/2017\\\/11\\\/pye-send-off-2-hor-fr-no-contest-v21.jpg?quality=100\",\"contentUrl\":\"https:\\\/\\\/develop.olympic.ca\\\/olympique\\\/wp-content\\\/uploads\\\/sites\\\/2\\\/2017\\\/11\\\/pye-send-off-2-hor-fr-no-contest-v21.jpg?quality=100\",\"width\":1340,\"height\":754},{\"@type\":\"WebSite\",\"@id\":\"https:\\\/\\\/develop.olympic.ca\\\/olympique\\\/#website\",\"url\":\"https:\\\/\\\/develop.olympic.ca\\\/olympique\\\/\",\"name\":\"\u00c9quipe Canada | Site officiel de l&#039;\u00e9quipe olympique\",\"description\":\"Votre source pour l\u2019\u00c9quipe olympique canadienne. Retrouvez les r\u00e9cits, vid\u00e9os et photos des athl\u00e8tes canadiens, sports olympiques, Jeux olympiques de 2020 et bien plus!\",\"potentialAction\":[{\"@type\":\"SearchAction\",\"target\":{\"@type\":\"EntryPoint\",\"urlTemplate\":\"https:\\\/\\\/develop.olympic.ca\\\/olympique\\\/?s={search_term_string}\"},\"query-input\":{\"@type\":\"PropertyValueSpecification\",\"valueRequired\":true,\"valueName\":\"search_term_string\"}}],\"inLanguage\":\"fr-FR\"}]}<\/script>\n<!-- \/ Yoast SEO plugin. -->","yoast_head_json":{"title":"Party de d\u00e9part Molson Canadian pour l\u2019\u00e9quipe - \u00c9quipe Canada | Site officiel de l&#039;\u00e9quipe olympique","robots":{"index":"index","follow":"follow","max-snippet":"max-snippet:-1","max-image-preview":"max-image-preview:large","max-video-preview":"max-video-preview:-1"},"canonical":"https:\/\/develop.olympic.ca\/olympique\/aurevoir\/","og_locale":"fr_FR","og_type":"article","og_title":"Party de d\u00e9part Molson Canadian pour l\u2019\u00e9quipe - \u00c9quipe Canada | Site officiel de l&#039;\u00e9quipe olympique","og_description":"PyeongChang\u00a02018 approche \u00e0 grands pas et, pour c\u00e9l\u00e9brer, nous dirons Au revoir! aux athl\u00e8tes d\u2019\u00c9quipe Canada avec style lors du...","og_url":"https:\/\/develop.olympic.ca\/olympique\/aurevoir\/","og_site_name":"\u00c9quipe Canada | Site officiel de l&#039;\u00e9quipe olympique","article_modified_time":"2018-01-03T19:05:37+00:00","og_image":[{"width":1340,"height":754,"url":"https:\/\/develop.olympic.ca\/olympique\/wp-content\/uploads\/sites\/2\/2017\/11\/pye-send-off-2-hor-fr-no-contest-v21.jpg?quality=100","type":"image\/jpeg"}],"twitter_card":"summary_large_image","twitter_misc":{"Est. reading time":"3 minutes","Written by":"Ariane Desrosiers"},"schema":{"@context":"https:\/\/schema.org","@graph":[{"@type":"WebPage","@id":"https:\/\/develop.olympic.ca\/olympique\/aurevoir\/","url":"https:\/\/develop.olympic.ca\/olympique\/aurevoir\/","name":"Party de d\u00e9part Molson Canadian pour l\u2019\u00e9quipe - \u00c9quipe Canada | Site officiel de l&#039;\u00e9quipe olympique","isPartOf":{"@id":"https:\/\/develop.olympic.ca\/olympique\/#website"},"primaryImageOfPage":{"@id":"https:\/\/develop.olympic.ca\/olympique\/aurevoir\/#primaryimage"},"image":{"@id":"https:\/\/develop.olympic.ca\/olympique\/aurevoir\/#primaryimage"},"thumbnailUrl":"https:\/\/develop.olympic.ca\/olympique\/wp-content\/uploads\/sites\/2\/2017\/11\/pye-send-off-2-hor-fr-no-contest-v21.jpg?quality=100","datePublished":"2017-11-21T22:19:02+00:00","dateModified":"2018-01-03T19:05:37+00:00","inLanguage":"fr-FR","potentialAction":[{"@type":"ReadAction","target":["https:\/\/develop.olympic.ca\/olympique\/aurevoir\/"]}]},{"@type":"ImageObject","inLanguage":"fr-FR","@id":"https:\/\/develop.olympic.ca\/olympique\/aurevoir\/#primaryimage","url":"https:\/\/develop.olympic.ca\/olympique\/wp-content\/uploads\/sites\/2\/2017\/11\/pye-send-off-2-hor-fr-no-contest-v21.jpg?quality=100","contentUrl":"https:\/\/develop.olympic.ca\/olympique\/wp-content\/uploads\/sites\/2\/2017\/11\/pye-send-off-2-hor-fr-no-contest-v21.jpg?quality=100","width":1340,"height":754},{"@type":"WebSite","@id":"https:\/\/develop.olympic.ca\/olympique\/#website","url":"https:\/\/develop.olympic.ca\/olympique\/","name":"\u00c9quipe Canada | Site officiel de l&#039;\u00e9quipe olympique","description":"Votre source pour l\u2019\u00c9quipe olympique canadienne. Retrouvez les r\u00e9cits, vid\u00e9os et photos des athl\u00e8tes canadiens, sports olympiques, Jeux olympiques de 2020 et bien plus!","potentialAction":[{"@type":"SearchAction","target":{"@type":"EntryPoint","urlTemplate":"https:\/\/develop.olympic.ca\/olympique\/?s={search_term_string}"},"query-input":{"@type":"PropertyValueSpecification","valueRequired":true,"valueName":"search_term_string"}}],"inLanguage":"fr-FR"}]}},"jetpack_sharing_enabled":true,"jetpack-related-posts":[],"jetpack_shortlink":"https:\/\/wp.me\/PbmyEP-yti","_links":{"self":[{"href":"https:\/\/develop.olympic.ca\/olympique\/wp-json\/wp\/v2\/pages\/132512","targetHints":{"allow":["GET"]}}],"collection":[{"href":"https:\/\/develop.olympic.ca\/olympique\/wp-json\/wp\/v2\/pages"}],"about":[{"href":"https:\/\/develop.olympic.ca\/olympique\/wp-json\/wp\/v2\/types\/page"}],"author":[{"embeddable":true,"href":"https:\/\/develop.olympic.ca\/olympique\/wp-json\/wp\/v2\/users\/96107080"}],"replies":[{"embeddable":true,"href":"https:\/\/develop.olympic.ca\/olympique\/wp-json\/wp\/v2\/comments?post=132512"}],"version-history":[{"count":17,"href":"https:\/\/develop.olympic.ca\/olympique\/wp-json\/wp\/v2\/pages\/132512\/revisions"}],"predecessor-version":[{"id":133610,"href":"https:\/\/develop.olympic.ca\/olympique\/wp-json\/wp\/v2\/pages\/132512\/revisions\/133610"}],"wp:featuredmedia":[{"embeddable":true,"href":"https:\/\/develop.olympic.ca\/olympique\/wp-json\/wp\/v2\/media\/132514"}],"wp:attachment":[{"href":"https:\/\/develop.olympic.ca\/olympique\/wp-json\/wp\/v2\/media?parent=132512"}],"wp:term":[{"taxonomy":"author","embeddable":true,"href":"https:\/\/develop.olympic.ca\/olympique\/wp-json\/wp\/v2\/coauthors?post=132512"}],"curies":[{"name":"wp","href":"https:\/\/api.w.org\/{rel}","templated":true}]}}