{"id":143568,"date":"2018-11-23T15:16:10","date_gmt":"2018-11-23T20:16:10","guid":{"rendered":"http:\/\/develop.olympic.ca\/olympique\/?page_id=143568"},"modified":"2018-11-23T15:16:10","modified_gmt":"2018-11-23T20:16:10","slug":"foire-aux-questions-que-sont-les-jeux-panamericains%e2%80%89","status":"publish","type":"page","link":"https:\/\/develop.olympic.ca\/olympique\/foire-aux-questions-que-sont-les-jeux-panamericains%e2%80%89\/","title":{"rendered":"Foire aux questions : Que sont les Jeux panam\u00e9ricains\u2009?"},"content":{"rendered":"<h2>Les Jeux panam\u00e9ricains sont une comp\u00e9tition multisports continentale pour les pays d\u2019Am\u00e9rique du Nord, d\u2019Am\u00e9rique du Sud, d\u2019Am\u00e9rique centrale et des Cara\u00efbes.<\/h2>\n<h2>\u00c0 quel moment les Jeux panam\u00e9ricain se d\u00e9roulent-ils\u2009?<\/h2>\n<p>Les Jeux panam\u00e9ricains ont lieu tous les quatre ans, soit lors de l\u2019ann\u00e9e qui pr\u00e9c\u00e8de les Jeux olympiques d\u2019\u00e9t\u00e9.<\/p>\n<p><img loading=\"lazy\" decoding=\"async\" class=\"size-full wp-image-123210\" src=\"https:\/\/cdnolympic.files.wordpress.com\/2015\/07\/14i05541.jpg?quality=100\" alt=\"\" width=\"1200\" height=\"916\" \/><\/p>\n<p><strong>\u00c0 quels endroits les Jeux panam\u00e9ricains ont-ils eu lieu\u2009? <\/strong><\/p>\n<p>Au cours des 60 derni\u00e8res ann\u00e9es, les Jeux panam\u00e9ricains se sont d\u00e9roul\u00e9s dans des villes aux quatre coins du continent, de Winnipeg (1967, 1999) la ville h\u00f4te la plus au nord, jusqu\u2019\u00e0 Mar del Plata,\u00a0en Argentine (1995), situ\u00e9e au sud. Le Canada et le Mexique sont les seuls pays \u00e0 avoir accueilli les Jeux \u00e0 trois reprises.<\/p>\n<p>Voici la liste compl\u00e8te des pays et des villes ayant accueilli les Jeux\u00a0:<\/p>\n<p>Argentine\u00a0: Buenos Aires\u00a01951<br \/>\nMexique\u00a0: Mexico\u00a01955<br \/>\n\u00c9tats-Unis\u00a0: Chicago\u00a01959<br \/>\nBr\u00e9sil\u00a0: S\u00e3o Paulo\u00a01963<br \/>\nCanada\u00a0: Winnipeg\u00a01967<br \/>\nColombie\u00a0: Cali\u00a01971<br \/>\nMexique\u00a0: Mexico 1975<br \/>\nPorto Rico\u00a0: San Juan\u00a01979<br \/>\nVenezuela\u00a0: Caracas\u00a01983<br \/>\n\u00c9tats-Unis\u00a0: Indianapolis\u00a01987<br \/>\nCuba\u00a0: La Havane\u00a01991<br \/>\nArgentine\u00a0: Mar del Plata 1995<br \/>\nCanada\u00a0: Winnipeg\u00a01999<br \/>\nR\u00e9publique dominicaine\u00a0: Santo Domingo 2003<br \/>\nBr\u00e9sil\u00a0: Rio de Janeiro\u00a02007<br \/>\nMexique\u00a0: Guadalajara\u00a02011<br \/>\nCanada\u00a0: Toronto\u00a02015<br \/>\nP\u00e9rou\u00a0: Lima\u00a02019<br \/>\nChili\u00a0: Santiago\u00a02023<\/p>\n<h2>Quelle est l\u2019ampleur des Jeux panam\u00e9ricains\u2009?<\/h2>\n<p>Les Jeux panam\u00e9ricains constituent la troisi\u00e8me comp\u00e9tition multisports en importance dans le monde, derri\u00e8re les Jeux olympiques d\u2019\u00e9t\u00e9 et les Jeux d\u2019Asie. Plus de 6000 athl\u00e8tes de 41 pays participent maintenant aux Jeux panam\u00e9ricains.<\/p>\n<p><img loading=\"lazy\" decoding=\"async\" class=\"size-full wp-image-122380\" src=\"https:\/\/cdnolympic.files.wordpress.com\/2015\/07\/mcclintock_tricks.jpg?quality=100\" alt=\"\" width=\"1340\" height=\"754\" \/><\/p>\n<h2>Quels sports retrouve-t-on aux Jeux panam\u00e9ricains\u2009?<\/h2>\n<p>Les Jeux panam\u00e9ricains incluent tous les sports et toutes les disciplines figurant au programme olympique d\u2019\u00e9t\u00e9, mais aussi d\u2019autres sports r\u00e9gis par des f\u00e9d\u00e9rations internationales reconnues par le CIO. Certaines comp\u00e9titions des Jeux panam\u00e9ricains servent directement de qualification olympique pour les prochains Jeux olympiques d\u2019\u00e9t\u00e9.<\/p>\n<h2>En quelle ann\u00e9e les Jeux panam\u00e9ricains ont-ils d\u00e9but\u00e9\u2009?<\/h2>\n<p>Les premiers Jeux panam\u00e9ricains ont eu lieu en 1951 \u00e0 Buenos Aires, en Argentine, mais l\u2019id\u00e9e d\u2019organiser ces Jeux a \u00e9t\u00e9 discut\u00e9e 20 ans plus t\u00f4t.<\/p>\n<p>\u00c0 la suite d\u2019une proposition formul\u00e9e en 1926 par des membres du CIO de Cuba, du Guatemala et du Mexique, les premiers Jeux d\u2019Am\u00e9rique centrale ont \u00e9t\u00e9 organis\u00e9s. Lors des Jeux olympiques de 1932 \u00e0 Los Angeles, des repr\u00e9sentants de ces d\u00e9l\u00e9gations latino-am\u00e9ricaines ont propos\u00e9 d\u2019organiser des Jeux r\u00e9gionaux pour l\u2019Am\u00e9rique. Tout cela a men\u00e9 au premier Congr\u00e8s sportif panam\u00e9ricain qui a eu lieu \u00e0 Buenos Aires en 1940 au cours duquel la ville qui devait accueillir les premiers Jeux panam\u00e9ricains de 1942 a \u00e9t\u00e9 s\u00e9lectionn\u00e9e.<\/p>\n<p>Ces plans ont toutefois d\u00fb \u00eatre report\u00e9s en raison de la Deuxi\u00e8me Guerre mondiale. Un deuxi\u00e8me congr\u00e8s sportif panam\u00e9ricain a \u00e9t\u00e9 organis\u00e9 \u00e0 Londres aux Jeux olympiques de 1948 et la ville de Buenos Aires a \u00e9t\u00e9 nomm\u00e9e h\u00f4te des premiers Jeux panam\u00e9ricains qui ont d\u00e9but\u00e9 le 25 f\u00e9vrier 1951 avec plus de 2500 athl\u00e8tes provenant de 22 pays.<\/p>\n<p><img loading=\"lazy\" decoding=\"async\" class=\"size-full wp-image-119111\" src=\"https:\/\/cdnolympic.files.wordpress.com\/2015\/07\/welcome1.jpg?quality=100\" alt=\"\" width=\"1340\" height=\"754\" \/><\/p>\n<h2>Quel est l\u2019historique du Canada aux Jeux panam\u00e9ricains\u2009?<\/h2>\n<p>Le Canada a particip\u00e9 \u00e0 tous les Jeux panam\u00e9ricains, sauf les premiers. \u00c0 cette \u00e9poque, les pays du Commonwealth n\u2019avaient pas particip\u00e9 au Congr\u00e8s sportif panam\u00e9ricain qui \u00e9tait \u00e0 l\u2019origine des Jeux. Le Canada a accueilli la cinqui\u00e8me et la 13e \u00e9ditions des Jeux \u00e0 Winnipeg en 1967 et 1999 ainsi que la 17e \u00e9dition \u00e0 Toronto en 2015.<\/p>\n<h2>Qui gouverne les Jeux panam\u00e9ricains\u2009?<\/h2>\n<p>Les Jeux panam\u00e9ricains sont r\u00e9gis par l\u2019Organisation sportive panam\u00e9ricaine, dont le si\u00e8ge est situ\u00e9 \u00e0 Mexico. Cette organisation compte aujourd\u2019hui 41 comit\u00e9s nationaux olympiques membres. Ses langues officielles sont l\u2019anglais et l\u2019espagnol.<\/p>\n","protected":false},"excerpt":{"rendered":"<p>Les Jeux panam\u00e9ricains sont une comp\u00e9tition multisports continentale pour les pays d\u2019Am\u00e9rique du Nord, d\u2019Am\u00e9rique du Sud, d\u2019Am\u00e9rique centrale et&#8230;<\/p>\n","protected":false},"author":96107080,"featured_media":143579,"parent":0,"menu_order":0,"comment_status":"closed","ping_status":"closed","template":"","meta":{"_edit_lock":["1543241268:96107080"],"_edit_last":["96107080"],"_thumbnail_id":["143579"],"_wp_page_template":["default"],"_publicize_pending":["1"],"jabber_published":["1543004171"],"coc_sharing_options":["a:1:{s:18:\"coc_hide_share_bar\";b:0;}"],"coc_campaign_options":["a:4:{s:16:\"coc_campaign_tag\";s:0:\"\";s:15:\"coc_campaign_bg\";N;s:25:\"coc_campaign_bg_downloads\";a:0:{}s:20:\"coc_campaign_posters\";a:0:{}}"],"coc_team_options":["a:1:{s:15:\"coc_game_select\";i:143552;}"],"coc_oc_landing_options":["a:2:{s:17:\"coc_oc_landing_bg\";N;s:22:\"coc_oc_landing_stories\";a:0:{}}"],"coc_edit_profile_options":["a:1:{s:20:\"coc_favourite_sports\";a:0:{}}"],"coc_oc_reward_options":["a:12:{s:16:\"coc_oc_reward_id\";s:0:\"\";s:20:\"coc_oc_reward_points\";s:0:\"\";s:19:\"coc_oc_reward_rules\";N;s:31:\"coc_oc_digital_download_desktop\";N;s:30:\"coc_oc_digital_download_mobile\";N;s:32:\"coc_oc_digital_download_facebook\";N;s:29:\"coc_oc_reward_success_message\";s:0:\"\";s:23:\"coc_oc_facebook_content\";s:0:\"\";s:22:\"coc_oc_twitter_content\";s:0:\"\";s:24:\"coc_oc_social_contest_id\";s:0:\"\";s:31:\"coc_oc_reward_logged_in_message\";s:0:\"\";s:32:\"coc_oc_reward_logged_out_message\";s:0:\"\";}"],"coc_press_options":["a:2:{s:28:\"coc_press_additional_content\";s:0:\"\";s:27:\"coc_press_resource_category\";a:0:{}}"],"coc_breaking_news_options":["a:1:{s:25:\"coc_breaking_news_details\";a:0:{}}"],"coc_be_olympic_options":["a:8:{s:37:\"coc_be_olympic_exclusive_content_link\";s:0:\"\";s:27:\"coc_be_olympic_videos_title\";s:0:\"\";s:21:\"coc_be_olympic_videos\";a:0:{}s:27:\"coc_be_olympic_photos_title\";s:0:\"\";s:21:\"coc_be_olympic_photos\";a:0:{}s:24:\"coc_be_olympic_downloads\";a:0:{}s:22:\"coc_be_olympic_quizzes\";a:0:{}s:26:\"coc_be_olympic_fan_fun_ads\";a:0:{}}"],"coc_fan_fun_options":["a:3:{s:23:\"coc_fan_fun_hammer_time\";a:2:{s:29:\"coc_fan_fun_hammer_time_image\";N;s:27:\"coc_fan_fun_hammer_time_url\";s:0:\"\";}s:22:\"coc_fan_fun_torch_dash\";a:2:{s:28:\"coc_fan_fun_torch_dash_image\";N;s:26:\"coc_fan_fun_torch_dash_url\";s:0:\"\";}s:18:\"coc_fan_fun_trivia\";a:0:{}}"],"coc_interactive_game_options":["a:3:{s:28:\"coc_interactive_game_message\";s:0:\"\";s:24:\"coc_interactive_game_url\";s:0:\"\";s:27:\"coc_interactive_game_iframe\";b:0;}"],"coc_olympic_club_options":["a:1:{s:12:\"redirect_url\";s:0:\"\";}"],"coc_favorites_options":["a:3:{s:13:\"content_types\";a:0:{}s:7:\"seasons\";a:0:{}s:4:\"gear\";a:0:{}}"],"coc_og_tags":["a:3:{s:8:\"og_title\";s:0:\"\";s:14:\"og_description\";s:0:\"\";s:8:\"og_image\";N;}"],"coc_education_options":["A"],"coc_page_options":["a:1:{s:14:\"show_crazy_egg\";b:0;}"],"geo_public":["0"],"seo_title":["\u00c9quipe Canada - Foire aux questions : Que sont les Jeux panam\u00e9ricains\u2009?"],"seo_focus_keyword":["\u00c9quipe Canada, Jeux panam\u00e9ricains, Jeux Pan Am, Winnipeg 1967, Winnipeg 1999, Toronto 2015, Lima 2019, FAQ, sports panam\u00e9ricains"],"seo_meta_description":["\u00c9quipe Canada - Les Jeux panam\u00e9ricains sont une comp\u00e9tition multisports continentale pour les pays d\u2019Am\u00e9rique du Nord, d\u2019Am\u00e9rique du Sud, d\u2019Am\u00e9rique centrale et des Cara\u00efbes."],"seo_translation_link":["https:\/\/wp.me\/P3DwEw-IBO"],"_x_multifield_seo_accordion":["a:1:{i:0;a:2:{s:19:\"seo_accordion_title\";s:0:\"\";s:25:\"seo_accordion_description\";s:0:\"\";}}"],"_elasticsearch_indexed_on":["2018-11-23 20:16:11"],"_is_empty_after_transformation":["yes"]},"coauthors":[209272438],"class_list":["post-143568","page","type-page","status-publish","format-standard","has-post-thumbnail","hentry"],"acf":[],"yoast_head":"<!-- This site is optimized with the Yoast SEO plugin v27.3 - https:\/\/yoast.com\/product\/yoast-seo-wordpress\/ -->\n<title>Foire aux questions : Que sont les Jeux panam\u00e9ricains\u2009? - \u00c9quipe Canada | Site officiel de l&#039;\u00e9quipe olympique<\/title>\n<meta name=\"robots\" content=\"index, follow, max-snippet:-1, max-image-preview:large, max-video-preview:-1\" \/>\n<link rel=\"canonical\" href=\"https:\/\/develop.olympic.ca\/olympique\/foire-aux-questions-que-sont-les-jeux-panamericains\u2009\/\" \/>\n<meta property=\"og:locale\" content=\"fr_FR\" \/>\n<meta property=\"og:type\" content=\"article\" \/>\n<meta property=\"og:title\" content=\"Foire aux questions : Que sont les Jeux panam\u00e9ricains\u2009? - \u00c9quipe Canada | Site officiel de l&#039;\u00e9quipe olympique\" \/>\n<meta property=\"og:description\" content=\"Les Jeux panam\u00e9ricains sont une comp\u00e9tition multisports continentale pour les pays d\u2019Am\u00e9rique du Nord, d\u2019Am\u00e9rique du Sud, d\u2019Am\u00e9rique centrale et...\" \/>\n<meta property=\"og:url\" content=\"https:\/\/develop.olympic.ca\/olympique\/foire-aux-questions-que-sont-les-jeux-panamericains\u2009\/\" \/>\n<meta property=\"og:site_name\" content=\"\u00c9quipe Canada | Site officiel de l&#039;\u00e9quipe olympique\" \/>\n<meta property=\"og:image\" content=\"https:\/\/develop.olympic.ca\/olympique\/wp-content\/uploads\/sites\/2\/2018\/11\/guadalajara.jpg?quality=100\" \/>\n\t<meta property=\"og:image:width\" content=\"1010\" \/>\n\t<meta property=\"og:image:height\" content=\"568\" \/>\n\t<meta property=\"og:image:type\" content=\"image\/jpeg\" \/>\n<meta name=\"twitter:card\" content=\"summary_large_image\" \/>\n<meta name=\"twitter:label1\" content=\"Est. reading time\" \/>\n\t<meta name=\"twitter:data1\" content=\"3 minutes\" \/>\n\t<meta name=\"twitter:label2\" content=\"Written by\" \/>\n\t<meta name=\"twitter:data2\" content=\"Ariane Desrosiers\" \/>\n<script type=\"application\/ld+json\" class=\"yoast-schema-graph\">{\"@context\":\"https:\\\/\\\/schema.org\",\"@graph\":[{\"@type\":\"WebPage\",\"@id\":\"https:\\\/\\\/develop.olympic.ca\\\/olympique\\\/foire-aux-questions-que-sont-les-jeux-panamericains%e2%80%89\\\/\",\"url\":\"https:\\\/\\\/develop.olympic.ca\\\/olympique\\\/foire-aux-questions-que-sont-les-jeux-panamericains%e2%80%89\\\/\",\"name\":\"Foire aux questions : Que sont les Jeux panam\u00e9ricains\u2009? - \u00c9quipe Canada | Site officiel de l&#039;\u00e9quipe olympique\",\"isPartOf\":{\"@id\":\"https:\\\/\\\/develop.olympic.ca\\\/olympique\\\/#website\"},\"primaryImageOfPage\":{\"@id\":\"https:\\\/\\\/develop.olympic.ca\\\/olympique\\\/foire-aux-questions-que-sont-les-jeux-panamericains%e2%80%89\\\/#primaryimage\"},\"image\":{\"@id\":\"https:\\\/\\\/develop.olympic.ca\\\/olympique\\\/foire-aux-questions-que-sont-les-jeux-panamericains%e2%80%89\\\/#primaryimage\"},\"thumbnailUrl\":\"https:\\\/\\\/develop.olympic.ca\\\/olympique\\\/wp-content\\\/uploads\\\/sites\\\/2\\\/2018\\\/11\\\/guadalajara.jpg?quality=100\",\"datePublished\":\"2018-11-23T20:16:10+00:00\",\"inLanguage\":\"fr-FR\",\"potentialAction\":[{\"@type\":\"ReadAction\",\"target\":[\"https:\\\/\\\/develop.olympic.ca\\\/olympique\\\/foire-aux-questions-que-sont-les-jeux-panamericains%e2%80%89\\\/\"]}]},{\"@type\":\"ImageObject\",\"inLanguage\":\"fr-FR\",\"@id\":\"https:\\\/\\\/develop.olympic.ca\\\/olympique\\\/foire-aux-questions-que-sont-les-jeux-panamericains%e2%80%89\\\/#primaryimage\",\"url\":\"https:\\\/\\\/develop.olympic.ca\\\/olympique\\\/wp-content\\\/uploads\\\/sites\\\/2\\\/2018\\\/11\\\/guadalajara.jpg?quality=100\",\"contentUrl\":\"https:\\\/\\\/develop.olympic.ca\\\/olympique\\\/wp-content\\\/uploads\\\/sites\\\/2\\\/2018\\\/11\\\/guadalajara.jpg?quality=100\",\"width\":1010,\"height\":568},{\"@type\":\"WebSite\",\"@id\":\"https:\\\/\\\/develop.olympic.ca\\\/olympique\\\/#website\",\"url\":\"https:\\\/\\\/develop.olympic.ca\\\/olympique\\\/\",\"name\":\"\u00c9quipe Canada | Site officiel de l&#039;\u00e9quipe olympique\",\"description\":\"Votre source pour l\u2019\u00c9quipe olympique canadienne. Retrouvez les r\u00e9cits, vid\u00e9os et photos des athl\u00e8tes canadiens, sports olympiques, Jeux olympiques de 2020 et bien plus!\",\"potentialAction\":[{\"@type\":\"SearchAction\",\"target\":{\"@type\":\"EntryPoint\",\"urlTemplate\":\"https:\\\/\\\/develop.olympic.ca\\\/olympique\\\/?s={search_term_string}\"},\"query-input\":{\"@type\":\"PropertyValueSpecification\",\"valueRequired\":true,\"valueName\":\"search_term_string\"}}],\"inLanguage\":\"fr-FR\"}]}<\/script>\n<!-- \/ Yoast SEO plugin. -->","yoast_head_json":{"title":"Foire aux questions : Que sont les Jeux panam\u00e9ricains\u2009? - \u00c9quipe Canada | Site officiel de l&#039;\u00e9quipe olympique","robots":{"index":"index","follow":"follow","max-snippet":"max-snippet:-1","max-image-preview":"max-image-preview:large","max-video-preview":"max-video-preview:-1"},"canonical":"https:\/\/develop.olympic.ca\/olympique\/foire-aux-questions-que-sont-les-jeux-panamericains\u2009\/","og_locale":"fr_FR","og_type":"article","og_title":"Foire aux questions : Que sont les Jeux panam\u00e9ricains\u2009? - \u00c9quipe Canada | Site officiel de l&#039;\u00e9quipe olympique","og_description":"Les Jeux panam\u00e9ricains sont une comp\u00e9tition multisports continentale pour les pays d\u2019Am\u00e9rique du Nord, d\u2019Am\u00e9rique du Sud, d\u2019Am\u00e9rique centrale et...","og_url":"https:\/\/develop.olympic.ca\/olympique\/foire-aux-questions-que-sont-les-jeux-panamericains\u2009\/","og_site_name":"\u00c9quipe Canada | Site officiel de l&#039;\u00e9quipe olympique","og_image":[{"width":1010,"height":568,"url":"https:\/\/develop.olympic.ca\/olympique\/wp-content\/uploads\/sites\/2\/2018\/11\/guadalajara.jpg?quality=100","type":"image\/jpeg"}],"twitter_card":"summary_large_image","twitter_misc":{"Est. reading time":"3 minutes","Written by":"Ariane Desrosiers"},"schema":{"@context":"https:\/\/schema.org","@graph":[{"@type":"WebPage","@id":"https:\/\/develop.olympic.ca\/olympique\/foire-aux-questions-que-sont-les-jeux-panamericains%e2%80%89\/","url":"https:\/\/develop.olympic.ca\/olympique\/foire-aux-questions-que-sont-les-jeux-panamericains%e2%80%89\/","name":"Foire aux questions : Que sont les Jeux panam\u00e9ricains\u2009? - \u00c9quipe Canada | Site officiel de l&#039;\u00e9quipe olympique","isPartOf":{"@id":"https:\/\/develop.olympic.ca\/olympique\/#website"},"primaryImageOfPage":{"@id":"https:\/\/develop.olympic.ca\/olympique\/foire-aux-questions-que-sont-les-jeux-panamericains%e2%80%89\/#primaryimage"},"image":{"@id":"https:\/\/develop.olympic.ca\/olympique\/foire-aux-questions-que-sont-les-jeux-panamericains%e2%80%89\/#primaryimage"},"thumbnailUrl":"https:\/\/develop.olympic.ca\/olympique\/wp-content\/uploads\/sites\/2\/2018\/11\/guadalajara.jpg?quality=100","datePublished":"2018-11-23T20:16:10+00:00","inLanguage":"fr-FR","potentialAction":[{"@type":"ReadAction","target":["https:\/\/develop.olympic.ca\/olympique\/foire-aux-questions-que-sont-les-jeux-panamericains%e2%80%89\/"]}]},{"@type":"ImageObject","inLanguage":"fr-FR","@id":"https:\/\/develop.olympic.ca\/olympique\/foire-aux-questions-que-sont-les-jeux-panamericains%e2%80%89\/#primaryimage","url":"https:\/\/develop.olympic.ca\/olympique\/wp-content\/uploads\/sites\/2\/2018\/11\/guadalajara.jpg?quality=100","contentUrl":"https:\/\/develop.olympic.ca\/olympique\/wp-content\/uploads\/sites\/2\/2018\/11\/guadalajara.jpg?quality=100","width":1010,"height":568},{"@type":"WebSite","@id":"https:\/\/develop.olympic.ca\/olympique\/#website","url":"https:\/\/develop.olympic.ca\/olympique\/","name":"\u00c9quipe Canada | Site officiel de l&#039;\u00e9quipe olympique","description":"Votre source pour l\u2019\u00c9quipe olympique canadienne. Retrouvez les r\u00e9cits, vid\u00e9os et photos des athl\u00e8tes canadiens, sports olympiques, Jeux olympiques de 2020 et bien plus!","potentialAction":[{"@type":"SearchAction","target":{"@type":"EntryPoint","urlTemplate":"https:\/\/develop.olympic.ca\/olympique\/?s={search_term_string}"},"query-input":{"@type":"PropertyValueSpecification","valueRequired":true,"valueName":"search_term_string"}}],"inLanguage":"fr-FR"}]}},"jetpack_sharing_enabled":true,"jetpack-related-posts":[],"jetpack_shortlink":"https:\/\/wp.me\/PbmyEP-BlC","_links":{"self":[{"href":"https:\/\/develop.olympic.ca\/olympique\/wp-json\/wp\/v2\/pages\/143568","targetHints":{"allow":["GET"]}}],"collection":[{"href":"https:\/\/develop.olympic.ca\/olympique\/wp-json\/wp\/v2\/pages"}],"about":[{"href":"https:\/\/develop.olympic.ca\/olympique\/wp-json\/wp\/v2\/types\/page"}],"author":[{"embeddable":true,"href":"https:\/\/develop.olympic.ca\/olympique\/wp-json\/wp\/v2\/users\/96107080"}],"replies":[{"embeddable":true,"href":"https:\/\/develop.olympic.ca\/olympique\/wp-json\/wp\/v2\/comments?post=143568"}],"version-history":[{"count":1,"href":"https:\/\/develop.olympic.ca\/olympique\/wp-json\/wp\/v2\/pages\/143568\/revisions"}],"predecessor-version":[{"id":143581,"href":"https:\/\/develop.olympic.ca\/olympique\/wp-json\/wp\/v2\/pages\/143568\/revisions\/143581"}],"wp:featuredmedia":[{"embeddable":true,"href":"https:\/\/develop.olympic.ca\/olympique\/wp-json\/wp\/v2\/media\/143579"}],"wp:attachment":[{"href":"https:\/\/develop.olympic.ca\/olympique\/wp-json\/wp\/v2\/media?parent=143568"}],"wp:term":[{"taxonomy":"author","embeddable":true,"href":"https:\/\/develop.olympic.ca\/olympique\/wp-json\/wp\/v2\/coauthors?post=143568"}],"curies":[{"name":"wp","href":"https:\/\/api.w.org\/{rel}","templated":true}]}}