{"id":155854,"date":"2019-09-18T16:20:27","date_gmt":"2019-09-18T20:20:27","guid":{"rendered":"http:\/\/develop.olympic.ca\/olympique\/?page_id=155854"},"modified":"2019-09-24T12:13:36","modified_gmt":"2019-09-24T16:13:36","slug":"equipe-feminine-de-soccer-de-londres-2012","status":"publish","type":"page","link":"https:\/\/develop.olympic.ca\/olympique\/temple-de-la-renommee-olympique-du-canada\/equipe-feminine-de-soccer-de-londres-2012\/","title":{"rendered":"\u00c9quipe f\u00e9minine de soccer de Londres 2012"},"content":{"rendered":"<p>L\u2019\u00e9quipe f\u00e9minine de soccer de Londres 2012 a surmont\u00e9 un parcours d\u00e9cevant \u00e0 la Coupe du Monde de 2011 pour se qualifier au tournoi olympique en passant par les qualifications r\u00e9gionales pour finalement remporter la m\u00e9daille de bronze. C\u2019\u00e9tait la premi\u00e8re m\u00e9daille du Canada aux Jeux olympiques dans un sport d\u2019\u00e9quipe depuis 1936. Cette victoire a renouvel\u00e9 la passion nationale pour le ballon rond, conduisant \u00e0 l\u2019accueil de la Coupe du Monde F\u00e9minine au Canada en 2015 qui a \u00e9tabli le record d\u2019affluence de l\u2019histoire de cette comp\u00e9tition.<\/p>\n<p>Membres de l&rsquo;\u00e9quipe f\u00e9minine de soccer de Londres 2012:<\/p>\n<p><a href=\"http:\/\/develop.olympic.ca\/olympique\/team-canada\/christine-sinclair\/\">Christine Sinclair<\/a><\/p>\n<p><a href=\"http:\/\/develop.olympic.ca\/olympique\/team-canada\/christina-julien\/\">Christina Julien<\/a><\/p>\n<p><a href=\"http:\/\/develop.olympic.ca\/olympique\/team-canada\/karina-leblanc\/\">Karina Leblanc<\/a><\/p>\n<p><a href=\"http:\/\/develop.olympic.ca\/olympique\/team-canada\/emily-zurrer\/\">Emily Zurrer<\/a><\/p>\n<p><a href=\"http:\/\/develop.olympic.ca\/olympique\/team-canada\/chelsea-stewart\/\">Chelsea Stewart<\/a><\/p>\n<p><a href=\"http:\/\/develop.olympic.ca\/olympique\/team-canada\/carmelina-moscato\/\">Carmelina Moscato<\/a><\/p>\n<p><a href=\"http:\/\/develop.olympic.ca\/olympique\/team-canada\/robyn-gayle\/\">Robyn Gayle<\/a><\/p>\n<p><a href=\"http:\/\/develop.olympic.ca\/olympique\/team-canada\/kaylyn-kyle-1\/\">Kaylyn Kyle<\/a><\/p>\n<p><a href=\"http:\/\/develop.olympic.ca\/olympique\/team-canada\/rhian-wilkinson\/\">Rhian Wilkinson<\/a><\/p>\n<p><a href=\"http:\/\/develop.olympic.ca\/olympique\/team-canada\/diana-matheson\/\">Diana Matheson<\/a><\/p>\n<p><a href=\"http:\/\/develop.olympic.ca\/olympique\/team-canada\/candace-chapman\/\">Candace Chapman<\/a><\/p>\n<p><a href=\"http:\/\/develop.olympic.ca\/olympique\/team-canada\/lauren-sesselmann\/\">Lauren Sesselmann<\/a><\/p>\n<p><a href=\"http:\/\/develop.olympic.ca\/olympique\/team-canada\/desiree-scott\/\">Desiree Scott<\/a><\/p>\n<p><a href=\"http:\/\/develop.olympic.ca\/olympique\/team-canada\/sophie-schmidt\/\">Sophie Schmidt<\/a><\/p>\n<p><a href=\"http:\/\/develop.olympic.ca\/olympique\/team-canada\/melissa-tancredi\/\">Melissa Tancredi<\/a><\/p>\n<p><a href=\"http:\/\/develop.olympic.ca\/olympique\/team-canada\/kelly-parker\/\">Kelly Parker<\/a><\/p>\n<p><a href=\"http:\/\/develop.olympic.ca\/olympique\/team-canada\/jonelle-filigno\/\">Jonelle Filigno<\/a><\/p>\n<p><a href=\"http:\/\/develop.olympic.ca\/olympique\/team-canada\/brittany-timko\/\">Brittany Timko<\/a><\/p>\n<p><a href=\"http:\/\/develop.olympic.ca\/olympique\/team-canada\/erin-mcleod\/\">Erin McLeod<\/a><\/p>\n<p><a href=\"http:\/\/develop.olympic.ca\/olympique\/team-canada\/melanie-booth\/\">Melanie Booth<\/a><\/p>\n<p><a href=\"http:\/\/develop.olympic.ca\/olympique\/team-canada\/marie-eve-nault\/\">Marie-\u00c8ve Nault<\/a><\/p>\n","protected":false},"excerpt":{"rendered":"<p>L\u2019\u00e9quipe f\u00e9minine de soccer de Londres 2012 a surmont\u00e9 un parcours d\u00e9cevant \u00e0 la Coupe du Monde de 2011 pour&#8230;<\/p>\n","protected":false},"author":52435436,"featured_media":156010,"parent":28614,"menu_order":0,"comment_status":"closed","ping_status":"closed","template":"","meta":{"_edit_lock":["1569341474:170085601"],"_edit_last":["170085601"],"_wp_page_template":["default"],"_publicize_pending":["1"],"jabber_published":["1568838027"],"coc_sharing_options":["a:1:{s:18:\"coc_hide_share_bar\";s:1:\"1\";}"],"coc_campaign_options":["a:4:{s:16:\"coc_campaign_tag\";s:0:\"\";s:15:\"coc_campaign_bg\";N;s:25:\"coc_campaign_bg_downloads\";a:0:{}s:20:\"coc_campaign_posters\";a:0:{}}"],"coc_team_options":["a:1:{s:15:\"coc_game_select\";i:152501;}"],"coc_oc_landing_options":["a:2:{s:17:\"coc_oc_landing_bg\";N;s:22:\"coc_oc_landing_stories\";a:0:{}}"],"coc_edit_profile_options":["a:1:{s:20:\"coc_favourite_sports\";a:0:{}}"],"coc_oc_reward_options":["a:12:{s:16:\"coc_oc_reward_id\";s:0:\"\";s:20:\"coc_oc_reward_points\";s:0:\"\";s:19:\"coc_oc_reward_rules\";N;s:31:\"coc_oc_digital_download_desktop\";N;s:30:\"coc_oc_digital_download_mobile\";N;s:32:\"coc_oc_digital_download_facebook\";N;s:29:\"coc_oc_reward_success_message\";s:0:\"\";s:23:\"coc_oc_facebook_content\";s:0:\"\";s:22:\"coc_oc_twitter_content\";s:0:\"\";s:24:\"coc_oc_social_contest_id\";s:0:\"\";s:31:\"coc_oc_reward_logged_in_message\";s:0:\"\";s:32:\"coc_oc_reward_logged_out_message\";s:0:\"\";}"],"coc_press_options":["a:2:{s:28:\"coc_press_additional_content\";s:0:\"\";s:27:\"coc_press_resource_category\";a:0:{}}"],"coc_breaking_news_options":["a:1:{s:25:\"coc_breaking_news_details\";a:0:{}}"],"coc_be_olympic_options":["a:8:{s:37:\"coc_be_olympic_exclusive_content_link\";s:0:\"\";s:27:\"coc_be_olympic_videos_title\";s:0:\"\";s:21:\"coc_be_olympic_videos\";a:0:{}s:27:\"coc_be_olympic_photos_title\";s:0:\"\";s:21:\"coc_be_olympic_photos\";a:0:{}s:24:\"coc_be_olympic_downloads\";a:0:{}s:22:\"coc_be_olympic_quizzes\";a:0:{}s:26:\"coc_be_olympic_fan_fun_ads\";a:0:{}}"],"coc_fan_fun_options":["a:3:{s:23:\"coc_fan_fun_hammer_time\";a:2:{s:29:\"coc_fan_fun_hammer_time_image\";N;s:27:\"coc_fan_fun_hammer_time_url\";s:0:\"\";}s:22:\"coc_fan_fun_torch_dash\";a:2:{s:28:\"coc_fan_fun_torch_dash_image\";N;s:26:\"coc_fan_fun_torch_dash_url\";s:0:\"\";}s:18:\"coc_fan_fun_trivia\";a:0:{}}"],"coc_interactive_game_options":["a:3:{s:28:\"coc_interactive_game_message\";s:0:\"\";s:24:\"coc_interactive_game_url\";s:0:\"\";s:27:\"coc_interactive_game_iframe\";b:0;}"],"coc_olympic_club_options":["a:1:{s:12:\"redirect_url\";s:0:\"\";}"],"coc_favorites_options":["a:3:{s:13:\"content_types\";a:0:{}s:7:\"seasons\";a:0:{}s:4:\"gear\";a:0:{}}"],"coc_og_tags":["a:3:{s:8:\"og_title\";s:0:\"\";s:14:\"og_description\";s:0:\"\";s:8:\"og_image\";N;}"],"coc_education_options":["A"],"coc_page_options":["a:2:{s:14:\"show_crazy_egg\";b:0;s:30:\"coc_partner_takeover_ads_story\";a:5:{s:20:\"coc_ad_story_desktop\";N;s:26:\"coc_ad_story_desktop_label\";s:0:\"\";s:19:\"coc_ad_story_mobile\";N;s:25:\"coc_ad_story_mobile_label\";s:0:\"\";s:16:\"coc_ad_story_url\";s:0:\"\";}}"],"coc_donor_video_options":["a:1:{s:21:\"donor_featured_videos\";a:0:{}}"],"coc_about_video_options":["a:1:{s:11:\"about_video\";a:3:{s:21:\"coc_about_video_title\";s:0:\"\";s:20:\"coc_about_video_text\";s:0:\"\";s:21:\"coc_about_youtube_url\";s:0:\"\";}}"],"coc_about_image_options":["a:1:{s:11:\"about_image\";a:3:{s:21:\"coc_about_image_title\";s:0:\"\";s:20:\"coc_about_image_text\";s:0:\"\";s:19:\"coc_about_image_url\";N;}}"],"coc_about_reporting_options":["a:1:{s:23:\"about_reporting_options\";a:0:{}}"],"coc_about_audit_options":["a:1:{s:19:\"about_audit_options\";a:0:{}}"],"coc_giving_options":["a:1:{s:14:\"giving_options\";a:0:{}}"],"coc_homepage_video_options":["a:1:{s:13:\"video_options\";a:1:{s:18:\"coc_homepage_video\";s:0:\"\";}}"],"coc_homepage_priorities":["a:1:{s:16:\"priority_options\";a:0:{}}"],"coc_homepage_campaign_options":["a:1:{s:16:\"campaign_options\";a:3:{s:24:\"coc_campaign_video_title\";s:0:\"\";s:23:\"coc_campaign_video_text\";s:0:\"\";s:24:\"coc_campaign_youtube_url\";s:0:\"\";}}"],"hof_selected_committee":["a:1:{s:11:\"hof_members\";a:0:{}}"],"hof_partners_options":["a:1:{s:12:\"hof_partners\";a:0:{}}"],"geo_public":["0"],"_x_multifield_seo_accordion":["a:1:{i:0;a:2:{s:19:\"seo_accordion_title\";s:0:\"\";s:25:\"seo_accordion_description\";s:0:\"\";}}"],"_elasticsearch_indexed_on":["2019-09-18 20:20:27","2019-09-18 20:20:27"],"seo_translation_link":["https:\/\/wp.me\/P3DwEw-OHp"],"_thumbnail_id":["156010"],"hof_search_excerpt":["a:1:{s:18:\"coc_search_excerpt\";s:0:\"\";}"],"_is_empty_after_transformation":["yes"]},"coauthors":[209008581],"class_list":["post-155854","page","type-page","status-publish","format-standard","has-post-thumbnail","hentry"],"acf":[],"yoast_head":"<!-- This site is optimized with the Yoast SEO plugin v27.3 - https:\/\/yoast.com\/product\/yoast-seo-wordpress\/ -->\n<title>\u00c9quipe f\u00e9minine de soccer de Londres 2012 - \u00c9quipe Canada | Site officiel de l&#039;\u00e9quipe olympique<\/title>\n<meta name=\"robots\" content=\"index, follow, max-snippet:-1, max-image-preview:large, max-video-preview:-1\" \/>\n<link rel=\"canonical\" href=\"https:\/\/develop.olympic.ca\/olympique\/temple-de-la-renommee-olympique-du-canada\/equipe-feminine-de-soccer-de-londres-2012\/\" \/>\n<meta property=\"og:locale\" content=\"fr_FR\" \/>\n<meta property=\"og:type\" content=\"article\" \/>\n<meta property=\"og:title\" content=\"\u00c9quipe f\u00e9minine de soccer de Londres 2012 - \u00c9quipe Canada | Site officiel de l&#039;\u00e9quipe olympique\" \/>\n<meta property=\"og:description\" content=\"L\u2019\u00e9quipe f\u00e9minine de soccer de Londres 2012 a surmont\u00e9 un parcours d\u00e9cevant \u00e0 la Coupe du Monde de 2011 pour...\" \/>\n<meta property=\"og:url\" content=\"https:\/\/develop.olympic.ca\/olympique\/temple-de-la-renommee-olympique-du-canada\/equipe-feminine-de-soccer-de-londres-2012\/\" \/>\n<meta property=\"og:site_name\" content=\"\u00c9quipe Canada | Site officiel de l&#039;\u00e9quipe olympique\" \/>\n<meta property=\"article:modified_time\" content=\"2019-09-24T16:13:36+00:00\" \/>\n<meta property=\"og:image\" content=\"https:\/\/develop.olympic.ca\/olympique\/wp-content\/uploads\/sites\/2\/2011\/09\/profileimage-soccer.jpg?quality=100\" \/>\n\t<meta property=\"og:image:width\" content=\"1920\" \/>\n\t<meta property=\"og:image:height\" content=\"1080\" \/>\n\t<meta property=\"og:image:type\" content=\"image\/jpeg\" \/>\n<meta name=\"twitter:card\" content=\"summary_large_image\" \/>\n<meta name=\"twitter:label1\" content=\"Est. reading time\" \/>\n\t<meta name=\"twitter:data1\" content=\"1 minute\" \/>\n\t<meta name=\"twitter:label2\" content=\"Written by\" \/>\n\t<meta name=\"twitter:data2\" content=\"Mark Nadolny\" \/>\n<script type=\"application\/ld+json\" class=\"yoast-schema-graph\">{\"@context\":\"https:\\\/\\\/schema.org\",\"@graph\":[{\"@type\":\"WebPage\",\"@id\":\"https:\\\/\\\/develop.olympic.ca\\\/olympique\\\/temple-de-la-renommee-olympique-du-canada\\\/equipe-feminine-de-soccer-de-londres-2012\\\/\",\"url\":\"https:\\\/\\\/develop.olympic.ca\\\/olympique\\\/temple-de-la-renommee-olympique-du-canada\\\/equipe-feminine-de-soccer-de-londres-2012\\\/\",\"name\":\"\u00c9quipe f\u00e9minine de soccer de Londres 2012 - \u00c9quipe Canada | Site officiel de l&#039;\u00e9quipe olympique\",\"isPartOf\":{\"@id\":\"https:\\\/\\\/develop.olympic.ca\\\/olympique\\\/#website\"},\"primaryImageOfPage\":{\"@id\":\"https:\\\/\\\/develop.olympic.ca\\\/olympique\\\/temple-de-la-renommee-olympique-du-canada\\\/equipe-feminine-de-soccer-de-londres-2012\\\/#primaryimage\"},\"image\":{\"@id\":\"https:\\\/\\\/develop.olympic.ca\\\/olympique\\\/temple-de-la-renommee-olympique-du-canada\\\/equipe-feminine-de-soccer-de-londres-2012\\\/#primaryimage\"},\"thumbnailUrl\":\"https:\\\/\\\/develop.olympic.ca\\\/olympique\\\/wp-content\\\/uploads\\\/sites\\\/2\\\/2011\\\/09\\\/profileimage-soccer.jpg?quality=100\",\"datePublished\":\"2019-09-18T20:20:27+00:00\",\"dateModified\":\"2019-09-24T16:13:36+00:00\",\"breadcrumb\":{\"@id\":\"https:\\\/\\\/develop.olympic.ca\\\/olympique\\\/temple-de-la-renommee-olympique-du-canada\\\/equipe-feminine-de-soccer-de-londres-2012\\\/#breadcrumb\"},\"inLanguage\":\"fr-FR\",\"potentialAction\":[{\"@type\":\"ReadAction\",\"target\":[\"https:\\\/\\\/develop.olympic.ca\\\/olympique\\\/temple-de-la-renommee-olympique-du-canada\\\/equipe-feminine-de-soccer-de-londres-2012\\\/\"]}]},{\"@type\":\"ImageObject\",\"inLanguage\":\"fr-FR\",\"@id\":\"https:\\\/\\\/develop.olympic.ca\\\/olympique\\\/temple-de-la-renommee-olympique-du-canada\\\/equipe-feminine-de-soccer-de-londres-2012\\\/#primaryimage\",\"url\":\"https:\\\/\\\/develop.olympic.ca\\\/olympique\\\/wp-content\\\/uploads\\\/sites\\\/2\\\/2011\\\/09\\\/profileimage-soccer.jpg?quality=100\",\"contentUrl\":\"https:\\\/\\\/develop.olympic.ca\\\/olympique\\\/wp-content\\\/uploads\\\/sites\\\/2\\\/2011\\\/09\\\/profileimage-soccer.jpg?quality=100\",\"width\":1920,\"height\":1080},{\"@type\":\"BreadcrumbList\",\"@id\":\"https:\\\/\\\/develop.olympic.ca\\\/olympique\\\/temple-de-la-renommee-olympique-du-canada\\\/equipe-feminine-de-soccer-de-londres-2012\\\/#breadcrumb\",\"itemListElement\":[{\"@type\":\"ListItem\",\"position\":1,\"name\":\"Temple de la renomm\u00e9e olympique du Canada\",\"item\":\"https:\\\/\\\/develop.olympic.ca\\\/olympique\\\/temple-de-la-renommee-olympique-du-canada\\\/\"},{\"@type\":\"ListItem\",\"position\":2,\"name\":\"\u00c9quipe f\u00e9minine de soccer de Londres 2012\"}]},{\"@type\":\"WebSite\",\"@id\":\"https:\\\/\\\/develop.olympic.ca\\\/olympique\\\/#website\",\"url\":\"https:\\\/\\\/develop.olympic.ca\\\/olympique\\\/\",\"name\":\"\u00c9quipe Canada | Site officiel de l&#039;\u00e9quipe olympique\",\"description\":\"Votre source pour l\u2019\u00c9quipe olympique canadienne. Retrouvez les r\u00e9cits, vid\u00e9os et photos des athl\u00e8tes canadiens, sports olympiques, Jeux olympiques de 2020 et bien plus!\",\"potentialAction\":[{\"@type\":\"SearchAction\",\"target\":{\"@type\":\"EntryPoint\",\"urlTemplate\":\"https:\\\/\\\/develop.olympic.ca\\\/olympique\\\/?s={search_term_string}\"},\"query-input\":{\"@type\":\"PropertyValueSpecification\",\"valueRequired\":true,\"valueName\":\"search_term_string\"}}],\"inLanguage\":\"fr-FR\"}]}<\/script>\n<!-- \/ Yoast SEO plugin. -->","yoast_head_json":{"title":"\u00c9quipe f\u00e9minine de soccer de Londres 2012 - \u00c9quipe Canada | Site officiel de l&#039;\u00e9quipe olympique","robots":{"index":"index","follow":"follow","max-snippet":"max-snippet:-1","max-image-preview":"max-image-preview:large","max-video-preview":"max-video-preview:-1"},"canonical":"https:\/\/develop.olympic.ca\/olympique\/temple-de-la-renommee-olympique-du-canada\/equipe-feminine-de-soccer-de-londres-2012\/","og_locale":"fr_FR","og_type":"article","og_title":"\u00c9quipe f\u00e9minine de soccer de Londres 2012 - \u00c9quipe Canada | Site officiel de l&#039;\u00e9quipe olympique","og_description":"L\u2019\u00e9quipe f\u00e9minine de soccer de Londres 2012 a surmont\u00e9 un parcours d\u00e9cevant \u00e0 la Coupe du Monde de 2011 pour...","og_url":"https:\/\/develop.olympic.ca\/olympique\/temple-de-la-renommee-olympique-du-canada\/equipe-feminine-de-soccer-de-londres-2012\/","og_site_name":"\u00c9quipe Canada | Site officiel de l&#039;\u00e9quipe olympique","article_modified_time":"2019-09-24T16:13:36+00:00","og_image":[{"width":1920,"height":1080,"url":"https:\/\/develop.olympic.ca\/olympique\/wp-content\/uploads\/sites\/2\/2011\/09\/profileimage-soccer.jpg?quality=100","type":"image\/jpeg"}],"twitter_card":"summary_large_image","twitter_misc":{"Est. reading time":"1 minute","Written by":"Mark Nadolny"},"schema":{"@context":"https:\/\/schema.org","@graph":[{"@type":"WebPage","@id":"https:\/\/develop.olympic.ca\/olympique\/temple-de-la-renommee-olympique-du-canada\/equipe-feminine-de-soccer-de-londres-2012\/","url":"https:\/\/develop.olympic.ca\/olympique\/temple-de-la-renommee-olympique-du-canada\/equipe-feminine-de-soccer-de-londres-2012\/","name":"\u00c9quipe f\u00e9minine de soccer de Londres 2012 - \u00c9quipe Canada | Site officiel de l&#039;\u00e9quipe olympique","isPartOf":{"@id":"https:\/\/develop.olympic.ca\/olympique\/#website"},"primaryImageOfPage":{"@id":"https:\/\/develop.olympic.ca\/olympique\/temple-de-la-renommee-olympique-du-canada\/equipe-feminine-de-soccer-de-londres-2012\/#primaryimage"},"image":{"@id":"https:\/\/develop.olympic.ca\/olympique\/temple-de-la-renommee-olympique-du-canada\/equipe-feminine-de-soccer-de-londres-2012\/#primaryimage"},"thumbnailUrl":"https:\/\/develop.olympic.ca\/olympique\/wp-content\/uploads\/sites\/2\/2011\/09\/profileimage-soccer.jpg?quality=100","datePublished":"2019-09-18T20:20:27+00:00","dateModified":"2019-09-24T16:13:36+00:00","breadcrumb":{"@id":"https:\/\/develop.olympic.ca\/olympique\/temple-de-la-renommee-olympique-du-canada\/equipe-feminine-de-soccer-de-londres-2012\/#breadcrumb"},"inLanguage":"fr-FR","potentialAction":[{"@type":"ReadAction","target":["https:\/\/develop.olympic.ca\/olympique\/temple-de-la-renommee-olympique-du-canada\/equipe-feminine-de-soccer-de-londres-2012\/"]}]},{"@type":"ImageObject","inLanguage":"fr-FR","@id":"https:\/\/develop.olympic.ca\/olympique\/temple-de-la-renommee-olympique-du-canada\/equipe-feminine-de-soccer-de-londres-2012\/#primaryimage","url":"https:\/\/develop.olympic.ca\/olympique\/wp-content\/uploads\/sites\/2\/2011\/09\/profileimage-soccer.jpg?quality=100","contentUrl":"https:\/\/develop.olympic.ca\/olympique\/wp-content\/uploads\/sites\/2\/2011\/09\/profileimage-soccer.jpg?quality=100","width":1920,"height":1080},{"@type":"BreadcrumbList","@id":"https:\/\/develop.olympic.ca\/olympique\/temple-de-la-renommee-olympique-du-canada\/equipe-feminine-de-soccer-de-londres-2012\/#breadcrumb","itemListElement":[{"@type":"ListItem","position":1,"name":"Temple de la renomm\u00e9e olympique du Canada","item":"https:\/\/develop.olympic.ca\/olympique\/temple-de-la-renommee-olympique-du-canada\/"},{"@type":"ListItem","position":2,"name":"\u00c9quipe f\u00e9minine de soccer de Londres 2012"}]},{"@type":"WebSite","@id":"https:\/\/develop.olympic.ca\/olympique\/#website","url":"https:\/\/develop.olympic.ca\/olympique\/","name":"\u00c9quipe Canada | Site officiel de l&#039;\u00e9quipe olympique","description":"Votre source pour l\u2019\u00c9quipe olympique canadienne. Retrouvez les r\u00e9cits, vid\u00e9os et photos des athl\u00e8tes canadiens, sports olympiques, Jeux olympiques de 2020 et bien plus!","potentialAction":[{"@type":"SearchAction","target":{"@type":"EntryPoint","urlTemplate":"https:\/\/develop.olympic.ca\/olympique\/?s={search_term_string}"},"query-input":{"@type":"PropertyValueSpecification","valueRequired":true,"valueName":"search_term_string"}}],"inLanguage":"fr-FR"}]}},"jetpack_sharing_enabled":true,"jetpack-related-posts":[],"jetpack_shortlink":"https:\/\/wp.me\/PbmyEP-ExM","_links":{"self":[{"href":"https:\/\/develop.olympic.ca\/olympique\/wp-json\/wp\/v2\/pages\/155854","targetHints":{"allow":["GET"]}}],"collection":[{"href":"https:\/\/develop.olympic.ca\/olympique\/wp-json\/wp\/v2\/pages"}],"about":[{"href":"https:\/\/develop.olympic.ca\/olympique\/wp-json\/wp\/v2\/types\/page"}],"author":[{"embeddable":true,"href":"https:\/\/develop.olympic.ca\/olympique\/wp-json\/wp\/v2\/users\/52435436"}],"replies":[{"embeddable":true,"href":"https:\/\/develop.olympic.ca\/olympique\/wp-json\/wp\/v2\/comments?post=155854"}],"version-history":[{"count":4,"href":"https:\/\/develop.olympic.ca\/olympique\/wp-json\/wp\/v2\/pages\/155854\/revisions"}],"predecessor-version":[{"id":156076,"href":"https:\/\/develop.olympic.ca\/olympique\/wp-json\/wp\/v2\/pages\/155854\/revisions\/156076"}],"up":[{"embeddable":true,"href":"https:\/\/develop.olympic.ca\/olympique\/wp-json\/wp\/v2\/pages\/28614"}],"wp:featuredmedia":[{"embeddable":true,"href":"https:\/\/develop.olympic.ca\/olympique\/wp-json\/wp\/v2\/media\/156010"}],"wp:attachment":[{"href":"https:\/\/develop.olympic.ca\/olympique\/wp-json\/wp\/v2\/media?parent=155854"}],"wp:term":[{"taxonomy":"author","embeddable":true,"href":"https:\/\/develop.olympic.ca\/olympique\/wp-json\/wp\/v2\/coauthors?post=155854"}],"curies":[{"name":"wp","href":"https:\/\/api.w.org\/{rel}","templated":true}]}}