{"id":156752,"date":"2019-10-18T13:42:19","date_gmt":"2019-10-18T17:42:19","guid":{"rendered":"http:\/\/develop.olympic.ca\/olympique\/?page_id=156752"},"modified":"2019-10-22T15:40:12","modified_gmt":"2019-10-22T19:40:12","slug":"randy-starkman","status":"publish","type":"page","link":"https:\/\/develop.olympic.ca\/olympique\/temple-de-la-renommee-olympique-du-canada\/randy-starkman\/","title":{"rendered":"Randy Starkman"},"content":{"rendered":"<p>Jack Poole a toujours consid\u00e9r\u00e9 que de rendre service \u00e9tait un honneur. Ainsi, lorsqu&rsquo;il a \u00e9t\u00e9 recrut\u00e9 pour mener l&rsquo;effort afin d&#8217;emmener les Jeux olympiques et paralympiques d&rsquo;hiver \u00e0 Vancouver, il a accompli ses t\u00e2ches avec humour, force, intelligence et int\u00e9grit\u00e9.<\/p>\n<p>Pendant deux ans, il a \u00e9t\u00e9 pr\u00e9sident et chef de la direction b\u00e9n\u00e9vole de la Soci\u00e9t\u00e9 de candidature de Vancouver 2010. \u00c0 ce titre, il s&rsquo;est efforc\u00e9 d&rsquo;unir de multiples intervenants, notamment les diff\u00e9rents ordres de gouvernement, les organismes sportifs et les communaut\u00e9s dans lesquelles les Jeux devaient avoir lieu, afin de garantir le succ\u00e8s de la candidature.<\/p>\n<p>Apr\u00e8s la s\u00e9lection de Vancouver en tant que ville h\u00f4te, Poole a copr\u00e9sid\u00e9 le comit\u00e9 de transition de 2010, qui devrait confier la responsabilit\u00e9 de l\u2019organisation des Jeux au comit\u00e9 d\u2019organisation des Jeux olympiques et paralympiques d\u2019hiver de 2010 (COVAN). Il a \u00e9t\u00e9 \u00e9lu \u00e0 l&rsquo;unanimit\u00e9 pr\u00e9sident du conseil d&rsquo;administration de 2010.<\/p>\n<p>Pendant qu\u2019il assumait ce r\u00f4le, Poole luttait aussi contre un cancer du pancr\u00e9as et est d\u00e9c\u00e9d\u00e9 le 23 octobre 2009, quelques heures \u00e0 peine apr\u00e8s que la flamme olympique eut \u00e9t\u00e9 allum\u00e9e \u00e0 Olympie, en Gr\u00e8ce, pour le lancement du relais de la flamme olympique de Vancouver 2010. Bien qu&rsquo;il n&rsquo;ait jamais \u00e9t\u00e9 t\u00e9moin des Jeux, qui ont \u00e9t\u00e9 couronn\u00e9s de succ\u00e8s tant sur le plan organisationnel que pour \u00c9quipe Canada, son h\u00e9ritage perdure.<\/p>\n<p>Pour beaucoup, Pool repr\u00e9sentait l&rsquo;esprit olympique et paralympique, c&rsquo;est donc en toute logique que l&#8217;emplacement de la vasque olympique fut nomm\u00e9 \u00ab Place Jack Poole \u00bb \u00e0 sa m\u00e9moire. Le Comit\u00e9 international olympique lui a d\u00e9cern\u00e9 l&rsquo;Ordre olympique \u00e0 titre posthume.<\/p>\n","protected":false},"excerpt":{"rendered":"<p>Jack Poole a toujours consid\u00e9r\u00e9 que de rendre service \u00e9tait un honneur. Ainsi, lorsqu&rsquo;il a \u00e9t\u00e9 recrut\u00e9 pour mener l&rsquo;effort&#8230;<\/p>\n","protected":false},"author":132655687,"featured_media":0,"parent":28614,"menu_order":0,"comment_status":"closed","ping_status":"closed","template":"","meta":{"_edit_lock":["1571773077:132655687"],"_edit_last":["132655687"],"_wp_page_template":["default"],"_publicize_pending":["1"],"jabber_published":["1571420539"],"coc_sharing_options":["a:1:{s:18:\"coc_hide_share_bar\";b:0;}"],"coc_campaign_options":["a:4:{s:16:\"coc_campaign_tag\";s:0:\"\";s:15:\"coc_campaign_bg\";N;s:25:\"coc_campaign_bg_downloads\";a:0:{}s:20:\"coc_campaign_posters\";a:0:{}}"],"coc_team_options":["a:1:{s:15:\"coc_game_select\";i:156417;}"],"coc_oc_landing_options":["a:2:{s:17:\"coc_oc_landing_bg\";N;s:22:\"coc_oc_landing_stories\";a:0:{}}"],"coc_edit_profile_options":["a:1:{s:20:\"coc_favourite_sports\";a:0:{}}"],"coc_oc_reward_options":["a:12:{s:16:\"coc_oc_reward_id\";s:0:\"\";s:20:\"coc_oc_reward_points\";s:0:\"\";s:19:\"coc_oc_reward_rules\";N;s:31:\"coc_oc_digital_download_desktop\";N;s:30:\"coc_oc_digital_download_mobile\";N;s:32:\"coc_oc_digital_download_facebook\";N;s:29:\"coc_oc_reward_success_message\";s:0:\"\";s:23:\"coc_oc_facebook_content\";s:0:\"\";s:22:\"coc_oc_twitter_content\";s:0:\"\";s:24:\"coc_oc_social_contest_id\";s:0:\"\";s:31:\"coc_oc_reward_logged_in_message\";s:0:\"\";s:32:\"coc_oc_reward_logged_out_message\";s:0:\"\";}"],"coc_press_options":["a:2:{s:28:\"coc_press_additional_content\";s:0:\"\";s:27:\"coc_press_resource_category\";a:0:{}}"],"coc_breaking_news_options":["a:1:{s:25:\"coc_breaking_news_details\";a:0:{}}"],"coc_be_olympic_options":["a:8:{s:37:\"coc_be_olympic_exclusive_content_link\";s:0:\"\";s:27:\"coc_be_olympic_videos_title\";s:0:\"\";s:21:\"coc_be_olympic_videos\";a:0:{}s:27:\"coc_be_olympic_photos_title\";s:0:\"\";s:21:\"coc_be_olympic_photos\";a:0:{}s:24:\"coc_be_olympic_downloads\";a:0:{}s:22:\"coc_be_olympic_quizzes\";a:0:{}s:26:\"coc_be_olympic_fan_fun_ads\";a:0:{}}"],"coc_fan_fun_options":["a:3:{s:23:\"coc_fan_fun_hammer_time\";a:2:{s:29:\"coc_fan_fun_hammer_time_image\";N;s:27:\"coc_fan_fun_hammer_time_url\";s:0:\"\";}s:22:\"coc_fan_fun_torch_dash\";a:2:{s:28:\"coc_fan_fun_torch_dash_image\";N;s:26:\"coc_fan_fun_torch_dash_url\";s:0:\"\";}s:18:\"coc_fan_fun_trivia\";a:0:{}}"],"coc_interactive_game_options":["a:3:{s:28:\"coc_interactive_game_message\";s:0:\"\";s:24:\"coc_interactive_game_url\";s:0:\"\";s:27:\"coc_interactive_game_iframe\";b:0;}"],"coc_olympic_club_options":["a:1:{s:12:\"redirect_url\";s:0:\"\";}"],"coc_favorites_options":["a:3:{s:13:\"content_types\";a:0:{}s:7:\"seasons\";a:0:{}s:4:\"gear\";a:0:{}}"],"coc_og_tags":["a:3:{s:8:\"og_title\";s:0:\"\";s:14:\"og_description\";s:0:\"\";s:8:\"og_image\";N;}"],"coc_education_options":["A"],"coc_page_options":["a:2:{s:14:\"show_crazy_egg\";b:0;s:30:\"coc_partner_takeover_ads_story\";a:5:{s:20:\"coc_ad_story_desktop\";N;s:26:\"coc_ad_story_desktop_label\";s:0:\"\";s:19:\"coc_ad_story_mobile\";N;s:25:\"coc_ad_story_mobile_label\";s:0:\"\";s:16:\"coc_ad_story_url\";s:0:\"\";}}"],"coc_donor_video_options":["a:1:{s:21:\"donor_featured_videos\";a:0:{}}"],"coc_about_video_options":["a:1:{s:11:\"about_video\";a:3:{s:21:\"coc_about_video_title\";s:0:\"\";s:20:\"coc_about_video_text\";s:0:\"\";s:21:\"coc_about_youtube_url\";s:0:\"\";}}"],"coc_about_image_options":["a:1:{s:11:\"about_image\";a:3:{s:21:\"coc_about_image_title\";s:0:\"\";s:20:\"coc_about_image_text\";s:0:\"\";s:19:\"coc_about_image_url\";N;}}"],"coc_about_reporting_options":["a:1:{s:23:\"about_reporting_options\";a:0:{}}"],"coc_about_audit_options":["a:1:{s:19:\"about_audit_options\";a:0:{}}"],"coc_giving_options":["a:1:{s:14:\"giving_options\";a:0:{}}"],"coc_homepage_video_options":["a:1:{s:13:\"video_options\";a:1:{s:18:\"coc_homepage_video\";s:0:\"\";}}"],"coc_homepage_priorities":["a:1:{s:16:\"priority_options\";a:0:{}}"],"coc_homepage_campaign_options":["a:1:{s:16:\"campaign_options\";a:3:{s:24:\"coc_campaign_video_title\";s:0:\"\";s:23:\"coc_campaign_video_text\";s:0:\"\";s:24:\"coc_campaign_youtube_url\";s:0:\"\";}}"],"hof_selected_committee":["a:1:{s:11:\"hof_members\";a:0:{}}"],"hof_partners_options":["a:1:{s:12:\"hof_partners\";a:0:{}}"],"hof_search_excerpt":["a:1:{s:18:\"coc_search_excerpt\";s:0:\"\";}"],"geo_public":["0"],"seo_title":["\u00c9quipe Canada - Randy Starkman"],"seo_focus_keyword":["\u00c9quipe Canada, Randy Starkman, B\u00e2tisseur, Temple de la renomm\u00e9e, Athl\u00e8te olympique, Jeux olympiques, Journaliste"],"seo_meta_description":["\u00c9quipe Canada - Pour de nombreux Olympiens canadiens et athl\u00e8tes des \u00e9quipes nationales, Randy Starkman \u00e9tait le journaliste en qui ils avaient le plus confiance pour raconter leurs histoires et d\u00e9voiler leur c\u00f4t\u00e9 humain aux partisans qui les voyaient si souvent comme des h\u00e9ros."],"_x_multifield_seo_accordion":["a:1:{i:0;a:2:{s:19:\"seo_accordion_title\";s:0:\"\";s:25:\"seo_accordion_description\";s:0:\"\";}}"],"_elasticsearch_indexed_on":["2019-10-18 17:42:20"],"_is_empty_after_transformation":["yes"]},"coauthors":[415985478],"class_list":["post-156752","page","type-page","status-publish","format-standard","hentry"],"acf":[],"yoast_head":"<!-- This site is optimized with the Yoast SEO plugin v27.3 - https:\/\/yoast.com\/product\/yoast-seo-wordpress\/ -->\n<title>Randy Starkman - \u00c9quipe Canada | Site officiel de l&#039;\u00e9quipe olympique<\/title>\n<meta name=\"robots\" content=\"index, follow, max-snippet:-1, max-image-preview:large, max-video-preview:-1\" \/>\n<link rel=\"canonical\" href=\"https:\/\/develop.olympic.ca\/olympique\/temple-de-la-renommee-olympique-du-canada\/randy-starkman\/\" \/>\n<meta property=\"og:locale\" content=\"fr_FR\" \/>\n<meta property=\"og:type\" content=\"article\" \/>\n<meta property=\"og:title\" content=\"Randy Starkman - \u00c9quipe Canada | Site officiel de l&#039;\u00e9quipe olympique\" \/>\n<meta property=\"og:description\" content=\"Jack Poole a toujours consid\u00e9r\u00e9 que de rendre service \u00e9tait un honneur. Ainsi, lorsqu&rsquo;il a \u00e9t\u00e9 recrut\u00e9 pour mener l&rsquo;effort...\" \/>\n<meta property=\"og:url\" content=\"https:\/\/develop.olympic.ca\/olympique\/temple-de-la-renommee-olympique-du-canada\/randy-starkman\/\" \/>\n<meta property=\"og:site_name\" content=\"\u00c9quipe Canada | Site officiel de l&#039;\u00e9quipe olympique\" \/>\n<meta property=\"article:modified_time\" content=\"2019-10-22T19:40:12+00:00\" \/>\n<meta name=\"twitter:card\" content=\"summary_large_image\" \/>\n<meta name=\"twitter:label1\" content=\"Est. reading time\" \/>\n\t<meta name=\"twitter:data1\" content=\"1 minute\" \/>\n\t<meta name=\"twitter:label2\" content=\"Written by\" \/>\n\t<meta name=\"twitter:data2\" content=\"Camille Laventure\" \/>\n<script type=\"application\/ld+json\" class=\"yoast-schema-graph\">{\"@context\":\"https:\\\/\\\/schema.org\",\"@graph\":[{\"@type\":\"WebPage\",\"@id\":\"https:\\\/\\\/develop.olympic.ca\\\/olympique\\\/temple-de-la-renommee-olympique-du-canada\\\/randy-starkman\\\/\",\"url\":\"https:\\\/\\\/develop.olympic.ca\\\/olympique\\\/temple-de-la-renommee-olympique-du-canada\\\/randy-starkman\\\/\",\"name\":\"Randy Starkman - \u00c9quipe Canada | Site officiel de l&#039;\u00e9quipe olympique\",\"isPartOf\":{\"@id\":\"https:\\\/\\\/develop.olympic.ca\\\/olympique\\\/#website\"},\"datePublished\":\"2019-10-18T17:42:19+00:00\",\"dateModified\":\"2019-10-22T19:40:12+00:00\",\"breadcrumb\":{\"@id\":\"https:\\\/\\\/develop.olympic.ca\\\/olympique\\\/temple-de-la-renommee-olympique-du-canada\\\/randy-starkman\\\/#breadcrumb\"},\"inLanguage\":\"fr-FR\",\"potentialAction\":[{\"@type\":\"ReadAction\",\"target\":[\"https:\\\/\\\/develop.olympic.ca\\\/olympique\\\/temple-de-la-renommee-olympique-du-canada\\\/randy-starkman\\\/\"]}]},{\"@type\":\"BreadcrumbList\",\"@id\":\"https:\\\/\\\/develop.olympic.ca\\\/olympique\\\/temple-de-la-renommee-olympique-du-canada\\\/randy-starkman\\\/#breadcrumb\",\"itemListElement\":[{\"@type\":\"ListItem\",\"position\":1,\"name\":\"Temple de la renomm\u00e9e olympique du Canada\",\"item\":\"https:\\\/\\\/develop.olympic.ca\\\/olympique\\\/temple-de-la-renommee-olympique-du-canada\\\/\"},{\"@type\":\"ListItem\",\"position\":2,\"name\":\"Randy Starkman\"}]},{\"@type\":\"WebSite\",\"@id\":\"https:\\\/\\\/develop.olympic.ca\\\/olympique\\\/#website\",\"url\":\"https:\\\/\\\/develop.olympic.ca\\\/olympique\\\/\",\"name\":\"\u00c9quipe Canada | Site officiel de l&#039;\u00e9quipe olympique\",\"description\":\"Votre source pour l\u2019\u00c9quipe olympique canadienne. Retrouvez les r\u00e9cits, vid\u00e9os et photos des athl\u00e8tes canadiens, sports olympiques, Jeux olympiques de 2020 et bien plus!\",\"potentialAction\":[{\"@type\":\"SearchAction\",\"target\":{\"@type\":\"EntryPoint\",\"urlTemplate\":\"https:\\\/\\\/develop.olympic.ca\\\/olympique\\\/?s={search_term_string}\"},\"query-input\":{\"@type\":\"PropertyValueSpecification\",\"valueRequired\":true,\"valueName\":\"search_term_string\"}}],\"inLanguage\":\"fr-FR\"}]}<\/script>\n<!-- \/ Yoast SEO plugin. -->","yoast_head_json":{"title":"Randy Starkman - \u00c9quipe Canada | Site officiel de l&#039;\u00e9quipe olympique","robots":{"index":"index","follow":"follow","max-snippet":"max-snippet:-1","max-image-preview":"max-image-preview:large","max-video-preview":"max-video-preview:-1"},"canonical":"https:\/\/develop.olympic.ca\/olympique\/temple-de-la-renommee-olympique-du-canada\/randy-starkman\/","og_locale":"fr_FR","og_type":"article","og_title":"Randy Starkman - \u00c9quipe Canada | Site officiel de l&#039;\u00e9quipe olympique","og_description":"Jack Poole a toujours consid\u00e9r\u00e9 que de rendre service \u00e9tait un honneur. Ainsi, lorsqu&rsquo;il a \u00e9t\u00e9 recrut\u00e9 pour mener l&rsquo;effort...","og_url":"https:\/\/develop.olympic.ca\/olympique\/temple-de-la-renommee-olympique-du-canada\/randy-starkman\/","og_site_name":"\u00c9quipe Canada | Site officiel de l&#039;\u00e9quipe olympique","article_modified_time":"2019-10-22T19:40:12+00:00","twitter_card":"summary_large_image","twitter_misc":{"Est. reading time":"1 minute","Written by":"Camille Laventure"},"schema":{"@context":"https:\/\/schema.org","@graph":[{"@type":"WebPage","@id":"https:\/\/develop.olympic.ca\/olympique\/temple-de-la-renommee-olympique-du-canada\/randy-starkman\/","url":"https:\/\/develop.olympic.ca\/olympique\/temple-de-la-renommee-olympique-du-canada\/randy-starkman\/","name":"Randy Starkman - \u00c9quipe Canada | Site officiel de l&#039;\u00e9quipe olympique","isPartOf":{"@id":"https:\/\/develop.olympic.ca\/olympique\/#website"},"datePublished":"2019-10-18T17:42:19+00:00","dateModified":"2019-10-22T19:40:12+00:00","breadcrumb":{"@id":"https:\/\/develop.olympic.ca\/olympique\/temple-de-la-renommee-olympique-du-canada\/randy-starkman\/#breadcrumb"},"inLanguage":"fr-FR","potentialAction":[{"@type":"ReadAction","target":["https:\/\/develop.olympic.ca\/olympique\/temple-de-la-renommee-olympique-du-canada\/randy-starkman\/"]}]},{"@type":"BreadcrumbList","@id":"https:\/\/develop.olympic.ca\/olympique\/temple-de-la-renommee-olympique-du-canada\/randy-starkman\/#breadcrumb","itemListElement":[{"@type":"ListItem","position":1,"name":"Temple de la renomm\u00e9e olympique du Canada","item":"https:\/\/develop.olympic.ca\/olympique\/temple-de-la-renommee-olympique-du-canada\/"},{"@type":"ListItem","position":2,"name":"Randy Starkman"}]},{"@type":"WebSite","@id":"https:\/\/develop.olympic.ca\/olympique\/#website","url":"https:\/\/develop.olympic.ca\/olympique\/","name":"\u00c9quipe Canada | Site officiel de l&#039;\u00e9quipe olympique","description":"Votre source pour l\u2019\u00c9quipe olympique canadienne. Retrouvez les r\u00e9cits, vid\u00e9os et photos des athl\u00e8tes canadiens, sports olympiques, Jeux olympiques de 2020 et bien plus!","potentialAction":[{"@type":"SearchAction","target":{"@type":"EntryPoint","urlTemplate":"https:\/\/develop.olympic.ca\/olympique\/?s={search_term_string}"},"query-input":{"@type":"PropertyValueSpecification","valueRequired":true,"valueName":"search_term_string"}}],"inLanguage":"fr-FR"}]}},"jetpack_sharing_enabled":true,"jetpack-related-posts":[],"jetpack_shortlink":"https:\/\/wp.me\/PbmyEP-EMg","_links":{"self":[{"href":"https:\/\/develop.olympic.ca\/olympique\/wp-json\/wp\/v2\/pages\/156752","targetHints":{"allow":["GET"]}}],"collection":[{"href":"https:\/\/develop.olympic.ca\/olympique\/wp-json\/wp\/v2\/pages"}],"about":[{"href":"https:\/\/develop.olympic.ca\/olympique\/wp-json\/wp\/v2\/types\/page"}],"author":[{"embeddable":true,"href":"https:\/\/develop.olympic.ca\/olympique\/wp-json\/wp\/v2\/users\/132655687"}],"replies":[{"embeddable":true,"href":"https:\/\/develop.olympic.ca\/olympique\/wp-json\/wp\/v2\/comments?post=156752"}],"version-history":[{"count":6,"href":"https:\/\/develop.olympic.ca\/olympique\/wp-json\/wp\/v2\/pages\/156752\/revisions"}],"predecessor-version":[{"id":156867,"href":"https:\/\/develop.olympic.ca\/olympique\/wp-json\/wp\/v2\/pages\/156752\/revisions\/156867"}],"up":[{"embeddable":true,"href":"https:\/\/develop.olympic.ca\/olympique\/wp-json\/wp\/v2\/pages\/28614"}],"wp:attachment":[{"href":"https:\/\/develop.olympic.ca\/olympique\/wp-json\/wp\/v2\/media?parent=156752"}],"wp:term":[{"taxonomy":"author","embeddable":true,"href":"https:\/\/develop.olympic.ca\/olympique\/wp-json\/wp\/v2\/coauthors?post=156752"}],"curies":[{"name":"wp","href":"https:\/\/api.w.org\/{rel}","templated":true}]}}