{"id":161004,"date":"2020-05-05T09:13:09","date_gmt":"2020-05-05T13:13:09","guid":{"rendered":"https:\/\/develop.olympic.ca\/olympique\/?page_id=161004"},"modified":"2025-01-21T08:30:16","modified_gmt":"2025-01-21T13:30:16","slug":"accueil","status":"publish","type":"page","link":"https:\/\/develop.olympic.ca\/olympique\/club-olympique\/accueil\/","title":{"rendered":"Accueil"},"content":{"rendered":"<h3 data-pm-slice=\"1 1 [&quot;list&quot;,{},&quot;list_item&quot;,{&quot;indent&quot;:2,&quot;type&quot;:&quot;bulleted&quot;}]\">Bienvenue au Club Olympique Canadien! Accumulez des points, rivalisez pour une place sur le tableau des leaders et courez la chance de gagner des articles sign\u00e9s et des prix exclusifs de nos partenaires.<\/h3>\n","protected":false},"excerpt":{"rendered":"<p>Bienvenue au Club Olympique Canadien! Accumulez des points, rivalisez pour une place sur le tableau des leaders et courez la&#8230;<\/p>\n","protected":false},"author":24524180,"featured_media":0,"parent":104230,"menu_order":0,"comment_status":"closed","ping_status":"closed","template":"templates\/oc-landing-loggedin.php","meta":{"_edit_lock":["1737466263:132083754"],"_edit_last":["132083754"],"_wp_page_template":["templates\/oc-landing-loggedin.php"],"coc_call_to_actions":["2"],"_coc_call_to_actions":["field_5e824c43a9604"],"coc_games":[""],"_coc_games":["field_5e83bf020f51f"],"coc_recommended_stories_text":["S\u00e9lectionnez vos <a href=\"https:\/\/develop.olympic.ca\/olympique\/mes-preferes\/\">athl\u00e8tes et sports<\/a> favoris pour \u00eatre \u00e0 l'aff\u00fbt des derni\u00e8res nouvelles."],"_coc_recommended_stories_text":["field_5eac4258dd519"],"coc_static_ad_image":[""],"_coc_static_ad_image":["field_5e83b4143c7d3"],"coc_static_ad_label":[""],"_coc_static_ad_label":["field_5ea89895ffb4a"],"coc_trivia":[""],"_coc_trivia":["field_5e83bacdec2aa"],"coc_sharing_options":["a:1:{s:18:\"coc_hide_share_bar\";b:0;}"],"coc_campaign_options":["a:4:{s:16:\"coc_campaign_tag\";s:0:\"\";s:15:\"coc_campaign_bg\";N;s:25:\"coc_campaign_bg_downloads\";a:0:{}s:20:\"coc_campaign_posters\";a:0:{}}"],"coc_team_options":["a:1:{s:15:\"coc_game_select\";i:156417;}"],"coc_oc_landing_options":["a:2:{s:17:\"coc_oc_landing_bg\";N;s:22:\"coc_oc_landing_stories\";a:0:{}}"],"coc_edit_profile_options":["a:1:{s:20:\"coc_favourite_sports\";a:0:{}}"],"coc_oc_reward_options":["a:13:{s:16:\"coc_oc_reward_id\";s:0:\"\";s:19:\"coc_oc_ac_reward_id\";s:0:\"\";s:20:\"coc_oc_reward_points\";s:0:\"\";s:19:\"coc_oc_reward_rules\";N;s:31:\"coc_oc_digital_download_desktop\";N;s:30:\"coc_oc_digital_download_mobile\";N;s:32:\"coc_oc_digital_download_facebook\";N;s:29:\"coc_oc_reward_success_message\";s:0:\"\";s:23:\"coc_oc_facebook_content\";s:0:\"\";s:22:\"coc_oc_twitter_content\";s:0:\"\";s:24:\"coc_oc_social_contest_id\";s:0:\"\";s:31:\"coc_oc_reward_logged_in_message\";s:0:\"\";s:32:\"coc_oc_reward_logged_out_message\";s:0:\"\";}"],"coc_press_options":["a:2:{s:28:\"coc_press_additional_content\";s:0:\"\";s:27:\"coc_press_resource_category\";a:0:{}}"],"coc_breaking_news_options":["a:1:{s:25:\"coc_breaking_news_details\";a:0:{}}"],"coc_be_olympic_options":["a:8:{s:37:\"coc_be_olympic_exclusive_content_link\";s:0:\"\";s:27:\"coc_be_olympic_videos_title\";s:0:\"\";s:21:\"coc_be_olympic_videos\";a:0:{}s:27:\"coc_be_olympic_photos_title\";s:0:\"\";s:21:\"coc_be_olympic_photos\";a:0:{}s:24:\"coc_be_olympic_downloads\";a:0:{}s:22:\"coc_be_olympic_quizzes\";a:0:{}s:26:\"coc_be_olympic_fan_fun_ads\";a:0:{}}"],"coc_fan_fun_options":["a:2:{s:23:\"coc_fan_fun_hammer_time\";a:2:{s:29:\"coc_fan_fun_hammer_time_image\";N;s:27:\"coc_fan_fun_hammer_time_url\";s:0:\"\";}s:22:\"coc_fan_fun_torch_dash\";a:2:{s:28:\"coc_fan_fun_torch_dash_image\";N;s:26:\"coc_fan_fun_torch_dash_url\";s:0:\"\";}}"],"coc_interactive_game_options":["a:3:{s:28:\"coc_interactive_game_message\";s:0:\"\";s:24:\"coc_interactive_game_url\";s:0:\"\";s:27:\"coc_interactive_game_iframe\";b:0;}"],"coc_olympic_club_options":["a:1:{s:12:\"redirect_url\";s:0:\"\";}"],"coc_favorites_options":["a:3:{s:13:\"content_types\";a:0:{}s:7:\"seasons\";a:0:{}s:4:\"gear\";a:0:{}}"],"coc_og_tags":["a:3:{s:8:\"og_title\";s:0:\"\";s:14:\"og_description\";s:0:\"\";s:8:\"og_image\";N;}"],"coc_education_options":["A"],"coc_page_options":["a:1:{s:30:\"coc_partner_takeover_ads_story\";a:5:{s:20:\"coc_ad_story_desktop\";N;s:26:\"coc_ad_story_desktop_label\";s:0:\"\";s:19:\"coc_ad_story_mobile\";N;s:25:\"coc_ad_story_mobile_label\";s:0:\"\";s:16:\"coc_ad_story_url\";s:0:\"\";}}"],"coc_donor_video_options":["a:1:{s:21:\"donor_featured_videos\";a:0:{}}"],"coc_about_video_options":["a:1:{s:11:\"about_video\";a:3:{s:21:\"coc_about_video_title\";s:0:\"\";s:20:\"coc_about_video_text\";s:0:\"\";s:21:\"coc_about_youtube_url\";s:0:\"\";}}"],"coc_about_image_options":["a:1:{s:11:\"about_image\";a:3:{s:21:\"coc_about_image_title\";s:0:\"\";s:20:\"coc_about_image_text\";s:0:\"\";s:19:\"coc_about_image_url\";N;}}"],"coc_about_reporting_options":["a:1:{s:23:\"about_reporting_options\";a:0:{}}"],"coc_about_audit_options":["a:1:{s:19:\"about_audit_options\";a:0:{}}"],"coc_giving_options":["a:1:{s:14:\"giving_options\";a:0:{}}"],"coc_homepage_video_options":["a:1:{s:13:\"video_options\";a:1:{s:18:\"coc_homepage_video\";s:0:\"\";}}"],"coc_homepage_priorities":["a:1:{s:16:\"priority_options\";a:0:{}}"],"coc_homepage_campaign_options":["a:1:{s:16:\"campaign_options\";a:3:{s:24:\"coc_campaign_video_title\";s:0:\"\";s:23:\"coc_campaign_video_text\";s:0:\"\";s:24:\"coc_campaign_youtube_url\";s:0:\"\";}}"],"hof_selected_committee":["a:1:{s:11:\"hof_members\";a:0:{}}"],"hof_partners_options":["a:1:{s:12:\"hof_partners\";a:0:{}}"],"hof_search_excerpt":["a:1:{s:18:\"coc_search_excerpt\";s:0:\"\";}"],"_x_multifield_seo_accordion":["a:1:{i:0;a:2:{s:19:\"seo_accordion_title\";s:0:\"\";s:25:\"seo_accordion_description\";s:0:\"\";}}"],"coc_call_to_actions_0_background_color":["#000000"],"_coc_call_to_actions_0_background_color":["field_5e824cf5a960a"],"coc_call_to_actions_0_type":[""],"_coc_call_to_actions_0_type":["field_5e824c4ca9605"],"coc_call_to_actions_0_title":["Fan du mois: janvier 2025"],"_coc_call_to_actions_0_title":["field_5e824c9ca9606"],"coc_call_to_actions_0_text":["<p data-pm-slice=\"1 1 []\">Michele Wilson est le Fan du mois du Club olympique canadien pour janvier 2025. Voici ce que Michele avait \u00e0 dire:<\/p>\r\n<p data-pm-slice=\"1 1 []\">\u00abJe suis un grand fan d'\u00c9quipe Canada ! J'ai eu l'opportunit\u00e9 de travailler comme b\u00e9n\u00e9vole \u00e0 la Maison Olympique du Canada lors des Jeux Olympiques de Paris 2024, et ce fut un v\u00e9ritable plaisir et un honneur ! J'esp\u00e8re pouvoir le refaire lors des Jeux de Milan-Cortina 2026.\u00bb<\/p>\r\n<p data-pm-slice=\"1 1 []\">\u00cates-vous un super fan d'\u00c9quipe Canada? Vous pourriez \u00eatre notre prochain Fan du mois.<\/p>"],"_coc_call_to_actions_0_text":["field_5e824caaa9607"],"coc_call_to_actions_0_image":["256061"],"_coc_call_to_actions_0_image":["field_5e824d0fa960b"],"coc_call_to_actions_0_button_label":["Soumettre"],"_coc_call_to_actions_0_button_label":["field_5e824cd1a9608"],"coc_call_to_actions_0_button_link":["https:\/\/develop.olympic.ca\/olympique\/application-pour-les-fans-du-mois\/"],"_coc_call_to_actions_0_button_link":["field_5e824ce8a9609"],"coc_call_to_actions_0_logo":[""],"_coc_call_to_actions_0_logo":["field_5e824d1ba960c"],"coc_call_to_actions_0_display_sharing":["0"],"_coc_call_to_actions_0_display_sharing":["field_5e839353f0500"],"coc_call_to_actions_1_background_color":["#000000"],"_coc_call_to_actions_1_background_color":["field_5e824cf5a960a"],"coc_call_to_actions_1_type":[""],"_coc_call_to_actions_1_type":["field_5e824c4ca9605"],"coc_call_to_actions_1_title":["Comment accumuler des points"],"_coc_call_to_actions_1_title":["field_5e824c9ca9606"],"coc_call_to_actions_1_text":["D\u00e9couvrez comment accumuler des points et les \u00e9changer pour la chance de gagner des prix exclusifs.\r\n\r\nApprenez tous les trucs pour accumuler un maximum de points du Club olympique canadien."],"_coc_call_to_actions_1_text":["field_5e824caaa9607"],"coc_call_to_actions_1_image":["132860"],"_coc_call_to_actions_1_image":["field_5e824d0fa960b"],"coc_call_to_actions_1_button_label":["Plus d'info"],"_coc_call_to_actions_1_button_label":["field_5e824cd1a9608"],"coc_call_to_actions_1_button_link":["https:\/\/develop.olympic.ca\/olympique\/comment-accumuler-des-points-du-club-olympique-canadien\/"],"_coc_call_to_actions_1_button_link":["field_5e824ce8a9609"],"coc_call_to_actions_1_logo":[""],"_coc_call_to_actions_1_logo":["field_5e824d1ba960c"],"coc_call_to_actions_1_logo_url":[""],"_coc_call_to_actions_1_logo_url":["field_5e825b43c2499"],"coc_call_to_actions_1_display_sharing":["0"],"_coc_call_to_actions_1_display_sharing":["field_5e839353f0500"],"_x_multifield_coc_discovery_content":["a:1:{i:0;a:2:{s:26:\"coc_discovery_content_text\";s:0:\"\";s:26:\"coc_discovery_content_link\";s:0:\"\";}}"],"seo_translation_link":["https:\/\/develop.olympic.ca\/olympic-club\/home\/"],"coc_static_ad_link":["https:\/\/www.bell.ca\/reseau"],"_coc_static_ad_link":["field_5e83b4923c7d4"],"seo_title":["\u00c9quipe Canada - Accueil | Club olympique canadien pr\u00e9sent\u00e9 par Bell"],"seo_focus_keyword":["\u00c9quipe Canada, Club, olympique, Membre, Bell, "],"seo_meta_description":["\u00c9quipe Canada - Bienvenue au Club olympique canadien, pr\u00e9sent\u00e9 par Bell. Accumulez des points et \u00e9changez des r\u00e9compenses!"],"_last_editor_used_jetpack":["block-editor"],"_yoast_wpseo_content_score":["60"],"_yoast_wpseo_estimated-reading-time-minutes":["1"],"coc_call_to_actions_0_class":[""],"_coc_call_to_actions_0_class":["field_61f036dfad4be"],"coc_call_to_actions_1_class":[""],"_coc_call_to_actions_1_class":["field_61f036dfad4be"],"coc_call_to_actions_0_logo_url":["https:\/\/develop.olympic.ca\/olympique\/partenaires\/bell-4\/"],"_coc_call_to_actions_0_logo_url":["field_5e825b43c2499"],"_yoast_wpseo_wordproof_timestamp":[""],"_seo_title":["field_652feeaa9308c"],"_seo_focus_keyword":["field_652ff0580091b"],"_seo_meta_description":["field_652feec09308d"],"_seo_translation_link":["field_652feee79308e"],"seo_accordion_module_title":[""],"_seo_accordion_module_title":["field_652fef009308f"],"seo_accordion":[""],"_seo_accordion":["field_652fef4793091"],"secondary_content":[""],"_secondary_content":["field_6530028284790"],"social_facebook":[""],"_social_facebook":["field_652ff39070798"],"social_twitter":[""],"_social_twitter":["field_652ff3a470799"],"social_instagram":[""],"_social_instagram":["field_652ff3ca7079a"],"social_linkedin":[""],"_social_linkedin":["field_652ff3e57079b"],"social_website":[""],"_social_website":["field_652ff4227079c"],"zeus_id":[""],"_zeus_id":["field_652ff4537079d"],"team_announcement_tag":[""],"_team_announcement_tag":["field_65300222e2d0d"],"video_embed_code":[""],"_video_embed_code":["field_652fecffe1114"],"facebook_video_embed_code":[""],"_facebook_video_embed_code":["field_652fedfae1121"],"coc_hide_title":["0"],"_coc_hide_title":["field_661d79f32b89b"]},"coauthors":[187829914],"class_list":["post-161004","page","type-page","status-publish","format-standard","hentry"],"acf":[],"yoast_head":"<!-- This site is optimized with the Yoast SEO plugin v27.3 - https:\/\/yoast.com\/product\/yoast-seo-wordpress\/ -->\n<title>Accueil - \u00c9quipe Canada | Site officiel de l&#039;\u00e9quipe olympique<\/title>\n<meta name=\"robots\" content=\"index, follow, max-snippet:-1, max-image-preview:large, max-video-preview:-1\" \/>\n<link rel=\"canonical\" href=\"https:\/\/develop.olympic.ca\/olympique\/club-olympique\/accueil\/\" \/>\n<meta property=\"og:locale\" content=\"fr_FR\" \/>\n<meta property=\"og:type\" content=\"article\" \/>\n<meta property=\"og:title\" content=\"Accueil - \u00c9quipe Canada | Site officiel de l&#039;\u00e9quipe olympique\" \/>\n<meta property=\"og:description\" content=\"Bienvenue au Club Olympique Canadien! Accumulez des points, rivalisez pour une place sur le tableau des leaders et courez la...\" \/>\n<meta property=\"og:url\" content=\"https:\/\/develop.olympic.ca\/olympique\/club-olympique\/accueil\/\" \/>\n<meta property=\"og:site_name\" content=\"\u00c9quipe Canada | Site officiel de l&#039;\u00e9quipe olympique\" \/>\n<meta property=\"article:modified_time\" content=\"2025-01-21T13:30:16+00:00\" \/>\n<meta name=\"twitter:card\" content=\"summary_large_image\" \/>\n<meta name=\"twitter:label1\" content=\"Est. reading time\" \/>\n\t<meta name=\"twitter:data1\" content=\"1 minute\" \/>\n\t<meta name=\"twitter:label2\" content=\"Written by\" \/>\n\t<meta name=\"twitter:data2\" content=\"Anthony Moore\" \/>\n<script type=\"application\/ld+json\" class=\"yoast-schema-graph\">{\"@context\":\"https:\\\/\\\/schema.org\",\"@graph\":[{\"@type\":\"WebPage\",\"@id\":\"https:\\\/\\\/develop.olympic.ca\\\/olympique\\\/club-olympique\\\/accueil\\\/\",\"url\":\"https:\\\/\\\/develop.olympic.ca\\\/olympique\\\/club-olympique\\\/accueil\\\/\",\"name\":\"Accueil - \u00c9quipe Canada | Site officiel de l&#039;\u00e9quipe olympique\",\"isPartOf\":{\"@id\":\"https:\\\/\\\/develop.olympic.ca\\\/olympique\\\/#website\"},\"datePublished\":\"2020-05-05T13:13:09+00:00\",\"dateModified\":\"2025-01-21T13:30:16+00:00\",\"breadcrumb\":{\"@id\":\"https:\\\/\\\/develop.olympic.ca\\\/olympique\\\/club-olympique\\\/accueil\\\/#breadcrumb\"},\"inLanguage\":\"fr-FR\",\"potentialAction\":[{\"@type\":\"ReadAction\",\"target\":[\"https:\\\/\\\/develop.olympic.ca\\\/olympique\\\/club-olympique\\\/accueil\\\/\"]}]},{\"@type\":\"BreadcrumbList\",\"@id\":\"https:\\\/\\\/develop.olympic.ca\\\/olympique\\\/club-olympique\\\/accueil\\\/#breadcrumb\",\"itemListElement\":[{\"@type\":\"ListItem\",\"position\":1,\"name\":\"Club olympique\",\"item\":\"https:\\\/\\\/develop.olympic.ca\\\/olympique\\\/club-olympique\\\/\"},{\"@type\":\"ListItem\",\"position\":2,\"name\":\"Accueil\"}]},{\"@type\":\"WebSite\",\"@id\":\"https:\\\/\\\/develop.olympic.ca\\\/olympique\\\/#website\",\"url\":\"https:\\\/\\\/develop.olympic.ca\\\/olympique\\\/\",\"name\":\"\u00c9quipe Canada | Site officiel de l&#039;\u00e9quipe olympique\",\"description\":\"Votre source pour l\u2019\u00c9quipe olympique canadienne. Retrouvez les r\u00e9cits, vid\u00e9os et photos des athl\u00e8tes canadiens, sports olympiques, Jeux olympiques de 2020 et bien plus!\",\"potentialAction\":[{\"@type\":\"SearchAction\",\"target\":{\"@type\":\"EntryPoint\",\"urlTemplate\":\"https:\\\/\\\/develop.olympic.ca\\\/olympique\\\/?s={search_term_string}\"},\"query-input\":{\"@type\":\"PropertyValueSpecification\",\"valueRequired\":true,\"valueName\":\"search_term_string\"}}],\"inLanguage\":\"fr-FR\"}]}<\/script>\n<!-- \/ Yoast SEO plugin. -->","yoast_head_json":{"title":"Accueil - \u00c9quipe Canada | Site officiel de l&#039;\u00e9quipe olympique","robots":{"index":"index","follow":"follow","max-snippet":"max-snippet:-1","max-image-preview":"max-image-preview:large","max-video-preview":"max-video-preview:-1"},"canonical":"https:\/\/develop.olympic.ca\/olympique\/club-olympique\/accueil\/","og_locale":"fr_FR","og_type":"article","og_title":"Accueil - \u00c9quipe Canada | Site officiel de l&#039;\u00e9quipe olympique","og_description":"Bienvenue au Club Olympique Canadien! Accumulez des points, rivalisez pour une place sur le tableau des leaders et courez la...","og_url":"https:\/\/develop.olympic.ca\/olympique\/club-olympique\/accueil\/","og_site_name":"\u00c9quipe Canada | Site officiel de l&#039;\u00e9quipe olympique","article_modified_time":"2025-01-21T13:30:16+00:00","twitter_card":"summary_large_image","twitter_misc":{"Est. reading time":"1 minute","Written by":"Anthony Moore"},"schema":{"@context":"https:\/\/schema.org","@graph":[{"@type":"WebPage","@id":"https:\/\/develop.olympic.ca\/olympique\/club-olympique\/accueil\/","url":"https:\/\/develop.olympic.ca\/olympique\/club-olympique\/accueil\/","name":"Accueil - \u00c9quipe Canada | Site officiel de l&#039;\u00e9quipe olympique","isPartOf":{"@id":"https:\/\/develop.olympic.ca\/olympique\/#website"},"datePublished":"2020-05-05T13:13:09+00:00","dateModified":"2025-01-21T13:30:16+00:00","breadcrumb":{"@id":"https:\/\/develop.olympic.ca\/olympique\/club-olympique\/accueil\/#breadcrumb"},"inLanguage":"fr-FR","potentialAction":[{"@type":"ReadAction","target":["https:\/\/develop.olympic.ca\/olympique\/club-olympique\/accueil\/"]}]},{"@type":"BreadcrumbList","@id":"https:\/\/develop.olympic.ca\/olympique\/club-olympique\/accueil\/#breadcrumb","itemListElement":[{"@type":"ListItem","position":1,"name":"Club olympique","item":"https:\/\/develop.olympic.ca\/olympique\/club-olympique\/"},{"@type":"ListItem","position":2,"name":"Accueil"}]},{"@type":"WebSite","@id":"https:\/\/develop.olympic.ca\/olympique\/#website","url":"https:\/\/develop.olympic.ca\/olympique\/","name":"\u00c9quipe Canada | Site officiel de l&#039;\u00e9quipe olympique","description":"Votre source pour l\u2019\u00c9quipe olympique canadienne. Retrouvez les r\u00e9cits, vid\u00e9os et photos des athl\u00e8tes canadiens, sports olympiques, Jeux olympiques de 2020 et bien plus!","potentialAction":[{"@type":"SearchAction","target":{"@type":"EntryPoint","urlTemplate":"https:\/\/develop.olympic.ca\/olympique\/?s={search_term_string}"},"query-input":{"@type":"PropertyValueSpecification","valueRequired":true,"valueName":"search_term_string"}}],"inLanguage":"fr-FR"}]}},"jetpack_sharing_enabled":true,"jetpack-related-posts":[],"jetpack_shortlink":"https:\/\/wp.me\/PbmyEP-FSQ","_links":{"self":[{"href":"https:\/\/develop.olympic.ca\/olympique\/wp-json\/wp\/v2\/pages\/161004","targetHints":{"allow":["GET"]}}],"collection":[{"href":"https:\/\/develop.olympic.ca\/olympique\/wp-json\/wp\/v2\/pages"}],"about":[{"href":"https:\/\/develop.olympic.ca\/olympique\/wp-json\/wp\/v2\/types\/page"}],"author":[{"embeddable":true,"href":"https:\/\/develop.olympic.ca\/olympique\/wp-json\/wp\/v2\/users\/24524180"}],"replies":[{"embeddable":true,"href":"https:\/\/develop.olympic.ca\/olympique\/wp-json\/wp\/v2\/comments?post=161004"}],"version-history":[{"count":104,"href":"https:\/\/develop.olympic.ca\/olympique\/wp-json\/wp\/v2\/pages\/161004\/revisions"}],"predecessor-version":[{"id":257675,"href":"https:\/\/develop.olympic.ca\/olympique\/wp-json\/wp\/v2\/pages\/161004\/revisions\/257675"}],"up":[{"embeddable":true,"href":"https:\/\/develop.olympic.ca\/olympique\/wp-json\/wp\/v2\/pages\/104230"}],"wp:attachment":[{"href":"https:\/\/develop.olympic.ca\/olympique\/wp-json\/wp\/v2\/media?parent=161004"}],"wp:term":[{"taxonomy":"author","embeddable":true,"href":"https:\/\/develop.olympic.ca\/olympique\/wp-json\/wp\/v2\/coauthors?post=161004"}],"curies":[{"name":"wp","href":"https:\/\/api.w.org\/{rel}","templated":true}]}}