{"id":161259,"date":"2020-05-28T14:21:12","date_gmt":"2020-05-28T18:21:12","guid":{"rendered":"https:\/\/develop.olympic.ca\/olympique\/?page_id=161259"},"modified":"2020-05-28T14:21:12","modified_gmt":"2020-05-28T18:21:12","slug":"eugene-brosseau","status":"publish","type":"page","link":"https:\/\/develop.olympic.ca\/olympique\/temple-de-la-renommee-olympique-du-canada\/eugene-brosseau\/","title":{"rendered":"Eugene Brosseau"},"content":{"rendered":"<p><em>Le boxeur Eugene \u00ab\u00a0Gene\u00a0\u00bb Brosseau est le seul Canadien \u00e0 avoir remport\u00e9 le titre national amateur des \u00c9tats-Unis \u00e0 deux reprises, et il \u00e9tait tellement respect\u00e9 qu\u2019il \u00e9tait connu sous le nom de \u00ab Gentleman Gene \u00bb.<\/em><\/p>\n<p>Respect\u00e9 \u00e0 l\u2019ext\u00e9rieur comme dans le ring, Eugene \u00ab\u00a0<em>Gene<\/em>\u00a0\u00bb Brosseau \u00e9tait surnomm\u00e9 \u00ab\u00a0<em>Gentleman Gene<\/em>\u00a0\u00bb. Il a remport\u00e9 le titre amateur canadien chez les mi-moyens en 1915, pour ensuite le d\u00e9fendre en 1916. Il avait aussi d\u00e9croch\u00e9 le titre amateur des \u00c9tats-Unis chez les poids moyens, remportant un de ses quatre combats par KO et les trois autres par d\u00e9cisions lui permettant d\u2019\u00eatre reconnu comme l\u2019un des meilleurs boxeurs canadiens de son \u00e8re. Apr\u00e8s avoir fait la transition chez les poids moyens, il s\u2019est \u00e0 nouveau empar\u00e9 des titres canadien et am\u00e9ricain. En 1917, Brousseau s\u2019est battu dans une s\u00e9rie de combats-b\u00e9n\u00e9fices pour la Croix rouge \u00e0 San Francisco, amassant 12\u00a0500 $ en deux jours, terrassant deux adversaires le premier jour et en ajoutant un troisi\u00e8me le lendemain.<\/p>\n<p>Brosseau avait appris \u00e0 boxer en banlieue de Montr\u00e9al. Il avait la r\u00e9putation d\u2019avoir une main gauche talentueuse en plus d\u2019une puissante force de frappe. Pendant la Premi\u00e8re Guerre mondiale, Brosseau a joint les rangs de l\u2019avion britannique et s\u2019est entra\u00een\u00e9 comme pilote, mais la Guerre a pris fin avant qu\u2019il ne soit envoy\u00e9 dans l\u2019action. Il est devenu professionnel \u00e0 son retour du front et s\u2019est rapidement impos\u00e9 comme l\u2019un de meilleurs poids moyens au monde. Apr\u00e8s un dur combat de 12 rondes en 1919, le bras gauche de Brosseau est rest\u00e9 paralys\u00e9. Apr\u00e8s trois mois de convalescence, sa main gauche n\u2019\u00e9tait plus l\u2019outil qu\u2019elle avait \u00e9t\u00e9 jadis, mettant donc fin \u00e0 sa carri\u00e8re de pugiliste avec une fiche 23 combats, dont 19 victoires (18 par KO) et trois d\u00e9faites (par KO).<\/p>\n<p>Apr\u00e8s sa retraite de la boxe, Brosseau a travaill\u00e9 \u00e0 Postes Canada en plus de continuer \u00e0 s\u2019impliquer dans l\u2019enseignement du sport \u00e0 titre d\u2019entra\u00eeneur de l\u2019\u00e9quipe canadienne de boxe aux Jeux olympiques d\u2019Anvers en 1920, supervisant notamment le champion olympique Bert Schneider. Il s\u2019est \u00e9teint en 1968, \u00e0 l\u2019\u00e2ge de 72 ans.<\/p>\n<p>Brosseau a \u00e9t\u00e9 intronis\u00e9 aux Panth\u00e9ons de la boxe amateure et professionnelle, au Temple de la renomm\u00e9e olympique du Canada en 1953 et au Panth\u00e9on des sports canadien en 1956.<\/p>\n","protected":false},"excerpt":{"rendered":"<p>Le boxeur Eugene \u00ab\u00a0Gene\u00a0\u00bb Brosseau est le seul Canadien \u00e0 avoir remport\u00e9 le titre national amateur des \u00c9tats-Unis \u00e0 deux&#8230;<\/p>\n","protected":false},"author":132655687,"featured_media":0,"parent":28614,"menu_order":0,"comment_status":"closed","ping_status":"closed","template":"","meta":{"_edit_lock":["1590690074:132655687"],"_edit_last":["132655687"],"_wp_page_template":["default"],"coc_games":[""],"_coc_games":["field_5e83bf020f51f"],"coc_trivia":[""],"_coc_trivia":["field_5e83bacdec2aa"],"coc_sharing_options":["a:1:{s:18:\"coc_hide_share_bar\";b:0;}"],"coc_campaign_options":["a:4:{s:16:\"coc_campaign_tag\";s:0:\"\";s:15:\"coc_campaign_bg\";N;s:25:\"coc_campaign_bg_downloads\";a:0:{}s:20:\"coc_campaign_posters\";a:0:{}}"],"coc_team_options":["a:1:{s:15:\"coc_game_select\";i:156417;}"],"coc_oc_landing_options":["a:2:{s:17:\"coc_oc_landing_bg\";N;s:22:\"coc_oc_landing_stories\";a:0:{}}"],"coc_edit_profile_options":["a:1:{s:20:\"coc_favourite_sports\";a:0:{}}"],"coc_oc_reward_options":["a:12:{s:16:\"coc_oc_reward_id\";s:0:\"\";s:20:\"coc_oc_reward_points\";s:0:\"\";s:19:\"coc_oc_reward_rules\";N;s:31:\"coc_oc_digital_download_desktop\";N;s:30:\"coc_oc_digital_download_mobile\";N;s:32:\"coc_oc_digital_download_facebook\";N;s:29:\"coc_oc_reward_success_message\";s:0:\"\";s:23:\"coc_oc_facebook_content\";s:0:\"\";s:22:\"coc_oc_twitter_content\";s:0:\"\";s:24:\"coc_oc_social_contest_id\";s:0:\"\";s:31:\"coc_oc_reward_logged_in_message\";s:0:\"\";s:32:\"coc_oc_reward_logged_out_message\";s:0:\"\";}"],"coc_press_options":["a:2:{s:28:\"coc_press_additional_content\";s:0:\"\";s:27:\"coc_press_resource_category\";a:0:{}}"],"coc_breaking_news_options":["a:1:{s:25:\"coc_breaking_news_details\";a:0:{}}"],"coc_be_olympic_options":["a:8:{s:37:\"coc_be_olympic_exclusive_content_link\";s:0:\"\";s:27:\"coc_be_olympic_videos_title\";s:0:\"\";s:21:\"coc_be_olympic_videos\";a:0:{}s:27:\"coc_be_olympic_photos_title\";s:0:\"\";s:21:\"coc_be_olympic_photos\";a:0:{}s:24:\"coc_be_olympic_downloads\";a:0:{}s:22:\"coc_be_olympic_quizzes\";a:0:{}s:26:\"coc_be_olympic_fan_fun_ads\";a:0:{}}"],"coc_fan_fun_options":["a:2:{s:23:\"coc_fan_fun_hammer_time\";a:2:{s:29:\"coc_fan_fun_hammer_time_image\";N;s:27:\"coc_fan_fun_hammer_time_url\";s:0:\"\";}s:22:\"coc_fan_fun_torch_dash\";a:2:{s:28:\"coc_fan_fun_torch_dash_image\";N;s:26:\"coc_fan_fun_torch_dash_url\";s:0:\"\";}}"],"coc_interactive_game_options":["a:3:{s:28:\"coc_interactive_game_message\";s:0:\"\";s:24:\"coc_interactive_game_url\";s:0:\"\";s:27:\"coc_interactive_game_iframe\";b:0;}"],"coc_olympic_club_options":["a:1:{s:12:\"redirect_url\";s:0:\"\";}"],"coc_favorites_options":["a:3:{s:13:\"content_types\";a:0:{}s:7:\"seasons\";a:0:{}s:4:\"gear\";a:0:{}}"],"coc_og_tags":["a:3:{s:8:\"og_title\";s:0:\"\";s:14:\"og_description\";s:0:\"\";s:8:\"og_image\";N;}"],"coc_education_options":["A"],"coc_page_options":["a:2:{s:14:\"show_crazy_egg\";b:0;s:30:\"coc_partner_takeover_ads_story\";a:5:{s:20:\"coc_ad_story_desktop\";N;s:26:\"coc_ad_story_desktop_label\";s:0:\"\";s:19:\"coc_ad_story_mobile\";N;s:25:\"coc_ad_story_mobile_label\";s:0:\"\";s:16:\"coc_ad_story_url\";s:0:\"\";}}"],"coc_donor_video_options":["a:1:{s:21:\"donor_featured_videos\";a:0:{}}"],"coc_about_video_options":["a:1:{s:11:\"about_video\";a:3:{s:21:\"coc_about_video_title\";s:0:\"\";s:20:\"coc_about_video_text\";s:0:\"\";s:21:\"coc_about_youtube_url\";s:0:\"\";}}"],"coc_about_image_options":["a:1:{s:11:\"about_image\";a:3:{s:21:\"coc_about_image_title\";s:0:\"\";s:20:\"coc_about_image_text\";s:0:\"\";s:19:\"coc_about_image_url\";N;}}"],"coc_about_reporting_options":["a:1:{s:23:\"about_reporting_options\";a:0:{}}"],"coc_about_audit_options":["a:1:{s:19:\"about_audit_options\";a:0:{}}"],"coc_giving_options":["a:1:{s:14:\"giving_options\";a:0:{}}"],"coc_homepage_video_options":["a:1:{s:13:\"video_options\";a:1:{s:18:\"coc_homepage_video\";s:0:\"\";}}"],"coc_homepage_priorities":["a:1:{s:16:\"priority_options\";a:0:{}}"],"coc_homepage_campaign_options":["a:1:{s:16:\"campaign_options\";a:3:{s:24:\"coc_campaign_video_title\";s:0:\"\";s:23:\"coc_campaign_video_text\";s:0:\"\";s:24:\"coc_campaign_youtube_url\";s:0:\"\";}}"],"hof_selected_committee":["a:1:{s:11:\"hof_members\";a:0:{}}"],"hof_partners_options":["a:1:{s:12:\"hof_partners\";a:0:{}}"],"hof_search_excerpt":["a:1:{s:18:\"coc_search_excerpt\";s:0:\"\";}"],"_x_multifield_seo_accordion":["a:1:{i:0;a:2:{s:19:\"seo_accordion_title\";s:0:\"\";s:25:\"seo_accordion_description\";s:0:\"\";}}"]},"coauthors":[415985478],"class_list":["post-161259","page","type-page","status-publish","format-standard","hentry"],"acf":[],"yoast_head":"<!-- This site is optimized with the Yoast SEO plugin v27.3 - https:\/\/yoast.com\/product\/yoast-seo-wordpress\/ -->\n<title>Eugene Brosseau - \u00c9quipe Canada | Site officiel de l&#039;\u00e9quipe olympique<\/title>\n<meta name=\"robots\" content=\"index, follow, max-snippet:-1, max-image-preview:large, max-video-preview:-1\" \/>\n<link rel=\"canonical\" href=\"https:\/\/develop.olympic.ca\/olympique\/temple-de-la-renommee-olympique-du-canada\/eugene-brosseau\/\" \/>\n<meta property=\"og:locale\" content=\"fr_FR\" \/>\n<meta property=\"og:type\" content=\"article\" \/>\n<meta property=\"og:title\" content=\"Eugene Brosseau - \u00c9quipe Canada | Site officiel de l&#039;\u00e9quipe olympique\" \/>\n<meta property=\"og:description\" content=\"Le boxeur Eugene \u00ab\u00a0Gene\u00a0\u00bb Brosseau est le seul Canadien \u00e0 avoir remport\u00e9 le titre national amateur des \u00c9tats-Unis \u00e0 deux...\" \/>\n<meta property=\"og:url\" content=\"https:\/\/develop.olympic.ca\/olympique\/temple-de-la-renommee-olympique-du-canada\/eugene-brosseau\/\" \/>\n<meta property=\"og:site_name\" content=\"\u00c9quipe Canada | Site officiel de l&#039;\u00e9quipe olympique\" \/>\n<meta name=\"twitter:card\" content=\"summary_large_image\" \/>\n<meta name=\"twitter:label1\" content=\"Est. reading time\" \/>\n\t<meta name=\"twitter:data1\" content=\"2 minutes\" \/>\n\t<meta name=\"twitter:label2\" content=\"Written by\" \/>\n\t<meta name=\"twitter:data2\" content=\"Camille Laventure\" \/>\n<script type=\"application\/ld+json\" class=\"yoast-schema-graph\">{\"@context\":\"https:\\\/\\\/schema.org\",\"@graph\":[{\"@type\":\"WebPage\",\"@id\":\"https:\\\/\\\/develop.olympic.ca\\\/olympique\\\/temple-de-la-renommee-olympique-du-canada\\\/eugene-brosseau\\\/\",\"url\":\"https:\\\/\\\/develop.olympic.ca\\\/olympique\\\/temple-de-la-renommee-olympique-du-canada\\\/eugene-brosseau\\\/\",\"name\":\"Eugene Brosseau - \u00c9quipe Canada | Site officiel de l&#039;\u00e9quipe olympique\",\"isPartOf\":{\"@id\":\"https:\\\/\\\/develop.olympic.ca\\\/olympique\\\/#website\"},\"datePublished\":\"2020-05-28T18:21:12+00:00\",\"breadcrumb\":{\"@id\":\"https:\\\/\\\/develop.olympic.ca\\\/olympique\\\/temple-de-la-renommee-olympique-du-canada\\\/eugene-brosseau\\\/#breadcrumb\"},\"inLanguage\":\"fr-FR\",\"potentialAction\":[{\"@type\":\"ReadAction\",\"target\":[\"https:\\\/\\\/develop.olympic.ca\\\/olympique\\\/temple-de-la-renommee-olympique-du-canada\\\/eugene-brosseau\\\/\"]}]},{\"@type\":\"BreadcrumbList\",\"@id\":\"https:\\\/\\\/develop.olympic.ca\\\/olympique\\\/temple-de-la-renommee-olympique-du-canada\\\/eugene-brosseau\\\/#breadcrumb\",\"itemListElement\":[{\"@type\":\"ListItem\",\"position\":1,\"name\":\"Temple de la renomm\u00e9e olympique du Canada\",\"item\":\"https:\\\/\\\/develop.olympic.ca\\\/olympique\\\/temple-de-la-renommee-olympique-du-canada\\\/\"},{\"@type\":\"ListItem\",\"position\":2,\"name\":\"Eugene Brosseau\"}]},{\"@type\":\"WebSite\",\"@id\":\"https:\\\/\\\/develop.olympic.ca\\\/olympique\\\/#website\",\"url\":\"https:\\\/\\\/develop.olympic.ca\\\/olympique\\\/\",\"name\":\"\u00c9quipe Canada | Site officiel de l&#039;\u00e9quipe olympique\",\"description\":\"Votre source pour l\u2019\u00c9quipe olympique canadienne. Retrouvez les r\u00e9cits, vid\u00e9os et photos des athl\u00e8tes canadiens, sports olympiques, Jeux olympiques de 2020 et bien plus!\",\"potentialAction\":[{\"@type\":\"SearchAction\",\"target\":{\"@type\":\"EntryPoint\",\"urlTemplate\":\"https:\\\/\\\/develop.olympic.ca\\\/olympique\\\/?s={search_term_string}\"},\"query-input\":{\"@type\":\"PropertyValueSpecification\",\"valueRequired\":true,\"valueName\":\"search_term_string\"}}],\"inLanguage\":\"fr-FR\"}]}<\/script>\n<!-- \/ Yoast SEO plugin. -->","yoast_head_json":{"title":"Eugene Brosseau - \u00c9quipe Canada | Site officiel de l&#039;\u00e9quipe olympique","robots":{"index":"index","follow":"follow","max-snippet":"max-snippet:-1","max-image-preview":"max-image-preview:large","max-video-preview":"max-video-preview:-1"},"canonical":"https:\/\/develop.olympic.ca\/olympique\/temple-de-la-renommee-olympique-du-canada\/eugene-brosseau\/","og_locale":"fr_FR","og_type":"article","og_title":"Eugene Brosseau - \u00c9quipe Canada | Site officiel de l&#039;\u00e9quipe olympique","og_description":"Le boxeur Eugene \u00ab\u00a0Gene\u00a0\u00bb Brosseau est le seul Canadien \u00e0 avoir remport\u00e9 le titre national amateur des \u00c9tats-Unis \u00e0 deux...","og_url":"https:\/\/develop.olympic.ca\/olympique\/temple-de-la-renommee-olympique-du-canada\/eugene-brosseau\/","og_site_name":"\u00c9quipe Canada | Site officiel de l&#039;\u00e9quipe olympique","twitter_card":"summary_large_image","twitter_misc":{"Est. reading time":"2 minutes","Written by":"Camille Laventure"},"schema":{"@context":"https:\/\/schema.org","@graph":[{"@type":"WebPage","@id":"https:\/\/develop.olympic.ca\/olympique\/temple-de-la-renommee-olympique-du-canada\/eugene-brosseau\/","url":"https:\/\/develop.olympic.ca\/olympique\/temple-de-la-renommee-olympique-du-canada\/eugene-brosseau\/","name":"Eugene Brosseau - \u00c9quipe Canada | Site officiel de l&#039;\u00e9quipe olympique","isPartOf":{"@id":"https:\/\/develop.olympic.ca\/olympique\/#website"},"datePublished":"2020-05-28T18:21:12+00:00","breadcrumb":{"@id":"https:\/\/develop.olympic.ca\/olympique\/temple-de-la-renommee-olympique-du-canada\/eugene-brosseau\/#breadcrumb"},"inLanguage":"fr-FR","potentialAction":[{"@type":"ReadAction","target":["https:\/\/develop.olympic.ca\/olympique\/temple-de-la-renommee-olympique-du-canada\/eugene-brosseau\/"]}]},{"@type":"BreadcrumbList","@id":"https:\/\/develop.olympic.ca\/olympique\/temple-de-la-renommee-olympique-du-canada\/eugene-brosseau\/#breadcrumb","itemListElement":[{"@type":"ListItem","position":1,"name":"Temple de la renomm\u00e9e olympique du Canada","item":"https:\/\/develop.olympic.ca\/olympique\/temple-de-la-renommee-olympique-du-canada\/"},{"@type":"ListItem","position":2,"name":"Eugene Brosseau"}]},{"@type":"WebSite","@id":"https:\/\/develop.olympic.ca\/olympique\/#website","url":"https:\/\/develop.olympic.ca\/olympique\/","name":"\u00c9quipe Canada | Site officiel de l&#039;\u00e9quipe olympique","description":"Votre source pour l\u2019\u00c9quipe olympique canadienne. Retrouvez les r\u00e9cits, vid\u00e9os et photos des athl\u00e8tes canadiens, sports olympiques, Jeux olympiques de 2020 et bien plus!","potentialAction":[{"@type":"SearchAction","target":{"@type":"EntryPoint","urlTemplate":"https:\/\/develop.olympic.ca\/olympique\/?s={search_term_string}"},"query-input":{"@type":"PropertyValueSpecification","valueRequired":true,"valueName":"search_term_string"}}],"inLanguage":"fr-FR"}]}},"jetpack_sharing_enabled":true,"jetpack-related-posts":[],"jetpack_shortlink":"https:\/\/wp.me\/PbmyEP-FWX","_links":{"self":[{"href":"https:\/\/develop.olympic.ca\/olympique\/wp-json\/wp\/v2\/pages\/161259","targetHints":{"allow":["GET"]}}],"collection":[{"href":"https:\/\/develop.olympic.ca\/olympique\/wp-json\/wp\/v2\/pages"}],"about":[{"href":"https:\/\/develop.olympic.ca\/olympique\/wp-json\/wp\/v2\/types\/page"}],"author":[{"embeddable":true,"href":"https:\/\/develop.olympic.ca\/olympique\/wp-json\/wp\/v2\/users\/132655687"}],"replies":[{"embeddable":true,"href":"https:\/\/develop.olympic.ca\/olympique\/wp-json\/wp\/v2\/comments?post=161259"}],"version-history":[{"count":1,"href":"https:\/\/develop.olympic.ca\/olympique\/wp-json\/wp\/v2\/pages\/161259\/revisions"}],"predecessor-version":[{"id":161260,"href":"https:\/\/develop.olympic.ca\/olympique\/wp-json\/wp\/v2\/pages\/161259\/revisions\/161260"}],"up":[{"embeddable":true,"href":"https:\/\/develop.olympic.ca\/olympique\/wp-json\/wp\/v2\/pages\/28614"}],"wp:attachment":[{"href":"https:\/\/develop.olympic.ca\/olympique\/wp-json\/wp\/v2\/media?parent=161259"}],"wp:term":[{"taxonomy":"author","embeddable":true,"href":"https:\/\/develop.olympic.ca\/olympique\/wp-json\/wp\/v2\/coauthors?post=161259"}],"curies":[{"name":"wp","href":"https:\/\/api.w.org\/{rel}","templated":true}]}}