{"id":163891,"date":"2020-10-27T15:32:50","date_gmt":"2020-10-27T19:32:50","guid":{"rendered":"https:\/\/develop.olympic.ca\/olympique\/?page_id=163891"},"modified":"2020-10-27T15:32:50","modified_gmt":"2020-10-27T19:32:50","slug":"frank-garner","status":"publish","type":"page","link":"https:\/\/develop.olympic.ca\/olympique\/temple-de-la-renommee-olympique-du-canada\/frank-garner\/","title":{"rendered":"Frank Garner"},"content":{"rendered":"<p class=\"p1\"><i>Frank Garner a \u00e9t\u00e9 entra\u00eeneur de l\u2019\u00e9quipe canadienne olympique et officiel technique international de cano\u00eb\/kayak. Au cours de sa carri\u00e8re comme entra\u00eeneur, ses athl\u00e8tes ont remport\u00e9 six m\u00e9dailles olympiques aux Jeux de Los Angeles en 1984 et plus de 50 m\u00e9dailles internationales.<\/i><\/p>\n<p class=\"p1\">Alors qu\u2019il fr\u00e9quentait l\u2019\u00c9cole secondaire Port Credit en Ontario, Frank Garner a commenc\u00e9 \u00e0 pagayer dans le but de b\u00e2tir de la masse musculaire pour poursuivre son r\u00eave de devenir joueur de football. Il a commenc\u00e9 \u00e0 remporter des m\u00e9dailles nationales, le fait saillant de sa carri\u00e8re \u00e9tant sa m\u00e9daille de bronze au C-2 1000 m des Championnats du monde juniors de 1962 \u00e0 Essen, en Allemagne (avec Dale Sharpe).<\/p>\n<p class=\"p2\">Garner a \u00e9ventuellement quitt\u00e9 l\u2019Ontario pour fr\u00e9quenter l\u2019Universit\u00e9 St. Mary\u2019s en Nouvelle-\u00c9cosse en 1984 pour jouer au football, devenant capitaine de son \u00e9quipe \u00e0 sa derni\u00e8re ann\u00e9e. Il a re\u00e7u un baccalaur\u00e9at en arts en 1968, un baccalaur\u00e9at en \u00e9ducation en 1969 et une ma\u00eetrise d\u2019entra\u00eeneur. Garner est tomb\u00e9 amoureux de la province et ne l\u2019a jamais quitt\u00e9e, devenant le premier entra\u00eeneur-chef du nouveau Club de cano\u00eb Cheema \u00e0 Waverley, en Nouvelle-\u00c9cosse en 1969. \u00c0 sa premi\u00e8re d\u00e9cennie d\u2019existence, ce club est devenu une puissance nationale, ayant produit quelques-uns des meilleurs pagayeurs de la province. Garner est devenu entra\u00eeneur-chef de l\u2019\u00e9quipe de la Nouvelle-\u00c9cosse aux Jeux d\u2019\u00e9t\u00e9 du Canada de 1973, puis Cheema a d\u00e9croch\u00e9 le championnat canadien, une premi\u00e8re pour une \u00e9quipe de la Nouvelle-\u00c9cosse, aux Championnats nationaux de 1977. En 1975, Garner a quitt\u00e9 un poste \u00e0 temps plein comme professeur d\u2019\u00e9ducation physique pour devenir entra\u00eeneur de l\u2019\u00e9quipe olympique canadienne \u00e0 temps plein et pr\u00e9parer les \u00e9quipes en vue des Jeux de Montr\u00e9al en 1976 et ceux de Moscou en 1980 et de Los Angeles en 1984. Sous sa gouverne, ses athl\u00e8tes ont remport\u00e9 six m\u00e9dailles olympiques \u00e0 Los Angeles et plus de 50 m\u00e9dailles internationales.<\/p>\n<p class=\"p2\">De 1998 \u00e0 2005, Garner <span class=\"s1\">a jou\u00e9 un r\u00f4le important dans la promotion d\u2019Halifax et de la Nouvelle-\u00c9cosse comme destination pour des \u00e9v\u00e9nements alors qu\u2019il travaillait \u00e0 Events Halifax, <\/span>notamment le Championnat du monde de hockey junior de 2003, le Brier de curling Nokia de 2003 et le Championnat du monde de hockey f\u00e9minin de 2004. Il a \u00e9t\u00e9 directeur g\u00e9n\u00e9ral du comit\u00e9 d\u2019organisation des Championnats du monde de cano\u00eb en 2009 e<span class=\"s1\">t chef de mission de l\u2019\u00c9quipe de la Nouvelle-\u00c9cosse aux Jeux du Canada de 2011. Officiel international, Garner a \u00e9t\u00e9 l\u2019arbitre en chef des \u00e9preuves de cano\u00eb aux Jeux olympiques de Sydney en 2000, d\u2019Ath\u00e8nes en 2004, de Beijing en 2008, de Londres en 2012, de Rio en 2016 et aux Jeux panam\u00e9ricains de Winnipeg en 1999. Il a \u0153uvr\u00e9 au sein du conseil d\u2019administration de la F\u00e9d\u00e9ration internationale de cano\u00eb et comme pr\u00e9sident du comit\u00e9 de cano\u00eb de vitesse<\/span>, il a men\u00e9 la proposition pour un programme olympique avec une \u00e9galit\u00e9 des genres aux Jeux de Tokyo 2020. Garner a \u00e9t\u00e9 membre du comit\u00e9 consultatif d\u2019experts sur l\u2019\u00e9ducation avec le Centre canadien pour l\u2019\u00e9thique dans le sport. Il a \u00e9pous\u00e9 une instructrice de natation de Cheema, Paula Fenerty, et ils ont trois filles.<\/p>\n<p class=\"p3\">Un troph\u00e9e remis par Garner en 1975 \u00e9tait originalement pour le K-4 500 m juv\u00e9nile f\u00e9minin a \u00e9t\u00e9 transf\u00e9r\u00e9 au K-4\u00a0500 m f\u00e9minin des moins de 19 ans. Gagnant du Prix d\u2019excellence aux entra\u00eeneurs de l\u2019Association des entra\u00eeneurs en 1984, Garner a aussi \u00e9t\u00e9 nomm\u00e9 entra\u00eeneur amateur de l\u2019ann\u00e9e de la Nouvelle-\u00c9cosse en 1985 et r\u00e9cipiendaire du prix Edgar Gilbert. En 2013, le Frank Garner Boat House a \u00e9t\u00e9 nomm\u00e9 en son honneur au Club de cano\u00eb Cheema. Il a \u00e9t\u00e9 intronis\u00e9 au Temple de la renomm\u00e9e du sport de la Nouvelle-\u00c9cosse en 1984 et au Temple de la renomm\u00e9e olympique du Canada en 1995.<\/p>\n","protected":false},"excerpt":{"rendered":"<p>Frank Garner a \u00e9t\u00e9 entra\u00eeneur de l\u2019\u00e9quipe canadienne olympique et officiel technique international de cano\u00eb\/kayak. Au cours de sa carri\u00e8re&#8230;<\/p>\n","protected":false},"author":132655687,"featured_media":163892,"parent":28614,"menu_order":0,"comment_status":"closed","ping_status":"closed","template":"","meta":{"_edit_lock":["1603827251:132655687"],"_edit_last":["132655687"],"_thumbnail_id":["163892"],"_wp_page_template":["default"],"coc_games":[""],"_coc_games":["field_5e83bf020f51f"],"coc_trivia":[""],"_coc_trivia":["field_5e83bacdec2aa"],"coc_sharing_options":["a:1:{s:18:\"coc_hide_share_bar\";b:0;}"],"coc_campaign_options":["a:4:{s:16:\"coc_campaign_tag\";s:0:\"\";s:15:\"coc_campaign_bg\";N;s:25:\"coc_campaign_bg_downloads\";a:0:{}s:20:\"coc_campaign_posters\";a:0:{}}"],"coc_team_options":["a:1:{s:15:\"coc_game_select\";i:156417;}"],"coc_oc_landing_options":["a:2:{s:17:\"coc_oc_landing_bg\";N;s:22:\"coc_oc_landing_stories\";a:0:{}}"],"coc_edit_profile_options":["a:1:{s:20:\"coc_favourite_sports\";a:0:{}}"],"coc_oc_reward_options":["a:12:{s:16:\"coc_oc_reward_id\";s:0:\"\";s:20:\"coc_oc_reward_points\";s:0:\"\";s:19:\"coc_oc_reward_rules\";N;s:31:\"coc_oc_digital_download_desktop\";N;s:30:\"coc_oc_digital_download_mobile\";N;s:32:\"coc_oc_digital_download_facebook\";N;s:29:\"coc_oc_reward_success_message\";s:0:\"\";s:23:\"coc_oc_facebook_content\";s:0:\"\";s:22:\"coc_oc_twitter_content\";s:0:\"\";s:24:\"coc_oc_social_contest_id\";s:0:\"\";s:31:\"coc_oc_reward_logged_in_message\";s:0:\"\";s:32:\"coc_oc_reward_logged_out_message\";s:0:\"\";}"],"coc_press_options":["a:2:{s:28:\"coc_press_additional_content\";s:0:\"\";s:27:\"coc_press_resource_category\";a:0:{}}"],"coc_breaking_news_options":["a:1:{s:25:\"coc_breaking_news_details\";a:0:{}}"],"coc_be_olympic_options":["a:8:{s:37:\"coc_be_olympic_exclusive_content_link\";s:0:\"\";s:27:\"coc_be_olympic_videos_title\";s:0:\"\";s:21:\"coc_be_olympic_videos\";a:0:{}s:27:\"coc_be_olympic_photos_title\";s:0:\"\";s:21:\"coc_be_olympic_photos\";a:0:{}s:24:\"coc_be_olympic_downloads\";a:0:{}s:22:\"coc_be_olympic_quizzes\";a:0:{}s:26:\"coc_be_olympic_fan_fun_ads\";a:0:{}}"],"coc_fan_fun_options":["a:2:{s:23:\"coc_fan_fun_hammer_time\";a:2:{s:29:\"coc_fan_fun_hammer_time_image\";N;s:27:\"coc_fan_fun_hammer_time_url\";s:0:\"\";}s:22:\"coc_fan_fun_torch_dash\";a:2:{s:28:\"coc_fan_fun_torch_dash_image\";N;s:26:\"coc_fan_fun_torch_dash_url\";s:0:\"\";}}"],"coc_interactive_game_options":["a:3:{s:28:\"coc_interactive_game_message\";s:0:\"\";s:24:\"coc_interactive_game_url\";s:0:\"\";s:27:\"coc_interactive_game_iframe\";b:0;}"],"coc_olympic_club_options":["a:1:{s:12:\"redirect_url\";s:0:\"\";}"],"coc_favorites_options":["a:3:{s:13:\"content_types\";a:0:{}s:7:\"seasons\";a:0:{}s:4:\"gear\";a:0:{}}"],"coc_og_tags":["a:3:{s:8:\"og_title\";s:0:\"\";s:14:\"og_description\";s:0:\"\";s:8:\"og_image\";N;}"],"coc_education_options":["A"],"coc_page_options":["a:2:{s:14:\"show_crazy_egg\";b:0;s:30:\"coc_partner_takeover_ads_story\";a:5:{s:20:\"coc_ad_story_desktop\";N;s:26:\"coc_ad_story_desktop_label\";s:0:\"\";s:19:\"coc_ad_story_mobile\";N;s:25:\"coc_ad_story_mobile_label\";s:0:\"\";s:16:\"coc_ad_story_url\";s:0:\"\";}}"],"coc_donor_video_options":["a:1:{s:21:\"donor_featured_videos\";a:0:{}}"],"coc_about_video_options":["a:1:{s:11:\"about_video\";a:3:{s:21:\"coc_about_video_title\";s:0:\"\";s:20:\"coc_about_video_text\";s:0:\"\";s:21:\"coc_about_youtube_url\";s:0:\"\";}}"],"coc_about_image_options":["a:1:{s:11:\"about_image\";a:3:{s:21:\"coc_about_image_title\";s:0:\"\";s:20:\"coc_about_image_text\";s:0:\"\";s:19:\"coc_about_image_url\";N;}}"],"coc_about_reporting_options":["a:1:{s:23:\"about_reporting_options\";a:0:{}}"],"coc_about_audit_options":["a:1:{s:19:\"about_audit_options\";a:0:{}}"],"coc_giving_options":["a:1:{s:14:\"giving_options\";a:0:{}}"],"coc_homepage_video_options":["a:1:{s:13:\"video_options\";a:1:{s:18:\"coc_homepage_video\";s:0:\"\";}}"],"coc_homepage_priorities":["a:1:{s:16:\"priority_options\";a:0:{}}"],"coc_homepage_campaign_options":["a:1:{s:16:\"campaign_options\";a:3:{s:24:\"coc_campaign_video_title\";s:0:\"\";s:23:\"coc_campaign_video_text\";s:0:\"\";s:24:\"coc_campaign_youtube_url\";s:0:\"\";}}"],"hof_selected_committee":["a:1:{s:11:\"hof_members\";a:0:{}}"],"hof_partners_options":["a:1:{s:12:\"hof_partners\";a:0:{}}"],"hof_search_excerpt":["a:1:{s:18:\"coc_search_excerpt\";s:0:\"\";}"],"_x_multifield_seo_accordion":["a:1:{i:0;a:2:{s:19:\"seo_accordion_title\";s:0:\"\";s:25:\"seo_accordion_description\";s:0:\"\";}}"]},"coauthors":[415985478],"class_list":["post-163891","page","type-page","status-publish","format-standard","has-post-thumbnail","hentry"],"acf":[],"yoast_head":"<!-- This site is optimized with the Yoast SEO plugin v27.3 - https:\/\/yoast.com\/product\/yoast-seo-wordpress\/ -->\n<title>Frank Garner - \u00c9quipe Canada | Site officiel de l&#039;\u00e9quipe olympique<\/title>\n<meta name=\"robots\" content=\"index, follow, max-snippet:-1, max-image-preview:large, max-video-preview:-1\" \/>\n<link rel=\"canonical\" href=\"https:\/\/develop.olympic.ca\/olympique\/temple-de-la-renommee-olympique-du-canada\/frank-garner\/\" \/>\n<meta property=\"og:locale\" content=\"fr_FR\" \/>\n<meta property=\"og:type\" content=\"article\" \/>\n<meta property=\"og:title\" content=\"Frank Garner - \u00c9quipe Canada | Site officiel de l&#039;\u00e9quipe olympique\" \/>\n<meta property=\"og:description\" content=\"Frank Garner a \u00e9t\u00e9 entra\u00eeneur de l\u2019\u00e9quipe canadienne olympique et officiel technique international de cano\u00eb\/kayak. Au cours de sa carri\u00e8re...\" \/>\n<meta property=\"og:url\" content=\"https:\/\/develop.olympic.ca\/olympique\/temple-de-la-renommee-olympique-du-canada\/frank-garner\/\" \/>\n<meta property=\"og:site_name\" content=\"\u00c9quipe Canada | Site officiel de l&#039;\u00e9quipe olympique\" \/>\n<meta property=\"og:image\" content=\"https:\/\/develop.olympic.ca\/olympique\/wp-content\/uploads\/sites\/2\/2020\/10\/frank-garner-nova-scotia-sports-hof-crop.jpg?quality=100\" \/>\n\t<meta property=\"og:image:width\" content=\"1010\" \/>\n\t<meta property=\"og:image:height\" content=\"568\" \/>\n\t<meta property=\"og:image:type\" content=\"image\/jpeg\" \/>\n<meta name=\"twitter:card\" content=\"summary_large_image\" \/>\n<meta name=\"twitter:label1\" content=\"Est. reading time\" \/>\n\t<meta name=\"twitter:data1\" content=\"3 minutes\" \/>\n\t<meta name=\"twitter:label2\" content=\"Written by\" \/>\n\t<meta name=\"twitter:data2\" content=\"Camille Laventure\" \/>\n<script type=\"application\/ld+json\" class=\"yoast-schema-graph\">{\"@context\":\"https:\\\/\\\/schema.org\",\"@graph\":[{\"@type\":\"WebPage\",\"@id\":\"https:\\\/\\\/develop.olympic.ca\\\/olympique\\\/temple-de-la-renommee-olympique-du-canada\\\/frank-garner\\\/\",\"url\":\"https:\\\/\\\/develop.olympic.ca\\\/olympique\\\/temple-de-la-renommee-olympique-du-canada\\\/frank-garner\\\/\",\"name\":\"Frank Garner - \u00c9quipe Canada | Site officiel de l&#039;\u00e9quipe olympique\",\"isPartOf\":{\"@id\":\"https:\\\/\\\/develop.olympic.ca\\\/olympique\\\/#website\"},\"primaryImageOfPage\":{\"@id\":\"https:\\\/\\\/develop.olympic.ca\\\/olympique\\\/temple-de-la-renommee-olympique-du-canada\\\/frank-garner\\\/#primaryimage\"},\"image\":{\"@id\":\"https:\\\/\\\/develop.olympic.ca\\\/olympique\\\/temple-de-la-renommee-olympique-du-canada\\\/frank-garner\\\/#primaryimage\"},\"thumbnailUrl\":\"https:\\\/\\\/develop.olympic.ca\\\/olympique\\\/wp-content\\\/uploads\\\/sites\\\/2\\\/2020\\\/10\\\/frank-garner-nova-scotia-sports-hof-crop.jpg?quality=100\",\"datePublished\":\"2020-10-27T19:32:50+00:00\",\"breadcrumb\":{\"@id\":\"https:\\\/\\\/develop.olympic.ca\\\/olympique\\\/temple-de-la-renommee-olympique-du-canada\\\/frank-garner\\\/#breadcrumb\"},\"inLanguage\":\"fr-FR\",\"potentialAction\":[{\"@type\":\"ReadAction\",\"target\":[\"https:\\\/\\\/develop.olympic.ca\\\/olympique\\\/temple-de-la-renommee-olympique-du-canada\\\/frank-garner\\\/\"]}]},{\"@type\":\"ImageObject\",\"inLanguage\":\"fr-FR\",\"@id\":\"https:\\\/\\\/develop.olympic.ca\\\/olympique\\\/temple-de-la-renommee-olympique-du-canada\\\/frank-garner\\\/#primaryimage\",\"url\":\"https:\\\/\\\/develop.olympic.ca\\\/olympique\\\/wp-content\\\/uploads\\\/sites\\\/2\\\/2020\\\/10\\\/frank-garner-nova-scotia-sports-hof-crop.jpg?quality=100\",\"contentUrl\":\"https:\\\/\\\/develop.olympic.ca\\\/olympique\\\/wp-content\\\/uploads\\\/sites\\\/2\\\/2020\\\/10\\\/frank-garner-nova-scotia-sports-hof-crop.jpg?quality=100\",\"width\":1010,\"height\":568},{\"@type\":\"BreadcrumbList\",\"@id\":\"https:\\\/\\\/develop.olympic.ca\\\/olympique\\\/temple-de-la-renommee-olympique-du-canada\\\/frank-garner\\\/#breadcrumb\",\"itemListElement\":[{\"@type\":\"ListItem\",\"position\":1,\"name\":\"Temple de la renomm\u00e9e olympique du Canada\",\"item\":\"https:\\\/\\\/develop.olympic.ca\\\/olympique\\\/temple-de-la-renommee-olympique-du-canada\\\/\"},{\"@type\":\"ListItem\",\"position\":2,\"name\":\"Frank Garner\"}]},{\"@type\":\"WebSite\",\"@id\":\"https:\\\/\\\/develop.olympic.ca\\\/olympique\\\/#website\",\"url\":\"https:\\\/\\\/develop.olympic.ca\\\/olympique\\\/\",\"name\":\"\u00c9quipe Canada | Site officiel de l&#039;\u00e9quipe olympique\",\"description\":\"Votre source pour l\u2019\u00c9quipe olympique canadienne. Retrouvez les r\u00e9cits, vid\u00e9os et photos des athl\u00e8tes canadiens, sports olympiques, Jeux olympiques de 2020 et bien plus!\",\"potentialAction\":[{\"@type\":\"SearchAction\",\"target\":{\"@type\":\"EntryPoint\",\"urlTemplate\":\"https:\\\/\\\/develop.olympic.ca\\\/olympique\\\/?s={search_term_string}\"},\"query-input\":{\"@type\":\"PropertyValueSpecification\",\"valueRequired\":true,\"valueName\":\"search_term_string\"}}],\"inLanguage\":\"fr-FR\"}]}<\/script>\n<!-- \/ Yoast SEO plugin. -->","yoast_head_json":{"title":"Frank Garner - \u00c9quipe Canada | Site officiel de l&#039;\u00e9quipe olympique","robots":{"index":"index","follow":"follow","max-snippet":"max-snippet:-1","max-image-preview":"max-image-preview:large","max-video-preview":"max-video-preview:-1"},"canonical":"https:\/\/develop.olympic.ca\/olympique\/temple-de-la-renommee-olympique-du-canada\/frank-garner\/","og_locale":"fr_FR","og_type":"article","og_title":"Frank Garner - \u00c9quipe Canada | Site officiel de l&#039;\u00e9quipe olympique","og_description":"Frank Garner a \u00e9t\u00e9 entra\u00eeneur de l\u2019\u00e9quipe canadienne olympique et officiel technique international de cano\u00eb\/kayak. Au cours de sa carri\u00e8re...","og_url":"https:\/\/develop.olympic.ca\/olympique\/temple-de-la-renommee-olympique-du-canada\/frank-garner\/","og_site_name":"\u00c9quipe Canada | Site officiel de l&#039;\u00e9quipe olympique","og_image":[{"width":1010,"height":568,"url":"https:\/\/develop.olympic.ca\/olympique\/wp-content\/uploads\/sites\/2\/2020\/10\/frank-garner-nova-scotia-sports-hof-crop.jpg?quality=100","type":"image\/jpeg"}],"twitter_card":"summary_large_image","twitter_misc":{"Est. reading time":"3 minutes","Written by":"Camille Laventure"},"schema":{"@context":"https:\/\/schema.org","@graph":[{"@type":"WebPage","@id":"https:\/\/develop.olympic.ca\/olympique\/temple-de-la-renommee-olympique-du-canada\/frank-garner\/","url":"https:\/\/develop.olympic.ca\/olympique\/temple-de-la-renommee-olympique-du-canada\/frank-garner\/","name":"Frank Garner - \u00c9quipe Canada | Site officiel de l&#039;\u00e9quipe olympique","isPartOf":{"@id":"https:\/\/develop.olympic.ca\/olympique\/#website"},"primaryImageOfPage":{"@id":"https:\/\/develop.olympic.ca\/olympique\/temple-de-la-renommee-olympique-du-canada\/frank-garner\/#primaryimage"},"image":{"@id":"https:\/\/develop.olympic.ca\/olympique\/temple-de-la-renommee-olympique-du-canada\/frank-garner\/#primaryimage"},"thumbnailUrl":"https:\/\/develop.olympic.ca\/olympique\/wp-content\/uploads\/sites\/2\/2020\/10\/frank-garner-nova-scotia-sports-hof-crop.jpg?quality=100","datePublished":"2020-10-27T19:32:50+00:00","breadcrumb":{"@id":"https:\/\/develop.olympic.ca\/olympique\/temple-de-la-renommee-olympique-du-canada\/frank-garner\/#breadcrumb"},"inLanguage":"fr-FR","potentialAction":[{"@type":"ReadAction","target":["https:\/\/develop.olympic.ca\/olympique\/temple-de-la-renommee-olympique-du-canada\/frank-garner\/"]}]},{"@type":"ImageObject","inLanguage":"fr-FR","@id":"https:\/\/develop.olympic.ca\/olympique\/temple-de-la-renommee-olympique-du-canada\/frank-garner\/#primaryimage","url":"https:\/\/develop.olympic.ca\/olympique\/wp-content\/uploads\/sites\/2\/2020\/10\/frank-garner-nova-scotia-sports-hof-crop.jpg?quality=100","contentUrl":"https:\/\/develop.olympic.ca\/olympique\/wp-content\/uploads\/sites\/2\/2020\/10\/frank-garner-nova-scotia-sports-hof-crop.jpg?quality=100","width":1010,"height":568},{"@type":"BreadcrumbList","@id":"https:\/\/develop.olympic.ca\/olympique\/temple-de-la-renommee-olympique-du-canada\/frank-garner\/#breadcrumb","itemListElement":[{"@type":"ListItem","position":1,"name":"Temple de la renomm\u00e9e olympique du Canada","item":"https:\/\/develop.olympic.ca\/olympique\/temple-de-la-renommee-olympique-du-canada\/"},{"@type":"ListItem","position":2,"name":"Frank Garner"}]},{"@type":"WebSite","@id":"https:\/\/develop.olympic.ca\/olympique\/#website","url":"https:\/\/develop.olympic.ca\/olympique\/","name":"\u00c9quipe Canada | Site officiel de l&#039;\u00e9quipe olympique","description":"Votre source pour l\u2019\u00c9quipe olympique canadienne. Retrouvez les r\u00e9cits, vid\u00e9os et photos des athl\u00e8tes canadiens, sports olympiques, Jeux olympiques de 2020 et bien plus!","potentialAction":[{"@type":"SearchAction","target":{"@type":"EntryPoint","urlTemplate":"https:\/\/develop.olympic.ca\/olympique\/?s={search_term_string}"},"query-input":{"@type":"PropertyValueSpecification","valueRequired":true,"valueName":"search_term_string"}}],"inLanguage":"fr-FR"}]}},"jetpack_sharing_enabled":true,"jetpack-related-posts":[],"jetpack_shortlink":"https:\/\/wp.me\/PbmyEP-GDp","_links":{"self":[{"href":"https:\/\/develop.olympic.ca\/olympique\/wp-json\/wp\/v2\/pages\/163891","targetHints":{"allow":["GET"]}}],"collection":[{"href":"https:\/\/develop.olympic.ca\/olympique\/wp-json\/wp\/v2\/pages"}],"about":[{"href":"https:\/\/develop.olympic.ca\/olympique\/wp-json\/wp\/v2\/types\/page"}],"author":[{"embeddable":true,"href":"https:\/\/develop.olympic.ca\/olympique\/wp-json\/wp\/v2\/users\/132655687"}],"replies":[{"embeddable":true,"href":"https:\/\/develop.olympic.ca\/olympique\/wp-json\/wp\/v2\/comments?post=163891"}],"version-history":[{"count":1,"href":"https:\/\/develop.olympic.ca\/olympique\/wp-json\/wp\/v2\/pages\/163891\/revisions"}],"predecessor-version":[{"id":163893,"href":"https:\/\/develop.olympic.ca\/olympique\/wp-json\/wp\/v2\/pages\/163891\/revisions\/163893"}],"up":[{"embeddable":true,"href":"https:\/\/develop.olympic.ca\/olympique\/wp-json\/wp\/v2\/pages\/28614"}],"wp:featuredmedia":[{"embeddable":true,"href":"https:\/\/develop.olympic.ca\/olympique\/wp-json\/wp\/v2\/media\/163892"}],"wp:attachment":[{"href":"https:\/\/develop.olympic.ca\/olympique\/wp-json\/wp\/v2\/media?parent=163891"}],"wp:term":[{"taxonomy":"author","embeddable":true,"href":"https:\/\/develop.olympic.ca\/olympique\/wp-json\/wp\/v2\/coauthors?post=163891"}],"curies":[{"name":"wp","href":"https:\/\/api.w.org\/{rel}","templated":true}]}}