{"id":166135,"date":"2021-01-08T10:41:34","date_gmt":"2021-01-08T15:41:34","guid":{"rendered":"https:\/\/develop.olympic.ca\/olympique\/?page_id=166135"},"modified":"2022-12-01T14:06:02","modified_gmt":"2022-12-01T19:06:02","slug":"le-sport-en-toute-securite","status":"publish","type":"page","link":"https:\/\/develop.olympic.ca\/olympique\/comite-olympique-canadien\/gouvernance\/le-sport-en-toute-securite\/","title":{"rendered":"Le sport en toute s\u00e9curit\u00e9"},"content":{"rendered":"\n<p class=\"wp-block-paragraph\">Le Comit\u00e9 olympique canadien et la fondation olympique canadienne ( ci-apr\u00e8s le \u00ab COC \u00bb) pr\u00f4nent un sport s\u00e9curitaire qui est libre de toute forme de maltraitance. Nous jouons tous un r\u00f4le dans la cr\u00e9ation d\u2019une culture saine qui favorise une pratique sportive s\u00fbre et offre aux athl\u00e8tes, aux entra\u00eeneurs et \u00e0 tous les membres de la communaut\u00e9 sportive de bonnes ressources en mati\u00e8re d\u2019\u00e9ducation et de signalement.<\/p>\n\n\n\n<p class=\"wp-block-paragraph\">La pr\u00e9sence de maltraitance dans le sport exige un effort concert\u00e9 et syst\u00e9mique de la part de diverses organisations et gouvernements pour se r\u00e9unir et identifier des solutions, puis d\u00e9finir clairement les r\u00f4les et responsabilit\u00e9s. Le COC s\u2019engage \u00e0 utiliser son r\u00f4le unique au sein du syst\u00e8me sportif canadien ainsi que son r\u00e9seau, ses ressources et sa capacit\u00e9 pour faire sa part afin que la s\u00e9curit\u00e9 dans le sport soit la norme. La sant\u00e9 et la s\u00e9curit\u00e9 de tous ceux qui jouent ou travaillent pour \u00c9quipe Canada resteront toujours la priorit\u00e9 absolue.<\/p>\n\n\n\n<p class=\"wp-block-paragraph\">Le 1 d\u00e9cembre 2022, le COC a formellement adopt\u00e9 le <a href=\"https:\/\/commissaireintegritesport.ca\/ccums\" target=\"_blank\" rel=\"noreferrer noopener\">Code de conduite universel pour pr\u00e9venir et contrer la maltraitance dans le sport (CCUMS)<\/a> et s\u2019est joint au programme Sport sans abus, le programme ind\u00e9pendant pour pr\u00e9venir et contrer la maltraitance dans le sport au Canada. Le COC et ses parties prenantes profiteront de l\u2019acc\u00e8s aux services du Bureau du Commissaire \u00e0 l\u2019int\u00e9grit\u00e9 dans le sport (BCIS). Le BCIS est responsable de l\u2019administration du CCUMS pour le compte du COC et est la pierre angulaire du programme Sport sans abus.<\/p>\n\n\n\n<hr class=\"wp-block-separator has-alpha-channel-opacity\" \/>\n\n\n\n<h2 class=\"wp-block-heading\"><strong>D\u00e9poser une plainte concernant des participants du COC<\/strong><\/h2>\n\n\n\n<p class=\"wp-block-paragraph\">Le <em><a href=\"https:\/\/commissaireintegritesport.ca\/ccums\" target=\"_blank\" rel=\"noreferrer noopener\">CCUMS<\/a><\/em> d\u00e9finit nos attentes en mati\u00e8re de conduite et de comportement pour promouvoir une culture sportive respectueuse qui offre des exp\u00e9riences sportives de qualit\u00e9, inclusives, accessibles, accueillantes et s\u00e9curitaires. Le <em>CCUMS<\/em> s\u2019applique g\u00e9n\u00e9ralement \u00e0 toutes les participants impliqu\u00e9s dans les activit\u00e9s du COC, y compris, sans s\u2019y limiter, \u00e0 tous les \u00e9v\u00e9nements pour lesquels le COC a comp\u00e9tence tel que les Jeux olympiques, les Jeux panam\u00e9ricains, les Jeux olympiques de la jeunesse et les Jeux panam\u00e9ricains junior, ainsi que toutes les autres manifestation et activit\u00e9s organis\u00e9es ou sous la responsabilit\u00e9 du COC.<\/p>\n\n\n\n<p class=\"wp-block-paragraph\">Nous attendons des personnes individus impliqu\u00e9s dans les activit\u00e9s du COC et de tous ceux qui participent au Mouvement olympique au Canada qu\u2019ils se conduisent avec int\u00e9grit\u00e9 et selon les normes de conduite les plus \u00e9lev\u00e9es, conform\u00e9ment aux valeurs du COC, aux valeurs olympiques, et aux normes de conduites \u00e9tablies dans le <em>CCUMS<\/em>.\u00a0Conform\u00e9ment au <em>CCUMS<\/em>, les participants doivent signaler tous les cas soup\u00e7onn\u00e9s ou \u00e9tablis de maltraitance au Bureau du Commissaire \u00e0 l\u2019int\u00e9grit\u00e9 dans le sport (BCIS), en suivant la proc\u00e9dure \u00e9tablie sur le site internet du BCIS: <a href=\"https:\/\/commissaireintegritesport.ca\/\" target=\"_blank\" rel=\"noreferrer noopener\">https:\/\/commissaireintegritesport.ca\/<\/a>.\u00a0 Le BCIS est charg\u00e9 d\u2019administrer le CCUMS \u00e0 l\u2019aide de processus qui tiennent compte des traumatismes, qui sont empathiques, efficaces et qui offrent justice, respect et \u00e9quit\u00e9 \u00e0 toutes les parties concern\u00e9es.<\/p>\n\n\n\n<p class=\"wp-block-paragraph\">Par ailleurs, les personnes peuvent \u00e9galement signaler une plainte selon la proc\u00e9dure \u00e9tablie dans <em><a href=\"https:\/\/develop.olympic.ca\/olympique\/wp-content\/uploads\/sites\/2\/2022\/12\/COC_Politique-sur-la-denonciation_FRC-VERSION-FINALE73.pdf\" target=\"_blank\" rel=\"noreferrer noopener\">la politique du COC sur la d\u00e9nonciation<\/a><\/em>. Veuillez prendre note que tout signalement de maltraitance fait conform\u00e9ment \u00e0 <em>la politique du COC sur la d\u00e9nonciation<\/em> pourrait \u00eatre redirig\u00e9 vers le BCIS conform\u00e9ment \u00e0 l\u2019obligation du COC de signaler en vertu du CCUMS.<\/p>\n\n\n\n<hr class=\"wp-block-separator has-alpha-channel-opacity\" \/>\n\n\n\n<h2 class=\"wp-block-heading\"><strong>Comment d\u00e9poser une plainte concernant un ONS<\/strong><\/h2>\n\n\n\n<p class=\"wp-block-paragraph\">Chaque organisme national de sport a sa propre proc\u00e9dure de plainte. Nous vous encourageons \u00e0 visiter le site Web de chaque ONS pour conna\u00eetre leur politiques et proc\u00e9dures respectives.<\/p>\n\n\n\n<p class=\"wp-block-paragraph\">Vous pouvez aussi contacter la Ligne d\u2019assistance du sport canadien, une ligne t\u00e9l\u00e9phonique nationale bilingue gratuite et confidentielle pour le harc\u00e8lement, les abus et la discrimination, qui vise \u00e0 offrir un endroit s\u00fbr pour les victimes et les t\u00e9moins d\u2019abus, de harc\u00e8lement et de discrimination dans le sport afin de pouvoir partager leurs pr\u00e9occupations.<\/p>\n\n\n\n<p class=\"wp-block-paragraph\">La ligne d\u2019assistance du sport canadien fournira aux appelants des conseils sur les prochaines \u00e9tapes \u00e0 suivre, et les orientera vers les services et ressources nationaux et locaux les plus appropri\u00e9s \u00e0 leur disposition, notamment la police, les services de protection de l\u2019enfance, les lignes d\u2019assistance t\u00e9l\u00e9phonique provinciales\/territoriales existantes, ou tout autre service pertinent.Elle offre des services professionnels d\u2019\u00e9coute et d\u2019orientation par t\u00e9l\u00e9phone et par texto au 1-888-83-SPORT (77678) et par courriel \u00e0 <a>info@sport-sans-abus.ca<\/a>, de 8 h \u00e0 20 h (HE), sept jours sur sept.<\/p>\n\n\n\n<hr class=\"wp-block-separator has-alpha-channel-opacity\" \/>\n\n\n\n<h2 class=\"wp-block-heading\">Ressources<\/h2>\n\n\n\n<p class=\"wp-block-paragraph\"><a href=\"https:\/\/commissaireintegritesport.ca\/ccums\">Code de conduite universel pour pr\u00e9venir et contrer la maltraitance dans le sport (CCUMS)<\/a><\/p>\n\n\n\n<p class=\"wp-block-paragraph\"><a href=\"https:\/\/develop.olympic.ca\/olympique\/wp-content\/uploads\/sites\/2\/2022\/12\/Politique-du-COC-sur-la-gestion-des-plaintes-en-matiere-de-sport-securitaire-FINAL.pdf\">Politique du COC sur les gestion des plaintes en mati\u00e8re de sport s\u00e9curitaire<\/a><\/p>\n\n\n\n<p class=\"wp-block-paragraph\"><a href=\"https:\/\/develop.olympic.ca\/olympique\/wp-content\/uploads\/sites\/2\/2022\/12\/COC_Politique-sur-la-denonciation_FRC-VERSION-FINALE73.pdf\" target=\"_blank\" rel=\"noreferrer noopener\">Politique du COC sur la d\u00e9nonciation<\/a><\/p>\n","protected":false},"excerpt":{"rendered":"<p>Le Comit\u00e9 olympique canadien et la fondation olympique canadienne ( ci-apr\u00e8s le \u00ab COC \u00bb) pr\u00f4nent un sport s\u00e9curitaire qui&#8230;<\/p>\n","protected":false},"author":52435436,"featured_media":0,"parent":3114,"menu_order":0,"comment_status":"closed","ping_status":"closed","template":"templates\/template-about.php","meta":{"_last_editor_used_jetpack":["block-editor"],"_edit_lock":["1669921563:157630672"],"_edit_last":["157630672"],"_wp_page_template":["templates\/template-about.php"],"coc_games":[""],"_coc_games":["field_5e83bf020f51f"],"coc_trivia":[""],"_coc_trivia":["field_5e83bacdec2aa"],"coc_sharing_options":["a:1:{s:18:\"coc_hide_share_bar\";b:0;}"],"coc_campaign_options":["a:4:{s:16:\"coc_campaign_tag\";s:0:\"\";s:15:\"coc_campaign_bg\";N;s:25:\"coc_campaign_bg_downloads\";a:0:{}s:20:\"coc_campaign_posters\";a:0:{}}"],"coc_team_options":["a:1:{s:15:\"coc_game_select\";i:156417;}"],"coc_oc_landing_options":["a:2:{s:17:\"coc_oc_landing_bg\";N;s:22:\"coc_oc_landing_stories\";a:0:{}}"],"coc_edit_profile_options":["a:1:{s:20:\"coc_favourite_sports\";a:0:{}}"],"coc_oc_reward_options":["a:13:{s:16:\"coc_oc_reward_id\";s:0:\"\";s:19:\"coc_oc_ac_reward_id\";s:0:\"\";s:20:\"coc_oc_reward_points\";s:0:\"\";s:19:\"coc_oc_reward_rules\";N;s:31:\"coc_oc_digital_download_desktop\";N;s:30:\"coc_oc_digital_download_mobile\";N;s:32:\"coc_oc_digital_download_facebook\";N;s:29:\"coc_oc_reward_success_message\";s:0:\"\";s:23:\"coc_oc_facebook_content\";s:0:\"\";s:22:\"coc_oc_twitter_content\";s:0:\"\";s:24:\"coc_oc_social_contest_id\";s:0:\"\";s:31:\"coc_oc_reward_logged_in_message\";s:0:\"\";s:32:\"coc_oc_reward_logged_out_message\";s:0:\"\";}"],"coc_press_options":["a:2:{s:28:\"coc_press_additional_content\";s:0:\"\";s:27:\"coc_press_resource_category\";a:0:{}}"],"coc_breaking_news_options":["a:1:{s:25:\"coc_breaking_news_details\";a:0:{}}"],"coc_be_olympic_options":["a:8:{s:37:\"coc_be_olympic_exclusive_content_link\";s:0:\"\";s:27:\"coc_be_olympic_videos_title\";s:0:\"\";s:21:\"coc_be_olympic_videos\";a:0:{}s:27:\"coc_be_olympic_photos_title\";s:0:\"\";s:21:\"coc_be_olympic_photos\";a:0:{}s:24:\"coc_be_olympic_downloads\";a:0:{}s:22:\"coc_be_olympic_quizzes\";a:0:{}s:26:\"coc_be_olympic_fan_fun_ads\";a:0:{}}"],"coc_fan_fun_options":["a:2:{s:23:\"coc_fan_fun_hammer_time\";a:2:{s:29:\"coc_fan_fun_hammer_time_image\";N;s:27:\"coc_fan_fun_hammer_time_url\";s:0:\"\";}s:22:\"coc_fan_fun_torch_dash\";a:2:{s:28:\"coc_fan_fun_torch_dash_image\";N;s:26:\"coc_fan_fun_torch_dash_url\";s:0:\"\";}}"],"coc_interactive_game_options":["a:3:{s:28:\"coc_interactive_game_message\";s:0:\"\";s:24:\"coc_interactive_game_url\";s:0:\"\";s:27:\"coc_interactive_game_iframe\";b:0;}"],"coc_olympic_club_options":["a:1:{s:12:\"redirect_url\";s:0:\"\";}"],"coc_favorites_options":["a:3:{s:13:\"content_types\";a:0:{}s:7:\"seasons\";a:0:{}s:4:\"gear\";a:0:{}}"],"coc_og_tags":["a:3:{s:8:\"og_title\";s:0:\"\";s:14:\"og_description\";s:0:\"\";s:8:\"og_image\";N;}"],"coc_education_options":["A"],"coc_page_options":["a:2:{s:14:\"show_crazy_egg\";b:0;s:30:\"coc_partner_takeover_ads_story\";a:5:{s:20:\"coc_ad_story_desktop\";N;s:26:\"coc_ad_story_desktop_label\";s:0:\"\";s:19:\"coc_ad_story_mobile\";N;s:25:\"coc_ad_story_mobile_label\";s:0:\"\";s:16:\"coc_ad_story_url\";s:0:\"\";}}"],"coc_donor_video_options":["a:1:{s:21:\"donor_featured_videos\";a:0:{}}"],"coc_about_video_options":["a:1:{s:11:\"about_video\";a:3:{s:21:\"coc_about_video_title\";s:0:\"\";s:20:\"coc_about_video_text\";s:0:\"\";s:21:\"coc_about_youtube_url\";s:0:\"\";}}"],"coc_about_image_options":["a:1:{s:11:\"about_image\";a:3:{s:21:\"coc_about_image_title\";s:0:\"\";s:20:\"coc_about_image_text\";s:0:\"\";s:19:\"coc_about_image_url\";N;}}"],"coc_about_reporting_options":["a:1:{s:23:\"about_reporting_options\";a:0:{}}"],"coc_about_audit_options":["a:1:{s:19:\"about_audit_options\";a:0:{}}"],"coc_giving_options":["a:1:{s:14:\"giving_options\";a:0:{}}"],"coc_homepage_video_options":["a:1:{s:13:\"video_options\";a:1:{s:18:\"coc_homepage_video\";s:0:\"\";}}"],"coc_homepage_priorities":["a:1:{s:16:\"priority_options\";a:0:{}}"],"coc_homepage_campaign_options":["a:1:{s:16:\"campaign_options\";a:3:{s:24:\"coc_campaign_video_title\";s:0:\"\";s:23:\"coc_campaign_video_text\";s:0:\"\";s:24:\"coc_campaign_youtube_url\";s:0:\"\";}}"],"hof_selected_committee":["a:1:{s:11:\"hof_members\";a:0:{}}"],"hof_partners_options":["a:1:{s:12:\"hof_partners\";a:0:{}}"],"hof_search_excerpt":["a:1:{s:18:\"coc_search_excerpt\";s:0:\"\";}"],"_x_multifield_seo_accordion":["a:1:{i:0;a:2:{s:19:\"seo_accordion_title\";s:0:\"\";s:25:\"seo_accordion_description\";s:0:\"\";}}"],"seo_translation_link":["https:\/\/develop.olympic.ca\/safe-sport\/"],"_yoast_wpseo_content_score":["60"],"_yoast_wpseo_estimated-reading-time-minutes":["4"]},"coauthors":[209008581],"class_list":["post-166135","page","type-page","status-publish","format-standard","hentry"],"acf":[],"yoast_head":"<!-- This site is optimized with the Yoast SEO plugin v27.3 - https:\/\/yoast.com\/product\/yoast-seo-wordpress\/ -->\n<title>Le sport en toute s\u00e9curit\u00e9 - \u00c9quipe Canada | Site officiel de l&#039;\u00e9quipe olympique<\/title>\n<meta name=\"robots\" content=\"index, follow, max-snippet:-1, max-image-preview:large, max-video-preview:-1\" \/>\n<link rel=\"canonical\" href=\"https:\/\/develop.olympic.ca\/olympique\/comite-olympique-canadien\/gouvernance\/le-sport-en-toute-securite\/\" \/>\n<meta property=\"og:locale\" content=\"fr_FR\" \/>\n<meta property=\"og:type\" content=\"article\" \/>\n<meta property=\"og:title\" content=\"Le sport en toute s\u00e9curit\u00e9 - \u00c9quipe Canada | Site officiel de l&#039;\u00e9quipe olympique\" \/>\n<meta property=\"og:description\" content=\"Le Comit\u00e9 olympique canadien et la fondation olympique canadienne ( ci-apr\u00e8s le \u00ab COC \u00bb) pr\u00f4nent un sport s\u00e9curitaire qui...\" \/>\n<meta property=\"og:url\" content=\"https:\/\/develop.olympic.ca\/olympique\/comite-olympique-canadien\/gouvernance\/le-sport-en-toute-securite\/\" \/>\n<meta property=\"og:site_name\" content=\"\u00c9quipe Canada | Site officiel de l&#039;\u00e9quipe olympique\" \/>\n<meta property=\"article:modified_time\" content=\"2022-12-01T19:06:02+00:00\" \/>\n<meta name=\"twitter:card\" content=\"summary_large_image\" \/>\n<meta name=\"twitter:label1\" content=\"Est. reading time\" \/>\n\t<meta name=\"twitter:data1\" content=\"4 minutes\" \/>\n\t<meta name=\"twitter:label2\" content=\"Written by\" \/>\n\t<meta name=\"twitter:data2\" content=\"Mark Nadolny\" \/>\n<script type=\"application\/ld+json\" class=\"yoast-schema-graph\">{\"@context\":\"https:\\\/\\\/schema.org\",\"@graph\":[{\"@type\":\"WebPage\",\"@id\":\"https:\\\/\\\/develop.olympic.ca\\\/olympique\\\/comite-olympique-canadien\\\/gouvernance\\\/le-sport-en-toute-securite\\\/\",\"url\":\"https:\\\/\\\/develop.olympic.ca\\\/olympique\\\/comite-olympique-canadien\\\/gouvernance\\\/le-sport-en-toute-securite\\\/\",\"name\":\"Le sport en toute s\u00e9curit\u00e9 - \u00c9quipe Canada | Site officiel de l&#039;\u00e9quipe olympique\",\"isPartOf\":{\"@id\":\"https:\\\/\\\/develop.olympic.ca\\\/olympique\\\/#website\"},\"datePublished\":\"2021-01-08T15:41:34+00:00\",\"dateModified\":\"2022-12-01T19:06:02+00:00\",\"breadcrumb\":{\"@id\":\"https:\\\/\\\/develop.olympic.ca\\\/olympique\\\/comite-olympique-canadien\\\/gouvernance\\\/le-sport-en-toute-securite\\\/#breadcrumb\"},\"inLanguage\":\"fr-FR\",\"potentialAction\":[{\"@type\":\"ReadAction\",\"target\":[\"https:\\\/\\\/develop.olympic.ca\\\/olympique\\\/comite-olympique-canadien\\\/gouvernance\\\/le-sport-en-toute-securite\\\/\"]}]},{\"@type\":\"BreadcrumbList\",\"@id\":\"https:\\\/\\\/develop.olympic.ca\\\/olympique\\\/comite-olympique-canadien\\\/gouvernance\\\/le-sport-en-toute-securite\\\/#breadcrumb\",\"itemListElement\":[{\"@type\":\"ListItem\",\"position\":1,\"name\":\"Aper\u00e7u du Comit\u00e9 olympique canadien\",\"item\":\"https:\\\/\\\/develop.olympic.ca\\\/olympique\\\/comite-olympique-canadien\\\/\"},{\"@type\":\"ListItem\",\"position\":2,\"name\":\"Gouvernance\",\"item\":\"https:\\\/\\\/develop.olympic.ca\\\/olympique\\\/comite-olympique-canadien\\\/gouvernance\\\/\"},{\"@type\":\"ListItem\",\"position\":3,\"name\":\"Le sport en toute s\u00e9curit\u00e9\"}]},{\"@type\":\"WebSite\",\"@id\":\"https:\\\/\\\/develop.olympic.ca\\\/olympique\\\/#website\",\"url\":\"https:\\\/\\\/develop.olympic.ca\\\/olympique\\\/\",\"name\":\"\u00c9quipe Canada | Site officiel de l&#039;\u00e9quipe olympique\",\"description\":\"Votre source pour l\u2019\u00c9quipe olympique canadienne. Retrouvez les r\u00e9cits, vid\u00e9os et photos des athl\u00e8tes canadiens, sports olympiques, Jeux olympiques de 2020 et bien plus!\",\"potentialAction\":[{\"@type\":\"SearchAction\",\"target\":{\"@type\":\"EntryPoint\",\"urlTemplate\":\"https:\\\/\\\/develop.olympic.ca\\\/olympique\\\/?s={search_term_string}\"},\"query-input\":{\"@type\":\"PropertyValueSpecification\",\"valueRequired\":true,\"valueName\":\"search_term_string\"}}],\"inLanguage\":\"fr-FR\"}]}<\/script>\n<!-- \/ Yoast SEO plugin. -->","yoast_head_json":{"title":"Le sport en toute s\u00e9curit\u00e9 - \u00c9quipe Canada | Site officiel de l&#039;\u00e9quipe olympique","robots":{"index":"index","follow":"follow","max-snippet":"max-snippet:-1","max-image-preview":"max-image-preview:large","max-video-preview":"max-video-preview:-1"},"canonical":"https:\/\/develop.olympic.ca\/olympique\/comite-olympique-canadien\/gouvernance\/le-sport-en-toute-securite\/","og_locale":"fr_FR","og_type":"article","og_title":"Le sport en toute s\u00e9curit\u00e9 - \u00c9quipe Canada | Site officiel de l&#039;\u00e9quipe olympique","og_description":"Le Comit\u00e9 olympique canadien et la fondation olympique canadienne ( ci-apr\u00e8s le \u00ab COC \u00bb) pr\u00f4nent un sport s\u00e9curitaire qui...","og_url":"https:\/\/develop.olympic.ca\/olympique\/comite-olympique-canadien\/gouvernance\/le-sport-en-toute-securite\/","og_site_name":"\u00c9quipe Canada | Site officiel de l&#039;\u00e9quipe olympique","article_modified_time":"2022-12-01T19:06:02+00:00","twitter_card":"summary_large_image","twitter_misc":{"Est. reading time":"4 minutes","Written by":"Mark Nadolny"},"schema":{"@context":"https:\/\/schema.org","@graph":[{"@type":"WebPage","@id":"https:\/\/develop.olympic.ca\/olympique\/comite-olympique-canadien\/gouvernance\/le-sport-en-toute-securite\/","url":"https:\/\/develop.olympic.ca\/olympique\/comite-olympique-canadien\/gouvernance\/le-sport-en-toute-securite\/","name":"Le sport en toute s\u00e9curit\u00e9 - \u00c9quipe Canada | Site officiel de l&#039;\u00e9quipe olympique","isPartOf":{"@id":"https:\/\/develop.olympic.ca\/olympique\/#website"},"datePublished":"2021-01-08T15:41:34+00:00","dateModified":"2022-12-01T19:06:02+00:00","breadcrumb":{"@id":"https:\/\/develop.olympic.ca\/olympique\/comite-olympique-canadien\/gouvernance\/le-sport-en-toute-securite\/#breadcrumb"},"inLanguage":"fr-FR","potentialAction":[{"@type":"ReadAction","target":["https:\/\/develop.olympic.ca\/olympique\/comite-olympique-canadien\/gouvernance\/le-sport-en-toute-securite\/"]}]},{"@type":"BreadcrumbList","@id":"https:\/\/develop.olympic.ca\/olympique\/comite-olympique-canadien\/gouvernance\/le-sport-en-toute-securite\/#breadcrumb","itemListElement":[{"@type":"ListItem","position":1,"name":"Aper\u00e7u du Comit\u00e9 olympique canadien","item":"https:\/\/develop.olympic.ca\/olympique\/comite-olympique-canadien\/"},{"@type":"ListItem","position":2,"name":"Gouvernance","item":"https:\/\/develop.olympic.ca\/olympique\/comite-olympique-canadien\/gouvernance\/"},{"@type":"ListItem","position":3,"name":"Le sport en toute s\u00e9curit\u00e9"}]},{"@type":"WebSite","@id":"https:\/\/develop.olympic.ca\/olympique\/#website","url":"https:\/\/develop.olympic.ca\/olympique\/","name":"\u00c9quipe Canada | Site officiel de l&#039;\u00e9quipe olympique","description":"Votre source pour l\u2019\u00c9quipe olympique canadienne. Retrouvez les r\u00e9cits, vid\u00e9os et photos des athl\u00e8tes canadiens, sports olympiques, Jeux olympiques de 2020 et bien plus!","potentialAction":[{"@type":"SearchAction","target":{"@type":"EntryPoint","urlTemplate":"https:\/\/develop.olympic.ca\/olympique\/?s={search_term_string}"},"query-input":{"@type":"PropertyValueSpecification","valueRequired":true,"valueName":"search_term_string"}}],"inLanguage":"fr-FR"}]}},"jetpack_sharing_enabled":true,"jetpack-related-posts":[],"jetpack_shortlink":"https:\/\/wp.me\/PbmyEP-HdB","_links":{"self":[{"href":"https:\/\/develop.olympic.ca\/olympique\/wp-json\/wp\/v2\/pages\/166135","targetHints":{"allow":["GET"]}}],"collection":[{"href":"https:\/\/develop.olympic.ca\/olympique\/wp-json\/wp\/v2\/pages"}],"about":[{"href":"https:\/\/develop.olympic.ca\/olympique\/wp-json\/wp\/v2\/types\/page"}],"author":[{"embeddable":true,"href":"https:\/\/develop.olympic.ca\/olympique\/wp-json\/wp\/v2\/users\/52435436"}],"replies":[{"embeddable":true,"href":"https:\/\/develop.olympic.ca\/olympique\/wp-json\/wp\/v2\/comments?post=166135"}],"version-history":[{"count":11,"href":"https:\/\/develop.olympic.ca\/olympique\/wp-json\/wp\/v2\/pages\/166135\/revisions"}],"predecessor-version":[{"id":214915,"href":"https:\/\/develop.olympic.ca\/olympique\/wp-json\/wp\/v2\/pages\/166135\/revisions\/214915"}],"up":[{"embeddable":true,"href":"https:\/\/develop.olympic.ca\/olympique\/wp-json\/wp\/v2\/pages\/3114"}],"wp:attachment":[{"href":"https:\/\/develop.olympic.ca\/olympique\/wp-json\/wp\/v2\/media?parent=166135"}],"wp:term":[{"taxonomy":"author","embeddable":true,"href":"https:\/\/develop.olympic.ca\/olympique\/wp-json\/wp\/v2\/coauthors?post=166135"}],"curies":[{"name":"wp","href":"https:\/\/api.w.org\/{rel}","templated":true}]}}