{"id":177548,"date":"2021-04-27T09:10:25","date_gmt":"2021-04-27T13:10:25","guid":{"rendered":"https:\/\/develop.olympic.ca\/olympique\/?page_id=177548"},"modified":"2021-09-23T09:23:29","modified_gmt":"2021-09-23T13:23:29","slug":"partenaires","status":"publish","type":"page","link":"https:\/\/develop.olympic.ca\/olympique\/partenaires\/","title":{"rendered":"Partenaires"},"content":{"rendered":"\n<div class=\"partners-block\">\n\n  \n  <h2>Grands partenaires nationaux<\/h2>\n  <div class=\"grid-x\">\n    <div class=\"cell small-6 medium-3\">          <a href=\"https:\/\/develop.olympic.ca\/olympique\/partenaires\/rbc-4\/\" class=\"flex-container align-middle\">\n            <img decoding=\"async\" src=\"http:\/\/develop.olympic.ca\/wp-content\/uploads\/sites\/2\/2013\/07\/rbc1.png\" alt=\"RBC\" \/>\n          <\/a>\n          <\/div><div class=\"cell small-6 medium-3\">          <a href=\"https:\/\/develop.olympic.ca\/olympique\/partenaires\/bell-4\/\" class=\"flex-container align-middle\">\n            <img decoding=\"async\" src=\"https:\/\/develop.olympic.ca\/olympique\/wp-content\/uploads\/sites\/2\/2013\/07\/bell1.png?w=195\" alt=\"Bell\" \/>\n          <\/a>\n          <\/div><div class=\"cell small-6 medium-3\">          <a href=\"https:\/\/develop.olympic.ca\/olympique\/partenaires\/canadian-tire\/\" class=\"flex-container align-middle\">\n            <img decoding=\"async\" src=\"https:\/\/develop.olympic.ca\/olympique\/wp-content\/uploads\/sites\/2\/2013\/07\/CT-Brandmark-Standard-Primary-RGW-POS-HEX.svg\" alt=\"Canadian Tire\" \/>\n          <\/a>\n          <\/div><div class=\"cell small-6 medium-3\">\n            <a href=\"https:\/\/fr.shop.lululemon.com\/equipe-canada\" class=\"flex-container align-middle\" target=\"_blank\">\n              <img decoding=\"async\" src=\"https:\/\/develop.olympic.ca\/olympique\/wp-content\/uploads\/sites\/2\/2021\/09\/lululemon_Yogotype_RGB_CLR_transparent.png\" alt=\"lululemon\" \/>\n            <\/a>\n            <\/div>  <\/div>\n<\/div>\n\n\n\n<div class=\"partners-block\">\n\n  \n  <h2>Partenaires nationaux<\/h2>\n  <div class=\"grid-x\">\n    <div class=\"cell small-4 medium-2\">\n            <a href=\"https:\/\/www.cadillacfairview.com\/fr_CA\/home.html\" class=\"flex-container align-middle\" target=\"_blank\">\n              <img decoding=\"async\" src=\"https:\/\/develop.olympic.ca\/wp-content\/uploads\/sites\/2\/2017\/12\/cf.png\" alt=\"Cadillac Fairview\" \/>\n            <\/a>\n            <\/div><div class=\"cell small-4 medium-2\">\n            <a href=\"http:\/\/www.deloitte.com\/view\/fr_CA\/ca\/index.htm\" class=\"flex-container align-middle\" target=\"_blank\">\n              <img decoding=\"async\" src=\"https:\/\/develop.olympic.ca\/wp-content\/uploads\/sites\/2\/2013\/07\/new-deloitte-logo.jpg?quality=100\" alt=\"Deloitte\" \/>\n            <\/a>\n            <\/div><div class=\"cell small-4 medium-2\">          <a href=\"https:\/\/develop.olympic.ca\/olympique\/partenaires\/petro-canada\/\" class=\"flex-container align-middle\">\n            <img decoding=\"async\" src=\"https:\/\/develop.olympic.ca\/olympique\/wp-content\/uploads\/sites\/2\/2013\/07\/COC_PartnerLogo_Website_PETRO-CANADA.jpg?quality=100\" alt=\"Petro-Canada\" \/>\n          <\/a>\n          <\/div>  <\/div>\n<\/div>\n\n\n\n<div class=\"partners-block\">\n\n  \n  <h2>Supporteurs officiels<\/h2>\n  <div class=\"grid-x\">\n    <div class=\"cell small-4 medium-2\">          <a href=\"https:\/\/develop.olympic.ca\/olympique\/partenaires\/air-canada\/\" class=\"flex-container align-middle\">\n            <img decoding=\"async\" src=\"https:\/\/develop.olympic.ca\/wp-content\/uploads\/sites\/2\/2013\/07\/aircanada.png\" alt=\"Air Canada\" \/>\n          <\/a>\n          <\/div><div class=\"cell small-4 medium-2\">\n            <a href=\"https:\/\/www.lifemadedelicious.ca\/?sc_lang=fr-CA\" class=\"flex-container align-middle\" target=\"_blank\">\n              <img decoding=\"async\" src=\"https:\/\/develop.olympic.ca\/olympique\/wp-content\/uploads\/sites\/2\/2013\/07\/GMI-Name-Logo-V_FC.png?w=237\" alt=\"General Mills\" \/>\n            <\/a>\n            <\/div><div class=\"cell small-4 medium-2\">\n            <a href=\"https:\/\/www.olg.ca\/fr\/accueil.html\" class=\"flex-container align-middle\" target=\"_blank\">\n              <img decoding=\"async\" src=\"https:\/\/develop.olympic.ca\/olympique\/wp-content\/uploads\/sites\/2\/2024\/07\/OLG_3c_RGB.jpg?quality=100&#038;w=179\" alt=\"OLG\" \/>\n            <\/a>\n            <\/div><div class=\"cell small-4 medium-2\">\n            <a href=\"https:\/\/smith.queensu.ca\/index.php\" class=\"flex-container align-middle\" target=\"_blank\">\n              <img decoding=\"async\" src=\"https:\/\/develop.olympic.ca\/wp-content\/uploads\/sites\/2\/2018\/12\/smith.jpg?quality=100\" alt=\"Smith School of Business\" \/>\n            <\/a>\n            <\/div><div class=\"cell small-4 medium-2\">\n            <a href=\"https:\/\/www.sobeys.com\/en\/\" class=\"flex-container align-middle\" target=\"_blank\">\n              <img decoding=\"async\" src=\"https:\/\/develop.olympic.ca\/wp-content\/uploads\/sites\/2\/2019\/11\/sobeysnotag-1.png\" alt=\"Sobeys\" \/>\n            <\/a>\n            <\/div>  <\/div>\n<\/div>\n\n\n\n<div class=\"partners-block\">\n\n  \n  <h2>Fournisseurs officiels<\/h2>\n  <div class=\"grid-x\">\n    <div class=\"cell small-4 medium-2\">\n            <a href=\"https:\/\/www.icondigital.com\/\" class=\"flex-container align-middle\" target=\"_blank\">\n              <img decoding=\"async\" src=\"https:\/\/develop.olympic.ca\/olympique\/wp-content\/uploads\/sites\/2\/2023\/12\/ICON_ALL-THINGS-VISUAL_NAVYTEAL.jpg?quality=100&#038;w=158\" alt=\"ICON\" \/>\n            <\/a>\n            <\/div><div class=\"cell small-4 medium-2\">\n            <a href=\"https:\/\/interfulfillment.com\/\" class=\"flex-container align-middle\" target=\"_blank\">\n              <img decoding=\"async\" src=\"https:\/\/develop.olympic.ca\/olympique\/wp-content\/uploads\/sites\/2\/2022\/09\/interfulfillment-logo-standard-1.jpg?quality=100&#038;w=280\" alt=\"INTERFULFILLMENT\" \/>\n            <\/a>\n            <\/div><div class=\"cell small-4 medium-2\">\n            <a href=\"https:\/\/develop.olympic.ca\/olympique\/presse\/le-coc-et-fasken-annonce-le-premier-partenariat-de-services-juridiques-de-lhistoire-dequipe-canada\/\" class=\"flex-container align-middle\" target=\"_blank\">\n              <img decoding=\"async\" src=\"https:\/\/develop.olympic.ca\/olympique\/wp-content\/uploads\/sites\/2\/2018\/06\/Partner_Web_FASKEN.png?w=158\" alt=\"Fasken\" \/>\n            <\/a>\n            <\/div><div class=\"cell small-4 medium-2\">\n            <a href=\"http:\/\/www.pillitteri.com%20\" class=\"flex-container align-middle\" target=\"_blank\">\n              <img decoding=\"async\" src=\"https:\/\/develop.olympic.ca\/olympique\/wp-content\/uploads\/sites\/2\/2019\/07\/Partner_Web_PILLITERI.png?w=158\" alt=\"Pillitteri Estates Winery\" \/>\n            <\/a>\n            <\/div><div class=\"cell small-4 medium-2\">\n            <a href=\"http:\/\/www.rockitcargo.com\/\" class=\"flex-container align-middle\" target=\"_blank\">\n              <img decoding=\"async\" src=\"https:\/\/develop.olympic.ca\/olympique\/wp-content\/uploads\/sites\/2\/2019\/07\/Rock-it-Cargo-logo-2024.png?w=158\" alt=\"Rock-It Cargo\" \/>\n            <\/a>\n            <\/div><div class=\"cell small-4 medium-2\">\n            <a href=\"https:\/\/develop.olympic.ca\/olympique\/presse\/storagevault-canada-inc-nomme-partenaire-officiel-dentreposage-et-de-demenagement-dequipe-canada\/\" class=\"flex-container align-middle\" target=\"_blank\">\n              <img decoding=\"async\" src=\"https:\/\/develop.olympic.ca\/olympique\/wp-content\/uploads\/sites\/2\/2021\/02\/Partner_Web_STORAGE-VAULT.png?w=158\" alt=\"StorageVault Canada Inc.\" \/>\n            <\/a>\n            <\/div>  <\/div>\n<\/div>\n\n\n\n<div class=\"partners-block\">\n\n  \n  <h2>Partenaires m\u00e9diatiques<\/h2>\n  <div class=\"grid-x\">\n    <div class=\"cell small-4 medium-2\">\n            <a href=\"http:\/\/www.theglobeandmail.com\/\" class=\"flex-container align-middle\" target=\"_blank\">\n              <img decoding=\"async\" src=\"http:\/\/develop.olympic.ca\/wp-content\/uploads\/sites\/2\/2013\/09\/the_globe_and_mail1.png\" alt=\"The Globe and Mail\" \/>\n            <\/a>\n            <\/div>  <\/div>\n<\/div>\n\n\n\n<div class=\"partners-block\">\n\n  \n  <h2>Partenaires olympiques mondiaux<\/h2>\n  <div class=\"grid-x small-up-4 medium-up-6\">\n    <div class=\"cell\">\n            <a href=\"https:\/\/www.airbnb.ca\/\" class=\"flex-container align-middle\" target=\"_blank\">\n              <img decoding=\"async\" src=\"https:\/\/develop.olympic.ca\/olympique\/wp-content\/uploads\/sites\/2\/2021\/04\/Airbnb_Horizontal_CMYK_2019-1.jpg?quality=100\" alt=\"airbnb\" \/>\n            <\/a>\n            <\/div><div class=\"cell\">\n            <a href=\"https:\/\/www.alibabagroup.com\/en\/global\/home\" class=\"flex-container align-middle\" target=\"_blank\">\n              <img decoding=\"async\" src=\"https:\/\/develop.olympic.ca\/olympique\/wp-content\/uploads\/sites\/2\/2021\/04\/Alibaba.png\" alt=\"Alibaba\" \/>\n            <\/a>\n            <\/div><div class=\"cell\">\n            <a href=\"https:\/\/fr.coca-cola.ca\/\" class=\"flex-container align-middle\" target=\"_blank\">\n              <img decoding=\"async\" src=\"https:\/\/develop.olympic.ca\/olympique\/wp-content\/uploads\/sites\/2\/2013\/07\/Coke-M-vertical-logo.png\" alt=\"Coca-Cola\" \/>\n            <\/a>\n            <\/div><div class=\"cell\">\n            <a href=\"http:\/\/www.omegawatches.com\/fr\" class=\"flex-container align-middle\" target=\"_blank\">\n              <img decoding=\"async\" src=\"https:\/\/develop.olympic.ca\/wp-content\/uploads\/sites\/2\/2013\/07\/omega1.jpg?quality=100\" alt=\"OMEGA\" \/>\n            <\/a>\n            <\/div><div class=\"cell\">\n            <a href=\"http:\/\/www.pg.com\/en_CA\/index.shtml\" class=\"flex-container align-middle\" target=\"_blank\">\n              <img decoding=\"async\" src=\"https:\/\/develop.olympic.ca\/wp-content\/uploads\/sites\/2\/2013\/07\/pg2.png\" alt=\"P&amp;G\" \/>\n            <\/a>\n            <\/div><div class=\"cell\">\n            <a href=\"http:\/\/www.samsung.com\/ca\/#latest-home\" class=\"flex-container align-middle\" target=\"_blank\">\n              <img decoding=\"async\" src=\"https:\/\/develop.olympic.ca\/olympique\/wp-content\/uploads\/sites\/2\/2013\/07\/Samsung_Orig_Wordmark_BLUE_RGB-1.png\" alt=\"Samsung\" \/>\n            <\/a>\n            <\/div><div class=\"cell\">\n            <a href=\"http:\/\/www.visa.ca\/fr\/index.jsp\" class=\"flex-container align-middle\" target=\"_blank\">\n              <img decoding=\"async\" src=\"https:\/\/develop.olympic.ca\/olympique\/wp-content\/uploads\/sites\/2\/2013\/07\/Visa_Brandmark_with_RegisterMark_Blue_RGB1.png\" alt=\"VISA\" \/>\n            <\/a>\n            <\/div>  <\/div>\n<\/div>\n","protected":false},"excerpt":{"rendered":"","protected":false},"author":1,"featured_media":0,"parent":0,"menu_order":0,"comment_status":"closed","ping_status":"closed","template":"","meta":{"_edit_lock":["1730473614:132083754"],"_last_editor_used_jetpack":["block-editor"],"_edit_last":["52435436"],"coc_games":[""],"_coc_games":["field_5e83bf020f51f"],"coc_trivia":[""],"_coc_trivia":["field_5e83bacdec2aa"],"coc_sharing_options":["a:1:{s:18:\"coc_hide_share_bar\";b:0;}"],"coc_campaign_options":["a:4:{s:16:\"coc_campaign_tag\";s:0:\"\";s:15:\"coc_campaign_bg\";N;s:25:\"coc_campaign_bg_downloads\";a:0:{}s:20:\"coc_campaign_posters\";a:0:{}}"],"coc_team_options":["a:1:{s:15:\"coc_game_select\";i:156417;}"],"coc_oc_landing_options":["a:2:{s:17:\"coc_oc_landing_bg\";N;s:22:\"coc_oc_landing_stories\";a:0:{}}"],"coc_edit_profile_options":["a:1:{s:20:\"coc_favourite_sports\";a:0:{}}"],"coc_oc_reward_options":["a:13:{s:16:\"coc_oc_reward_id\";s:0:\"\";s:19:\"coc_oc_ac_reward_id\";s:0:\"\";s:20:\"coc_oc_reward_points\";s:0:\"\";s:19:\"coc_oc_reward_rules\";N;s:31:\"coc_oc_digital_download_desktop\";N;s:30:\"coc_oc_digital_download_mobile\";N;s:32:\"coc_oc_digital_download_facebook\";N;s:29:\"coc_oc_reward_success_message\";s:0:\"\";s:23:\"coc_oc_facebook_content\";s:0:\"\";s:22:\"coc_oc_twitter_content\";s:0:\"\";s:24:\"coc_oc_social_contest_id\";s:0:\"\";s:31:\"coc_oc_reward_logged_in_message\";s:0:\"\";s:32:\"coc_oc_reward_logged_out_message\";s:0:\"\";}"],"coc_press_options":["a:2:{s:28:\"coc_press_additional_content\";s:0:\"\";s:27:\"coc_press_resource_category\";a:0:{}}"],"coc_breaking_news_options":["a:1:{s:25:\"coc_breaking_news_details\";a:0:{}}"],"coc_be_olympic_options":["a:8:{s:37:\"coc_be_olympic_exclusive_content_link\";s:0:\"\";s:27:\"coc_be_olympic_videos_title\";s:0:\"\";s:21:\"coc_be_olympic_videos\";a:0:{}s:27:\"coc_be_olympic_photos_title\";s:0:\"\";s:21:\"coc_be_olympic_photos\";a:0:{}s:24:\"coc_be_olympic_downloads\";a:0:{}s:22:\"coc_be_olympic_quizzes\";a:0:{}s:26:\"coc_be_olympic_fan_fun_ads\";a:0:{}}"],"coc_fan_fun_options":["a:2:{s:23:\"coc_fan_fun_hammer_time\";a:2:{s:29:\"coc_fan_fun_hammer_time_image\";N;s:27:\"coc_fan_fun_hammer_time_url\";s:0:\"\";}s:22:\"coc_fan_fun_torch_dash\";a:2:{s:28:\"coc_fan_fun_torch_dash_image\";N;s:26:\"coc_fan_fun_torch_dash_url\";s:0:\"\";}}"],"coc_interactive_game_options":["a:3:{s:28:\"coc_interactive_game_message\";s:0:\"\";s:24:\"coc_interactive_game_url\";s:0:\"\";s:27:\"coc_interactive_game_iframe\";b:0;}"],"coc_olympic_club_options":["a:1:{s:12:\"redirect_url\";s:0:\"\";}"],"coc_favorites_options":["a:3:{s:13:\"content_types\";a:0:{}s:7:\"seasons\";a:0:{}s:4:\"gear\";a:0:{}}"],"coc_og_tags":["a:3:{s:8:\"og_title\";s:0:\"\";s:14:\"og_description\";s:0:\"\";s:8:\"og_image\";N;}"],"coc_education_options":["A"],"coc_page_options":["a:2:{s:14:\"show_crazy_egg\";b:0;s:30:\"coc_partner_takeover_ads_story\";a:5:{s:20:\"coc_ad_story_desktop\";N;s:26:\"coc_ad_story_desktop_label\";s:0:\"\";s:19:\"coc_ad_story_mobile\";N;s:25:\"coc_ad_story_mobile_label\";s:0:\"\";s:16:\"coc_ad_story_url\";s:0:\"\";}}"],"coc_donor_video_options":["a:1:{s:21:\"donor_featured_videos\";a:0:{}}"],"coc_about_video_options":["a:1:{s:11:\"about_video\";a:3:{s:21:\"coc_about_video_title\";s:0:\"\";s:20:\"coc_about_video_text\";s:0:\"\";s:21:\"coc_about_youtube_url\";s:0:\"\";}}"],"coc_about_image_options":["a:1:{s:11:\"about_image\";a:3:{s:21:\"coc_about_image_title\";s:0:\"\";s:20:\"coc_about_image_text\";s:0:\"\";s:19:\"coc_about_image_url\";N;}}"],"coc_giving_options":["a:1:{s:14:\"giving_options\";a:0:{}}"],"coc_homepage_video_options":["a:1:{s:13:\"video_options\";a:1:{s:18:\"coc_homepage_video\";s:0:\"\";}}"],"coc_homepage_priorities":["a:1:{s:16:\"priority_options\";a:0:{}}"],"coc_homepage_campaign_options":["a:1:{s:16:\"campaign_options\";a:3:{s:24:\"coc_campaign_video_title\";s:0:\"\";s:23:\"coc_campaign_video_text\";s:0:\"\";s:24:\"coc_campaign_youtube_url\";s:0:\"\";}}"],"hof_selected_committee":["a:1:{s:11:\"hof_members\";a:0:{}}"],"hof_partners_options":["a:1:{s:12:\"hof_partners\";a:0:{}}"],"hof_search_excerpt":["a:1:{s:18:\"coc_search_excerpt\";s:0:\"\";}"],"_x_multifield_seo_accordion":["a:1:{i:0;a:2:{s:19:\"seo_accordion_title\";s:0:\"\";s:25:\"seo_accordion_description\";s:0:\"\";}}"],"_yoast_wpseo_content_score":["30"],"_yoast_wpseo_estimated-reading-time-minutes":["0"],"seo_translation_link":["https:\/\/develop.olympic.ca\/partners\/"]},"coauthors":[682164130],"class_list":["post-177548","page","type-page","status-publish","format-standard","hentry"],"acf":[],"yoast_head":"<!-- This site is optimized with the Yoast SEO plugin v27.5 - https:\/\/yoast.com\/product\/yoast-seo-wordpress\/ -->\n<title>Partenaires - \u00c9quipe Canada | Site officiel de l&#039;\u00e9quipe olympique<\/title>\n<meta name=\"robots\" content=\"index, follow, max-snippet:-1, max-image-preview:large, max-video-preview:-1\" \/>\n<link rel=\"canonical\" href=\"https:\/\/develop.olympic.ca\/olympique\/partenaires\/\" \/>\n<meta property=\"og:locale\" content=\"fr_FR\" \/>\n<meta property=\"og:type\" content=\"article\" \/>\n<meta property=\"og:title\" content=\"Partenaires - \u00c9quipe Canada | Site officiel de l&#039;\u00e9quipe olympique\" \/>\n<meta property=\"og:url\" content=\"https:\/\/develop.olympic.ca\/olympique\/partenaires\/\" \/>\n<meta property=\"og:site_name\" content=\"\u00c9quipe Canada | Site officiel de l&#039;\u00e9quipe olympique\" \/>\n<meta property=\"article:modified_time\" content=\"2021-09-23T13:23:29+00:00\" \/>\n<meta name=\"twitter:card\" content=\"summary_large_image\" \/>\n<meta name=\"twitter:label1\" content=\"Written by\" \/>\n\t<meta name=\"twitter:data1\" content=\"amoore1879\" \/>\n<script type=\"application\/ld+json\" class=\"yoast-schema-graph\">{\"@context\":\"https:\\\/\\\/schema.org\",\"@graph\":[{\"@type\":\"WebPage\",\"@id\":\"https:\\\/\\\/develop.olympic.ca\\\/olympique\\\/partenaires\\\/\",\"url\":\"https:\\\/\\\/develop.olympic.ca\\\/olympique\\\/partenaires\\\/\",\"name\":\"Partenaires - \u00c9quipe Canada | Site officiel de l&#039;\u00e9quipe olympique\",\"isPartOf\":{\"@id\":\"https:\\\/\\\/develop.olympic.ca\\\/olympique\\\/#website\"},\"datePublished\":\"2021-04-27T13:10:25+00:00\",\"dateModified\":\"2021-09-23T13:23:29+00:00\",\"inLanguage\":\"fr-FR\",\"potentialAction\":[{\"@type\":\"ReadAction\",\"target\":[\"https:\\\/\\\/develop.olympic.ca\\\/olympique\\\/partenaires\\\/\"]}]},{\"@type\":\"WebSite\",\"@id\":\"https:\\\/\\\/develop.olympic.ca\\\/olympique\\\/#website\",\"url\":\"https:\\\/\\\/develop.olympic.ca\\\/olympique\\\/\",\"name\":\"\u00c9quipe Canada | Site officiel de l&#039;\u00e9quipe olympique\",\"description\":\"Votre source pour l\u2019\u00c9quipe olympique canadienne. Retrouvez les r\u00e9cits, vid\u00e9os et photos des athl\u00e8tes canadiens, sports olympiques, Jeux olympiques de 2020 et bien plus!\",\"potentialAction\":[{\"@type\":\"SearchAction\",\"target\":{\"@type\":\"EntryPoint\",\"urlTemplate\":\"https:\\\/\\\/develop.olympic.ca\\\/olympique\\\/?s={search_term_string}\"},\"query-input\":{\"@type\":\"PropertyValueSpecification\",\"valueRequired\":true,\"valueName\":\"search_term_string\"}}],\"inLanguage\":\"fr-FR\"}]}<\/script>\n<!-- \/ Yoast SEO plugin. -->","yoast_head_json":{"title":"Partenaires - \u00c9quipe Canada | Site officiel de l&#039;\u00e9quipe olympique","robots":{"index":"index","follow":"follow","max-snippet":"max-snippet:-1","max-image-preview":"max-image-preview:large","max-video-preview":"max-video-preview:-1"},"canonical":"https:\/\/develop.olympic.ca\/olympique\/partenaires\/","og_locale":"fr_FR","og_type":"article","og_title":"Partenaires - \u00c9quipe Canada | Site officiel de l&#039;\u00e9quipe olympique","og_url":"https:\/\/develop.olympic.ca\/olympique\/partenaires\/","og_site_name":"\u00c9quipe Canada | Site officiel de l&#039;\u00e9quipe olympique","article_modified_time":"2021-09-23T13:23:29+00:00","twitter_card":"summary_large_image","twitter_misc":{"Written by":"amoore1879"},"schema":{"@context":"https:\/\/schema.org","@graph":[{"@type":"WebPage","@id":"https:\/\/develop.olympic.ca\/olympique\/partenaires\/","url":"https:\/\/develop.olympic.ca\/olympique\/partenaires\/","name":"Partenaires - \u00c9quipe Canada | Site officiel de l&#039;\u00e9quipe olympique","isPartOf":{"@id":"https:\/\/develop.olympic.ca\/olympique\/#website"},"datePublished":"2021-04-27T13:10:25+00:00","dateModified":"2021-09-23T13:23:29+00:00","inLanguage":"fr-FR","potentialAction":[{"@type":"ReadAction","target":["https:\/\/develop.olympic.ca\/olympique\/partenaires\/"]}]},{"@type":"WebSite","@id":"https:\/\/develop.olympic.ca\/olympique\/#website","url":"https:\/\/develop.olympic.ca\/olympique\/","name":"\u00c9quipe Canada | Site officiel de l&#039;\u00e9quipe olympique","description":"Votre source pour l\u2019\u00c9quipe olympique canadienne. Retrouvez les r\u00e9cits, vid\u00e9os et photos des athl\u00e8tes canadiens, sports olympiques, Jeux olympiques de 2020 et bien plus!","potentialAction":[{"@type":"SearchAction","target":{"@type":"EntryPoint","urlTemplate":"https:\/\/develop.olympic.ca\/olympique\/?s={search_term_string}"},"query-input":{"@type":"PropertyValueSpecification","valueRequired":true,"valueName":"search_term_string"}}],"inLanguage":"fr-FR"}]}},"jetpack_sharing_enabled":true,"jetpack-related-posts":[],"jetpack_shortlink":"https:\/\/wp.me\/PbmyEP-KbG","_links":{"self":[{"href":"https:\/\/develop.olympic.ca\/olympique\/wp-json\/wp\/v2\/pages\/177548","targetHints":{"allow":["GET"]}}],"collection":[{"href":"https:\/\/develop.olympic.ca\/olympique\/wp-json\/wp\/v2\/pages"}],"about":[{"href":"https:\/\/develop.olympic.ca\/olympique\/wp-json\/wp\/v2\/types\/page"}],"author":[{"embeddable":true,"href":"https:\/\/develop.olympic.ca\/olympique\/wp-json\/wp\/v2\/users\/1"}],"replies":[{"embeddable":true,"href":"https:\/\/develop.olympic.ca\/olympique\/wp-json\/wp\/v2\/comments?post=177548"}],"version-history":[{"count":3,"href":"https:\/\/develop.olympic.ca\/olympique\/wp-json\/wp\/v2\/pages\/177548\/revisions"}],"predecessor-version":[{"id":240635,"href":"https:\/\/develop.olympic.ca\/olympique\/wp-json\/wp\/v2\/pages\/177548\/revisions\/240635"}],"wp:attachment":[{"href":"https:\/\/develop.olympic.ca\/olympique\/wp-json\/wp\/v2\/media?parent=177548"}],"wp:term":[{"taxonomy":"author","embeddable":true,"href":"https:\/\/develop.olympic.ca\/olympique\/wp-json\/wp\/v2\/coauthors?post=177548"}],"curies":[{"name":"wp","href":"https:\/\/api.w.org\/{rel}","templated":true}]}}