{"id":177864,"date":"2021-04-27T11:23:25","date_gmt":"2021-04-27T15:23:25","guid":{"rendered":"https:\/\/develop.olympic.ca\/olympique\/?page_id=177864"},"modified":"2024-07-16T10:55:20","modified_gmt":"2024-07-16T14:55:20","slug":"aide","status":"publish","type":"page","link":"https:\/\/develop.olympic.ca\/olympique\/club-olympique\/sidentifier\/aide\/","title":{"rendered":"Aide"},"content":{"rendered":"\n<p class=\"wp-block-paragraph\" id=\"block-bae526f2-bc9b-4051-81ee-7c994ece1a54\">L\u2019inscription d\u2019un compte du site par l\u2019entremise de Facebook, d\u2019Instagram, de Twitter et de LinkedIn n\u2019est plus possible. Nous sommes d\u00e9sol\u00e9s des inconv\u00e9nients.<\/p>\n\n\n\n<p class=\"wp-block-paragraph\" id=\"block-78038b66-b08d-4cf6-bd28-f5e2382d18de\">Pour ajouter un lien vers votre compte du Club olympique canadien pr\u00e9sent\u00e9 par Bell, vous pouvez :<\/p>\n\n\n\n<ol class=\"wp-block-list\" id=\"block-a523f173-669a-4e2f-a732-6984ff70ea1c\">\n<li class=\"oid-toggle\">Ouvrir une session sur votre compte <a href=\"#\">Google<\/a> associ\u00e9 \u00e0 la m\u00eame adresse de courriel que pour la plateforme de m\u00e9dias sociaux avec laquelle vous \u00e9tiez pr\u00e9c\u00e9demment inscrits, ou<\/li>\n\n\n\n<li class=\"oid-toggle\">Si vous avez pr\u00e9c\u00e9demment li\u00e9 votre compte du club \u00e0 votre adresse de courriel, veuillez&nbsp;<a href=\"#\">cliquer ici<\/a>&nbsp;pour ouvrir une session avec votre adresse de courriel et votre mot de passe.<\/li>\n\n\n\n<li class=\"oid-toggle\">Si vous n\u2019avez pas pr\u00e9c\u00e9demment li\u00e9 votre compte du club \u00e0 votre adresse de courriel, veuillez <a href=\"#\">cliquer ici<\/a>&nbsp;et inscrivez votre courriel pour r\u00e9initialiser votre mot de passe.<\/li>\n<\/ol>\n\n\n\n<p class=\"wp-block-paragraph\" id=\"block-001126bc-b2ae-44e5-9eec-93972b4eb920\">Si vous avez des probl\u00e8mes ou des questions, veuillez nous contacter par courriel&nbsp;:&nbsp;<a href=\"mailto:club@olympique.ca\">club@olympique.ca<\/a>.<\/p>\n\n\n\n<p class=\"oid-toggle wp-block-paragraph\"><a href=\"#\">Retour \u00e0 l&rsquo;\u00e9cran d&rsquo;inscription<\/a><\/p>\n","protected":false},"excerpt":{"rendered":"<p>L\u2019inscription d\u2019un compte du site par l\u2019entremise de Facebook, d\u2019Instagram, de Twitter et de LinkedIn n\u2019est plus possible. Nous sommes&#8230;<\/p>\n","protected":false},"author":1,"featured_media":0,"parent":177535,"menu_order":0,"comment_status":"closed","ping_status":"closed","template":"","meta":{"_edit_lock":["1721141776:1"],"_last_editor_used_jetpack":["block-editor"],"_edit_last":["1"],"coc_games":[""],"_coc_games":["field_5e83bf020f51f"],"coc_trivia":[""],"_coc_trivia":["field_5e83bacdec2aa"],"coc_sharing_options":["a:1:{s:18:\"coc_hide_share_bar\";b:0;}"],"coc_campaign_options":["a:4:{s:16:\"coc_campaign_tag\";s:0:\"\";s:15:\"coc_campaign_bg\";N;s:25:\"coc_campaign_bg_downloads\";a:0:{}s:20:\"coc_campaign_posters\";a:0:{}}"],"coc_team_options":["a:1:{s:15:\"coc_game_select\";i:156417;}"],"coc_oc_landing_options":["a:2:{s:17:\"coc_oc_landing_bg\";N;s:22:\"coc_oc_landing_stories\";a:0:{}}"],"coc_edit_profile_options":["a:1:{s:20:\"coc_favourite_sports\";a:0:{}}"],"coc_oc_reward_options":["a:13:{s:16:\"coc_oc_reward_id\";s:0:\"\";s:19:\"coc_oc_ac_reward_id\";s:0:\"\";s:20:\"coc_oc_reward_points\";s:0:\"\";s:19:\"coc_oc_reward_rules\";N;s:31:\"coc_oc_digital_download_desktop\";N;s:30:\"coc_oc_digital_download_mobile\";N;s:32:\"coc_oc_digital_download_facebook\";N;s:29:\"coc_oc_reward_success_message\";s:0:\"\";s:23:\"coc_oc_facebook_content\";s:0:\"\";s:22:\"coc_oc_twitter_content\";s:0:\"\";s:24:\"coc_oc_social_contest_id\";s:0:\"\";s:31:\"coc_oc_reward_logged_in_message\";s:0:\"\";s:32:\"coc_oc_reward_logged_out_message\";s:0:\"\";}"],"coc_press_options":["a:2:{s:28:\"coc_press_additional_content\";s:0:\"\";s:27:\"coc_press_resource_category\";a:0:{}}"],"coc_breaking_news_options":["a:1:{s:25:\"coc_breaking_news_details\";a:0:{}}"],"coc_be_olympic_options":["a:8:{s:37:\"coc_be_olympic_exclusive_content_link\";s:0:\"\";s:27:\"coc_be_olympic_videos_title\";s:0:\"\";s:21:\"coc_be_olympic_videos\";a:0:{}s:27:\"coc_be_olympic_photos_title\";s:0:\"\";s:21:\"coc_be_olympic_photos\";a:0:{}s:24:\"coc_be_olympic_downloads\";a:0:{}s:22:\"coc_be_olympic_quizzes\";a:0:{}s:26:\"coc_be_olympic_fan_fun_ads\";a:0:{}}"],"coc_fan_fun_options":["a:2:{s:23:\"coc_fan_fun_hammer_time\";a:2:{s:29:\"coc_fan_fun_hammer_time_image\";N;s:27:\"coc_fan_fun_hammer_time_url\";s:0:\"\";}s:22:\"coc_fan_fun_torch_dash\";a:2:{s:28:\"coc_fan_fun_torch_dash_image\";N;s:26:\"coc_fan_fun_torch_dash_url\";s:0:\"\";}}"],"coc_interactive_game_options":["a:3:{s:28:\"coc_interactive_game_message\";s:0:\"\";s:24:\"coc_interactive_game_url\";s:0:\"\";s:27:\"coc_interactive_game_iframe\";b:0;}"],"coc_olympic_club_options":["a:1:{s:12:\"redirect_url\";s:0:\"\";}"],"coc_favorites_options":["a:3:{s:13:\"content_types\";a:0:{}s:7:\"seasons\";a:0:{}s:4:\"gear\";a:0:{}}"],"coc_og_tags":["a:3:{s:8:\"og_title\";s:0:\"\";s:14:\"og_description\";s:0:\"\";s:8:\"og_image\";N;}"],"coc_education_options":["A"],"coc_page_options":["a:1:{s:30:\"coc_partner_takeover_ads_story\";a:5:{s:20:\"coc_ad_story_desktop\";N;s:26:\"coc_ad_story_desktop_label\";s:0:\"\";s:19:\"coc_ad_story_mobile\";N;s:25:\"coc_ad_story_mobile_label\";s:0:\"\";s:16:\"coc_ad_story_url\";s:0:\"\";}}"],"coc_donor_video_options":["a:1:{s:21:\"donor_featured_videos\";a:0:{}}"],"coc_about_video_options":["a:1:{s:11:\"about_video\";a:3:{s:21:\"coc_about_video_title\";s:0:\"\";s:20:\"coc_about_video_text\";s:0:\"\";s:21:\"coc_about_youtube_url\";s:0:\"\";}}"],"coc_about_image_options":["a:1:{s:11:\"about_image\";a:3:{s:21:\"coc_about_image_title\";s:0:\"\";s:20:\"coc_about_image_text\";s:0:\"\";s:19:\"coc_about_image_url\";N;}}"],"coc_giving_options":["a:1:{s:14:\"giving_options\";a:0:{}}"],"coc_homepage_video_options":["a:1:{s:13:\"video_options\";a:1:{s:18:\"coc_homepage_video\";s:0:\"\";}}"],"coc_homepage_priorities":["a:1:{s:16:\"priority_options\";a:0:{}}"],"coc_homepage_campaign_options":["a:1:{s:16:\"campaign_options\";a:3:{s:24:\"coc_campaign_video_title\";s:0:\"\";s:23:\"coc_campaign_video_text\";s:0:\"\";s:24:\"coc_campaign_youtube_url\";s:0:\"\";}}"],"hof_selected_committee":["a:1:{s:11:\"hof_members\";a:0:{}}"],"hof_partners_options":["a:1:{s:12:\"hof_partners\";a:0:{}}"],"hof_search_excerpt":["a:1:{s:18:\"coc_search_excerpt\";s:0:\"\";}"],"_x_multifield_seo_accordion":["a:1:{i:0;a:2:{s:19:\"seo_accordion_title\";s:0:\"\";s:25:\"seo_accordion_description\";s:0:\"\";}}"],"_yoast_wpseo_content_score":["30"],"_yoast_wpseo_estimated-reading-time-minutes":["1"],"seo_title":[""],"_seo_title":["field_652feeaa9308c"],"seo_focus_keyword":[""],"_seo_focus_keyword":["field_652ff0580091b"],"seo_meta_description":[""],"_seo_meta_description":["field_652feec09308d"],"seo_translation_link":[""],"_seo_translation_link":["field_652feee79308e"],"seo_accordion_module_title":[""],"_seo_accordion_module_title":["field_652fef009308f"],"seo_accordion":[""],"_seo_accordion":["field_652fef4793091"],"secondary_content":[""],"_secondary_content":["field_6530028284790"],"social_facebook":[""],"_social_facebook":["field_652ff39070798"],"social_twitter":[""],"_social_twitter":["field_652ff3a470799"],"social_instagram":[""],"_social_instagram":["field_652ff3ca7079a"],"social_linkedin":[""],"_social_linkedin":["field_652ff3e57079b"],"social_website":[""],"_social_website":["field_652ff4227079c"],"zeus_id":[""],"_zeus_id":["field_652ff4537079d"],"team_announcement_tag":[""],"_team_announcement_tag":["field_65300222e2d0d"],"coc_hide_title":["0"],"_coc_hide_title":["field_661d79f32b89b"],"video_embed_code":[""],"_video_embed_code":["field_652fecffe1114"],"facebook_video_embed_code":[""],"_facebook_video_embed_code":["field_652fedfae1121"]},"coauthors":[682164130],"class_list":["post-177864","page","type-page","status-publish","format-standard","hentry"],"acf":[],"yoast_head":"<!-- This site is optimized with the Yoast SEO plugin v27.3 - https:\/\/yoast.com\/product\/yoast-seo-wordpress\/ -->\n<title>Aide - \u00c9quipe Canada | Site officiel de l&#039;\u00e9quipe olympique<\/title>\n<meta name=\"robots\" content=\"index, follow, max-snippet:-1, max-image-preview:large, max-video-preview:-1\" \/>\n<link rel=\"canonical\" href=\"https:\/\/develop.olympic.ca\/olympique\/club-olympique\/sidentifier\/aide\/\" \/>\n<meta property=\"og:locale\" content=\"fr_FR\" \/>\n<meta property=\"og:type\" content=\"article\" \/>\n<meta property=\"og:title\" content=\"Aide - \u00c9quipe Canada | Site officiel de l&#039;\u00e9quipe olympique\" \/>\n<meta property=\"og:description\" content=\"L\u2019inscription d\u2019un compte du site par l\u2019entremise de Facebook, d\u2019Instagram, de Twitter et de LinkedIn n\u2019est plus possible. Nous sommes...\" \/>\n<meta property=\"og:url\" content=\"https:\/\/develop.olympic.ca\/olympique\/club-olympique\/sidentifier\/aide\/\" \/>\n<meta property=\"og:site_name\" content=\"\u00c9quipe Canada | Site officiel de l&#039;\u00e9quipe olympique\" \/>\n<meta property=\"article:modified_time\" content=\"2024-07-16T14:55:20+00:00\" \/>\n<meta name=\"twitter:card\" content=\"summary_large_image\" \/>\n<meta name=\"twitter:label1\" content=\"Est. reading time\" \/>\n\t<meta name=\"twitter:data1\" content=\"1 minute\" \/>\n\t<meta name=\"twitter:label2\" content=\"Written by\" \/>\n\t<meta name=\"twitter:data2\" content=\"amoore1879\" \/>\n<script type=\"application\/ld+json\" class=\"yoast-schema-graph\">{\"@context\":\"https:\\\/\\\/schema.org\",\"@graph\":[{\"@type\":\"WebPage\",\"@id\":\"https:\\\/\\\/develop.olympic.ca\\\/olympique\\\/club-olympique\\\/sidentifier\\\/aide\\\/\",\"url\":\"https:\\\/\\\/develop.olympic.ca\\\/olympique\\\/club-olympique\\\/sidentifier\\\/aide\\\/\",\"name\":\"Aide - \u00c9quipe Canada | Site officiel de l&#039;\u00e9quipe olympique\",\"isPartOf\":{\"@id\":\"https:\\\/\\\/develop.olympic.ca\\\/olympique\\\/#website\"},\"datePublished\":\"2021-04-27T15:23:25+00:00\",\"dateModified\":\"2024-07-16T14:55:20+00:00\",\"breadcrumb\":{\"@id\":\"https:\\\/\\\/develop.olympic.ca\\\/olympique\\\/club-olympique\\\/sidentifier\\\/aide\\\/#breadcrumb\"},\"inLanguage\":\"fr-FR\",\"potentialAction\":[{\"@type\":\"ReadAction\",\"target\":[\"https:\\\/\\\/develop.olympic.ca\\\/olympique\\\/club-olympique\\\/sidentifier\\\/aide\\\/\"]}]},{\"@type\":\"BreadcrumbList\",\"@id\":\"https:\\\/\\\/develop.olympic.ca\\\/olympique\\\/club-olympique\\\/sidentifier\\\/aide\\\/#breadcrumb\",\"itemListElement\":[{\"@type\":\"ListItem\",\"position\":1,\"name\":\"Club olympique\",\"item\":\"https:\\\/\\\/develop.olympic.ca\\\/olympique\\\/club-olympique\\\/\"},{\"@type\":\"ListItem\",\"position\":2,\"name\":\"S&rsquo;identifier\",\"item\":\"https:\\\/\\\/develop.olympic.ca\\\/olympique\\\/club-olympique\\\/sidentifier\\\/\"},{\"@type\":\"ListItem\",\"position\":3,\"name\":\"Aide\"}]},{\"@type\":\"WebSite\",\"@id\":\"https:\\\/\\\/develop.olympic.ca\\\/olympique\\\/#website\",\"url\":\"https:\\\/\\\/develop.olympic.ca\\\/olympique\\\/\",\"name\":\"\u00c9quipe Canada | Site officiel de l&#039;\u00e9quipe olympique\",\"description\":\"Votre source pour l\u2019\u00c9quipe olympique canadienne. Retrouvez les r\u00e9cits, vid\u00e9os et photos des athl\u00e8tes canadiens, sports olympiques, Jeux olympiques de 2020 et bien plus!\",\"potentialAction\":[{\"@type\":\"SearchAction\",\"target\":{\"@type\":\"EntryPoint\",\"urlTemplate\":\"https:\\\/\\\/develop.olympic.ca\\\/olympique\\\/?s={search_term_string}\"},\"query-input\":{\"@type\":\"PropertyValueSpecification\",\"valueRequired\":true,\"valueName\":\"search_term_string\"}}],\"inLanguage\":\"fr-FR\"}]}<\/script>\n<!-- \/ Yoast SEO plugin. -->","yoast_head_json":{"title":"Aide - \u00c9quipe Canada | Site officiel de l&#039;\u00e9quipe olympique","robots":{"index":"index","follow":"follow","max-snippet":"max-snippet:-1","max-image-preview":"max-image-preview:large","max-video-preview":"max-video-preview:-1"},"canonical":"https:\/\/develop.olympic.ca\/olympique\/club-olympique\/sidentifier\/aide\/","og_locale":"fr_FR","og_type":"article","og_title":"Aide - \u00c9quipe Canada | Site officiel de l&#039;\u00e9quipe olympique","og_description":"L\u2019inscription d\u2019un compte du site par l\u2019entremise de Facebook, d\u2019Instagram, de Twitter et de LinkedIn n\u2019est plus possible. Nous sommes...","og_url":"https:\/\/develop.olympic.ca\/olympique\/club-olympique\/sidentifier\/aide\/","og_site_name":"\u00c9quipe Canada | Site officiel de l&#039;\u00e9quipe olympique","article_modified_time":"2024-07-16T14:55:20+00:00","twitter_card":"summary_large_image","twitter_misc":{"Est. reading time":"1 minute","Written by":"amoore1879"},"schema":{"@context":"https:\/\/schema.org","@graph":[{"@type":"WebPage","@id":"https:\/\/develop.olympic.ca\/olympique\/club-olympique\/sidentifier\/aide\/","url":"https:\/\/develop.olympic.ca\/olympique\/club-olympique\/sidentifier\/aide\/","name":"Aide - \u00c9quipe Canada | Site officiel de l&#039;\u00e9quipe olympique","isPartOf":{"@id":"https:\/\/develop.olympic.ca\/olympique\/#website"},"datePublished":"2021-04-27T15:23:25+00:00","dateModified":"2024-07-16T14:55:20+00:00","breadcrumb":{"@id":"https:\/\/develop.olympic.ca\/olympique\/club-olympique\/sidentifier\/aide\/#breadcrumb"},"inLanguage":"fr-FR","potentialAction":[{"@type":"ReadAction","target":["https:\/\/develop.olympic.ca\/olympique\/club-olympique\/sidentifier\/aide\/"]}]},{"@type":"BreadcrumbList","@id":"https:\/\/develop.olympic.ca\/olympique\/club-olympique\/sidentifier\/aide\/#breadcrumb","itemListElement":[{"@type":"ListItem","position":1,"name":"Club olympique","item":"https:\/\/develop.olympic.ca\/olympique\/club-olympique\/"},{"@type":"ListItem","position":2,"name":"S&rsquo;identifier","item":"https:\/\/develop.olympic.ca\/olympique\/club-olympique\/sidentifier\/"},{"@type":"ListItem","position":3,"name":"Aide"}]},{"@type":"WebSite","@id":"https:\/\/develop.olympic.ca\/olympique\/#website","url":"https:\/\/develop.olympic.ca\/olympique\/","name":"\u00c9quipe Canada | Site officiel de l&#039;\u00e9quipe olympique","description":"Votre source pour l\u2019\u00c9quipe olympique canadienne. Retrouvez les r\u00e9cits, vid\u00e9os et photos des athl\u00e8tes canadiens, sports olympiques, Jeux olympiques de 2020 et bien plus!","potentialAction":[{"@type":"SearchAction","target":{"@type":"EntryPoint","urlTemplate":"https:\/\/develop.olympic.ca\/olympique\/?s={search_term_string}"},"query-input":{"@type":"PropertyValueSpecification","valueRequired":true,"valueName":"search_term_string"}}],"inLanguage":"fr-FR"}]}},"jetpack_sharing_enabled":true,"jetpack-related-posts":[],"jetpack_shortlink":"https:\/\/wp.me\/PbmyEP-KgM","_links":{"self":[{"href":"https:\/\/develop.olympic.ca\/olympique\/wp-json\/wp\/v2\/pages\/177864","targetHints":{"allow":["GET"]}}],"collection":[{"href":"https:\/\/develop.olympic.ca\/olympique\/wp-json\/wp\/v2\/pages"}],"about":[{"href":"https:\/\/develop.olympic.ca\/olympique\/wp-json\/wp\/v2\/types\/page"}],"author":[{"embeddable":true,"href":"https:\/\/develop.olympic.ca\/olympique\/wp-json\/wp\/v2\/users\/1"}],"replies":[{"embeddable":true,"href":"https:\/\/develop.olympic.ca\/olympique\/wp-json\/wp\/v2\/comments?post=177864"}],"version-history":[{"count":7,"href":"https:\/\/develop.olympic.ca\/olympique\/wp-json\/wp\/v2\/pages\/177864\/revisions"}],"predecessor-version":[{"id":249445,"href":"https:\/\/develop.olympic.ca\/olympique\/wp-json\/wp\/v2\/pages\/177864\/revisions\/249445"}],"up":[{"embeddable":true,"href":"https:\/\/develop.olympic.ca\/olympique\/wp-json\/wp\/v2\/pages\/177535"}],"wp:attachment":[{"href":"https:\/\/develop.olympic.ca\/olympique\/wp-json\/wp\/v2\/media?parent=177864"}],"wp:term":[{"taxonomy":"author","embeddable":true,"href":"https:\/\/develop.olympic.ca\/olympique\/wp-json\/wp\/v2\/coauthors?post=177864"}],"curies":[{"name":"wp","href":"https:\/\/api.w.org\/{rel}","templated":true}]}}