{"id":198164,"date":"2022-01-11T10:05:02","date_gmt":"2022-01-11T15:05:02","guid":{"rendered":"https:\/\/develop.olympic.ca\/olympique\/?page_id=198164"},"modified":"2022-01-11T10:19:55","modified_gmt":"2022-01-11T15:19:55","slug":"sites-olympiques-de-beijing-2022","status":"publish","type":"page","link":"https:\/\/develop.olympic.ca\/olympique\/sites-olympiques-de-beijing-2022\/","title":{"rendered":"SITES OLYMPIQUES DE BEIJING 2022"},"content":{"rendered":"\n<p class=\"wp-block-paragraph\">Au total, 25&nbsp;sites, y compris les sites de comp\u00e9titions, dispers\u00e9s parmi les villes de Beijing, de Yanqing et de Zhangjiakou, serviront \u00e0 la tenue des Jeux olympiques et paralympiques d\u2019hiver de 2022.<\/p>\n\n\n\n<h2 class=\"wp-block-heading\"><a href=\"https:\/\/develop.olympic.ca\/olympique\/venues\/beijing-2022-zone-de-beijing\/\">Zone de Beijing<\/a><\/h2>\n\n\n\n<figure class=\"wp-block-image size-full\"><img loading=\"lazy\" decoding=\"async\" width=\"1340\" height=\"754\" src=\"https:\/\/develop.olympic.ca\/olympique\/wp-content\/uploads\/sites\/2\/2022\/01\/destination-beijing-1.jpeg?quality=100\" alt=\"\" class=\"wp-image-198171\" srcset=\"https:\/\/develop.olympic.ca\/olympique\/wp-content\/uploads\/sites\/2\/2022\/01\/destination-beijing-1.jpeg 1340w, https:\/\/develop.olympic.ca\/olympique\/wp-content\/uploads\/sites\/2\/2022\/01\/destination-beijing-1.jpeg?resize=280,158 280w, https:\/\/develop.olympic.ca\/olympique\/wp-content\/uploads\/sites\/2\/2022\/01\/destination-beijing-1.jpeg?resize=660,371 660w, https:\/\/develop.olympic.ca\/olympique\/wp-content\/uploads\/sites\/2\/2022\/01\/destination-beijing-1.jpeg?resize=768,432 768w\" sizes=\"(max-width: 1340px) 100vw, 1340px\" \/><figcaption>Photos courtesy: Beijing 2022<\/figcaption><\/figure>\n\n\n\n<h2 class=\"wp-block-heading\"><a href=\"https:\/\/develop.olympic.ca\/olympique\/venues\/beijing-2022-zone-de-zhangjiakou\/\">Zone de Zhangjiakou<\/a><\/h2>\n\n\n\n<figure class=\"wp-block-image size-full\"><img loading=\"lazy\" decoding=\"async\" width=\"1340\" height=\"731\" src=\"https:\/\/develop.olympic.ca\/olympique\/wp-content\/uploads\/sites\/2\/2022\/01\/Zhangjiakou-National-Biathlon-Centre-Rendering-Drawing.jpeg?quality=100\" alt=\"\" class=\"wp-image-198173\" srcset=\"https:\/\/develop.olympic.ca\/olympique\/wp-content\/uploads\/sites\/2\/2022\/01\/Zhangjiakou-National-Biathlon-Centre-Rendering-Drawing.jpeg 1340w, https:\/\/develop.olympic.ca\/olympique\/wp-content\/uploads\/sites\/2\/2022\/01\/Zhangjiakou-National-Biathlon-Centre-Rendering-Drawing.jpeg?resize=280,153 280w, https:\/\/develop.olympic.ca\/olympique\/wp-content\/uploads\/sites\/2\/2022\/01\/Zhangjiakou-National-Biathlon-Centre-Rendering-Drawing.jpeg?resize=660,360 660w, https:\/\/develop.olympic.ca\/olympique\/wp-content\/uploads\/sites\/2\/2022\/01\/Zhangjiakou-National-Biathlon-Centre-Rendering-Drawing.jpeg?resize=768,419 768w\" sizes=\"(max-width: 1340px) 100vw, 1340px\" \/><figcaption>Photos courtesy: Beijing 2022<\/figcaption><\/figure>\n\n\n\n<h2 class=\"wp-block-heading\"><a href=\"https:\/\/develop.olympic.ca\/olympique\/venues\/beijing-2022-zone-de-yanqing\/\">Zone de Yanqing<\/a><\/h2>\n\n\n\n<figure class=\"wp-block-image size-full\"><img loading=\"lazy\" decoding=\"async\" width=\"1339\" height=\"748\" src=\"https:\/\/develop.olympic.ca\/olympique\/wp-content\/uploads\/sites\/2\/2022\/01\/Yanqing-Olympic-Village.png\" alt=\"\" class=\"wp-image-198172\" srcset=\"https:\/\/develop.olympic.ca\/olympique\/wp-content\/uploads\/sites\/2\/2022\/01\/Yanqing-Olympic-Village.png 1339w, https:\/\/develop.olympic.ca\/olympique\/wp-content\/uploads\/sites\/2\/2022\/01\/Yanqing-Olympic-Village.png?resize=280,156 280w, https:\/\/develop.olympic.ca\/olympique\/wp-content\/uploads\/sites\/2\/2022\/01\/Yanqing-Olympic-Village.png?resize=660,369 660w, https:\/\/develop.olympic.ca\/olympique\/wp-content\/uploads\/sites\/2\/2022\/01\/Yanqing-Olympic-Village.png?resize=768,429 768w\" sizes=\"(max-width: 1339px) 100vw, 1339px\" \/><figcaption>Photos courtesy: Beijing 2022<\/figcaption><\/figure>\n","protected":false},"excerpt":{"rendered":"<p>Au total, 25&nbsp;sites, y compris les sites de comp\u00e9titions, dispers\u00e9s parmi les villes de Beijing, de Yanqing et de Zhangjiakou,&#8230;<\/p>\n","protected":false},"author":185434513,"featured_media":198169,"parent":0,"menu_order":0,"comment_status":"closed","ping_status":"closed","template":"","meta":{"_edit_lock":["1641914396:185434513"],"_last_editor_used_jetpack":["block-editor"],"_edit_last":["185434513"],"coc_games":[""],"_coc_games":["field_5e83bf020f51f"],"coc_trivia":[""],"_coc_trivia":["field_5e83bacdec2aa"],"coc_sharing_options":["a:1:{s:18:\"coc_hide_share_bar\";b:0;}"],"coc_campaign_options":["a:4:{s:16:\"coc_campaign_tag\";s:0:\"\";s:15:\"coc_campaign_bg\";N;s:25:\"coc_campaign_bg_downloads\";a:0:{}s:20:\"coc_campaign_posters\";a:0:{}}"],"coc_team_options":["a:1:{s:15:\"coc_game_select\";i:184566;}"],"coc_oc_landing_options":["a:2:{s:17:\"coc_oc_landing_bg\";N;s:22:\"coc_oc_landing_stories\";a:0:{}}"],"coc_edit_profile_options":["a:1:{s:20:\"coc_favourite_sports\";a:0:{}}"],"coc_oc_reward_options":["a:13:{s:16:\"coc_oc_reward_id\";s:0:\"\";s:19:\"coc_oc_ac_reward_id\";s:0:\"\";s:20:\"coc_oc_reward_points\";s:0:\"\";s:19:\"coc_oc_reward_rules\";N;s:31:\"coc_oc_digital_download_desktop\";N;s:30:\"coc_oc_digital_download_mobile\";N;s:32:\"coc_oc_digital_download_facebook\";N;s:29:\"coc_oc_reward_success_message\";s:0:\"\";s:23:\"coc_oc_facebook_content\";s:0:\"\";s:22:\"coc_oc_twitter_content\";s:0:\"\";s:24:\"coc_oc_social_contest_id\";s:0:\"\";s:31:\"coc_oc_reward_logged_in_message\";s:0:\"\";s:32:\"coc_oc_reward_logged_out_message\";s:0:\"\";}"],"coc_press_options":["a:2:{s:28:\"coc_press_additional_content\";s:0:\"\";s:27:\"coc_press_resource_category\";a:0:{}}"],"coc_breaking_news_options":["a:1:{s:25:\"coc_breaking_news_details\";a:0:{}}"],"coc_be_olympic_options":["a:8:{s:37:\"coc_be_olympic_exclusive_content_link\";s:0:\"\";s:27:\"coc_be_olympic_videos_title\";s:0:\"\";s:21:\"coc_be_olympic_videos\";a:0:{}s:27:\"coc_be_olympic_photos_title\";s:0:\"\";s:21:\"coc_be_olympic_photos\";a:0:{}s:24:\"coc_be_olympic_downloads\";a:0:{}s:22:\"coc_be_olympic_quizzes\";a:0:{}s:26:\"coc_be_olympic_fan_fun_ads\";a:0:{}}"],"coc_fan_fun_options":["a:2:{s:23:\"coc_fan_fun_hammer_time\";a:2:{s:29:\"coc_fan_fun_hammer_time_image\";N;s:27:\"coc_fan_fun_hammer_time_url\";s:0:\"\";}s:22:\"coc_fan_fun_torch_dash\";a:2:{s:28:\"coc_fan_fun_torch_dash_image\";N;s:26:\"coc_fan_fun_torch_dash_url\";s:0:\"\";}}"],"coc_interactive_game_options":["a:3:{s:28:\"coc_interactive_game_message\";s:0:\"\";s:24:\"coc_interactive_game_url\";s:0:\"\";s:27:\"coc_interactive_game_iframe\";b:0;}"],"coc_olympic_club_options":["a:1:{s:12:\"redirect_url\";s:0:\"\";}"],"coc_favorites_options":["a:3:{s:13:\"content_types\";a:0:{}s:7:\"seasons\";a:0:{}s:4:\"gear\";a:0:{}}"],"coc_og_tags":["a:3:{s:8:\"og_title\";s:0:\"\";s:14:\"og_description\";s:0:\"\";s:8:\"og_image\";N;}"],"coc_education_options":["A"],"coc_page_options":["a:2:{s:14:\"show_crazy_egg\";b:0;s:30:\"coc_partner_takeover_ads_story\";a:5:{s:20:\"coc_ad_story_desktop\";N;s:26:\"coc_ad_story_desktop_label\";s:0:\"\";s:19:\"coc_ad_story_mobile\";N;s:25:\"coc_ad_story_mobile_label\";s:0:\"\";s:16:\"coc_ad_story_url\";s:0:\"\";}}"],"coc_donor_video_options":["a:1:{s:21:\"donor_featured_videos\";a:0:{}}"],"coc_about_video_options":["a:1:{s:11:\"about_video\";a:3:{s:21:\"coc_about_video_title\";s:0:\"\";s:20:\"coc_about_video_text\";s:0:\"\";s:21:\"coc_about_youtube_url\";s:0:\"\";}}"],"coc_about_image_options":["a:1:{s:11:\"about_image\";a:3:{s:21:\"coc_about_image_title\";s:0:\"\";s:20:\"coc_about_image_text\";s:0:\"\";s:19:\"coc_about_image_url\";N;}}"],"coc_giving_options":["a:1:{s:14:\"giving_options\";a:0:{}}"],"coc_homepage_video_options":["a:1:{s:13:\"video_options\";a:1:{s:18:\"coc_homepage_video\";s:0:\"\";}}"],"coc_homepage_priorities":["a:1:{s:16:\"priority_options\";a:0:{}}"],"coc_homepage_campaign_options":["a:1:{s:16:\"campaign_options\";a:3:{s:24:\"coc_campaign_video_title\";s:0:\"\";s:23:\"coc_campaign_video_text\";s:0:\"\";s:24:\"coc_campaign_youtube_url\";s:0:\"\";}}"],"hof_selected_committee":["a:1:{s:11:\"hof_members\";a:0:{}}"],"hof_partners_options":["a:1:{s:12:\"hof_partners\";a:0:{}}"],"hof_search_excerpt":["a:1:{s:18:\"coc_search_excerpt\";s:0:\"\";}"],"_x_multifield_seo_accordion":["a:1:{i:0;a:2:{s:19:\"seo_accordion_title\";s:0:\"\";s:25:\"seo_accordion_description\";s:0:\"\";}}"],"_yoast_wpseo_content_score":["90"],"_yoast_wpseo_estimated-reading-time-minutes":["1"],"_thumbnail_id":["198169"],"seo_translation_link":["https:\/\/develop.olympic.ca\/beijing-2022-olympic-venues\/"],"_yoast_wpseo_focuskw":["Sites olympiques de Beijing 2022"],"_yoast_wpseo_metadesc":["Au total, 25\u00a0sites, y compris les sites de comp\u00e9titions, dispers\u00e9s parmi les villes de Beijing, de Yanqing et de Zhangjiakou, serviront \u00e0 la tenue des Jeux olympiques et paralympiques d\u2019hiver de 2022."],"_yoast_wpseo_linkdex":["44"],"_yoast_wpseo_opengraph-title":["Sites olympiques de Beijing 2022"],"_yoast_wpseo_opengraph-description":["Au total, 25\u00a0sites, y compris les sites de comp\u00e9titions, dispers\u00e9s parmi les villes de Beijing, de Yanqing et de Zhangjiakou, serviront \u00e0 la tenue des Jeux olympiques et paralympiques d\u2019hiver de 2022."],"_yoast_wpseo_twitter-title":["Sites olympiques de Beijing 2022"],"_yoast_wpseo_twitter-description":["Au total, 25\u00a0sites, y compris les sites de comp\u00e9titions, dispers\u00e9s parmi les villes de Beijing, de Yanqing et de Zhangjiakou, serviront \u00e0 la tenue des Jeux olympiques et paralympiques d\u2019hiver de 2022."]},"coauthors":[682164273],"class_list":["post-198164","page","type-page","status-publish","format-standard","has-post-thumbnail","hentry"],"acf":[],"yoast_head":"<!-- This site is optimized with the Yoast SEO plugin v27.3 - https:\/\/yoast.com\/product\/yoast-seo-wordpress\/ -->\n<title>SITES OLYMPIQUES DE BEIJING 2022 - \u00c9quipe Canada | Site officiel de l&#039;\u00e9quipe olympique<\/title>\n<meta name=\"description\" content=\"Au total, 25\u00a0sites, y compris les sites de comp\u00e9titions, dispers\u00e9s parmi les villes de Beijing, de Yanqing et de Zhangjiakou, serviront \u00e0 la tenue des Jeux olympiques et paralympiques d\u2019hiver de 2022.\" \/>\n<meta name=\"robots\" content=\"index, follow, max-snippet:-1, max-image-preview:large, max-video-preview:-1\" \/>\n<link rel=\"canonical\" href=\"https:\/\/develop.olympic.ca\/olympique\/sites-olympiques-de-beijing-2022\/\" \/>\n<meta property=\"og:locale\" content=\"fr_FR\" \/>\n<meta property=\"og:type\" content=\"article\" \/>\n<meta property=\"og:title\" content=\"Sites olympiques de Beijing 2022\" \/>\n<meta property=\"og:description\" content=\"Au total, 25\u00a0sites, y compris les sites de comp\u00e9titions, dispers\u00e9s parmi les villes de Beijing, de Yanqing et de Zhangjiakou, serviront \u00e0 la tenue des Jeux olympiques et paralympiques d\u2019hiver de 2022.\" \/>\n<meta property=\"og:url\" content=\"https:\/\/develop.olympic.ca\/olympique\/sites-olympiques-de-beijing-2022\/\" \/>\n<meta property=\"og:site_name\" content=\"\u00c9quipe Canada | Site officiel de l&#039;\u00e9quipe olympique\" \/>\n<meta property=\"article:modified_time\" content=\"2022-01-11T15:19:55+00:00\" \/>\n<meta property=\"og:image\" content=\"https:\/\/develop.olympic.ca\/olympique\/wp-content\/uploads\/sites\/2\/2022\/01\/destination-beijing.jpeg?quality=100\" \/>\n\t<meta property=\"og:image:width\" content=\"1340\" \/>\n\t<meta property=\"og:image:height\" content=\"754\" \/>\n\t<meta property=\"og:image:type\" content=\"image\/jpeg\" \/>\n<meta name=\"twitter:card\" content=\"summary_large_image\" \/>\n<meta name=\"twitter:title\" content=\"Sites olympiques de Beijing 2022\" \/>\n<meta name=\"twitter:description\" content=\"Au total, 25\u00a0sites, y compris les sites de comp\u00e9titions, dispers\u00e9s parmi les villes de Beijing, de Yanqing et de Zhangjiakou, serviront \u00e0 la tenue des Jeux olympiques et paralympiques d\u2019hiver de 2022.\" \/>\n<meta name=\"twitter:label1\" content=\"Est. reading time\" \/>\n\t<meta name=\"twitter:data1\" content=\"1 minute\" \/>\n\t<meta name=\"twitter:label2\" content=\"Written by\" \/>\n\t<meta name=\"twitter:data2\" content=\"Audrey Lacroix\" \/>\n<script type=\"application\/ld+json\" class=\"yoast-schema-graph\">{\"@context\":\"https:\\\/\\\/schema.org\",\"@graph\":[{\"@type\":\"WebPage\",\"@id\":\"https:\\\/\\\/develop.olympic.ca\\\/olympique\\\/sites-olympiques-de-beijing-2022\\\/\",\"url\":\"https:\\\/\\\/develop.olympic.ca\\\/olympique\\\/sites-olympiques-de-beijing-2022\\\/\",\"name\":\"SITES OLYMPIQUES DE BEIJING 2022 - \u00c9quipe Canada | Site officiel de l&#039;\u00e9quipe olympique\",\"isPartOf\":{\"@id\":\"https:\\\/\\\/develop.olympic.ca\\\/olympique\\\/#website\"},\"primaryImageOfPage\":{\"@id\":\"https:\\\/\\\/develop.olympic.ca\\\/olympique\\\/sites-olympiques-de-beijing-2022\\\/#primaryimage\"},\"image\":{\"@id\":\"https:\\\/\\\/develop.olympic.ca\\\/olympique\\\/sites-olympiques-de-beijing-2022\\\/#primaryimage\"},\"thumbnailUrl\":\"https:\\\/\\\/develop.olympic.ca\\\/olympique\\\/wp-content\\\/uploads\\\/sites\\\/2\\\/2022\\\/01\\\/destination-beijing.jpeg?quality=100\",\"datePublished\":\"2022-01-11T15:05:02+00:00\",\"dateModified\":\"2022-01-11T15:19:55+00:00\",\"description\":\"Au total, 25\u00a0sites, y compris les sites de comp\u00e9titions, dispers\u00e9s parmi les villes de Beijing, de Yanqing et de Zhangjiakou, serviront \u00e0 la tenue des Jeux olympiques et paralympiques d\u2019hiver de 2022.\",\"inLanguage\":\"fr-FR\",\"potentialAction\":[{\"@type\":\"ReadAction\",\"target\":[\"https:\\\/\\\/develop.olympic.ca\\\/olympique\\\/sites-olympiques-de-beijing-2022\\\/\"]}]},{\"@type\":\"ImageObject\",\"inLanguage\":\"fr-FR\",\"@id\":\"https:\\\/\\\/develop.olympic.ca\\\/olympique\\\/sites-olympiques-de-beijing-2022\\\/#primaryimage\",\"url\":\"https:\\\/\\\/develop.olympic.ca\\\/olympique\\\/wp-content\\\/uploads\\\/sites\\\/2\\\/2022\\\/01\\\/destination-beijing.jpeg?quality=100\",\"contentUrl\":\"https:\\\/\\\/develop.olympic.ca\\\/olympique\\\/wp-content\\\/uploads\\\/sites\\\/2\\\/2022\\\/01\\\/destination-beijing.jpeg?quality=100\",\"width\":1340,\"height\":754,\"caption\":\"Photos courtesy: Beijing 2022\"},{\"@type\":\"WebSite\",\"@id\":\"https:\\\/\\\/develop.olympic.ca\\\/olympique\\\/#website\",\"url\":\"https:\\\/\\\/develop.olympic.ca\\\/olympique\\\/\",\"name\":\"\u00c9quipe Canada | Site officiel de l&#039;\u00e9quipe olympique\",\"description\":\"Votre source pour l\u2019\u00c9quipe olympique canadienne. Retrouvez les r\u00e9cits, vid\u00e9os et photos des athl\u00e8tes canadiens, sports olympiques, Jeux olympiques de 2020 et bien plus!\",\"potentialAction\":[{\"@type\":\"SearchAction\",\"target\":{\"@type\":\"EntryPoint\",\"urlTemplate\":\"https:\\\/\\\/develop.olympic.ca\\\/olympique\\\/?s={search_term_string}\"},\"query-input\":{\"@type\":\"PropertyValueSpecification\",\"valueRequired\":true,\"valueName\":\"search_term_string\"}}],\"inLanguage\":\"fr-FR\"}]}<\/script>\n<!-- \/ Yoast SEO plugin. -->","yoast_head_json":{"title":"SITES OLYMPIQUES DE BEIJING 2022 - \u00c9quipe Canada | Site officiel de l&#039;\u00e9quipe olympique","description":"Au total, 25\u00a0sites, y compris les sites de comp\u00e9titions, dispers\u00e9s parmi les villes de Beijing, de Yanqing et de Zhangjiakou, serviront \u00e0 la tenue des Jeux olympiques et paralympiques d\u2019hiver de 2022.","robots":{"index":"index","follow":"follow","max-snippet":"max-snippet:-1","max-image-preview":"max-image-preview:large","max-video-preview":"max-video-preview:-1"},"canonical":"https:\/\/develop.olympic.ca\/olympique\/sites-olympiques-de-beijing-2022\/","og_locale":"fr_FR","og_type":"article","og_title":"Sites olympiques de Beijing 2022","og_description":"Au total, 25\u00a0sites, y compris les sites de comp\u00e9titions, dispers\u00e9s parmi les villes de Beijing, de Yanqing et de Zhangjiakou, serviront \u00e0 la tenue des Jeux olympiques et paralympiques d\u2019hiver de 2022.","og_url":"https:\/\/develop.olympic.ca\/olympique\/sites-olympiques-de-beijing-2022\/","og_site_name":"\u00c9quipe Canada | Site officiel de l&#039;\u00e9quipe olympique","article_modified_time":"2022-01-11T15:19:55+00:00","og_image":[{"width":1340,"height":754,"url":"https:\/\/develop.olympic.ca\/olympique\/wp-content\/uploads\/sites\/2\/2022\/01\/destination-beijing.jpeg?quality=100","type":"image\/jpeg"}],"twitter_card":"summary_large_image","twitter_title":"Sites olympiques de Beijing 2022","twitter_description":"Au total, 25\u00a0sites, y compris les sites de comp\u00e9titions, dispers\u00e9s parmi les villes de Beijing, de Yanqing et de Zhangjiakou, serviront \u00e0 la tenue des Jeux olympiques et paralympiques d\u2019hiver de 2022.","twitter_misc":{"Est. reading time":"1 minute","Written by":"Audrey Lacroix"},"schema":{"@context":"https:\/\/schema.org","@graph":[{"@type":"WebPage","@id":"https:\/\/develop.olympic.ca\/olympique\/sites-olympiques-de-beijing-2022\/","url":"https:\/\/develop.olympic.ca\/olympique\/sites-olympiques-de-beijing-2022\/","name":"SITES OLYMPIQUES DE BEIJING 2022 - \u00c9quipe Canada | Site officiel de l&#039;\u00e9quipe olympique","isPartOf":{"@id":"https:\/\/develop.olympic.ca\/olympique\/#website"},"primaryImageOfPage":{"@id":"https:\/\/develop.olympic.ca\/olympique\/sites-olympiques-de-beijing-2022\/#primaryimage"},"image":{"@id":"https:\/\/develop.olympic.ca\/olympique\/sites-olympiques-de-beijing-2022\/#primaryimage"},"thumbnailUrl":"https:\/\/develop.olympic.ca\/olympique\/wp-content\/uploads\/sites\/2\/2022\/01\/destination-beijing.jpeg?quality=100","datePublished":"2022-01-11T15:05:02+00:00","dateModified":"2022-01-11T15:19:55+00:00","description":"Au total, 25\u00a0sites, y compris les sites de comp\u00e9titions, dispers\u00e9s parmi les villes de Beijing, de Yanqing et de Zhangjiakou, serviront \u00e0 la tenue des Jeux olympiques et paralympiques d\u2019hiver de 2022.","inLanguage":"fr-FR","potentialAction":[{"@type":"ReadAction","target":["https:\/\/develop.olympic.ca\/olympique\/sites-olympiques-de-beijing-2022\/"]}]},{"@type":"ImageObject","inLanguage":"fr-FR","@id":"https:\/\/develop.olympic.ca\/olympique\/sites-olympiques-de-beijing-2022\/#primaryimage","url":"https:\/\/develop.olympic.ca\/olympique\/wp-content\/uploads\/sites\/2\/2022\/01\/destination-beijing.jpeg?quality=100","contentUrl":"https:\/\/develop.olympic.ca\/olympique\/wp-content\/uploads\/sites\/2\/2022\/01\/destination-beijing.jpeg?quality=100","width":1340,"height":754,"caption":"Photos courtesy: Beijing 2022"},{"@type":"WebSite","@id":"https:\/\/develop.olympic.ca\/olympique\/#website","url":"https:\/\/develop.olympic.ca\/olympique\/","name":"\u00c9quipe Canada | Site officiel de l&#039;\u00e9quipe olympique","description":"Votre source pour l\u2019\u00c9quipe olympique canadienne. Retrouvez les r\u00e9cits, vid\u00e9os et photos des athl\u00e8tes canadiens, sports olympiques, Jeux olympiques de 2020 et bien plus!","potentialAction":[{"@type":"SearchAction","target":{"@type":"EntryPoint","urlTemplate":"https:\/\/develop.olympic.ca\/olympique\/?s={search_term_string}"},"query-input":{"@type":"PropertyValueSpecification","valueRequired":true,"valueName":"search_term_string"}}],"inLanguage":"fr-FR"}]}},"jetpack_sharing_enabled":true,"jetpack-related-posts":[],"jetpack_shortlink":"https:\/\/wp.me\/PbmyEP-Pyc","_links":{"self":[{"href":"https:\/\/develop.olympic.ca\/olympique\/wp-json\/wp\/v2\/pages\/198164","targetHints":{"allow":["GET"]}}],"collection":[{"href":"https:\/\/develop.olympic.ca\/olympique\/wp-json\/wp\/v2\/pages"}],"about":[{"href":"https:\/\/develop.olympic.ca\/olympique\/wp-json\/wp\/v2\/types\/page"}],"author":[{"embeddable":true,"href":"https:\/\/develop.olympic.ca\/olympique\/wp-json\/wp\/v2\/users\/185434513"}],"replies":[{"embeddable":true,"href":"https:\/\/develop.olympic.ca\/olympique\/wp-json\/wp\/v2\/comments?post=198164"}],"version-history":[{"count":3,"href":"https:\/\/develop.olympic.ca\/olympique\/wp-json\/wp\/v2\/pages\/198164\/revisions"}],"predecessor-version":[{"id":198175,"href":"https:\/\/develop.olympic.ca\/olympique\/wp-json\/wp\/v2\/pages\/198164\/revisions\/198175"}],"wp:featuredmedia":[{"embeddable":true,"href":"https:\/\/develop.olympic.ca\/olympique\/wp-json\/wp\/v2\/media\/198169"}],"wp:attachment":[{"href":"https:\/\/develop.olympic.ca\/olympique\/wp-json\/wp\/v2\/media?parent=198164"}],"wp:term":[{"taxonomy":"author","embeddable":true,"href":"https:\/\/develop.olympic.ca\/olympique\/wp-json\/wp\/v2\/coauthors?post=198164"}],"curies":[{"name":"wp","href":"https:\/\/api.w.org\/{rel}","templated":true}]}}