{"id":214038,"date":"2022-11-08T08:31:04","date_gmt":"2022-11-08T13:31:04","guid":{"rendered":"https:\/\/develop.olympic.ca\/olympique\/?page_id=214038"},"modified":"2022-11-16T13:07:56","modified_gmt":"2022-11-16T18:07:56","slug":"elections-davril-2023-appel-de-candidatures-et-calendrier-des-dates-importantes","status":"publish","type":"page","link":"https:\/\/develop.olympic.ca\/olympique\/elections-davril-2023-appel-de-candidatures-et-calendrier-des-dates-importantes\/","title":{"rendered":"\u00c9LECTIONS D\u2019AVRIL 2023 \u2013 APPEL DE CANDIDATURES ET CALENDRIER DES DATES IMPORTANTES"},"content":{"rendered":"\n<h2 class=\"wp-block-heading\">JOIGNEZ-VOUS AU MOUVEMENT OLYMPIQUE AU CANADA<\/h2>\n\n\n\n<p class=\"wp-block-paragraph\">Le Comit\u00e9 olympique canadien (\u00ab COC \u00bb) est un organisme national priv\u00e9 sans but lucratif vou\u00e9 \u00e0 l\u2019excellence sportive de haute performance. Nous sommes le plus important contributeur priv\u00e9 au sport de haute performance au Canada et notre mission est de guider la r\u00e9ussite sur le podium de l\u2019\u00c9quipe olympique canadienne et de promouvoir l\u2019avancement des valeurs olympiques au Canada.<\/p>\n\n\n\n<p class=\"wp-block-paragraph\">Notre objectif est d\u2019\u00ab \u00catre olympique \u00bb ce qui signifie d\u2019\u00eatre les meilleurs dans ce que nous faisons, d\u2019offrir le meilleur soutien pour nos athl\u00e8tes et notre communaut\u00e9 sportive, d\u2019\u00eatre le meilleur partenaire et d\u2019\u00eatre le meilleur comit\u00e9 national olympique. Le sport a un pouvoir incroyable et incomparable d\u2019unification. Il a la puissance de transformer le monde, d\u2019unir et d\u2019inspirer. Il est un outil formidable \u00e0 tant de niveaux \u2013 pour nous individuellement, mais aussi comme dirigeants.<\/p>\n\n\n\n<p class=\"wp-block-paragraph\">Le COC est \u00e0 la recherche de candidats qualifi\u00e9s, d\u00e9sirant incarner ses valeurs et partager notre passion pour le pouvoir du sport afin de contribuer \u00e0 la direction de l\u2019organisme dans les r\u00f4les suivants :<\/p>\n\n\n\n<ul class=\"wp-block-list\"><li>Conseil d\u2019administration (six (6) postes \u2013 pour un mandat de quatre (4) ans)<\/li><li>Membres g\u00e9n\u00e9raux \u2013 Cat\u00e9gorie B (six (6) postes \u2013 pour un mandat de quatre (4) ans)<\/li><\/ul>\n\n\n\n<p class=\"wp-block-paragraph\">Veuillez consulter l\u2019Annexe A de l\u2019appel de candidature pour une description d\u00e9taill\u00e9e et pour conna\u00eetre le processus de nomination pour chacun de ces r\u00f4les.<\/p>\n\n\n\n<p class=\"wp-block-paragraph\">Le COC est d\u00e9termin\u00e9 \u00e0 assurer une repr\u00e9sentation diversifi\u00e9e et \u00e0 inclure des voix qui repr\u00e9sentent la soci\u00e9t\u00e9 canadienne et notre communaut\u00e9 sportive. Par cons\u00e9quent, les candidats sont invit\u00e9s \u00e0 indiquer (de fa\u00e7on volontaire) s\u2019ils font partie d\u2019une minorit\u00e9 visible ou d\u2019un groupe de personnes sous repr\u00e9sent\u00e9es. Le COC se r\u00e9serve \u00e9galement le droit de tenir compte de la repr\u00e9sentation des langues officielles, des sports d\u2019hiver et d\u2019\u00e9t\u00e9, ainsi que de la repr\u00e9sentation g\u00e9ographique.<\/p>\n\n\n\n<p class=\"wp-block-paragraph\">Le comit\u00e9 de mise en candidature souhaite particuli\u00e8rement recevoir la candidature de personnes pouvant renforcer la repr\u00e9sentation du COC dans les domaines de comp\u00e9tences et d\u2019expertises suivants :<\/p>\n\n\n\n<ul class=\"wp-block-list\"><li>Sport \u2013 Athl\u00e8te\/Entra\u00eeneur\/Gestion des affaires du sport\/Sport international<\/li><li>Titulaire d\u2019une d\u00e9signation professionnelle en lien avec le domaine des finances et\/ou connaissances du domaine des finances<\/li><li>Technologies de l\u2019information\/Num\u00e9rique\/Cybers\u00e9curit\u00e9<\/li><li>Relations gouvernementales\/D\u00e9fense d\u2019int\u00e9r\u00eats et lobbying aupr\u00e8s du gouvernement<\/li><\/ul>\n\n\n\n<p class=\"wp-block-paragraph\">Les personnes d\u00e9sirant \u00eatre consid\u00e9r\u00e9es pour un des r\u00f4les susmentionn\u00e9s doivent remplir le formulaire de mise en candidature ci-joint et le soumettre avec un bref curriculum vitae. La date limite de mise en candidature est <strong>le mercredi 30 novembre 2022 \u00e0 17 h (HE). (Veuillez t\u00e9l\u00e9charger <a href=\"https:\/\/develop.olympic.ca\/olympique\/wp-content\/uploads\/sites\/2\/2022\/11\/Updated_2023-Call-for-Nominations-Form-FINAL-Nov-7-2022-FR.pdf\">le formulaire de mise en candidature<\/a> sur votre ordinateur AVANT de le remplir afin de sauvegarder les d\u00e9tails de votre dossier de candidature)<\/strong><\/p>\n\n\n\n<p class=\"wp-block-paragraph\">Veuillez renvoyer le formulaire de mise en candidature ainsi que votre curriculum vitae \u00e0 :<br>Comit\u00e9 de mise en candidature<br>a\/s Comit\u00e9 olympique canadien<br>250, rue Yonge, 30e \u00e9tage<br>Toronto (Ontario) M5B 2L7<br>Courriel : <a href=\"mailto:COCSessionMemberServices@olympic.ca\">COCSessionMemberServices@olympic.ca<\/a><\/p>\n\n\n\n<p class=\"wp-block-paragraph\">Tout candidat se pr\u00e9sentant pour une r\u00e9\u00e9lection devrait aussi pr\u00e9senter un bref compte rendu de ses contributions au COC durant leur dernier mandat, ainsi qu\u2019une d\u00e9claration \u00e9non\u00e7ant leurs objectifs pour leur prochain mandat advenant leur r\u00e9\u00e9lection.<\/p>\n\n\n\n<p class=\"wp-block-paragraph\">Toute mise en candidature dont le COC n\u2019aura pas accus\u00e9 r\u00e9ception sera r\u00e9put\u00e9e non re\u00e7ue. Par cons\u00e9quent, veuillez vous assurer de clairement identifier votre adresse de courriel sur votre mise en candidature afin de recevoir une confirmation de la r\u00e9ception des mises en candidature que vous aurez transmises.<br>Pour toute question \u00e0 ce sujet, veuillez communiquer avec Marianne Bolhuis (<a href=\"mailto:mbolhuis@olympique.ca\">mbolhuis@olympique.ca<\/a>).<\/p>\n\n\n\n<p class=\"wp-block-paragraph\">Veuillez prendre note que tous les mandats des administrateurs et les membres de cat\u00e9gorie B suivants prendront aussi fin en avril 2023.<\/p>\n\n\n\n<div class=\"wp-block-columns is-layout-flex wp-container-core-columns-is-layout-8f761849 wp-block-columns-is-layout-flex\">\n<div class=\"wp-block-column is-layout-flow wp-block-column-is-layout-flow\" style=\"flex-basis:50%\">\n<p class=\"wp-block-paragraph\"><span style=\"text-decoration: underline;\">Administrateurs <br><\/span>Ian Clarke<br>David de Vlieger<br>Martha Deacon*<br>Lori DeGraw<br>Peter Dinsdale<br>Tony Eames<br>Karen Rubin<br>Wayne Russell*<br>Gordon Peterson*<\/p>\n<\/div>\n\n\n\n<div class=\"wp-block-column is-layout-flow wp-block-column-is-layout-flow\" style=\"flex-basis:50%\">\n<p class=\"wp-block-paragraph\"><span style=\"text-decoration: underline;\">Membres de cat\u00e9gorie B<\/span><br>Patrice Brunet<br>David Goldstein<br>Maria Izquierdo<br>Frank Meunier<br>Stephen Podborski<br>Walter Sieber<\/p>\n<\/div>\n<\/div>\n\n\n\n<p class=\"wp-block-paragraph\">(*) indique des administrateurs qui ont atteint leur limite de mandats et qui ne sont donc pas \u00e9ligibles \u00e0 une r\u00e9\u00e9lection. <\/p>\n\n\n\n<h2 class=\"wp-block-heading\">Appel de candidatures 2023 \u2013 Calendrier des dates importantes<\/h2>\n\n\n<div class=\"table-scrollable-wrapper\">\n<figure class=\"wp-block-table is-style-stripes\"><table><thead><tr><th><\/th><th>Proc\u00e9dure :<\/th><th>Date :<\/th><\/tr><\/thead><tbody><tr><td>1. <\/td><td>Publication de l\u2019appel des candidatures<\/td><td>7 novembre 2022<\/td><\/tr><tr><td>2. <\/td><td>Date limite de mise en candidature<\/td><td>30 novembre 2022<\/td><\/tr><tr><td>3. <\/td><td>Approbation par le conseil d\u2019administration de la liste de candidats recommand\u00e9s et de la deuxi\u00e8me liste de candidats pour les postes d\u2019administrateurs ainsi que de la liste de candidats recommand\u00e9s pour les membres de cat\u00e9gorie B<\/td><td>Vers le 27 janvier 2023<\/td><\/tr><tr><td>4. <\/td><td>Annonce des candidats recommand\u00e9s et de ceux figurant sur la deuxi\u00e8me liste pour les postes d\u2019administrateurs ainsi que des candidats recommand\u00e9s pour les postes de membres de cat\u00e9gorie B, et appel aux membres pour des candidatures suppl\u00e9mentaires<\/td><td>Vers le 1er f\u00e9vrier 2023<\/td><\/tr><tr><td>5. <\/td><td>Date limite pour que les membres puissent soumettre au COC des candidatures suppl\u00e9mentaires pour les postes d\u2019administrateurs<\/td><td>Vers le 15 f\u00e9vrier 2023<\/td><\/tr><tr><td>6. <\/td><td>Transmission aux membres des versions d\u00e9finitives de la liste de candidats recommand\u00e9s et de la deuxi\u00e8me liste pour les postes d\u2019administrateurs et des nominations pour les postes de membres de cat\u00e9gorie B<\/td><td>Vers le 20 mars 2023<\/td><\/tr><tr><td>7. <\/td><td>Date limite pour que les membres puissent soumettre au COC des candidatures suppl\u00e9mentaires pour les postes de membres de cat\u00e9gorie B<\/td><td>5 avril 2023<\/td><\/tr><tr><td>8. <\/td><td>\u00c9lections \u00e0 la Session du COC<\/td><td>22 avril 2023<\/td><\/tr><\/tbody><\/table><\/figure>\n<\/div>","protected":false},"excerpt":{"rendered":"<p>JOIGNEZ-VOUS AU MOUVEMENT OLYMPIQUE AU CANADA Le Comit\u00e9 olympique canadien (\u00ab COC \u00bb) est un organisme national priv\u00e9 sans but&#8230;<\/p>\n","protected":false},"author":52435436,"featured_media":0,"parent":0,"menu_order":0,"comment_status":"closed","ping_status":"closed","template":"","meta":{"_edit_lock":["1730137773:132083754"],"_last_editor_used_jetpack":["block-editor"],"_edit_last":["132083754"],"coc_games":[""],"_coc_games":["field_5e83bf020f51f"],"coc_trivia":[""],"_coc_trivia":["field_5e83bacdec2aa"],"coc_sharing_options":["a:1:{s:18:\"coc_hide_share_bar\";b:0;}"],"coc_campaign_options":["a:4:{s:16:\"coc_campaign_tag\";s:0:\"\";s:15:\"coc_campaign_bg\";N;s:25:\"coc_campaign_bg_downloads\";a:0:{}s:20:\"coc_campaign_posters\";a:0:{}}"],"coc_team_options":["a:1:{s:15:\"coc_game_select\";i:210932;}"],"coc_oc_landing_options":["a:2:{s:17:\"coc_oc_landing_bg\";N;s:22:\"coc_oc_landing_stories\";a:0:{}}"],"coc_edit_profile_options":["a:1:{s:20:\"coc_favourite_sports\";a:0:{}}"],"coc_oc_reward_options":["a:13:{s:16:\"coc_oc_reward_id\";s:0:\"\";s:19:\"coc_oc_ac_reward_id\";s:0:\"\";s:20:\"coc_oc_reward_points\";s:0:\"\";s:19:\"coc_oc_reward_rules\";N;s:31:\"coc_oc_digital_download_desktop\";N;s:30:\"coc_oc_digital_download_mobile\";N;s:32:\"coc_oc_digital_download_facebook\";N;s:29:\"coc_oc_reward_success_message\";s:0:\"\";s:23:\"coc_oc_facebook_content\";s:0:\"\";s:22:\"coc_oc_twitter_content\";s:0:\"\";s:24:\"coc_oc_social_contest_id\";s:0:\"\";s:31:\"coc_oc_reward_logged_in_message\";s:0:\"\";s:32:\"coc_oc_reward_logged_out_message\";s:0:\"\";}"],"coc_press_options":["a:2:{s:28:\"coc_press_additional_content\";s:0:\"\";s:27:\"coc_press_resource_category\";a:0:{}}"],"coc_breaking_news_options":["a:1:{s:25:\"coc_breaking_news_details\";a:0:{}}"],"coc_be_olympic_options":["a:8:{s:37:\"coc_be_olympic_exclusive_content_link\";s:0:\"\";s:27:\"coc_be_olympic_videos_title\";s:0:\"\";s:21:\"coc_be_olympic_videos\";a:0:{}s:27:\"coc_be_olympic_photos_title\";s:0:\"\";s:21:\"coc_be_olympic_photos\";a:0:{}s:24:\"coc_be_olympic_downloads\";a:0:{}s:22:\"coc_be_olympic_quizzes\";a:0:{}s:26:\"coc_be_olympic_fan_fun_ads\";a:0:{}}"],"coc_fan_fun_options":["a:2:{s:23:\"coc_fan_fun_hammer_time\";a:2:{s:29:\"coc_fan_fun_hammer_time_image\";N;s:27:\"coc_fan_fun_hammer_time_url\";s:0:\"\";}s:22:\"coc_fan_fun_torch_dash\";a:2:{s:28:\"coc_fan_fun_torch_dash_image\";N;s:26:\"coc_fan_fun_torch_dash_url\";s:0:\"\";}}"],"coc_interactive_game_options":["a:3:{s:28:\"coc_interactive_game_message\";s:0:\"\";s:24:\"coc_interactive_game_url\";s:0:\"\";s:27:\"coc_interactive_game_iframe\";b:0;}"],"coc_olympic_club_options":["a:1:{s:12:\"redirect_url\";s:0:\"\";}"],"coc_favorites_options":["a:3:{s:13:\"content_types\";a:0:{}s:7:\"seasons\";a:0:{}s:4:\"gear\";a:0:{}}"],"coc_og_tags":["a:3:{s:8:\"og_title\";s:0:\"\";s:14:\"og_description\";s:0:\"\";s:8:\"og_image\";N;}"],"coc_education_options":["A"],"coc_page_options":["a:2:{s:14:\"show_crazy_egg\";b:0;s:30:\"coc_partner_takeover_ads_story\";a:5:{s:20:\"coc_ad_story_desktop\";N;s:26:\"coc_ad_story_desktop_label\";s:0:\"\";s:19:\"coc_ad_story_mobile\";N;s:25:\"coc_ad_story_mobile_label\";s:0:\"\";s:16:\"coc_ad_story_url\";s:0:\"\";}}"],"coc_donor_video_options":["a:1:{s:21:\"donor_featured_videos\";a:0:{}}"],"coc_about_video_options":["a:1:{s:11:\"about_video\";a:3:{s:21:\"coc_about_video_title\";s:0:\"\";s:20:\"coc_about_video_text\";s:0:\"\";s:21:\"coc_about_youtube_url\";s:0:\"\";}}"],"coc_about_image_options":["a:1:{s:11:\"about_image\";a:3:{s:21:\"coc_about_image_title\";s:0:\"\";s:20:\"coc_about_image_text\";s:0:\"\";s:19:\"coc_about_image_url\";N;}}"],"coc_giving_options":["a:1:{s:14:\"giving_options\";a:0:{}}"],"coc_homepage_video_options":["a:1:{s:13:\"video_options\";a:1:{s:18:\"coc_homepage_video\";s:0:\"\";}}"],"coc_homepage_priorities":["a:1:{s:16:\"priority_options\";a:0:{}}"],"coc_homepage_campaign_options":["a:1:{s:16:\"campaign_options\";a:3:{s:24:\"coc_campaign_video_title\";s:0:\"\";s:23:\"coc_campaign_video_text\";s:0:\"\";s:24:\"coc_campaign_youtube_url\";s:0:\"\";}}"],"hof_selected_committee":["a:1:{s:11:\"hof_members\";a:0:{}}"],"hof_partners_options":["a:1:{s:12:\"hof_partners\";a:0:{}}"],"hof_search_excerpt":["a:1:{s:18:\"coc_search_excerpt\";s:0:\"\";}"],"_x_multifield_seo_accordion":["a:1:{i:0;a:2:{s:19:\"seo_accordion_title\";s:0:\"\";s:25:\"seo_accordion_description\";s:0:\"\";}}"],"_yoast_wpseo_content_score":["60"],"_yoast_wpseo_estimated-reading-time-minutes":["5"],"seo_translation_link":["https:\/\/develop.olympic.ca\/canadian-olympic-committee\/governance\/board-of-directors\/april-2023---call-for-nominations--calendar-of-key-dates\/"]},"coauthors":[209008581],"class_list":["post-214038","page","type-page","status-publish","format-standard","hentry"],"acf":[],"yoast_head":"<!-- This site is optimized with the Yoast SEO plugin v27.3 - https:\/\/yoast.com\/product\/yoast-seo-wordpress\/ -->\n<title>\u00c9LECTIONS D\u2019AVRIL 2023 \u2013 APPEL DE CANDIDATURES ET CALENDRIER DES DATES IMPORTANTES - \u00c9quipe Canada | Site officiel de l&#039;\u00e9quipe olympique<\/title>\n<meta name=\"robots\" content=\"index, follow, max-snippet:-1, max-image-preview:large, max-video-preview:-1\" \/>\n<link rel=\"canonical\" href=\"https:\/\/develop.olympic.ca\/olympique\/elections-davril-2023-appel-de-candidatures-et-calendrier-des-dates-importantes\/\" \/>\n<meta property=\"og:locale\" content=\"fr_FR\" \/>\n<meta property=\"og:type\" content=\"article\" \/>\n<meta property=\"og:title\" content=\"\u00c9LECTIONS D\u2019AVRIL 2023 \u2013 APPEL DE CANDIDATURES ET CALENDRIER DES DATES IMPORTANTES - \u00c9quipe Canada | Site officiel de l&#039;\u00e9quipe olympique\" \/>\n<meta property=\"og:description\" content=\"JOIGNEZ-VOUS AU MOUVEMENT OLYMPIQUE AU CANADA Le Comit\u00e9 olympique canadien (\u00ab COC \u00bb) est un organisme national priv\u00e9 sans but...\" \/>\n<meta property=\"og:url\" content=\"https:\/\/develop.olympic.ca\/olympique\/elections-davril-2023-appel-de-candidatures-et-calendrier-des-dates-importantes\/\" \/>\n<meta property=\"og:site_name\" content=\"\u00c9quipe Canada | Site officiel de l&#039;\u00e9quipe olympique\" \/>\n<meta property=\"article:modified_time\" content=\"2022-11-16T18:07:56+00:00\" \/>\n<meta name=\"twitter:card\" content=\"summary_large_image\" \/>\n<meta name=\"twitter:label1\" content=\"Est. reading time\" \/>\n\t<meta name=\"twitter:data1\" content=\"5 minutes\" \/>\n\t<meta name=\"twitter:label2\" content=\"Written by\" \/>\n\t<meta name=\"twitter:data2\" content=\"Mark Nadolny\" \/>\n<script type=\"application\/ld+json\" class=\"yoast-schema-graph\">{\"@context\":\"https:\\\/\\\/schema.org\",\"@graph\":[{\"@type\":\"WebPage\",\"@id\":\"https:\\\/\\\/develop.olympic.ca\\\/olympique\\\/elections-davril-2023-appel-de-candidatures-et-calendrier-des-dates-importantes\\\/\",\"url\":\"https:\\\/\\\/develop.olympic.ca\\\/olympique\\\/elections-davril-2023-appel-de-candidatures-et-calendrier-des-dates-importantes\\\/\",\"name\":\"\u00c9LECTIONS D\u2019AVRIL 2023 \u2013 APPEL DE CANDIDATURES ET CALENDRIER DES DATES IMPORTANTES - \u00c9quipe Canada | Site officiel de l&#039;\u00e9quipe olympique\",\"isPartOf\":{\"@id\":\"https:\\\/\\\/develop.olympic.ca\\\/olympique\\\/#website\"},\"datePublished\":\"2022-11-08T13:31:04+00:00\",\"dateModified\":\"2022-11-16T18:07:56+00:00\",\"inLanguage\":\"fr-FR\",\"potentialAction\":[{\"@type\":\"ReadAction\",\"target\":[\"https:\\\/\\\/develop.olympic.ca\\\/olympique\\\/elections-davril-2023-appel-de-candidatures-et-calendrier-des-dates-importantes\\\/\"]}]},{\"@type\":\"WebSite\",\"@id\":\"https:\\\/\\\/develop.olympic.ca\\\/olympique\\\/#website\",\"url\":\"https:\\\/\\\/develop.olympic.ca\\\/olympique\\\/\",\"name\":\"\u00c9quipe Canada | Site officiel de l&#039;\u00e9quipe olympique\",\"description\":\"Votre source pour l\u2019\u00c9quipe olympique canadienne. Retrouvez les r\u00e9cits, vid\u00e9os et photos des athl\u00e8tes canadiens, sports olympiques, Jeux olympiques de 2020 et bien plus!\",\"potentialAction\":[{\"@type\":\"SearchAction\",\"target\":{\"@type\":\"EntryPoint\",\"urlTemplate\":\"https:\\\/\\\/develop.olympic.ca\\\/olympique\\\/?s={search_term_string}\"},\"query-input\":{\"@type\":\"PropertyValueSpecification\",\"valueRequired\":true,\"valueName\":\"search_term_string\"}}],\"inLanguage\":\"fr-FR\"}]}<\/script>\n<!-- \/ Yoast SEO plugin. -->","yoast_head_json":{"title":"\u00c9LECTIONS D\u2019AVRIL 2023 \u2013 APPEL DE CANDIDATURES ET CALENDRIER DES DATES IMPORTANTES - \u00c9quipe Canada | Site officiel de l&#039;\u00e9quipe olympique","robots":{"index":"index","follow":"follow","max-snippet":"max-snippet:-1","max-image-preview":"max-image-preview:large","max-video-preview":"max-video-preview:-1"},"canonical":"https:\/\/develop.olympic.ca\/olympique\/elections-davril-2023-appel-de-candidatures-et-calendrier-des-dates-importantes\/","og_locale":"fr_FR","og_type":"article","og_title":"\u00c9LECTIONS D\u2019AVRIL 2023 \u2013 APPEL DE CANDIDATURES ET CALENDRIER DES DATES IMPORTANTES - \u00c9quipe Canada | Site officiel de l&#039;\u00e9quipe olympique","og_description":"JOIGNEZ-VOUS AU MOUVEMENT OLYMPIQUE AU CANADA Le Comit\u00e9 olympique canadien (\u00ab COC \u00bb) est un organisme national priv\u00e9 sans but...","og_url":"https:\/\/develop.olympic.ca\/olympique\/elections-davril-2023-appel-de-candidatures-et-calendrier-des-dates-importantes\/","og_site_name":"\u00c9quipe Canada | Site officiel de l&#039;\u00e9quipe olympique","article_modified_time":"2022-11-16T18:07:56+00:00","twitter_card":"summary_large_image","twitter_misc":{"Est. reading time":"5 minutes","Written by":"Mark Nadolny"},"schema":{"@context":"https:\/\/schema.org","@graph":[{"@type":"WebPage","@id":"https:\/\/develop.olympic.ca\/olympique\/elections-davril-2023-appel-de-candidatures-et-calendrier-des-dates-importantes\/","url":"https:\/\/develop.olympic.ca\/olympique\/elections-davril-2023-appel-de-candidatures-et-calendrier-des-dates-importantes\/","name":"\u00c9LECTIONS D\u2019AVRIL 2023 \u2013 APPEL DE CANDIDATURES ET CALENDRIER DES DATES IMPORTANTES - \u00c9quipe Canada | Site officiel de l&#039;\u00e9quipe olympique","isPartOf":{"@id":"https:\/\/develop.olympic.ca\/olympique\/#website"},"datePublished":"2022-11-08T13:31:04+00:00","dateModified":"2022-11-16T18:07:56+00:00","inLanguage":"fr-FR","potentialAction":[{"@type":"ReadAction","target":["https:\/\/develop.olympic.ca\/olympique\/elections-davril-2023-appel-de-candidatures-et-calendrier-des-dates-importantes\/"]}]},{"@type":"WebSite","@id":"https:\/\/develop.olympic.ca\/olympique\/#website","url":"https:\/\/develop.olympic.ca\/olympique\/","name":"\u00c9quipe Canada | Site officiel de l&#039;\u00e9quipe olympique","description":"Votre source pour l\u2019\u00c9quipe olympique canadienne. Retrouvez les r\u00e9cits, vid\u00e9os et photos des athl\u00e8tes canadiens, sports olympiques, Jeux olympiques de 2020 et bien plus!","potentialAction":[{"@type":"SearchAction","target":{"@type":"EntryPoint","urlTemplate":"https:\/\/develop.olympic.ca\/olympique\/?s={search_term_string}"},"query-input":{"@type":"PropertyValueSpecification","valueRequired":true,"valueName":"search_term_string"}}],"inLanguage":"fr-FR"}]}},"jetpack_sharing_enabled":true,"jetpack-related-posts":[],"jetpack_shortlink":"https:\/\/wp.me\/PbmyEP-TGe","_links":{"self":[{"href":"https:\/\/develop.olympic.ca\/olympique\/wp-json\/wp\/v2\/pages\/214038","targetHints":{"allow":["GET"]}}],"collection":[{"href":"https:\/\/develop.olympic.ca\/olympique\/wp-json\/wp\/v2\/pages"}],"about":[{"href":"https:\/\/develop.olympic.ca\/olympique\/wp-json\/wp\/v2\/types\/page"}],"author":[{"embeddable":true,"href":"https:\/\/develop.olympic.ca\/olympique\/wp-json\/wp\/v2\/users\/52435436"}],"replies":[{"embeddable":true,"href":"https:\/\/develop.olympic.ca\/olympique\/wp-json\/wp\/v2\/comments?post=214038"}],"version-history":[{"count":4,"href":"https:\/\/develop.olympic.ca\/olympique\/wp-json\/wp\/v2\/pages\/214038\/revisions"}],"predecessor-version":[{"id":214329,"href":"https:\/\/develop.olympic.ca\/olympique\/wp-json\/wp\/v2\/pages\/214038\/revisions\/214329"}],"wp:attachment":[{"href":"https:\/\/develop.olympic.ca\/olympique\/wp-json\/wp\/v2\/media?parent=214038"}],"wp:term":[{"taxonomy":"author","embeddable":true,"href":"https:\/\/develop.olympic.ca\/olympique\/wp-json\/wp\/v2\/coauthors?post=214038"}],"curies":[{"name":"wp","href":"https:\/\/api.w.org\/{rel}","templated":true}]}}