{"id":236607,"date":"2024-02-09T09:57:29","date_gmt":"2024-02-09T14:57:29","guid":{"rendered":"https:\/\/develop.olympic.ca\/olympique\/?page_id=236607"},"modified":"2024-02-09T10:12:24","modified_gmt":"2024-02-09T15:12:24","slug":"comites","status":"publish","type":"page","link":"https:\/\/develop.olympic.ca\/olympique\/comite-olympique-canadien\/gouvernance\/conseil-dadministration\/comites\/","title":{"rendered":"Comit\u00e9s"},"content":{"rendered":"\n<h2 class=\"wp-block-heading\">COMIT\u00c9 DE LA V\u00c9RIFICATION, DES FINANCES ET DE LA GESTION DES RISQUES<\/h2>\n\n\n\n<p class=\"wp-block-paragraph\">Le comit\u00e9 de la v\u00e9rification, des finances et de la gestion de risques offre une supervision sur les questions de la v\u00e9rification, des finances et de la gestion de risques, notamment la supervision de la proc\u00e9dure appropri\u00e9e de budg\u00e9tisation de la planification annuelle et strat\u00e9gique, et laplanification financi\u00e8re annuelle et strat\u00e9gique, l\u2019int\u00e9grit\u00e9 des rapports financiers et des \u00e9tats financiers; la supervision des contr\u00f4les internes li\u00e9s aux rapports financiers et aux questions non financi\u00e8res; la surveillance des r\u00e9sultats budg\u00e9t\u00e9srelativement aux r\u00e9sultats r\u00e9els; les qualifications, l\u2019ind\u00e9pendance et la nomination et le travail du v\u00e9rificateur; et l\u2019efficacit\u00e9 de l\u2019infrastructure de gestion des risques du COC. Un secteur important de concentration du comit\u00e9 en 2022 a \u00e9t\u00e9 l\u2019ex\u00e9cution du plan financier quadriennal 2021-2024 et la surveillance permanente des r\u00e9sultats financiers relativement au plan. De plus, le comit\u00e9 a supervis\u00e9 l\u2019\u00e9laboration de la planification financi\u00e8re annuelle pour 2023. De plus, le comit\u00e9 a orient\u00e9 le COC \u00e0 travers l\u2019incertitude financi\u00e8re et la volatilit\u00e9 des march\u00e9s de capitaux. Le comit\u00e9 s\u2019est aussi assur\u00e9 que le COC avait des protocoles ad\u00e9quats en placeface aux risques, s\u2019assurant notamment la mise en place de contr\u00f4les ad\u00e9quats de cybers\u00e9curit\u00e9 en vue des risques \u00e9lev\u00e9s li\u00e9s aux Jeux de Beijing. Finalement, le comit\u00e9 a tenu trois r\u00e9unions sp\u00e9ciales afin d\u2019offrir une supervision sur toutes les questions financi\u00e8res li\u00e9es au projet de candidature d\u2019accueil des Jeux olympiques et paralympiques d\u2019hiver de 2030 en Colombie-Britannique men\u00e9 par les peuples autochtones.<\/p>\n\n\n\n<p class=\"wp-block-paragraph\"><strong>Membres du Comit\u00e9<\/strong><\/p>\n\n\n\n<p class=\"wp-block-paragraph\">Ian Clarke (Chaise)<br>Chris Clark (vice-pr\u00e9sident)<br>Stacey Allaster<br>Karen Rubin<br>Debra Armstrong<br>Therese Brisson<br>Henry Scheil<br>Tricia Smith<br>Michael French<\/p>\n\n\n\n<p class=\"wp-block-paragraph\"><strong><a href=\"https:\/\/develop.olympic.ca\/wp-content\/uploads\/2024\/02\/COC_AFRMC-Mandate_Sept2023_FRC-Final.pdf\">COMIT\u00c9 DE LA V\u00c9RIFICATION, DES FINANCES ET DE LA GESTION DES RISQUES Mandat<\/a><\/strong><\/p>\n\n\n\n<h2 class=\"wp-block-heading\">COMIT\u00c9 DE GOUVERNANCE ET D\u2019\u00c9THIQUE<\/h2>\n\n\n\n<p class=\"wp-block-paragraph\">Le travail du comit\u00e9 de gouvernance et d\u2019\u00e9thique (CGE) vise \u00e0 aider le conseil d\u2019administration \u00e0 s\u2019acquitter de ses responsabilit\u00e9s en mati\u00e8re de gouvernance et d\u2019\u00e9thique en assurant la surveillance de toutes les questions de gouvernance et d\u2019\u00e9thique. En plus de s\u2019acquitter de ses responsabilit\u00e9s annuelles, en 2022, le CGE a aussi entrepris une r\u00e9vision compl\u00e8te du R\u00e8glement g\u00e9n\u00e9ral n\u00b0 1 du COC et a effectu\u00e9 des modifications propos\u00e9es pour traiter les domaines de pertinence permanente et des domaines d\u2019am\u00e9lioration. Le CGE a aussi discut\u00e9 et tenu compte de sujets \u00e9thiques li\u00e9s aux limites d\u2019\u00e2ge des athl\u00e8tes et \u00e0 la participation d\u2019athl\u00e8tes transgenres, ce qui sepoursuivra en 2023.<\/p>\n\n\n\n<p class=\"wp-block-paragraph\"><strong>Membres du Comit\u00e9<\/strong><\/p>\n\n\n\n<p class=\"wp-block-paragraph\">David de Vlieger (Chaise)<br>Lori DeGraw (vice-pr\u00e9sident)<br>Inaki Gomez<br>Saad Rafi<br>Jennifer Bishop<br>Maxwell Lattimer<br>Debra Gassewitz<br>Peter Lawless<br>Gord Peterson<br>Marianne Bolhuis<\/p>\n\n\n\n<p class=\"wp-block-paragraph\"><strong><a href=\"https:\/\/develop.olympic.ca\/wp-content\/uploads\/2024\/02\/COC_Governance-Ethics-Committee-Mandate_Sept2023_FRC-Final.pdf\">COMIT\u00c9 DE GOUVERNANCE ET D\u2019\u00c9THIQUE Mandat<\/a><\/strong><\/p>\n\n\n\n<h2 class=\"wp-block-heading\">COMIT\u00c9 DES RESSOURCES HUMAINES <\/h2>\n\n\n\n<p class=\"wp-block-paragraph\">Le Comit\u00e9 des ressources humaines (CRH) se concentre sur les questions relatives aux ressources humaines, y compris pour le chef de la direction et secr\u00e9taire g\u00e9n\u00e9ral, ainsi que sur le d\u00e9veloppement et la succession du personnel, la r\u00e9mun\u00e9ration, l\u2019\u00e9valuation des performances et la strat\u00e9gie, les politiques et les pratiques g\u00e9n\u00e9rales en mati\u00e8re de ressources humaines. En 2022, le CRH s\u2019est aussi concentr\u00e9 sur la COVID, le retour au bureau dans un nouveau mod\u00e8le de travail hybride et flexible, le mieux\u00eatre des employ\u00e9s, l\u2019acquisition de talents inclusive, un examen de la r\u00e9mun\u00e9ration globale et la s\u00e9rie habituelle de sondages sur l\u2019engagement et l\u2019auto-identification des employ\u00e9s.<\/p>\n\n\n\n<p class=\"wp-block-paragraph\"><strong>Membres du Comit\u00e9<\/strong><\/p>\n\n\n\n<p class=\"wp-block-paragraph\">Karen Rubin (Chaise)<br>Jaqui Parchment (vice-pr\u00e9sident)<br>Marie-Huguette Cormier<br>Peter Dinsdale<br>Hubert T. Lacroix<br>Rosie MacLennan<br>Tricia Smith<br>Candice Maxis <\/p>\n\n\n\n<p class=\"wp-block-paragraph\"><strong><a href=\"https:\/\/develop.olympic.ca\/wp-content\/uploads\/2024\/02\/COC_HR-Committee-Mandate_Sept2023_FRC-Final.pdf\">COMIT\u00c9 DES RESSOURCES HUMAINES Mandat<\/a><\/strong><\/p>\n\n\n\n<h2 class=\"wp-block-heading\">COMIT\u00c9 DE L\u2019INVESTISSEMENT<\/h2>\n\n\n\n<p class=\"wp-block-paragraph\">Le travail du comit\u00e9 de l\u2019investissement est ax\u00e9 sur les enjeux en lien avec les investissements, notamment la supervision du portefeuille d\u2019investissement du COC et les fonds additionnels qui lui sont confi\u00e9s. Ces Fonds comprennent le Fonds canadien de la famille olympique, le Fonds de bourses d\u2019\u00e9tudes du flambeau olympique de PetroCanada et le Fonds de dotation olympique pour les entra\u00eeneurs et tous les fonds de remplacement ou successeur. Le comit\u00e9 de l\u2019investissement formule des recommandations au conseil d\u2019administration sur les politiques et les strat\u00e9gies de placements con\u00e7ues pour atteindre les objectifs d\u2019investissement tout en traitant  avec la nature \u00e9volutive et parfoisvolatile des march\u00e9s financiers. Le comit\u00e9 des investissements nomme un(e) directeur(trice) externalis\u00e9(e) des investissements du COC afin de l\u2019aider dans la r\u00e9alisation de son mandat. En 2022, le principal domaine de concentration du comit\u00e9 \u00e9tait de superviser le directeur des investissements afin d\u2019optimiser le rendement du portefeuille dans le contexte de march\u00e9s volatiles et incertains.<\/p>\n\n\n\n<p class=\"wp-block-paragraph\"><strong>Membres du Comit\u00e9<\/strong><\/p>\n\n\n\n<p class=\"wp-block-paragraph\">Chris Clark (Chaise)<br>Ian Clarke<br>Tom Bradley<br>Leslie Cliff<br>Diane Fulton<br>Michelle Peshko<br>Mike Scarola<br>Tricia Smith<br>Michael French <\/p>\n\n\n\n<p class=\"wp-block-paragraph\"><strong><a href=\"https:\/\/develop.olympic.ca\/wp-content\/uploads\/2024\/02\/COC_Investment-Committee-Mandate_Sept2023_FRC-Final.pdf\">COMIT\u00c9 DE L\u2019INVESTISSEMENT Mandat<\/a><\/strong><\/p>\n\n\n\n<h2 class=\"wp-block-heading\">COMIT\u00c9 DE MISES EN CANDIDATURE<\/h2>\n\n\n\n<p class=\"wp-block-paragraph\">Les responsabilit\u00e9s du comit\u00e9 des mises en candidature comprennent l\u2019identification de personnes qualifi\u00e9es pour devenir membres du conseil d\u2019administration et la recommandation au conseil d\u2019administration de candidats au poste (i) d\u2019administrateur(trice) en vue de leur nomination pour combler tout besoin identifi\u00e9 par le conseil d\u2019administration, (ii) d\u2019administrateurs en vue de leur \u00e9lection par les membres, sur la base de l\u2019\u00e9valuation par le comit\u00e9 de personnes qui offriront la combinaison optimale de comp\u00e9tences et d\u2019exp\u00e9rience pour que le conseil d\u2019administration puisse remplir ses r\u00f4les en guidant la strat\u00e9gie \u00e0 long terme et les op\u00e9rations commerciales courantes du COC, (iii) des candidats pour le poste de pr\u00e9sident, et pour les postes disponibles de membres de cat\u00e9gorie B, et (iv) de partisans olympiques \u00e0 l\u2019approbation du conseil. En 2022, le comit\u00e9 de mise en candidature \u00e9tait concentr\u00e9 \u00e0 pr\u00e9parer et \u00e0 ex\u00e9cuter le processus de mise en candidature pour les \u00e9lections de 2023 de six administrateurs et de six membres de cat\u00e9gorie B, en plus d\u2019appuyer le conseil d\u2019administration dans la nomination d\u2019un(e) administrateur(trice) en 2022.<\/p>\n\n\n\n<p class=\"wp-block-paragraph\"><strong>Membres du Comit\u00e9<\/strong><\/p>\n\n\n\n<p class=\"wp-block-paragraph\">Lori DeGraw (Chaise)<br>Peter Dinsdale (vice-pr\u00e9sident)<br>Kristy Balkwill<br>Isabelle Baird<br>Katherine Henderson<br>Lorraine Lafreniere<br>Gord Orlikow<br>Richard Powers<br>Jacqueline Simoneau<br>Marianne Bolhuis <\/p>\n\n\n\n<p class=\"wp-block-paragraph\"><a href=\"https:\/\/develop.olympic.ca\/wp-content\/uploads\/2024\/02\/COC_Nominating-Committee-Mandate_Sept2023_FRC-Final.pdf\"><strong>COMIT\u00c9 DE MISES EN CANDIDATURE Mandat<\/strong><\/a><\/p>\n\n\n\n<h2 class=\"wp-block-heading\">COMIT\u00c9 DE S\u00c9LECTION DES \u00c9QUIPES<\/h2>\n\n\n\n<p class=\"wp-block-paragraph\">Les responsabilit\u00e9s du Comit\u00e9 de s\u00e9lection des \u00e9quipes ont trait \u00e0 la s\u00e9lection des \u00e9quipes pour la participation du Canada aux Jeux olympiques, aux Jeux olympiques d\u2019hiver, aux Jeux panam\u00e9ricains et aux Jeux olympiques de la jeunesse, ainsi qu\u2019\u00e0 tout autre \u00e9v\u00e9nement sportif pour lequel un comit\u00e9 national olympique a la responsabilit\u00e9 de s\u00e9lectionner une \u00e9quipe (collectivement les \u00ab Jeux \u00bb). Apr\u00e8s les Jeux olympiques d\u2019hiver \u00e0 Beijing, les activit\u00e9s du comit\u00e9 de s\u00e9lection des \u00e9quipes s\u2019est tourn\u00e9e vers les pr\u00e9paratifs pour les Jeux de plage de bali 2023, les Jeux panam\u00e9ricains de Santiago 2023 et les Jeux olympiques de Paris 2024, ainsi que les Jeux olympiques de la jeunesse d\u2019hiver de Gangwon 2024. Les travaux du comit\u00e9 ont port\u00e9 sur l\u2019examen et l\u2019approbation d\u2019accords de l\u2019\u00e9quipe mis \u00e0 jour et des proc\u00e9dures internes de nomination (PIN).<\/p>\n\n\n\n<p class=\"wp-block-paragraph\"><strong>Membres du Comit\u00e9<\/strong><\/p>\n\n\n\n<p class=\"wp-block-paragraph\">Marie-Huguette Cormier (Chaise)<br>Hubert T. Lacroix (vice-pr\u00e9sident)<br>Kim Boutin<br>Kathy Brook<br>Elaine Dagg-Jackson<br>Mark Eckert<br>Katherine Henderson<br>Peter Judge<br>Jacqueline Simoneau<br>Walter Sieber<br>Christine Girard<br>Bruny Surin<br>Catriona Le May Doan<br>Ella Mawdsley<\/p>\n\n\n\n<p class=\"wp-block-paragraph\"><strong><a href=\"https:\/\/develop.olympic.ca\/wp-content\/uploads\/2024\/02\/COC_TeamSelection-Mandate_Sept2023FINAL.pdf\">COMIT\u00c9 DE S\u00c9LECTION DES \u00c9QUIPES Mandat<\/a><\/strong><\/p>\n","protected":false},"excerpt":{"rendered":"<p>COMIT\u00c9 DE LA V\u00c9RIFICATION, DES FINANCES ET DE LA GESTION DES RISQUES Le comit\u00e9 de la v\u00e9rification, des finances et&#8230;<\/p>\n","protected":false},"author":132083754,"featured_media":0,"parent":3118,"menu_order":0,"comment_status":"closed","ping_status":"closed","template":"","meta":{"_edit_lock":["1707491406:132083754"],"_last_editor_used_jetpack":["block-editor"],"_edit_last":["132083754"],"seo_title":[""],"_seo_title":["field_652feeaa9308c"],"seo_focus_keyword":[""],"_seo_focus_keyword":["field_652ff0580091b"],"seo_meta_description":[""],"_seo_meta_description":["field_652feec09308d"],"seo_translation_link":["https:\/\/develop.olympic.ca\/canadian-olympic-committee\/governance\/board-of-directors\/committees\/"],"_seo_translation_link":["field_652feee79308e"],"seo_accordion_module_title":[""],"_seo_accordion_module_title":["field_652fef009308f"],"seo_accordion":[""],"_seo_accordion":["field_652fef4793091"],"secondary_content":[""],"_secondary_content":["field_6530028284790"],"social_facebook":[""],"_social_facebook":["field_652ff39070798"],"social_twitter":[""],"_social_twitter":["field_652ff3a470799"],"social_instagram":[""],"_social_instagram":["field_652ff3ca7079a"],"social_linkedin":[""],"_social_linkedin":["field_652ff3e57079b"],"social_website":[""],"_social_website":["field_652ff4227079c"],"zeus_id":[""],"_zeus_id":["field_652ff4537079d"],"team_announcement_tag":[""],"_team_announcement_tag":["field_65300222e2d0d"],"video_embed_code":[""],"_video_embed_code":["field_652fecffe1114"],"facebook_video_embed_code":[""],"_facebook_video_embed_code":["field_652fedfae1121"],"coc_games":[""],"_coc_games":["field_5e83bf020f51f"],"coc_trivia":[""],"_coc_trivia":["field_5e83bacdec2aa"],"coc_sharing_options":["a:1:{s:18:\"coc_hide_share_bar\";b:0;}"],"coc_campaign_options":["a:4:{s:16:\"coc_campaign_tag\";s:0:\"\";s:15:\"coc_campaign_bg\";N;s:25:\"coc_campaign_bg_downloads\";a:0:{}s:20:\"coc_campaign_posters\";a:0:{}}"],"coc_team_options":["a:1:{s:15:\"coc_game_select\";i:216378;}"],"coc_oc_landing_options":["a:2:{s:17:\"coc_oc_landing_bg\";N;s:22:\"coc_oc_landing_stories\";a:0:{}}"],"coc_edit_profile_options":["a:1:{s:20:\"coc_favourite_sports\";a:0:{}}"],"coc_oc_reward_options":["a:13:{s:16:\"coc_oc_reward_id\";s:0:\"\";s:19:\"coc_oc_ac_reward_id\";s:0:\"\";s:20:\"coc_oc_reward_points\";s:0:\"\";s:19:\"coc_oc_reward_rules\";N;s:31:\"coc_oc_digital_download_desktop\";N;s:30:\"coc_oc_digital_download_mobile\";N;s:32:\"coc_oc_digital_download_facebook\";N;s:29:\"coc_oc_reward_success_message\";s:0:\"\";s:23:\"coc_oc_facebook_content\";s:0:\"\";s:22:\"coc_oc_twitter_content\";s:0:\"\";s:24:\"coc_oc_social_contest_id\";s:0:\"\";s:31:\"coc_oc_reward_logged_in_message\";s:0:\"\";s:32:\"coc_oc_reward_logged_out_message\";s:0:\"\";}"],"coc_press_options":["a:2:{s:28:\"coc_press_additional_content\";s:0:\"\";s:27:\"coc_press_resource_category\";a:0:{}}"],"coc_breaking_news_options":["a:1:{s:25:\"coc_breaking_news_details\";a:0:{}}"],"coc_be_olympic_options":["a:8:{s:37:\"coc_be_olympic_exclusive_content_link\";s:0:\"\";s:27:\"coc_be_olympic_videos_title\";s:0:\"\";s:21:\"coc_be_olympic_videos\";a:0:{}s:27:\"coc_be_olympic_photos_title\";s:0:\"\";s:21:\"coc_be_olympic_photos\";a:0:{}s:24:\"coc_be_olympic_downloads\";a:0:{}s:22:\"coc_be_olympic_quizzes\";a:0:{}s:26:\"coc_be_olympic_fan_fun_ads\";a:0:{}}"],"coc_fan_fun_options":["a:2:{s:23:\"coc_fan_fun_hammer_time\";a:2:{s:29:\"coc_fan_fun_hammer_time_image\";N;s:27:\"coc_fan_fun_hammer_time_url\";s:0:\"\";}s:22:\"coc_fan_fun_torch_dash\";a:2:{s:28:\"coc_fan_fun_torch_dash_image\";N;s:26:\"coc_fan_fun_torch_dash_url\";s:0:\"\";}}"],"coc_interactive_game_options":["a:3:{s:28:\"coc_interactive_game_message\";s:0:\"\";s:24:\"coc_interactive_game_url\";s:0:\"\";s:27:\"coc_interactive_game_iframe\";b:0;}"],"coc_olympic_club_options":["a:1:{s:12:\"redirect_url\";s:0:\"\";}"],"coc_favorites_options":["a:3:{s:13:\"content_types\";a:0:{}s:7:\"seasons\";a:0:{}s:4:\"gear\";a:0:{}}"],"coc_og_tags":["a:3:{s:8:\"og_title\";s:0:\"\";s:14:\"og_description\";s:0:\"\";s:8:\"og_image\";N;}"],"_yoast_wpseo_content_score":["90"],"_yoast_wpseo_estimated-reading-time-minutes":["1"],"_yoast_wpseo_wordproof_timestamp":[""]},"coauthors":[415985452],"class_list":["post-236607","page","type-page","status-publish","format-standard","hentry"],"acf":[],"yoast_head":"<!-- This site is optimized with the Yoast SEO plugin v27.3 - https:\/\/yoast.com\/product\/yoast-seo-wordpress\/ -->\n<title>Comit\u00e9s - \u00c9quipe Canada | Site officiel de l&#039;\u00e9quipe olympique<\/title>\n<meta name=\"robots\" content=\"index, follow, max-snippet:-1, max-image-preview:large, max-video-preview:-1\" \/>\n<link rel=\"canonical\" href=\"https:\/\/develop.olympic.ca\/olympique\/comite-olympique-canadien\/gouvernance\/conseil-dadministration\/comites\/\" \/>\n<meta property=\"og:locale\" content=\"fr_FR\" \/>\n<meta property=\"og:type\" content=\"article\" \/>\n<meta property=\"og:title\" content=\"Comit\u00e9s - \u00c9quipe Canada | Site officiel de l&#039;\u00e9quipe olympique\" \/>\n<meta property=\"og:description\" content=\"COMIT\u00c9 DE LA V\u00c9RIFICATION, DES FINANCES ET DE LA GESTION DES RISQUES Le comit\u00e9 de la v\u00e9rification, des finances et...\" \/>\n<meta property=\"og:url\" content=\"https:\/\/develop.olympic.ca\/olympique\/comite-olympique-canadien\/gouvernance\/conseil-dadministration\/comites\/\" \/>\n<meta property=\"og:site_name\" content=\"\u00c9quipe Canada | Site officiel de l&#039;\u00e9quipe olympique\" \/>\n<meta property=\"article:modified_time\" content=\"2024-02-09T15:12:24+00:00\" \/>\n<meta name=\"twitter:card\" content=\"summary_large_image\" \/>\n<meta name=\"twitter:label1\" content=\"Est. reading time\" \/>\n\t<meta name=\"twitter:data1\" content=\"1 minute\" \/>\n\t<meta name=\"twitter:label2\" content=\"Written by\" \/>\n\t<meta name=\"twitter:data2\" content=\"Ellen McCann\" \/>\n<script type=\"application\/ld+json\" class=\"yoast-schema-graph\">{\"@context\":\"https:\\\/\\\/schema.org\",\"@graph\":[{\"@type\":\"WebPage\",\"@id\":\"https:\\\/\\\/develop.olympic.ca\\\/olympique\\\/comite-olympique-canadien\\\/gouvernance\\\/conseil-dadministration\\\/comites\\\/\",\"url\":\"https:\\\/\\\/develop.olympic.ca\\\/olympique\\\/comite-olympique-canadien\\\/gouvernance\\\/conseil-dadministration\\\/comites\\\/\",\"name\":\"Comit\u00e9s - \u00c9quipe Canada | Site officiel de l&#039;\u00e9quipe olympique\",\"isPartOf\":{\"@id\":\"https:\\\/\\\/develop.olympic.ca\\\/olympique\\\/#website\"},\"datePublished\":\"2024-02-09T14:57:29+00:00\",\"dateModified\":\"2024-02-09T15:12:24+00:00\",\"breadcrumb\":{\"@id\":\"https:\\\/\\\/develop.olympic.ca\\\/olympique\\\/comite-olympique-canadien\\\/gouvernance\\\/conseil-dadministration\\\/comites\\\/#breadcrumb\"},\"inLanguage\":\"fr-FR\",\"potentialAction\":[{\"@type\":\"ReadAction\",\"target\":[\"https:\\\/\\\/develop.olympic.ca\\\/olympique\\\/comite-olympique-canadien\\\/gouvernance\\\/conseil-dadministration\\\/comites\\\/\"]}]},{\"@type\":\"BreadcrumbList\",\"@id\":\"https:\\\/\\\/develop.olympic.ca\\\/olympique\\\/comite-olympique-canadien\\\/gouvernance\\\/conseil-dadministration\\\/comites\\\/#breadcrumb\",\"itemListElement\":[{\"@type\":\"ListItem\",\"position\":1,\"name\":\"Aper\u00e7u du Comit\u00e9 olympique canadien\",\"item\":\"https:\\\/\\\/develop.olympic.ca\\\/olympique\\\/comite-olympique-canadien\\\/\"},{\"@type\":\"ListItem\",\"position\":2,\"name\":\"Gouvernance\",\"item\":\"https:\\\/\\\/develop.olympic.ca\\\/olympique\\\/comite-olympique-canadien\\\/gouvernance\\\/\"},{\"@type\":\"ListItem\",\"position\":3,\"name\":\"Conseil d&rsquo;administration\",\"item\":\"https:\\\/\\\/develop.olympic.ca\\\/olympique\\\/comite-olympique-canadien\\\/gouvernance\\\/conseil-dadministration\\\/\"},{\"@type\":\"ListItem\",\"position\":4,\"name\":\"Comit\u00e9s\"}]},{\"@type\":\"WebSite\",\"@id\":\"https:\\\/\\\/develop.olympic.ca\\\/olympique\\\/#website\",\"url\":\"https:\\\/\\\/develop.olympic.ca\\\/olympique\\\/\",\"name\":\"\u00c9quipe Canada | Site officiel de l&#039;\u00e9quipe olympique\",\"description\":\"Votre source pour l\u2019\u00c9quipe olympique canadienne. Retrouvez les r\u00e9cits, vid\u00e9os et photos des athl\u00e8tes canadiens, sports olympiques, Jeux olympiques de 2020 et bien plus!\",\"potentialAction\":[{\"@type\":\"SearchAction\",\"target\":{\"@type\":\"EntryPoint\",\"urlTemplate\":\"https:\\\/\\\/develop.olympic.ca\\\/olympique\\\/?s={search_term_string}\"},\"query-input\":{\"@type\":\"PropertyValueSpecification\",\"valueRequired\":true,\"valueName\":\"search_term_string\"}}],\"inLanguage\":\"fr-FR\"}]}<\/script>\n<!-- \/ Yoast SEO plugin. -->","yoast_head_json":{"title":"Comit\u00e9s - \u00c9quipe Canada | Site officiel de l&#039;\u00e9quipe olympique","robots":{"index":"index","follow":"follow","max-snippet":"max-snippet:-1","max-image-preview":"max-image-preview:large","max-video-preview":"max-video-preview:-1"},"canonical":"https:\/\/develop.olympic.ca\/olympique\/comite-olympique-canadien\/gouvernance\/conseil-dadministration\/comites\/","og_locale":"fr_FR","og_type":"article","og_title":"Comit\u00e9s - \u00c9quipe Canada | Site officiel de l&#039;\u00e9quipe olympique","og_description":"COMIT\u00c9 DE LA V\u00c9RIFICATION, DES FINANCES ET DE LA GESTION DES RISQUES Le comit\u00e9 de la v\u00e9rification, des finances et...","og_url":"https:\/\/develop.olympic.ca\/olympique\/comite-olympique-canadien\/gouvernance\/conseil-dadministration\/comites\/","og_site_name":"\u00c9quipe Canada | Site officiel de l&#039;\u00e9quipe olympique","article_modified_time":"2024-02-09T15:12:24+00:00","twitter_card":"summary_large_image","twitter_misc":{"Est. reading time":"1 minute","Written by":"Ellen McCann"},"schema":{"@context":"https:\/\/schema.org","@graph":[{"@type":"WebPage","@id":"https:\/\/develop.olympic.ca\/olympique\/comite-olympique-canadien\/gouvernance\/conseil-dadministration\/comites\/","url":"https:\/\/develop.olympic.ca\/olympique\/comite-olympique-canadien\/gouvernance\/conseil-dadministration\/comites\/","name":"Comit\u00e9s - \u00c9quipe Canada | Site officiel de l&#039;\u00e9quipe olympique","isPartOf":{"@id":"https:\/\/develop.olympic.ca\/olympique\/#website"},"datePublished":"2024-02-09T14:57:29+00:00","dateModified":"2024-02-09T15:12:24+00:00","breadcrumb":{"@id":"https:\/\/develop.olympic.ca\/olympique\/comite-olympique-canadien\/gouvernance\/conseil-dadministration\/comites\/#breadcrumb"},"inLanguage":"fr-FR","potentialAction":[{"@type":"ReadAction","target":["https:\/\/develop.olympic.ca\/olympique\/comite-olympique-canadien\/gouvernance\/conseil-dadministration\/comites\/"]}]},{"@type":"BreadcrumbList","@id":"https:\/\/develop.olympic.ca\/olympique\/comite-olympique-canadien\/gouvernance\/conseil-dadministration\/comites\/#breadcrumb","itemListElement":[{"@type":"ListItem","position":1,"name":"Aper\u00e7u du Comit\u00e9 olympique canadien","item":"https:\/\/develop.olympic.ca\/olympique\/comite-olympique-canadien\/"},{"@type":"ListItem","position":2,"name":"Gouvernance","item":"https:\/\/develop.olympic.ca\/olympique\/comite-olympique-canadien\/gouvernance\/"},{"@type":"ListItem","position":3,"name":"Conseil d&rsquo;administration","item":"https:\/\/develop.olympic.ca\/olympique\/comite-olympique-canadien\/gouvernance\/conseil-dadministration\/"},{"@type":"ListItem","position":4,"name":"Comit\u00e9s"}]},{"@type":"WebSite","@id":"https:\/\/develop.olympic.ca\/olympique\/#website","url":"https:\/\/develop.olympic.ca\/olympique\/","name":"\u00c9quipe Canada | Site officiel de l&#039;\u00e9quipe olympique","description":"Votre source pour l\u2019\u00c9quipe olympique canadienne. Retrouvez les r\u00e9cits, vid\u00e9os et photos des athl\u00e8tes canadiens, sports olympiques, Jeux olympiques de 2020 et bien plus!","potentialAction":[{"@type":"SearchAction","target":{"@type":"EntryPoint","urlTemplate":"https:\/\/develop.olympic.ca\/olympique\/?s={search_term_string}"},"query-input":{"@type":"PropertyValueSpecification","valueRequired":true,"valueName":"search_term_string"}}],"inLanguage":"fr-FR"}]}},"jetpack_sharing_enabled":true,"jetpack-related-posts":[],"jetpack_shortlink":"https:\/\/wp.me\/PbmyEP-Zyf","_links":{"self":[{"href":"https:\/\/develop.olympic.ca\/olympique\/wp-json\/wp\/v2\/pages\/236607","targetHints":{"allow":["GET"]}}],"collection":[{"href":"https:\/\/develop.olympic.ca\/olympique\/wp-json\/wp\/v2\/pages"}],"about":[{"href":"https:\/\/develop.olympic.ca\/olympique\/wp-json\/wp\/v2\/types\/page"}],"author":[{"embeddable":true,"href":"https:\/\/develop.olympic.ca\/olympique\/wp-json\/wp\/v2\/users\/132083754"}],"replies":[{"embeddable":true,"href":"https:\/\/develop.olympic.ca\/olympique\/wp-json\/wp\/v2\/comments?post=236607"}],"version-history":[{"count":6,"href":"https:\/\/develop.olympic.ca\/olympique\/wp-json\/wp\/v2\/pages\/236607\/revisions"}],"predecessor-version":[{"id":236727,"href":"https:\/\/develop.olympic.ca\/olympique\/wp-json\/wp\/v2\/pages\/236607\/revisions\/236727"}],"up":[{"embeddable":true,"href":"https:\/\/develop.olympic.ca\/olympique\/wp-json\/wp\/v2\/pages\/3118"}],"wp:attachment":[{"href":"https:\/\/develop.olympic.ca\/olympique\/wp-json\/wp\/v2\/media?parent=236607"}],"wp:term":[{"taxonomy":"author","embeddable":true,"href":"https:\/\/develop.olympic.ca\/olympique\/wp-json\/wp\/v2\/coauthors?post=236607"}],"curies":[{"name":"wp","href":"https:\/\/api.w.org\/{rel}","templated":true}]}}