{"id":241147,"date":"2024-04-19T09:00:00","date_gmt":"2024-04-19T13:00:00","guid":{"rendered":"https:\/\/develop.olympic.ca\/olympique\/?page_id=241147"},"modified":"2024-07-26T15:02:29","modified_gmt":"2024-07-26T19:02:29","slug":"andre-de-grasse-athletisme","status":"publish","type":"page","link":"https:\/\/develop.olympic.ca\/olympique\/invinciblecourage\/andre-de-grasse-athletisme\/","title":{"rendered":"Andre De Grasse, Athl\u00e9tisme"},"content":{"rendered":"\n<figure class=\"wp-block-image size-large\"><img loading=\"lazy\" decoding=\"async\" width=\"1152\" height=\"576\" src=\"https:\/\/develop.olympic.ca\/olympique\/wp-content\/uploads\/sites\/2\/2024\/04\/FR-BIU_AthleteHeader-Andre.jpg?quality=100&amp;w=1152\" alt=\"Andre De Grasse - L'invincible courage\" class=\"wp-image-241094\" srcset=\"https:\/\/develop.olympic.ca\/olympique\/wp-content\/uploads\/sites\/2\/2024\/04\/FR-BIU_AthleteHeader-Andre.jpg 1152w, https:\/\/develop.olympic.ca\/olympique\/wp-content\/uploads\/sites\/2\/2024\/04\/FR-BIU_AthleteHeader-Andre.jpg?resize=280,140 280w, https:\/\/develop.olympic.ca\/olympique\/wp-content\/uploads\/sites\/2\/2024\/04\/FR-BIU_AthleteHeader-Andre.jpg?resize=660,330 660w, https:\/\/develop.olympic.ca\/olympique\/wp-content\/uploads\/sites\/2\/2024\/04\/FR-BIU_AthleteHeader-Andre.jpg?resize=768,384 768w\" sizes=\"(max-width: 1152px) 100vw, 1152px\" \/><\/figure>\n\n\n\n<p class=\"wp-block-paragraph\"><a href=\"https:\/\/develop.olympic.ca\/olympique\/team-canada\/andre-de-grasse\/\">Andre De Grasse<\/a> a remport\u00e9 six m\u00e9dailles lors de ses deux premi\u00e8res participations aux Jeux olympiques. Malgr\u00e9 ses nombreux succ\u00e8s, il a souvent \u00e9t\u00e9 mis de c\u00f4t\u00e9 pendant sa carri\u00e8re de sprinteur, ce qui l\u2019a m\u00eame pouss\u00e9 \u00e0 douter de lui-m\u00eame. Or, sa confiance en lui est plus forte que tous les d\u00e9fis qu\u2019il a rencontr\u00e9s. \u00c0 Paris, il souhaite ajouter des m\u00e9dailles \u00e0 sa collection, et laisser les doutes derri\u00e8re lui.<\/p>\n\n\n\n<figure class=\"wp-block-embed is-type-video is-provider-youtube wp-block-embed-youtube wp-embed-aspect-16-9 wp-has-aspect-ratio alignfull-mobile\"><div class=\"wp-block-embed__wrapper\">\n<span class=\"embed-youtube\" style=\"text-align:center; display: block;\"><iframe loading=\"lazy\" class=\"youtube-player\" width=\"1360\" height=\"765\" src=\"https:\/\/www.youtube.com\/embed\/7S3X1xoVnKw?version=3&#038;rel=1&#038;showsearch=0&#038;showinfo=1&#038;iv_load_policy=1&#038;fs=1&#038;hl=fr-FR&#038;autohide=2&#038;wmode=transparent\" allowfullscreen=\"true\" style=\"border:0;\" sandbox=\"allow-scripts allow-same-origin allow-popups allow-presentation allow-popups-to-escape-sandbox\"><\/iframe><\/span>\n<\/div><\/figure>\n\n\n<div class=\"wp-block-image\">\n<figure class=\"aligncenter size-large\"><img loading=\"lazy\" decoding=\"async\" height=\"754\" width=\"1074\" src=\"https:\/\/develop.olympic.ca\/olympique\/wp-content\/uploads\/sites\/2\/2024\/04\/BIU-AUDIO_TRANSCRIPTS_ANDRE_FR.png?w=1074\" alt=\"Voici Andre De Grasse, membre d\u2019\u00c9quipe Canada. Quand vous me voyez concourir aux Jeux olympiques, vous voyez un athl\u00e8te m\u00e9daill\u00e9 six fois. Ce que vous ne voyez pas, c\u2019est tous les doutes\u2026 ceux des autres, mais aussi les miens. Il m\u2019arrivait de me demander si j\u2019\u00e9tais vraiment \u00e0 la hauteur de mon titre \u00e0 chaque blessure, \u00e0 chaque emb\u00fbche. Mais je n\u2019ai pas laiss\u00e9 les doutes \u00e9branler ma confiance en moi. Ma d\u00e9termination a forg\u00e9 ma r\u00e9silience tout au long de ma carri\u00e8re, une r\u00e9silience qui me fait aller de l\u2019avant quoiqu\u2019il arrive. Les Jeux de Paris s\u2019en viennent, et je reste convaincu de pouvoir tout accomplir.\" class=\"wp-image-241105\" srcset=\"https:\/\/develop.olympic.ca\/olympique\/wp-content\/uploads\/sites\/2\/2024\/04\/BIU-AUDIO_TRANSCRIPTS_ANDRE_FR.png 1834w, https:\/\/develop.olympic.ca\/olympique\/wp-content\/uploads\/sites\/2\/2024\/04\/BIU-AUDIO_TRANSCRIPTS_ANDRE_FR.png?resize=225,158 225w, https:\/\/develop.olympic.ca\/olympique\/wp-content\/uploads\/sites\/2\/2024\/04\/BIU-AUDIO_TRANSCRIPTS_ANDRE_FR.png?resize=528,371 528w, https:\/\/develop.olympic.ca\/olympique\/wp-content\/uploads\/sites\/2\/2024\/04\/BIU-AUDIO_TRANSCRIPTS_ANDRE_FR.png?resize=768,539 768w, https:\/\/develop.olympic.ca\/olympique\/wp-content\/uploads\/sites\/2\/2024\/04\/BIU-AUDIO_TRANSCRIPTS_ANDRE_FR.png?resize=1074,754 1074w, https:\/\/develop.olympic.ca\/olympique\/wp-content\/uploads\/sites\/2\/2024\/04\/BIU-AUDIO_TRANSCRIPTS_ANDRE_FR.png?resize=1536,1079 1536w\" sizes=\"(max-width: 1074px) 100vw, 1074px\" \/><\/figure>\n<\/div>\n\n\n<div style=\"height:30px\" aria-hidden=\"true\" class=\"wp-block-spacer\"><\/div>\n\n\n\n<div class=\"wp-block-buttons is-content-justification-center is-layout-flex wp-container-core-buttons-is-layout-fe48e5de wp-block-buttons-is-layout-flex\">\n<div class=\"wp-block-button\"><a class=\"wp-block-button__link wp-element-button\" href=\"https:\/\/develop.olympic.ca\/olympique\/team-canada\/andre-de-grasse\/\" target=\"_blank\" rel=\"noreferrer noopener\">Voir Le Profil d&rsquo;Andre<\/a><\/div>\n<\/div>\n\n\n\n<div style=\"height:30px\" aria-hidden=\"true\" class=\"wp-block-spacer\"><\/div>\n\n\n\n<figure class=\"wp-block-image alignfull size-large\"><a href=\"https:\/\/develop.olympic.ca\/olympique\/invinciblecourage\"><img loading=\"lazy\" decoding=\"async\" width=\"1341\" height=\"363\" src=\"https:\/\/develop.olympic.ca\/olympique\/wp-content\/uploads\/sites\/2\/2024\/04\/BIU_Web-Elements-MORE-STORIES-FR.png?w=1340\" alt=\"L'Invincible courage - Plus d'histoires\" class=\"wp-image-241182\" srcset=\"https:\/\/develop.olympic.ca\/olympique\/wp-content\/uploads\/sites\/2\/2024\/04\/BIU_Web-Elements-MORE-STORIES-FR.png 1341w, https:\/\/develop.olympic.ca\/olympique\/wp-content\/uploads\/sites\/2\/2024\/04\/BIU_Web-Elements-MORE-STORIES-FR.png?resize=280,76 280w, https:\/\/develop.olympic.ca\/olympique\/wp-content\/uploads\/sites\/2\/2024\/04\/BIU_Web-Elements-MORE-STORIES-FR.png?resize=660,179 660w, https:\/\/develop.olympic.ca\/olympique\/wp-content\/uploads\/sites\/2\/2024\/04\/BIU_Web-Elements-MORE-STORIES-FR.png?resize=768,208 768w\" sizes=\"(max-width: 1341px) 100vw, 1341px\" \/><\/a><\/figure>\n\n\n\n<hr class=\"wp-block-separator has-alpha-channel-opacity is-style-wide\"\/>\n\n\n\n<h2 class=\"wp-block-heading\">Suivez Radio-Canada sur<\/h2>\n\n\n\n<div class=\"wp-block-group is-content-justification-center is-nowrap is-layout-flex wp-container-core-group-is-layout-d05cb3ef wp-block-group-is-layout-flex\">\n<figure class=\"wp-block-image size-full\"><a href=\"https:\/\/www.tiktok.com\/@radio.canada.sports\" target=\"_blank\" rel=\"noreferrer noopener\"><img decoding=\"async\" src=\"https:\/\/develop.olympic.ca\/wp-content\/uploads\/2024\/04\/DIGITAL-APP_STYLE-GUIDE_2023_SOCIAL-ENCIRCLED-C-TIKTOK.png\" alt=\"\" class=\"wp-image-307437\" style=\"object-fit:cover\"\/><\/a><\/figure>\n\n\n\n<figure class=\"wp-block-image size-full\"><a href=\"https:\/\/www.instagram.com\/radiocanadasports\" target=\"_blank\" rel=\"noreferrer noopener\"><img decoding=\"async\" src=\"https:\/\/develop.olympic.ca\/wp-content\/uploads\/2024\/04\/DIGITAL-APP_STYLE-GUIDE_2023_SOCIAL-ENCIRCLED-C-INST.png\" alt=\"\" class=\"wp-image-307439\" style=\"object-fit:cover\"\/><\/a><\/figure>\n\n\n\n<figure class=\"wp-block-image size-full\"><a href=\"https:\/\/www.youtube.com\/RadioCanadaSports\" target=\"_blank\" rel=\"noreferrer noopener\"><img decoding=\"async\" src=\"https:\/\/develop.olympic.ca\/wp-content\/uploads\/2024\/04\/DIGITAL-APP_STYLE-GUIDE_2023_SOCIAL-ENCIRCLED-C-YT.png\" alt=\"\" class=\"wp-image-307436\" style=\"object-fit:cover\"\/><\/a><\/figure>\n\n\n\n<figure class=\"wp-block-image size-full\"><a href=\"https:\/\/twitter.com\/RC_Sports\" target=\"_blank\" rel=\"noreferrer noopener\"><img decoding=\"async\" src=\"https:\/\/develop.olympic.ca\/wp-content\/uploads\/2024\/04\/DIGITAL-APP_STYLE-GUIDE_2023_SOCIAL-ENCIRCLED-C-X.png\" alt=\"\" class=\"wp-image-307435\" style=\"object-fit:cover\"\/><\/a><\/figure>\n\n\n\n<figure class=\"wp-block-image size-full\"><a href=\"https:\/\/www.facebook.com\/radiocanada.sports\/\" target=\"_blank\" rel=\"noreferrer noopener\"><img decoding=\"async\" src=\"https:\/\/develop.olympic.ca\/wp-content\/uploads\/2024\/04\/DIGITAL-APP_STYLE-GUIDE_2023_SOCIAL-ENCIRCLED-C-FB.png\" alt=\"\" class=\"wp-image-307438\" style=\"object-fit:cover\"\/><\/a><\/figure>\n<\/div>\n","protected":false},"excerpt":{"rendered":"<p>Andre De Grasse a remport\u00e9 six m\u00e9dailles lors de ses deux premi\u00e8res participations aux Jeux olympiques. Malgr\u00e9 ses nombreux succ\u00e8s,&#8230;<\/p>\n","protected":false},"author":52435436,"featured_media":0,"parent":241083,"menu_order":0,"comment_status":"closed","ping_status":"closed","template":"templates\/campaign-2024.php","meta":{"_edit_lock":["1722020428:52435436"],"_last_editor_used_jetpack":["block-editor"],"_wp_page_template":["templates\/campaign-2024.php"],"_edit_last":["52435436"],"_yoast_wpseo_content_score":["90"],"_yoast_wpseo_estimated-reading-time-minutes":["3"],"_yoast_wpseo_wordproof_timestamp":[""],"seo_title":[""],"_seo_title":["field_652feeaa9308c"],"seo_focus_keyword":[""],"_seo_focus_keyword":["field_652ff0580091b"],"seo_meta_description":[""],"_seo_meta_description":["field_652feec09308d"],"seo_translation_link":["https:\/\/develop.olympic.ca\/?page_id=318026"],"_seo_translation_link":["field_652feee79308e"],"seo_accordion_module_title":[""],"_seo_accordion_module_title":["field_652fef009308f"],"seo_accordion":[""],"_seo_accordion":["field_652fef4793091"],"secondary_content":[""],"_secondary_content":["field_6530028284790"],"social_facebook":[""],"_social_facebook":["field_652ff39070798"],"social_twitter":[""],"_social_twitter":["field_652ff3a470799"],"social_instagram":[""],"_social_instagram":["field_652ff3ca7079a"],"social_linkedin":[""],"_social_linkedin":["field_652ff3e57079b"],"social_website":[""],"_social_website":["field_652ff4227079c"],"zeus_id":[""],"_zeus_id":["field_652ff4537079d"],"team_announcement_tag":[""],"_team_announcement_tag":["field_65300222e2d0d"],"coc_hide_title":["1"],"_coc_hide_title":["field_661d79f32b89b"],"video_embed_code":[""],"_video_embed_code":["field_652fecffe1114"],"facebook_video_embed_code":[""],"_facebook_video_embed_code":["field_652fedfae1121"],"coc_games":[""],"_coc_games":["field_5e83bf020f51f"],"coc_trivia":[""],"_coc_trivia":["field_5e83bacdec2aa"],"coc_sharing_options":["a:1:{s:18:\"coc_hide_share_bar\";b:0;}"],"coc_campaign_options":["a:4:{s:16:\"coc_campaign_tag\";s:0:\"\";s:15:\"coc_campaign_bg\";N;s:25:\"coc_campaign_bg_downloads\";a:0:{}s:20:\"coc_campaign_posters\";a:0:{}}"],"coc_team_options":["a:1:{s:15:\"coc_game_select\";i:216378;}"],"coc_oc_landing_options":["a:2:{s:17:\"coc_oc_landing_bg\";N;s:22:\"coc_oc_landing_stories\";a:0:{}}"],"coc_edit_profile_options":["a:1:{s:20:\"coc_favourite_sports\";a:0:{}}"],"coc_oc_reward_options":["a:13:{s:16:\"coc_oc_reward_id\";s:0:\"\";s:19:\"coc_oc_ac_reward_id\";s:0:\"\";s:20:\"coc_oc_reward_points\";s:0:\"\";s:19:\"coc_oc_reward_rules\";N;s:31:\"coc_oc_digital_download_desktop\";N;s:30:\"coc_oc_digital_download_mobile\";N;s:32:\"coc_oc_digital_download_facebook\";N;s:29:\"coc_oc_reward_success_message\";s:0:\"\";s:23:\"coc_oc_facebook_content\";s:0:\"\";s:22:\"coc_oc_twitter_content\";s:0:\"\";s:24:\"coc_oc_social_contest_id\";s:0:\"\";s:31:\"coc_oc_reward_logged_in_message\";s:0:\"\";s:32:\"coc_oc_reward_logged_out_message\";s:0:\"\";}"],"coc_press_options":["a:2:{s:28:\"coc_press_additional_content\";s:0:\"\";s:27:\"coc_press_resource_category\";a:0:{}}"],"coc_breaking_news_options":["a:1:{s:25:\"coc_breaking_news_details\";a:0:{}}"],"coc_be_olympic_options":["a:8:{s:37:\"coc_be_olympic_exclusive_content_link\";s:0:\"\";s:27:\"coc_be_olympic_videos_title\";s:0:\"\";s:21:\"coc_be_olympic_videos\";a:0:{}s:27:\"coc_be_olympic_photos_title\";s:0:\"\";s:21:\"coc_be_olympic_photos\";a:0:{}s:24:\"coc_be_olympic_downloads\";a:0:{}s:22:\"coc_be_olympic_quizzes\";a:0:{}s:26:\"coc_be_olympic_fan_fun_ads\";a:0:{}}"],"coc_fan_fun_options":["a:2:{s:23:\"coc_fan_fun_hammer_time\";a:2:{s:29:\"coc_fan_fun_hammer_time_image\";N;s:27:\"coc_fan_fun_hammer_time_url\";s:0:\"\";}s:22:\"coc_fan_fun_torch_dash\";a:2:{s:28:\"coc_fan_fun_torch_dash_image\";N;s:26:\"coc_fan_fun_torch_dash_url\";s:0:\"\";}}"],"coc_interactive_game_options":["a:3:{s:28:\"coc_interactive_game_message\";s:0:\"\";s:24:\"coc_interactive_game_url\";s:0:\"\";s:27:\"coc_interactive_game_iframe\";b:0;}"],"coc_olympic_club_options":["a:1:{s:12:\"redirect_url\";s:0:\"\";}"],"coc_favorites_options":["a:3:{s:13:\"content_types\";a:0:{}s:7:\"seasons\";a:0:{}s:4:\"gear\";a:0:{}}"],"coc_og_tags":["a:3:{s:8:\"og_title\";s:0:\"\";s:14:\"og_description\";s:0:\"\";s:8:\"og_image\";N;}"],"_oembed_caa4147ed9ea1e96f5eaa890f77ee4cb":["<iframe title=\"L\u2019invincible courage | \u00c9quipe Canada | Paris 2024 | Maude, Hugo Andre\" width=\"1360\" height=\"765\" src=\"https:\/\/www.youtube.com\/embed\/7S3X1xoVnKw?feature=oembed\" frameborder=\"0\" allow=\"accelerometer; autoplay; clipboard-write; encrypted-media; gyroscope; picture-in-picture; web-share\" referrerpolicy=\"strict-origin-when-cross-origin\" allowfullscreen><\/iframe>"],"_oembed_time_caa4147ed9ea1e96f5eaa890f77ee4cb":["1722020548"]},"coauthors":[209008581],"class_list":["post-241147","page","type-page","status-publish","format-standard","hentry"],"acf":[],"yoast_head":"<!-- This site is optimized with the Yoast SEO plugin v27.3 - https:\/\/yoast.com\/product\/yoast-seo-wordpress\/ -->\n<title>Andre De Grasse, Athl\u00e9tisme - \u00c9quipe Canada | Site officiel de l&#039;\u00e9quipe olympique<\/title>\n<meta name=\"robots\" content=\"index, follow, max-snippet:-1, max-image-preview:large, max-video-preview:-1\" \/>\n<link rel=\"canonical\" href=\"https:\/\/develop.olympic.ca\/olympique\/invinciblecourage\/andre-de-grasse-athletisme\/\" \/>\n<meta property=\"og:locale\" content=\"fr_FR\" \/>\n<meta property=\"og:type\" content=\"article\" \/>\n<meta property=\"og:title\" content=\"Andre De Grasse, Athl\u00e9tisme - \u00c9quipe Canada | Site officiel de l&#039;\u00e9quipe olympique\" \/>\n<meta property=\"og:description\" content=\"Andre De Grasse a remport\u00e9 six m\u00e9dailles lors de ses deux premi\u00e8res participations aux Jeux olympiques. Malgr\u00e9 ses nombreux succ\u00e8s,...\" \/>\n<meta property=\"og:url\" content=\"https:\/\/develop.olympic.ca\/olympique\/invinciblecourage\/andre-de-grasse-athletisme\/\" \/>\n<meta property=\"og:site_name\" content=\"\u00c9quipe Canada | Site officiel de l&#039;\u00e9quipe olympique\" \/>\n<meta property=\"article:modified_time\" content=\"2024-07-26T19:02:29+00:00\" \/>\n<meta property=\"og:image\" content=\"https:\/\/develop.olympic.ca\/olympique\/wp-content\/uploads\/sites\/2\/2024\/04\/FR-BIU_AthleteHeader-Andre.jpg?quality=100&amp;w=1152\" \/>\n<meta name=\"twitter:card\" content=\"summary_large_image\" \/>\n<meta name=\"twitter:label1\" content=\"Est. reading time\" \/>\n\t<meta name=\"twitter:data1\" content=\"3 minutes\" \/>\n\t<meta name=\"twitter:label2\" content=\"Written by\" \/>\n\t<meta name=\"twitter:data2\" content=\"Mark Nadolny\" \/>\n<script type=\"application\/ld+json\" class=\"yoast-schema-graph\">{\"@context\":\"https:\\\/\\\/schema.org\",\"@graph\":[{\"@type\":\"WebPage\",\"@id\":\"https:\\\/\\\/develop.olympic.ca\\\/olympique\\\/invinciblecourage\\\/andre-de-grasse-athletisme\\\/\",\"url\":\"https:\\\/\\\/develop.olympic.ca\\\/olympique\\\/invinciblecourage\\\/andre-de-grasse-athletisme\\\/\",\"name\":\"Andre De Grasse, Athl\u00e9tisme - \u00c9quipe Canada | Site officiel de l&#039;\u00e9quipe olympique\",\"isPartOf\":{\"@id\":\"https:\\\/\\\/develop.olympic.ca\\\/olympique\\\/#website\"},\"primaryImageOfPage\":{\"@id\":\"https:\\\/\\\/develop.olympic.ca\\\/olympique\\\/invinciblecourage\\\/andre-de-grasse-athletisme\\\/#primaryimage\"},\"image\":{\"@id\":\"https:\\\/\\\/develop.olympic.ca\\\/olympique\\\/invinciblecourage\\\/andre-de-grasse-athletisme\\\/#primaryimage\"},\"thumbnailUrl\":\"https:\\\/\\\/develop.olympic.ca\\\/olympique\\\/wp-content\\\/uploads\\\/sites\\\/2\\\/2024\\\/04\\\/FR-BIU_AthleteHeader-Andre.jpg?quality=100&amp;w=1152\",\"datePublished\":\"2024-04-19T13:00:00+00:00\",\"dateModified\":\"2024-07-26T19:02:29+00:00\",\"breadcrumb\":{\"@id\":\"https:\\\/\\\/develop.olympic.ca\\\/olympique\\\/invinciblecourage\\\/andre-de-grasse-athletisme\\\/#breadcrumb\"},\"inLanguage\":\"fr-FR\",\"potentialAction\":[{\"@type\":\"ReadAction\",\"target\":[\"https:\\\/\\\/develop.olympic.ca\\\/olympique\\\/invinciblecourage\\\/andre-de-grasse-athletisme\\\/\"]}]},{\"@type\":\"ImageObject\",\"inLanguage\":\"fr-FR\",\"@id\":\"https:\\\/\\\/develop.olympic.ca\\\/olympique\\\/invinciblecourage\\\/andre-de-grasse-athletisme\\\/#primaryimage\",\"url\":\"https:\\\/\\\/develop.olympic.ca\\\/olympique\\\/wp-content\\\/uploads\\\/sites\\\/2\\\/2024\\\/04\\\/FR-BIU_AthleteHeader-Andre.jpg?quality=100\",\"contentUrl\":\"https:\\\/\\\/develop.olympic.ca\\\/olympique\\\/wp-content\\\/uploads\\\/sites\\\/2\\\/2024\\\/04\\\/FR-BIU_AthleteHeader-Andre.jpg?quality=100\",\"width\":1152,\"height\":576,\"caption\":\"Andre De Grasse - L'invincible courage\"},{\"@type\":\"BreadcrumbList\",\"@id\":\"https:\\\/\\\/develop.olympic.ca\\\/olympique\\\/invinciblecourage\\\/andre-de-grasse-athletisme\\\/#breadcrumb\",\"itemListElement\":[{\"@type\":\"ListItem\",\"position\":1,\"name\":\"L&rsquo;Invincible Courage\",\"item\":\"https:\\\/\\\/develop.olympic.ca\\\/olympique\\\/invinciblecourage\\\/\"},{\"@type\":\"ListItem\",\"position\":2,\"name\":\"Andre De Grasse, Athl\u00e9tisme\"}]},{\"@type\":\"WebSite\",\"@id\":\"https:\\\/\\\/develop.olympic.ca\\\/olympique\\\/#website\",\"url\":\"https:\\\/\\\/develop.olympic.ca\\\/olympique\\\/\",\"name\":\"\u00c9quipe Canada | Site officiel de l&#039;\u00e9quipe olympique\",\"description\":\"Votre source pour l\u2019\u00c9quipe olympique canadienne. Retrouvez les r\u00e9cits, vid\u00e9os et photos des athl\u00e8tes canadiens, sports olympiques, Jeux olympiques de 2020 et bien plus!\",\"potentialAction\":[{\"@type\":\"SearchAction\",\"target\":{\"@type\":\"EntryPoint\",\"urlTemplate\":\"https:\\\/\\\/develop.olympic.ca\\\/olympique\\\/?s={search_term_string}\"},\"query-input\":{\"@type\":\"PropertyValueSpecification\",\"valueRequired\":true,\"valueName\":\"search_term_string\"}}],\"inLanguage\":\"fr-FR\"}]}<\/script>\n<!-- \/ Yoast SEO plugin. -->","yoast_head_json":{"title":"Andre De Grasse, Athl\u00e9tisme - \u00c9quipe Canada | Site officiel de l&#039;\u00e9quipe olympique","robots":{"index":"index","follow":"follow","max-snippet":"max-snippet:-1","max-image-preview":"max-image-preview:large","max-video-preview":"max-video-preview:-1"},"canonical":"https:\/\/develop.olympic.ca\/olympique\/invinciblecourage\/andre-de-grasse-athletisme\/","og_locale":"fr_FR","og_type":"article","og_title":"Andre De Grasse, Athl\u00e9tisme - \u00c9quipe Canada | Site officiel de l&#039;\u00e9quipe olympique","og_description":"Andre De Grasse a remport\u00e9 six m\u00e9dailles lors de ses deux premi\u00e8res participations aux Jeux olympiques. Malgr\u00e9 ses nombreux succ\u00e8s,...","og_url":"https:\/\/develop.olympic.ca\/olympique\/invinciblecourage\/andre-de-grasse-athletisme\/","og_site_name":"\u00c9quipe Canada | Site officiel de l&#039;\u00e9quipe olympique","article_modified_time":"2024-07-26T19:02:29+00:00","og_image":[{"url":"https:\/\/develop.olympic.ca\/olympique\/wp-content\/uploads\/sites\/2\/2024\/04\/FR-BIU_AthleteHeader-Andre.jpg?quality=100&amp;w=1152","type":"","width":"","height":""}],"twitter_card":"summary_large_image","twitter_misc":{"Est. reading time":"3 minutes","Written by":"Mark Nadolny"},"schema":{"@context":"https:\/\/schema.org","@graph":[{"@type":"WebPage","@id":"https:\/\/develop.olympic.ca\/olympique\/invinciblecourage\/andre-de-grasse-athletisme\/","url":"https:\/\/develop.olympic.ca\/olympique\/invinciblecourage\/andre-de-grasse-athletisme\/","name":"Andre De Grasse, Athl\u00e9tisme - \u00c9quipe Canada | Site officiel de l&#039;\u00e9quipe olympique","isPartOf":{"@id":"https:\/\/develop.olympic.ca\/olympique\/#website"},"primaryImageOfPage":{"@id":"https:\/\/develop.olympic.ca\/olympique\/invinciblecourage\/andre-de-grasse-athletisme\/#primaryimage"},"image":{"@id":"https:\/\/develop.olympic.ca\/olympique\/invinciblecourage\/andre-de-grasse-athletisme\/#primaryimage"},"thumbnailUrl":"https:\/\/develop.olympic.ca\/olympique\/wp-content\/uploads\/sites\/2\/2024\/04\/FR-BIU_AthleteHeader-Andre.jpg?quality=100&amp;w=1152","datePublished":"2024-04-19T13:00:00+00:00","dateModified":"2024-07-26T19:02:29+00:00","breadcrumb":{"@id":"https:\/\/develop.olympic.ca\/olympique\/invinciblecourage\/andre-de-grasse-athletisme\/#breadcrumb"},"inLanguage":"fr-FR","potentialAction":[{"@type":"ReadAction","target":["https:\/\/develop.olympic.ca\/olympique\/invinciblecourage\/andre-de-grasse-athletisme\/"]}]},{"@type":"ImageObject","inLanguage":"fr-FR","@id":"https:\/\/develop.olympic.ca\/olympique\/invinciblecourage\/andre-de-grasse-athletisme\/#primaryimage","url":"https:\/\/develop.olympic.ca\/olympique\/wp-content\/uploads\/sites\/2\/2024\/04\/FR-BIU_AthleteHeader-Andre.jpg?quality=100","contentUrl":"https:\/\/develop.olympic.ca\/olympique\/wp-content\/uploads\/sites\/2\/2024\/04\/FR-BIU_AthleteHeader-Andre.jpg?quality=100","width":1152,"height":576,"caption":"Andre De Grasse - L'invincible courage"},{"@type":"BreadcrumbList","@id":"https:\/\/develop.olympic.ca\/olympique\/invinciblecourage\/andre-de-grasse-athletisme\/#breadcrumb","itemListElement":[{"@type":"ListItem","position":1,"name":"L&rsquo;Invincible Courage","item":"https:\/\/develop.olympic.ca\/olympique\/invinciblecourage\/"},{"@type":"ListItem","position":2,"name":"Andre De Grasse, Athl\u00e9tisme"}]},{"@type":"WebSite","@id":"https:\/\/develop.olympic.ca\/olympique\/#website","url":"https:\/\/develop.olympic.ca\/olympique\/","name":"\u00c9quipe Canada | Site officiel de l&#039;\u00e9quipe olympique","description":"Votre source pour l\u2019\u00c9quipe olympique canadienne. Retrouvez les r\u00e9cits, vid\u00e9os et photos des athl\u00e8tes canadiens, sports olympiques, Jeux olympiques de 2020 et bien plus!","potentialAction":[{"@type":"SearchAction","target":{"@type":"EntryPoint","urlTemplate":"https:\/\/develop.olympic.ca\/olympique\/?s={search_term_string}"},"query-input":{"@type":"PropertyValueSpecification","valueRequired":true,"valueName":"search_term_string"}}],"inLanguage":"fr-FR"}]}},"jetpack_sharing_enabled":true,"jetpack-related-posts":[],"jetpack_shortlink":"https:\/\/wp.me\/PbmyEP-10Jt","_links":{"self":[{"href":"https:\/\/develop.olympic.ca\/olympique\/wp-json\/wp\/v2\/pages\/241147","targetHints":{"allow":["GET"]}}],"collection":[{"href":"https:\/\/develop.olympic.ca\/olympique\/wp-json\/wp\/v2\/pages"}],"about":[{"href":"https:\/\/develop.olympic.ca\/olympique\/wp-json\/wp\/v2\/types\/page"}],"author":[{"embeddable":true,"href":"https:\/\/develop.olympic.ca\/olympique\/wp-json\/wp\/v2\/users\/52435436"}],"replies":[{"embeddable":true,"href":"https:\/\/develop.olympic.ca\/olympique\/wp-json\/wp\/v2\/comments?post=241147"}],"version-history":[{"count":12,"href":"https:\/\/develop.olympic.ca\/olympique\/wp-json\/wp\/v2\/pages\/241147\/revisions"}],"predecessor-version":[{"id":250723,"href":"https:\/\/develop.olympic.ca\/olympique\/wp-json\/wp\/v2\/pages\/241147\/revisions\/250723"}],"up":[{"embeddable":true,"href":"https:\/\/develop.olympic.ca\/olympique\/wp-json\/wp\/v2\/pages\/241083"}],"wp:attachment":[{"href":"https:\/\/develop.olympic.ca\/olympique\/wp-json\/wp\/v2\/media?parent=241147"}],"wp:term":[{"taxonomy":"author","embeddable":true,"href":"https:\/\/develop.olympic.ca\/olympique\/wp-json\/wp\/v2\/coauthors?post=241147"}],"curies":[{"name":"wp","href":"https:\/\/api.w.org\/{rel}","templated":true}]}}