{"id":241209,"date":"2024-04-19T09:00:00","date_gmt":"2024-04-19T13:00:00","guid":{"rendered":"https:\/\/develop.olympic.ca\/olympique\/?page_id=241209"},"modified":"2024-07-26T15:05:52","modified_gmt":"2024-07-26T19:05:52","slug":"maggie-mac-neil-natation","status":"publish","type":"page","link":"https:\/\/develop.olympic.ca\/olympique\/invinciblecourage\/maggie-mac-neil-natation\/","title":{"rendered":"Maggie Mac Neil, Natation"},"content":{"rendered":"\n<figure class=\"wp-block-image size-large\"><img loading=\"lazy\" decoding=\"async\" width=\"1152\" height=\"576\" src=\"https:\/\/develop.olympic.ca\/olympique\/wp-content\/uploads\/sites\/2\/2024\/04\/FR-BIU_AthleteHeader-Maggie.jpg?quality=100&amp;w=1152\" alt=\"Maggie Mac Neil - L'invincible courage\" class=\"wp-image-241098\" srcset=\"https:\/\/develop.olympic.ca\/olympique\/wp-content\/uploads\/sites\/2\/2024\/04\/FR-BIU_AthleteHeader-Maggie.jpg 1152w, https:\/\/develop.olympic.ca\/olympique\/wp-content\/uploads\/sites\/2\/2024\/04\/FR-BIU_AthleteHeader-Maggie.jpg?resize=280,140 280w, https:\/\/develop.olympic.ca\/olympique\/wp-content\/uploads\/sites\/2\/2024\/04\/FR-BIU_AthleteHeader-Maggie.jpg?resize=660,330 660w, https:\/\/develop.olympic.ca\/olympique\/wp-content\/uploads\/sites\/2\/2024\/04\/FR-BIU_AthleteHeader-Maggie.jpg?resize=768,384 768w\" sizes=\"(max-width: 1152px) 100vw, 1152px\" \/><\/figure>\n\n\n\n<p class=\"wp-block-paragraph\"><a href=\"https:\/\/develop.olympic.ca\/olympique\/team-canada\/margaret-mac-neil\/\">Maggie Mac Neil<\/a> a remport\u00e9 trois m\u00e9dailles \u00e0 ses premiers Jeux \u00e0 <a href=\"https:\/\/develop.olympic.ca\/olympique\/games\/tokyo-2020\/\">Tokyo 2020<\/a>. Apr\u00e8s une telle r\u00e9ussite, les exigences incessantes de la comp\u00e9tition d\u2019\u00e9lite l\u2019ont submerg\u00e9e. Elle se sentait soumise \u00e0 une \u00e9norme pression de performance, peu importe les circonstances. Cela l\u2019a men\u00e9e \u00e0 vivre beaucoup d\u2019anxi\u00e9t\u00e9. Ressentant le besoin de faire une pause strat\u00e9gique, Maggie a pris le temps de laisser son esprit et son corps refaire le plein d\u2019\u00e9nergie. Ce pas de recul lui a donn\u00e9 une nouvelle perspective, plus positive. Forte d\u2019un nouvel \u00e9tat d\u2019esprit et d\u2019une d\u00e9termination \u00e0 toute \u00e9preuve, Maggie est pr\u00eate \u00e0 briller sous les projecteurs de <a href=\"https:\/\/develop.olympic.ca\/olympique\/games\/paris-2024\/\">Paris 2024<\/a>.<\/p>\n\n\n\n<figure class=\"wp-block-embed is-type-video is-provider-youtube wp-block-embed-youtube wp-embed-aspect-16-9 wp-has-aspect-ratio alignfull-mobile\"><div class=\"wp-block-embed__wrapper\">\n<span class=\"embed-youtube\" style=\"text-align:center; display: block;\"><iframe loading=\"lazy\" class=\"youtube-player\" width=\"1360\" height=\"765\" src=\"https:\/\/www.youtube.com\/embed\/ZCxQ5btrvPc?version=3&#038;rel=1&#038;showsearch=0&#038;showinfo=1&#038;iv_load_policy=1&#038;fs=1&#038;hl=fr-FR&#038;autohide=2&#038;wmode=transparent\" allowfullscreen=\"true\" style=\"border:0;\" sandbox=\"allow-scripts allow-same-origin allow-popups allow-presentation allow-popups-to-escape-sandbox\"><\/iframe><\/span>\n<\/div><\/figure>\n\n\n<div class=\"wp-block-image\">\n<figure class=\"aligncenter size-large\"><img loading=\"lazy\" decoding=\"async\" height=\"754\" width=\"991\" src=\"https:\/\/develop.olympic.ca\/olympique\/wp-content\/uploads\/sites\/2\/2024\/04\/BIU-AUDIO_TRANSCRIPTS_MAGGIE_FR.png?w=991\" alt=\"Quand vous me voyez concourir, vous voyez une athl\u00e8te trois fois m\u00e9daill\u00e9e aux Jeux olympiques et une championne du monde. Ce que vous ne voyez pas, c\u2019est qu\u2019en dehors de la piscine, mon adversaire est l\u2019anxi\u00e9t\u00e9. J\u2019ai m\u00eame d\u00fb mettre ma carri\u00e8re sur pause pour prioriser ma sant\u00e9 mentale. La nage, c\u2019est ma passion. Mais j\u2019en suis d\u00e9j\u00e0 arriv\u00e9e \u00e0 un point o\u00f9 la pression de la performance \u00e9tait trop forte. Je devais \u00eatre parfaite, partout, tout le temps et \u00e0 tout prix. Au d\u00e9but, j\u2019avais du mal \u00e0 parler de mes \u00e9motions. Je vais tellement mieux depuis que je me suis ouverte\u2026 Prendre du temps pour moi m\u2019a fait beaucoup de bien et m\u2019a permis de retrouver mon enthousiasme. Les Jeux de Paris arrivent bient\u00f4t, et je suis heureuse, pleine d\u2019\u00e9nergie et pr\u00eate \u00e0 relever tous les d\u00e9fis.\" class=\"wp-image-241107\" srcset=\"https:\/\/develop.olympic.ca\/olympique\/wp-content\/uploads\/sites\/2\/2024\/04\/BIU-AUDIO_TRANSCRIPTS_MAGGIE_FR.png 1834w, https:\/\/develop.olympic.ca\/olympique\/wp-content\/uploads\/sites\/2\/2024\/04\/BIU-AUDIO_TRANSCRIPTS_MAGGIE_FR.png?resize=208,158 208w, https:\/\/develop.olympic.ca\/olympique\/wp-content\/uploads\/sites\/2\/2024\/04\/BIU-AUDIO_TRANSCRIPTS_MAGGIE_FR.png?resize=488,371 488w, https:\/\/develop.olympic.ca\/olympique\/wp-content\/uploads\/sites\/2\/2024\/04\/BIU-AUDIO_TRANSCRIPTS_MAGGIE_FR.png?resize=768,584 768w, https:\/\/develop.olympic.ca\/olympique\/wp-content\/uploads\/sites\/2\/2024\/04\/BIU-AUDIO_TRANSCRIPTS_MAGGIE_FR.png?resize=991,754 991w, https:\/\/develop.olympic.ca\/olympique\/wp-content\/uploads\/sites\/2\/2024\/04\/BIU-AUDIO_TRANSCRIPTS_MAGGIE_FR.png?resize=1536,1168 1536w\" sizes=\"(max-width: 991px) 100vw, 991px\" \/><\/figure>\n<\/div>\n\n\n<div class=\"wp-block-buttons is-content-justification-center is-layout-flex wp-container-core-buttons-is-layout-fe48e5de wp-block-buttons-is-layout-flex\">\n<div class=\"wp-block-button\"><a class=\"wp-block-button__link wp-element-button\" href=\"https:\/\/develop.olympic.ca\/olympique\/team-canada\/margaret-mac-neil\/\" target=\"_blank\" rel=\"noreferrer noopener\">Voir Le Profil De Maggie<\/a><\/div>\n<\/div>\n\n\n\n<div style=\"height:30px\" aria-hidden=\"true\" class=\"wp-block-spacer\"><\/div>\n\n\n\n<figure class=\"wp-block-image alignfull size-full\"><a href=\"https:\/\/develop.olympic.ca\/olympique\/invinciblecourage\"><img loading=\"lazy\" decoding=\"async\" width=\"1341\" height=\"363\" src=\"https:\/\/develop.olympic.ca\/olympique\/wp-content\/uploads\/sites\/2\/2024\/04\/BIU_Web-Elements-MORE-STORIES-FR.png\" alt=\"\" class=\"wp-image-241182\" srcset=\"https:\/\/develop.olympic.ca\/olympique\/wp-content\/uploads\/sites\/2\/2024\/04\/BIU_Web-Elements-MORE-STORIES-FR.png 1341w, https:\/\/develop.olympic.ca\/olympique\/wp-content\/uploads\/sites\/2\/2024\/04\/BIU_Web-Elements-MORE-STORIES-FR.png?resize=280,76 280w, https:\/\/develop.olympic.ca\/olympique\/wp-content\/uploads\/sites\/2\/2024\/04\/BIU_Web-Elements-MORE-STORIES-FR.png?resize=660,179 660w, https:\/\/develop.olympic.ca\/olympique\/wp-content\/uploads\/sites\/2\/2024\/04\/BIU_Web-Elements-MORE-STORIES-FR.png?resize=768,208 768w\" sizes=\"(max-width: 1341px) 100vw, 1341px\" \/><\/a><\/figure>\n\n\n\n<hr class=\"wp-block-separator has-alpha-channel-opacity is-style-wide\"\/>\n\n\n\n<h2 class=\"wp-block-heading\">Suivez Radio-Canada sur<\/h2>\n\n\n\n<div class=\"wp-block-group is-content-justification-center is-nowrap is-layout-flex wp-container-core-group-is-layout-d05cb3ef wp-block-group-is-layout-flex\">\n<figure class=\"wp-block-image size-full\"><a href=\"https:\/\/www.tiktok.com\/@radio.canada.sports\" target=\"_blank\" rel=\"noreferrer noopener\"><img decoding=\"async\" src=\"https:\/\/develop.olympic.ca\/wp-content\/uploads\/2024\/04\/DIGITAL-APP_STYLE-GUIDE_2023_SOCIAL-ENCIRCLED-C-TIKTOK.png\" alt=\"\" class=\"wp-image-307437\" style=\"object-fit:cover\"\/><\/a><\/figure>\n\n\n\n<figure class=\"wp-block-image size-full\"><a href=\"https:\/\/www.instagram.com\/radiocanadasports\" target=\"_blank\" rel=\"noreferrer noopener\"><img decoding=\"async\" src=\"https:\/\/develop.olympic.ca\/wp-content\/uploads\/2024\/04\/DIGITAL-APP_STYLE-GUIDE_2023_SOCIAL-ENCIRCLED-C-INST.png\" alt=\"\" class=\"wp-image-307439\" style=\"object-fit:cover\"\/><\/a><\/figure>\n\n\n\n<figure class=\"wp-block-image size-full\"><a href=\"https:\/\/www.youtube.com\/RadioCanadaSports\" target=\"_blank\" rel=\"noreferrer noopener\"><img decoding=\"async\" src=\"https:\/\/develop.olympic.ca\/wp-content\/uploads\/2024\/04\/DIGITAL-APP_STYLE-GUIDE_2023_SOCIAL-ENCIRCLED-C-YT.png\" alt=\"\" class=\"wp-image-307436\" style=\"object-fit:cover\"\/><\/a><\/figure>\n\n\n\n<figure class=\"wp-block-image size-full\"><a href=\"https:\/\/twitter.com\/RC_Sports\" target=\"_blank\" rel=\"noreferrer noopener\"><img decoding=\"async\" src=\"https:\/\/develop.olympic.ca\/wp-content\/uploads\/2024\/04\/DIGITAL-APP_STYLE-GUIDE_2023_SOCIAL-ENCIRCLED-C-X.png\" alt=\"\" class=\"wp-image-307435\" style=\"object-fit:cover\"\/><\/a><\/figure>\n\n\n\n<figure class=\"wp-block-image size-full\"><a href=\"https:\/\/www.facebook.com\/radiocanada.sports\/\" target=\"_blank\" rel=\"noreferrer noopener\"><img decoding=\"async\" src=\"https:\/\/develop.olympic.ca\/wp-content\/uploads\/2024\/04\/DIGITAL-APP_STYLE-GUIDE_2023_SOCIAL-ENCIRCLED-C-FB.png\" alt=\"\" class=\"wp-image-307438\" style=\"object-fit:cover\"\/><\/a><\/figure>\n<\/div>\n","protected":false},"excerpt":{"rendered":"<p>Maggie Mac Neil a remport\u00e9 trois m\u00e9dailles \u00e0 ses premiers Jeux \u00e0 Tokyo 2020. Apr\u00e8s une telle r\u00e9ussite, les exigences&#8230;<\/p>\n","protected":false},"author":52435436,"featured_media":0,"parent":241083,"menu_order":0,"comment_status":"closed","ping_status":"closed","template":"templates\/campaign-2024.php","meta":{"_edit_lock":["1722020611:52435436"],"_last_editor_used_jetpack":["block-editor"],"_wp_page_template":["templates\/campaign-2024.php"],"_edit_last":["52435436"],"_yoast_wpseo_content_score":["90"],"_yoast_wpseo_estimated-reading-time-minutes":["2"],"_yoast_wpseo_wordproof_timestamp":[""],"seo_title":[""],"_seo_title":["field_652feeaa9308c"],"seo_focus_keyword":[""],"_seo_focus_keyword":["field_652ff0580091b"],"seo_meta_description":[""],"_seo_meta_description":["field_652feec09308d"],"seo_translation_link":["https:\/\/develop.olympic.ca\/?page_id=318146"],"_seo_translation_link":["field_652feee79308e"],"seo_accordion_module_title":[""],"_seo_accordion_module_title":["field_652fef009308f"],"seo_accordion":[""],"_seo_accordion":["field_652fef4793091"],"secondary_content":[""],"_secondary_content":["field_6530028284790"],"social_facebook":[""],"_social_facebook":["field_652ff39070798"],"social_twitter":[""],"_social_twitter":["field_652ff3a470799"],"social_instagram":[""],"_social_instagram":["field_652ff3ca7079a"],"social_linkedin":[""],"_social_linkedin":["field_652ff3e57079b"],"social_website":[""],"_social_website":["field_652ff4227079c"],"zeus_id":[""],"_zeus_id":["field_652ff4537079d"],"team_announcement_tag":[""],"_team_announcement_tag":["field_65300222e2d0d"],"coc_hide_title":["1"],"_coc_hide_title":["field_661d79f32b89b"],"video_embed_code":[""],"_video_embed_code":["field_652fecffe1114"],"facebook_video_embed_code":[""],"_facebook_video_embed_code":["field_652fedfae1121"],"coc_games":[""],"_coc_games":["field_5e83bf020f51f"],"coc_trivia":[""],"_coc_trivia":["field_5e83bacdec2aa"],"coc_sharing_options":["a:1:{s:18:\"coc_hide_share_bar\";b:0;}"],"coc_campaign_options":["a:4:{s:16:\"coc_campaign_tag\";s:0:\"\";s:15:\"coc_campaign_bg\";N;s:25:\"coc_campaign_bg_downloads\";a:0:{}s:20:\"coc_campaign_posters\";a:0:{}}"],"coc_team_options":["a:1:{s:15:\"coc_game_select\";i:216378;}"],"coc_oc_landing_options":["a:2:{s:17:\"coc_oc_landing_bg\";N;s:22:\"coc_oc_landing_stories\";a:0:{}}"],"coc_edit_profile_options":["a:1:{s:20:\"coc_favourite_sports\";a:0:{}}"],"coc_oc_reward_options":["a:13:{s:16:\"coc_oc_reward_id\";s:0:\"\";s:19:\"coc_oc_ac_reward_id\";s:0:\"\";s:20:\"coc_oc_reward_points\";s:0:\"\";s:19:\"coc_oc_reward_rules\";N;s:31:\"coc_oc_digital_download_desktop\";N;s:30:\"coc_oc_digital_download_mobile\";N;s:32:\"coc_oc_digital_download_facebook\";N;s:29:\"coc_oc_reward_success_message\";s:0:\"\";s:23:\"coc_oc_facebook_content\";s:0:\"\";s:22:\"coc_oc_twitter_content\";s:0:\"\";s:24:\"coc_oc_social_contest_id\";s:0:\"\";s:31:\"coc_oc_reward_logged_in_message\";s:0:\"\";s:32:\"coc_oc_reward_logged_out_message\";s:0:\"\";}"],"coc_press_options":["a:2:{s:28:\"coc_press_additional_content\";s:0:\"\";s:27:\"coc_press_resource_category\";a:0:{}}"],"coc_breaking_news_options":["a:1:{s:25:\"coc_breaking_news_details\";a:0:{}}"],"coc_be_olympic_options":["a:8:{s:37:\"coc_be_olympic_exclusive_content_link\";s:0:\"\";s:27:\"coc_be_olympic_videos_title\";s:0:\"\";s:21:\"coc_be_olympic_videos\";a:0:{}s:27:\"coc_be_olympic_photos_title\";s:0:\"\";s:21:\"coc_be_olympic_photos\";a:0:{}s:24:\"coc_be_olympic_downloads\";a:0:{}s:22:\"coc_be_olympic_quizzes\";a:0:{}s:26:\"coc_be_olympic_fan_fun_ads\";a:0:{}}"],"coc_fan_fun_options":["a:2:{s:23:\"coc_fan_fun_hammer_time\";a:2:{s:29:\"coc_fan_fun_hammer_time_image\";N;s:27:\"coc_fan_fun_hammer_time_url\";s:0:\"\";}s:22:\"coc_fan_fun_torch_dash\";a:2:{s:28:\"coc_fan_fun_torch_dash_image\";N;s:26:\"coc_fan_fun_torch_dash_url\";s:0:\"\";}}"],"coc_interactive_game_options":["a:3:{s:28:\"coc_interactive_game_message\";s:0:\"\";s:24:\"coc_interactive_game_url\";s:0:\"\";s:27:\"coc_interactive_game_iframe\";b:0;}"],"coc_olympic_club_options":["a:1:{s:12:\"redirect_url\";s:0:\"\";}"],"coc_favorites_options":["a:3:{s:13:\"content_types\";a:0:{}s:7:\"seasons\";a:0:{}s:4:\"gear\";a:0:{}}"],"coc_og_tags":["a:3:{s:8:\"og_title\";s:0:\"\";s:14:\"og_description\";s:0:\"\";s:8:\"og_image\";N;}"],"_oembed_07953ca3362e1a92d43a76d621349309":["<iframe title=\"L\u2019invincible courage | \u00c9quipe Canada | Paris 2024 | Maggie, Shai, Ellie\" width=\"1360\" height=\"765\" src=\"https:\/\/www.youtube.com\/embed\/ZCxQ5btrvPc?feature=oembed\" frameborder=\"0\" allow=\"accelerometer; autoplay; clipboard-write; encrypted-media; gyroscope; picture-in-picture; web-share\" referrerpolicy=\"strict-origin-when-cross-origin\" allowfullscreen><\/iframe>"],"_oembed_time_07953ca3362e1a92d43a76d621349309":["1722020751"]},"coauthors":[209008581],"class_list":["post-241209","page","type-page","status-publish","format-standard","hentry"],"acf":[],"yoast_head":"<!-- This site is optimized with the Yoast SEO plugin v27.3 - https:\/\/yoast.com\/product\/yoast-seo-wordpress\/ -->\n<title>Maggie Mac Neil, Natation - \u00c9quipe Canada | Site officiel de l&#039;\u00e9quipe olympique<\/title>\n<meta name=\"robots\" content=\"index, follow, max-snippet:-1, max-image-preview:large, max-video-preview:-1\" \/>\n<link rel=\"canonical\" href=\"https:\/\/develop.olympic.ca\/olympique\/invinciblecourage\/maggie-mac-neil-natation\/\" \/>\n<meta property=\"og:locale\" content=\"fr_FR\" \/>\n<meta property=\"og:type\" content=\"article\" \/>\n<meta property=\"og:title\" content=\"Maggie Mac Neil, Natation - \u00c9quipe Canada | Site officiel de l&#039;\u00e9quipe olympique\" \/>\n<meta property=\"og:description\" content=\"Maggie Mac Neil a remport\u00e9 trois m\u00e9dailles \u00e0 ses premiers Jeux \u00e0 Tokyo 2020. Apr\u00e8s une telle r\u00e9ussite, les exigences...\" \/>\n<meta property=\"og:url\" content=\"https:\/\/develop.olympic.ca\/olympique\/invinciblecourage\/maggie-mac-neil-natation\/\" \/>\n<meta property=\"og:site_name\" content=\"\u00c9quipe Canada | Site officiel de l&#039;\u00e9quipe olympique\" \/>\n<meta property=\"article:modified_time\" content=\"2024-07-26T19:05:52+00:00\" \/>\n<meta property=\"og:image\" content=\"https:\/\/develop.olympic.ca\/olympique\/wp-content\/uploads\/sites\/2\/2024\/04\/FR-BIU_AthleteHeader-Maggie.jpg?quality=100&amp;w=1152\" \/>\n<meta name=\"twitter:card\" content=\"summary_large_image\" \/>\n<meta name=\"twitter:label1\" content=\"Est. reading time\" \/>\n\t<meta name=\"twitter:data1\" content=\"2 minutes\" \/>\n\t<meta name=\"twitter:label2\" content=\"Written by\" \/>\n\t<meta name=\"twitter:data2\" content=\"Mark Nadolny\" \/>\n<script type=\"application\/ld+json\" class=\"yoast-schema-graph\">{\"@context\":\"https:\\\/\\\/schema.org\",\"@graph\":[{\"@type\":\"WebPage\",\"@id\":\"https:\\\/\\\/develop.olympic.ca\\\/olympique\\\/invinciblecourage\\\/maggie-mac-neil-natation\\\/\",\"url\":\"https:\\\/\\\/develop.olympic.ca\\\/olympique\\\/invinciblecourage\\\/maggie-mac-neil-natation\\\/\",\"name\":\"Maggie Mac Neil, Natation - \u00c9quipe Canada | Site officiel de l&#039;\u00e9quipe olympique\",\"isPartOf\":{\"@id\":\"https:\\\/\\\/develop.olympic.ca\\\/olympique\\\/#website\"},\"primaryImageOfPage\":{\"@id\":\"https:\\\/\\\/develop.olympic.ca\\\/olympique\\\/invinciblecourage\\\/maggie-mac-neil-natation\\\/#primaryimage\"},\"image\":{\"@id\":\"https:\\\/\\\/develop.olympic.ca\\\/olympique\\\/invinciblecourage\\\/maggie-mac-neil-natation\\\/#primaryimage\"},\"thumbnailUrl\":\"https:\\\/\\\/develop.olympic.ca\\\/olympique\\\/wp-content\\\/uploads\\\/sites\\\/2\\\/2024\\\/04\\\/FR-BIU_AthleteHeader-Maggie.jpg?quality=100&amp;w=1152\",\"datePublished\":\"2024-04-19T13:00:00+00:00\",\"dateModified\":\"2024-07-26T19:05:52+00:00\",\"breadcrumb\":{\"@id\":\"https:\\\/\\\/develop.olympic.ca\\\/olympique\\\/invinciblecourage\\\/maggie-mac-neil-natation\\\/#breadcrumb\"},\"inLanguage\":\"fr-FR\",\"potentialAction\":[{\"@type\":\"ReadAction\",\"target\":[\"https:\\\/\\\/develop.olympic.ca\\\/olympique\\\/invinciblecourage\\\/maggie-mac-neil-natation\\\/\"]}]},{\"@type\":\"ImageObject\",\"inLanguage\":\"fr-FR\",\"@id\":\"https:\\\/\\\/develop.olympic.ca\\\/olympique\\\/invinciblecourage\\\/maggie-mac-neil-natation\\\/#primaryimage\",\"url\":\"https:\\\/\\\/develop.olympic.ca\\\/olympique\\\/wp-content\\\/uploads\\\/sites\\\/2\\\/2024\\\/04\\\/FR-BIU_AthleteHeader-Maggie.jpg?quality=100\",\"contentUrl\":\"https:\\\/\\\/develop.olympic.ca\\\/olympique\\\/wp-content\\\/uploads\\\/sites\\\/2\\\/2024\\\/04\\\/FR-BIU_AthleteHeader-Maggie.jpg?quality=100\",\"width\":1152,\"height\":576,\"caption\":\"Maggie Mac Neil - L'invincible courage\"},{\"@type\":\"BreadcrumbList\",\"@id\":\"https:\\\/\\\/develop.olympic.ca\\\/olympique\\\/invinciblecourage\\\/maggie-mac-neil-natation\\\/#breadcrumb\",\"itemListElement\":[{\"@type\":\"ListItem\",\"position\":1,\"name\":\"L&rsquo;Invincible Courage\",\"item\":\"https:\\\/\\\/develop.olympic.ca\\\/olympique\\\/invinciblecourage\\\/\"},{\"@type\":\"ListItem\",\"position\":2,\"name\":\"Maggie Mac Neil, Natation\"}]},{\"@type\":\"WebSite\",\"@id\":\"https:\\\/\\\/develop.olympic.ca\\\/olympique\\\/#website\",\"url\":\"https:\\\/\\\/develop.olympic.ca\\\/olympique\\\/\",\"name\":\"\u00c9quipe Canada | Site officiel de l&#039;\u00e9quipe olympique\",\"description\":\"Votre source pour l\u2019\u00c9quipe olympique canadienne. Retrouvez les r\u00e9cits, vid\u00e9os et photos des athl\u00e8tes canadiens, sports olympiques, Jeux olympiques de 2020 et bien plus!\",\"potentialAction\":[{\"@type\":\"SearchAction\",\"target\":{\"@type\":\"EntryPoint\",\"urlTemplate\":\"https:\\\/\\\/develop.olympic.ca\\\/olympique\\\/?s={search_term_string}\"},\"query-input\":{\"@type\":\"PropertyValueSpecification\",\"valueRequired\":true,\"valueName\":\"search_term_string\"}}],\"inLanguage\":\"fr-FR\"}]}<\/script>\n<!-- \/ Yoast SEO plugin. -->","yoast_head_json":{"title":"Maggie Mac Neil, Natation - \u00c9quipe Canada | Site officiel de l&#039;\u00e9quipe olympique","robots":{"index":"index","follow":"follow","max-snippet":"max-snippet:-1","max-image-preview":"max-image-preview:large","max-video-preview":"max-video-preview:-1"},"canonical":"https:\/\/develop.olympic.ca\/olympique\/invinciblecourage\/maggie-mac-neil-natation\/","og_locale":"fr_FR","og_type":"article","og_title":"Maggie Mac Neil, Natation - \u00c9quipe Canada | Site officiel de l&#039;\u00e9quipe olympique","og_description":"Maggie Mac Neil a remport\u00e9 trois m\u00e9dailles \u00e0 ses premiers Jeux \u00e0 Tokyo 2020. Apr\u00e8s une telle r\u00e9ussite, les exigences...","og_url":"https:\/\/develop.olympic.ca\/olympique\/invinciblecourage\/maggie-mac-neil-natation\/","og_site_name":"\u00c9quipe Canada | Site officiel de l&#039;\u00e9quipe olympique","article_modified_time":"2024-07-26T19:05:52+00:00","og_image":[{"url":"https:\/\/develop.olympic.ca\/olympique\/wp-content\/uploads\/sites\/2\/2024\/04\/FR-BIU_AthleteHeader-Maggie.jpg?quality=100&amp;w=1152","type":"","width":"","height":""}],"twitter_card":"summary_large_image","twitter_misc":{"Est. reading time":"2 minutes","Written by":"Mark Nadolny"},"schema":{"@context":"https:\/\/schema.org","@graph":[{"@type":"WebPage","@id":"https:\/\/develop.olympic.ca\/olympique\/invinciblecourage\/maggie-mac-neil-natation\/","url":"https:\/\/develop.olympic.ca\/olympique\/invinciblecourage\/maggie-mac-neil-natation\/","name":"Maggie Mac Neil, Natation - \u00c9quipe Canada | Site officiel de l&#039;\u00e9quipe olympique","isPartOf":{"@id":"https:\/\/develop.olympic.ca\/olympique\/#website"},"primaryImageOfPage":{"@id":"https:\/\/develop.olympic.ca\/olympique\/invinciblecourage\/maggie-mac-neil-natation\/#primaryimage"},"image":{"@id":"https:\/\/develop.olympic.ca\/olympique\/invinciblecourage\/maggie-mac-neil-natation\/#primaryimage"},"thumbnailUrl":"https:\/\/develop.olympic.ca\/olympique\/wp-content\/uploads\/sites\/2\/2024\/04\/FR-BIU_AthleteHeader-Maggie.jpg?quality=100&amp;w=1152","datePublished":"2024-04-19T13:00:00+00:00","dateModified":"2024-07-26T19:05:52+00:00","breadcrumb":{"@id":"https:\/\/develop.olympic.ca\/olympique\/invinciblecourage\/maggie-mac-neil-natation\/#breadcrumb"},"inLanguage":"fr-FR","potentialAction":[{"@type":"ReadAction","target":["https:\/\/develop.olympic.ca\/olympique\/invinciblecourage\/maggie-mac-neil-natation\/"]}]},{"@type":"ImageObject","inLanguage":"fr-FR","@id":"https:\/\/develop.olympic.ca\/olympique\/invinciblecourage\/maggie-mac-neil-natation\/#primaryimage","url":"https:\/\/develop.olympic.ca\/olympique\/wp-content\/uploads\/sites\/2\/2024\/04\/FR-BIU_AthleteHeader-Maggie.jpg?quality=100","contentUrl":"https:\/\/develop.olympic.ca\/olympique\/wp-content\/uploads\/sites\/2\/2024\/04\/FR-BIU_AthleteHeader-Maggie.jpg?quality=100","width":1152,"height":576,"caption":"Maggie Mac Neil - L'invincible courage"},{"@type":"BreadcrumbList","@id":"https:\/\/develop.olympic.ca\/olympique\/invinciblecourage\/maggie-mac-neil-natation\/#breadcrumb","itemListElement":[{"@type":"ListItem","position":1,"name":"L&rsquo;Invincible Courage","item":"https:\/\/develop.olympic.ca\/olympique\/invinciblecourage\/"},{"@type":"ListItem","position":2,"name":"Maggie Mac Neil, Natation"}]},{"@type":"WebSite","@id":"https:\/\/develop.olympic.ca\/olympique\/#website","url":"https:\/\/develop.olympic.ca\/olympique\/","name":"\u00c9quipe Canada | Site officiel de l&#039;\u00e9quipe olympique","description":"Votre source pour l\u2019\u00c9quipe olympique canadienne. Retrouvez les r\u00e9cits, vid\u00e9os et photos des athl\u00e8tes canadiens, sports olympiques, Jeux olympiques de 2020 et bien plus!","potentialAction":[{"@type":"SearchAction","target":{"@type":"EntryPoint","urlTemplate":"https:\/\/develop.olympic.ca\/olympique\/?s={search_term_string}"},"query-input":{"@type":"PropertyValueSpecification","valueRequired":true,"valueName":"search_term_string"}}],"inLanguage":"fr-FR"}]}},"jetpack_sharing_enabled":true,"jetpack-related-posts":[],"jetpack_shortlink":"https:\/\/wp.me\/PbmyEP-10Kt","_links":{"self":[{"href":"https:\/\/develop.olympic.ca\/olympique\/wp-json\/wp\/v2\/pages\/241209","targetHints":{"allow":["GET"]}}],"collection":[{"href":"https:\/\/develop.olympic.ca\/olympique\/wp-json\/wp\/v2\/pages"}],"about":[{"href":"https:\/\/develop.olympic.ca\/olympique\/wp-json\/wp\/v2\/types\/page"}],"author":[{"embeddable":true,"href":"https:\/\/develop.olympic.ca\/olympique\/wp-json\/wp\/v2\/users\/52435436"}],"replies":[{"embeddable":true,"href":"https:\/\/develop.olympic.ca\/olympique\/wp-json\/wp\/v2\/comments?post=241209"}],"version-history":[{"count":11,"href":"https:\/\/develop.olympic.ca\/olympique\/wp-json\/wp\/v2\/pages\/241209\/revisions"}],"predecessor-version":[{"id":250729,"href":"https:\/\/develop.olympic.ca\/olympique\/wp-json\/wp\/v2\/pages\/241209\/revisions\/250729"}],"up":[{"embeddable":true,"href":"https:\/\/develop.olympic.ca\/olympique\/wp-json\/wp\/v2\/pages\/241083"}],"wp:attachment":[{"href":"https:\/\/develop.olympic.ca\/olympique\/wp-json\/wp\/v2\/media?parent=241209"}],"wp:term":[{"taxonomy":"author","embeddable":true,"href":"https:\/\/develop.olympic.ca\/olympique\/wp-json\/wp\/v2\/coauthors?post=241209"}],"curies":[{"name":"wp","href":"https:\/\/api.w.org\/{rel}","templated":true}]}}