{"id":252036,"date":"2024-07-31T14:37:47","date_gmt":"2024-07-31T18:37:47","guid":{"rendered":"https:\/\/develop.olympic.ca\/olympique\/?page_id=252036"},"modified":"2024-07-31T15:08:32","modified_gmt":"2024-07-31T19:08:32","slug":"abonnez-vous-a-linfolettre-des-nouvelles-sportives","status":"publish","type":"page","link":"https:\/\/develop.olympic.ca\/olympique\/abonnez-vous-a-linfolettre-des-nouvelles-sportives\/","title":{"rendered":"Abonnez-vous \u00e0 l\u2019infolettre des Nouvelles sportives"},"content":{"rendered":"\n<div class=\"signup-block mailchimp-signup-block alignfull\" style=background-color:#000000>\n  <div class=\"grid-container\">\n    <div class=\"grid-x grid-padding-x\">\n      <div class=\"cell small-12\">\n\n        <!-- Logged Out. -->\n        <div class=\"mailchimp-signup-block__logged-out\">\n          \n\n<h2 class=\"wp-block-heading\">Abonnez-vous \u00e0 l\u2019infolettre des Nouvelles sportives<\/h2>\n\n\n\n<p class=\"wp-block-paragraph\">Chaque lundi, recevez les derni\u00e8res nouvelles sur les athl\u00e8tes d\u2019\u00c9quipe Canada, les r\u00e9sultats sportifs, et des histoires inspirantes.<\/p>\n\n\t<div id=\"mc_embed_signup-1\">\n\t\t<form action=\"https:\/\/olympic.us2.list-manage.com\/subscribe\/post?u=72a3efe505e35ebcfd5bb0c73&amp;id=537ce5471f&amp;c=?\" method=\"post\" id=\"mc-embedded-subscribe-form-1\" name=\"mc-embedded-subscribe-form-1\" class=\"validate foundation-signup-form mailchimp-signup-form\" novalidate>\n\t\t\t<div id=\"mc_embed_signup_scroll-1\">\n\t\t\t\t<div class=\"grid-x grid-padding-x\">\n\t\t\t\t\t<div class=\"cell small-12 medium-6\">\n\t\t\t\t\t\t<div class=\"mc-field-group\">\n\t\t\t\t\t\t\t<label for=\"mce-FNAME-1\">\n\t\t\t\t\t\t\t\tPr\u00e9nom\t\t\t\t\t\t\t\t<span>(requis)<\/span>\n\t\t\t\t\t\t\t<\/label>\n\t\t\t\t\t\t\t<input type=\"text\" value=\"\" name=\"FNAME\" class=\"\" id=\"mce-FNAME-1\">\n\t\t\t\t\t\t<\/div>\n\t\t\t\t\t<\/div>\n\t\t\t\t\t<div class=\"cell small-12 medium-6\">\n\t\t\t\t\t\t<div class=\"mc-field-group\">\n\t\t\t\t\t\t\t<label for=\"mce-LNAME-1\">\n\t\t\t\t\t\t\t\tNom de famille\t\t\t\t\t\t\t\t<span>(requis)<\/span>\n\t\t\t\t\t\t\t<\/label>\n\t\t\t\t\t\t\t<input type=\"text\" value=\"\" name=\"LNAME\" class=\"\" id=\"mce-LNAME-1\">\n\t\t\t\t\t\t<\/div>\n\t\t\t\t\t<\/div>\n\t\t\t\t\t<div class=\"cell small-12 medium-6\">\n\t\t\t\t\t\t<div class=\"mc-field-group\">\n\t\t\t\t\t\t\t<label for=\"mce-EMAIL-1\">\n\t\t\t\t\t\t\t\tCourriel\t\t\t\t\t\t\t\t<span>(requis)<\/span>\n\t\t\t\t\t\t\t<\/label>\n\t\t\t\t\t\t\t<input type=\"email\" value=\"\" name=\"EMAIL\" class=\"required email\" id=\"mce-EMAIL-1\">\n\t\t\t\t\t\t<\/div>\n\t\t\t\t\t<\/div>\n\t\t\t\t<\/div>\n\t\t\t\t\t\t\t\t\t<input type=\"hidden\" name=\"tags\" value=\"301\">\n\t\t\t\t\n\t\t\t\t<div id=\"mce-responses-1\" class=\"clear\">\n\t\t\t\t\t<div class=\"response response-error\" id=\"mce-error-response-1\" style=\"display:none\"><\/div>\n\t\t\t\t\t<div class=\"response\" id=\"mce-success-response-1\" style=\"display:none\"><\/div>\n\t\t\t\t<\/div>    <!-- real people should not fill this in and expect good things - do not remove this or risk form bot signups-->\n\t\t\t\t<div style=\"position: absolute; left: -5000px;\" aria-hidden=\"true\">\n\t\t\t\t\t<input type=\"text\" name=\"b_72a3efe505e35ebcfd5bb0c73_cea3738f5e\" tabindex=\"-1\" value=\"\">\n\t\t\t\t<\/div>\n\t\t\t\t<div class=\"text-center\">\n\t\t\t\t\t<input type=\"submit\" value=\"Inscrivez-vous\" name=\"subscribe\" id=\"mc-embedded-subscribe-1\" class=\"button\">\n\t\t\t\t<\/div>\n\t\t\t<\/div>\n\t\t<\/form>\n\t<\/div>\n\t<script type=\"text\/javascript\">\n\t(function($) {\n\t\t\/\/ Only initialize field names\/types once (they're the same for all forms)\n\t\tif (typeof window.fnames === 'undefined') {\n\t\t\twindow.fnames = new Array();\n\t\t\twindow.ftypes = new Array();\n\t\t\twindow.fnames[0] = 'EMAIL';\n\t\t\twindow.ftypes[0] = 'email';\n\t\t\twindow.fnames[1] = 'FNAME';\n\t\t\twindow.ftypes[1] = 'text';\n\t\t\twindow.fnames[2] = 'LNAME';\n\t\t\twindow.ftypes[2] = 'text';\n\t\t\twindow.fnames[3] = 'UID';\n\t\t\twindow.ftypes[3] = 'text';\n\t\t}\n\n\t\t\/\/ AJAX form submission handler for this specific form instance\n\t\t$('#mc-embedded-subscribe-form-1').on('submit', function(e) {\n\t\t\te.preventDefault();\n\n\t\t\tvar $form = $(this);\n\t\t\tvar $errorDiv = $('#mce-error-response-1');\n\t\t\tvar $successDiv = $('#mce-success-response-1');\n\t\t\tvar $submit = $form.find('input[type=\"submit\"]');\n\n\t\t\t\/\/ Basic validation\n\t\t\tvar email = $form.find('input[name=\"EMAIL\"]').val();\n\t\t\tvar fname = $form.find('input[name=\"FNAME\"]').val();\n\t\t\tvar lname = $form.find('input[name=\"LNAME\"]').val();\n\n\t\t\t$errorDiv.hide().text('');\n\t\t\t$successDiv.hide().text('');\n\n\t\t\tif (!email || !fname || !lname) {\n\t\t\t\t$errorDiv.text('Please fill in all required fields.').show();\n\t\t\t\treturn false;\n\t\t\t}\n\n\t\t\t\/\/ Email validation\n\t\t\tvar emailPattern = \/^[^\\s@]+@[^\\s@]+\\.[^\\s@]+$\/;\n\t\t\tif (!emailPattern.test(email)) {\n\t\t\t\t$errorDiv.text('Please enter a valid email address.').show();\n\t\t\t\treturn false;\n\t\t\t}\n\n\t\t\t\/\/ Disable submit button\n\t\t\t$submit.prop('disabled', true);\n\n\t\t\t\/\/ Get form data\n\t\t\tvar formData = $form.serialize();\n\n\t\t\t\/\/ AJAX request\n\t\t\t$.ajax({\n\t\t\t\turl: $form.attr('action') + '&' + formData,\n\t\t\t\tdataType: 'jsonp',\n\t\t\t\tcontentType: 'application\/json; charset=utf-8',\n\t\t\t\tsuccess: function(data) {\n\t\t\t\t\t$submit.prop('disabled', false);\n\n\t\t\t\t\tif (data.result === 'success') {\n\t\t\t\t\t\t$successDiv.html(data.msg).show();\n\t\t\t\t\t\t$form[0].reset();\n\t\t\t\t\t} else {\n\t\t\t\t\t\tvar message = data.msg || 'An error occurred. Please try again.';\n\t\t\t\t\t\t\/\/ Remove MailChimp's number prefix (e.g., \"0 - message\" becomes \"message\")\n\t\t\t\t\t\tmessage = message.replace(\/^\\d+\\s*-\\s*\/, '');\n\t\t\t\t\t\t$errorDiv.html(message).show();\n\t\t\t\t\t}\n\t\t\t\t},\n\t\t\t\terror: function() {\n\t\t\t\t\t$submit.prop('disabled', false);\n\t\t\t\t\t$errorDiv.text('An error occurred. Please try again.').show();\n\t\t\t\t}\n\t\t\t});\n\n\t\t\treturn false;\n\t\t});\n\t}(jQuery));\n\t<\/script>\n\t<!--End mc_embed_signup-->\n\t        <\/div>\n\n        <!-- Logged In. -->\n        <div class=\"mailchimp-signup-block__logged-in hide\">\n          <div class=\"grid-x grid-padding-x\">\n\n            \n            <div class=\"cell small-12\">\n\n              \n              <!-- Signup Confirmation. -->\n              <div class=\"response hide\">\n                <p>You are now signed up for the newsletter.<\/p>\n              <\/div>\n\n              <!-- Newsletter Form. -->\n              <form class=\"mailchimp-newsletter-form\">\n                <label for=\"signup-preference-mailchimp-newsletter\" class=\"checkbox-container\">\n                  <input type=\"checkbox\" id=\"signup-preference-mailchimp-newsletter\" name=\"signup-preference-mailchimp-newsletter\">\n                  <span class=\"checkmark\"><\/span>\n                  Oui, inscrivez-moi s\u2019il vous pla\u00eet.                <\/label>\n              <\/form>\n            <\/div>\n          <\/div>\n        <\/div>\n      <\/div>\n    <\/div>\n  <\/div>\n<\/div>\n","protected":false},"excerpt":{"rendered":"","protected":false},"author":132083754,"featured_media":252086,"parent":0,"menu_order":0,"comment_status":"closed","ping_status":"closed","template":"","meta":{"_edit_lock":["1723221183:132083754"],"_last_editor_used_jetpack":["block-editor"],"_edit_last":["132083754"],"seo_title":[""],"_seo_title":["field_652feeaa9308c"],"seo_focus_keyword":[""],"_seo_focus_keyword":["field_652ff0580091b"],"seo_meta_description":[""],"_seo_meta_description":["field_652feec09308d"],"seo_translation_link":[""],"_seo_translation_link":["field_652feee79308e"],"seo_accordion_module_title":[""],"_seo_accordion_module_title":["field_652fef009308f"],"seo_accordion":[""],"_seo_accordion":["field_652fef4793091"],"secondary_content":[""],"_secondary_content":["field_6530028284790"],"social_facebook":[""],"_social_facebook":["field_652ff39070798"],"social_twitter":[""],"_social_twitter":["field_652ff3a470799"],"social_instagram":[""],"_social_instagram":["field_652ff3ca7079a"],"social_linkedin":[""],"_social_linkedin":["field_652ff3e57079b"],"social_website":[""],"_social_website":["field_652ff4227079c"],"zeus_id":[""],"_zeus_id":["field_652ff4537079d"],"team_announcement_tag":[""],"_team_announcement_tag":["field_65300222e2d0d"],"coc_hide_title":["0"],"_coc_hide_title":["field_661d79f32b89b"],"video_embed_code":[""],"_video_embed_code":["field_652fecffe1114"],"facebook_video_embed_code":[""],"_facebook_video_embed_code":["field_652fedfae1121"],"coc_games":[""],"_coc_games":["field_5e83bf020f51f"],"coc_trivia":[""],"_coc_trivia":["field_5e83bacdec2aa"],"coc_sharing_options":["a:1:{s:18:\"coc_hide_share_bar\";b:0;}"],"coc_campaign_options":["a:4:{s:16:\"coc_campaign_tag\";s:0:\"\";s:15:\"coc_campaign_bg\";N;s:25:\"coc_campaign_bg_downloads\";a:0:{}s:20:\"coc_campaign_posters\";a:0:{}}"],"coc_team_options":["a:1:{s:15:\"coc_game_select\";i:216378;}"],"coc_oc_landing_options":["a:2:{s:17:\"coc_oc_landing_bg\";N;s:22:\"coc_oc_landing_stories\";a:0:{}}"],"coc_edit_profile_options":["a:1:{s:20:\"coc_favourite_sports\";a:0:{}}"],"coc_oc_reward_options":["a:13:{s:16:\"coc_oc_reward_id\";s:0:\"\";s:19:\"coc_oc_ac_reward_id\";s:0:\"\";s:20:\"coc_oc_reward_points\";s:0:\"\";s:19:\"coc_oc_reward_rules\";N;s:31:\"coc_oc_digital_download_desktop\";N;s:30:\"coc_oc_digital_download_mobile\";N;s:32:\"coc_oc_digital_download_facebook\";N;s:29:\"coc_oc_reward_success_message\";s:0:\"\";s:23:\"coc_oc_facebook_content\";s:0:\"\";s:22:\"coc_oc_twitter_content\";s:0:\"\";s:24:\"coc_oc_social_contest_id\";s:0:\"\";s:31:\"coc_oc_reward_logged_in_message\";s:0:\"\";s:32:\"coc_oc_reward_logged_out_message\";s:0:\"\";}"],"coc_press_options":["a:2:{s:28:\"coc_press_additional_content\";s:0:\"\";s:27:\"coc_press_resource_category\";a:0:{}}"],"coc_breaking_news_options":["a:1:{s:25:\"coc_breaking_news_details\";a:0:{}}"],"coc_be_olympic_options":["a:8:{s:37:\"coc_be_olympic_exclusive_content_link\";s:0:\"\";s:27:\"coc_be_olympic_videos_title\";s:0:\"\";s:21:\"coc_be_olympic_videos\";a:0:{}s:27:\"coc_be_olympic_photos_title\";s:0:\"\";s:21:\"coc_be_olympic_photos\";a:0:{}s:24:\"coc_be_olympic_downloads\";a:0:{}s:22:\"coc_be_olympic_quizzes\";a:0:{}s:26:\"coc_be_olympic_fan_fun_ads\";a:0:{}}"],"coc_fan_fun_options":["a:2:{s:23:\"coc_fan_fun_hammer_time\";a:2:{s:29:\"coc_fan_fun_hammer_time_image\";N;s:27:\"coc_fan_fun_hammer_time_url\";s:0:\"\";}s:22:\"coc_fan_fun_torch_dash\";a:2:{s:28:\"coc_fan_fun_torch_dash_image\";N;s:26:\"coc_fan_fun_torch_dash_url\";s:0:\"\";}}"],"coc_interactive_game_options":["a:3:{s:28:\"coc_interactive_game_message\";s:0:\"\";s:24:\"coc_interactive_game_url\";s:0:\"\";s:27:\"coc_interactive_game_iframe\";b:0;}"],"coc_olympic_club_options":["a:1:{s:12:\"redirect_url\";s:0:\"\";}"],"coc_favorites_options":["a:3:{s:13:\"content_types\";a:0:{}s:7:\"seasons\";a:0:{}s:4:\"gear\";a:0:{}}"],"coc_og_tags":["a:3:{s:8:\"og_title\";s:0:\"\";s:14:\"og_description\";s:0:\"\";s:8:\"og_image\";N;}"],"_thumbnail_id":["252086"]},"coauthors":[415985452],"class_list":["post-252036","page","type-page","status-publish","format-standard","has-post-thumbnail","hentry"],"acf":[],"yoast_head":"<!-- This site is optimized with the Yoast SEO plugin v27.5 - https:\/\/yoast.com\/product\/yoast-seo-wordpress\/ -->\n<title>Abonnez-vous \u00e0 l\u2019infolettre des Nouvelles sportives - \u00c9quipe Canada | Site officiel de l&#039;\u00e9quipe olympique<\/title>\n<meta name=\"robots\" content=\"index, follow, max-snippet:-1, max-image-preview:large, max-video-preview:-1\" \/>\n<link rel=\"canonical\" href=\"https:\/\/develop.olympic.ca\/olympique\/abonnez-vous-a-linfolettre-des-nouvelles-sportives\/\" \/>\n<meta property=\"og:locale\" content=\"fr_FR\" \/>\n<meta property=\"og:type\" content=\"article\" \/>\n<meta property=\"og:title\" content=\"Abonnez-vous \u00e0 l\u2019infolettre des Nouvelles sportives - \u00c9quipe Canada | Site officiel de l&#039;\u00e9quipe olympique\" \/>\n<meta property=\"og:url\" content=\"https:\/\/develop.olympic.ca\/olympique\/abonnez-vous-a-linfolettre-des-nouvelles-sportives\/\" \/>\n<meta property=\"og:site_name\" content=\"\u00c9quipe Canada | Site officiel de l&#039;\u00e9quipe olympique\" \/>\n<meta property=\"article:modified_time\" content=\"2024-07-31T19:08:32+00:00\" \/>\n<meta property=\"og:image\" content=\"https:\/\/develop.olympic.ca\/olympique\/wp-content\/uploads\/sites\/2\/2024\/07\/DBC05023.jpg?quality=100\" \/>\n\t<meta property=\"og:image:width\" content=\"700\" \/>\n\t<meta property=\"og:image:height\" content=\"467\" \/>\n\t<meta property=\"og:image:type\" content=\"image\/jpeg\" \/>\n<meta name=\"twitter:card\" content=\"summary_large_image\" \/>\n<meta name=\"twitter:label1\" content=\"Written by\" \/>\n\t<meta name=\"twitter:data1\" content=\"Ellen McCann\" \/>\n<script type=\"application\/ld+json\" class=\"yoast-schema-graph\">{\"@context\":\"https:\\\/\\\/schema.org\",\"@graph\":[{\"@type\":\"WebPage\",\"@id\":\"https:\\\/\\\/develop.olympic.ca\\\/olympique\\\/abonnez-vous-a-linfolettre-des-nouvelles-sportives\\\/\",\"url\":\"https:\\\/\\\/develop.olympic.ca\\\/olympique\\\/abonnez-vous-a-linfolettre-des-nouvelles-sportives\\\/\",\"name\":\"Abonnez-vous \u00e0 l\u2019infolettre des Nouvelles sportives - \u00c9quipe Canada | Site officiel de l&#039;\u00e9quipe olympique\",\"isPartOf\":{\"@id\":\"https:\\\/\\\/develop.olympic.ca\\\/olympique\\\/#website\"},\"primaryImageOfPage\":{\"@id\":\"https:\\\/\\\/develop.olympic.ca\\\/olympique\\\/abonnez-vous-a-linfolettre-des-nouvelles-sportives\\\/#primaryimage\"},\"image\":{\"@id\":\"https:\\\/\\\/develop.olympic.ca\\\/olympique\\\/abonnez-vous-a-linfolettre-des-nouvelles-sportives\\\/#primaryimage\"},\"thumbnailUrl\":\"https:\\\/\\\/develop.olympic.ca\\\/olympique\\\/wp-content\\\/uploads\\\/sites\\\/2\\\/2024\\\/07\\\/DBC05023.jpg?quality=100\",\"datePublished\":\"2024-07-31T18:37:47+00:00\",\"dateModified\":\"2024-07-31T19:08:32+00:00\",\"inLanguage\":\"fr-FR\",\"potentialAction\":[{\"@type\":\"ReadAction\",\"target\":[\"https:\\\/\\\/develop.olympic.ca\\\/olympique\\\/abonnez-vous-a-linfolettre-des-nouvelles-sportives\\\/\"]}]},{\"@type\":\"ImageObject\",\"inLanguage\":\"fr-FR\",\"@id\":\"https:\\\/\\\/develop.olympic.ca\\\/olympique\\\/abonnez-vous-a-linfolettre-des-nouvelles-sportives\\\/#primaryimage\",\"url\":\"https:\\\/\\\/develop.olympic.ca\\\/olympique\\\/wp-content\\\/uploads\\\/sites\\\/2\\\/2024\\\/07\\\/DBC05023.jpg?quality=100\",\"contentUrl\":\"https:\\\/\\\/develop.olympic.ca\\\/olympique\\\/wp-content\\\/uploads\\\/sites\\\/2\\\/2024\\\/07\\\/DBC05023.jpg?quality=100\",\"width\":700,\"height\":467,\"caption\":\"Team Canada Rugby Sevens team stands ahead of playing New Zealand in the gold medal match during the 2024 Paris Olympics Games in France on Monday, July 29, 2024. Photo by Darren Calabrese\\\/COC *MANDATORY CREDIT*\"},{\"@type\":\"WebSite\",\"@id\":\"https:\\\/\\\/develop.olympic.ca\\\/olympique\\\/#website\",\"url\":\"https:\\\/\\\/develop.olympic.ca\\\/olympique\\\/\",\"name\":\"\u00c9quipe Canada | Site officiel de l&#039;\u00e9quipe olympique\",\"description\":\"Votre source pour l\u2019\u00c9quipe olympique canadienne. Retrouvez les r\u00e9cits, vid\u00e9os et photos des athl\u00e8tes canadiens, sports olympiques, Jeux olympiques de 2020 et bien plus!\",\"potentialAction\":[{\"@type\":\"SearchAction\",\"target\":{\"@type\":\"EntryPoint\",\"urlTemplate\":\"https:\\\/\\\/develop.olympic.ca\\\/olympique\\\/?s={search_term_string}\"},\"query-input\":{\"@type\":\"PropertyValueSpecification\",\"valueRequired\":true,\"valueName\":\"search_term_string\"}}],\"inLanguage\":\"fr-FR\"}]}<\/script>\n<!-- \/ Yoast SEO plugin. -->","yoast_head_json":{"title":"Abonnez-vous \u00e0 l\u2019infolettre des Nouvelles sportives - \u00c9quipe Canada | Site officiel de l&#039;\u00e9quipe olympique","robots":{"index":"index","follow":"follow","max-snippet":"max-snippet:-1","max-image-preview":"max-image-preview:large","max-video-preview":"max-video-preview:-1"},"canonical":"https:\/\/develop.olympic.ca\/olympique\/abonnez-vous-a-linfolettre-des-nouvelles-sportives\/","og_locale":"fr_FR","og_type":"article","og_title":"Abonnez-vous \u00e0 l\u2019infolettre des Nouvelles sportives - \u00c9quipe Canada | Site officiel de l&#039;\u00e9quipe olympique","og_url":"https:\/\/develop.olympic.ca\/olympique\/abonnez-vous-a-linfolettre-des-nouvelles-sportives\/","og_site_name":"\u00c9quipe Canada | Site officiel de l&#039;\u00e9quipe olympique","article_modified_time":"2024-07-31T19:08:32+00:00","og_image":[{"width":700,"height":467,"url":"https:\/\/develop.olympic.ca\/olympique\/wp-content\/uploads\/sites\/2\/2024\/07\/DBC05023.jpg?quality=100","type":"image\/jpeg"}],"twitter_card":"summary_large_image","twitter_misc":{"Written by":"Ellen McCann"},"schema":{"@context":"https:\/\/schema.org","@graph":[{"@type":"WebPage","@id":"https:\/\/develop.olympic.ca\/olympique\/abonnez-vous-a-linfolettre-des-nouvelles-sportives\/","url":"https:\/\/develop.olympic.ca\/olympique\/abonnez-vous-a-linfolettre-des-nouvelles-sportives\/","name":"Abonnez-vous \u00e0 l\u2019infolettre des Nouvelles sportives - \u00c9quipe Canada | Site officiel de l&#039;\u00e9quipe olympique","isPartOf":{"@id":"https:\/\/develop.olympic.ca\/olympique\/#website"},"primaryImageOfPage":{"@id":"https:\/\/develop.olympic.ca\/olympique\/abonnez-vous-a-linfolettre-des-nouvelles-sportives\/#primaryimage"},"image":{"@id":"https:\/\/develop.olympic.ca\/olympique\/abonnez-vous-a-linfolettre-des-nouvelles-sportives\/#primaryimage"},"thumbnailUrl":"https:\/\/develop.olympic.ca\/olympique\/wp-content\/uploads\/sites\/2\/2024\/07\/DBC05023.jpg?quality=100","datePublished":"2024-07-31T18:37:47+00:00","dateModified":"2024-07-31T19:08:32+00:00","inLanguage":"fr-FR","potentialAction":[{"@type":"ReadAction","target":["https:\/\/develop.olympic.ca\/olympique\/abonnez-vous-a-linfolettre-des-nouvelles-sportives\/"]}]},{"@type":"ImageObject","inLanguage":"fr-FR","@id":"https:\/\/develop.olympic.ca\/olympique\/abonnez-vous-a-linfolettre-des-nouvelles-sportives\/#primaryimage","url":"https:\/\/develop.olympic.ca\/olympique\/wp-content\/uploads\/sites\/2\/2024\/07\/DBC05023.jpg?quality=100","contentUrl":"https:\/\/develop.olympic.ca\/olympique\/wp-content\/uploads\/sites\/2\/2024\/07\/DBC05023.jpg?quality=100","width":700,"height":467,"caption":"Team Canada Rugby Sevens team stands ahead of playing New Zealand in the gold medal match during the 2024 Paris Olympics Games in France on Monday, July 29, 2024. Photo by Darren Calabrese\/COC *MANDATORY CREDIT*"},{"@type":"WebSite","@id":"https:\/\/develop.olympic.ca\/olympique\/#website","url":"https:\/\/develop.olympic.ca\/olympique\/","name":"\u00c9quipe Canada | Site officiel de l&#039;\u00e9quipe olympique","description":"Votre source pour l\u2019\u00c9quipe olympique canadienne. Retrouvez les r\u00e9cits, vid\u00e9os et photos des athl\u00e8tes canadiens, sports olympiques, Jeux olympiques de 2020 et bien plus!","potentialAction":[{"@type":"SearchAction","target":{"@type":"EntryPoint","urlTemplate":"https:\/\/develop.olympic.ca\/olympique\/?s={search_term_string}"},"query-input":{"@type":"PropertyValueSpecification","valueRequired":true,"valueName":"search_term_string"}}],"inLanguage":"fr-FR"}]}},"jetpack_sharing_enabled":true,"jetpack-related-posts":[],"jetpack_shortlink":"https:\/\/wp.me\/PbmyEP-13z6","_links":{"self":[{"href":"https:\/\/develop.olympic.ca\/olympique\/wp-json\/wp\/v2\/pages\/252036","targetHints":{"allow":["GET"]}}],"collection":[{"href":"https:\/\/develop.olympic.ca\/olympique\/wp-json\/wp\/v2\/pages"}],"about":[{"href":"https:\/\/develop.olympic.ca\/olympique\/wp-json\/wp\/v2\/types\/page"}],"author":[{"embeddable":true,"href":"https:\/\/develop.olympic.ca\/olympique\/wp-json\/wp\/v2\/users\/132083754"}],"replies":[{"embeddable":true,"href":"https:\/\/develop.olympic.ca\/olympique\/wp-json\/wp\/v2\/comments?post=252036"}],"version-history":[{"count":2,"href":"https:\/\/develop.olympic.ca\/olympique\/wp-json\/wp\/v2\/pages\/252036\/revisions"}],"predecessor-version":[{"id":252101,"href":"https:\/\/develop.olympic.ca\/olympique\/wp-json\/wp\/v2\/pages\/252036\/revisions\/252101"}],"wp:featuredmedia":[{"embeddable":true,"href":"https:\/\/develop.olympic.ca\/olympique\/wp-json\/wp\/v2\/media\/252086"}],"wp:attachment":[{"href":"https:\/\/develop.olympic.ca\/olympique\/wp-json\/wp\/v2\/media?parent=252036"}],"wp:term":[{"taxonomy":"author","embeddable":true,"href":"https:\/\/develop.olympic.ca\/olympique\/wp-json\/wp\/v2\/coauthors?post=252036"}],"curies":[{"name":"wp","href":"https:\/\/api.w.org\/{rel}","templated":true}]}}