{"id":255876,"date":"2024-11-04T08:29:02","date_gmt":"2024-11-04T13:29:02","guid":{"rendered":""},"modified":"2024-11-05T11:52:01","modified_gmt":"2024-11-05T16:52:01","slug":"2025-appel-de-candidatures","status":"publish","type":"page","link":"https:\/\/develop.olympic.ca\/olympique\/comite-olympique-canadien\/gouvernance\/conseil-dadministration\/2025-appel-de-candidatures\/","title":{"rendered":"\u00c9LECTIONS D\u2019AVRIL 2025 \u2013 APPEL DE CANDIDATURES ET CALENDRIER DES DATES IMPORTANTES"},"content":{"rendered":"\n<h2 class=\"wp-block-heading\">JOIGNEZ-VOUS AU MOUVEMENT OLYMPIQUE AU CANADA<\/h2>\n\n\n\n<p class=\"wp-block-paragraph\"><em>** Dans la pr\u00e9sente, le masculin neutre est utilis\u00e9 sans pr\u00e9judice dans le seul but d\u2019all\u00e9ger le texte.<\/em><\/p>\n\n\n\n<p class=\"wp-block-paragraph\">Le Comit\u00e9 olympique canadien (\u00ab&nbsp;<strong>COC&nbsp;<\/strong>\u00bb) est un organisme national priv\u00e9 sans but lucratif vou\u00e9 \u00e0 l\u2019excellence sportive de haute performance. Nous sommes le plus important contributeur priv\u00e9 au sport de haute performance au Canada et notre mission est de guider la r\u00e9ussite sur le podium de l\u2019\u00c9quipe olympique canadienne et de promouvoir l\u2019avancement des valeurs olympiques au Canada.<br><br>Notre objectif est d\u2019\u00ab \u00catre olympique \u00bb ce qui signifie d\u2019\u00eatre les meilleurs dans ce que nous faisons, d\u2019offrir le meilleur soutien pour nos athl\u00e8tes et notre communaut\u00e9 sportive, d\u2019\u00eatre le meilleur partenaire et d\u2019\u00eatre le meilleur comit\u00e9 national olympique. Le sport a un pouvoir incroyable et incomparable d\u2019unification. Il a la puissance de transformer le monde, d\u2019unir et d\u2019inspirer. Il est un outil formidable \u00e0 tant de niveaux \u2013 pour nous individuellement, mais aussi comme dirigeants.<br><br>Le COC est \u00e0 la recherche de candidats qualifi\u00e9s, d\u00e9sirant incarner ses valeurs et partager notre passion pour le pouvoir du sport afin de contribuer \u00e0 la direction de l\u2019organisme dans les r\u00f4les suivants&nbsp;:<\/p>\n\n\n\n<ul class=\"wp-block-list\">\n<li>Conseil d\u2019administration (six (6) postes \u2013 pour un mandat de quatre (4) ans)<\/li>\n\n\n\n<li>Pr\u00e9sident (un (1) poste pour un mandat de quatre (4) ans)<\/li>\n\n\n\n<li>Membres g\u00e9n\u00e9raux \u2013 Cat\u00e9gorie B (six (6) postes \u2013 pour un mandat de quatre (4) ans)<\/li>\n<\/ul>\n\n\n\n<p class=\"wp-block-paragraph\"><br>Veuillez consulter l\u2019Annexe A&nbsp;de l\u2019appel de candidature pour une description d\u00e9taill\u00e9e et pour conna\u00eetre le processus de nomination pour chacun de ces r\u00f4les.<br><br>Le COC est d\u00e9termin\u00e9 \u00e0 assurer une repr\u00e9sentation diversifi\u00e9e et \u00e0 inclure des voix qui repr\u00e9sentent la soci\u00e9t\u00e9 canadienne et notre communaut\u00e9 sportive. Par cons\u00e9quent, les candidats sont invit\u00e9s \u00e0 indiquer (de fa\u00e7on volontaire) s\u2019ils font partie d\u2019une minorit\u00e9 visible ou d\u2019un groupe de personnes sous repr\u00e9sent\u00e9es.&nbsp;Le COC se r\u00e9serve \u00e9galement le droit de tenir compte de la repr\u00e9sentation des langues officielles, des sports d\u2019hiver et d\u2019\u00e9t\u00e9, ainsi que de la repr\u00e9sentation g\u00e9ographique.<br><br>Le comit\u00e9 de mise en candidature souhaite particuli\u00e8rement recevoir la candidature de personnes pouvant renforcer la repr\u00e9sentation du COC dans les domaines de comp\u00e9tences et d\u2019expertises suivants&nbsp;:<\/p>\n\n\n\n<ul class=\"wp-block-list\">\n<li>Titulaire d\u2019une d\u00e9signation professionnelle en lien avec le domaine des finances et\/ou connaissances du domaine des finances<\/li>\n\n\n\n<li>Technologies de l\u2019information\/Num\u00e9rique\/Cybers\u00e9curit\u00e9<\/li>\n<\/ul>\n\n\n\n<p class=\"wp-block-paragraph\">Les personnes d\u00e9sirant \u00eatre consid\u00e9r\u00e9es pour un des r\u00f4les susmentionn\u00e9s doivent remplir le formulaire de mise en candidature ci-joint et le soumettre avec un bref <em>curriculum vitae<\/em>. La date limite de mise en candidature est <strong>le lundi 25 novembre 2024 \u00e0 17 h (HE)<\/strong>. <strong>(Veuillez t\u00e9l\u00e9charger<a href=\"https:\/\/develop.olympic.ca\/olympique\/wp-content\/uploads\/sites\/2\/2024\/11\/4.1-2025-Call-for-Nominations-Form-FR_FINAL_Fillable_V3.pdf\" target=\"_blank\" rel=\"noreferrer noopener\"> le formulaire de mise en candidature <\/a>sur votre ordinateur\u00a0<u>AVANT<\/u>\u00a0de le remplir afin de sauvegarder les d\u00e9tails de votre dossier de candidature)<\/strong><\/p>\n\n\n\n<p class=\"wp-block-paragraph\"><br>Veuillez renvoyer le formulaire de mise en candidature ainsi que votre <em>curriculum vitae<\/em> \u00e0 :<\/p>\n\n\n\n<p class=\"wp-block-paragraph\">Comit\u00e9 de mise en candidature<br>a\/s Comit\u00e9 olympique canadien<br>250, rue Yonge, 30e \u00e9tage<br>Toronto (Ontario)&nbsp;M5B 2L7<br>Courriel&nbsp;: <a href=\"mailto:COCSessionMemberServices@olympic.ca\">COCSessionMemberServices@olympic.ca<\/a><\/p>\n\n\n\n<p class=\"wp-block-paragraph\">Tout candidat se pr\u00e9sentant pour une r\u00e9\u00e9lection devrait aussi pr\u00e9senter un bref compte rendu de ses contributions au COC durant leur dernier mandat, ainsi qu\u2019une d\u00e9claration \u00e9non\u00e7ant leurs objectifs pour leur prochain mandat advenant leur r\u00e9\u00e9lection.<br><br><em>Toute mise en candidature dont le COC n\u2019aura pas accus\u00e9 r\u00e9ception sera r\u00e9put\u00e9e non re\u00e7ue. Par cons\u00e9quent, veuillez vous assurer de clairement identifier votre adresse de courriel sur votre mise en candidature afin de recevoir une confirmation de la r\u00e9ception des mises en candidature que vous aurez transmises.<\/em><\/p>\n\n\n\n<p class=\"wp-block-paragraph\">Pour toute question \u00e0 ce sujet, veuillez communiquer avec Marianne Bolhuis&nbsp;<a href=\"mailto:(mbolhuis@olympique.ca\">(mbolhuis@olympique.ca<\/a>).<\/p>\n\n\n\n<p class=\"wp-block-paragraph\">Veuillez prendre note que tous les mandats des administrateurs et les membres de cat\u00e9gorie B suivants prendront aussi fin en avril 2025.<\/p>\n\n\n\n<p class=\"wp-block-paragraph\"><span style=\"text-decoration: underline;\">Administrateurs<\/span><\/p>\n\n\n\n<p class=\"wp-block-paragraph\">Chris Clark<br>Marie-Huguette Cormier<br>Hubert T. Lacroix<br>Jaqui Parchment<br>Saad Rafi<br>Mark Tewksbury<\/p>\n\n\n\n<p class=\"wp-block-paragraph\"><span style=\"text-decoration: underline;\">Membres de cat\u00e9gorie B<\/span><\/p>\n\n\n\n<p class=\"wp-block-paragraph\">Moira Lassen<br>Nazir Walji<br>Richard Koo<br>Robin Brudner<br>Seyi Smith<br>Shannon Susko<\/p>\n\n\n\n<p class=\"wp-block-paragraph\"><strong><u><br><\/u><\/strong><strong><u>Appel de candidatures 2025 \u2013 Calendrier des dates importantes<\/u><\/strong><\/p>\n\n\n<div class=\"table-scrollable-wrapper\">\n<figure class=\"wp-block-table\"><table><thead><tr><th><\/th><th class=\"has-text-align-left\" data-align=\"left\"><strong>Proc\u00e9dure<\/strong>:<\/th><th class=\"has-text-align-left\" data-align=\"left\">Date:<\/th><\/tr><\/thead><tbody><tr><td>1.<\/td><td class=\"has-text-align-left\" data-align=\"left\">Publication de l\u2019appel des candidatures<\/td><td class=\"has-text-align-left\" data-align=\"left\">4 novembre 2024<\/td><\/tr><tr><td>2.<\/td><td class=\"has-text-align-left\" data-align=\"left\">Date limite de mise en candidature<\/td><td class=\"has-text-align-left\" data-align=\"left\">25 novembre 2024<\/td><\/tr><tr><td>3.<\/td><td class=\"has-text-align-left\" data-align=\"left\">Approbation par le conseil d\u2019administration de la liste de candidats recommand\u00e9s et de la deuxi\u00e8me liste de candidats pour les postes d\u2019administrateurs ainsi que de la liste de candidats recommand\u00e9s pour les membres de cat\u00e9gorie B<\/td><td class=\"has-text-align-left\" data-align=\"left\">Vers le 31 janvier 2025<\/td><\/tr><tr><td>4.<\/td><td class=\"has-text-align-left\" data-align=\"left\">Annonce des candidats recommand\u00e9s et de ceux figurant sur la deuxi\u00e8me liste pour les postes d\u2019administrateurs ainsi que des candidats recommand\u00e9s pour les postes de membres de cat\u00e9gorie B, et appel aux membres pour des candidatures suppl\u00e9mentaires<\/td><td class=\"has-text-align-left\" data-align=\"left\">Vers le 5 f\u00e9vrier 2025<\/td><\/tr><tr><td>5.<\/td><td class=\"has-text-align-left\" data-align=\"left\">Date limite pour que les membres puissent soumettre au COC des candidatures suppl\u00e9mentaires pour les postes d\u2019administrateurs &nbsp;<\/td><td class=\"has-text-align-left\" data-align=\"left\">Vers le 19 f\u00e9vrier 2023<\/td><\/tr><tr><td>6.<\/td><td class=\"has-text-align-left\" data-align=\"left\">Transmission aux membres des versions d\u00e9finitives de la liste de candidats recommand\u00e9s et de la deuxi\u00e8me liste pour les postes d\u2019administrateurs et des nominations pour les postes de membres de cat\u00e9gorie B<\/td><td class=\"has-text-align-left\" data-align=\"left\">Vers le 17 mars 2025<\/td><\/tr><tr><td>7.<\/td><td class=\"has-text-align-left\" data-align=\"left\">Date limite pour que les membres puissent soumettre au COC des candidatures suppl\u00e9mentaires pour les postes de membres de cat\u00e9gorie B<\/td><td class=\"has-text-align-left\" data-align=\"left\">7 avril 2025<\/td><\/tr><tr><td>8.<\/td><td class=\"has-text-align-left\" data-align=\"left\">\u00c9lections \u00e0 la Session du COC<\/td><td class=\"has-text-align-left\" data-align=\"left\">26 avril 2025<\/td><\/tr><\/tbody><\/table><\/figure>\n<\/div>","protected":false},"excerpt":{"rendered":"<p>JOIGNEZ-VOUS AU MOUVEMENT OLYMPIQUE AU CANADA ** Dans la pr\u00e9sente, le masculin neutre est utilis\u00e9 sans pr\u00e9judice dans le seul&#8230;<\/p>\n","protected":false},"author":132083754,"featured_media":0,"parent":3118,"menu_order":0,"comment_status":"closed","ping_status":"closed","template":"","meta":{"_edit_lock":["1730825384:132083754"],"_last_editor_used_jetpack":["block-editor"],"_edit_last":["132083754"],"seo_title":[""],"_seo_title":["field_652feeaa9308c"],"seo_focus_keyword":[""],"_seo_focus_keyword":["field_652ff0580091b"],"seo_meta_description":[""],"_seo_meta_description":["field_652feec09308d"],"seo_translation_link":[""],"_seo_translation_link":["field_652feee79308e"],"seo_accordion_module_title":[""],"_seo_accordion_module_title":["field_652fef009308f"],"seo_accordion":[""],"_seo_accordion":["field_652fef4793091"],"secondary_content":[""],"_secondary_content":["field_6530028284790"],"social_facebook":[""],"_social_facebook":["field_652ff39070798"],"social_twitter":[""],"_social_twitter":["field_652ff3a470799"],"social_instagram":[""],"_social_instagram":["field_652ff3ca7079a"],"social_linkedin":[""],"_social_linkedin":["field_652ff3e57079b"],"social_website":[""],"_social_website":["field_652ff4227079c"],"zeus_id":[""],"_zeus_id":["field_652ff4537079d"],"team_announcement_tag":[""],"_team_announcement_tag":["field_65300222e2d0d"],"coc_hide_title":["0"],"_coc_hide_title":["field_661d79f32b89b"],"video_embed_code":[""],"_video_embed_code":["field_652fecffe1114"],"facebook_video_embed_code":[""],"_facebook_video_embed_code":["field_652fedfae1121"],"coc_games":[""],"_coc_games":["field_5e83bf020f51f"],"coc_trivia":[""],"_coc_trivia":["field_5e83bacdec2aa"],"coc_sharing_options":["a:1:{s:18:\"coc_hide_share_bar\";b:0;}"],"coc_campaign_options":["a:4:{s:16:\"coc_campaign_tag\";s:0:\"\";s:15:\"coc_campaign_bg\";N;s:25:\"coc_campaign_bg_downloads\";a:0:{}s:20:\"coc_campaign_posters\";a:0:{}}"],"coc_team_options":["a:1:{s:15:\"coc_game_select\";i:255336;}"],"coc_oc_landing_options":["a:2:{s:17:\"coc_oc_landing_bg\";N;s:22:\"coc_oc_landing_stories\";a:0:{}}"],"coc_edit_profile_options":["a:1:{s:20:\"coc_favourite_sports\";a:0:{}}"],"coc_oc_reward_options":["a:13:{s:16:\"coc_oc_reward_id\";s:0:\"\";s:19:\"coc_oc_ac_reward_id\";s:0:\"\";s:20:\"coc_oc_reward_points\";s:0:\"\";s:19:\"coc_oc_reward_rules\";N;s:31:\"coc_oc_digital_download_desktop\";N;s:30:\"coc_oc_digital_download_mobile\";N;s:32:\"coc_oc_digital_download_facebook\";N;s:29:\"coc_oc_reward_success_message\";s:0:\"\";s:23:\"coc_oc_facebook_content\";s:0:\"\";s:22:\"coc_oc_twitter_content\";s:0:\"\";s:24:\"coc_oc_social_contest_id\";s:0:\"\";s:31:\"coc_oc_reward_logged_in_message\";s:0:\"\";s:32:\"coc_oc_reward_logged_out_message\";s:0:\"\";}"],"coc_press_options":["a:2:{s:28:\"coc_press_additional_content\";s:0:\"\";s:27:\"coc_press_resource_category\";a:0:{}}"],"coc_breaking_news_options":["a:1:{s:25:\"coc_breaking_news_details\";a:0:{}}"],"coc_be_olympic_options":["a:8:{s:37:\"coc_be_olympic_exclusive_content_link\";s:0:\"\";s:27:\"coc_be_olympic_videos_title\";s:0:\"\";s:21:\"coc_be_olympic_videos\";a:0:{}s:27:\"coc_be_olympic_photos_title\";s:0:\"\";s:21:\"coc_be_olympic_photos\";a:0:{}s:24:\"coc_be_olympic_downloads\";a:0:{}s:22:\"coc_be_olympic_quizzes\";a:0:{}s:26:\"coc_be_olympic_fan_fun_ads\";a:0:{}}"],"coc_fan_fun_options":["a:2:{s:23:\"coc_fan_fun_hammer_time\";a:2:{s:29:\"coc_fan_fun_hammer_time_image\";N;s:27:\"coc_fan_fun_hammer_time_url\";s:0:\"\";}s:22:\"coc_fan_fun_torch_dash\";a:2:{s:28:\"coc_fan_fun_torch_dash_image\";N;s:26:\"coc_fan_fun_torch_dash_url\";s:0:\"\";}}"],"coc_interactive_game_options":["a:3:{s:28:\"coc_interactive_game_message\";s:0:\"\";s:24:\"coc_interactive_game_url\";s:0:\"\";s:27:\"coc_interactive_game_iframe\";b:0;}"],"coc_olympic_club_options":["a:1:{s:12:\"redirect_url\";s:0:\"\";}"],"coc_favorites_options":["a:3:{s:13:\"content_types\";a:0:{}s:7:\"seasons\";a:0:{}s:4:\"gear\";a:0:{}}"],"coc_og_tags":["a:3:{s:8:\"og_title\";s:0:\"\";s:14:\"og_description\";s:0:\"\";s:8:\"og_image\";N;}"]},"coauthors":[415985452],"class_list":["post-255876","page","type-page","status-publish","format-standard","hentry"],"acf":[],"yoast_head":"<!-- This site is optimized with the Yoast SEO plugin v27.3 - https:\/\/yoast.com\/product\/yoast-seo-wordpress\/ -->\n<title>\u00c9LECTIONS D\u2019AVRIL 2025 \u2013 APPEL DE CANDIDATURES ET CALENDRIER DES DATES IMPORTANTES - \u00c9quipe Canada | Site officiel de l&#039;\u00e9quipe olympique<\/title>\n<meta name=\"robots\" content=\"index, follow, max-snippet:-1, max-image-preview:large, max-video-preview:-1\" \/>\n<link rel=\"canonical\" href=\"https:\/\/develop.olympic.ca\/olympique\/comite-olympique-canadien\/gouvernance\/conseil-dadministration\/2025-appel-de-candidatures\/\" \/>\n<meta property=\"og:locale\" content=\"fr_FR\" \/>\n<meta property=\"og:type\" content=\"article\" \/>\n<meta property=\"og:title\" content=\"\u00c9LECTIONS D\u2019AVRIL 2025 \u2013 APPEL DE CANDIDATURES ET CALENDRIER DES DATES IMPORTANTES - \u00c9quipe Canada | Site officiel de l&#039;\u00e9quipe olympique\" \/>\n<meta property=\"og:description\" content=\"JOIGNEZ-VOUS AU MOUVEMENT OLYMPIQUE AU CANADA ** Dans la pr\u00e9sente, le masculin neutre est utilis\u00e9 sans pr\u00e9judice dans le seul...\" \/>\n<meta property=\"og:url\" content=\"https:\/\/develop.olympic.ca\/olympique\/comite-olympique-canadien\/gouvernance\/conseil-dadministration\/2025-appel-de-candidatures\/\" \/>\n<meta property=\"og:site_name\" content=\"\u00c9quipe Canada | Site officiel de l&#039;\u00e9quipe olympique\" \/>\n<meta property=\"article:modified_time\" content=\"2024-11-05T16:52:01+00:00\" \/>\n<meta name=\"twitter:card\" content=\"summary_large_image\" \/>\n<meta name=\"twitter:label1\" content=\"Est. reading time\" \/>\n\t<meta name=\"twitter:data1\" content=\"4 minutes\" \/>\n\t<meta name=\"twitter:label2\" content=\"Written by\" \/>\n\t<meta name=\"twitter:data2\" content=\"Ellen McCann\" \/>\n<script type=\"application\/ld+json\" class=\"yoast-schema-graph\">{\"@context\":\"https:\\\/\\\/schema.org\",\"@graph\":[{\"@type\":\"WebPage\",\"@id\":\"https:\\\/\\\/develop.olympic.ca\\\/olympique\\\/comite-olympique-canadien\\\/gouvernance\\\/conseil-dadministration\\\/2025-appel-de-candidatures\\\/\",\"url\":\"https:\\\/\\\/develop.olympic.ca\\\/olympique\\\/comite-olympique-canadien\\\/gouvernance\\\/conseil-dadministration\\\/2025-appel-de-candidatures\\\/\",\"name\":\"\u00c9LECTIONS D\u2019AVRIL 2025 \u2013 APPEL DE CANDIDATURES ET CALENDRIER DES DATES IMPORTANTES - \u00c9quipe Canada | Site officiel de l&#039;\u00e9quipe olympique\",\"isPartOf\":{\"@id\":\"https:\\\/\\\/develop.olympic.ca\\\/olympique\\\/#website\"},\"datePublished\":\"2024-11-04T13:29:02+00:00\",\"dateModified\":\"2024-11-05T16:52:01+00:00\",\"breadcrumb\":{\"@id\":\"https:\\\/\\\/develop.olympic.ca\\\/olympique\\\/comite-olympique-canadien\\\/gouvernance\\\/conseil-dadministration\\\/2025-appel-de-candidatures\\\/#breadcrumb\"},\"inLanguage\":\"fr-FR\",\"potentialAction\":[{\"@type\":\"ReadAction\",\"target\":[\"https:\\\/\\\/develop.olympic.ca\\\/olympique\\\/comite-olympique-canadien\\\/gouvernance\\\/conseil-dadministration\\\/2025-appel-de-candidatures\\\/\"]}]},{\"@type\":\"BreadcrumbList\",\"@id\":\"https:\\\/\\\/develop.olympic.ca\\\/olympique\\\/comite-olympique-canadien\\\/gouvernance\\\/conseil-dadministration\\\/2025-appel-de-candidatures\\\/#breadcrumb\",\"itemListElement\":[{\"@type\":\"ListItem\",\"position\":1,\"name\":\"Aper\u00e7u du Comit\u00e9 olympique canadien\",\"item\":\"https:\\\/\\\/develop.olympic.ca\\\/olympique\\\/comite-olympique-canadien\\\/\"},{\"@type\":\"ListItem\",\"position\":2,\"name\":\"Gouvernance\",\"item\":\"https:\\\/\\\/develop.olympic.ca\\\/olympique\\\/comite-olympique-canadien\\\/gouvernance\\\/\"},{\"@type\":\"ListItem\",\"position\":3,\"name\":\"Conseil d&rsquo;administration\",\"item\":\"https:\\\/\\\/develop.olympic.ca\\\/olympique\\\/comite-olympique-canadien\\\/gouvernance\\\/conseil-dadministration\\\/\"},{\"@type\":\"ListItem\",\"position\":4,\"name\":\"\u00c9LECTIONS D\u2019AVRIL 2025 \u2013 APPEL DE CANDIDATURES ET CALENDRIER DES DATES IMPORTANTES\"}]},{\"@type\":\"WebSite\",\"@id\":\"https:\\\/\\\/develop.olympic.ca\\\/olympique\\\/#website\",\"url\":\"https:\\\/\\\/develop.olympic.ca\\\/olympique\\\/\",\"name\":\"\u00c9quipe Canada | Site officiel de l&#039;\u00e9quipe olympique\",\"description\":\"Votre source pour l\u2019\u00c9quipe olympique canadienne. Retrouvez les r\u00e9cits, vid\u00e9os et photos des athl\u00e8tes canadiens, sports olympiques, Jeux olympiques de 2020 et bien plus!\",\"potentialAction\":[{\"@type\":\"SearchAction\",\"target\":{\"@type\":\"EntryPoint\",\"urlTemplate\":\"https:\\\/\\\/develop.olympic.ca\\\/olympique\\\/?s={search_term_string}\"},\"query-input\":{\"@type\":\"PropertyValueSpecification\",\"valueRequired\":true,\"valueName\":\"search_term_string\"}}],\"inLanguage\":\"fr-FR\"}]}<\/script>\n<!-- \/ Yoast SEO plugin. -->","yoast_head_json":{"title":"\u00c9LECTIONS D\u2019AVRIL 2025 \u2013 APPEL DE CANDIDATURES ET CALENDRIER DES DATES IMPORTANTES - \u00c9quipe Canada | Site officiel de l&#039;\u00e9quipe olympique","robots":{"index":"index","follow":"follow","max-snippet":"max-snippet:-1","max-image-preview":"max-image-preview:large","max-video-preview":"max-video-preview:-1"},"canonical":"https:\/\/develop.olympic.ca\/olympique\/comite-olympique-canadien\/gouvernance\/conseil-dadministration\/2025-appel-de-candidatures\/","og_locale":"fr_FR","og_type":"article","og_title":"\u00c9LECTIONS D\u2019AVRIL 2025 \u2013 APPEL DE CANDIDATURES ET CALENDRIER DES DATES IMPORTANTES - \u00c9quipe Canada | Site officiel de l&#039;\u00e9quipe olympique","og_description":"JOIGNEZ-VOUS AU MOUVEMENT OLYMPIQUE AU CANADA ** Dans la pr\u00e9sente, le masculin neutre est utilis\u00e9 sans pr\u00e9judice dans le seul...","og_url":"https:\/\/develop.olympic.ca\/olympique\/comite-olympique-canadien\/gouvernance\/conseil-dadministration\/2025-appel-de-candidatures\/","og_site_name":"\u00c9quipe Canada | Site officiel de l&#039;\u00e9quipe olympique","article_modified_time":"2024-11-05T16:52:01+00:00","twitter_card":"summary_large_image","twitter_misc":{"Est. reading time":"4 minutes","Written by":"Ellen McCann"},"schema":{"@context":"https:\/\/schema.org","@graph":[{"@type":"WebPage","@id":"https:\/\/develop.olympic.ca\/olympique\/comite-olympique-canadien\/gouvernance\/conseil-dadministration\/2025-appel-de-candidatures\/","url":"https:\/\/develop.olympic.ca\/olympique\/comite-olympique-canadien\/gouvernance\/conseil-dadministration\/2025-appel-de-candidatures\/","name":"\u00c9LECTIONS D\u2019AVRIL 2025 \u2013 APPEL DE CANDIDATURES ET CALENDRIER DES DATES IMPORTANTES - \u00c9quipe Canada | Site officiel de l&#039;\u00e9quipe olympique","isPartOf":{"@id":"https:\/\/develop.olympic.ca\/olympique\/#website"},"datePublished":"2024-11-04T13:29:02+00:00","dateModified":"2024-11-05T16:52:01+00:00","breadcrumb":{"@id":"https:\/\/develop.olympic.ca\/olympique\/comite-olympique-canadien\/gouvernance\/conseil-dadministration\/2025-appel-de-candidatures\/#breadcrumb"},"inLanguage":"fr-FR","potentialAction":[{"@type":"ReadAction","target":["https:\/\/develop.olympic.ca\/olympique\/comite-olympique-canadien\/gouvernance\/conseil-dadministration\/2025-appel-de-candidatures\/"]}]},{"@type":"BreadcrumbList","@id":"https:\/\/develop.olympic.ca\/olympique\/comite-olympique-canadien\/gouvernance\/conseil-dadministration\/2025-appel-de-candidatures\/#breadcrumb","itemListElement":[{"@type":"ListItem","position":1,"name":"Aper\u00e7u du Comit\u00e9 olympique canadien","item":"https:\/\/develop.olympic.ca\/olympique\/comite-olympique-canadien\/"},{"@type":"ListItem","position":2,"name":"Gouvernance","item":"https:\/\/develop.olympic.ca\/olympique\/comite-olympique-canadien\/gouvernance\/"},{"@type":"ListItem","position":3,"name":"Conseil d&rsquo;administration","item":"https:\/\/develop.olympic.ca\/olympique\/comite-olympique-canadien\/gouvernance\/conseil-dadministration\/"},{"@type":"ListItem","position":4,"name":"\u00c9LECTIONS D\u2019AVRIL 2025 \u2013 APPEL DE CANDIDATURES ET CALENDRIER DES DATES IMPORTANTES"}]},{"@type":"WebSite","@id":"https:\/\/develop.olympic.ca\/olympique\/#website","url":"https:\/\/develop.olympic.ca\/olympique\/","name":"\u00c9quipe Canada | Site officiel de l&#039;\u00e9quipe olympique","description":"Votre source pour l\u2019\u00c9quipe olympique canadienne. Retrouvez les r\u00e9cits, vid\u00e9os et photos des athl\u00e8tes canadiens, sports olympiques, Jeux olympiques de 2020 et bien plus!","potentialAction":[{"@type":"SearchAction","target":{"@type":"EntryPoint","urlTemplate":"https:\/\/develop.olympic.ca\/olympique\/?s={search_term_string}"},"query-input":{"@type":"PropertyValueSpecification","valueRequired":true,"valueName":"search_term_string"}}],"inLanguage":"fr-FR"}]}},"jetpack_sharing_enabled":true,"jetpack-related-posts":[],"jetpack_shortlink":"https:\/\/wp.me\/PbmyEP-14z2","_links":{"self":[{"href":"https:\/\/develop.olympic.ca\/olympique\/wp-json\/wp\/v2\/pages\/255876","targetHints":{"allow":["GET"]}}],"collection":[{"href":"https:\/\/develop.olympic.ca\/olympique\/wp-json\/wp\/v2\/pages"}],"about":[{"href":"https:\/\/develop.olympic.ca\/olympique\/wp-json\/wp\/v2\/types\/page"}],"author":[{"embeddable":true,"href":"https:\/\/develop.olympic.ca\/olympique\/wp-json\/wp\/v2\/users\/132083754"}],"replies":[{"embeddable":true,"href":"https:\/\/develop.olympic.ca\/olympique\/wp-json\/wp\/v2\/comments?post=255876"}],"version-history":[{"count":7,"href":"https:\/\/develop.olympic.ca\/olympique\/wp-json\/wp\/v2\/pages\/255876\/revisions"}],"predecessor-version":[{"id":256011,"href":"https:\/\/develop.olympic.ca\/olympique\/wp-json\/wp\/v2\/pages\/255876\/revisions\/256011"}],"up":[{"embeddable":true,"href":"https:\/\/develop.olympic.ca\/olympique\/wp-json\/wp\/v2\/pages\/3118"}],"wp:attachment":[{"href":"https:\/\/develop.olympic.ca\/olympique\/wp-json\/wp\/v2\/media?parent=255876"}],"wp:term":[{"taxonomy":"author","embeddable":true,"href":"https:\/\/develop.olympic.ca\/olympique\/wp-json\/wp\/v2\/coauthors?post=255876"}],"curies":[{"name":"wp","href":"https:\/\/api.w.org\/{rel}","templated":true}]}}