{"id":27876,"date":"2012-03-21T15:15:19","date_gmt":"2012-03-21T19:15:19","guid":{"rendered":"http:\/\/develop.olympic.ca\/?page_id=27876"},"modified":"2021-04-30T09:37:45","modified_gmt":"2021-04-30T13:37:45","slug":"definitions","status":"publish","type":"page","link":"https:\/\/develop.olympic.ca\/olympique\/utilisation-de-la-marque-olympique\/definitions\/","title":{"rendered":"D\u00e9finitions"},"content":{"rendered":"<p><strong>Marketing insidieux<\/strong><\/p>\n<p>Seuls les commanditaires officiels, les d\u00e9tenteurs de licences et les partenaires gouvernementaux du Mouvement olympique au Canada ont le droit de laisser entendre qu\u2019ils ont une affiliation ou un lien avec le Mouvement olympique ou des Jeux olympiques. Malheureusement, ces droits exclusifs peuvent \u00eatre enfreints par des activit\u00e9s de \u00ab&nbsp;marketing insidieux&nbsp;\u00bb qui misent sur la cote d\u2019estime du Mouvement olympique en cr\u00e9ant une association commerciale fausse non autoris\u00e9e.<\/p>\n<p>Le marketing insidieux peut \u00eatre intentionnel \u2013 une tactique qu&rsquo;utilisent des entreprises sans scrupules pour exploiter la cote d\u2019estime de la marque olympique \u2013 ou fortuit. D\u2019une mani\u00e8re ou d\u2019une autre, le marketing insidieux est une pratique d\u00e9loyale parce qu\u2019il permet \u00e0 l\u2019entreprise qui s&rsquo;y livre de profiter d\u2019une association avec la marque olympique sans apporter un quelconque soutien financier aux athl\u00e8tes olympiques canadiens.<\/p>\n<p><strong>Comit\u00e9 international olympique (CIO)<\/strong> \u2013 Le Comit\u00e9 international olympique est l&rsquo;autorit\u00e9 supr\u00eame du Mouvement olympique. Son r\u00f4le est de promouvoir le sport de haut niveau aussi bien que le sport pour tous, conform\u00e9ment \u00e0 la Charte olympique. Il assure la c\u00e9l\u00e9bration r\u00e9guli\u00e8re des Jeux olympiques et veille par tous les moyens appropri\u00e9s \u00e0 la promotion des femmes dans le sport, \u00e0 celle de l&rsquo;\u00e9thique sportive et \u00e0 la protection de l&rsquo;athl\u00e8te. En d\u00e9tenant tous les droits d&rsquo;organisation, d&rsquo;exploitation, de diffusion et de reproduction des Jeux olympiques, le CIO assure la continuit\u00e9 d&rsquo;un \u00e9v\u00e9nement unique et universel.<br>\n<a href=\"http:\/\/olympic.org\/\">olympic.org<\/a><\/p>\n<p><strong>Comit\u00e9 olympique canadien (COC)<\/strong> \u2013 Le Comit\u00e9 olympique canadien est un organisme national, priv\u00e9, sans but lucratif, vou\u00e9 \u00e0 l&rsquo;excellence sportive. Il est responsable de la participation du Canada aux Jeux olympiques et aux Jeux panam\u00e9ricains. Par ailleurs, le COC g\u00e8re tout un \u00e9ventail de programmes culturels et \u00e9ducatifs visant \u00e0 faire la promotion du Mouvement olympique au Canada. Pour obtenir de plus amples renseignements, consultez le site <a href=\"http:\/\/develop.olympic.ca\/\">olympic.ca<\/a>.<\/p>\n<p><strong>Non-d\u00e9tenteur de droits olympiques<\/strong><\/p>\n<p>Un organisme qui n&rsquo;a pas de relation officielle avec le Mouvement olympique n&rsquo;a pas le droit de s&rsquo;associer avec la marque olympique. Les non-d\u00e9tenteurs de droits olympiques ne peuvent cr\u00e9er ou impliquer une association avec les Jeux olympiques, le Mouvement olympique ou l&rsquo;\u00c9quipe olympique canadienne.<\/p>\n<p><strong>Marque olympique<\/strong><\/p>\n<p>La \u00ab&nbsp;marque olympique&nbsp;\u00bb est compos\u00e9e des noms, groupes de mots, marques, logos et motifs relatifs au Mouvement olympique, aux Jeux olympiques et au Comit\u00e9 olympique canadien, y compris des photographies, des logos, des mascottes, des m\u00e9dailles, des mots-symboles et des uniformes officiels des Jeux olympiques.&nbsp; La marque olympique comprend les marques officielles ou marques de commerce qui appartiennent au COC et au CIO qui en d\u00e9tiennent \u00e9galement les droits. Au Canada, l\u2019utilisation de la marque olympique est surveill\u00e9e de pr\u00e8s et doit \u00eatre autoris\u00e9e par le Comit\u00e9 olympique canadien. Consulter la rubrique Marques olympiques pour obtenir de plus amples renseignements.<\/p>\n<p><strong>Marques olympiques <\/strong><\/p>\n<p>Les marques du Comit\u00e9 olympique canadien (qui comprennent les mots-symboles et les logos) sont prot\u00e9g\u00e9es par le statut de marques officielles en vertu de l&rsquo;article 9 de la <em>Loi sur les marques de commerce<\/em> et font aussi l&rsquo;objet d&rsquo;une protection sp\u00e9ciale en vertu de la <em>Loi sur les marques olympiques et paralympiques<\/em>. Pour obtenir une liste d\u00e9taill\u00e9e des marques du Comit\u00e9 olympique canadien (auparavant Association olympique canadienne), consulter la <a href=\"http:\/\/www.ic.gc.ca\/app\/opic-cipo\/trdmrks\/srch\/bscSrch.do;jsessionid=0001biB20MNbBqkI6Sz3UAxCZKq:-14J2QPI?lang=fra\">Base de donn\u00e9es sur les marques de commerce canadiennes<\/a>. Voici des exemples des marques olympiques prot\u00e9g\u00e9es au Canada.<\/p>\n<p>Exemples de mots-symboles&nbsp;:<\/p>\n<p>Olympique<br>\nOlympia<br>\nOlympien(ne)<br>\n\u00c9quipe olympique canadienne<br>\nLe meilleur est en nous<br>\nPlus vite, plus haut, plus fort<br>\nM\u00e9daille d&rsquo;or<\/p>\n<p>Exemples de logos&nbsp;:<\/p>\n<p><img loading=\"lazy\" decoding=\"async\" title=\"Sample of protected Olympic Marks\" src=\"http:\/\/develop.olympic.ca\/wp-content\/uploads\/sites\/2\/2012\/03\/sampleofprotectedmarks.jpg\" alt=\"\" width=\"620\" height=\"150\"><\/p>\n<p><strong>P\u00e9riode des Jeux olympiques<\/strong><\/p>\n<p>Il s&rsquo;agit de la p\u00e9riode officielle des Jeux olympiques, telle qu&rsquo;elle est d\u00e9termin\u00e9e par le CIO et\/ou le comit\u00e9 d&rsquo;organisation h\u00f4te et l&rsquo;entente avec les athl\u00e8tes olympiques canadiens.&nbsp; \u00c0 titre de r\u00e9f\u00e9rence, la p\u00e9riode commence 15 jours avant la c\u00e9r\u00e9monie d&rsquo;ouverture et\/ou le jour o\u00f9 le COC nomme l&rsquo;\u00e9quipe nationale compl\u00e8te \u2013 la premi\u00e8re des deux dates pr\u00e9valant \u2013 et dure jusqu&rsquo;\u00e0 huit jours apr\u00e8s la c\u00e9r\u00e9monie de cl\u00f4ture, la cl\u00f4ture du village des athl\u00e8tes au site des Jeux en question et\/ou la derni\u00e8re activit\u00e9 de retour officielle de l&rsquo;\u00e9quipe canadienne \u2013 la derni\u00e8re des deux dates pr\u00e9valant. Les dates confirm\u00e9es de chaque p\u00e9riode olympique pertinente seront d\u00e9termin\u00e9es par le COC dans l&rsquo;entente avec les athl\u00e8tes publi\u00e9e pour ces Jeux en question. Si les dates d\u00e9finies dans cette entente avec les athl\u00e8tes ne correspondent pas \u00e0 celles d\u00e9finies plus haut, l&rsquo;entente avec les athl\u00e8tes pr\u00e9vaut.<\/p>\n<p><strong>D\u00e9tenteur de droits olympiques<\/strong><\/p>\n<p>Un d\u00e9tenteur de droits olympiques est un organisme commercial qui entretient une relation officielle de commandite ou de licence avec le COC et\/ou le CIO. Les droits de l&rsquo;organisme (en ce qui a trait \u00e0 la marque olympique) doivent \u00eatre d\u00e9finis dans un contrat entre les deux parties. On donne commun\u00e9ment aux d\u00e9tenteurs de droits olympiques les noms de \u00ab&nbsp;commanditaire&nbsp;\u00bb ou de \u00ab&nbsp;partenaire de marketing&nbsp;\u00bb, de \u00ab&nbsp;fournisseur&nbsp;\u00bb ou de \u00ab&nbsp;supporteur&nbsp;\u00bb du COC ou du CIO.<\/p>\n<p><strong>Gestion de la marque olympique \u2013 Avertissement<\/strong><\/p>\n<p>Les pr\u00e9sentes Directives sont publi\u00e9es \u00e0 titre d\u2019illustration seulement et ne doivent en rien laisser pr\u00e9juger des droits ou des recours que le COC pourrait avoir dans un cas particulier.<\/p>\n<p>Les renseignements contenus dans les pr\u00e9sentes directives ne peuvent \u00eatre consid\u00e9r\u00e9s ni comme un strict \u00e9nonc\u00e9 du droit, ni comme un avis juridique professionnel. \u00c0 titre d\u2019information du public, le COC a tent\u00e9 de fournir des directives raisonnables concernant son \u00e9valuation des tactiques de marketing, de communications et\/ou de promotion qui pourrait cr\u00e9er une association commerciale non autoris\u00e9e avec la marque olympique. Le COC se r\u00e9serve le droit de r\u00e9viser les pr\u00e9sentes directives en tout temps.<\/p>\n<p>Toute personne qui fait usage des pr\u00e9sentes directives doit accepter le fait que le COC r\u00e9agira cas par cas \u00e0 toute mauvaise utilisation potentielle de la marque olympique, et qu\u2019il est impossible de pr\u00e9dire ou de d\u00e9crire tous les types d\u2019activit\u00e9s susceptibles de comporter une infraction. Par cons\u00e9quent, les renseignements contenus dans le pr\u00e9sent document sont fournis sans engagements ni restrictions de la part du COC. Les pr\u00e9sentes directives ne constituent aucunement une forme d\u2019autorisation, de permission, de consentement, de licence, de renonciation ou de pr\u00e9clusion (explicite ou implicite) de nature \u00e0 limiter, en quelque circonstance que ce soit, les droits du COC accord\u00e9s par la loi ou existant en common law, ou \u00e0 y porter atteinte.<\/p>\n<p>Ces directives ont \u00e9t\u00e9 \u00e9labor\u00e9es \u00e0 titre d\u2019illustration seulement et toute utilisation des marques bas\u00e9es sur ces directives est aux risques du lecteur. Si vous avez des doutes en ce qui concerne vos activit\u00e9s et leur potentiel de violation des droits du COC, veuillez obtenir un avis l\u00e9gal ind\u00e9pendant.<\/p>\n\n\n<h2 class=\"wp-block-heading\">Plus d&rsquo;information<\/h2>\n\n\n\n<div class=\"wp-block-buttons is-content-justification-center is-layout-flex wp-block-buttons-is-layout-flex\">\n<div class=\"wp-block-button\"><a class=\"wp-block-button__link\" href=\"https:\/\/develop.olympic.ca\/olympique\/utilisation-de-la-marque-olympique\/\">UTILISATION DE LA MARQUE<\/a><\/div>\n<\/div>\n\n\n\n<div style=\"height:30px\" aria-hidden=\"true\" class=\"wp-block-spacer\"><\/div>\n\n\n\n<div class=\"wp-block-buttons is-content-justification-center is-vertical is-layout-flex wp-block-buttons-is-layout-flex\">\n<div class=\"wp-block-button\"><a class=\"wp-block-button__link\" href=\"https:\/\/develop.olympic.ca\/olympique\/conditions-dutilisation\/\">CONDITIONS D\u2019UTILISATION<\/a><\/div>\n<\/div>\n","protected":false},"excerpt":{"rendered":"<p>Marketing insidieux Seuls les commanditaires officiels, les d\u00e9tenteurs de licences et les partenaires gouvernementaux du Mouvement olympique au Canada ont&#8230;<\/p>\n","protected":false},"author":47562643,"featured_media":0,"parent":3516,"menu_order":0,"comment_status":"open","ping_status":"open","template":"","meta":{"_wp_page_template":["default"],"_seosmart_cache":["a:2:{s:8:\"keywords\";a:0:{}s:4:\"time\";s:10:\"1336823728\";}","a:2:{s:8:\"keywords\";a:0:{}s:4:\"time\";s:10:\"1336823728\";}"],"_original_post_id":["27876"],"_original_import_author":["mnadolny"],"_original_parent_id":["3516"],"_wpcom_imported":["a:2:{s:8:\"importer\";s:9:\"wordpress\";s:4:\"date\";s:19:\"2013-07-21 18:11:51\";}"],"original_post_id":["27876"],"_wp_old_slug":["27876"],"seo_translation_link":["http:\/\/develop.olympic.ca\/brand-use\/definitions-and-disclaimer\/"],"_elasticsearch_indexed_on":["2012-03-21 19:15:19"],"_edit_lock":["1619789866:52435436"],"_last_editor_used_jetpack":["block-editor"],"_edit_last":["52435436"],"coc_games":[""],"_coc_games":["field_5e83bf020f51f"],"coc_trivia":[""],"_coc_trivia":["field_5e83bacdec2aa"],"coc_sharing_options":["a:1:{s:18:\"coc_hide_share_bar\";b:0;}"],"coc_campaign_options":["a:4:{s:16:\"coc_campaign_tag\";s:0:\"\";s:15:\"coc_campaign_bg\";N;s:25:\"coc_campaign_bg_downloads\";a:0:{}s:20:\"coc_campaign_posters\";a:0:{}}"],"coc_team_options":["a:1:{s:15:\"coc_game_select\";i:156417;}"],"coc_oc_landing_options":["a:2:{s:17:\"coc_oc_landing_bg\";N;s:22:\"coc_oc_landing_stories\";a:0:{}}"],"coc_edit_profile_options":["a:1:{s:20:\"coc_favourite_sports\";a:0:{}}"],"coc_oc_reward_options":["a:13:{s:16:\"coc_oc_reward_id\";s:0:\"\";s:19:\"coc_oc_ac_reward_id\";s:0:\"\";s:20:\"coc_oc_reward_points\";s:0:\"\";s:19:\"coc_oc_reward_rules\";N;s:31:\"coc_oc_digital_download_desktop\";N;s:30:\"coc_oc_digital_download_mobile\";N;s:32:\"coc_oc_digital_download_facebook\";N;s:29:\"coc_oc_reward_success_message\";s:0:\"\";s:23:\"coc_oc_facebook_content\";s:0:\"\";s:22:\"coc_oc_twitter_content\";s:0:\"\";s:24:\"coc_oc_social_contest_id\";s:0:\"\";s:31:\"coc_oc_reward_logged_in_message\";s:0:\"\";s:32:\"coc_oc_reward_logged_out_message\";s:0:\"\";}"],"coc_press_options":["a:2:{s:28:\"coc_press_additional_content\";s:0:\"\";s:27:\"coc_press_resource_category\";a:0:{}}"],"coc_breaking_news_options":["a:1:{s:25:\"coc_breaking_news_details\";a:0:{}}"],"coc_be_olympic_options":["a:8:{s:37:\"coc_be_olympic_exclusive_content_link\";s:0:\"\";s:27:\"coc_be_olympic_videos_title\";s:0:\"\";s:21:\"coc_be_olympic_videos\";a:0:{}s:27:\"coc_be_olympic_photos_title\";s:0:\"\";s:21:\"coc_be_olympic_photos\";a:0:{}s:24:\"coc_be_olympic_downloads\";a:0:{}s:22:\"coc_be_olympic_quizzes\";a:0:{}s:26:\"coc_be_olympic_fan_fun_ads\";a:0:{}}"],"coc_fan_fun_options":["a:2:{s:23:\"coc_fan_fun_hammer_time\";a:2:{s:29:\"coc_fan_fun_hammer_time_image\";N;s:27:\"coc_fan_fun_hammer_time_url\";s:0:\"\";}s:22:\"coc_fan_fun_torch_dash\";a:2:{s:28:\"coc_fan_fun_torch_dash_image\";N;s:26:\"coc_fan_fun_torch_dash_url\";s:0:\"\";}}"],"coc_interactive_game_options":["a:3:{s:28:\"coc_interactive_game_message\";s:0:\"\";s:24:\"coc_interactive_game_url\";s:0:\"\";s:27:\"coc_interactive_game_iframe\";b:0;}"],"coc_olympic_club_options":["a:1:{s:12:\"redirect_url\";s:0:\"\";}"],"coc_favorites_options":["a:3:{s:13:\"content_types\";a:0:{}s:7:\"seasons\";a:0:{}s:4:\"gear\";a:0:{}}"],"coc_og_tags":["a:3:{s:8:\"og_title\";s:0:\"\";s:14:\"og_description\";s:0:\"\";s:8:\"og_image\";N;}"],"coc_education_options":["A"],"coc_page_options":["a:2:{s:14:\"show_crazy_egg\";b:0;s:30:\"coc_partner_takeover_ads_story\";a:5:{s:20:\"coc_ad_story_desktop\";N;s:26:\"coc_ad_story_desktop_label\";s:0:\"\";s:19:\"coc_ad_story_mobile\";N;s:25:\"coc_ad_story_mobile_label\";s:0:\"\";s:16:\"coc_ad_story_url\";s:0:\"\";}}"],"coc_donor_video_options":["a:1:{s:21:\"donor_featured_videos\";a:0:{}}"],"coc_about_video_options":["a:1:{s:11:\"about_video\";a:3:{s:21:\"coc_about_video_title\";s:0:\"\";s:20:\"coc_about_video_text\";s:0:\"\";s:21:\"coc_about_youtube_url\";s:0:\"\";}}"],"coc_about_image_options":["a:1:{s:11:\"about_image\";a:3:{s:21:\"coc_about_image_title\";s:0:\"\";s:20:\"coc_about_image_text\";s:0:\"\";s:19:\"coc_about_image_url\";N;}}"],"coc_giving_options":["a:1:{s:14:\"giving_options\";a:0:{}}"],"coc_homepage_video_options":["a:1:{s:13:\"video_options\";a:1:{s:18:\"coc_homepage_video\";s:0:\"\";}}"],"coc_homepage_priorities":["a:1:{s:16:\"priority_options\";a:0:{}}"],"coc_homepage_campaign_options":["a:1:{s:16:\"campaign_options\";a:3:{s:24:\"coc_campaign_video_title\";s:0:\"\";s:23:\"coc_campaign_video_text\";s:0:\"\";s:24:\"coc_campaign_youtube_url\";s:0:\"\";}}"],"hof_selected_committee":["a:1:{s:11:\"hof_members\";a:0:{}}"],"hof_partners_options":["a:1:{s:12:\"hof_partners\";a:0:{}}"],"hof_search_excerpt":["a:1:{s:18:\"coc_search_excerpt\";s:0:\"\";}"],"_x_multifield_seo_accordion":["a:1:{i:0;a:2:{s:19:\"seo_accordion_title\";s:0:\"\";s:25:\"seo_accordion_description\";s:0:\"\";}}"],"_yoast_wpseo_content_score":["30"],"_yoast_wpseo_estimated-reading-time-minutes":["5"]},"coauthors":[186127234],"class_list":["post-27876","page","type-page","status-publish","format-standard","hentry"],"acf":[],"yoast_head":"<!-- This site is optimized with the Yoast SEO plugin v27.3 - https:\/\/yoast.com\/product\/yoast-seo-wordpress\/ -->\n<title>D\u00e9finitions - \u00c9quipe Canada | Site officiel de l&#039;\u00e9quipe olympique<\/title>\n<meta name=\"robots\" content=\"index, follow, max-snippet:-1, max-image-preview:large, max-video-preview:-1\" \/>\n<link rel=\"canonical\" href=\"https:\/\/develop.olympic.ca\/olympique\/utilisation-de-la-marque-olympique\/definitions\/\" \/>\n<meta property=\"og:locale\" content=\"fr_FR\" \/>\n<meta property=\"og:type\" content=\"article\" \/>\n<meta property=\"og:title\" content=\"D\u00e9finitions - \u00c9quipe Canada | Site officiel de l&#039;\u00e9quipe olympique\" \/>\n<meta property=\"og:description\" content=\"Marketing insidieux Seuls les commanditaires officiels, les d\u00e9tenteurs de licences et les partenaires gouvernementaux du Mouvement olympique au Canada ont...\" \/>\n<meta property=\"og:url\" content=\"https:\/\/develop.olympic.ca\/olympique\/utilisation-de-la-marque-olympique\/definitions\/\" \/>\n<meta property=\"og:site_name\" content=\"\u00c9quipe Canada | Site officiel de l&#039;\u00e9quipe olympique\" \/>\n<meta property=\"article:modified_time\" content=\"2021-04-30T13:37:45+00:00\" \/>\n<meta property=\"og:image\" content=\"http:\/\/develop.olympic.ca\/wp-content\/uploads\/sites\/2\/2012\/03\/sampleofprotectedmarks.jpg\" \/>\n<meta name=\"twitter:card\" content=\"summary_large_image\" \/>\n<meta name=\"twitter:label1\" content=\"Est. reading time\" \/>\n\t<meta name=\"twitter:data1\" content=\"5 minutes\" \/>\n\t<meta name=\"twitter:label2\" content=\"Written by\" \/>\n\t<meta name=\"twitter:data2\" content=\"Comit\u00e9 olympique canadien\" \/>\n<script type=\"application\/ld+json\" class=\"yoast-schema-graph\">{\"@context\":\"https:\\\/\\\/schema.org\",\"@graph\":[{\"@type\":\"WebPage\",\"@id\":\"https:\\\/\\\/develop.olympic.ca\\\/olympique\\\/utilisation-de-la-marque-olympique\\\/definitions\\\/\",\"url\":\"https:\\\/\\\/develop.olympic.ca\\\/olympique\\\/utilisation-de-la-marque-olympique\\\/definitions\\\/\",\"name\":\"D\u00e9finitions - \u00c9quipe Canada | Site officiel de l&#039;\u00e9quipe olympique\",\"isPartOf\":{\"@id\":\"https:\\\/\\\/develop.olympic.ca\\\/olympique\\\/#website\"},\"primaryImageOfPage\":{\"@id\":\"https:\\\/\\\/develop.olympic.ca\\\/olympique\\\/utilisation-de-la-marque-olympique\\\/definitions\\\/#primaryimage\"},\"image\":{\"@id\":\"https:\\\/\\\/develop.olympic.ca\\\/olympique\\\/utilisation-de-la-marque-olympique\\\/definitions\\\/#primaryimage\"},\"thumbnailUrl\":\"http:\\\/\\\/develop.olympic.ca\\\/wp-content\\\/uploads\\\/sites\\\/2\\\/2012\\\/03\\\/sampleofprotectedmarks.jpg\",\"datePublished\":\"2012-03-21T19:15:19+00:00\",\"dateModified\":\"2021-04-30T13:37:45+00:00\",\"breadcrumb\":{\"@id\":\"https:\\\/\\\/develop.olympic.ca\\\/olympique\\\/utilisation-de-la-marque-olympique\\\/definitions\\\/#breadcrumb\"},\"inLanguage\":\"fr-FR\",\"potentialAction\":[{\"@type\":\"ReadAction\",\"target\":[\"https:\\\/\\\/develop.olympic.ca\\\/olympique\\\/utilisation-de-la-marque-olympique\\\/definitions\\\/\"]}]},{\"@type\":\"ImageObject\",\"inLanguage\":\"fr-FR\",\"@id\":\"https:\\\/\\\/develop.olympic.ca\\\/olympique\\\/utilisation-de-la-marque-olympique\\\/definitions\\\/#primaryimage\",\"url\":\"http:\\\/\\\/develop.olympic.ca\\\/wp-content\\\/uploads\\\/sites\\\/2\\\/2012\\\/03\\\/sampleofprotectedmarks.jpg\",\"contentUrl\":\"http:\\\/\\\/develop.olympic.ca\\\/wp-content\\\/uploads\\\/sites\\\/2\\\/2012\\\/03\\\/sampleofprotectedmarks.jpg\"},{\"@type\":\"BreadcrumbList\",\"@id\":\"https:\\\/\\\/develop.olympic.ca\\\/olympique\\\/utilisation-de-la-marque-olympique\\\/definitions\\\/#breadcrumb\",\"itemListElement\":[{\"@type\":\"ListItem\",\"position\":1,\"name\":\"Utilisation de la marque\",\"item\":\"https:\\\/\\\/develop.olympic.ca\\\/olympique\\\/utilisation-de-la-marque-olympique\\\/\"},{\"@type\":\"ListItem\",\"position\":2,\"name\":\"D\u00e9finitions\"}]},{\"@type\":\"WebSite\",\"@id\":\"https:\\\/\\\/develop.olympic.ca\\\/olympique\\\/#website\",\"url\":\"https:\\\/\\\/develop.olympic.ca\\\/olympique\\\/\",\"name\":\"\u00c9quipe Canada | Site officiel de l&#039;\u00e9quipe olympique\",\"description\":\"Votre source pour l\u2019\u00c9quipe olympique canadienne. Retrouvez les r\u00e9cits, vid\u00e9os et photos des athl\u00e8tes canadiens, sports olympiques, Jeux olympiques de 2020 et bien plus!\",\"potentialAction\":[{\"@type\":\"SearchAction\",\"target\":{\"@type\":\"EntryPoint\",\"urlTemplate\":\"https:\\\/\\\/develop.olympic.ca\\\/olympique\\\/?s={search_term_string}\"},\"query-input\":{\"@type\":\"PropertyValueSpecification\",\"valueRequired\":true,\"valueName\":\"search_term_string\"}}],\"inLanguage\":\"fr-FR\"}]}<\/script>\n<!-- \/ Yoast SEO plugin. -->","yoast_head_json":{"title":"D\u00e9finitions - \u00c9quipe Canada | Site officiel de l&#039;\u00e9quipe olympique","robots":{"index":"index","follow":"follow","max-snippet":"max-snippet:-1","max-image-preview":"max-image-preview:large","max-video-preview":"max-video-preview:-1"},"canonical":"https:\/\/develop.olympic.ca\/olympique\/utilisation-de-la-marque-olympique\/definitions\/","og_locale":"fr_FR","og_type":"article","og_title":"D\u00e9finitions - \u00c9quipe Canada | Site officiel de l&#039;\u00e9quipe olympique","og_description":"Marketing insidieux Seuls les commanditaires officiels, les d\u00e9tenteurs de licences et les partenaires gouvernementaux du Mouvement olympique au Canada ont...","og_url":"https:\/\/develop.olympic.ca\/olympique\/utilisation-de-la-marque-olympique\/definitions\/","og_site_name":"\u00c9quipe Canada | Site officiel de l&#039;\u00e9quipe olympique","article_modified_time":"2021-04-30T13:37:45+00:00","og_image":[{"url":"http:\/\/develop.olympic.ca\/wp-content\/uploads\/sites\/2\/2012\/03\/sampleofprotectedmarks.jpg","type":"","width":"","height":""}],"twitter_card":"summary_large_image","twitter_misc":{"Est. reading time":"5 minutes","Written by":"Comit\u00e9 olympique canadien"},"schema":{"@context":"https:\/\/schema.org","@graph":[{"@type":"WebPage","@id":"https:\/\/develop.olympic.ca\/olympique\/utilisation-de-la-marque-olympique\/definitions\/","url":"https:\/\/develop.olympic.ca\/olympique\/utilisation-de-la-marque-olympique\/definitions\/","name":"D\u00e9finitions - \u00c9quipe Canada | Site officiel de l&#039;\u00e9quipe olympique","isPartOf":{"@id":"https:\/\/develop.olympic.ca\/olympique\/#website"},"primaryImageOfPage":{"@id":"https:\/\/develop.olympic.ca\/olympique\/utilisation-de-la-marque-olympique\/definitions\/#primaryimage"},"image":{"@id":"https:\/\/develop.olympic.ca\/olympique\/utilisation-de-la-marque-olympique\/definitions\/#primaryimage"},"thumbnailUrl":"http:\/\/develop.olympic.ca\/wp-content\/uploads\/sites\/2\/2012\/03\/sampleofprotectedmarks.jpg","datePublished":"2012-03-21T19:15:19+00:00","dateModified":"2021-04-30T13:37:45+00:00","breadcrumb":{"@id":"https:\/\/develop.olympic.ca\/olympique\/utilisation-de-la-marque-olympique\/definitions\/#breadcrumb"},"inLanguage":"fr-FR","potentialAction":[{"@type":"ReadAction","target":["https:\/\/develop.olympic.ca\/olympique\/utilisation-de-la-marque-olympique\/definitions\/"]}]},{"@type":"ImageObject","inLanguage":"fr-FR","@id":"https:\/\/develop.olympic.ca\/olympique\/utilisation-de-la-marque-olympique\/definitions\/#primaryimage","url":"http:\/\/develop.olympic.ca\/wp-content\/uploads\/sites\/2\/2012\/03\/sampleofprotectedmarks.jpg","contentUrl":"http:\/\/develop.olympic.ca\/wp-content\/uploads\/sites\/2\/2012\/03\/sampleofprotectedmarks.jpg"},{"@type":"BreadcrumbList","@id":"https:\/\/develop.olympic.ca\/olympique\/utilisation-de-la-marque-olympique\/definitions\/#breadcrumb","itemListElement":[{"@type":"ListItem","position":1,"name":"Utilisation de la marque","item":"https:\/\/develop.olympic.ca\/olympique\/utilisation-de-la-marque-olympique\/"},{"@type":"ListItem","position":2,"name":"D\u00e9finitions"}]},{"@type":"WebSite","@id":"https:\/\/develop.olympic.ca\/olympique\/#website","url":"https:\/\/develop.olympic.ca\/olympique\/","name":"\u00c9quipe Canada | Site officiel de l&#039;\u00e9quipe olympique","description":"Votre source pour l\u2019\u00c9quipe olympique canadienne. Retrouvez les r\u00e9cits, vid\u00e9os et photos des athl\u00e8tes canadiens, sports olympiques, Jeux olympiques de 2020 et bien plus!","potentialAction":[{"@type":"SearchAction","target":{"@type":"EntryPoint","urlTemplate":"https:\/\/develop.olympic.ca\/olympique\/?s={search_term_string}"},"query-input":{"@type":"PropertyValueSpecification","valueRequired":true,"valueName":"search_term_string"}}],"inLanguage":"fr-FR"}]}},"jetpack_sharing_enabled":true,"jetpack-related-posts":[],"jetpack_shortlink":"https:\/\/wp.me\/PbmyEP-7fC","_links":{"self":[{"href":"https:\/\/develop.olympic.ca\/olympique\/wp-json\/wp\/v2\/pages\/27876","targetHints":{"allow":["GET"]}}],"collection":[{"href":"https:\/\/develop.olympic.ca\/olympique\/wp-json\/wp\/v2\/pages"}],"about":[{"href":"https:\/\/develop.olympic.ca\/olympique\/wp-json\/wp\/v2\/types\/page"}],"author":[{"embeddable":true,"href":"https:\/\/develop.olympic.ca\/olympique\/wp-json\/wp\/v2\/users\/47562643"}],"replies":[{"embeddable":true,"href":"https:\/\/develop.olympic.ca\/olympique\/wp-json\/wp\/v2\/comments?post=27876"}],"version-history":[{"count":2,"href":"https:\/\/develop.olympic.ca\/olympique\/wp-json\/wp\/v2\/pages\/27876\/revisions"}],"predecessor-version":[{"id":178035,"href":"https:\/\/develop.olympic.ca\/olympique\/wp-json\/wp\/v2\/pages\/27876\/revisions\/178035"}],"up":[{"embeddable":true,"href":"https:\/\/develop.olympic.ca\/olympique\/wp-json\/wp\/v2\/pages\/3516"}],"wp:attachment":[{"href":"https:\/\/develop.olympic.ca\/olympique\/wp-json\/wp\/v2\/media?parent=27876"}],"wp:term":[{"taxonomy":"author","embeddable":true,"href":"https:\/\/develop.olympic.ca\/olympique\/wp-json\/wp\/v2\/coauthors?post=27876"}],"curies":[{"name":"wp","href":"https:\/\/api.w.org\/{rel}","templated":true}]}}