{"id":3112,"date":"2011-08-26T20:39:19","date_gmt":"2011-08-27T00:39:19","guid":{"rendered":"http:\/\/develop.olympic.ca\/?page_id=3112"},"modified":"2023-03-07T18:03:37","modified_gmt":"2023-03-07T23:03:37","slug":"comite-olympique-canadien","status":"publish","type":"page","link":"https:\/\/develop.olympic.ca\/olympique\/comite-olympique-canadien\/","title":{"rendered":"Aper\u00e7u du Comit\u00e9 olympique canadien"},"content":{"rendered":"\n<p class=\"wp-block-paragraph\">La raison d\u2019\u00eatre du Comit\u00e9 olympique canadien (COC) est de transformer le Canada par le pouvoir du sport.<\/p>\n\n\n\n<p class=\"wp-block-paragraph\">Pour ce faire, nous jouons un r\u00f4le de premier plan dans la r\u00e9alisation des podiums d\u2019\u00c9quipe Canada et dans la promotion des valeurs olympiques \u00e0 travers le Canada.<\/p>\n\n\n\n<figure class=\"wp-block-image\"><img loading=\"lazy\" decoding=\"async\" width=\"2500\" height=\"1667\" src=\"https:\/\/develop.olympic.ca\/wp-content\/uploads\/sites\/2\/2018\/08\/daj_20180219_teamcanada_0016439.jpg?quality=100\" alt=\"\" class=\"wp-image-142416\" srcset=\"https:\/\/develop.olympic.ca\/olympique\/wp-content\/uploads\/sites\/2\/2018\/08\/daj_20180219_teamcanada_0016439.jpg 2500w, https:\/\/develop.olympic.ca\/olympique\/wp-content\/uploads\/sites\/2\/2018\/08\/daj_20180219_teamcanada_0016439.jpg?resize=237,158 237w, https:\/\/develop.olympic.ca\/olympique\/wp-content\/uploads\/sites\/2\/2018\/08\/daj_20180219_teamcanada_0016439.jpg?resize=556,371 556w, https:\/\/develop.olympic.ca\/olympique\/wp-content\/uploads\/sites\/2\/2018\/08\/daj_20180219_teamcanada_0016439.jpg?resize=768,512 768w, https:\/\/develop.olympic.ca\/olympique\/wp-content\/uploads\/sites\/2\/2018\/08\/daj_20180219_teamcanada_0016439.jpg?resize=1131,754 1131w, https:\/\/develop.olympic.ca\/olympique\/wp-content\/uploads\/sites\/2\/2018\/08\/daj_20180219_teamcanada_0016439.jpg?resize=1536,1024 1536w, https:\/\/develop.olympic.ca\/olympique\/wp-content\/uploads\/sites\/2\/2018\/08\/daj_20180219_teamcanada_0016439.jpg?resize=2048,1366 2048w\" sizes=\"(max-width: 2500px) 100vw, 2500px\" \/><\/figure>\n\n\n\n<h2 class=\"wp-block-heading\"><strong>Succ\u00e8s sur le podium<\/strong><\/h2>\n\n\n\n<p class=\"wp-block-paragraph\">En tant que pilier du mouvement olympique canadien, le COC travaille avec les organismes nationaux de sport (ONS) pour pr\u00e9parer l\u2019\u00e9quipe canadienne aux Jeux olympiques, aux Jeux olympiques de la jeunesse et aux Jeux panam\u00e9ricains.<\/p>\n\n\n\n<p class=\"wp-block-paragraph\">Par l\u2019interm\u00e9diaire des ONS, des partenaires sportifs comme \u00c0 nous le podium et le R\u00e9seau des instituts canadiens du sport olympique et paralympique, et des programmes internes, le COC est actif \u00e0 chaque \u00e9tape du parcours des athl\u00e8tes, du d\u00e9veloppement et de l\u2019\u00e9ducation \u00e0 la comp\u00e9tition aux Jeux, ainsi qu\u2019\u00e0 l\u2019orientation professionnelle et le soutien \u00e0 la sant\u00e9 mentale gr\u00e2ce \u00e0 des programmes comme Plan de match.<\/p>\n\n\n\n<p class=\"wp-block-paragraph\">Nous croyons que le succ\u00e8s \u00e0 long terme du sport de haut niveau repose sur l&rsquo;acc\u00e8s \u00e9tendu et les exp\u00e9riences positives dans toutes les \u00e9tapes du parcours de l&rsquo;athl\u00e8te dans le sport. En retour, nous nous engageons \u00e0 poursuivre sans rel\u00e2che un syst\u00e8me sportif s\u00e9curitaire, inclusif et accessible.<\/p>\n\n\n\n<figure class=\"wp-block-image\"><img loading=\"lazy\" decoding=\"async\" width=\"1340\" height=\"869\" src=\"https:\/\/develop.olympic.ca\/wp-content\/uploads\/sites\/2\/2016\/08\/rosiemaclennan_gold_jasonransomphoto-111-5-e1471030946290.jpg?quality=100\" alt=\"Rosie Maclennan avec le drapeau canadien et sa m\u00e9daille d'or de l'\u00e9preuve de trampoline aux Jeux de Rio. 12 ao\u00fbt 2016. Photo Jason Ransom\" class=\"wp-image-122117\" srcset=\"https:\/\/develop.olympic.ca\/olympique\/wp-content\/uploads\/sites\/2\/2016\/08\/rosiemaclennan_gold_jasonransomphoto-111-5-e1471030946290.jpg 1340w, https:\/\/develop.olympic.ca\/olympique\/wp-content\/uploads\/sites\/2\/2016\/08\/rosiemaclennan_gold_jasonransomphoto-111-5-e1471030946290.jpg?resize=244,158 244w, https:\/\/develop.olympic.ca\/olympique\/wp-content\/uploads\/sites\/2\/2016\/08\/rosiemaclennan_gold_jasonransomphoto-111-5-e1471030946290.jpg?resize=572,371 572w, https:\/\/develop.olympic.ca\/olympique\/wp-content\/uploads\/sites\/2\/2016\/08\/rosiemaclennan_gold_jasonransomphoto-111-5-e1471030946290.jpg?resize=768,498 768w, https:\/\/develop.olympic.ca\/olympique\/wp-content\/uploads\/sites\/2\/2016\/08\/rosiemaclennan_gold_jasonransomphoto-111-5-e1471030946290.jpg?resize=1163,754 1163w\" sizes=\"(max-width: 1340px) 100vw, 1340px\" \/><\/figure>\n\n\n\n<h2 class=\"wp-block-heading\"><strong>Programme Impact d\u2019\u00c9quipe Canada<\/strong><\/h2>\n\n\n\n<p class=\"wp-block-paragraph\">Nous croyons que le sport a le pouvoir de transformer le Canada. Le COC aspire \u00e0 b\u00e2tir un syst\u00e8me sportif s\u00e9curitaire, inclusif et accessible o\u00f9 davantage de jeunes peuvent pratiquer un sport et s\u2019y &lsquo;\u00e9panouir. Pour ce faire, nous nous concentrons sur trois domaines cl\u00e9s :<\/p>\n\n\n\n<p class=\"wp-block-paragraph\"><strong>Podium : <\/strong>b\u00e2tir sans rel\u00e2che un syst\u00e8me sportif s\u00e9curitaire, inclusif et accessible.<\/p>\n\n\n\n<p class=\"wp-block-paragraph\"><strong>Jeu : <\/strong>inspirer \u00e0 la jeunesse le go\u00fbt de la pratique sportive.<\/p>\n\n\n\n<p class=\"wp-block-paragraph\"><strong>Plan\u00e8te : <\/strong>mener les efforts de pr\u00e9servation de nos environnements sportifs.<\/p>\n\n\n\n<p class=\"wp-block-paragraph\"><a href=\"https:\/\/develop.olympic.ca\/olympique\/programme-impact\/\">En savoir plus sur notre programme Impact.<\/a><\/p>\n\n\n\n<h2 class=\"wp-block-heading\"><strong>Reconnaissance des terres<\/strong><\/h2>\n\n\n\n<p class=\"wp-block-paragraph\">Les efforts du Comit\u00e9 olympique canadien visant \u00e0 nous rassembler par le sport ont lieu sur les territoires vis\u00e9s par un trait\u00e9 ou non c\u00e9d\u00e9s qui font partie de l\u2019\u00cele de la Tortue. Nous reconnaissons que nos deux si\u00e8ges sociaux sont situ\u00e9s sur les territoires traditionnels des Mississaugas de Credit, des Anishinaabe, des Chippewa, des Haudenosaunee, des Wendat et de la nation Kanien\u2019keh\u00e0:ka.<\/p>\n\n\n\n<figure class=\"wp-block-image size-large\"><img loading=\"lazy\" decoding=\"async\" height=\"754\" width=\"1125\" src=\"https:\/\/develop.olympic.ca\/olympique\/wp-content\/uploads\/sites\/2\/2021\/09\/MDB_20210806_5952.jpg?quality=100&amp;w=1125\" alt=\"Christine Sinclair et Kailen Sheridan gagnent le medaille d'or a Tokyo 2020\" class=\"wp-image-189866\" srcset=\"https:\/\/develop.olympic.ca\/olympique\/wp-content\/uploads\/sites\/2\/2021\/09\/MDB_20210806_5952.jpg 1200w, https:\/\/develop.olympic.ca\/olympique\/wp-content\/uploads\/sites\/2\/2021\/09\/MDB_20210806_5952.jpg?resize=236,158 236w, https:\/\/develop.olympic.ca\/olympique\/wp-content\/uploads\/sites\/2\/2021\/09\/MDB_20210806_5952.jpg?resize=554,371 554w, https:\/\/develop.olympic.ca\/olympique\/wp-content\/uploads\/sites\/2\/2021\/09\/MDB_20210806_5952.jpg?resize=768,515 768w, https:\/\/develop.olympic.ca\/olympique\/wp-content\/uploads\/sites\/2\/2021\/09\/MDB_20210806_5952.jpg?resize=1125,754 1125w\" sizes=\"(max-width: 1125px) 100vw, 1125px\" \/><\/figure>\n\n\n\n<p class=\"wp-block-paragraph\">Contribuer \u00e0 la cr\u00e9ation d\u2019un syst\u00e8me sportif s\u00e9curitaire, inclusif et accessible commence dans notre propre organisation. Nous sommes fiers d\u2019offrir un espace de travail s\u00e9curitaire et sain alors que nous nous effor\u00e7ons de transformer le Canada par le pouvoir du sport.<\/p>\n\n\n\n<p class=\"wp-block-paragraph\"><a href=\"https:\/\/develop.olympic.ca\/olympique\/possibilites-demploi\/\">Pour en savoir plus sur les postes offerts au COC.<\/a><\/p>\n","protected":false},"excerpt":{"rendered":"<p>La raison d\u2019\u00eatre du Comit\u00e9 olympique canadien (COC) est de transformer le Canada par le pouvoir du sport. Pour ce&#8230;<\/p>\n","protected":false},"author":47562643,"featured_media":189869,"parent":0,"menu_order":13,"comment_status":"closed","ping_status":"closed","template":"templates\/template-about.php","meta":{"_edit_last":["132083754"],"_wp_page_template":["templates\/template-about.php"],"s2mail":["yes"],"_seosmart_cache":["a:2:{s:8:\"keywords\";a:0:{}s:4:\"time\";s:10:\"1336172680\";}"],"_original_post_id":["3112"],"_original_import_author":["joebarnett"],"_wpcom_imported":["a:2:{s:8:\"importer\";s:9:\"wordpress\";s:4:\"date\";s:19:\"2013-07-21 18:11:11\";}"],"original_post_id":["3112"],"_wp_old_slug":["3112"],"_edit_lock":["1678230218:132083754"],"_elasticsearch_indexed_on":["2011-08-27 00:39:19"],"seo_translation_link":["http:\/\/develop.olympic.ca\/canadian-olympic-committee\/"],"_x_multifield_breaking_news":["a:1:{i:0;a:1:{s:18:\"breaking_news_text\";s:0:\"\";}}"],"_akismet_post_spam":["0"],"_thumbnail_id":["189869"],"_x_multifield_seo_accordion":["a:1:{i:0;a:2:{s:19:\"seo_accordion_title\";s:0:\"\";s:25:\"seo_accordion_description\";s:0:\"\";}}"],"coc_campaign_options":["a:4:{s:16:\"coc_campaign_tag\";s:0:\"\";s:15:\"coc_campaign_bg\";N;s:25:\"coc_campaign_bg_downloads\";a:0:{}s:20:\"coc_campaign_posters\";a:0:{}}"],"geo_public":["0"],"coc_team_options":["a:1:{s:15:\"coc_game_select\";i:216378;}"],"coc_oc_landing_options":["a:2:{s:17:\"coc_oc_landing_bg\";N;s:22:\"coc_oc_landing_stories\";a:0:{}}"],"coc_edit_profile_options":["a:1:{s:20:\"coc_favourite_sports\";a:0:{}}"],"coc_oc_reward_options":["a:13:{s:16:\"coc_oc_reward_id\";s:0:\"\";s:19:\"coc_oc_ac_reward_id\";s:0:\"\";s:20:\"coc_oc_reward_points\";s:0:\"\";s:19:\"coc_oc_reward_rules\";N;s:31:\"coc_oc_digital_download_desktop\";N;s:30:\"coc_oc_digital_download_mobile\";N;s:32:\"coc_oc_digital_download_facebook\";N;s:29:\"coc_oc_reward_success_message\";s:0:\"\";s:23:\"coc_oc_facebook_content\";s:0:\"\";s:22:\"coc_oc_twitter_content\";s:0:\"\";s:24:\"coc_oc_social_contest_id\";s:0:\"\";s:31:\"coc_oc_reward_logged_in_message\";s:0:\"\";s:32:\"coc_oc_reward_logged_out_message\";s:0:\"\";}"],"coc_sharing_options":["a:1:{s:18:\"coc_hide_share_bar\";b:0;}"],"coc_press_options":["a:2:{s:28:\"coc_press_additional_content\";s:0:\"\";s:27:\"coc_press_resource_category\";a:0:{}}"],"coc_breaking_news_options":["a:1:{s:25:\"coc_breaking_news_details\";a:0:{}}"],"coc_be_olympic_options":["a:8:{s:37:\"coc_be_olympic_exclusive_content_link\";s:0:\"\";s:27:\"coc_be_olympic_videos_title\";s:0:\"\";s:21:\"coc_be_olympic_videos\";a:0:{}s:27:\"coc_be_olympic_photos_title\";s:0:\"\";s:21:\"coc_be_olympic_photos\";a:0:{}s:24:\"coc_be_olympic_downloads\";a:0:{}s:22:\"coc_be_olympic_quizzes\";a:0:{}s:26:\"coc_be_olympic_fan_fun_ads\";a:0:{}}"],"coc_fan_fun_options":["a:2:{s:23:\"coc_fan_fun_hammer_time\";a:2:{s:29:\"coc_fan_fun_hammer_time_image\";N;s:27:\"coc_fan_fun_hammer_time_url\";s:0:\"\";}s:22:\"coc_fan_fun_torch_dash\";a:2:{s:28:\"coc_fan_fun_torch_dash_image\";N;s:26:\"coc_fan_fun_torch_dash_url\";s:0:\"\";}}"],"coc_interactive_game_options":["a:3:{s:28:\"coc_interactive_game_message\";s:0:\"\";s:24:\"coc_interactive_game_url\";s:0:\"\";s:27:\"coc_interactive_game_iframe\";b:0;}"],"coc_olympic_club_options":["a:1:{s:12:\"redirect_url\";s:0:\"\";}"],"coc_favorites_options":["a:3:{s:13:\"content_types\";a:0:{}s:7:\"seasons\";a:0:{}s:4:\"gear\";a:0:{}}"],"coc_og_tags":["a:3:{s:8:\"og_title\";s:0:\"\";s:14:\"og_description\";s:0:\"\";s:8:\"og_image\";N;}"],"coc_education_options":["A"],"coc_page_options":["a:2:{s:14:\"show_crazy_egg\";b:0;s:30:\"coc_partner_takeover_ads_story\";a:5:{s:20:\"coc_ad_story_desktop\";N;s:26:\"coc_ad_story_desktop_label\";s:0:\"\";s:19:\"coc_ad_story_mobile\";N;s:25:\"coc_ad_story_mobile_label\";s:0:\"\";s:16:\"coc_ad_story_url\";s:0:\"\";}}"],"coc_donor_video_options":["a:1:{s:21:\"donor_featured_videos\";a:0:{}}"],"coc_about_video_options":["a:1:{s:11:\"about_video\";a:3:{s:21:\"coc_about_video_title\";s:0:\"\";s:20:\"coc_about_video_text\";s:0:\"\";s:21:\"coc_about_youtube_url\";s:0:\"\";}}"],"coc_about_image_options":["a:1:{s:11:\"about_image\";a:3:{s:21:\"coc_about_image_title\";s:0:\"\";s:20:\"coc_about_image_text\";s:0:\"\";s:19:\"coc_about_image_url\";N;}}"],"coc_about_reporting_options":["a:1:{s:23:\"about_reporting_options\";a:0:{}}"],"coc_about_audit_options":["a:1:{s:19:\"about_audit_options\";a:0:{}}"],"coc_giving_options":["a:1:{s:14:\"giving_options\";a:0:{}}"],"coc_homepage_video_options":["a:1:{s:13:\"video_options\";a:1:{s:18:\"coc_homepage_video\";s:0:\"\";}}"],"coc_homepage_priorities":["a:1:{s:16:\"priority_options\";a:0:{}}"],"coc_homepage_campaign_options":["a:1:{s:16:\"campaign_options\";a:3:{s:24:\"coc_campaign_video_title\";s:0:\"\";s:23:\"coc_campaign_video_text\";s:0:\"\";s:24:\"coc_campaign_youtube_url\";s:0:\"\";}}"],"hof_selected_committee":["a:1:{s:11:\"hof_members\";a:0:{}}"],"hof_partners_options":["a:1:{s:12:\"hof_partners\";a:0:{}}"],"hof_search_excerpt":["a:1:{s:18:\"coc_search_excerpt\";s:0:\"\";}"],"coc_games":[""],"_coc_games":["field_5e83bf020f51f"],"coc_trivia":[""],"_coc_trivia":["field_5e83bacdec2aa"],"_last_editor_used_jetpack":["block-editor"],"_yoast_wpseo_content_score":["60"],"_yoast_wpseo_estimated-reading-time-minutes":["3"]},"coauthors":[186127234],"class_list":["post-3112","page","type-page","status-publish","format-standard","has-post-thumbnail","hentry"],"acf":[],"yoast_head":"<!-- This site is optimized with the Yoast SEO plugin v27.3 - https:\/\/yoast.com\/product\/yoast-seo-wordpress\/ -->\n<title>Aper\u00e7u du Comit\u00e9 olympique canadien - \u00c9quipe Canada | Site officiel de l&#039;\u00e9quipe olympique<\/title>\n<meta name=\"robots\" content=\"index, follow, max-snippet:-1, max-image-preview:large, max-video-preview:-1\" \/>\n<link rel=\"canonical\" href=\"https:\/\/develop.olympic.ca\/olympique\/comite-olympique-canadien\/\" \/>\n<meta property=\"og:locale\" content=\"fr_FR\" \/>\n<meta property=\"og:type\" content=\"article\" \/>\n<meta property=\"og:title\" content=\"Aper\u00e7u du Comit\u00e9 olympique canadien - \u00c9quipe Canada | Site officiel de l&#039;\u00e9quipe olympique\" \/>\n<meta property=\"og:description\" content=\"La raison d\u2019\u00eatre du Comit\u00e9 olympique canadien (COC) est de transformer le Canada par le pouvoir du sport. Pour ce...\" \/>\n<meta property=\"og:url\" content=\"https:\/\/develop.olympic.ca\/olympique\/comite-olympique-canadien\/\" \/>\n<meta property=\"og:site_name\" content=\"\u00c9quipe Canada | Site officiel de l&#039;\u00e9quipe olympique\" \/>\n<meta property=\"article:modified_time\" content=\"2023-03-07T23:03:37+00:00\" \/>\n<meta property=\"og:image\" content=\"https:\/\/develop.olympic.ca\/olympique\/wp-content\/uploads\/sites\/2\/2021\/09\/IMG_9830.jpg?quality=100\" \/>\n\t<meta property=\"og:image:width\" content=\"1200\" \/>\n\t<meta property=\"og:image:height\" content=\"800\" \/>\n\t<meta property=\"og:image:type\" content=\"image\/jpeg\" \/>\n<meta name=\"twitter:card\" content=\"summary_large_image\" \/>\n<meta name=\"twitter:label1\" content=\"Est. reading time\" \/>\n\t<meta name=\"twitter:data1\" content=\"3 minutes\" \/>\n\t<meta name=\"twitter:label2\" content=\"Written by\" \/>\n\t<meta name=\"twitter:data2\" content=\"Comit\u00e9 olympique canadien\" \/>\n<script type=\"application\/ld+json\" class=\"yoast-schema-graph\">{\"@context\":\"https:\\\/\\\/schema.org\",\"@graph\":[{\"@type\":\"WebPage\",\"@id\":\"https:\\\/\\\/develop.olympic.ca\\\/olympique\\\/comite-olympique-canadien\\\/\",\"url\":\"https:\\\/\\\/develop.olympic.ca\\\/olympique\\\/comite-olympique-canadien\\\/\",\"name\":\"Aper\u00e7u du Comit\u00e9 olympique canadien - \u00c9quipe Canada | Site officiel de l&#039;\u00e9quipe olympique\",\"isPartOf\":{\"@id\":\"https:\\\/\\\/develop.olympic.ca\\\/olympique\\\/#website\"},\"primaryImageOfPage\":{\"@id\":\"https:\\\/\\\/develop.olympic.ca\\\/olympique\\\/comite-olympique-canadien\\\/#primaryimage\"},\"image\":{\"@id\":\"https:\\\/\\\/develop.olympic.ca\\\/olympique\\\/comite-olympique-canadien\\\/#primaryimage\"},\"thumbnailUrl\":\"https:\\\/\\\/develop.olympic.ca\\\/olympique\\\/wp-content\\\/uploads\\\/sites\\\/2\\\/2021\\\/09\\\/IMG_9830.jpg?quality=100\",\"datePublished\":\"2011-08-27T00:39:19+00:00\",\"dateModified\":\"2023-03-07T23:03:37+00:00\",\"inLanguage\":\"fr-FR\",\"potentialAction\":[{\"@type\":\"ReadAction\",\"target\":[\"https:\\\/\\\/develop.olympic.ca\\\/olympique\\\/comite-olympique-canadien\\\/\"]}]},{\"@type\":\"ImageObject\",\"inLanguage\":\"fr-FR\",\"@id\":\"https:\\\/\\\/develop.olympic.ca\\\/olympique\\\/comite-olympique-canadien\\\/#primaryimage\",\"url\":\"https:\\\/\\\/develop.olympic.ca\\\/olympique\\\/wp-content\\\/uploads\\\/sites\\\/2\\\/2021\\\/09\\\/IMG_9830.jpg?quality=100\",\"contentUrl\":\"https:\\\/\\\/develop.olympic.ca\\\/olympique\\\/wp-content\\\/uploads\\\/sites\\\/2\\\/2021\\\/09\\\/IMG_9830.jpg?quality=100\",\"width\":1200,\"height\":800},{\"@type\":\"WebSite\",\"@id\":\"https:\\\/\\\/develop.olympic.ca\\\/olympique\\\/#website\",\"url\":\"https:\\\/\\\/develop.olympic.ca\\\/olympique\\\/\",\"name\":\"\u00c9quipe Canada | Site officiel de l&#039;\u00e9quipe olympique\",\"description\":\"Votre source pour l\u2019\u00c9quipe olympique canadienne. Retrouvez les r\u00e9cits, vid\u00e9os et photos des athl\u00e8tes canadiens, sports olympiques, Jeux olympiques de 2020 et bien plus!\",\"potentialAction\":[{\"@type\":\"SearchAction\",\"target\":{\"@type\":\"EntryPoint\",\"urlTemplate\":\"https:\\\/\\\/develop.olympic.ca\\\/olympique\\\/?s={search_term_string}\"},\"query-input\":{\"@type\":\"PropertyValueSpecification\",\"valueRequired\":true,\"valueName\":\"search_term_string\"}}],\"inLanguage\":\"fr-FR\"}]}<\/script>\n<!-- \/ Yoast SEO plugin. -->","yoast_head_json":{"title":"Aper\u00e7u du Comit\u00e9 olympique canadien - \u00c9quipe Canada | Site officiel de l&#039;\u00e9quipe olympique","robots":{"index":"index","follow":"follow","max-snippet":"max-snippet:-1","max-image-preview":"max-image-preview:large","max-video-preview":"max-video-preview:-1"},"canonical":"https:\/\/develop.olympic.ca\/olympique\/comite-olympique-canadien\/","og_locale":"fr_FR","og_type":"article","og_title":"Aper\u00e7u du Comit\u00e9 olympique canadien - \u00c9quipe Canada | Site officiel de l&#039;\u00e9quipe olympique","og_description":"La raison d\u2019\u00eatre du Comit\u00e9 olympique canadien (COC) est de transformer le Canada par le pouvoir du sport. Pour ce...","og_url":"https:\/\/develop.olympic.ca\/olympique\/comite-olympique-canadien\/","og_site_name":"\u00c9quipe Canada | Site officiel de l&#039;\u00e9quipe olympique","article_modified_time":"2023-03-07T23:03:37+00:00","og_image":[{"width":1200,"height":800,"url":"https:\/\/develop.olympic.ca\/olympique\/wp-content\/uploads\/sites\/2\/2021\/09\/IMG_9830.jpg?quality=100","type":"image\/jpeg"}],"twitter_card":"summary_large_image","twitter_misc":{"Est. reading time":"3 minutes","Written by":"Comit\u00e9 olympique canadien"},"schema":{"@context":"https:\/\/schema.org","@graph":[{"@type":"WebPage","@id":"https:\/\/develop.olympic.ca\/olympique\/comite-olympique-canadien\/","url":"https:\/\/develop.olympic.ca\/olympique\/comite-olympique-canadien\/","name":"Aper\u00e7u du Comit\u00e9 olympique canadien - \u00c9quipe Canada | Site officiel de l&#039;\u00e9quipe olympique","isPartOf":{"@id":"https:\/\/develop.olympic.ca\/olympique\/#website"},"primaryImageOfPage":{"@id":"https:\/\/develop.olympic.ca\/olympique\/comite-olympique-canadien\/#primaryimage"},"image":{"@id":"https:\/\/develop.olympic.ca\/olympique\/comite-olympique-canadien\/#primaryimage"},"thumbnailUrl":"https:\/\/develop.olympic.ca\/olympique\/wp-content\/uploads\/sites\/2\/2021\/09\/IMG_9830.jpg?quality=100","datePublished":"2011-08-27T00:39:19+00:00","dateModified":"2023-03-07T23:03:37+00:00","inLanguage":"fr-FR","potentialAction":[{"@type":"ReadAction","target":["https:\/\/develop.olympic.ca\/olympique\/comite-olympique-canadien\/"]}]},{"@type":"ImageObject","inLanguage":"fr-FR","@id":"https:\/\/develop.olympic.ca\/olympique\/comite-olympique-canadien\/#primaryimage","url":"https:\/\/develop.olympic.ca\/olympique\/wp-content\/uploads\/sites\/2\/2021\/09\/IMG_9830.jpg?quality=100","contentUrl":"https:\/\/develop.olympic.ca\/olympique\/wp-content\/uploads\/sites\/2\/2021\/09\/IMG_9830.jpg?quality=100","width":1200,"height":800},{"@type":"WebSite","@id":"https:\/\/develop.olympic.ca\/olympique\/#website","url":"https:\/\/develop.olympic.ca\/olympique\/","name":"\u00c9quipe Canada | Site officiel de l&#039;\u00e9quipe olympique","description":"Votre source pour l\u2019\u00c9quipe olympique canadienne. Retrouvez les r\u00e9cits, vid\u00e9os et photos des athl\u00e8tes canadiens, sports olympiques, Jeux olympiques de 2020 et bien plus!","potentialAction":[{"@type":"SearchAction","target":{"@type":"EntryPoint","urlTemplate":"https:\/\/develop.olympic.ca\/olympique\/?s={search_term_string}"},"query-input":{"@type":"PropertyValueSpecification","valueRequired":true,"valueName":"search_term_string"}}],"inLanguage":"fr-FR"}]}},"jetpack_sharing_enabled":true,"jetpack-related-posts":[],"jetpack_shortlink":"https:\/\/wp.me\/PbmyEP-Oc","_links":{"self":[{"href":"https:\/\/develop.olympic.ca\/olympique\/wp-json\/wp\/v2\/pages\/3112","targetHints":{"allow":["GET"]}}],"collection":[{"href":"https:\/\/develop.olympic.ca\/olympique\/wp-json\/wp\/v2\/pages"}],"about":[{"href":"https:\/\/develop.olympic.ca\/olympique\/wp-json\/wp\/v2\/types\/page"}],"author":[{"embeddable":true,"href":"https:\/\/develop.olympic.ca\/olympique\/wp-json\/wp\/v2\/users\/47562643"}],"replies":[{"embeddable":true,"href":"https:\/\/develop.olympic.ca\/olympique\/wp-json\/wp\/v2\/comments?post=3112"}],"version-history":[{"count":35,"href":"https:\/\/develop.olympic.ca\/olympique\/wp-json\/wp\/v2\/pages\/3112\/revisions"}],"predecessor-version":[{"id":218790,"href":"https:\/\/develop.olympic.ca\/olympique\/wp-json\/wp\/v2\/pages\/3112\/revisions\/218790"}],"wp:featuredmedia":[{"embeddable":true,"href":"https:\/\/develop.olympic.ca\/olympique\/wp-json\/wp\/v2\/media\/189869"}],"wp:attachment":[{"href":"https:\/\/develop.olympic.ca\/olympique\/wp-json\/wp\/v2\/media?parent=3112"}],"wp:term":[{"taxonomy":"author","embeddable":true,"href":"https:\/\/develop.olympic.ca\/olympique\/wp-json\/wp\/v2\/coauthors?post=3112"}],"curies":[{"name":"wp","href":"https:\/\/api.w.org\/{rel}","templated":true}]}}