{"id":3114,"date":"2011-08-04T16:04:10","date_gmt":"2011-08-04T20:04:10","guid":{"rendered":"http:\/\/develop.olympic.ca\/?page_id=3114"},"modified":"2024-11-11T09:52:30","modified_gmt":"2024-11-11T14:52:30","slug":"gouvernance","status":"publish","type":"page","link":"https:\/\/develop.olympic.ca\/olympique\/comite-olympique-canadien\/gouvernance\/","title":{"rendered":"Gouvernance"},"content":{"rendered":"\n<p class=\"wp-block-paragraph\">Le Comit\u00e9 olympique canadien (COC) est r\u00e9gi par un groupe important de b\u00e9n\u00e9voles repr\u00e9sentant toutes les r\u00e9gions du pays, unis par un int\u00e9r\u00eat commun envers le sport et le Mouvement olympique. \u00c0 l\u2019heure actuelle, le COC compte 3 500 membres composant une structure de gestion \u00e0 trois paliers.<\/p>\n\n\n\n<h2 class=\"wp-block-heading\"><strong>Le conseil d\u2019administration<\/strong><\/h2>\n\n\n\n<p class=\"wp-block-paragraph\">Le conseil administre les affaires du COC. Le conseil se r\u00e9unit quatre fois par ann\u00e9e et il est responsable de plusieurs activit\u00e9s y compris l\u2019approbation de la nomination du chef de la direction, fournit une orientation au chef de la direction, voit \u00e0 l\u2019adoption de politiques et de programmes qui mettent en \u0153uvre le plan strat\u00e9gique du COC, proc\u00e8de \u00e0 l\u2019adoption du budget annuel du COC et assure le suivi de la mise en \u0153uvre des politiques, des programmes et des budgets qu\u2019il adopte, de la d\u00e9termination de la taille et de la composition de chaque \u00e9quipe canadienne aux Jeux panam\u00e9ricains et olympiques, et de l\u2019approbation de tous les laur\u00e9ats \u00e0 des prix. Le conseil est redevable \u00e0 la session.<\/p>\n\n\n\n<h2 class=\"wp-block-heading\"><strong>Session<\/strong><\/h2>\n\n\n\n<p class=\"wp-block-paragraph\">La session est compos\u00e9e de repr\u00e9sentants de chacune des f\u00e9d\u00e9rations nationales de sport dont le sport est inscrit au programme officiel des Jeux olympiques, des Jeux olympiques d\u2019hiver ou des Jeux panam\u00e9ricains, des membres du CIO au Canada; des membres de l\u2019ex\u00e9cutif de la Commission des athl\u00e8tes du COC; d\u2019un repr\u00e9sentant des entra\u00eeneurs; du chef de la direction de la Fondation olympique canadienne; des pr\u00e9sidents des f\u00e9d\u00e9rations internationales r\u00e9sidant au Canada; de douze administrateurs; de deux olympiens canadiens et du chef de la direction. \u00c0 l\u2019heure actuelle, la session compte 79 membres ayant droit de vote et d\u2019un membre sans voix d\u00e9lib\u00e9rative (le chef de la direction) qui se r\u00e9unissent deux fois par ann\u00e9e. Le pr\u00e9sident sortant est \u00e9galement membre de la session. La session apporte une orientation g\u00e9n\u00e9rale au conseil d\u2019administration. Son r\u00f4le consiste principalement \u00e0 \u00e9tablir la vision, la mission, les valeurs et l\u2019orientation du COC, \u00e0 suivre les progr\u00e8s r\u00e9alis\u00e9s face aux buts \u00e0 atteindre, et \u00e0 \u00e9laborer la politique d\u2019ensemble et les objectifs strat\u00e9giques. Elle doit \u00e9galement approuver le plan strat\u00e9gique et financier quadriennal, le plan et le budget annuels, les \u00e9tats financiers du COC et le rapport des v\u00e9rificateurs; elle doit, en outre, choisir les villes candidates au nom du COC.<\/p>\n\n\n\n<h2 class=\"wp-block-heading\"><strong>Composition du COC<\/strong><\/h2>\n\n\n\n<p class=\"wp-block-paragraph\">Les membres de chaque palier de gestion peuvent \u00eatre obtenir leur poste de quatre fa\u00e7ons. Ils peuvent \u00eatre nomm\u00e9s, \u00eatre \u00e9lus, \u00eatre des membres d\u2019office ou \u00eatre d\u00e9sign\u00e9s sans voix d\u00e9lib\u00e9rative, compte tenu de leur statut de membre. Les membres \u00e9lus ont un mandat de quatre ans et ceux qui sont nomm\u00e9s restent membres jusqu\u2019\u00e0 ce que l\u2019organisme qui les a nomm\u00e9s d\u00e9signe un autre repr\u00e9sentant ou jusqu\u2019\u00e0 ce que cet organisme cesse d\u2019\u00eatre reconnu par le COC. Les membres d\u2019office gardent leur statut de membre durant toute la dur\u00e9e de leur mandat. La r\u00e9union quadriennale 2009 a \u00e9t\u00e9 une r\u00e9union de transition vers le nouveau cadre de la structure de gouvernance du COC. En cons\u00e9quence, la moiti\u00e9 des membres B de la Session du COC, la moiti\u00e9 des postes de membres non dirigeants du conseil et la moiti\u00e9 des membres dirigeants ont \u00e9t\u00e9 \u00e9lus pour un mandat de deux ans, et l\u2019autre moiti\u00e9 pour quatre ans. D\u00e8s que les postes assortis d\u2019un mandat de deux ans feront l\u2019objet d\u2019\u00e9lection, ils seront \u00e9lus pour quatre ans. Cela assure qu\u2019aux deux ans, la moiti\u00e9 des membres B de la Session, la moiti\u00e9 des membres non dirigeants du conseil et la moiti\u00e9 des dirigeants seront \u00e9lus pour des mandats de quatre ans assurant ainsi la continuit\u00e9 et un certain chevauchement entre les postes \u00e9lus au sein du COC.<\/p>\n\n\n\n<h2 class=\"wp-block-heading\"><strong>R\u00f4le des membres du COC<\/strong><\/h2>\n\n\n\n<p class=\"wp-block-paragraph\">Le COC compte plus de 3 500 membres qui repr\u00e9sentent les diff\u00e9rents groupes d\u2019intervenants du Mouvement olympique au Canada, y compris tous les athl\u00e8tes et entra\u00eeneurs olympiques. Les membres agissent comme un corps de connaissance dans le processus de consultation strat\u00e9gique du COC et comme une ressource pour la Session\/le conseil et la direction du COC.<\/p>\n","protected":false},"excerpt":{"rendered":"<p>Le Comit\u00e9 olympique canadien (COC) est r\u00e9gi par un groupe important de b\u00e9n\u00e9voles repr\u00e9sentant toutes les r\u00e9gions du pays, unis&#8230;<\/p>\n","protected":false},"author":47562643,"featured_media":0,"parent":3112,"menu_order":22,"comment_status":"open","ping_status":"closed","template":"templates\/template-about.php","meta":{"_edit_last":["185434588"],"_wp_page_template":["templates\/template-about.php"],"_seosmart_cache":["a:2:{s:8:\"keywords\";a:0:{}s:4:\"time\";s:10:\"1336329741\";}"],"_original_post_id":["3114"],"_original_import_author":["joebarnett"],"_original_parent_id":["3112"],"_wpcom_imported":["a:2:{s:8:\"importer\";s:9:\"wordpress\";s:4:\"date\";s:19:\"2013-07-21 18:11:08\";}"],"original_post_id":["3114"],"_wp_old_slug":["3114"],"seo_translation_link":["http:\/\/develop.olympic.ca\/canadian-olympic-committee\/governance\/"],"_elasticsearch_indexed_on":["2011-08-27 00:56:53"],"_edit_lock":["1732040723:185434588"],"coc_sharing_options":["a:1:{s:18:\"coc_hide_share_bar\";b:0;}"],"coc_campaign_options":["a:4:{s:16:\"coc_campaign_tag\";s:0:\"\";s:15:\"coc_campaign_bg\";N;s:25:\"coc_campaign_bg_downloads\";a:0:{}s:20:\"coc_campaign_posters\";a:0:{}}"],"coc_team_options":["a:1:{s:15:\"coc_game_select\";i:143552;}"],"coc_oc_landing_options":["a:2:{s:17:\"coc_oc_landing_bg\";N;s:22:\"coc_oc_landing_stories\";a:0:{}}"],"coc_edit_profile_options":["a:1:{s:20:\"coc_favourite_sports\";a:0:{}}"],"coc_oc_reward_options":["a:13:{s:16:\"coc_oc_reward_id\";s:0:\"\";s:19:\"coc_oc_ac_reward_id\";s:0:\"\";s:20:\"coc_oc_reward_points\";s:0:\"\";s:19:\"coc_oc_reward_rules\";N;s:31:\"coc_oc_digital_download_desktop\";N;s:30:\"coc_oc_digital_download_mobile\";N;s:32:\"coc_oc_digital_download_facebook\";N;s:29:\"coc_oc_reward_success_message\";s:0:\"\";s:23:\"coc_oc_facebook_content\";s:0:\"\";s:22:\"coc_oc_twitter_content\";s:0:\"\";s:24:\"coc_oc_social_contest_id\";s:0:\"\";s:31:\"coc_oc_reward_logged_in_message\";s:0:\"\";s:32:\"coc_oc_reward_logged_out_message\";s:0:\"\";}"],"coc_press_options":["a:2:{s:28:\"coc_press_additional_content\";s:0:\"\";s:27:\"coc_press_resource_category\";a:0:{}}"],"coc_breaking_news_options":["a:1:{s:25:\"coc_breaking_news_details\";a:0:{}}"],"coc_be_olympic_options":["a:8:{s:37:\"coc_be_olympic_exclusive_content_link\";s:0:\"\";s:27:\"coc_be_olympic_videos_title\";s:0:\"\";s:21:\"coc_be_olympic_videos\";a:0:{}s:27:\"coc_be_olympic_photos_title\";s:0:\"\";s:21:\"coc_be_olympic_photos\";a:0:{}s:24:\"coc_be_olympic_downloads\";a:0:{}s:22:\"coc_be_olympic_quizzes\";a:0:{}s:26:\"coc_be_olympic_fan_fun_ads\";a:0:{}}"],"coc_fan_fun_options":["a:2:{s:23:\"coc_fan_fun_hammer_time\";a:2:{s:29:\"coc_fan_fun_hammer_time_image\";N;s:27:\"coc_fan_fun_hammer_time_url\";s:0:\"\";}s:22:\"coc_fan_fun_torch_dash\";a:2:{s:28:\"coc_fan_fun_torch_dash_image\";N;s:26:\"coc_fan_fun_torch_dash_url\";s:0:\"\";}}"],"coc_interactive_game_options":["a:3:{s:28:\"coc_interactive_game_message\";s:0:\"\";s:24:\"coc_interactive_game_url\";s:0:\"\";s:27:\"coc_interactive_game_iframe\";b:0;}"],"coc_olympic_club_options":["a:1:{s:12:\"redirect_url\";s:0:\"\";}"],"coc_favorites_options":["a:3:{s:13:\"content_types\";a:0:{}s:7:\"seasons\";a:0:{}s:4:\"gear\";a:0:{}}"],"coc_og_tags":["a:3:{s:8:\"og_title\";s:0:\"\";s:14:\"og_description\";s:0:\"\";s:8:\"og_image\";N;}"],"coc_education_options":["A"],"coc_page_options":["a:2:{s:14:\"show_crazy_egg\";b:0;s:30:\"coc_partner_takeover_ads_story\";a:5:{s:20:\"coc_ad_story_desktop\";N;s:26:\"coc_ad_story_desktop_label\";s:0:\"\";s:19:\"coc_ad_story_mobile\";N;s:25:\"coc_ad_story_mobile_label\";s:0:\"\";s:16:\"coc_ad_story_url\";s:0:\"\";}}"],"geo_public":["0"],"_x_multifield_seo_accordion":["a:1:{i:0;a:2:{s:19:\"seo_accordion_title\";s:0:\"\";s:25:\"seo_accordion_description\";s:0:\"\";}}"],"_last_editor_used_jetpack":["block-editor"],"coc_games":[""],"_coc_games":["field_5e83bf020f51f"],"coc_trivia":[""],"_coc_trivia":["field_5e83bacdec2aa"],"coc_donor_video_options":["a:1:{s:21:\"donor_featured_videos\";a:0:{}}"],"coc_about_video_options":["a:1:{s:11:\"about_video\";a:3:{s:21:\"coc_about_video_title\";s:0:\"\";s:20:\"coc_about_video_text\";s:0:\"\";s:21:\"coc_about_youtube_url\";s:0:\"\";}}"],"coc_about_image_options":["a:1:{s:11:\"about_image\";a:3:{s:21:\"coc_about_image_title\";s:0:\"\";s:20:\"coc_about_image_text\";s:0:\"\";s:19:\"coc_about_image_url\";N;}}"],"coc_about_reporting_options":["a:1:{s:23:\"about_reporting_options\";a:0:{}}"],"coc_about_audit_options":["a:1:{s:19:\"about_audit_options\";a:0:{}}"],"coc_giving_options":["a:1:{s:14:\"giving_options\";a:0:{}}"],"coc_homepage_video_options":["a:1:{s:13:\"video_options\";a:1:{s:18:\"coc_homepage_video\";s:0:\"\";}}"],"coc_homepage_priorities":["a:1:{s:16:\"priority_options\";a:0:{}}"],"coc_homepage_campaign_options":["a:1:{s:16:\"campaign_options\";a:3:{s:24:\"coc_campaign_video_title\";s:0:\"\";s:23:\"coc_campaign_video_text\";s:0:\"\";s:24:\"coc_campaign_youtube_url\";s:0:\"\";}}"],"hof_selected_committee":["a:1:{s:11:\"hof_members\";a:0:{}}"],"hof_partners_options":["a:1:{s:12:\"hof_partners\";a:0:{}}"],"hof_search_excerpt":["a:1:{s:18:\"coc_search_excerpt\";s:0:\"\";}"],"_yoast_wpseo_content_score":["30"],"_yoast_wpseo_estimated-reading-time-minutes":["3"],"seo_title":[""],"_seo_title":["field_652feeaa9308c"],"seo_focus_keyword":[""],"_seo_focus_keyword":["field_652ff0580091b"],"seo_meta_description":[""],"_seo_meta_description":["field_652feec09308d"],"_seo_translation_link":["field_652feee79308e"],"seo_accordion_module_title":[""],"_seo_accordion_module_title":["field_652fef009308f"],"seo_accordion":[""],"_seo_accordion":["field_652fef4793091"],"secondary_content":[""],"_secondary_content":["field_6530028284790"],"social_facebook":[""],"_social_facebook":["field_652ff39070798"],"social_twitter":[""],"_social_twitter":["field_652ff3a470799"],"social_instagram":[""],"_social_instagram":["field_652ff3ca7079a"],"social_linkedin":[""],"_social_linkedin":["field_652ff3e57079b"],"social_website":[""],"_social_website":["field_652ff4227079c"],"zeus_id":[""],"_zeus_id":["field_652ff4537079d"],"team_announcement_tag":[""],"_team_announcement_tag":["field_65300222e2d0d"],"coc_hide_title":["0"],"_coc_hide_title":["field_661d79f32b89b"],"video_embed_code":[""],"_video_embed_code":["field_652fecffe1114"],"facebook_video_embed_code":[""],"_facebook_video_embed_code":["field_652fedfae1121"]},"coauthors":[186127234],"class_list":["post-3114","page","type-page","status-publish","format-standard","hentry"],"acf":[],"yoast_head":"<!-- This site is optimized with the Yoast SEO plugin v27.3 - https:\/\/yoast.com\/product\/yoast-seo-wordpress\/ -->\n<title>Gouvernance - \u00c9quipe Canada | Site officiel de l&#039;\u00e9quipe olympique<\/title>\n<meta name=\"robots\" content=\"index, follow, max-snippet:-1, max-image-preview:large, max-video-preview:-1\" \/>\n<link rel=\"canonical\" href=\"https:\/\/develop.olympic.ca\/olympique\/comite-olympique-canadien\/gouvernance\/\" \/>\n<meta property=\"og:locale\" content=\"fr_FR\" \/>\n<meta property=\"og:type\" content=\"article\" \/>\n<meta property=\"og:title\" content=\"Gouvernance - \u00c9quipe Canada | Site officiel de l&#039;\u00e9quipe olympique\" \/>\n<meta property=\"og:description\" content=\"Le Comit\u00e9 olympique canadien (COC) est r\u00e9gi par un groupe important de b\u00e9n\u00e9voles repr\u00e9sentant toutes les r\u00e9gions du pays, unis...\" \/>\n<meta property=\"og:url\" content=\"https:\/\/develop.olympic.ca\/olympique\/comite-olympique-canadien\/gouvernance\/\" \/>\n<meta property=\"og:site_name\" content=\"\u00c9quipe Canada | Site officiel de l&#039;\u00e9quipe olympique\" \/>\n<meta property=\"article:modified_time\" content=\"2024-11-11T14:52:30+00:00\" \/>\n<meta name=\"twitter:card\" content=\"summary_large_image\" \/>\n<meta name=\"twitter:label1\" content=\"Est. reading time\" \/>\n\t<meta name=\"twitter:data1\" content=\"3 minutes\" \/>\n\t<meta name=\"twitter:label2\" content=\"Written by\" \/>\n\t<meta name=\"twitter:data2\" content=\"Comit\u00e9 olympique canadien\" \/>\n<script type=\"application\/ld+json\" class=\"yoast-schema-graph\">{\"@context\":\"https:\\\/\\\/schema.org\",\"@graph\":[{\"@type\":\"WebPage\",\"@id\":\"https:\\\/\\\/develop.olympic.ca\\\/olympique\\\/comite-olympique-canadien\\\/gouvernance\\\/\",\"url\":\"https:\\\/\\\/develop.olympic.ca\\\/olympique\\\/comite-olympique-canadien\\\/gouvernance\\\/\",\"name\":\"Gouvernance - \u00c9quipe Canada | Site officiel de l&#039;\u00e9quipe olympique\",\"isPartOf\":{\"@id\":\"https:\\\/\\\/develop.olympic.ca\\\/olympique\\\/#website\"},\"datePublished\":\"2011-08-04T20:04:10+00:00\",\"dateModified\":\"2024-11-11T14:52:30+00:00\",\"breadcrumb\":{\"@id\":\"https:\\\/\\\/develop.olympic.ca\\\/olympique\\\/comite-olympique-canadien\\\/gouvernance\\\/#breadcrumb\"},\"inLanguage\":\"fr-FR\",\"potentialAction\":[{\"@type\":\"ReadAction\",\"target\":[\"https:\\\/\\\/develop.olympic.ca\\\/olympique\\\/comite-olympique-canadien\\\/gouvernance\\\/\"]}]},{\"@type\":\"BreadcrumbList\",\"@id\":\"https:\\\/\\\/develop.olympic.ca\\\/olympique\\\/comite-olympique-canadien\\\/gouvernance\\\/#breadcrumb\",\"itemListElement\":[{\"@type\":\"ListItem\",\"position\":1,\"name\":\"Aper\u00e7u du Comit\u00e9 olympique canadien\",\"item\":\"https:\\\/\\\/develop.olympic.ca\\\/olympique\\\/comite-olympique-canadien\\\/\"},{\"@type\":\"ListItem\",\"position\":2,\"name\":\"Gouvernance\"}]},{\"@type\":\"WebSite\",\"@id\":\"https:\\\/\\\/develop.olympic.ca\\\/olympique\\\/#website\",\"url\":\"https:\\\/\\\/develop.olympic.ca\\\/olympique\\\/\",\"name\":\"\u00c9quipe Canada | Site officiel de l&#039;\u00e9quipe olympique\",\"description\":\"Votre source pour l\u2019\u00c9quipe olympique canadienne. Retrouvez les r\u00e9cits, vid\u00e9os et photos des athl\u00e8tes canadiens, sports olympiques, Jeux olympiques de 2020 et bien plus!\",\"potentialAction\":[{\"@type\":\"SearchAction\",\"target\":{\"@type\":\"EntryPoint\",\"urlTemplate\":\"https:\\\/\\\/develop.olympic.ca\\\/olympique\\\/?s={search_term_string}\"},\"query-input\":{\"@type\":\"PropertyValueSpecification\",\"valueRequired\":true,\"valueName\":\"search_term_string\"}}],\"inLanguage\":\"fr-FR\"}]}<\/script>\n<!-- \/ Yoast SEO plugin. -->","yoast_head_json":{"title":"Gouvernance - \u00c9quipe Canada | Site officiel de l&#039;\u00e9quipe olympique","robots":{"index":"index","follow":"follow","max-snippet":"max-snippet:-1","max-image-preview":"max-image-preview:large","max-video-preview":"max-video-preview:-1"},"canonical":"https:\/\/develop.olympic.ca\/olympique\/comite-olympique-canadien\/gouvernance\/","og_locale":"fr_FR","og_type":"article","og_title":"Gouvernance - \u00c9quipe Canada | Site officiel de l&#039;\u00e9quipe olympique","og_description":"Le Comit\u00e9 olympique canadien (COC) est r\u00e9gi par un groupe important de b\u00e9n\u00e9voles repr\u00e9sentant toutes les r\u00e9gions du pays, unis...","og_url":"https:\/\/develop.olympic.ca\/olympique\/comite-olympique-canadien\/gouvernance\/","og_site_name":"\u00c9quipe Canada | Site officiel de l&#039;\u00e9quipe olympique","article_modified_time":"2024-11-11T14:52:30+00:00","twitter_card":"summary_large_image","twitter_misc":{"Est. reading time":"3 minutes","Written by":"Comit\u00e9 olympique canadien"},"schema":{"@context":"https:\/\/schema.org","@graph":[{"@type":"WebPage","@id":"https:\/\/develop.olympic.ca\/olympique\/comite-olympique-canadien\/gouvernance\/","url":"https:\/\/develop.olympic.ca\/olympique\/comite-olympique-canadien\/gouvernance\/","name":"Gouvernance - \u00c9quipe Canada | Site officiel de l&#039;\u00e9quipe olympique","isPartOf":{"@id":"https:\/\/develop.olympic.ca\/olympique\/#website"},"datePublished":"2011-08-04T20:04:10+00:00","dateModified":"2024-11-11T14:52:30+00:00","breadcrumb":{"@id":"https:\/\/develop.olympic.ca\/olympique\/comite-olympique-canadien\/gouvernance\/#breadcrumb"},"inLanguage":"fr-FR","potentialAction":[{"@type":"ReadAction","target":["https:\/\/develop.olympic.ca\/olympique\/comite-olympique-canadien\/gouvernance\/"]}]},{"@type":"BreadcrumbList","@id":"https:\/\/develop.olympic.ca\/olympique\/comite-olympique-canadien\/gouvernance\/#breadcrumb","itemListElement":[{"@type":"ListItem","position":1,"name":"Aper\u00e7u du Comit\u00e9 olympique canadien","item":"https:\/\/develop.olympic.ca\/olympique\/comite-olympique-canadien\/"},{"@type":"ListItem","position":2,"name":"Gouvernance"}]},{"@type":"WebSite","@id":"https:\/\/develop.olympic.ca\/olympique\/#website","url":"https:\/\/develop.olympic.ca\/olympique\/","name":"\u00c9quipe Canada | Site officiel de l&#039;\u00e9quipe olympique","description":"Votre source pour l\u2019\u00c9quipe olympique canadienne. Retrouvez les r\u00e9cits, vid\u00e9os et photos des athl\u00e8tes canadiens, sports olympiques, Jeux olympiques de 2020 et bien plus!","potentialAction":[{"@type":"SearchAction","target":{"@type":"EntryPoint","urlTemplate":"https:\/\/develop.olympic.ca\/olympique\/?s={search_term_string}"},"query-input":{"@type":"PropertyValueSpecification","valueRequired":true,"valueName":"search_term_string"}}],"inLanguage":"fr-FR"}]}},"jetpack_sharing_enabled":true,"jetpack-related-posts":[],"jetpack_shortlink":"https:\/\/wp.me\/PbmyEP-Oe","_links":{"self":[{"href":"https:\/\/develop.olympic.ca\/olympique\/wp-json\/wp\/v2\/pages\/3114","targetHints":{"allow":["GET"]}}],"collection":[{"href":"https:\/\/develop.olympic.ca\/olympique\/wp-json\/wp\/v2\/pages"}],"about":[{"href":"https:\/\/develop.olympic.ca\/olympique\/wp-json\/wp\/v2\/types\/page"}],"author":[{"embeddable":true,"href":"https:\/\/develop.olympic.ca\/olympique\/wp-json\/wp\/v2\/users\/47562643"}],"replies":[{"embeddable":true,"href":"https:\/\/develop.olympic.ca\/olympique\/wp-json\/wp\/v2\/comments?post=3114"}],"version-history":[{"count":5,"href":"https:\/\/develop.olympic.ca\/olympique\/wp-json\/wp\/v2\/pages\/3114\/revisions"}],"predecessor-version":[{"id":256085,"href":"https:\/\/develop.olympic.ca\/olympique\/wp-json\/wp\/v2\/pages\/3114\/revisions\/256085"}],"up":[{"embeddable":true,"href":"https:\/\/develop.olympic.ca\/olympique\/wp-json\/wp\/v2\/pages\/3112"}],"wp:attachment":[{"href":"https:\/\/develop.olympic.ca\/olympique\/wp-json\/wp\/v2\/media?parent=3114"}],"wp:term":[{"taxonomy":"author","embeddable":true,"href":"https:\/\/develop.olympic.ca\/olympique\/wp-json\/wp\/v2\/coauthors?post=3114"}],"curies":[{"name":"wp","href":"https:\/\/api.w.org\/{rel}","templated":true}]}}