{"id":3320,"date":"2011-08-29T16:52:21","date_gmt":"2011-08-29T20:52:21","guid":{"rendered":"http:\/\/develop.olympic.ca\/?page_id=3320"},"modified":"2011-08-29T16:52:21","modified_gmt":"2011-08-29T20:52:21","slug":"chris-overholt","status":"publish","type":"page","link":"https:\/\/develop.olympic.ca\/olympique\/comite-olympique-canadien\/gouvernance\/conseil-dadministration\/chris-overholt\/","title":{"rendered":"Chris Overholt"},"content":{"rendered":"<p><img loading=\"lazy\" decoding=\"async\" class=\"alignright size-full wp-image-9472\" title=\"Chris Overholt\" src=\"http:\/\/develop.olympic.ca\/wp-content\/uploads\/sites\/2\/2011\/08\/chris.jpg\" alt=\"\" width=\"146\" height=\"135\" \/><strong>Chef de la direction<\/strong><br \/>\n<strong>Comit\u00e9 olympique canadien<\/strong><\/p>\n<p>Chris Overholt a \u00e9t\u00e9 nomm\u00e9 au poste de chef de la direction du Comit\u00e9 olympique canadien en ao\u00fbt 2011. \u00c0 ce titre, il rel\u00e8ve du pr\u00e9sident et du conseil d\u2019administration et il assure la direction de l\u2019organisation. Il s\u2019est joint au Comit\u00e9 olympique canadien en avril 2010 \u00e0 titre de chef de l\u2019exploitation et chef du marketing, afin de veiller aux activit\u00e9s journali\u00e8res et de diriger la fonction marketing et de d\u00e9veloppement des affaires de l\u2019organisation.<\/p>\n<p>Overholt mettra au service du COC l\u2019exp\u00e9rience acquise au cours de sa longue carri\u00e8re couronn\u00e9e de succ\u00e8s dans le domaine du marketing sportif, plus r\u00e9cemment avec les Dolphins de Miami de la Ligue nationale de football. \u00c0 titre de vice-pr\u00e9sident, Partenariats d\u2019entreprise et radiodiffusion des Dolphins, il supervisait les efforts de l\u2019organisation en mati\u00e8re de vente de commandites au secteur priv\u00e9. Il voyait aussi \u00e0 la gestion des partenariats avec les t\u00e9l\u00e9diffuseurs et les radiodiffuseurs.<\/p>\n<p>De 2003 \u00e0 2005, avant d\u2019entrer au service des Dolphins, Overholt a rempli les fonctions de premier vice-pr\u00e9sident, Op\u00e9rations commerciales et de chef du marketing de la Bank Atlantic Center et du club de hockey, les Panthers de la Floride. Auparavant, il a occup\u00e9 le poste de vice-pr\u00e9sident, Ventes et services au sein de Maple Leaf Sports &amp; Entertainment Ltd., soit de 1998 \u00e0 2003. Il y \u00e9tait responsable du marketing ainsi que de la planification et de la mise en ouvre des op\u00e9rations de vente de billets pour deux franchises de sport professionnel de haut niveau, les Maple Leafs de Toronto de la LNH et les Raptors de Toronto de la NBA. Overholt a rejoint MLSEL apr\u00e8s son passage chez les Raptors de Toronto, o\u00f9 il a occup\u00e9 le poste de directeur du marketing de 1996 \u00e0 1998.<\/p>\n<p>Originaire de Toronto, Overholt a re\u00e7u un dipl\u00f4me de l\u2019Universit\u00e9 Western Ontario en 1987. Il a \u00e9galement compl\u00e9t\u00e9 le programme pour gestionnaires de la Harvard Business School en 2001.<\/p>\n","protected":false},"excerpt":{"rendered":"<p>Chef de la direction Comit\u00e9 olympique canadien Chris Overholt a \u00e9t\u00e9 nomm\u00e9 au poste de chef de la direction du&#8230;<\/p>\n","protected":false},"author":47562643,"featured_media":0,"parent":3118,"menu_order":10,"comment_status":"open","ping_status":"closed","template":"","meta":{"_edit_last":["52435436"],"_wp_page_template":["default"],"_seosmart_cache":["a:2:{s:8:\"keywords\";a:2:{s:6:\"hockey\";s:14:\"\/sports\/hockey\";s:8:\"Football\";s:46:\"http:\/\/develop.olympic.ca\/fr\/sports\/football-2\";}s:4:\"time\";s:10:\"1336851777\";}"],"s2mail":["yes"],"_yoast_wpseo_google-plus-description":[""],"seo_title":[""],"seo_meta_description":[""],"seo_focus_keyword":[""],"_original_post_id":["3320"],"_original_import_author":["joebarnett"],"_original_parent_id":["3118"],"_wpcom_imported":["a:2:{s:8:\"importer\";s:9:\"wordpress\";s:4:\"date\";s:19:\"2013-07-21 18:11:14\";}"],"original_post_id":["3320"],"_wp_old_slug":["3320"],"seo_translation_link":["http:\/\/develop.olympic.ca\/canadian-olympic-committee\/governance\/board-of-directors\/chris-overholt\/"],"_elasticsearch_indexed_on":["2011-08-29 20:52:21"],"_edit_lock":["1378229445:52435436"],"_is_empty_after_transformation":["yes"]},"coauthors":[186127234],"class_list":["post-3320","page","type-page","status-publish","format-standard","hentry"],"acf":[],"yoast_head":"<!-- This site is optimized with the Yoast SEO plugin v27.3 - https:\/\/yoast.com\/product\/yoast-seo-wordpress\/ -->\n<title>Chris Overholt - \u00c9quipe Canada | Site officiel de l&#039;\u00e9quipe olympique<\/title>\n<meta name=\"robots\" content=\"index, follow, max-snippet:-1, max-image-preview:large, max-video-preview:-1\" \/>\n<link rel=\"canonical\" href=\"https:\/\/develop.olympic.ca\/olympique\/comite-olympique-canadien\/gouvernance\/conseil-dadministration\/chris-overholt\/\" \/>\n<meta property=\"og:locale\" content=\"fr_FR\" \/>\n<meta property=\"og:type\" content=\"article\" \/>\n<meta property=\"og:title\" content=\"Chris Overholt - \u00c9quipe Canada | Site officiel de l&#039;\u00e9quipe olympique\" \/>\n<meta property=\"og:description\" content=\"Chef de la direction Comit\u00e9 olympique canadien Chris Overholt a \u00e9t\u00e9 nomm\u00e9 au poste de chef de la direction du...\" \/>\n<meta property=\"og:url\" content=\"https:\/\/develop.olympic.ca\/olympique\/comite-olympique-canadien\/gouvernance\/conseil-dadministration\/chris-overholt\/\" \/>\n<meta property=\"og:site_name\" content=\"\u00c9quipe Canada | Site officiel de l&#039;\u00e9quipe olympique\" \/>\n<meta property=\"og:image\" content=\"http:\/\/develop.olympic.ca\/wp-content\/uploads\/sites\/2\/2011\/08\/chris.jpg\" \/>\n<meta name=\"twitter:card\" content=\"summary_large_image\" \/>\n<meta name=\"twitter:label1\" content=\"Est. reading time\" \/>\n\t<meta name=\"twitter:data1\" content=\"2 minutes\" \/>\n\t<meta name=\"twitter:label2\" content=\"Written by\" \/>\n\t<meta name=\"twitter:data2\" content=\"Comit\u00e9 olympique canadien\" \/>\n<script type=\"application\/ld+json\" class=\"yoast-schema-graph\">{\"@context\":\"https:\\\/\\\/schema.org\",\"@graph\":[{\"@type\":\"WebPage\",\"@id\":\"https:\\\/\\\/develop.olympic.ca\\\/olympique\\\/comite-olympique-canadien\\\/gouvernance\\\/conseil-dadministration\\\/chris-overholt\\\/\",\"url\":\"https:\\\/\\\/develop.olympic.ca\\\/olympique\\\/comite-olympique-canadien\\\/gouvernance\\\/conseil-dadministration\\\/chris-overholt\\\/\",\"name\":\"Chris Overholt - \u00c9quipe Canada | Site officiel de l&#039;\u00e9quipe olympique\",\"isPartOf\":{\"@id\":\"https:\\\/\\\/develop.olympic.ca\\\/olympique\\\/#website\"},\"primaryImageOfPage\":{\"@id\":\"https:\\\/\\\/develop.olympic.ca\\\/olympique\\\/comite-olympique-canadien\\\/gouvernance\\\/conseil-dadministration\\\/chris-overholt\\\/#primaryimage\"},\"image\":{\"@id\":\"https:\\\/\\\/develop.olympic.ca\\\/olympique\\\/comite-olympique-canadien\\\/gouvernance\\\/conseil-dadministration\\\/chris-overholt\\\/#primaryimage\"},\"thumbnailUrl\":\"http:\\\/\\\/develop.olympic.ca\\\/wp-content\\\/uploads\\\/sites\\\/2\\\/2011\\\/08\\\/chris.jpg\",\"datePublished\":\"2011-08-29T20:52:21+00:00\",\"breadcrumb\":{\"@id\":\"https:\\\/\\\/develop.olympic.ca\\\/olympique\\\/comite-olympique-canadien\\\/gouvernance\\\/conseil-dadministration\\\/chris-overholt\\\/#breadcrumb\"},\"inLanguage\":\"fr-FR\",\"potentialAction\":[{\"@type\":\"ReadAction\",\"target\":[\"https:\\\/\\\/develop.olympic.ca\\\/olympique\\\/comite-olympique-canadien\\\/gouvernance\\\/conseil-dadministration\\\/chris-overholt\\\/\"]}]},{\"@type\":\"ImageObject\",\"inLanguage\":\"fr-FR\",\"@id\":\"https:\\\/\\\/develop.olympic.ca\\\/olympique\\\/comite-olympique-canadien\\\/gouvernance\\\/conseil-dadministration\\\/chris-overholt\\\/#primaryimage\",\"url\":\"http:\\\/\\\/develop.olympic.ca\\\/wp-content\\\/uploads\\\/sites\\\/2\\\/2011\\\/08\\\/chris.jpg\",\"contentUrl\":\"http:\\\/\\\/develop.olympic.ca\\\/wp-content\\\/uploads\\\/sites\\\/2\\\/2011\\\/08\\\/chris.jpg\"},{\"@type\":\"BreadcrumbList\",\"@id\":\"https:\\\/\\\/develop.olympic.ca\\\/olympique\\\/comite-olympique-canadien\\\/gouvernance\\\/conseil-dadministration\\\/chris-overholt\\\/#breadcrumb\",\"itemListElement\":[{\"@type\":\"ListItem\",\"position\":1,\"name\":\"Aper\u00e7u du Comit\u00e9 olympique canadien\",\"item\":\"https:\\\/\\\/develop.olympic.ca\\\/olympique\\\/comite-olympique-canadien\\\/\"},{\"@type\":\"ListItem\",\"position\":2,\"name\":\"Gouvernance\",\"item\":\"https:\\\/\\\/develop.olympic.ca\\\/olympique\\\/comite-olympique-canadien\\\/gouvernance\\\/\"},{\"@type\":\"ListItem\",\"position\":3,\"name\":\"Conseil d&rsquo;administration\",\"item\":\"https:\\\/\\\/develop.olympic.ca\\\/olympique\\\/comite-olympique-canadien\\\/gouvernance\\\/conseil-dadministration\\\/\"},{\"@type\":\"ListItem\",\"position\":4,\"name\":\"Chris Overholt\"}]},{\"@type\":\"WebSite\",\"@id\":\"https:\\\/\\\/develop.olympic.ca\\\/olympique\\\/#website\",\"url\":\"https:\\\/\\\/develop.olympic.ca\\\/olympique\\\/\",\"name\":\"\u00c9quipe Canada | Site officiel de l&#039;\u00e9quipe olympique\",\"description\":\"Votre source pour l\u2019\u00c9quipe olympique canadienne. Retrouvez les r\u00e9cits, vid\u00e9os et photos des athl\u00e8tes canadiens, sports olympiques, Jeux olympiques de 2020 et bien plus!\",\"potentialAction\":[{\"@type\":\"SearchAction\",\"target\":{\"@type\":\"EntryPoint\",\"urlTemplate\":\"https:\\\/\\\/develop.olympic.ca\\\/olympique\\\/?s={search_term_string}\"},\"query-input\":{\"@type\":\"PropertyValueSpecification\",\"valueRequired\":true,\"valueName\":\"search_term_string\"}}],\"inLanguage\":\"fr-FR\"}]}<\/script>\n<!-- \/ Yoast SEO plugin. -->","yoast_head_json":{"title":"Chris Overholt - \u00c9quipe Canada | Site officiel de l&#039;\u00e9quipe olympique","robots":{"index":"index","follow":"follow","max-snippet":"max-snippet:-1","max-image-preview":"max-image-preview:large","max-video-preview":"max-video-preview:-1"},"canonical":"https:\/\/develop.olympic.ca\/olympique\/comite-olympique-canadien\/gouvernance\/conseil-dadministration\/chris-overholt\/","og_locale":"fr_FR","og_type":"article","og_title":"Chris Overholt - \u00c9quipe Canada | Site officiel de l&#039;\u00e9quipe olympique","og_description":"Chef de la direction Comit\u00e9 olympique canadien Chris Overholt a \u00e9t\u00e9 nomm\u00e9 au poste de chef de la direction du...","og_url":"https:\/\/develop.olympic.ca\/olympique\/comite-olympique-canadien\/gouvernance\/conseil-dadministration\/chris-overholt\/","og_site_name":"\u00c9quipe Canada | Site officiel de l&#039;\u00e9quipe olympique","og_image":[{"url":"http:\/\/develop.olympic.ca\/wp-content\/uploads\/sites\/2\/2011\/08\/chris.jpg","type":"","width":"","height":""}],"twitter_card":"summary_large_image","twitter_misc":{"Est. reading time":"2 minutes","Written by":"Comit\u00e9 olympique canadien"},"schema":{"@context":"https:\/\/schema.org","@graph":[{"@type":"WebPage","@id":"https:\/\/develop.olympic.ca\/olympique\/comite-olympique-canadien\/gouvernance\/conseil-dadministration\/chris-overholt\/","url":"https:\/\/develop.olympic.ca\/olympique\/comite-olympique-canadien\/gouvernance\/conseil-dadministration\/chris-overholt\/","name":"Chris Overholt - \u00c9quipe Canada | Site officiel de l&#039;\u00e9quipe olympique","isPartOf":{"@id":"https:\/\/develop.olympic.ca\/olympique\/#website"},"primaryImageOfPage":{"@id":"https:\/\/develop.olympic.ca\/olympique\/comite-olympique-canadien\/gouvernance\/conseil-dadministration\/chris-overholt\/#primaryimage"},"image":{"@id":"https:\/\/develop.olympic.ca\/olympique\/comite-olympique-canadien\/gouvernance\/conseil-dadministration\/chris-overholt\/#primaryimage"},"thumbnailUrl":"http:\/\/develop.olympic.ca\/wp-content\/uploads\/sites\/2\/2011\/08\/chris.jpg","datePublished":"2011-08-29T20:52:21+00:00","breadcrumb":{"@id":"https:\/\/develop.olympic.ca\/olympique\/comite-olympique-canadien\/gouvernance\/conseil-dadministration\/chris-overholt\/#breadcrumb"},"inLanguage":"fr-FR","potentialAction":[{"@type":"ReadAction","target":["https:\/\/develop.olympic.ca\/olympique\/comite-olympique-canadien\/gouvernance\/conseil-dadministration\/chris-overholt\/"]}]},{"@type":"ImageObject","inLanguage":"fr-FR","@id":"https:\/\/develop.olympic.ca\/olympique\/comite-olympique-canadien\/gouvernance\/conseil-dadministration\/chris-overholt\/#primaryimage","url":"http:\/\/develop.olympic.ca\/wp-content\/uploads\/sites\/2\/2011\/08\/chris.jpg","contentUrl":"http:\/\/develop.olympic.ca\/wp-content\/uploads\/sites\/2\/2011\/08\/chris.jpg"},{"@type":"BreadcrumbList","@id":"https:\/\/develop.olympic.ca\/olympique\/comite-olympique-canadien\/gouvernance\/conseil-dadministration\/chris-overholt\/#breadcrumb","itemListElement":[{"@type":"ListItem","position":1,"name":"Aper\u00e7u du Comit\u00e9 olympique canadien","item":"https:\/\/develop.olympic.ca\/olympique\/comite-olympique-canadien\/"},{"@type":"ListItem","position":2,"name":"Gouvernance","item":"https:\/\/develop.olympic.ca\/olympique\/comite-olympique-canadien\/gouvernance\/"},{"@type":"ListItem","position":3,"name":"Conseil d&rsquo;administration","item":"https:\/\/develop.olympic.ca\/olympique\/comite-olympique-canadien\/gouvernance\/conseil-dadministration\/"},{"@type":"ListItem","position":4,"name":"Chris Overholt"}]},{"@type":"WebSite","@id":"https:\/\/develop.olympic.ca\/olympique\/#website","url":"https:\/\/develop.olympic.ca\/olympique\/","name":"\u00c9quipe Canada | Site officiel de l&#039;\u00e9quipe olympique","description":"Votre source pour l\u2019\u00c9quipe olympique canadienne. Retrouvez les r\u00e9cits, vid\u00e9os et photos des athl\u00e8tes canadiens, sports olympiques, Jeux olympiques de 2020 et bien plus!","potentialAction":[{"@type":"SearchAction","target":{"@type":"EntryPoint","urlTemplate":"https:\/\/develop.olympic.ca\/olympique\/?s={search_term_string}"},"query-input":{"@type":"PropertyValueSpecification","valueRequired":true,"valueName":"search_term_string"}}],"inLanguage":"fr-FR"}]}},"jetpack_sharing_enabled":true,"jetpack-related-posts":[],"jetpack_shortlink":"https:\/\/wp.me\/PbmyEP-Ry","_links":{"self":[{"href":"https:\/\/develop.olympic.ca\/olympique\/wp-json\/wp\/v2\/pages\/3320","targetHints":{"allow":["GET"]}}],"collection":[{"href":"https:\/\/develop.olympic.ca\/olympique\/wp-json\/wp\/v2\/pages"}],"about":[{"href":"https:\/\/develop.olympic.ca\/olympique\/wp-json\/wp\/v2\/types\/page"}],"author":[{"embeddable":true,"href":"https:\/\/develop.olympic.ca\/olympique\/wp-json\/wp\/v2\/users\/47562643"}],"replies":[{"embeddable":true,"href":"https:\/\/develop.olympic.ca\/olympique\/wp-json\/wp\/v2\/comments?post=3320"}],"version-history":[{"count":1,"href":"https:\/\/develop.olympic.ca\/olympique\/wp-json\/wp\/v2\/pages\/3320\/revisions"}],"predecessor-version":[{"id":84782,"href":"https:\/\/develop.olympic.ca\/olympique\/wp-json\/wp\/v2\/pages\/3320\/revisions\/84782"}],"up":[{"embeddable":true,"href":"https:\/\/develop.olympic.ca\/olympique\/wp-json\/wp\/v2\/pages\/3118"}],"wp:attachment":[{"href":"https:\/\/develop.olympic.ca\/olympique\/wp-json\/wp\/v2\/media?parent=3320"}],"wp:term":[{"taxonomy":"author","embeddable":true,"href":"https:\/\/develop.olympic.ca\/olympique\/wp-json\/wp\/v2\/coauthors?post=3320"}],"curies":[{"name":"wp","href":"https:\/\/api.w.org\/{rel}","templated":true}]}}