{"id":3342,"date":"2011-08-29T17:00:47","date_gmt":"2011-08-29T21:00:47","guid":{"rendered":"http:\/\/develop.olympic.ca\/?page_id=3342"},"modified":"2011-08-29T17:00:47","modified_gmt":"2011-08-29T21:00:47","slug":"adam-kreek","status":"publish","type":"page","link":"https:\/\/develop.olympic.ca\/olympique\/comite-olympique-canadien\/gouvernance\/conseil-dadministration\/adam-kreek\/","title":{"rendered":"Adam Kreek"},"content":{"rendered":"<p><img loading=\"lazy\" decoding=\"async\" class=\"alignright size-full wp-image-3338\" title=\"Adam Kreek\" src=\"http:\/\/develop.olympic.ca\/wp-content\/uploads\/sites\/2\/2011\/08\/adam-kreek.jpg\" alt=\"\" width=\"146\" height=\"135\" \/><strong>Commission des athl\u00e8tes<\/strong><br \/>\n<strong>Conseil d\u2019administration<\/strong><\/p>\n<p>Adam Kreek fait partie de l\u2019ex\u00e9cutif de la Commission des athl\u00e8tes du COC depuis les Jeux olympiques de 2008 \u00e0 Beijing. En 2010, il a \u00e9t\u00e9 \u00e9lu au Conseil d&rsquo;administration du COC.<\/p>\n<p>Se d\u00e9finissant lui-m\u00eame comme un \u00ab r\u00e9aliste positif \u00bb, Adam a donn\u00e9 des conf\u00e9rences \u00e0 plus de 100 000 personnes partout en Am\u00e9rique du Nord sur des sujets tels le leadership, le travail d\u2019\u00e9quipe et la gestion du changement. Il est membre de la Canadian Association of Professional Speakers, et son livre \u00e0 para\u00eetre bient\u00f4t \u00e9labore les principales techniques afin de maximiser son potentiel personnel, r\u00e9ussir dans un environnement d\u2019\u00e9quipe et g\u00e9rer le doute de fa\u00e7on constructive.<\/p>\n<p>Adam a \u00e9t\u00e9 un observateur attentif de la performance et des r\u00e9alisations humaines ainsi que du bien-\u00eatre au cours des 12 derni\u00e8res ann\u00e9es. \u00c0 la suite d\u2019une d\u00e9faite cr\u00e8ve-coeur aux Jeux olympiques de 2004 \u00e0 Ath\u00e8nes, il a choisi de foncer droit devant et remporter une m\u00e9daille d\u2019or aux Jeux olympiques de 2008 \u00e0 P\u00e9kin. Au cours de sa carri\u00e8re de 13 ann\u00e9es en aviron, Adam a remport\u00e9 plus de 60 m\u00e9dailles, dont 27 lors de comp\u00e9titions internationales et 43 qui sont des m\u00e9dailles d\u2019or ou des premi\u00e8res places. En 2010, Adam s\u2019est vu d\u00e9cerner le Prix de leadership athl\u00e9tique par les Prix sportifs canadiens; ce prix pour l\u2019ensemble des r\u00e9alisations est d\u00e9cern\u00e9 \u00e0 un individu qui a contribu\u00e9 de fa\u00e7on significative au sport comme chef de file, repr\u00e9sentant et agent de changement.<br \/>\nAdam est copropri\u00e9taire et si\u00e8ge au conseil d\u2019administration de Grease Cycle, une organisation bas\u00e9e sur l\u2019\u00eele de Vancouver qui recueille et traite les huiles v\u00e9g\u00e9tales us\u00e9es et produit du biodiesel pour consommation locale.<\/p>\n<p>Adam est tr\u00e8s impliqu\u00e9 dans sa communaut\u00e9. Il est membre du conseil d\u2019administration et de la commission des athl\u00e8tes du Comit\u00e9 olympique canadien o\u00f9 il fait la promotion des bienfaits du sport pour un plus large \u00e9ventail de la soci\u00e9t\u00e9 canadienne. Il est ambassadeur avec Right to Play, un organisme international sans but lucratif qui utilise le jeu comme outil de r\u00e9habilitation pour les jeunes des r\u00e9gions d\u00e9favoris\u00e9es du globe. Adam est membre du conseil d\u2019administration de Champions de l\u2019air pur et s\u2019adresse \u00e0 diff\u00e9rents groupes partout au Canada concernant l\u2019importance de se pr\u00e9occuper de la sant\u00e9 humaine et environnementale. Adam si\u00e8ge \u00e9galement au conseil d\u2019administration de Island Biodiesel Coop et est un membre fondateur si\u00e9geant au conseil d\u2019administration de BC Biofuels Network. Il est un Grand Fr\u00e8re avec Grands Fr\u00e8res et Grandes Soeurs, un Team Power Smart Leader avec BC Hydro et un repr\u00e9sentant de Act Now BC. Adam est \u00e9galement porte-parole des embarcations et clubs d\u2019aviron Whitehall Spirit. Il est ambassadeur pour le Robert Bateman Get to Know Program, un organisme qui met des centaines de mille de jeunes gens en contact avec la nature au moyen de projets pr\u00e9cis, concrets et d\u2019avant-garde. Adam a \u00e9t\u00e9 le copr\u00e9sident honoraire du Elk Lake Boathouse Renewal Project et a aid\u00e9 \u00e0 recueillir 1,3 million de dollars pour la r\u00e9novation de cette installation communautaire qui abrite l\u2019\u00e9quipe olympique d\u2019aviron du Canada. En plus de son implication avec ces organismes, Adam a travaill\u00e9 avec des milliers de jeunes dans les \u00e9coles partout au Canada, infusant, \u00e0 cette prochaine g\u00e9n\u00e9ration, l\u2019id\u00e9e que \u00ab le secret d\u2019une vie heureuse est de donner \u00bb.<\/p>\n<p>Toujours pr\u00eat \u00e0 relever de nouveaux d\u00e9fis, Adam traversera l\u2019oc\u00e9an Atlantique \u00e0 la rame au mois de d\u00e9cembre 2011 pour faire la promotion de la sant\u00e9 et du mieux-\u00eatre et pour recueillir des fonds pour Right to Play.<\/p>\n<p>Adam poss\u00e8de un dipl\u00f4me en g\u00e9otechnique et en hydrologie de l\u2019Universit\u00e9 Stanford. Il est mari\u00e9 et un fier p\u00e8re de famille qui habite \u00e0 Victoria, en Colombie-Britannique, et \u00e0 Ottawa, en Ontario.<\/p>\n","protected":false},"excerpt":{"rendered":"<p>Commission des athl\u00e8tes Conseil d\u2019administration Adam Kreek fait partie de l\u2019ex\u00e9cutif de la Commission des athl\u00e8tes du COC depuis les&#8230;<\/p>\n","protected":false},"author":47562643,"featured_media":0,"parent":3118,"menu_order":14,"comment_status":"open","ping_status":"closed","template":"","meta":{"_edit_last":["47562643"],"_wp_page_template":["default"],"seo_title":[""],"seo_meta_description":[""],"seo_focus_keyword":[""],"_original_post_id":["3342"],"_original_import_author":["joebarnett"],"_original_parent_id":["3118"],"_wpcom_imported":["a:2:{s:8:\"importer\";s:9:\"wordpress\";s:4:\"date\";s:19:\"2013-07-21 18:11:18\";}"],"original_post_id":["3342"],"_wp_old_slug":["3342"],"seo_translation_link":["http:\/\/develop.olympic.ca\/canadian-olympic-committee\/governance\/board-of-directors\/adam-kreek\/"],"_elasticsearch_indexed_on":["2011-08-29 21:00:47"],"_is_empty_after_transformation":["yes"]},"coauthors":[186127234],"class_list":["post-3342","page","type-page","status-publish","format-standard","hentry"],"acf":[],"yoast_head":"<!-- This site is optimized with the Yoast SEO plugin v27.3 - https:\/\/yoast.com\/product\/yoast-seo-wordpress\/ -->\n<title>Adam Kreek - \u00c9quipe Canada | Site officiel de l&#039;\u00e9quipe olympique<\/title>\n<meta name=\"robots\" content=\"index, follow, max-snippet:-1, max-image-preview:large, max-video-preview:-1\" \/>\n<link rel=\"canonical\" href=\"https:\/\/develop.olympic.ca\/olympique\/comite-olympique-canadien\/gouvernance\/conseil-dadministration\/adam-kreek\/\" \/>\n<meta property=\"og:locale\" content=\"fr_FR\" \/>\n<meta property=\"og:type\" content=\"article\" \/>\n<meta property=\"og:title\" content=\"Adam Kreek - \u00c9quipe Canada | Site officiel de l&#039;\u00e9quipe olympique\" \/>\n<meta property=\"og:description\" content=\"Commission des athl\u00e8tes Conseil d\u2019administration Adam Kreek fait partie de l\u2019ex\u00e9cutif de la Commission des athl\u00e8tes du COC depuis les...\" \/>\n<meta property=\"og:url\" content=\"https:\/\/develop.olympic.ca\/olympique\/comite-olympique-canadien\/gouvernance\/conseil-dadministration\/adam-kreek\/\" \/>\n<meta property=\"og:site_name\" content=\"\u00c9quipe Canada | Site officiel de l&#039;\u00e9quipe olympique\" \/>\n<meta property=\"og:image\" content=\"http:\/\/develop.olympic.ca\/wp-content\/uploads\/sites\/2\/2011\/08\/adam-kreek.jpg\" \/>\n<meta name=\"twitter:card\" content=\"summary_large_image\" \/>\n<meta name=\"twitter:label1\" content=\"Est. reading time\" \/>\n\t<meta name=\"twitter:data1\" content=\"3 minutes\" \/>\n\t<meta name=\"twitter:label2\" content=\"Written by\" \/>\n\t<meta name=\"twitter:data2\" content=\"Comit\u00e9 olympique canadien\" \/>\n<script type=\"application\/ld+json\" class=\"yoast-schema-graph\">{\"@context\":\"https:\\\/\\\/schema.org\",\"@graph\":[{\"@type\":\"WebPage\",\"@id\":\"https:\\\/\\\/develop.olympic.ca\\\/olympique\\\/comite-olympique-canadien\\\/gouvernance\\\/conseil-dadministration\\\/adam-kreek\\\/\",\"url\":\"https:\\\/\\\/develop.olympic.ca\\\/olympique\\\/comite-olympique-canadien\\\/gouvernance\\\/conseil-dadministration\\\/adam-kreek\\\/\",\"name\":\"Adam Kreek - \u00c9quipe Canada | Site officiel de l&#039;\u00e9quipe olympique\",\"isPartOf\":{\"@id\":\"https:\\\/\\\/develop.olympic.ca\\\/olympique\\\/#website\"},\"primaryImageOfPage\":{\"@id\":\"https:\\\/\\\/develop.olympic.ca\\\/olympique\\\/comite-olympique-canadien\\\/gouvernance\\\/conseil-dadministration\\\/adam-kreek\\\/#primaryimage\"},\"image\":{\"@id\":\"https:\\\/\\\/develop.olympic.ca\\\/olympique\\\/comite-olympique-canadien\\\/gouvernance\\\/conseil-dadministration\\\/adam-kreek\\\/#primaryimage\"},\"thumbnailUrl\":\"http:\\\/\\\/develop.olympic.ca\\\/wp-content\\\/uploads\\\/sites\\\/2\\\/2011\\\/08\\\/adam-kreek.jpg\",\"datePublished\":\"2011-08-29T21:00:47+00:00\",\"breadcrumb\":{\"@id\":\"https:\\\/\\\/develop.olympic.ca\\\/olympique\\\/comite-olympique-canadien\\\/gouvernance\\\/conseil-dadministration\\\/adam-kreek\\\/#breadcrumb\"},\"inLanguage\":\"fr-FR\",\"potentialAction\":[{\"@type\":\"ReadAction\",\"target\":[\"https:\\\/\\\/develop.olympic.ca\\\/olympique\\\/comite-olympique-canadien\\\/gouvernance\\\/conseil-dadministration\\\/adam-kreek\\\/\"]}]},{\"@type\":\"ImageObject\",\"inLanguage\":\"fr-FR\",\"@id\":\"https:\\\/\\\/develop.olympic.ca\\\/olympique\\\/comite-olympique-canadien\\\/gouvernance\\\/conseil-dadministration\\\/adam-kreek\\\/#primaryimage\",\"url\":\"http:\\\/\\\/develop.olympic.ca\\\/wp-content\\\/uploads\\\/sites\\\/2\\\/2011\\\/08\\\/adam-kreek.jpg\",\"contentUrl\":\"http:\\\/\\\/develop.olympic.ca\\\/wp-content\\\/uploads\\\/sites\\\/2\\\/2011\\\/08\\\/adam-kreek.jpg\"},{\"@type\":\"BreadcrumbList\",\"@id\":\"https:\\\/\\\/develop.olympic.ca\\\/olympique\\\/comite-olympique-canadien\\\/gouvernance\\\/conseil-dadministration\\\/adam-kreek\\\/#breadcrumb\",\"itemListElement\":[{\"@type\":\"ListItem\",\"position\":1,\"name\":\"Aper\u00e7u du Comit\u00e9 olympique canadien\",\"item\":\"https:\\\/\\\/develop.olympic.ca\\\/olympique\\\/comite-olympique-canadien\\\/\"},{\"@type\":\"ListItem\",\"position\":2,\"name\":\"Gouvernance\",\"item\":\"https:\\\/\\\/develop.olympic.ca\\\/olympique\\\/comite-olympique-canadien\\\/gouvernance\\\/\"},{\"@type\":\"ListItem\",\"position\":3,\"name\":\"Conseil d&rsquo;administration\",\"item\":\"https:\\\/\\\/develop.olympic.ca\\\/olympique\\\/comite-olympique-canadien\\\/gouvernance\\\/conseil-dadministration\\\/\"},{\"@type\":\"ListItem\",\"position\":4,\"name\":\"Adam Kreek\"}]},{\"@type\":\"WebSite\",\"@id\":\"https:\\\/\\\/develop.olympic.ca\\\/olympique\\\/#website\",\"url\":\"https:\\\/\\\/develop.olympic.ca\\\/olympique\\\/\",\"name\":\"\u00c9quipe Canada | Site officiel de l&#039;\u00e9quipe olympique\",\"description\":\"Votre source pour l\u2019\u00c9quipe olympique canadienne. Retrouvez les r\u00e9cits, vid\u00e9os et photos des athl\u00e8tes canadiens, sports olympiques, Jeux olympiques de 2020 et bien plus!\",\"potentialAction\":[{\"@type\":\"SearchAction\",\"target\":{\"@type\":\"EntryPoint\",\"urlTemplate\":\"https:\\\/\\\/develop.olympic.ca\\\/olympique\\\/?s={search_term_string}\"},\"query-input\":{\"@type\":\"PropertyValueSpecification\",\"valueRequired\":true,\"valueName\":\"search_term_string\"}}],\"inLanguage\":\"fr-FR\"}]}<\/script>\n<!-- \/ Yoast SEO plugin. -->","yoast_head_json":{"title":"Adam Kreek - \u00c9quipe Canada | Site officiel de l&#039;\u00e9quipe olympique","robots":{"index":"index","follow":"follow","max-snippet":"max-snippet:-1","max-image-preview":"max-image-preview:large","max-video-preview":"max-video-preview:-1"},"canonical":"https:\/\/develop.olympic.ca\/olympique\/comite-olympique-canadien\/gouvernance\/conseil-dadministration\/adam-kreek\/","og_locale":"fr_FR","og_type":"article","og_title":"Adam Kreek - \u00c9quipe Canada | Site officiel de l&#039;\u00e9quipe olympique","og_description":"Commission des athl\u00e8tes Conseil d\u2019administration Adam Kreek fait partie de l\u2019ex\u00e9cutif de la Commission des athl\u00e8tes du COC depuis les...","og_url":"https:\/\/develop.olympic.ca\/olympique\/comite-olympique-canadien\/gouvernance\/conseil-dadministration\/adam-kreek\/","og_site_name":"\u00c9quipe Canada | Site officiel de l&#039;\u00e9quipe olympique","og_image":[{"url":"http:\/\/develop.olympic.ca\/wp-content\/uploads\/sites\/2\/2011\/08\/adam-kreek.jpg","type":"","width":"","height":""}],"twitter_card":"summary_large_image","twitter_misc":{"Est. reading time":"3 minutes","Written by":"Comit\u00e9 olympique canadien"},"schema":{"@context":"https:\/\/schema.org","@graph":[{"@type":"WebPage","@id":"https:\/\/develop.olympic.ca\/olympique\/comite-olympique-canadien\/gouvernance\/conseil-dadministration\/adam-kreek\/","url":"https:\/\/develop.olympic.ca\/olympique\/comite-olympique-canadien\/gouvernance\/conseil-dadministration\/adam-kreek\/","name":"Adam Kreek - \u00c9quipe Canada | Site officiel de l&#039;\u00e9quipe olympique","isPartOf":{"@id":"https:\/\/develop.olympic.ca\/olympique\/#website"},"primaryImageOfPage":{"@id":"https:\/\/develop.olympic.ca\/olympique\/comite-olympique-canadien\/gouvernance\/conseil-dadministration\/adam-kreek\/#primaryimage"},"image":{"@id":"https:\/\/develop.olympic.ca\/olympique\/comite-olympique-canadien\/gouvernance\/conseil-dadministration\/adam-kreek\/#primaryimage"},"thumbnailUrl":"http:\/\/develop.olympic.ca\/wp-content\/uploads\/sites\/2\/2011\/08\/adam-kreek.jpg","datePublished":"2011-08-29T21:00:47+00:00","breadcrumb":{"@id":"https:\/\/develop.olympic.ca\/olympique\/comite-olympique-canadien\/gouvernance\/conseil-dadministration\/adam-kreek\/#breadcrumb"},"inLanguage":"fr-FR","potentialAction":[{"@type":"ReadAction","target":["https:\/\/develop.olympic.ca\/olympique\/comite-olympique-canadien\/gouvernance\/conseil-dadministration\/adam-kreek\/"]}]},{"@type":"ImageObject","inLanguage":"fr-FR","@id":"https:\/\/develop.olympic.ca\/olympique\/comite-olympique-canadien\/gouvernance\/conseil-dadministration\/adam-kreek\/#primaryimage","url":"http:\/\/develop.olympic.ca\/wp-content\/uploads\/sites\/2\/2011\/08\/adam-kreek.jpg","contentUrl":"http:\/\/develop.olympic.ca\/wp-content\/uploads\/sites\/2\/2011\/08\/adam-kreek.jpg"},{"@type":"BreadcrumbList","@id":"https:\/\/develop.olympic.ca\/olympique\/comite-olympique-canadien\/gouvernance\/conseil-dadministration\/adam-kreek\/#breadcrumb","itemListElement":[{"@type":"ListItem","position":1,"name":"Aper\u00e7u du Comit\u00e9 olympique canadien","item":"https:\/\/develop.olympic.ca\/olympique\/comite-olympique-canadien\/"},{"@type":"ListItem","position":2,"name":"Gouvernance","item":"https:\/\/develop.olympic.ca\/olympique\/comite-olympique-canadien\/gouvernance\/"},{"@type":"ListItem","position":3,"name":"Conseil d&rsquo;administration","item":"https:\/\/develop.olympic.ca\/olympique\/comite-olympique-canadien\/gouvernance\/conseil-dadministration\/"},{"@type":"ListItem","position":4,"name":"Adam Kreek"}]},{"@type":"WebSite","@id":"https:\/\/develop.olympic.ca\/olympique\/#website","url":"https:\/\/develop.olympic.ca\/olympique\/","name":"\u00c9quipe Canada | Site officiel de l&#039;\u00e9quipe olympique","description":"Votre source pour l\u2019\u00c9quipe olympique canadienne. Retrouvez les r\u00e9cits, vid\u00e9os et photos des athl\u00e8tes canadiens, sports olympiques, Jeux olympiques de 2020 et bien plus!","potentialAction":[{"@type":"SearchAction","target":{"@type":"EntryPoint","urlTemplate":"https:\/\/develop.olympic.ca\/olympique\/?s={search_term_string}"},"query-input":{"@type":"PropertyValueSpecification","valueRequired":true,"valueName":"search_term_string"}}],"inLanguage":"fr-FR"}]}},"jetpack_sharing_enabled":true,"jetpack-related-posts":[],"jetpack_shortlink":"https:\/\/wp.me\/PbmyEP-RU","_links":{"self":[{"href":"https:\/\/develop.olympic.ca\/olympique\/wp-json\/wp\/v2\/pages\/3342","targetHints":{"allow":["GET"]}}],"collection":[{"href":"https:\/\/develop.olympic.ca\/olympique\/wp-json\/wp\/v2\/pages"}],"about":[{"href":"https:\/\/develop.olympic.ca\/olympique\/wp-json\/wp\/v2\/types\/page"}],"author":[{"embeddable":true,"href":"https:\/\/develop.olympic.ca\/olympique\/wp-json\/wp\/v2\/users\/47562643"}],"replies":[{"embeddable":true,"href":"https:\/\/develop.olympic.ca\/olympique\/wp-json\/wp\/v2\/comments?post=3342"}],"version-history":[{"count":0,"href":"https:\/\/develop.olympic.ca\/olympique\/wp-json\/wp\/v2\/pages\/3342\/revisions"}],"up":[{"embeddable":true,"href":"https:\/\/develop.olympic.ca\/olympique\/wp-json\/wp\/v2\/pages\/3118"}],"wp:attachment":[{"href":"https:\/\/develop.olympic.ca\/olympique\/wp-json\/wp\/v2\/media?parent=3342"}],"wp:term":[{"taxonomy":"author","embeddable":true,"href":"https:\/\/develop.olympic.ca\/olympique\/wp-json\/wp\/v2\/coauthors?post=3342"}],"curies":[{"name":"wp","href":"https:\/\/api.w.org\/{rel}","templated":true}]}}