{"id":34236,"date":"2012-06-06T14:14:46","date_gmt":"2012-06-22T15:35:34","guid":{"rendered":"http:\/\/develop.olympic.ca\/?page_id=34236"},"modified":"2013-08-01T01:05:51","modified_gmt":"2013-08-01T01:05:51","slug":"helen-upperton","status":"publish","type":"page","link":"https:\/\/develop.olympic.ca\/olympique\/comite-olympique-canadien\/gouvernance\/commission-des-athletes\/helen-upperton\/","title":{"rendered":"Helen Upperton"},"content":{"rendered":"<p><strong><strong>Membre Nomm\u00e9<a href=\"http:\/\/develop.olympic.ca\/wp-content\/uploads\/sites\/2\/2011\/08\/helen-upperton.jpg\"><img loading=\"lazy\" decoding=\"async\" class=\"alignright\" src=\"http:\/\/develop.olympic.ca\/wp-content\/uploads\/sites\/2\/2011\/08\/helen-upperton.jpg\" alt=\"\" width=\"146\" height=\"135\" \/><\/a><\/strong><br \/>\nCommission des athl\u00e8tes<\/strong><\/p>\n<p>Helen a particip\u00e9 \u00e0 deux \u00e9ditions des Jeux olympiques o\u00f9 elle a remport\u00e9 une m\u00e9daille d\u2019argent en bobsleigh. Elle a commenc\u00e9 sa carri\u00e8re en bobsleigh comme freineuse en 2002. Elle est devenue pilote en 2003, et d\u00e8s sa premi\u00e8re saison aux commandes, elle est devenue pilote du Canada 1. Depuis, elle a inscrit de nombreux records, et elle est pass\u00e9e \u00e0 l\u2019histoire \u00e0 plus d\u2019une reprise. C\u2019est notamment gr\u00e2ce \u00e0 elle si le programme canadien de bobsleigh f\u00e9minin est maintenant l\u2019un des meilleurs au monde.<\/p>\n<p>Lors de sa premi\u00e8re participation olympique en 2006, Helen et sa co\u00e9quipi\u00e8re Heather Moyse ont termin\u00e9 en quatri\u00e8me place, ratant la m\u00e9daille de bronze de peu, soit cinq centi\u00e8mes de secondes cumul\u00e9es sur quatre descentes. Ce r\u00e9sultat a eu des cons\u00e9quences \u00e0 la fois d\u00e9vastatrices et motivantes pour l\u2019\u00e9quipe. Elle a atteint l\u2019apog\u00e9e de sa carri\u00e8re en f\u00e9vrier 2010 lors des Jeux olympiques de Vancouver. Helen et sa co\u00e9quipi\u00e8re Shelley Ann Brown ont galvanis\u00e9 la foule mass\u00e9e au centre des sports de glisse de Whistler en remportant la m\u00e9daille d\u2019argent pour accompagner leurs co\u00e9quipi\u00e8res Kaillie Humphries et Heather Moyse mont\u00e9es sur la plus haute marche du podium.<\/p>\n<p>Avant de concourir en bobsleigh, Helen a particip\u00e9 \u00e0 des comp\u00e9titions de niveau national en luge, en soccer et en athl\u00e9tisme. Apr\u00e8s avoir termin\u00e9 ses \u00e9tudes secondaires, elle a d\u00e9cid\u00e9 de se consacrer \u00e0 l\u2019athl\u00e9tisme, repr\u00e9sentant l\u2019Universit\u00e9 du Texas \u00e0 Austin en triple saut. \u00c0 cette institution, elle a \u00e9t\u00e9 nomm\u00e9e au tableau d\u2019honneur du commissaire du Big XII et a obtenu un baccalaur\u00e9at en sciences en 2002.<\/p>\n<p>Helen reconna\u00eet l\u2019importance de pratiquer des activit\u00e9s sportives pendant l\u2019enfance et sait que cela a contribu\u00e9 \u00e0 son succ\u00e8s en tant qu\u2019adulte. Elle aime donc s\u2019impliquer dans sa communaut\u00e9. R\u00e9sidente de Calgary, Helen fait de son mieux pour redonner \u00e0 la ville o\u00f9 elle a grandi. En plus de prendre la parole \u00e0 des \u00e9v\u00e9nements organis\u00e9s par des soci\u00e9t\u00e9s et entreprises, elle adore rendre visite \u00e0 des \u00e9coles pour parler aux enfants. Elle le fait dans le cadre du programme Youth Education Through Sport, \u00e0 Calgary, ainsi que dans le cadre du programme Passion for Excellence. Elle est \u00e9galement une athl\u00e8te ambassadrice des organismes Right to Play et Fast and Female.<\/p>\n","protected":false},"excerpt":{"rendered":"<p>Membre Nomm\u00e9 Commission des athl\u00e8tes Helen a particip\u00e9 \u00e0 deux \u00e9ditions des Jeux olympiques o\u00f9 elle a remport\u00e9 une m\u00e9daille&#8230;<\/p>\n","protected":false},"author":47562643,"featured_media":0,"parent":3454,"menu_order":16,"comment_status":"open","ping_status":"open","template":"","meta":{"_edit_last":["52435436"],"s2mail":["yes"],"_wp_page_template":["default"],"_yoast_wpseo_google-plus-description":[""],"seo_title":[""],"seo_meta_description":[""],"seo_focus_keyword":[""],"_original_post_id":["34236"],"_original_import_author":["mnadolny"],"_original_parent_id":["3454"],"_wpcom_imported":["a:2:{s:8:\"importer\";s:9:\"wordpress\";s:4:\"date\";s:19:\"2013-07-21 18:12:03\";}"],"original_post_id":["34236"],"_wp_old_slug":["34236"],"seo_translation_link":["http:\/\/develop.olympic.ca\/canadian-olympic-committee\/governance\/athletes-commission\/helen-upperton\/"],"_elasticsearch_indexed_on":["2012-06-22 15:35:34"],"_is_empty_after_transformation":["yes"]},"coauthors":[186127234],"class_list":["post-34236","page","type-page","status-publish","format-standard","hentry"],"acf":[],"yoast_head":"<!-- This site is optimized with the Yoast SEO plugin v27.3 - https:\/\/yoast.com\/product\/yoast-seo-wordpress\/ -->\n<title>Helen Upperton - \u00c9quipe Canada | Site officiel de l&#039;\u00e9quipe olympique<\/title>\n<meta name=\"robots\" content=\"index, follow, max-snippet:-1, max-image-preview:large, max-video-preview:-1\" \/>\n<link rel=\"canonical\" href=\"https:\/\/develop.olympic.ca\/olympique\/comite-olympique-canadien\/gouvernance\/commission-des-athletes\/helen-upperton\/\" \/>\n<meta property=\"og:locale\" content=\"fr_FR\" \/>\n<meta property=\"og:type\" content=\"article\" \/>\n<meta property=\"og:title\" content=\"Helen Upperton - \u00c9quipe Canada | Site officiel de l&#039;\u00e9quipe olympique\" \/>\n<meta property=\"og:description\" content=\"Membre Nomm\u00e9 Commission des athl\u00e8tes Helen a particip\u00e9 \u00e0 deux \u00e9ditions des Jeux olympiques o\u00f9 elle a remport\u00e9 une m\u00e9daille...\" \/>\n<meta property=\"og:url\" content=\"https:\/\/develop.olympic.ca\/olympique\/comite-olympique-canadien\/gouvernance\/commission-des-athletes\/helen-upperton\/\" \/>\n<meta property=\"og:site_name\" content=\"\u00c9quipe Canada | Site officiel de l&#039;\u00e9quipe olympique\" \/>\n<meta property=\"article:modified_time\" content=\"2013-08-01T01:05:51+00:00\" \/>\n<meta property=\"og:image\" content=\"http:\/\/develop.olympic.ca\/wp-content\/uploads\/sites\/2\/2011\/08\/helen-upperton.jpg\" \/>\n<meta name=\"twitter:card\" content=\"summary_large_image\" \/>\n<meta name=\"twitter:label1\" content=\"Est. reading time\" \/>\n\t<meta name=\"twitter:data1\" content=\"2 minutes\" \/>\n\t<meta name=\"twitter:label2\" content=\"Written by\" \/>\n\t<meta name=\"twitter:data2\" content=\"Comit\u00e9 olympique canadien\" \/>\n<script type=\"application\/ld+json\" class=\"yoast-schema-graph\">{\"@context\":\"https:\\\/\\\/schema.org\",\"@graph\":[{\"@type\":\"WebPage\",\"@id\":\"https:\\\/\\\/develop.olympic.ca\\\/olympique\\\/comite-olympique-canadien\\\/gouvernance\\\/commission-des-athletes\\\/helen-upperton\\\/\",\"url\":\"https:\\\/\\\/develop.olympic.ca\\\/olympique\\\/comite-olympique-canadien\\\/gouvernance\\\/commission-des-athletes\\\/helen-upperton\\\/\",\"name\":\"Helen Upperton - \u00c9quipe Canada | Site officiel de l&#039;\u00e9quipe olympique\",\"isPartOf\":{\"@id\":\"https:\\\/\\\/develop.olympic.ca\\\/olympique\\\/#website\"},\"primaryImageOfPage\":{\"@id\":\"https:\\\/\\\/develop.olympic.ca\\\/olympique\\\/comite-olympique-canadien\\\/gouvernance\\\/commission-des-athletes\\\/helen-upperton\\\/#primaryimage\"},\"image\":{\"@id\":\"https:\\\/\\\/develop.olympic.ca\\\/olympique\\\/comite-olympique-canadien\\\/gouvernance\\\/commission-des-athletes\\\/helen-upperton\\\/#primaryimage\"},\"thumbnailUrl\":\"http:\\\/\\\/develop.olympic.ca\\\/wp-content\\\/uploads\\\/sites\\\/2\\\/2011\\\/08\\\/helen-upperton.jpg\",\"datePublished\":\"2012-06-22T15:35:34+00:00\",\"dateModified\":\"2013-08-01T01:05:51+00:00\",\"breadcrumb\":{\"@id\":\"https:\\\/\\\/develop.olympic.ca\\\/olympique\\\/comite-olympique-canadien\\\/gouvernance\\\/commission-des-athletes\\\/helen-upperton\\\/#breadcrumb\"},\"inLanguage\":\"fr-FR\",\"potentialAction\":[{\"@type\":\"ReadAction\",\"target\":[\"https:\\\/\\\/develop.olympic.ca\\\/olympique\\\/comite-olympique-canadien\\\/gouvernance\\\/commission-des-athletes\\\/helen-upperton\\\/\"]}]},{\"@type\":\"ImageObject\",\"inLanguage\":\"fr-FR\",\"@id\":\"https:\\\/\\\/develop.olympic.ca\\\/olympique\\\/comite-olympique-canadien\\\/gouvernance\\\/commission-des-athletes\\\/helen-upperton\\\/#primaryimage\",\"url\":\"http:\\\/\\\/develop.olympic.ca\\\/wp-content\\\/uploads\\\/sites\\\/2\\\/2011\\\/08\\\/helen-upperton.jpg\",\"contentUrl\":\"http:\\\/\\\/develop.olympic.ca\\\/wp-content\\\/uploads\\\/sites\\\/2\\\/2011\\\/08\\\/helen-upperton.jpg\"},{\"@type\":\"BreadcrumbList\",\"@id\":\"https:\\\/\\\/develop.olympic.ca\\\/olympique\\\/comite-olympique-canadien\\\/gouvernance\\\/commission-des-athletes\\\/helen-upperton\\\/#breadcrumb\",\"itemListElement\":[{\"@type\":\"ListItem\",\"position\":1,\"name\":\"Aper\u00e7u du Comit\u00e9 olympique canadien\",\"item\":\"https:\\\/\\\/develop.olympic.ca\\\/olympique\\\/comite-olympique-canadien\\\/\"},{\"@type\":\"ListItem\",\"position\":2,\"name\":\"Gouvernance\",\"item\":\"https:\\\/\\\/develop.olympic.ca\\\/olympique\\\/comite-olympique-canadien\\\/gouvernance\\\/\"},{\"@type\":\"ListItem\",\"position\":3,\"name\":\"Commission des athl\u00e8tes\",\"item\":\"https:\\\/\\\/develop.olympic.ca\\\/olympique\\\/comite-olympique-canadien\\\/gouvernance\\\/commission-des-athletes\\\/\"},{\"@type\":\"ListItem\",\"position\":4,\"name\":\"Helen Upperton\"}]},{\"@type\":\"WebSite\",\"@id\":\"https:\\\/\\\/develop.olympic.ca\\\/olympique\\\/#website\",\"url\":\"https:\\\/\\\/develop.olympic.ca\\\/olympique\\\/\",\"name\":\"\u00c9quipe Canada | Site officiel de l&#039;\u00e9quipe olympique\",\"description\":\"Votre source pour l\u2019\u00c9quipe olympique canadienne. Retrouvez les r\u00e9cits, vid\u00e9os et photos des athl\u00e8tes canadiens, sports olympiques, Jeux olympiques de 2020 et bien plus!\",\"potentialAction\":[{\"@type\":\"SearchAction\",\"target\":{\"@type\":\"EntryPoint\",\"urlTemplate\":\"https:\\\/\\\/develop.olympic.ca\\\/olympique\\\/?s={search_term_string}\"},\"query-input\":{\"@type\":\"PropertyValueSpecification\",\"valueRequired\":true,\"valueName\":\"search_term_string\"}}],\"inLanguage\":\"fr-FR\"}]}<\/script>\n<!-- \/ Yoast SEO plugin. -->","yoast_head_json":{"title":"Helen Upperton - \u00c9quipe Canada | Site officiel de l&#039;\u00e9quipe olympique","robots":{"index":"index","follow":"follow","max-snippet":"max-snippet:-1","max-image-preview":"max-image-preview:large","max-video-preview":"max-video-preview:-1"},"canonical":"https:\/\/develop.olympic.ca\/olympique\/comite-olympique-canadien\/gouvernance\/commission-des-athletes\/helen-upperton\/","og_locale":"fr_FR","og_type":"article","og_title":"Helen Upperton - \u00c9quipe Canada | Site officiel de l&#039;\u00e9quipe olympique","og_description":"Membre Nomm\u00e9 Commission des athl\u00e8tes Helen a particip\u00e9 \u00e0 deux \u00e9ditions des Jeux olympiques o\u00f9 elle a remport\u00e9 une m\u00e9daille...","og_url":"https:\/\/develop.olympic.ca\/olympique\/comite-olympique-canadien\/gouvernance\/commission-des-athletes\/helen-upperton\/","og_site_name":"\u00c9quipe Canada | Site officiel de l&#039;\u00e9quipe olympique","article_modified_time":"2013-08-01T01:05:51+00:00","og_image":[{"url":"http:\/\/develop.olympic.ca\/wp-content\/uploads\/sites\/2\/2011\/08\/helen-upperton.jpg","type":"","width":"","height":""}],"twitter_card":"summary_large_image","twitter_misc":{"Est. reading time":"2 minutes","Written by":"Comit\u00e9 olympique canadien"},"schema":{"@context":"https:\/\/schema.org","@graph":[{"@type":"WebPage","@id":"https:\/\/develop.olympic.ca\/olympique\/comite-olympique-canadien\/gouvernance\/commission-des-athletes\/helen-upperton\/","url":"https:\/\/develop.olympic.ca\/olympique\/comite-olympique-canadien\/gouvernance\/commission-des-athletes\/helen-upperton\/","name":"Helen Upperton - \u00c9quipe Canada | Site officiel de l&#039;\u00e9quipe olympique","isPartOf":{"@id":"https:\/\/develop.olympic.ca\/olympique\/#website"},"primaryImageOfPage":{"@id":"https:\/\/develop.olympic.ca\/olympique\/comite-olympique-canadien\/gouvernance\/commission-des-athletes\/helen-upperton\/#primaryimage"},"image":{"@id":"https:\/\/develop.olympic.ca\/olympique\/comite-olympique-canadien\/gouvernance\/commission-des-athletes\/helen-upperton\/#primaryimage"},"thumbnailUrl":"http:\/\/develop.olympic.ca\/wp-content\/uploads\/sites\/2\/2011\/08\/helen-upperton.jpg","datePublished":"2012-06-22T15:35:34+00:00","dateModified":"2013-08-01T01:05:51+00:00","breadcrumb":{"@id":"https:\/\/develop.olympic.ca\/olympique\/comite-olympique-canadien\/gouvernance\/commission-des-athletes\/helen-upperton\/#breadcrumb"},"inLanguage":"fr-FR","potentialAction":[{"@type":"ReadAction","target":["https:\/\/develop.olympic.ca\/olympique\/comite-olympique-canadien\/gouvernance\/commission-des-athletes\/helen-upperton\/"]}]},{"@type":"ImageObject","inLanguage":"fr-FR","@id":"https:\/\/develop.olympic.ca\/olympique\/comite-olympique-canadien\/gouvernance\/commission-des-athletes\/helen-upperton\/#primaryimage","url":"http:\/\/develop.olympic.ca\/wp-content\/uploads\/sites\/2\/2011\/08\/helen-upperton.jpg","contentUrl":"http:\/\/develop.olympic.ca\/wp-content\/uploads\/sites\/2\/2011\/08\/helen-upperton.jpg"},{"@type":"BreadcrumbList","@id":"https:\/\/develop.olympic.ca\/olympique\/comite-olympique-canadien\/gouvernance\/commission-des-athletes\/helen-upperton\/#breadcrumb","itemListElement":[{"@type":"ListItem","position":1,"name":"Aper\u00e7u du Comit\u00e9 olympique canadien","item":"https:\/\/develop.olympic.ca\/olympique\/comite-olympique-canadien\/"},{"@type":"ListItem","position":2,"name":"Gouvernance","item":"https:\/\/develop.olympic.ca\/olympique\/comite-olympique-canadien\/gouvernance\/"},{"@type":"ListItem","position":3,"name":"Commission des athl\u00e8tes","item":"https:\/\/develop.olympic.ca\/olympique\/comite-olympique-canadien\/gouvernance\/commission-des-athletes\/"},{"@type":"ListItem","position":4,"name":"Helen Upperton"}]},{"@type":"WebSite","@id":"https:\/\/develop.olympic.ca\/olympique\/#website","url":"https:\/\/develop.olympic.ca\/olympique\/","name":"\u00c9quipe Canada | Site officiel de l&#039;\u00e9quipe olympique","description":"Votre source pour l\u2019\u00c9quipe olympique canadienne. Retrouvez les r\u00e9cits, vid\u00e9os et photos des athl\u00e8tes canadiens, sports olympiques, Jeux olympiques de 2020 et bien plus!","potentialAction":[{"@type":"SearchAction","target":{"@type":"EntryPoint","urlTemplate":"https:\/\/develop.olympic.ca\/olympique\/?s={search_term_string}"},"query-input":{"@type":"PropertyValueSpecification","valueRequired":true,"valueName":"search_term_string"}}],"inLanguage":"fr-FR"}]}},"jetpack_sharing_enabled":true,"jetpack-related-posts":[],"jetpack_shortlink":"https:\/\/wp.me\/PbmyEP-8Uc","_links":{"self":[{"href":"https:\/\/develop.olympic.ca\/olympique\/wp-json\/wp\/v2\/pages\/34236","targetHints":{"allow":["GET"]}}],"collection":[{"href":"https:\/\/develop.olympic.ca\/olympique\/wp-json\/wp\/v2\/pages"}],"about":[{"href":"https:\/\/develop.olympic.ca\/olympique\/wp-json\/wp\/v2\/types\/page"}],"author":[{"embeddable":true,"href":"https:\/\/develop.olympic.ca\/olympique\/wp-json\/wp\/v2\/users\/47562643"}],"replies":[{"embeddable":true,"href":"https:\/\/develop.olympic.ca\/olympique\/wp-json\/wp\/v2\/comments?post=34236"}],"version-history":[{"count":1,"href":"https:\/\/develop.olympic.ca\/olympique\/wp-json\/wp\/v2\/pages\/34236\/revisions"}],"predecessor-version":[{"id":82606,"href":"https:\/\/develop.olympic.ca\/olympique\/wp-json\/wp\/v2\/pages\/34236\/revisions\/82606"}],"up":[{"embeddable":true,"href":"https:\/\/develop.olympic.ca\/olympique\/wp-json\/wp\/v2\/pages\/3454"}],"wp:attachment":[{"href":"https:\/\/develop.olympic.ca\/olympique\/wp-json\/wp\/v2\/media?parent=34236"}],"wp:term":[{"taxonomy":"author","embeddable":true,"href":"https:\/\/develop.olympic.ca\/olympique\/wp-json\/wp\/v2\/coauthors?post=34236"}],"curies":[{"name":"wp","href":"https:\/\/api.w.org\/{rel}","templated":true}]}}