{"id":3449,"date":"2011-08-30T08:24:38","date_gmt":"2011-08-30T12:25:10","guid":{"rendered":"http:\/\/develop.olympic.ca\/?page_id=3449"},"modified":"2024-02-23T11:21:26","modified_gmt":"2024-02-23T16:21:26","slug":"session","status":"publish","type":"page","link":"https:\/\/develop.olympic.ca\/olympique\/comite-olympique-canadien\/gouvernance\/session\/","title":{"rendered":"Session"},"content":{"rendered":"\n<p class=\"wp-block-paragraph\">La Session est compos\u00e9e de repr\u00e9sentants de chacune des f\u00e9d\u00e9rations nationales de sport dont le sport est inscrit au programme officiel des Jeux olympiques, des Jeux olympiques d\u2019hiver ou des Jeux panam\u00e9ricains; des membres du CIO au Canada; des membres de l\u2019ex\u00e9cutif de la Commission des athl\u00e8tes; d\u2019un repr\u00e9sentant des entra\u00eeneurs; du pr\u00e9sident de la Fondation olympique canadienne; des pr\u00e9sidents des f\u00e9d\u00e9rations internationales r\u00e9sidant au Canada; de douze administrateurs; et de deux olympiens canadiens.&nbsp;<\/p>\n\n\n\n<div class=\"wp-block-columns is-layout-flex wp-container-core-columns-is-layout-8f761849 wp-block-columns-is-layout-flex\">\n<div class=\"wp-block-column is-layout-flow wp-block-column-is-layout-flow\">\n<h2 class=\"wp-block-heading\" id=\"membre-a\"><strong>Membre A<\/strong><\/h2>\n\n\n\n<p class=\"wp-block-paragraph\"><strong>Aaron Bull \u2013&nbsp;<\/strong>F\u00e9d\u00e9ration Canadienne&nbsp; tir \u00e0 l\u2019arc<\/p>\n\n\n\n<p class=\"wp-block-paragraph\"><strong>Adham Sharara \u2013&nbsp;<\/strong>Association du tennis de table Canada<\/p>\n\n\n\n<p class=\"wp-block-paragraph\"><strong>Alex Gough<\/strong> &#8211; <strong> <\/strong>Association Canadienne de Luge<\/p>\n\n\n\n<p class=\"wp-block-paragraph\"><strong>Andrew Price \u2013<\/strong> Gymnastics Canada<\/p>\n\n\n\n<p class=\"wp-block-paragraph\"><strong>Bryan Merrett<\/strong> &#8211; Badminton Canadien<\/p>\n\n\n\n<p class=\"wp-block-paragraph\"><strong>Carol Purcer \u2013&nbsp;<\/strong>Rowing Canada Aviron<\/p>\n\n\n\n<p class=\"wp-block-paragraph\"><strong>Casey Wade \u2013&nbsp;<\/strong>Canoe Kayak Canada<\/p>\n\n\n\n<p class=\"wp-block-paragraph\"><strong>Christiane Marceau \u2013&nbsp;<\/strong>Escalade Canada<\/p>\n\n\n\n<p class=\"wp-block-paragraph\"><strong>Craig Vokey \u2013&nbsp;<\/strong>Karate Canada<\/p>\n\n\n\n<p class=\"wp-block-paragraph\"><strong>Craig Walker&nbsp;<\/strong>\u2013 F\u00e9d\u00e9ration Halt\u00e9rophile Canadienne<\/p>\n\n\n\n<p class=\"wp-block-paragraph\"><strong>David Harris<\/strong> &#8211; Taekwondo Canada<\/p>\n\n\n\n<p class=\"wp-block-paragraph\"><strong>Debra Armstrong<\/strong> &#8211; Skate Canada<\/p>\n\n\n\n<p class=\"wp-block-paragraph\"><strong>Dustin Heise \u2013&nbsp;<\/strong>Canada Snowboard<\/p>\n\n\n\n<p class=\"wp-block-paragraph\"><strong>Eva Havaris<\/strong> &#8211; Tennis Canada<\/p>\n\n\n\n<p class=\"wp-block-paragraph\"><strong>Florence Klein&nbsp;<\/strong>\u2013 Natation artistique Canada<\/p>\n\n\n\n<p class=\"wp-block-paragraph\"><strong>Gordon Peterson<\/strong> &#8211; Plong\u00e9e Canada<\/p>\n\n\n\n<p class=\"wp-block-paragraph\"><strong>Hagan McCreath \u2013&nbsp;<\/strong>Planche \u00e0 roulette Canada<\/p>\n\n\n\n<p class=\"wp-block-paragraph\"><strong>Helen Manning<\/strong> &#8211; Athl\u00e9tisme Canada<\/p>\n\n\n\n<p class=\"wp-block-paragraph\"><strong>Jasmine Northcott<\/strong> &#8211; F\u00e9d\u00e9ration de tir Canada<\/p>\n\n\n\n<p class=\"wp-block-paragraph\"><strong>Jason Dickson<\/strong> &#8211; Canada Basketball<\/p>\n\n\n\n<p class=\"wp-block-paragraph\"><strong>Jeff Thomson&nbsp;<\/strong>\u2013 Gymnastique Canada<\/p>\n\n\n\n<p class=\"wp-block-paragraph\"><strong>Jim Woolsey \u2013&nbsp;<\/strong>Ski combine nordique Canada<\/p>\n\n\n\n<p class=\"wp-block-paragraph\"><strong>Joe Morissette<\/strong> <strong>\u2013<\/strong> Patinage de Vitesse Canada <\/p>\n\n\n\n<p class=\"wp-block-paragraph\"><strong>Kate McLennan<\/strong> <strong>\u2013<\/strong> Voile Canada<\/p>\n\n\n\n<p class=\"wp-block-paragraph\"><strong><strong>Kathleen Dawson&nbsp;<\/strong>\u2013&nbsp;<\/strong>Water Polo Canada<\/p>\n\n\n\n<p class=\"wp-block-paragraph\"><strong>Katherine Henderson \u2013<\/strong> Hockey Canadien<\/p>\n\n\n\n<p class=\"wp-block-paragraph\"><strong>Karen Paquin \u2013<\/strong> Rugby Canadien <\/p>\n\n\n\n<p class=\"wp-block-paragraph\"><strong>Kelly Johansson<\/strong> &#8211; Saut \u00e0 Ski canada<\/p>\n\n\n\n<p class=\"wp-block-paragraph\"><strong>Laurence Applebaum \u2013&nbsp;<\/strong>Association royale de golf du Canada<\/p>\n\n\n\n<p class=\"wp-block-paragraph\"><strong>Mark Eckert \u2013&nbsp;<\/strong>Volleyball&nbsp;Canada<\/p>\n\n\n\n<p class=\"wp-block-paragraph\"><strong>Matthew Jeffries \u2013&nbsp;<\/strong>Cyclisme Canada<\/p>\n\n\n\n<p class=\"wp-block-paragraph\"><strong>Meg Krueger \u2013&nbsp;<\/strong>Equestrian Canada \u00c9questre<\/p>\n\n\n\n<p class=\"wp-block-paragraph\"><strong>Mathieu Chamberland<\/strong> &#8211; Football Canada<\/p>\n\n\n\n<p class=\"wp-block-paragraph\"><strong>Mike Walker&nbsp;<\/strong>\u2013 Biathlon Canada<\/p>\n\n\n\n<p class=\"wp-block-paragraph\"><strong>Nicolas Gill \u2013&nbsp;<\/strong>Judo&nbsp;Canada<\/p>\n\n\n\n<p class=\"wp-block-paragraph\"><strong>Nolan Thiessen \u2013 <\/strong>Association Canadienne de Curling<\/p>\n\n\n\n<p class=\"wp-block-paragraph\"><strong>Paige Alms \u2013<\/strong> Surfer au Canada<\/p>\n\n\n\n<p class=\"wp-block-paragraph\"><strong>Peter Judge \u2013&nbsp;<\/strong>Association Canadienne des Skieurs Acrobatiques<\/p>\n\n\n\n<p class=\"wp-block-paragraph\"><strong>Peter McCrory \u2013&nbsp;<\/strong>Triathlon Canada<\/p>\n\n\n\n<p class=\"wp-block-paragraph\"><strong>Rod Stavely&nbsp;<\/strong>\u2013 Pentathlon Canada<\/p>\n\n\n\n<p class=\"wp-block-paragraph\"><strong>Ryan O&rsquo;Shea &#8211;&nbsp;<\/strong>Association Canadienne de Boxe Amateur<\/p>\n\n\n\n<p class=\"wp-block-paragraph\"><strong>Sandra Brittain<\/strong> &#8211; Danse Sportive Canadienne<\/p>\n\n\n\n<p class=\"wp-block-paragraph\"><strong>Scott Neiles&nbsp;\u2013&nbsp;<\/strong>Softball&nbsp;Canada<\/p>\n\n\n\n<p class=\"wp-block-paragraph\"><strong><strong>St\u00e9phane Barrette<\/strong> <\/strong>\u2013 Nordiq Canada<\/p>\n\n\n\n<p class=\"wp-block-paragraph\"><strong>Susan Ahrens&nbsp;<\/strong>\u2013 Canada hockey sur gazon<\/p>\n\n\n\n<p class=\"wp-block-paragraph\"><strong>Suzanne Paulins<\/strong> &#8211; Natation Canada<\/p>\n\n\n\n<p class=\"wp-block-paragraph\"><strong>Tamara Medwidsky \u2013<\/strong> Lutte Canadienne<\/p>\n\n\n\n<p class=\"wp-block-paragraph\"><strong>Tara McNeil<\/strong> &#8211; Bobsleigh Canada <\/p>\n\n\n\n<p class=\"wp-block-paragraph\"><strong>Therese Brisson&nbsp;<\/strong>\u2013 Canada Alpin<\/p>\n\n\n\n<p class=\"wp-block-paragraph\"><strong>Yann Bernard&nbsp;<\/strong>\u2013 Canadian Fencing Federation<\/p>\n<\/div>\n\n\n\n<div class=\"wp-block-column is-layout-flow wp-block-column-is-layout-flow\">\n<h2 class=\"wp-block-heading\" id=\"membre-b\"><strong>Membre B<\/strong><\/h2>\n\n\n\n<p class=\"wp-block-paragraph\"><strong>Brad Baker<\/strong> &#8211; Partisan olympique<\/p>\n\n\n\n<p class=\"wp-block-paragraph\"><strong>Catherine Innes \u2013&nbsp;<\/strong>Canadian Tenpin Federation<\/p>\n\n\n\n<p class=\"wp-block-paragraph\"><strong>Charmaine Crooks<\/strong>&nbsp;\u2013 OLY Commission<\/p>\n\n\n\n<p class=\"wp-block-paragraph\"><strong>Chris Clark \u2013&nbsp;<\/strong>Conseil d\u2019administration<\/p>\n\n\n\n<p class=\"wp-block-paragraph\"><strong>Claire Carver-Dias<\/strong>&nbsp;\u2013  OLY Commission<\/p>\n\n\n\n<p class=\"wp-block-paragraph\"><strong>David de Vlieger \u2013&nbsp;<\/strong>Conseil d\u2019administration<\/p>\n\n\n\n<p class=\"wp-block-paragraph\"><strong>Gwen Smoluk \u2013&nbsp;<\/strong>Racquetball&nbsp;Canada<\/p>\n\n\n\n<p class=\"wp-block-paragraph\"><strong>Hubert Lacroix <\/strong>\u2013&nbsp;Conseil d\u2019administration<\/p>\n\n\n\n<p class=\"wp-block-paragraph\"><strong>Ian Clarke<\/strong> <strong>\u2013&nbsp;<\/strong>Conseil d\u2019administration<\/p>\n\n\n\n<p class=\"wp-block-paragraph\"><strong>Jaime Nicholls \u2013<\/strong> Courge Panam\u00e9ricaine NSO du Canada<\/p>\n\n\n\n<p class=\"wp-block-paragraph\"><strong>Jaqui Parchment<\/strong> &#8211; Conseil d\u2019administration<\/p>\n\n\n\n<p class=\"wp-block-paragraph\"><strong>Karen Rubin \u2013&nbsp;<\/strong>Conseil d\u2019administration<\/p>\n\n\n\n<p class=\"wp-block-paragraph\"><strong>Leanna Caron<\/strong> &#8211; Partisan olympique<\/p>\n\n\n\n<p class=\"wp-block-paragraph\"><strong>Linda Cuthbert<\/strong> &#8211; Partisan olympique<\/p>\n\n\n\n<p class=\"wp-block-paragraph\"><strong>Lori DeGraw \u2013&nbsp;<\/strong>Conseil d\u2019administration<\/p>\n\n\n\n<p class=\"wp-block-paragraph\"><strong>Lorraine&nbsp;Lafreni\u00e8re \u2013&nbsp;<\/strong>Entraineurs du Canada<\/p>\n\n\n\n<p class=\"wp-block-paragraph\"><strong>Marie-Huguette Cormier \u2013&nbsp;<\/strong>Conseil d\u2019administration<\/p>\n\n\n\n<p class=\"wp-block-paragraph\"><strong>Mark Tewksbury \u2013&nbsp;<\/strong>Conseil d\u2019administration<\/p>\n\n\n\n<p class=\"wp-block-paragraph\"><strong>Moira Lassen &#8211; <\/strong>Partisan olympique<\/p>\n\n\n\n<p class=\"wp-block-paragraph\"><strong>Nazir Walji <\/strong>&#8211; Partisan olympique<\/p>\n\n\n\n<p class=\"wp-block-paragraph\"><strong>Perry Dellelce \u2013&nbsp;<\/strong>Fondation Olympique Canadienne<\/p>\n\n\n\n<p class=\"wp-block-paragraph\"><strong>Peter Dinsdale<\/strong> &#8211; Counseil d&rsquo;adminstration<\/p>\n\n\n\n<p class=\"wp-block-paragraph\"><strong>Richard Koo<\/strong> &#8211; Partisan olympique<\/p>\n\n\n\n<p class=\"wp-block-paragraph\"><strong>Robin Brudner<\/strong>&nbsp;\u2013 Partisan olympique<\/p>\n\n\n\n<p class=\"wp-block-paragraph\"><strong>Russ Dickson <\/strong>&#8211; Ski nautique et planche Canada, PanAmerican NSO<\/p>\n\n\n\n<p class=\"wp-block-paragraph\"><strong>Kassandra Paone<\/strong> &#8211; Sports \u00e0 Roulettes Canada, PanAmerican NSO<\/p>\n\n\n\n<p class=\"wp-block-paragraph\"><strong>Sa\u00e4d Rafi&nbsp;<\/strong>&#8211; Conseil d\u2019administration<\/p>\n\n\n\n<p class=\"wp-block-paragraph\"><strong>Seyi Smith<\/strong> &#8211; Partisan olympique<\/p>\n\n\n\n<p class=\"wp-block-paragraph\"><strong>Shannon Susko<\/strong> &#8211; Partisan olympique <\/p>\n\n\n\n<p class=\"wp-block-paragraph\"><strong>Stacey Allaster<\/strong> &#8211; Conseil d\u2019administration<\/p>\n\n\n\n<p class=\"wp-block-paragraph\"><strong>Teresa Resch<\/strong> &#8211;  Partisan olympique<\/p>\n\n\n\n<p class=\"wp-block-paragraph\"><strong>Tim Powers <\/strong>&#8211;  Partisan olympique<\/p>\n\n\n\n<p class=\"wp-block-paragraph\"><strong>Walter Sieber<\/strong>&nbsp;\u2013 Partisan olympique<\/p>\n\n\n\n<h2 class=\"wp-block-heading\" id=\"membre-c-ioc-members\"><strong>Membre C\u2013 IOC Members<\/strong><\/h2>\n\n\n\n<p class=\"wp-block-paragraph\"><strong>Richard W. Pound<\/strong><\/p>\n\n\n\n<p class=\"wp-block-paragraph\"><strong>Tricia Smith<\/strong><\/p>\n\n\n\n<h2 class=\"wp-block-heading\" id=\"membre-d-coc-athletes-commission\"><strong>Membre D \u2013 COC Athletes\u2019 Commission<\/strong><\/h2>\n\n\n\n<p class=\"wp-block-paragraph\"><strong>Rosie MacLennan<\/strong><\/p>\n\n\n\n<p class=\"wp-block-paragraph\"><strong>Inaki Gomez<\/strong><\/p>\n\n\n\n<p class=\"wp-block-paragraph\"><strong>Martha McCabe<\/strong><\/p>\n\n\n\n<p class=\"wp-block-paragraph\"><strong>Maxwell Lattimer<\/strong><\/p>\n\n\n\n<p class=\"wp-block-paragraph\"><strong>Mercedes Nicoll<\/strong><\/p>\n\n\n\n<p class=\"wp-block-paragraph\"><strong>Philippe Marquis<\/strong><\/p>\n\n\n\n<p class=\"wp-block-paragraph\"><strong>Jacqueline Simoneau<\/strong><\/p>\n\n\n\n<p class=\"wp-block-paragraph\"><strong>Quinn<\/strong><\/p>\n<\/div>\n<\/div>\n","protected":false},"excerpt":{"rendered":"<p>La Session est compos\u00e9e de repr\u00e9sentants de chacune des f\u00e9d\u00e9rations nationales de sport dont le sport est inscrit au programme&#8230;<\/p>\n","protected":false},"author":47562643,"featured_media":0,"parent":3114,"menu_order":0,"comment_status":"open","ping_status":"open","template":"templates\/template-about.php","meta":{"_edit_last":["185434567"],"_wp_page_template":["templates\/template-about.php"],"s2mail":["yes"],"_yoast_wpseo_google-plus-description":[""],"_original_post_id":["3449"],"_original_import_author":["joebarnett"],"_original_parent_id":["3114"],"_wpcom_imported":["a:2:{s:8:\"importer\";s:9:\"wordpress\";s:4:\"date\";s:19:\"2013-07-21 18:11:27\";}"],"original_post_id":["3449"],"_wp_old_slug":["3449"],"seo_translation_link":["http:\/\/develop.olympic.ca\/canadian-olympic-committee\/governance\/session\/"],"_edit_lock":["1708705283:185434567"],"_elasticsearch_indexed_on":["2011-08-30 12:25:10"],"_x_multifield_seo_accordion":["a:1:{i:0;a:2:{s:19:\"seo_accordion_title\";s:0:\"\";s:25:\"seo_accordion_description\";s:0:\"\";}}"],"superawesome":["false"],"coc_campaign_options":["a:4:{s:16:\"coc_campaign_tag\";s:0:\"\";s:15:\"coc_campaign_bg\";N;s:25:\"coc_campaign_bg_downloads\";a:0:{}s:20:\"coc_campaign_posters\";a:0:{}}"],"coc_team_options":["a:1:{s:15:\"coc_game_select\";i:184566;}"],"coc_oc_landing_options":["a:2:{s:17:\"coc_oc_landing_bg\";N;s:22:\"coc_oc_landing_stories\";a:0:{}}"],"coc_edit_profile_options":["a:1:{s:20:\"coc_favourite_sports\";a:0:{}}"],"coc_oc_reward_options":["a:13:{s:16:\"coc_oc_reward_id\";s:0:\"\";s:19:\"coc_oc_ac_reward_id\";s:0:\"\";s:20:\"coc_oc_reward_points\";s:0:\"\";s:19:\"coc_oc_reward_rules\";N;s:31:\"coc_oc_digital_download_desktop\";N;s:30:\"coc_oc_digital_download_mobile\";N;s:32:\"coc_oc_digital_download_facebook\";N;s:29:\"coc_oc_reward_success_message\";s:0:\"\";s:23:\"coc_oc_facebook_content\";s:0:\"\";s:22:\"coc_oc_twitter_content\";s:0:\"\";s:24:\"coc_oc_social_contest_id\";s:0:\"\";s:31:\"coc_oc_reward_logged_in_message\";s:0:\"\";s:32:\"coc_oc_reward_logged_out_message\";s:0:\"\";}"],"geo_public":["0"],"coc_sharing_options":["a:1:{s:18:\"coc_hide_share_bar\";b:0;}"],"coc_press_options":["a:2:{s:28:\"coc_press_additional_content\";s:0:\"\";s:27:\"coc_press_resource_category\";a:0:{}}"],"coc_breaking_news_options":["a:1:{s:25:\"coc_breaking_news_details\";a:0:{}}"],"coc_be_olympic_options":["a:8:{s:37:\"coc_be_olympic_exclusive_content_link\";s:0:\"\";s:27:\"coc_be_olympic_videos_title\";s:0:\"\";s:21:\"coc_be_olympic_videos\";a:0:{}s:27:\"coc_be_olympic_photos_title\";s:0:\"\";s:21:\"coc_be_olympic_photos\";a:0:{}s:24:\"coc_be_olympic_downloads\";a:0:{}s:22:\"coc_be_olympic_quizzes\";a:0:{}s:26:\"coc_be_olympic_fan_fun_ads\";a:0:{}}"],"coc_fan_fun_options":["a:2:{s:23:\"coc_fan_fun_hammer_time\";a:2:{s:29:\"coc_fan_fun_hammer_time_image\";N;s:27:\"coc_fan_fun_hammer_time_url\";s:0:\"\";}s:22:\"coc_fan_fun_torch_dash\";a:2:{s:28:\"coc_fan_fun_torch_dash_image\";N;s:26:\"coc_fan_fun_torch_dash_url\";s:0:\"\";}}"],"coc_interactive_game_options":["a:3:{s:28:\"coc_interactive_game_message\";s:0:\"\";s:24:\"coc_interactive_game_url\";s:0:\"\";s:27:\"coc_interactive_game_iframe\";b:0;}"],"coc_olympic_club_options":["a:1:{s:12:\"redirect_url\";s:0:\"\";}"],"coc_favorites_options":["a:3:{s:13:\"content_types\";a:0:{}s:7:\"seasons\";a:0:{}s:4:\"gear\";a:0:{}}"],"coc_og_tags":["a:3:{s:8:\"og_title\";s:0:\"\";s:14:\"og_description\";s:0:\"\";s:8:\"og_image\";N;}"],"coc_education_options":["A"],"coc_page_options":["a:1:{s:30:\"coc_partner_takeover_ads_story\";a:5:{s:20:\"coc_ad_story_desktop\";N;s:26:\"coc_ad_story_desktop_label\";s:0:\"\";s:19:\"coc_ad_story_mobile\";N;s:25:\"coc_ad_story_mobile_label\";s:0:\"\";s:16:\"coc_ad_story_url\";s:0:\"\";}}"],"_last_editor_used_jetpack":["block-editor"],"coc_games":[""],"_coc_games":["field_5e83bf020f51f"],"coc_trivia":[""],"_coc_trivia":["field_5e83bacdec2aa"],"coc_donor_video_options":["a:1:{s:21:\"donor_featured_videos\";a:0:{}}"],"coc_about_video_options":["a:1:{s:11:\"about_video\";a:3:{s:21:\"coc_about_video_title\";s:0:\"\";s:20:\"coc_about_video_text\";s:0:\"\";s:21:\"coc_about_youtube_url\";s:0:\"\";}}"],"coc_about_image_options":["a:1:{s:11:\"about_image\";a:3:{s:21:\"coc_about_image_title\";s:0:\"\";s:20:\"coc_about_image_text\";s:0:\"\";s:19:\"coc_about_image_url\";N;}}"],"coc_about_reporting_options":["a:1:{s:23:\"about_reporting_options\";a:0:{}}"],"coc_about_audit_options":["a:1:{s:19:\"about_audit_options\";a:0:{}}"],"coc_giving_options":["a:1:{s:14:\"giving_options\";a:0:{}}"],"coc_homepage_video_options":["a:1:{s:13:\"video_options\";a:1:{s:18:\"coc_homepage_video\";s:0:\"\";}}"],"coc_homepage_priorities":["a:1:{s:16:\"priority_options\";a:0:{}}"],"coc_homepage_campaign_options":["a:1:{s:16:\"campaign_options\";a:3:{s:24:\"coc_campaign_video_title\";s:0:\"\";s:23:\"coc_campaign_video_text\";s:0:\"\";s:24:\"coc_campaign_youtube_url\";s:0:\"\";}}"],"hof_selected_committee":["a:1:{s:11:\"hof_members\";a:0:{}}"],"hof_partners_options":["a:1:{s:12:\"hof_partners\";a:0:{}}"],"hof_search_excerpt":["a:1:{s:18:\"coc_search_excerpt\";s:0:\"\";}"],"_yoast_wpseo_content_score":["30"],"_yoast_wpseo_estimated-reading-time-minutes":["3"],"seo_title":[""],"_seo_title":["field_652feeaa9308c"],"seo_focus_keyword":[""],"_seo_focus_keyword":["field_652ff0580091b"],"seo_meta_description":[""],"_seo_meta_description":["field_652feec09308d"],"_seo_translation_link":["field_652feee79308e"],"seo_accordion_module_title":[""],"_seo_accordion_module_title":["field_652fef009308f"],"seo_accordion":[""],"_seo_accordion":["field_652fef4793091"],"secondary_content":[""],"_secondary_content":["field_6530028284790"],"social_facebook":[""],"_social_facebook":["field_652ff39070798"],"social_twitter":[""],"_social_twitter":["field_652ff3a470799"],"social_instagram":[""],"_social_instagram":["field_652ff3ca7079a"],"social_linkedin":[""],"_social_linkedin":["field_652ff3e57079b"],"social_website":[""],"_social_website":["field_652ff4227079c"],"zeus_id":[""],"_zeus_id":["field_652ff4537079d"],"team_announcement_tag":[""],"_team_announcement_tag":["field_65300222e2d0d"],"video_embed_code":[""],"_video_embed_code":["field_652fecffe1114"],"facebook_video_embed_code":[""],"_facebook_video_embed_code":["field_652fedfae1121"]},"coauthors":[186127234],"class_list":["post-3449","page","type-page","status-publish","format-standard","hentry"],"acf":[],"yoast_head":"<!-- This site is optimized with the Yoast SEO plugin v27.3 - https:\/\/yoast.com\/product\/yoast-seo-wordpress\/ -->\n<title>Session - \u00c9quipe Canada | Site officiel de l&#039;\u00e9quipe olympique<\/title>\n<meta name=\"robots\" content=\"index, follow, max-snippet:-1, max-image-preview:large, max-video-preview:-1\" \/>\n<link rel=\"canonical\" href=\"https:\/\/develop.olympic.ca\/olympique\/comite-olympique-canadien\/gouvernance\/session\/\" \/>\n<meta property=\"og:locale\" content=\"fr_FR\" \/>\n<meta property=\"og:type\" content=\"article\" \/>\n<meta property=\"og:title\" content=\"Session - \u00c9quipe Canada | Site officiel de l&#039;\u00e9quipe olympique\" \/>\n<meta property=\"og:description\" content=\"La Session est compos\u00e9e de repr\u00e9sentants de chacune des f\u00e9d\u00e9rations nationales de sport dont le sport est inscrit au programme...\" \/>\n<meta property=\"og:url\" content=\"https:\/\/develop.olympic.ca\/olympique\/comite-olympique-canadien\/gouvernance\/session\/\" \/>\n<meta property=\"og:site_name\" content=\"\u00c9quipe Canada | Site officiel de l&#039;\u00e9quipe olympique\" \/>\n<meta property=\"article:modified_time\" content=\"2024-02-23T16:21:26+00:00\" \/>\n<meta name=\"twitter:card\" content=\"summary_large_image\" \/>\n<meta name=\"twitter:label1\" content=\"Est. reading time\" \/>\n\t<meta name=\"twitter:data1\" content=\"3 minutes\" \/>\n\t<meta name=\"twitter:label2\" content=\"Written by\" \/>\n\t<meta name=\"twitter:data2\" content=\"Comit\u00e9 olympique canadien\" \/>\n<script type=\"application\/ld+json\" class=\"yoast-schema-graph\">{\"@context\":\"https:\\\/\\\/schema.org\",\"@graph\":[{\"@type\":\"WebPage\",\"@id\":\"https:\\\/\\\/develop.olympic.ca\\\/olympique\\\/comite-olympique-canadien\\\/gouvernance\\\/session\\\/\",\"url\":\"https:\\\/\\\/develop.olympic.ca\\\/olympique\\\/comite-olympique-canadien\\\/gouvernance\\\/session\\\/\",\"name\":\"Session - \u00c9quipe Canada | Site officiel de l&#039;\u00e9quipe olympique\",\"isPartOf\":{\"@id\":\"https:\\\/\\\/develop.olympic.ca\\\/olympique\\\/#website\"},\"datePublished\":\"2011-08-30T12:25:10+00:00\",\"dateModified\":\"2024-02-23T16:21:26+00:00\",\"breadcrumb\":{\"@id\":\"https:\\\/\\\/develop.olympic.ca\\\/olympique\\\/comite-olympique-canadien\\\/gouvernance\\\/session\\\/#breadcrumb\"},\"inLanguage\":\"fr-FR\",\"potentialAction\":[{\"@type\":\"ReadAction\",\"target\":[\"https:\\\/\\\/develop.olympic.ca\\\/olympique\\\/comite-olympique-canadien\\\/gouvernance\\\/session\\\/\"]}]},{\"@type\":\"BreadcrumbList\",\"@id\":\"https:\\\/\\\/develop.olympic.ca\\\/olympique\\\/comite-olympique-canadien\\\/gouvernance\\\/session\\\/#breadcrumb\",\"itemListElement\":[{\"@type\":\"ListItem\",\"position\":1,\"name\":\"Aper\u00e7u du Comit\u00e9 olympique canadien\",\"item\":\"https:\\\/\\\/develop.olympic.ca\\\/olympique\\\/comite-olympique-canadien\\\/\"},{\"@type\":\"ListItem\",\"position\":2,\"name\":\"Gouvernance\",\"item\":\"https:\\\/\\\/develop.olympic.ca\\\/olympique\\\/comite-olympique-canadien\\\/gouvernance\\\/\"},{\"@type\":\"ListItem\",\"position\":3,\"name\":\"Session\"}]},{\"@type\":\"WebSite\",\"@id\":\"https:\\\/\\\/develop.olympic.ca\\\/olympique\\\/#website\",\"url\":\"https:\\\/\\\/develop.olympic.ca\\\/olympique\\\/\",\"name\":\"\u00c9quipe Canada | Site officiel de l&#039;\u00e9quipe olympique\",\"description\":\"Votre source pour l\u2019\u00c9quipe olympique canadienne. Retrouvez les r\u00e9cits, vid\u00e9os et photos des athl\u00e8tes canadiens, sports olympiques, Jeux olympiques de 2020 et bien plus!\",\"potentialAction\":[{\"@type\":\"SearchAction\",\"target\":{\"@type\":\"EntryPoint\",\"urlTemplate\":\"https:\\\/\\\/develop.olympic.ca\\\/olympique\\\/?s={search_term_string}\"},\"query-input\":{\"@type\":\"PropertyValueSpecification\",\"valueRequired\":true,\"valueName\":\"search_term_string\"}}],\"inLanguage\":\"fr-FR\"}]}<\/script>\n<!-- \/ Yoast SEO plugin. -->","yoast_head_json":{"title":"Session - \u00c9quipe Canada | Site officiel de l&#039;\u00e9quipe olympique","robots":{"index":"index","follow":"follow","max-snippet":"max-snippet:-1","max-image-preview":"max-image-preview:large","max-video-preview":"max-video-preview:-1"},"canonical":"https:\/\/develop.olympic.ca\/olympique\/comite-olympique-canadien\/gouvernance\/session\/","og_locale":"fr_FR","og_type":"article","og_title":"Session - \u00c9quipe Canada | Site officiel de l&#039;\u00e9quipe olympique","og_description":"La Session est compos\u00e9e de repr\u00e9sentants de chacune des f\u00e9d\u00e9rations nationales de sport dont le sport est inscrit au programme...","og_url":"https:\/\/develop.olympic.ca\/olympique\/comite-olympique-canadien\/gouvernance\/session\/","og_site_name":"\u00c9quipe Canada | Site officiel de l&#039;\u00e9quipe olympique","article_modified_time":"2024-02-23T16:21:26+00:00","twitter_card":"summary_large_image","twitter_misc":{"Est. reading time":"3 minutes","Written by":"Comit\u00e9 olympique canadien"},"schema":{"@context":"https:\/\/schema.org","@graph":[{"@type":"WebPage","@id":"https:\/\/develop.olympic.ca\/olympique\/comite-olympique-canadien\/gouvernance\/session\/","url":"https:\/\/develop.olympic.ca\/olympique\/comite-olympique-canadien\/gouvernance\/session\/","name":"Session - \u00c9quipe Canada | Site officiel de l&#039;\u00e9quipe olympique","isPartOf":{"@id":"https:\/\/develop.olympic.ca\/olympique\/#website"},"datePublished":"2011-08-30T12:25:10+00:00","dateModified":"2024-02-23T16:21:26+00:00","breadcrumb":{"@id":"https:\/\/develop.olympic.ca\/olympique\/comite-olympique-canadien\/gouvernance\/session\/#breadcrumb"},"inLanguage":"fr-FR","potentialAction":[{"@type":"ReadAction","target":["https:\/\/develop.olympic.ca\/olympique\/comite-olympique-canadien\/gouvernance\/session\/"]}]},{"@type":"BreadcrumbList","@id":"https:\/\/develop.olympic.ca\/olympique\/comite-olympique-canadien\/gouvernance\/session\/#breadcrumb","itemListElement":[{"@type":"ListItem","position":1,"name":"Aper\u00e7u du Comit\u00e9 olympique canadien","item":"https:\/\/develop.olympic.ca\/olympique\/comite-olympique-canadien\/"},{"@type":"ListItem","position":2,"name":"Gouvernance","item":"https:\/\/develop.olympic.ca\/olympique\/comite-olympique-canadien\/gouvernance\/"},{"@type":"ListItem","position":3,"name":"Session"}]},{"@type":"WebSite","@id":"https:\/\/develop.olympic.ca\/olympique\/#website","url":"https:\/\/develop.olympic.ca\/olympique\/","name":"\u00c9quipe Canada | Site officiel de l&#039;\u00e9quipe olympique","description":"Votre source pour l\u2019\u00c9quipe olympique canadienne. Retrouvez les r\u00e9cits, vid\u00e9os et photos des athl\u00e8tes canadiens, sports olympiques, Jeux olympiques de 2020 et bien plus!","potentialAction":[{"@type":"SearchAction","target":{"@type":"EntryPoint","urlTemplate":"https:\/\/develop.olympic.ca\/olympique\/?s={search_term_string}"},"query-input":{"@type":"PropertyValueSpecification","valueRequired":true,"valueName":"search_term_string"}}],"inLanguage":"fr-FR"}]}},"jetpack_sharing_enabled":true,"jetpack-related-posts":[],"jetpack_shortlink":"https:\/\/wp.me\/PbmyEP-TD","_links":{"self":[{"href":"https:\/\/develop.olympic.ca\/olympique\/wp-json\/wp\/v2\/pages\/3449","targetHints":{"allow":["GET"]}}],"collection":[{"href":"https:\/\/develop.olympic.ca\/olympique\/wp-json\/wp\/v2\/pages"}],"about":[{"href":"https:\/\/develop.olympic.ca\/olympique\/wp-json\/wp\/v2\/types\/page"}],"author":[{"embeddable":true,"href":"https:\/\/develop.olympic.ca\/olympique\/wp-json\/wp\/v2\/users\/47562643"}],"replies":[{"embeddable":true,"href":"https:\/\/develop.olympic.ca\/olympique\/wp-json\/wp\/v2\/comments?post=3449"}],"version-history":[{"count":80,"href":"https:\/\/develop.olympic.ca\/olympique\/wp-json\/wp\/v2\/pages\/3449\/revisions"}],"predecessor-version":[{"id":237680,"href":"https:\/\/develop.olympic.ca\/olympique\/wp-json\/wp\/v2\/pages\/3449\/revisions\/237680"}],"up":[{"embeddable":true,"href":"https:\/\/develop.olympic.ca\/olympique\/wp-json\/wp\/v2\/pages\/3114"}],"wp:attachment":[{"href":"https:\/\/develop.olympic.ca\/olympique\/wp-json\/wp\/v2\/media?parent=3449"}],"wp:term":[{"taxonomy":"author","embeddable":true,"href":"https:\/\/develop.olympic.ca\/olympique\/wp-json\/wp\/v2\/coauthors?post=3449"}],"curies":[{"name":"wp","href":"https:\/\/api.w.org\/{rel}","templated":true}]}}