{"id":3521,"date":"2011-08-30T09:32:26","date_gmt":"2011-08-30T13:32:26","guid":{"rendered":"http:\/\/develop.olympic.ca\/?page_id=3521"},"modified":"2011-08-30T09:32:26","modified_gmt":"2011-08-30T13:32:26","slug":"role-du-coc","status":"publish","type":"page","link":"https:\/\/develop.olympic.ca\/olympique\/comite-olympique-canadien\/role-du-coc\/","title":{"rendered":"R\u00f4le du COC"},"content":{"rendered":"<p>Le Comit\u00e9 olympique canadien (COC) est responsable de l&rsquo;ensemble des aspects de la participation du Canada au Mouvement olympique, y compris :<\/p>\n<ul>\n<li>La participation du Canada aux Jeux olympiques et panam\u00e9ricains<\/li>\n<li>La gestion d&rsquo;une grande vari\u00e9t\u00e9 de programmes culturels et \u00e9ducatifs faisant la promotion des valeurs olympiques au Canada<\/li>\n<li>Des programmes suppl\u00e9mentaires de base dans le cadre desquels les communaut\u00e9s d\u00e9veloppent et font la promotion des valeurs olympiques \u00e0 tous les niveaux<\/li>\n<li>La s\u00e9lection et le soutien des villes canadiennes dans leurs propositions d&rsquo;accueil de Jeux olympiques, de Jeux olympiques d&rsquo;hiver et de Jeux panam\u00e9ricains<\/li>\n<\/ul>\n<p>\u00c9tant l&rsquo;un des partenaires fondateurs des Centres canadiens de sport partout au Canada, le COC s&rsquo;efforce d&rsquo;offrir aux athl\u00e8tes les services les plus complets disponibles. Ceux-ci s&rsquo;\u00e9tendent du counselling professionnel jusqu&rsquo;\u00e0 la gestion du stress et beaucoup d&rsquo;autres encore. Le COC d\u00e9veloppe en permanence de nouveaux services pour l&rsquo;avenir de mani\u00e8re \u00e0 ce que nos athl\u00e8tes puissent travailler, s&rsquo;entra\u00eener et vivre le mieux possible.<\/p>\n<p>Le COC est une organisation reconnue comme chef de file international dans le domaine du marketing et de l&rsquo;\u00e9ducation. Nous travaillons dans le but de promouvoir le sport en tant que force puissante et positive pour l&rsquo;ensemble des Canadiens. Dans cette optique, le COC aidera \u00e0 s&rsquo;assurer que le sport continue de contribuer au d\u00e9veloppement physique, social et moral des Canadiens d&rsquo;un oc\u00e9an \u00e0 l&rsquo;autre.<\/p>\n","protected":false},"excerpt":{"rendered":"<p>Le Comit\u00e9 olympique canadien (COC) est responsable de l&rsquo;ensemble des aspects de la participation du Canada au Mouvement olympique, y&#8230;<\/p>\n","protected":false},"author":47562643,"featured_media":0,"parent":3112,"menu_order":0,"comment_status":"open","ping_status":"open","template":"","meta":{"_edit_last":["47562643"],"_wp_page_template":["default"],"_seosmart_cache":["a:2:{s:8:\"keywords\";a:0:{}s:4:\"time\";s:10:\"1336354571\";}"],"seo_title":[""],"seo_meta_description":[""],"seo_focus_keyword":[""],"_original_post_id":["3521"],"_original_import_author":["joebarnett"],"_original_parent_id":["3112"],"_wpcom_imported":["a:2:{s:8:\"importer\";s:9:\"wordpress\";s:4:\"date\";s:19:\"2013-07-21 18:11:37\";}"],"original_post_id":["3521"],"_wp_old_slug":["3521"],"seo_translation_link":["http:\/\/develop.olympic.ca\/canadian-olympic-committee\/role-of-the-canadian-olympic-committee\/"],"_edit_lock":["1375377979:52435436"],"_elasticsearch_indexed_on":["2011-08-30 13:32:26"],"_is_empty_after_transformation":["yes"]},"coauthors":[186127234],"class_list":["post-3521","page","type-page","status-publish","format-standard","hentry"],"acf":[],"yoast_head":"<!-- This site is optimized with the Yoast SEO plugin v27.3 - https:\/\/yoast.com\/product\/yoast-seo-wordpress\/ -->\n<title>R\u00f4le du COC - \u00c9quipe Canada | Site officiel de l&#039;\u00e9quipe olympique<\/title>\n<meta name=\"robots\" content=\"index, follow, max-snippet:-1, max-image-preview:large, max-video-preview:-1\" \/>\n<link rel=\"canonical\" href=\"https:\/\/develop.olympic.ca\/olympique\/comite-olympique-canadien\/role-du-coc\/\" \/>\n<meta property=\"og:locale\" content=\"fr_FR\" \/>\n<meta property=\"og:type\" content=\"article\" \/>\n<meta property=\"og:title\" content=\"R\u00f4le du COC - \u00c9quipe Canada | Site officiel de l&#039;\u00e9quipe olympique\" \/>\n<meta property=\"og:description\" content=\"Le Comit\u00e9 olympique canadien (COC) est responsable de l&rsquo;ensemble des aspects de la participation du Canada au Mouvement olympique, y...\" \/>\n<meta property=\"og:url\" content=\"https:\/\/develop.olympic.ca\/olympique\/comite-olympique-canadien\/role-du-coc\/\" \/>\n<meta property=\"og:site_name\" content=\"\u00c9quipe Canada | Site officiel de l&#039;\u00e9quipe olympique\" \/>\n<meta name=\"twitter:card\" content=\"summary_large_image\" \/>\n<meta name=\"twitter:label1\" content=\"Est. reading time\" \/>\n\t<meta name=\"twitter:data1\" content=\"1 minute\" \/>\n\t<meta name=\"twitter:label2\" content=\"Written by\" \/>\n\t<meta name=\"twitter:data2\" content=\"Comit\u00e9 olympique canadien\" \/>\n<script type=\"application\/ld+json\" class=\"yoast-schema-graph\">{\"@context\":\"https:\\\/\\\/schema.org\",\"@graph\":[{\"@type\":\"WebPage\",\"@id\":\"https:\\\/\\\/develop.olympic.ca\\\/olympique\\\/comite-olympique-canadien\\\/role-du-coc\\\/\",\"url\":\"https:\\\/\\\/develop.olympic.ca\\\/olympique\\\/comite-olympique-canadien\\\/role-du-coc\\\/\",\"name\":\"R\u00f4le du COC - \u00c9quipe Canada | Site officiel de l&#039;\u00e9quipe olympique\",\"isPartOf\":{\"@id\":\"https:\\\/\\\/develop.olympic.ca\\\/olympique\\\/#website\"},\"datePublished\":\"2011-08-30T13:32:26+00:00\",\"breadcrumb\":{\"@id\":\"https:\\\/\\\/develop.olympic.ca\\\/olympique\\\/comite-olympique-canadien\\\/role-du-coc\\\/#breadcrumb\"},\"inLanguage\":\"fr-FR\",\"potentialAction\":[{\"@type\":\"ReadAction\",\"target\":[\"https:\\\/\\\/develop.olympic.ca\\\/olympique\\\/comite-olympique-canadien\\\/role-du-coc\\\/\"]}]},{\"@type\":\"BreadcrumbList\",\"@id\":\"https:\\\/\\\/develop.olympic.ca\\\/olympique\\\/comite-olympique-canadien\\\/role-du-coc\\\/#breadcrumb\",\"itemListElement\":[{\"@type\":\"ListItem\",\"position\":1,\"name\":\"Aper\u00e7u du Comit\u00e9 olympique canadien\",\"item\":\"https:\\\/\\\/develop.olympic.ca\\\/olympique\\\/comite-olympique-canadien\\\/\"},{\"@type\":\"ListItem\",\"position\":2,\"name\":\"R\u00f4le du COC\"}]},{\"@type\":\"WebSite\",\"@id\":\"https:\\\/\\\/develop.olympic.ca\\\/olympique\\\/#website\",\"url\":\"https:\\\/\\\/develop.olympic.ca\\\/olympique\\\/\",\"name\":\"\u00c9quipe Canada | Site officiel de l&#039;\u00e9quipe olympique\",\"description\":\"Votre source pour l\u2019\u00c9quipe olympique canadienne. Retrouvez les r\u00e9cits, vid\u00e9os et photos des athl\u00e8tes canadiens, sports olympiques, Jeux olympiques de 2020 et bien plus!\",\"potentialAction\":[{\"@type\":\"SearchAction\",\"target\":{\"@type\":\"EntryPoint\",\"urlTemplate\":\"https:\\\/\\\/develop.olympic.ca\\\/olympique\\\/?s={search_term_string}\"},\"query-input\":{\"@type\":\"PropertyValueSpecification\",\"valueRequired\":true,\"valueName\":\"search_term_string\"}}],\"inLanguage\":\"fr-FR\"}]}<\/script>\n<!-- \/ Yoast SEO plugin. -->","yoast_head_json":{"title":"R\u00f4le du COC - \u00c9quipe Canada | Site officiel de l&#039;\u00e9quipe olympique","robots":{"index":"index","follow":"follow","max-snippet":"max-snippet:-1","max-image-preview":"max-image-preview:large","max-video-preview":"max-video-preview:-1"},"canonical":"https:\/\/develop.olympic.ca\/olympique\/comite-olympique-canadien\/role-du-coc\/","og_locale":"fr_FR","og_type":"article","og_title":"R\u00f4le du COC - \u00c9quipe Canada | Site officiel de l&#039;\u00e9quipe olympique","og_description":"Le Comit\u00e9 olympique canadien (COC) est responsable de l&rsquo;ensemble des aspects de la participation du Canada au Mouvement olympique, y...","og_url":"https:\/\/develop.olympic.ca\/olympique\/comite-olympique-canadien\/role-du-coc\/","og_site_name":"\u00c9quipe Canada | Site officiel de l&#039;\u00e9quipe olympique","twitter_card":"summary_large_image","twitter_misc":{"Est. reading time":"1 minute","Written by":"Comit\u00e9 olympique canadien"},"schema":{"@context":"https:\/\/schema.org","@graph":[{"@type":"WebPage","@id":"https:\/\/develop.olympic.ca\/olympique\/comite-olympique-canadien\/role-du-coc\/","url":"https:\/\/develop.olympic.ca\/olympique\/comite-olympique-canadien\/role-du-coc\/","name":"R\u00f4le du COC - \u00c9quipe Canada | Site officiel de l&#039;\u00e9quipe olympique","isPartOf":{"@id":"https:\/\/develop.olympic.ca\/olympique\/#website"},"datePublished":"2011-08-30T13:32:26+00:00","breadcrumb":{"@id":"https:\/\/develop.olympic.ca\/olympique\/comite-olympique-canadien\/role-du-coc\/#breadcrumb"},"inLanguage":"fr-FR","potentialAction":[{"@type":"ReadAction","target":["https:\/\/develop.olympic.ca\/olympique\/comite-olympique-canadien\/role-du-coc\/"]}]},{"@type":"BreadcrumbList","@id":"https:\/\/develop.olympic.ca\/olympique\/comite-olympique-canadien\/role-du-coc\/#breadcrumb","itemListElement":[{"@type":"ListItem","position":1,"name":"Aper\u00e7u du Comit\u00e9 olympique canadien","item":"https:\/\/develop.olympic.ca\/olympique\/comite-olympique-canadien\/"},{"@type":"ListItem","position":2,"name":"R\u00f4le du COC"}]},{"@type":"WebSite","@id":"https:\/\/develop.olympic.ca\/olympique\/#website","url":"https:\/\/develop.olympic.ca\/olympique\/","name":"\u00c9quipe Canada | Site officiel de l&#039;\u00e9quipe olympique","description":"Votre source pour l\u2019\u00c9quipe olympique canadienne. Retrouvez les r\u00e9cits, vid\u00e9os et photos des athl\u00e8tes canadiens, sports olympiques, Jeux olympiques de 2020 et bien plus!","potentialAction":[{"@type":"SearchAction","target":{"@type":"EntryPoint","urlTemplate":"https:\/\/develop.olympic.ca\/olympique\/?s={search_term_string}"},"query-input":{"@type":"PropertyValueSpecification","valueRequired":true,"valueName":"search_term_string"}}],"inLanguage":"fr-FR"}]}},"jetpack_sharing_enabled":true,"jetpack-related-posts":[],"jetpack_shortlink":"https:\/\/wp.me\/PbmyEP-UN","_links":{"self":[{"href":"https:\/\/develop.olympic.ca\/olympique\/wp-json\/wp\/v2\/pages\/3521","targetHints":{"allow":["GET"]}}],"collection":[{"href":"https:\/\/develop.olympic.ca\/olympique\/wp-json\/wp\/v2\/pages"}],"about":[{"href":"https:\/\/develop.olympic.ca\/olympique\/wp-json\/wp\/v2\/types\/page"}],"author":[{"embeddable":true,"href":"https:\/\/develop.olympic.ca\/olympique\/wp-json\/wp\/v2\/users\/47562643"}],"replies":[{"embeddable":true,"href":"https:\/\/develop.olympic.ca\/olympique\/wp-json\/wp\/v2\/comments?post=3521"}],"version-history":[{"count":0,"href":"https:\/\/develop.olympic.ca\/olympique\/wp-json\/wp\/v2\/pages\/3521\/revisions"}],"up":[{"embeddable":true,"href":"https:\/\/develop.olympic.ca\/olympique\/wp-json\/wp\/v2\/pages\/3112"}],"wp:attachment":[{"href":"https:\/\/develop.olympic.ca\/olympique\/wp-json\/wp\/v2\/media?parent=3521"}],"wp:term":[{"taxonomy":"author","embeddable":true,"href":"https:\/\/develop.olympic.ca\/olympique\/wp-json\/wp\/v2\/coauthors?post=3521"}],"curies":[{"name":"wp","href":"https:\/\/api.w.org\/{rel}","templated":true}]}}