{"id":3526,"date":"2011-08-30T09:37:57","date_gmt":"2011-08-30T13:37:57","guid":{"rendered":"http:\/\/develop.olympic.ca\/?page_id=3526"},"modified":"2011-08-30T09:37:57","modified_gmt":"2011-08-30T13:37:57","slug":"valeurs","status":"publish","type":"page","link":"https:\/\/develop.olympic.ca\/olympique\/comite-olympique-canadien\/valeurs\/","title":{"rendered":"Valeurs"},"content":{"rendered":"<p>Les valeurs olympiques du COC ont \u00e9t\u00e9 formul\u00e9es pour rappeler aux athl\u00e8tes et \u00e0 leurs partisans que l&rsquo;exp\u00e9rience et la discipline de vie acquises pendant la pr\u00e9paration athl\u00e9tique, la comp\u00e9tition et le travail d&rsquo;\u00e9quipe sont des atouts encore plus enrichissants que toute m\u00e9daille gagn\u00e9e.<\/p>\n<p><strong>Excellence<\/strong><br \/>\nNous croyons que tout \u00eatre humain a le droit de poursuivre ses objectifs personnels d&rsquo;excellence.<\/p>\n<p><strong>Plaisir<\/strong><br \/>\nNous croyons que le sport doit \u00eatre divertissant.<\/p>\n<p><strong>Justice<\/strong><br \/>\nNous croyons \u00e0 l&rsquo;esprit sportif en tout temps et en tout lieu, caract\u00e9ris\u00e9 par l&rsquo;\u00e9galit\u00e9, l&rsquo;honn\u00eatet\u00e9 et la confiance mutuelle.<\/p>\n<p><strong>Respect<\/strong><br \/>\nNous croyons au dialogue franc et ouvert, et au respect des points de vue, des r\u00f4les et de la contribution de tous les participants.<\/p>\n<p><strong>\u00c9panouissement de l&rsquo;\u00eatre humain<\/strong><br \/>\nNous croyons que le bien-\u00eatre physique, mental, social, artistique et spirituel peut \u00eatre am\u00e9lior\u00e9 \u00e0 court et \u00e0 long terme, par des comportements et des gestes responsables. Nous croyons \u00e9galement que les arts visuels et de la sc\u00e8ne compl\u00e8tent le sport vers l&rsquo;atteinte de l&rsquo;\u00e9panouissement personnel.<\/p>\n<p><strong>Leadership<\/strong><br \/>\nNous croyons que les personnes qui pratiquent le sport ont le devoir d&rsquo;enseigner et d&rsquo;appliquer les valeurs du Mouvement olympique, d&rsquo;inciter autrui \u00e0 vivre l&rsquo;exp\u00e9rience olympique et de contribuer \u00e0 la r\u00e9alisation de leur potentiel.<\/p>\n<p><strong>Paix<\/strong><br \/>\nNous croyons que le sport facilite la compr\u00e9hension et l&rsquo;harmonie au sein des nations et entre celles-ci.<\/p>\n","protected":false},"excerpt":{"rendered":"<p>Les valeurs olympiques du COC ont \u00e9t\u00e9 formul\u00e9es pour rappeler aux athl\u00e8tes et \u00e0 leurs partisans que l&rsquo;exp\u00e9rience et la&#8230;<\/p>\n","protected":false},"author":47562643,"featured_media":0,"parent":3112,"menu_order":0,"comment_status":"open","ping_status":"open","template":"","meta":{"_edit_last":["47562643"],"_wp_page_template":["default"],"_seosmart_cache":["a:2:{s:8:\"keywords\";a:0:{}s:4:\"time\";s:10:\"1336294387\";}"],"seo_title":[""],"seo_meta_description":[""],"seo_focus_keyword":[""],"_original_post_id":["3526"],"_original_import_author":["joebarnett"],"_original_parent_id":["3112"],"_wpcom_imported":["a:2:{s:8:\"importer\";s:9:\"wordpress\";s:4:\"date\";s:19:\"2013-07-21 18:11:38\";}"],"original_post_id":["3526"],"_wp_old_slug":["3526"],"seo_translation_link":["http:\/\/develop.olympic.ca\/canadian-olympic-committee\/values\/"],"_elasticsearch_indexed_on":["2011-08-30 13:37:57"],"_is_empty_after_transformation":["yes"]},"coauthors":[186127234],"class_list":["post-3526","page","type-page","status-publish","format-standard","hentry"],"acf":[],"yoast_head":"<!-- This site is optimized with the Yoast SEO plugin v27.3 - https:\/\/yoast.com\/product\/yoast-seo-wordpress\/ -->\n<title>Valeurs - \u00c9quipe Canada | Site officiel de l&#039;\u00e9quipe olympique<\/title>\n<meta name=\"robots\" content=\"index, follow, max-snippet:-1, max-image-preview:large, max-video-preview:-1\" \/>\n<link rel=\"canonical\" href=\"https:\/\/develop.olympic.ca\/olympique\/comite-olympique-canadien\/valeurs\/\" \/>\n<meta property=\"og:locale\" content=\"fr_FR\" \/>\n<meta property=\"og:type\" content=\"article\" \/>\n<meta property=\"og:title\" content=\"Valeurs - \u00c9quipe Canada | Site officiel de l&#039;\u00e9quipe olympique\" \/>\n<meta property=\"og:description\" content=\"Les valeurs olympiques du COC ont \u00e9t\u00e9 formul\u00e9es pour rappeler aux athl\u00e8tes et \u00e0 leurs partisans que l&rsquo;exp\u00e9rience et la...\" \/>\n<meta property=\"og:url\" content=\"https:\/\/develop.olympic.ca\/olympique\/comite-olympique-canadien\/valeurs\/\" \/>\n<meta property=\"og:site_name\" content=\"\u00c9quipe Canada | Site officiel de l&#039;\u00e9quipe olympique\" \/>\n<meta name=\"twitter:card\" content=\"summary_large_image\" \/>\n<meta name=\"twitter:label1\" content=\"Est. reading time\" \/>\n\t<meta name=\"twitter:data1\" content=\"1 minute\" \/>\n\t<meta name=\"twitter:label2\" content=\"Written by\" \/>\n\t<meta name=\"twitter:data2\" content=\"Comit\u00e9 olympique canadien\" \/>\n<script type=\"application\/ld+json\" class=\"yoast-schema-graph\">{\"@context\":\"https:\\\/\\\/schema.org\",\"@graph\":[{\"@type\":\"WebPage\",\"@id\":\"https:\\\/\\\/develop.olympic.ca\\\/olympique\\\/comite-olympique-canadien\\\/valeurs\\\/\",\"url\":\"https:\\\/\\\/develop.olympic.ca\\\/olympique\\\/comite-olympique-canadien\\\/valeurs\\\/\",\"name\":\"Valeurs - \u00c9quipe Canada | Site officiel de l&#039;\u00e9quipe olympique\",\"isPartOf\":{\"@id\":\"https:\\\/\\\/develop.olympic.ca\\\/olympique\\\/#website\"},\"datePublished\":\"2011-08-30T13:37:57+00:00\",\"breadcrumb\":{\"@id\":\"https:\\\/\\\/develop.olympic.ca\\\/olympique\\\/comite-olympique-canadien\\\/valeurs\\\/#breadcrumb\"},\"inLanguage\":\"fr-FR\",\"potentialAction\":[{\"@type\":\"ReadAction\",\"target\":[\"https:\\\/\\\/develop.olympic.ca\\\/olympique\\\/comite-olympique-canadien\\\/valeurs\\\/\"]}]},{\"@type\":\"BreadcrumbList\",\"@id\":\"https:\\\/\\\/develop.olympic.ca\\\/olympique\\\/comite-olympique-canadien\\\/valeurs\\\/#breadcrumb\",\"itemListElement\":[{\"@type\":\"ListItem\",\"position\":1,\"name\":\"Aper\u00e7u du Comit\u00e9 olympique canadien\",\"item\":\"https:\\\/\\\/develop.olympic.ca\\\/olympique\\\/comite-olympique-canadien\\\/\"},{\"@type\":\"ListItem\",\"position\":2,\"name\":\"Valeurs\"}]},{\"@type\":\"WebSite\",\"@id\":\"https:\\\/\\\/develop.olympic.ca\\\/olympique\\\/#website\",\"url\":\"https:\\\/\\\/develop.olympic.ca\\\/olympique\\\/\",\"name\":\"\u00c9quipe Canada | Site officiel de l&#039;\u00e9quipe olympique\",\"description\":\"Votre source pour l\u2019\u00c9quipe olympique canadienne. Retrouvez les r\u00e9cits, vid\u00e9os et photos des athl\u00e8tes canadiens, sports olympiques, Jeux olympiques de 2020 et bien plus!\",\"potentialAction\":[{\"@type\":\"SearchAction\",\"target\":{\"@type\":\"EntryPoint\",\"urlTemplate\":\"https:\\\/\\\/develop.olympic.ca\\\/olympique\\\/?s={search_term_string}\"},\"query-input\":{\"@type\":\"PropertyValueSpecification\",\"valueRequired\":true,\"valueName\":\"search_term_string\"}}],\"inLanguage\":\"fr-FR\"}]}<\/script>\n<!-- \/ Yoast SEO plugin. -->","yoast_head_json":{"title":"Valeurs - \u00c9quipe Canada | Site officiel de l&#039;\u00e9quipe olympique","robots":{"index":"index","follow":"follow","max-snippet":"max-snippet:-1","max-image-preview":"max-image-preview:large","max-video-preview":"max-video-preview:-1"},"canonical":"https:\/\/develop.olympic.ca\/olympique\/comite-olympique-canadien\/valeurs\/","og_locale":"fr_FR","og_type":"article","og_title":"Valeurs - \u00c9quipe Canada | Site officiel de l&#039;\u00e9quipe olympique","og_description":"Les valeurs olympiques du COC ont \u00e9t\u00e9 formul\u00e9es pour rappeler aux athl\u00e8tes et \u00e0 leurs partisans que l&rsquo;exp\u00e9rience et la...","og_url":"https:\/\/develop.olympic.ca\/olympique\/comite-olympique-canadien\/valeurs\/","og_site_name":"\u00c9quipe Canada | Site officiel de l&#039;\u00e9quipe olympique","twitter_card":"summary_large_image","twitter_misc":{"Est. reading time":"1 minute","Written by":"Comit\u00e9 olympique canadien"},"schema":{"@context":"https:\/\/schema.org","@graph":[{"@type":"WebPage","@id":"https:\/\/develop.olympic.ca\/olympique\/comite-olympique-canadien\/valeurs\/","url":"https:\/\/develop.olympic.ca\/olympique\/comite-olympique-canadien\/valeurs\/","name":"Valeurs - \u00c9quipe Canada | Site officiel de l&#039;\u00e9quipe olympique","isPartOf":{"@id":"https:\/\/develop.olympic.ca\/olympique\/#website"},"datePublished":"2011-08-30T13:37:57+00:00","breadcrumb":{"@id":"https:\/\/develop.olympic.ca\/olympique\/comite-olympique-canadien\/valeurs\/#breadcrumb"},"inLanguage":"fr-FR","potentialAction":[{"@type":"ReadAction","target":["https:\/\/develop.olympic.ca\/olympique\/comite-olympique-canadien\/valeurs\/"]}]},{"@type":"BreadcrumbList","@id":"https:\/\/develop.olympic.ca\/olympique\/comite-olympique-canadien\/valeurs\/#breadcrumb","itemListElement":[{"@type":"ListItem","position":1,"name":"Aper\u00e7u du Comit\u00e9 olympique canadien","item":"https:\/\/develop.olympic.ca\/olympique\/comite-olympique-canadien\/"},{"@type":"ListItem","position":2,"name":"Valeurs"}]},{"@type":"WebSite","@id":"https:\/\/develop.olympic.ca\/olympique\/#website","url":"https:\/\/develop.olympic.ca\/olympique\/","name":"\u00c9quipe Canada | Site officiel de l&#039;\u00e9quipe olympique","description":"Votre source pour l\u2019\u00c9quipe olympique canadienne. Retrouvez les r\u00e9cits, vid\u00e9os et photos des athl\u00e8tes canadiens, sports olympiques, Jeux olympiques de 2020 et bien plus!","potentialAction":[{"@type":"SearchAction","target":{"@type":"EntryPoint","urlTemplate":"https:\/\/develop.olympic.ca\/olympique\/?s={search_term_string}"},"query-input":{"@type":"PropertyValueSpecification","valueRequired":true,"valueName":"search_term_string"}}],"inLanguage":"fr-FR"}]}},"jetpack_sharing_enabled":true,"jetpack-related-posts":[],"jetpack_shortlink":"https:\/\/wp.me\/PbmyEP-US","_links":{"self":[{"href":"https:\/\/develop.olympic.ca\/olympique\/wp-json\/wp\/v2\/pages\/3526","targetHints":{"allow":["GET"]}}],"collection":[{"href":"https:\/\/develop.olympic.ca\/olympique\/wp-json\/wp\/v2\/pages"}],"about":[{"href":"https:\/\/develop.olympic.ca\/olympique\/wp-json\/wp\/v2\/types\/page"}],"author":[{"embeddable":true,"href":"https:\/\/develop.olympic.ca\/olympique\/wp-json\/wp\/v2\/users\/47562643"}],"replies":[{"embeddable":true,"href":"https:\/\/develop.olympic.ca\/olympique\/wp-json\/wp\/v2\/comments?post=3526"}],"version-history":[{"count":0,"href":"https:\/\/develop.olympic.ca\/olympique\/wp-json\/wp\/v2\/pages\/3526\/revisions"}],"up":[{"embeddable":true,"href":"https:\/\/develop.olympic.ca\/olympique\/wp-json\/wp\/v2\/pages\/3112"}],"wp:attachment":[{"href":"https:\/\/develop.olympic.ca\/olympique\/wp-json\/wp\/v2\/media?parent=3526"}],"wp:term":[{"taxonomy":"author","embeddable":true,"href":"https:\/\/develop.olympic.ca\/olympique\/wp-json\/wp\/v2\/coauthors?post=3526"}],"curies":[{"name":"wp","href":"https:\/\/api.w.org\/{rel}","templated":true}]}}