{"id":3627,"date":"2011-08-30T12:20:01","date_gmt":"2011-08-30T16:20:01","guid":{"rendered":"http:\/\/develop.olympic.ca\/?page_id=3627"},"modified":"2018-10-19T14:16:16","modified_gmt":"2018-10-19T18:16:16","slug":"fonds-dexcellence-des-athletes","status":"publish","type":"page","link":"https:\/\/develop.olympic.ca\/olympique\/programmes\/fonds-dexcellence-des-athletes\/","title":{"rendered":"Fonds d\u2019excellence des athl\u00e8tes du comit\u00e9 olympique canadien (fea)"},"content":{"rendered":"<p>Le Fonds d\u2019excellence des athl\u00e8tes du COC (FEA) est un programme de soutien et de r\u00e9compense qui offre des primes de performance de 20 000 $, 15 000 $ et 10 000 $ aux athl\u00e8tes ayant remport\u00e9 une m\u00e9daille olympique d\u2019or, d\u2019argent ou de bronze. Il remet \u00e9galement aux athl\u00e8tes des subventions de 5000 $ pendant les ann\u00e9es non olympiques pour aider \u00e0 couvrir les d\u00e9penses quotidiennes, d\u2019entra\u00eenement et de comp\u00e9tition.<\/p>\n<p>Le COC a introduit pour la premi\u00e8re fois un programme de soutien et d\u2019encouragement en 1997 avec le \u00ab Fonds des athl\u00e8tes \u00bb. En 2003, le Fonds des athl\u00e8tes a \u00e9t\u00e9 remplac\u00e9 par le Programme de soutien de la performance (PSRP) qui octroyait 5 000 $ \u00e0 chaque athl\u00e8te canadien qui se classait parmi les cinq premiers aux Championnats du monde ou aux Jeux olympiques.<\/p>\n<p>Le FEA a \u00e9t\u00e9 cr\u00e9\u00e9 en 2006 et provient de l\u2019\u00e9volution du PSRP. La Commission des athl\u00e8tes a d\u00e9fini les crit\u00e8res d\u2019attribution du FEA qui ont ensuite \u00e9t\u00e9 approuv\u00e9s par le comit\u00e9 ex\u00e9cutif du COC.<\/p>\n<p>Les principes du FEA sont :<\/p>\n<ul>\n<li>Pendant les ann\u00e9es olympiques, les athl\u00e8tes admissibles re\u00e7oivent une prime pour chaque m\u00e9daille remport\u00e9e aux Jeux olympiques. Pendant les ann\u00e9es non olympiques, les athl\u00e8tes re\u00e7oivent un appui financier annuel pour les aider \u00e0 assumer leurs d\u00e9penses quotidiennes, d\u2019entra\u00eenement et de comp\u00e9titions en fonction de leur derni\u00e8re meilleure performance.<\/li>\n<li>Pour les ann\u00e9es olympiques, les primes de performance sont les m\u00eames pour les athl\u00e8tes qui concourent dans une \u00e9preuve individuelle ou au sein d\u2019une \u00e9quipe.<\/li>\n<li>Lors des ann\u00e9es non olympiques, les performances aux Championnats du monde sont admissibles aux primes de la FEA.<\/li>\n<li>Lors des ann\u00e9es non olympiques et o\u00f9 il n\u2019y a pas de Championnats du monde, la FNS et le COC s\u2019entendront pr\u00e9alablement sur les r\u00e9sultats et les comp\u00e9titions utilis\u00e9es pour le FEA.<\/li>\n<li>Si vous \u00eates un \u00e9tudiant-athl\u00e8te de la NCAA, la responsabilit\u00e9 vous revient de v\u00e9rifier si la prime de la FEA affecte votre admissibilit\u00e9 et vos bourses<\/li>\n<\/ul>\n<p>Le financement suit un cycle de quatre ans :<\/p>\n<ul>\n<li>Ann\u00e9e 1 : 5 premiers aux Championnats du monde \u2013 5000 $<\/li>\n<li>Ann\u00e9e 2 : 5 premiers aux Championnats du monde \u2013 5000 $<\/li>\n<li>Ann\u00e9e 3 : 4 premiers aux Championnats du monde \u2013 5000 $<\/li>\n<li>Ann\u00e9e 4 : Jeux olympiques :\n<ul>\n<li>M\u00e9daille d\u2019or\u00a0 20 000 $;<\/li>\n<li>M\u00e9daille d\u2019argent 15 000 $;<\/li>\n<li>M\u00e9daille de bronze 10 000 $.<\/li>\n<\/ul>\n<\/li>\n<\/ul>\n<p>Les questions doivent \u00eatre dirig\u00e9es \u00e0 <a href=\"mailto:CDNOlympicTeam@olympic.ca\">CDNOlympicTeam@olympic.ca<\/a>.<\/p>\n","protected":false},"excerpt":{"rendered":"<p>Le Fonds d\u2019excellence des athl\u00e8tes du COC (FEA) est un programme de soutien et de r\u00e9compense qui offre des primes&#8230;<\/p>\n","protected":false},"author":47562643,"featured_media":143026,"parent":3569,"menu_order":0,"comment_status":"open","ping_status":"open","template":"","meta":{"_edit_last":["127827671"],"_wp_page_template":["default"],"_seosmart_cache":["a:2:{s:8:\"keywords\";a:0:{}s:4:\"time\";s:10:\"1336350818\";}"],"s2mail":["yes"],"_yoast_wpseo_google-plus-description":[""],"_original_post_id":["3627"],"_original_import_author":["joebarnett"],"_original_parent_id":["3569"],"_wpcom_imported":["a:2:{s:8:\"importer\";s:9:\"wordpress\";s:4:\"date\";s:19:\"2013-07-21 18:11:41\";}"],"original_post_id":["3627"],"_wp_old_slug":["3627"],"seo_translation_link":["http:\/\/develop.olympic.ca\/programs\/athlete-excellence-fund\/"],"_edit_lock":["1539972850:127827671"],"_elasticsearch_indexed_on":["2011-08-30 16:20:01"],"_thumbnail_id":["143026"],"coc_campaign_options":["a:4:{s:16:\"coc_campaign_tag\";s:0:\"\";s:15:\"coc_campaign_bg\";N;s:25:\"coc_campaign_bg_downloads\";a:0:{}s:20:\"coc_campaign_posters\";a:0:{}}"],"coc_team_options":["a:1:{s:15:\"coc_game_select\";i:125937;}"],"coc_oc_landing_options":["a:2:{s:17:\"coc_oc_landing_bg\";N;s:22:\"coc_oc_landing_stories\";a:0:{}}"],"coc_edit_profile_options":["a:1:{s:20:\"coc_favourite_sports\";a:0:{}}"],"coc_oc_reward_options":["a:12:{s:16:\"coc_oc_reward_id\";s:0:\"\";s:20:\"coc_oc_reward_points\";s:0:\"\";s:19:\"coc_oc_reward_rules\";N;s:31:\"coc_oc_digital_download_desktop\";N;s:30:\"coc_oc_digital_download_mobile\";N;s:32:\"coc_oc_digital_download_facebook\";N;s:29:\"coc_oc_reward_success_message\";s:0:\"\";s:23:\"coc_oc_facebook_content\";s:0:\"\";s:22:\"coc_oc_twitter_content\";s:0:\"\";s:24:\"coc_oc_social_contest_id\";s:0:\"\";s:31:\"coc_oc_reward_logged_in_message\";s:0:\"\";s:32:\"coc_oc_reward_logged_out_message\";s:0:\"\";}"],"geo_public":["0"],"_x_multifield_seo_accordion":["a:1:{i:0;a:2:{s:19:\"seo_accordion_title\";s:0:\"\";s:25:\"seo_accordion_description\";s:0:\"\";}}"],"coc_sharing_options":["a:1:{s:18:\"coc_hide_share_bar\";b:0;}"],"coc_press_options":["a:2:{s:28:\"coc_press_additional_content\";s:0:\"\";s:27:\"coc_press_resource_category\";a:0:{}}"],"coc_breaking_news_options":["a:1:{s:25:\"coc_breaking_news_details\";a:0:{}}"],"coc_be_olympic_options":["a:8:{s:37:\"coc_be_olympic_exclusive_content_link\";s:0:\"\";s:27:\"coc_be_olympic_videos_title\";s:0:\"\";s:21:\"coc_be_olympic_videos\";a:0:{}s:27:\"coc_be_olympic_photos_title\";s:0:\"\";s:21:\"coc_be_olympic_photos\";a:0:{}s:24:\"coc_be_olympic_downloads\";a:0:{}s:22:\"coc_be_olympic_quizzes\";a:0:{}s:26:\"coc_be_olympic_fan_fun_ads\";a:0:{}}"],"coc_fan_fun_options":["a:3:{s:23:\"coc_fan_fun_hammer_time\";a:2:{s:29:\"coc_fan_fun_hammer_time_image\";N;s:27:\"coc_fan_fun_hammer_time_url\";s:0:\"\";}s:22:\"coc_fan_fun_torch_dash\";a:2:{s:28:\"coc_fan_fun_torch_dash_image\";N;s:26:\"coc_fan_fun_torch_dash_url\";s:0:\"\";}s:18:\"coc_fan_fun_trivia\";a:0:{}}"],"coc_interactive_game_options":["a:3:{s:28:\"coc_interactive_game_message\";s:0:\"\";s:24:\"coc_interactive_game_url\";s:0:\"\";s:27:\"coc_interactive_game_iframe\";b:0;}"],"coc_olympic_club_options":["a:1:{s:12:\"redirect_url\";s:0:\"\";}"],"coc_favorites_options":["a:3:{s:13:\"content_types\";a:0:{}s:7:\"seasons\";a:0:{}s:4:\"gear\";a:0:{}}"],"coc_og_tags":["a:3:{s:8:\"og_title\";s:0:\"\";s:14:\"og_description\";s:0:\"\";s:8:\"og_image\";N;}"],"_is_empty_after_transformation":["yes"]},"coauthors":[186127234],"class_list":["post-3627","page","type-page","status-publish","format-standard","has-post-thumbnail","hentry"],"acf":[],"yoast_head":"<!-- This site is optimized with the Yoast SEO plugin v27.3 - https:\/\/yoast.com\/product\/yoast-seo-wordpress\/ -->\n<title>Fonds d\u2019excellence des athl\u00e8tes du comit\u00e9 olympique canadien (fea) - \u00c9quipe Canada | Site officiel de l&#039;\u00e9quipe olympique<\/title>\n<meta name=\"robots\" content=\"index, follow, max-snippet:-1, max-image-preview:large, max-video-preview:-1\" \/>\n<link rel=\"canonical\" href=\"https:\/\/develop.olympic.ca\/olympique\/programmes\/fonds-dexcellence-des-athletes\/\" \/>\n<meta property=\"og:locale\" content=\"fr_FR\" \/>\n<meta property=\"og:type\" content=\"article\" \/>\n<meta property=\"og:title\" content=\"Fonds d\u2019excellence des athl\u00e8tes du comit\u00e9 olympique canadien (fea) - \u00c9quipe Canada | Site officiel de l&#039;\u00e9quipe olympique\" \/>\n<meta property=\"og:description\" content=\"Le Fonds d\u2019excellence des athl\u00e8tes du COC (FEA) est un programme de soutien et de r\u00e9compense qui offre des primes...\" \/>\n<meta property=\"og:url\" content=\"https:\/\/develop.olympic.ca\/olympique\/programmes\/fonds-dexcellence-des-athletes\/\" \/>\n<meta property=\"og:site_name\" content=\"\u00c9quipe Canada | Site officiel de l&#039;\u00e9quipe olympique\" \/>\n<meta property=\"article:modified_time\" content=\"2018-10-19T18:16:16+00:00\" \/>\n<meta property=\"og:image\" content=\"https:\/\/develop.olympic.ca\/olympique\/wp-content\/uploads\/sites\/2\/2018\/10\/daj_20180213_teamcanada_0011664-e1539972790499.jpg?quality=100\" \/>\n\t<meta property=\"og:image:width\" content=\"1010\" \/>\n\t<meta property=\"og:image:height\" content=\"568\" \/>\n\t<meta property=\"og:image:type\" content=\"image\/jpeg\" \/>\n<meta name=\"twitter:card\" content=\"summary_large_image\" \/>\n<meta name=\"twitter:label1\" content=\"Est. reading time\" \/>\n\t<meta name=\"twitter:data1\" content=\"2 minutes\" \/>\n\t<meta name=\"twitter:label2\" content=\"Written by\" \/>\n\t<meta name=\"twitter:data2\" content=\"Comit\u00e9 olympique canadien\" \/>\n<script type=\"application\/ld+json\" class=\"yoast-schema-graph\">{\"@context\":\"https:\\\/\\\/schema.org\",\"@graph\":[{\"@type\":\"WebPage\",\"@id\":\"https:\\\/\\\/develop.olympic.ca\\\/olympique\\\/programmes\\\/fonds-dexcellence-des-athletes\\\/\",\"url\":\"https:\\\/\\\/develop.olympic.ca\\\/olympique\\\/programmes\\\/fonds-dexcellence-des-athletes\\\/\",\"name\":\"Fonds d\u2019excellence des athl\u00e8tes du comit\u00e9 olympique canadien (fea) - \u00c9quipe Canada | Site officiel de l&#039;\u00e9quipe olympique\",\"isPartOf\":{\"@id\":\"https:\\\/\\\/develop.olympic.ca\\\/olympique\\\/#website\"},\"primaryImageOfPage\":{\"@id\":\"https:\\\/\\\/develop.olympic.ca\\\/olympique\\\/programmes\\\/fonds-dexcellence-des-athletes\\\/#primaryimage\"},\"image\":{\"@id\":\"https:\\\/\\\/develop.olympic.ca\\\/olympique\\\/programmes\\\/fonds-dexcellence-des-athletes\\\/#primaryimage\"},\"thumbnailUrl\":\"https:\\\/\\\/develop.olympic.ca\\\/olympique\\\/wp-content\\\/uploads\\\/sites\\\/2\\\/2018\\\/10\\\/daj_20180213_teamcanada_0011664-e1539972790499.jpg?quality=100\",\"datePublished\":\"2011-08-30T16:20:01+00:00\",\"dateModified\":\"2018-10-19T18:16:16+00:00\",\"breadcrumb\":{\"@id\":\"https:\\\/\\\/develop.olympic.ca\\\/olympique\\\/programmes\\\/fonds-dexcellence-des-athletes\\\/#breadcrumb\"},\"inLanguage\":\"fr-FR\",\"potentialAction\":[{\"@type\":\"ReadAction\",\"target\":[\"https:\\\/\\\/develop.olympic.ca\\\/olympique\\\/programmes\\\/fonds-dexcellence-des-athletes\\\/\"]}]},{\"@type\":\"ImageObject\",\"inLanguage\":\"fr-FR\",\"@id\":\"https:\\\/\\\/develop.olympic.ca\\\/olympique\\\/programmes\\\/fonds-dexcellence-des-athletes\\\/#primaryimage\",\"url\":\"https:\\\/\\\/develop.olympic.ca\\\/olympique\\\/wp-content\\\/uploads\\\/sites\\\/2\\\/2018\\\/10\\\/daj_20180213_teamcanada_0011664-e1539972790499.jpg?quality=100\",\"contentUrl\":\"https:\\\/\\\/develop.olympic.ca\\\/olympique\\\/wp-content\\\/uploads\\\/sites\\\/2\\\/2018\\\/10\\\/daj_20180213_teamcanada_0011664-e1539972790499.jpg?quality=100\",\"width\":1010,\"height\":568},{\"@type\":\"BreadcrumbList\",\"@id\":\"https:\\\/\\\/develop.olympic.ca\\\/olympique\\\/programmes\\\/fonds-dexcellence-des-athletes\\\/#breadcrumb\",\"itemListElement\":[{\"@type\":\"ListItem\",\"position\":1,\"name\":\"Programmes\",\"item\":\"https:\\\/\\\/develop.olympic.ca\\\/olympique\\\/?page_id=3569\"},{\"@type\":\"ListItem\",\"position\":2,\"name\":\"Fonds d\u2019excellence des athl\u00e8tes du comit\u00e9 olympique canadien (fea)\"}]},{\"@type\":\"WebSite\",\"@id\":\"https:\\\/\\\/develop.olympic.ca\\\/olympique\\\/#website\",\"url\":\"https:\\\/\\\/develop.olympic.ca\\\/olympique\\\/\",\"name\":\"\u00c9quipe Canada | Site officiel de l&#039;\u00e9quipe olympique\",\"description\":\"Votre source pour l\u2019\u00c9quipe olympique canadienne. Retrouvez les r\u00e9cits, vid\u00e9os et photos des athl\u00e8tes canadiens, sports olympiques, Jeux olympiques de 2020 et bien plus!\",\"potentialAction\":[{\"@type\":\"SearchAction\",\"target\":{\"@type\":\"EntryPoint\",\"urlTemplate\":\"https:\\\/\\\/develop.olympic.ca\\\/olympique\\\/?s={search_term_string}\"},\"query-input\":{\"@type\":\"PropertyValueSpecification\",\"valueRequired\":true,\"valueName\":\"search_term_string\"}}],\"inLanguage\":\"fr-FR\"}]}<\/script>\n<!-- \/ Yoast SEO plugin. -->","yoast_head_json":{"title":"Fonds d\u2019excellence des athl\u00e8tes du comit\u00e9 olympique canadien (fea) - \u00c9quipe Canada | Site officiel de l&#039;\u00e9quipe olympique","robots":{"index":"index","follow":"follow","max-snippet":"max-snippet:-1","max-image-preview":"max-image-preview:large","max-video-preview":"max-video-preview:-1"},"canonical":"https:\/\/develop.olympic.ca\/olympique\/programmes\/fonds-dexcellence-des-athletes\/","og_locale":"fr_FR","og_type":"article","og_title":"Fonds d\u2019excellence des athl\u00e8tes du comit\u00e9 olympique canadien (fea) - \u00c9quipe Canada | Site officiel de l&#039;\u00e9quipe olympique","og_description":"Le Fonds d\u2019excellence des athl\u00e8tes du COC (FEA) est un programme de soutien et de r\u00e9compense qui offre des primes...","og_url":"https:\/\/develop.olympic.ca\/olympique\/programmes\/fonds-dexcellence-des-athletes\/","og_site_name":"\u00c9quipe Canada | Site officiel de l&#039;\u00e9quipe olympique","article_modified_time":"2018-10-19T18:16:16+00:00","og_image":[{"width":1010,"height":568,"url":"https:\/\/develop.olympic.ca\/olympique\/wp-content\/uploads\/sites\/2\/2018\/10\/daj_20180213_teamcanada_0011664-e1539972790499.jpg?quality=100","type":"image\/jpeg"}],"twitter_card":"summary_large_image","twitter_misc":{"Est. reading time":"2 minutes","Written by":"Comit\u00e9 olympique canadien"},"schema":{"@context":"https:\/\/schema.org","@graph":[{"@type":"WebPage","@id":"https:\/\/develop.olympic.ca\/olympique\/programmes\/fonds-dexcellence-des-athletes\/","url":"https:\/\/develop.olympic.ca\/olympique\/programmes\/fonds-dexcellence-des-athletes\/","name":"Fonds d\u2019excellence des athl\u00e8tes du comit\u00e9 olympique canadien (fea) - \u00c9quipe Canada | Site officiel de l&#039;\u00e9quipe olympique","isPartOf":{"@id":"https:\/\/develop.olympic.ca\/olympique\/#website"},"primaryImageOfPage":{"@id":"https:\/\/develop.olympic.ca\/olympique\/programmes\/fonds-dexcellence-des-athletes\/#primaryimage"},"image":{"@id":"https:\/\/develop.olympic.ca\/olympique\/programmes\/fonds-dexcellence-des-athletes\/#primaryimage"},"thumbnailUrl":"https:\/\/develop.olympic.ca\/olympique\/wp-content\/uploads\/sites\/2\/2018\/10\/daj_20180213_teamcanada_0011664-e1539972790499.jpg?quality=100","datePublished":"2011-08-30T16:20:01+00:00","dateModified":"2018-10-19T18:16:16+00:00","breadcrumb":{"@id":"https:\/\/develop.olympic.ca\/olympique\/programmes\/fonds-dexcellence-des-athletes\/#breadcrumb"},"inLanguage":"fr-FR","potentialAction":[{"@type":"ReadAction","target":["https:\/\/develop.olympic.ca\/olympique\/programmes\/fonds-dexcellence-des-athletes\/"]}]},{"@type":"ImageObject","inLanguage":"fr-FR","@id":"https:\/\/develop.olympic.ca\/olympique\/programmes\/fonds-dexcellence-des-athletes\/#primaryimage","url":"https:\/\/develop.olympic.ca\/olympique\/wp-content\/uploads\/sites\/2\/2018\/10\/daj_20180213_teamcanada_0011664-e1539972790499.jpg?quality=100","contentUrl":"https:\/\/develop.olympic.ca\/olympique\/wp-content\/uploads\/sites\/2\/2018\/10\/daj_20180213_teamcanada_0011664-e1539972790499.jpg?quality=100","width":1010,"height":568},{"@type":"BreadcrumbList","@id":"https:\/\/develop.olympic.ca\/olympique\/programmes\/fonds-dexcellence-des-athletes\/#breadcrumb","itemListElement":[{"@type":"ListItem","position":1,"name":"Programmes","item":"https:\/\/develop.olympic.ca\/olympique\/?page_id=3569"},{"@type":"ListItem","position":2,"name":"Fonds d\u2019excellence des athl\u00e8tes du comit\u00e9 olympique canadien (fea)"}]},{"@type":"WebSite","@id":"https:\/\/develop.olympic.ca\/olympique\/#website","url":"https:\/\/develop.olympic.ca\/olympique\/","name":"\u00c9quipe Canada | Site officiel de l&#039;\u00e9quipe olympique","description":"Votre source pour l\u2019\u00c9quipe olympique canadienne. Retrouvez les r\u00e9cits, vid\u00e9os et photos des athl\u00e8tes canadiens, sports olympiques, Jeux olympiques de 2020 et bien plus!","potentialAction":[{"@type":"SearchAction","target":{"@type":"EntryPoint","urlTemplate":"https:\/\/develop.olympic.ca\/olympique\/?s={search_term_string}"},"query-input":{"@type":"PropertyValueSpecification","valueRequired":true,"valueName":"search_term_string"}}],"inLanguage":"fr-FR"}]}},"jetpack_sharing_enabled":true,"jetpack-related-posts":[],"jetpack_shortlink":"https:\/\/wp.me\/PbmyEP-Wv","_links":{"self":[{"href":"https:\/\/develop.olympic.ca\/olympique\/wp-json\/wp\/v2\/pages\/3627","targetHints":{"allow":["GET"]}}],"collection":[{"href":"https:\/\/develop.olympic.ca\/olympique\/wp-json\/wp\/v2\/pages"}],"about":[{"href":"https:\/\/develop.olympic.ca\/olympique\/wp-json\/wp\/v2\/types\/page"}],"author":[{"embeddable":true,"href":"https:\/\/develop.olympic.ca\/olympique\/wp-json\/wp\/v2\/users\/47562643"}],"replies":[{"embeddable":true,"href":"https:\/\/develop.olympic.ca\/olympique\/wp-json\/wp\/v2\/comments?post=3627"}],"version-history":[{"count":4,"href":"https:\/\/develop.olympic.ca\/olympique\/wp-json\/wp\/v2\/pages\/3627\/revisions"}],"predecessor-version":[{"id":143027,"href":"https:\/\/develop.olympic.ca\/olympique\/wp-json\/wp\/v2\/pages\/3627\/revisions\/143027"}],"up":[{"embeddable":true,"href":"https:\/\/develop.olympic.ca\/olympique\/wp-json\/wp\/v2\/pages\/3569"}],"wp:featuredmedia":[{"embeddable":true,"href":"https:\/\/develop.olympic.ca\/olympique\/wp-json\/wp\/v2\/media\/143026"}],"wp:attachment":[{"href":"https:\/\/develop.olympic.ca\/olympique\/wp-json\/wp\/v2\/media?parent=3627"}],"wp:term":[{"taxonomy":"author","embeddable":true,"href":"https:\/\/develop.olympic.ca\/olympique\/wp-json\/wp\/v2\/coauthors?post=3627"}],"curies":[{"name":"wp","href":"https:\/\/api.w.org\/{rel}","templated":true}]}}