{"id":84982,"date":"2013-09-20T13:22:19","date_gmt":"2013-09-20T17:22:19","guid":{"rendered":"http:\/\/develop.olympic.ca\/olympique\/?page_id=84982"},"modified":"2021-03-01T10:49:16","modified_gmt":"2021-03-01T15:49:16","slug":"envedette","status":"publish","type":"page","link":"https:\/\/develop.olympic.ca\/olympique\/education\/envedette\/","title":{"rendered":"EN VEDETTE"},"content":{"rendered":"<h2>Bon d\u00e9part a le plaisir d\u2019annoncer le lancement du camp de la semaine de rel\u00e2che Jouez \u00e0 la maison!<\/h2>\n<p>Joignez-vous \u00e0 la Fondation Bon d\u00e9part de Canadian Tire en ligne pour une semaine compl\u00e8te d\u2019activit\u00e9s visant \u00e0 garder les enfants actifs et motiv\u00e9s \u00e0 la maison. Gr\u00e2ce \u00e0 l\u2019aide d\u2019organismes partenaires et d\u2019invit\u00e9s sp\u00e9ciaux, chaque jour sera rempli d\u2019activit\u00e9s et de d\u00e9fis amusants.<\/p>\n<p>&nbsp;<\/p>\n<h3>\u00cates-vous pr\u00eats \u00e0 bouger pendant la semaine de rel\u00e2che?<\/h3>\n<p>Visitez <a href=\"http:\/\/jmpst.ca\/Jouez\u00c0LaMaison\">jmpst.ca\/Jouez\u00c0LaMaison<\/a> et suivez @CTJumpstart pour obtenir des mises \u00e0 jour, dont des d\u00e9tails sur les inscriptions, et d\u2019autres activit\u00e9s que vous pouvez essayer d\u00e8s aujourd\u2019hui!<\/p>\n","protected":false},"excerpt":{"rendered":"<p>Bon d\u00e9part a le plaisir d\u2019annoncer le lancement du camp de la semaine de rel\u00e2che Jouez \u00e0 la maison! Joignez-vous&#8230;<\/p>\n","protected":false},"author":52435436,"featured_media":168912,"parent":84889,"menu_order":0,"comment_status":"open","ping_status":"closed","template":"templates\/education-featured.php","meta":{"_edit_lock":["1614613632:167617045"],"_edit_last":["167617045"],"_wp_page_template":["templates\/education-featured.php"],"_publicize_pending":["1"],"seo_translation_link":["https:\/\/develop.olympic.ca\/education\/featured\/"],"_elasticsearch_indexed_on":["2013-09-20 05:22:41"],"_x_multifield_seo_accordion":["a:1:{i:0;a:2:{s:19:\"seo_accordion_title\";s:0:\"\";s:25:\"seo_accordion_description\";s:0:\"\";}}"],"coc_campaign_options":["a:4:{s:16:\"coc_campaign_tag\";s:0:\"\";s:15:\"coc_campaign_bg\";N;s:25:\"coc_campaign_bg_downloads\";a:0:{}s:20:\"coc_campaign_posters\";a:0:{}}"],"coc_team_options":["a:1:{s:15:\"coc_game_select\";i:75922;}"],"geo_public":["0"],"coc_oc_landing_options":["a:2:{s:17:\"coc_oc_landing_bg\";N;s:22:\"coc_oc_landing_stories\";a:0:{}}"],"coc_edit_profile_options":["a:1:{s:20:\"coc_favourite_sports\";a:0:{}}"],"coc_oc_reward_options":["a:13:{s:16:\"coc_oc_reward_id\";s:0:\"\";s:19:\"coc_oc_ac_reward_id\";s:0:\"\";s:20:\"coc_oc_reward_points\";s:0:\"\";s:19:\"coc_oc_reward_rules\";N;s:31:\"coc_oc_digital_download_desktop\";N;s:30:\"coc_oc_digital_download_mobile\";N;s:32:\"coc_oc_digital_download_facebook\";N;s:29:\"coc_oc_reward_success_message\";s:0:\"\";s:23:\"coc_oc_facebook_content\";s:0:\"\";s:22:\"coc_oc_twitter_content\";s:0:\"\";s:24:\"coc_oc_social_contest_id\";s:0:\"\";s:31:\"coc_oc_reward_logged_in_message\";s:0:\"\";s:32:\"coc_oc_reward_logged_out_message\";s:0:\"\";}"],"hide_top_share_bar":["on"],"hide_bottom_share_bar":["on"],"_x_multifield_resource_downloads":["a:15:{i:0;a:2:{s:13:\"resource_file\";s:106:\"https:\/\/develop.olympic.ca\/wp-content\/uploads\/sites\/2\/2018\/11\/cosp_pursue_series_the_dream_fr-grade2-3.pdf\";s:14:\"resource_title\";s:25:\"LE R\u00caVE - 2e & 3e ann\u00e9e\";}i:1;a:2:{s:13:\"resource_file\";s:106:\"https:\/\/develop.olympic.ca\/wp-content\/uploads\/sites\/2\/2018\/11\/cosp_pursue_series_the_dream_fr-grade4-5.pdf\";s:14:\"resource_title\";s:25:\"LE R\u00caVE - 4e & 5e ann\u00e9e\";}i:2;a:2:{s:13:\"resource_file\";s:104:\"https:\/\/develop.olympic.ca\/wp-content\/uploads\/sites\/2\/2018\/11\/cosp_pursue_series_the_dream_fr-grade6.pdf\";s:14:\"resource_title\";s:28:\"LE R\u00caVE - 6e ann\u00e9e et plus\";}i:3;a:2:{s:13:\"resource_file\";s:108:\"https:\/\/develop.olympic.ca\/wp-content\/uploads\/sites\/2\/2018\/11\/cosp_pursue_series_the_journey_fr-grade2-3.pdf\";s:14:\"resource_title\";s:28:\"LE PARCOURS - 2e & 3e ann\u00e9e\";}i:4;a:2:{s:13:\"resource_file\";s:108:\"https:\/\/develop.olympic.ca\/wp-content\/uploads\/sites\/2\/2018\/11\/cosp_pursue_series_the_journey_fr-grade4-5.pdf\";s:14:\"resource_title\";s:28:\"LE PARCOURS - 4e & 5e ann\u00e9e\";}i:5;a:2:{s:13:\"resource_file\";s:106:\"https:\/\/develop.olympic.ca\/wp-content\/uploads\/sites\/2\/2018\/11\/cosp_pursue_series_the_journey_fr-grade6.pdf\";s:14:\"resource_title\";s:31:\"LE PARCOURS - 6e ann\u00e9e et plus\";}i:6;a:2:{s:13:\"resource_file\";s:112:\"https:\/\/develop.olympic.ca\/wp-content\/uploads\/sites\/2\/2018\/11\/cosp_pursue_series_the_performance_fr-grade2-3.pdf\";s:14:\"resource_title\";s:31:\"LA PERFORMANCE - 2e & 3e ann\u00e9e\";}i:7;a:2:{s:13:\"resource_file\";s:112:\"https:\/\/develop.olympic.ca\/wp-content\/uploads\/sites\/2\/2018\/11\/cosp_pursue_series_the_performance_fr-grade4-5.pdf\";s:14:\"resource_title\";s:31:\"LA PERFORMANCE - 4e & 5e ann\u00e9e\";}i:8;a:2:{s:13:\"resource_file\";s:110:\"https:\/\/develop.olympic.ca\/wp-content\/uploads\/sites\/2\/2018\/11\/cosp_pursue_series_the_performance_fr-grade6.pdf\";s:14:\"resource_title\";s:34:\"LA PERFORMANCE - 6e ann\u00e9e et plus\";}i:9;a:2:{s:13:\"resource_file\";s:104:\"https:\/\/develop.olympic.ca\/wp-content\/uploads\/sites\/2\/2018\/11\/cosp_pursue_series_the_joy_fr-grade2-3.pdf\";s:14:\"resource_title\";s:24:\"LA JOIE - 2e & 3e ann\u00e9e\";}i:10;a:2:{s:13:\"resource_file\";s:104:\"https:\/\/develop.olympic.ca\/wp-content\/uploads\/sites\/2\/2018\/11\/cosp_pursue_series_the_joy_fr-grade4-5.pdf\";s:14:\"resource_title\";s:25:\"LA JOIE -  4e & 5e ann\u00e9e\";}i:11;a:2:{s:13:\"resource_file\";s:102:\"https:\/\/develop.olympic.ca\/wp-content\/uploads\/sites\/2\/2018\/11\/cosp_pursue_series_the_joy_fr-grade6.pdf\";s:14:\"resource_title\";s:27:\"LA JOIE - 6e ann\u00e9e et plus\";}i:12;a:2:{s:13:\"resource_file\";s:108:\"https:\/\/develop.olympic.ca\/wp-content\/uploads\/sites\/2\/2018\/11\/cosp_pursue_series_the_passion_fr-grade2-3.pdf\";s:14:\"resource_title\";s:27:\"LA PASSION - 2e & 3e ann\u00e9e\";}i:13;a:2:{s:13:\"resource_file\";s:108:\"https:\/\/develop.olympic.ca\/wp-content\/uploads\/sites\/2\/2018\/11\/cosp_pursue_series_the_passion_fr-grade4-5.pdf\";s:14:\"resource_title\";s:27:\"LA PASSION - 4e & 5e ann\u00e9e\";}i:14;a:2:{s:13:\"resource_file\";s:106:\"https:\/\/develop.olympic.ca\/wp-content\/uploads\/sites\/2\/2018\/11\/cosp_pursue_series_the_passion_fr-grade6.pdf\";s:14:\"resource_title\";s:30:\"LA PASSION - 6e ann\u00e9e et plus\";}}"],"coc_press_options":["a:2:{s:28:\"coc_press_additional_content\";s:0:\"\";s:27:\"coc_press_resource_category\";a:0:{}}"],"_akismet_post_spam":["0"],"coc_breaking_news_options":["a:1:{s:25:\"coc_breaking_news_details\";a:0:{}}"],"coc_sharing_options":["a:1:{s:18:\"coc_hide_share_bar\";b:0;}"],"coc_be_olympic_options":["a:8:{s:37:\"coc_be_olympic_exclusive_content_link\";s:0:\"\";s:27:\"coc_be_olympic_videos_title\";s:0:\"\";s:21:\"coc_be_olympic_videos\";a:0:{}s:27:\"coc_be_olympic_photos_title\";s:0:\"\";s:21:\"coc_be_olympic_photos\";a:0:{}s:24:\"coc_be_olympic_downloads\";a:0:{}s:22:\"coc_be_olympic_quizzes\";a:0:{}s:26:\"coc_be_olympic_fan_fun_ads\";a:0:{}}"],"coc_fan_fun_options":["a:2:{s:23:\"coc_fan_fun_hammer_time\";a:2:{s:29:\"coc_fan_fun_hammer_time_image\";N;s:27:\"coc_fan_fun_hammer_time_url\";s:0:\"\";}s:22:\"coc_fan_fun_torch_dash\";a:2:{s:28:\"coc_fan_fun_torch_dash_image\";N;s:26:\"coc_fan_fun_torch_dash_url\";s:0:\"\";}}"],"coc_interactive_game_options":["a:3:{s:28:\"coc_interactive_game_message\";s:0:\"\";s:24:\"coc_interactive_game_url\";s:0:\"\";s:27:\"coc_interactive_game_iframe\";b:0;}"],"coc_olympic_club_options":["a:1:{s:12:\"redirect_url\";s:0:\"\";}"],"coc_favorites_options":["a:3:{s:13:\"content_types\";a:0:{}s:7:\"seasons\";a:0:{}s:4:\"gear\";a:0:{}}"],"coc_og_tags":["a:3:{s:8:\"og_title\";s:0:\"\";s:14:\"og_description\";s:0:\"\";s:8:\"og_image\";N;}"],"coc_education_options":["a:2:{s:20:\"edu_featured_stories\";a:5:{i:0;i:167117;i:1;i:167116;i:2;i:167115;i:3;i:167119;i:4;i:167121;}s:19:\"edu_featured_videos\";a:4:{i:0;i:143164;i:1;i:143166;i:2;i:143167;i:3;i:143168;}}"],"coc_page_options":["a:2:{s:14:\"show_crazy_egg\";b:0;s:30:\"coc_partner_takeover_ads_story\";a:5:{s:20:\"coc_ad_story_desktop\";N;s:26:\"coc_ad_story_desktop_label\";s:0:\"\";s:19:\"coc_ad_story_mobile\";N;s:25:\"coc_ad_story_mobile_label\";s:0:\"\";s:16:\"coc_ad_story_url\";s:0:\"\";}}"],"coc_donor_video_options":["a:1:{s:21:\"donor_featured_videos\";a:0:{}}"],"coc_about_video_options":["a:1:{s:11:\"about_video\";a:3:{s:21:\"coc_about_video_title\";s:0:\"\";s:20:\"coc_about_video_text\";s:0:\"\";s:21:\"coc_about_youtube_url\";s:0:\"\";}}"],"coc_about_image_options":["a:1:{s:11:\"about_image\";a:3:{s:21:\"coc_about_image_title\";s:0:\"\";s:20:\"coc_about_image_text\";s:0:\"\";s:19:\"coc_about_image_url\";N;}}"],"coc_about_reporting_options":["a:1:{s:23:\"about_reporting_options\";a:0:{}}"],"coc_about_audit_options":["a:1:{s:19:\"about_audit_options\";a:0:{}}"],"coc_giving_options":["a:1:{s:14:\"giving_options\";a:0:{}}"],"coc_homepage_video_options":["a:1:{s:13:\"video_options\";a:1:{s:18:\"coc_homepage_video\";s:0:\"\";}}"],"coc_homepage_priorities":["a:1:{s:16:\"priority_options\";a:0:{}}"],"coc_homepage_campaign_options":["a:1:{s:16:\"campaign_options\";a:3:{s:24:\"coc_campaign_video_title\";s:0:\"\";s:23:\"coc_campaign_video_text\";s:0:\"\";s:24:\"coc_campaign_youtube_url\";s:0:\"\";}}"],"hof_selected_committee":["a:1:{s:11:\"hof_members\";a:0:{}}"],"hof_partners_options":["a:1:{s:12:\"hof_partners\";a:0:{}}"],"hof_search_excerpt":["a:1:{s:18:\"coc_search_excerpt\";s:0:\"\";}"],"seo_focus_keyword":["\u00c9quipe Canada, Comit\u00e9 olympique canadien, Parents, Enseignants, Enfants, Sport, Olympique, Jeux, Ressources, Aide, Id\u00e9e, Apprentissage, \u00c9cole, Maison, \u00c9cole \u00e0 la maison"],"coc_games":[""],"_coc_games":["field_5e83bf020f51f"],"coc_trivia":[""],"_coc_trivia":["field_5e83bacdec2aa"],"_last_editor_used_jetpack":["classic-editor"],"_yoast_wpseo_content_score":["30"],"_yoast_wpseo_estimated-reading-time-minutes":["1"],"_thumbnail_id":["168912"]},"coauthors":[209008581],"class_list":["post-84982","page","type-page","status-publish","format-image","has-post-thumbnail","hentry"],"acf":[],"yoast_head":"<!-- This site is optimized with the Yoast SEO plugin v27.3 - https:\/\/yoast.com\/product\/yoast-seo-wordpress\/ -->\n<title>EN VEDETTE - \u00c9quipe Canada | Site officiel de l&#039;\u00e9quipe olympique<\/title>\n<meta name=\"robots\" content=\"index, follow, max-snippet:-1, max-image-preview:large, max-video-preview:-1\" \/>\n<link rel=\"canonical\" href=\"https:\/\/develop.olympic.ca\/olympique\/education\/envedette\/\" \/>\n<meta property=\"og:locale\" content=\"fr_FR\" \/>\n<meta property=\"og:type\" content=\"article\" \/>\n<meta property=\"og:title\" content=\"EN VEDETTE - \u00c9quipe Canada | Site officiel de l&#039;\u00e9quipe olympique\" \/>\n<meta property=\"og:description\" content=\"Bon d\u00e9part a le plaisir d\u2019annoncer le lancement du camp de la semaine de rel\u00e2che Jouez \u00e0 la maison! Joignez-vous...\" \/>\n<meta property=\"og:url\" content=\"https:\/\/develop.olympic.ca\/olympique\/education\/envedette\/\" \/>\n<meta property=\"og:site_name\" content=\"\u00c9quipe Canada | Site officiel de l&#039;\u00e9quipe olympique\" \/>\n<meta property=\"article:modified_time\" content=\"2021-03-01T15:49:16+00:00\" \/>\n<meta property=\"og:image\" content=\"https:\/\/develop.olympic.ca\/olympique\/wp-content\/uploads\/sites\/2\/2021\/03\/MarchBreakCamp_Email_FR_COCNewsletter.png\" \/>\n\t<meta property=\"og:image:width\" content=\"1010\" \/>\n\t<meta property=\"og:image:height\" content=\"568\" \/>\n\t<meta property=\"og:image:type\" content=\"image\/png\" \/>\n<meta name=\"twitter:card\" content=\"summary_large_image\" \/>\n<meta name=\"twitter:label1\" content=\"Est. reading time\" \/>\n\t<meta name=\"twitter:data1\" content=\"1 minute\" \/>\n\t<meta name=\"twitter:label2\" content=\"Written by\" \/>\n\t<meta name=\"twitter:data2\" content=\"Mark Nadolny\" \/>\n<script type=\"application\/ld+json\" class=\"yoast-schema-graph\">{\"@context\":\"https:\\\/\\\/schema.org\",\"@graph\":[{\"@type\":\"WebPage\",\"@id\":\"https:\\\/\\\/develop.olympic.ca\\\/olympique\\\/education\\\/envedette\\\/\",\"url\":\"https:\\\/\\\/develop.olympic.ca\\\/olympique\\\/education\\\/envedette\\\/\",\"name\":\"EN VEDETTE - \u00c9quipe Canada | Site officiel de l&#039;\u00e9quipe olympique\",\"isPartOf\":{\"@id\":\"https:\\\/\\\/develop.olympic.ca\\\/olympique\\\/#website\"},\"primaryImageOfPage\":{\"@id\":\"https:\\\/\\\/develop.olympic.ca\\\/olympique\\\/education\\\/envedette\\\/#primaryimage\"},\"image\":{\"@id\":\"https:\\\/\\\/develop.olympic.ca\\\/olympique\\\/education\\\/envedette\\\/#primaryimage\"},\"thumbnailUrl\":\"https:\\\/\\\/develop.olympic.ca\\\/olympique\\\/wp-content\\\/uploads\\\/sites\\\/2\\\/2021\\\/03\\\/MarchBreakCamp_Email_FR_COCNewsletter.png\",\"datePublished\":\"2013-09-20T17:22:19+00:00\",\"dateModified\":\"2021-03-01T15:49:16+00:00\",\"breadcrumb\":{\"@id\":\"https:\\\/\\\/develop.olympic.ca\\\/olympique\\\/education\\\/envedette\\\/#breadcrumb\"},\"inLanguage\":\"fr-FR\",\"potentialAction\":[{\"@type\":\"ReadAction\",\"target\":[\"https:\\\/\\\/develop.olympic.ca\\\/olympique\\\/education\\\/envedette\\\/\"]}]},{\"@type\":\"ImageObject\",\"inLanguage\":\"fr-FR\",\"@id\":\"https:\\\/\\\/develop.olympic.ca\\\/olympique\\\/education\\\/envedette\\\/#primaryimage\",\"url\":\"https:\\\/\\\/develop.olympic.ca\\\/olympique\\\/wp-content\\\/uploads\\\/sites\\\/2\\\/2021\\\/03\\\/MarchBreakCamp_Email_FR_COCNewsletter.png\",\"contentUrl\":\"https:\\\/\\\/develop.olympic.ca\\\/olympique\\\/wp-content\\\/uploads\\\/sites\\\/2\\\/2021\\\/03\\\/MarchBreakCamp_Email_FR_COCNewsletter.png\",\"width\":1010,\"height\":568},{\"@type\":\"BreadcrumbList\",\"@id\":\"https:\\\/\\\/develop.olympic.ca\\\/olympique\\\/education\\\/envedette\\\/#breadcrumb\",\"itemListElement\":[{\"@type\":\"ListItem\",\"position\":1,\"name\":\"\u00c0 propos de l\u2019\u00e9ducation olympique\",\"item\":\"https:\\\/\\\/develop.olympic.ca\\\/olympique\\\/education\\\/\"},{\"@type\":\"ListItem\",\"position\":2,\"name\":\"EN VEDETTE\"}]},{\"@type\":\"WebSite\",\"@id\":\"https:\\\/\\\/develop.olympic.ca\\\/olympique\\\/#website\",\"url\":\"https:\\\/\\\/develop.olympic.ca\\\/olympique\\\/\",\"name\":\"\u00c9quipe Canada | Site officiel de l&#039;\u00e9quipe olympique\",\"description\":\"Votre source pour l\u2019\u00c9quipe olympique canadienne. Retrouvez les r\u00e9cits, vid\u00e9os et photos des athl\u00e8tes canadiens, sports olympiques, Jeux olympiques de 2020 et bien plus!\",\"potentialAction\":[{\"@type\":\"SearchAction\",\"target\":{\"@type\":\"EntryPoint\",\"urlTemplate\":\"https:\\\/\\\/develop.olympic.ca\\\/olympique\\\/?s={search_term_string}\"},\"query-input\":{\"@type\":\"PropertyValueSpecification\",\"valueRequired\":true,\"valueName\":\"search_term_string\"}}],\"inLanguage\":\"fr-FR\"}]}<\/script>\n<!-- \/ Yoast SEO plugin. -->","yoast_head_json":{"title":"EN VEDETTE - \u00c9quipe Canada | Site officiel de l&#039;\u00e9quipe olympique","robots":{"index":"index","follow":"follow","max-snippet":"max-snippet:-1","max-image-preview":"max-image-preview:large","max-video-preview":"max-video-preview:-1"},"canonical":"https:\/\/develop.olympic.ca\/olympique\/education\/envedette\/","og_locale":"fr_FR","og_type":"article","og_title":"EN VEDETTE - \u00c9quipe Canada | Site officiel de l&#039;\u00e9quipe olympique","og_description":"Bon d\u00e9part a le plaisir d\u2019annoncer le lancement du camp de la semaine de rel\u00e2che Jouez \u00e0 la maison! Joignez-vous...","og_url":"https:\/\/develop.olympic.ca\/olympique\/education\/envedette\/","og_site_name":"\u00c9quipe Canada | Site officiel de l&#039;\u00e9quipe olympique","article_modified_time":"2021-03-01T15:49:16+00:00","og_image":[{"width":1010,"height":568,"url":"https:\/\/develop.olympic.ca\/olympique\/wp-content\/uploads\/sites\/2\/2021\/03\/MarchBreakCamp_Email_FR_COCNewsletter.png","type":"image\/png"}],"twitter_card":"summary_large_image","twitter_misc":{"Est. reading time":"1 minute","Written by":"Mark Nadolny"},"schema":{"@context":"https:\/\/schema.org","@graph":[{"@type":"WebPage","@id":"https:\/\/develop.olympic.ca\/olympique\/education\/envedette\/","url":"https:\/\/develop.olympic.ca\/olympique\/education\/envedette\/","name":"EN VEDETTE - \u00c9quipe Canada | Site officiel de l&#039;\u00e9quipe olympique","isPartOf":{"@id":"https:\/\/develop.olympic.ca\/olympique\/#website"},"primaryImageOfPage":{"@id":"https:\/\/develop.olympic.ca\/olympique\/education\/envedette\/#primaryimage"},"image":{"@id":"https:\/\/develop.olympic.ca\/olympique\/education\/envedette\/#primaryimage"},"thumbnailUrl":"https:\/\/develop.olympic.ca\/olympique\/wp-content\/uploads\/sites\/2\/2021\/03\/MarchBreakCamp_Email_FR_COCNewsletter.png","datePublished":"2013-09-20T17:22:19+00:00","dateModified":"2021-03-01T15:49:16+00:00","breadcrumb":{"@id":"https:\/\/develop.olympic.ca\/olympique\/education\/envedette\/#breadcrumb"},"inLanguage":"fr-FR","potentialAction":[{"@type":"ReadAction","target":["https:\/\/develop.olympic.ca\/olympique\/education\/envedette\/"]}]},{"@type":"ImageObject","inLanguage":"fr-FR","@id":"https:\/\/develop.olympic.ca\/olympique\/education\/envedette\/#primaryimage","url":"https:\/\/develop.olympic.ca\/olympique\/wp-content\/uploads\/sites\/2\/2021\/03\/MarchBreakCamp_Email_FR_COCNewsletter.png","contentUrl":"https:\/\/develop.olympic.ca\/olympique\/wp-content\/uploads\/sites\/2\/2021\/03\/MarchBreakCamp_Email_FR_COCNewsletter.png","width":1010,"height":568},{"@type":"BreadcrumbList","@id":"https:\/\/develop.olympic.ca\/olympique\/education\/envedette\/#breadcrumb","itemListElement":[{"@type":"ListItem","position":1,"name":"\u00c0 propos de l\u2019\u00e9ducation olympique","item":"https:\/\/develop.olympic.ca\/olympique\/education\/"},{"@type":"ListItem","position":2,"name":"EN VEDETTE"}]},{"@type":"WebSite","@id":"https:\/\/develop.olympic.ca\/olympique\/#website","url":"https:\/\/develop.olympic.ca\/olympique\/","name":"\u00c9quipe Canada | Site officiel de l&#039;\u00e9quipe olympique","description":"Votre source pour l\u2019\u00c9quipe olympique canadienne. Retrouvez les r\u00e9cits, vid\u00e9os et photos des athl\u00e8tes canadiens, sports olympiques, Jeux olympiques de 2020 et bien plus!","potentialAction":[{"@type":"SearchAction","target":{"@type":"EntryPoint","urlTemplate":"https:\/\/develop.olympic.ca\/olympique\/?s={search_term_string}"},"query-input":{"@type":"PropertyValueSpecification","valueRequired":true,"valueName":"search_term_string"}}],"inLanguage":"fr-FR"}]}},"jetpack_sharing_enabled":true,"jetpack-related-posts":[],"jetpack_shortlink":"https:\/\/wp.me\/PbmyEP-m6G","_links":{"self":[{"href":"https:\/\/develop.olympic.ca\/olympique\/wp-json\/wp\/v2\/pages\/84982","targetHints":{"allow":["GET"]}}],"collection":[{"href":"https:\/\/develop.olympic.ca\/olympique\/wp-json\/wp\/v2\/pages"}],"about":[{"href":"https:\/\/develop.olympic.ca\/olympique\/wp-json\/wp\/v2\/types\/page"}],"author":[{"embeddable":true,"href":"https:\/\/develop.olympic.ca\/olympique\/wp-json\/wp\/v2\/users\/52435436"}],"replies":[{"embeddable":true,"href":"https:\/\/develop.olympic.ca\/olympique\/wp-json\/wp\/v2\/comments?post=84982"}],"version-history":[{"count":92,"href":"https:\/\/develop.olympic.ca\/olympique\/wp-json\/wp\/v2\/pages\/84982\/revisions"}],"predecessor-version":[{"id":168914,"href":"https:\/\/develop.olympic.ca\/olympique\/wp-json\/wp\/v2\/pages\/84982\/revisions\/168914"}],"up":[{"embeddable":true,"href":"https:\/\/develop.olympic.ca\/olympique\/wp-json\/wp\/v2\/pages\/84889"}],"wp:featuredmedia":[{"embeddable":true,"href":"https:\/\/develop.olympic.ca\/olympique\/wp-json\/wp\/v2\/media\/168912"}],"wp:attachment":[{"href":"https:\/\/develop.olympic.ca\/olympique\/wp-json\/wp\/v2\/media?parent=84982"}],"wp:term":[{"taxonomy":"author","embeddable":true,"href":"https:\/\/develop.olympic.ca\/olympique\/wp-json\/wp\/v2\/coauthors?post=84982"}],"curies":[{"name":"wp","href":"https:\/\/api.w.org\/{rel}","templated":true}]}}