{"id":85141,"date":"2013-09-20T12:12:48","date_gmt":"2013-09-20T16:12:48","guid":{"rendered":"http:\/\/develop.olympic.ca\/olympique\/?page_id=85141"},"modified":"2021-04-27T15:53:53","modified_gmt":"2021-04-27T19:53:53","slug":"un-don-testamentaire","status":"publish","type":"page","link":"https:\/\/develop.olympic.ca\/olympique\/fondation\/differentes-facons-de-donner\/un-don-testamentaire\/","title":{"rendered":"Un don testamentaire"},"content":{"rendered":"\n<div class=\"wp-block-group is-style-align-small\"><div class=\"wp-block-group__inner-container is-layout-flow wp-block-group-is-layout-flow\">\n<p class=\"wp-block-paragraph\">Bien qu\u2019il existe plusieurs fa\u00e7ons de faire un don testamentaire, les legs et les dons d\u2019une police d\u2019assurance-vie sont les plus populaires au Canada.<\/p>\n\n\n\n<h2 class=\"wp-block-heading\">Legs<\/h2>\n\n\n\n<p class=\"wp-block-paragraph\">Les formulations suivantes sont offertes en exemple et peuvent \u00eatre utilis\u00e9es lors d\u2019un legs \u00e0 la Fondation olympique canadienne. <i>Diff\u00e9rentes possibilit\u00e9s s\u2019offrent \u00e0 vous lors d\u2019un legs; nous vous recommandons de solliciter l\u2019aide d\u2019un conseiller juridique ou financier afin de vous assurer que vos d\u00e9sirs sont clairement exprim\u00e9s dans votre testament et quel type de legs est le meilleur selon votre situation financi\u00e8re et vos objectifs philanthropiques. <\/i><\/p>\n\n\n\n<p class=\"wp-block-paragraph\">Je donne \u00e0 la <b>Fondation olympique canadienne\/Canadian Olympic Foundation<\/b>, sise au 21, rue St. Clair Est, bureau 900, Toronto, Ontario, M4T 1L9, et poss\u00e9dant le num\u00e9ro d\u2019enregistrement d\u2019organisme de bienfaisance 81772 9346 RR001, la somme de <span style=\"text-decoration: underline;\">&nbsp;&nbsp;&nbsp;&nbsp;&nbsp;&nbsp;&nbsp;&nbsp;&nbsp;&nbsp;&nbsp;&nbsp;&nbsp;&nbsp;&nbsp;&nbsp;&nbsp;&nbsp;&nbsp;&nbsp;&nbsp;&nbsp; <\/span>&nbsp;$ \u00e0 \u00eatre utilis\u00e9e de la mani\u00e8re jug\u00e9e appropri\u00e9e par la Fondation olympique canadienne.<\/p>\n\n\n\n<p class=\"wp-block-paragraph\">OU<\/p>\n\n\n\n<p class=\"wp-block-paragraph\">Je donne \u00e0 la <b>Fondation olympique canadienne\/Canadian Olympic Foundation<\/b>, sise au 21, rue St. Clair Est, bureau 900, Toronto, Ontario, M4T 1L9, et poss\u00e9dant le num\u00e9ro d\u2019enregistrement d\u2019organisme de bienfaisance 81772 9346 RR001, <span style=\"text-decoration: underline;\"> &nbsp;&nbsp;&nbsp;&nbsp;&nbsp;&nbsp;&nbsp;&nbsp;&nbsp;<\/span>&nbsp;% de mes biens \u00e0 \u00eatre utilis\u00e9e de la mani\u00e8re jug\u00e9e appropri\u00e9e par la Fondation olympique canadienne.<\/p>\n\n\n\n<p class=\"wp-block-paragraph\">Lors d\u2019un legs, le donateur devrait fournir une copie de la clause testamentaire relative au legs. Ceci sera particuli\u00e8rement utile lorsque viendra le moment de prendre possession des biens.<\/p>\n\n\n\n<h2 class=\"wp-block-heading\">Assurance-vie<\/h2>\n\n\n\n<p class=\"wp-block-paragraph\">L\u2019assurance-vie est une autre fa\u00e7on de faire un don testamentaire. En souscrivant \u00e0 une police d\u2019assurance-vie, un donateur peut faire don d\u2019une somme importante, tout en b\u00e9n\u00e9ficiant d\u2019une \u00e9conomie d\u2019imp\u00f4t. <i>Diff\u00e9rentes possibilit\u00e9s s\u2019offrent \u00e0 vous lors d\u2019un don au moyen d\u2019une assurance-vie; nous vous recommandons de solliciter l\u2019aide d\u2019un conseiller juridique ou financier avant d\u2019aller de l\u2019avant avec un don planifi\u00e9.<\/i><\/p>\n\n\n\n<p class=\"wp-block-paragraph\">Les trois options suivantes s\u2019offrent \u00e0 vous pour faire un don au moyen d\u2019une police d\u2019assurance-vie&nbsp;:<\/p>\n\n\n\n<ul class=\"wp-block-list\"><li><span style=\"text-decoration: underline;\">L\u2019achat d\u2019une nouvelle police<\/span>. Si vous nommez la Fondation comme propri\u00e9taire et b\u00e9n\u00e9ficiaire irr\u00e9vocable de la police, vous recevrez des re\u00e7us aux fins d\u2019imp\u00f4t pour toutes les primes que vous paierez.<\/li><li><span style=\"text-decoration: underline;\">Le don d\u2019une police existante<\/span>. De vieilles polices existantes qui ne sont plus requises par le donateur ou par la famille du donateur peuvent engendrer un avantage fiscal imm\u00e9diat. Si vous nommez la Fondation comme propri\u00e9taire et b\u00e9n\u00e9ficiaire irr\u00e9vocable d\u2019une police lib\u00e9r\u00e9e, vous recevrez imm\u00e9diatement un re\u00e7u aux fins d\u2019imp\u00f4t \u00e9gal \u00e0 la valeur de rachat de la police.<\/li><li><span style=\"text-decoration: underline;\">Nommer la Fondation comme b\u00e9n\u00e9ficiaire d\u2019une nouvelle police ou d\u2019une police existante<\/span>. Votre succession recevra un re\u00e7u aux fins d\u2019imp\u00f4t \u00e9gal \u00e0 la valeur nominale de la police au moment o\u00f9 le don sera vers\u00e9.<\/li><\/ul>\n\n\n\n<p class=\"wp-block-paragraph\">Les avantages de faire un don au moyen d\u2019une assurance-vie comprennent entre autres la fiert\u00e9 de faire un don important \u00e0 la Fondation tout en faisant des paiements relativement petits \u00e9chelonn\u00e9s sur plusieurs ann\u00e9es pour une police d\u2019assurance-vie, le capital assur\u00e9 est transmis rapidement \u00e0 la Fondation, exempt de taxes, de frais et de co\u00fbts d\u2019homologation, et votre don ne diminuera pas la valeur de votre patrimoine pour vos h\u00e9ritiers.<\/p>\n\n\n\n<p class=\"wp-block-paragraph\">Pour des informations additionnelles concernant les legs, l\u2019assurance-vie et les possibilit\u00e9s de dons planifi\u00e9s, veuillez communiquer avec Selga Apse, Gestionnaire des affaires, au 416-324-4297 ou \u00e0 <a href=\"mailto:sapse@olympic.ca\">sapse@olympic.ca<\/a>.<\/p>\n\n\n\n<p class=\"wp-block-paragraph\">Nous vous remercions d\u2019avoir pens\u00e9 \u00e0 la Fondation olympique canadienne.<\/p>\n<\/div><\/div>\n","protected":false},"excerpt":{"rendered":"<p>Bien qu\u2019il existe plusieurs fa\u00e7ons de faire un don testamentaire, les legs et les dons d\u2019une police d\u2019assurance-vie sont les&#8230;<\/p>\n","protected":false},"author":52435436,"featured_media":0,"parent":85139,"menu_order":0,"comment_status":"open","ping_status":"open","template":"templates\/template-foundation.php","meta":{"_edit_lock":["1619553233:52435436"],"_edit_last":["52435436"],"_wp_page_template":["templates\/template-foundation.php"],"_publicize_pending":["1"],"_elasticsearch_indexed_on":["2013-09-20 04:13:10"],"seo_translation_link":["http:\/\/wp.me\/P3DwEw-mvy"],"_akismet_post_spam":["0"],"coc_sharing_options":["a:1:{s:18:\"coc_hide_share_bar\";b:0;}"],"coc_campaign_options":["a:4:{s:16:\"coc_campaign_tag\";s:0:\"\";s:15:\"coc_campaign_bg\";N;s:25:\"coc_campaign_bg_downloads\";a:0:{}s:20:\"coc_campaign_posters\";a:0:{}}"],"coc_team_options":["a:1:{s:15:\"coc_game_select\";i:143552;}"],"coc_oc_landing_options":["a:2:{s:17:\"coc_oc_landing_bg\";N;s:22:\"coc_oc_landing_stories\";a:0:{}}"],"coc_edit_profile_options":["a:1:{s:20:\"coc_favourite_sports\";a:0:{}}"],"coc_oc_reward_options":["a:13:{s:16:\"coc_oc_reward_id\";s:0:\"\";s:19:\"coc_oc_ac_reward_id\";s:0:\"\";s:20:\"coc_oc_reward_points\";s:0:\"\";s:19:\"coc_oc_reward_rules\";N;s:31:\"coc_oc_digital_download_desktop\";N;s:30:\"coc_oc_digital_download_mobile\";N;s:32:\"coc_oc_digital_download_facebook\";N;s:29:\"coc_oc_reward_success_message\";s:0:\"\";s:23:\"coc_oc_facebook_content\";s:0:\"\";s:22:\"coc_oc_twitter_content\";s:0:\"\";s:24:\"coc_oc_social_contest_id\";s:0:\"\";s:31:\"coc_oc_reward_logged_in_message\";s:0:\"\";s:32:\"coc_oc_reward_logged_out_message\";s:0:\"\";}"],"coc_press_options":["a:2:{s:28:\"coc_press_additional_content\";s:0:\"\";s:27:\"coc_press_resource_category\";a:0:{}}"],"coc_breaking_news_options":["a:1:{s:25:\"coc_breaking_news_details\";a:0:{}}"],"coc_be_olympic_options":["a:8:{s:37:\"coc_be_olympic_exclusive_content_link\";s:0:\"\";s:27:\"coc_be_olympic_videos_title\";s:0:\"\";s:21:\"coc_be_olympic_videos\";a:0:{}s:27:\"coc_be_olympic_photos_title\";s:0:\"\";s:21:\"coc_be_olympic_photos\";a:0:{}s:24:\"coc_be_olympic_downloads\";a:0:{}s:22:\"coc_be_olympic_quizzes\";a:0:{}s:26:\"coc_be_olympic_fan_fun_ads\";a:0:{}}"],"coc_fan_fun_options":["a:2:{s:23:\"coc_fan_fun_hammer_time\";a:2:{s:29:\"coc_fan_fun_hammer_time_image\";N;s:27:\"coc_fan_fun_hammer_time_url\";s:0:\"\";}s:22:\"coc_fan_fun_torch_dash\";a:2:{s:28:\"coc_fan_fun_torch_dash_image\";N;s:26:\"coc_fan_fun_torch_dash_url\";s:0:\"\";}}"],"coc_interactive_game_options":["a:3:{s:28:\"coc_interactive_game_message\";s:0:\"\";s:24:\"coc_interactive_game_url\";s:0:\"\";s:27:\"coc_interactive_game_iframe\";b:0;}"],"coc_olympic_club_options":["a:1:{s:12:\"redirect_url\";s:0:\"\";}"],"coc_favorites_options":["a:3:{s:13:\"content_types\";a:0:{}s:7:\"seasons\";a:0:{}s:4:\"gear\";a:0:{}}"],"coc_og_tags":["a:3:{s:8:\"og_title\";s:0:\"\";s:14:\"og_description\";s:0:\"\";s:8:\"og_image\";N;}"],"coc_education_options":["A"],"coc_page_options":["a:2:{s:14:\"show_crazy_egg\";b:0;s:30:\"coc_partner_takeover_ads_story\";a:5:{s:20:\"coc_ad_story_desktop\";N;s:26:\"coc_ad_story_desktop_label\";s:0:\"\";s:19:\"coc_ad_story_mobile\";N;s:25:\"coc_ad_story_mobile_label\";s:0:\"\";s:16:\"coc_ad_story_url\";s:0:\"\";}}"],"coc_donor_video_options":["a:1:{s:21:\"donor_featured_videos\";a:0:{}}"],"coc_about_video_options":["a:1:{s:11:\"about_video\";a:3:{s:21:\"coc_about_video_title\";s:0:\"\";s:20:\"coc_about_video_text\";s:0:\"\";s:21:\"coc_about_youtube_url\";s:0:\"\";}}"],"coc_about_image_options":["a:1:{s:11:\"about_image\";a:3:{s:21:\"coc_about_image_title\";s:0:\"\";s:20:\"coc_about_image_text\";s:0:\"\";s:19:\"coc_about_image_url\";N;}}"],"coc_about_reporting_options":["a:1:{s:23:\"about_reporting_options\";a:0:{}}"],"coc_about_audit_options":["a:1:{s:19:\"about_audit_options\";a:0:{}}"],"coc_giving_options":["a:1:{s:14:\"giving_options\";a:0:{}}"],"coc_homepage_video_options":["a:1:{s:13:\"video_options\";a:1:{s:18:\"coc_homepage_video\";s:0:\"\";}}"],"coc_homepage_priorities":["a:1:{s:16:\"priority_options\";a:0:{}}"],"coc_homepage_campaign_options":["a:1:{s:16:\"campaign_options\";a:3:{s:24:\"coc_campaign_video_title\";s:0:\"\";s:23:\"coc_campaign_video_text\";s:0:\"\";s:24:\"coc_campaign_youtube_url\";s:0:\"\";}}"],"geo_public":["0"],"_x_multifield_seo_accordion":["a:1:{i:0;a:2:{s:19:\"seo_accordion_title\";s:0:\"\";s:25:\"seo_accordion_description\";s:0:\"\";}}"],"_last_editor_used_jetpack":["block-editor"],"coc_games":[""],"_coc_games":["field_5e83bf020f51f"],"coc_trivia":[""],"_coc_trivia":["field_5e83bacdec2aa"],"hof_selected_committee":["a:1:{s:11:\"hof_members\";a:0:{}}"],"hof_partners_options":["a:1:{s:12:\"hof_partners\";a:0:{}}"],"hof_search_excerpt":["a:1:{s:18:\"coc_search_excerpt\";s:0:\"\";}"],"_yoast_wpseo_content_score":["30"],"_yoast_wpseo_estimated-reading-time-minutes":["3"]},"coauthors":[209008581],"class_list":["post-85141","page","type-page","status-publish","format-standard","hentry"],"acf":[],"yoast_head":"<!-- This site is optimized with the Yoast SEO plugin v27.3 - https:\/\/yoast.com\/product\/yoast-seo-wordpress\/ -->\n<title>Un don testamentaire - \u00c9quipe Canada | Site officiel de l&#039;\u00e9quipe olympique<\/title>\n<meta name=\"robots\" content=\"index, follow, max-snippet:-1, max-image-preview:large, max-video-preview:-1\" \/>\n<link rel=\"canonical\" href=\"https:\/\/develop.olympic.ca\/olympique\/fondation\/differentes-facons-de-donner\/un-don-testamentaire\/\" \/>\n<meta property=\"og:locale\" content=\"fr_FR\" \/>\n<meta property=\"og:type\" content=\"article\" \/>\n<meta property=\"og:title\" content=\"Un don testamentaire - \u00c9quipe Canada | Site officiel de l&#039;\u00e9quipe olympique\" \/>\n<meta property=\"og:description\" content=\"Bien qu\u2019il existe plusieurs fa\u00e7ons de faire un don testamentaire, les legs et les dons d\u2019une police d\u2019assurance-vie sont les...\" \/>\n<meta property=\"og:url\" content=\"https:\/\/develop.olympic.ca\/olympique\/fondation\/differentes-facons-de-donner\/un-don-testamentaire\/\" \/>\n<meta property=\"og:site_name\" content=\"\u00c9quipe Canada | Site officiel de l&#039;\u00e9quipe olympique\" \/>\n<meta property=\"article:modified_time\" content=\"2021-04-27T19:53:53+00:00\" \/>\n<meta name=\"twitter:card\" content=\"summary_large_image\" \/>\n<meta name=\"twitter:label1\" content=\"Est. reading time\" \/>\n\t<meta name=\"twitter:data1\" content=\"3 minutes\" \/>\n\t<meta name=\"twitter:label2\" content=\"Written by\" \/>\n\t<meta name=\"twitter:data2\" content=\"Mark Nadolny\" \/>\n<script type=\"application\/ld+json\" class=\"yoast-schema-graph\">{\"@context\":\"https:\\\/\\\/schema.org\",\"@graph\":[{\"@type\":\"WebPage\",\"@id\":\"https:\\\/\\\/develop.olympic.ca\\\/olympique\\\/fondation\\\/differentes-facons-de-donner\\\/un-don-testamentaire\\\/\",\"url\":\"https:\\\/\\\/develop.olympic.ca\\\/olympique\\\/fondation\\\/differentes-facons-de-donner\\\/un-don-testamentaire\\\/\",\"name\":\"Un don testamentaire - \u00c9quipe Canada | Site officiel de l&#039;\u00e9quipe olympique\",\"isPartOf\":{\"@id\":\"https:\\\/\\\/develop.olympic.ca\\\/olympique\\\/#website\"},\"datePublished\":\"2013-09-20T16:12:48+00:00\",\"dateModified\":\"2021-04-27T19:53:53+00:00\",\"breadcrumb\":{\"@id\":\"https:\\\/\\\/develop.olympic.ca\\\/olympique\\\/fondation\\\/differentes-facons-de-donner\\\/un-don-testamentaire\\\/#breadcrumb\"},\"inLanguage\":\"fr-FR\",\"potentialAction\":[{\"@type\":\"ReadAction\",\"target\":[\"https:\\\/\\\/develop.olympic.ca\\\/olympique\\\/fondation\\\/differentes-facons-de-donner\\\/un-don-testamentaire\\\/\"]}]},{\"@type\":\"BreadcrumbList\",\"@id\":\"https:\\\/\\\/develop.olympic.ca\\\/olympique\\\/fondation\\\/differentes-facons-de-donner\\\/un-don-testamentaire\\\/#breadcrumb\",\"itemListElement\":[{\"@type\":\"ListItem\",\"position\":1,\"name\":\"Soyez le moteur de leur potentiel\",\"item\":\"https:\\\/\\\/develop.olympic.ca\\\/olympique\\\/fondation\\\/\"},{\"@type\":\"ListItem\",\"position\":2,\"name\":\"Diff\u00e9rentes fa\u00e7ons de donner\",\"item\":\"https:\\\/\\\/develop.olympic.ca\\\/olympique\\\/fondation\\\/differentes-facons-de-donner\\\/\"},{\"@type\":\"ListItem\",\"position\":3,\"name\":\"Un don testamentaire\"}]},{\"@type\":\"WebSite\",\"@id\":\"https:\\\/\\\/develop.olympic.ca\\\/olympique\\\/#website\",\"url\":\"https:\\\/\\\/develop.olympic.ca\\\/olympique\\\/\",\"name\":\"\u00c9quipe Canada | Site officiel de l&#039;\u00e9quipe olympique\",\"description\":\"Votre source pour l\u2019\u00c9quipe olympique canadienne. Retrouvez les r\u00e9cits, vid\u00e9os et photos des athl\u00e8tes canadiens, sports olympiques, Jeux olympiques de 2020 et bien plus!\",\"potentialAction\":[{\"@type\":\"SearchAction\",\"target\":{\"@type\":\"EntryPoint\",\"urlTemplate\":\"https:\\\/\\\/develop.olympic.ca\\\/olympique\\\/?s={search_term_string}\"},\"query-input\":{\"@type\":\"PropertyValueSpecification\",\"valueRequired\":true,\"valueName\":\"search_term_string\"}}],\"inLanguage\":\"fr-FR\"}]}<\/script>\n<!-- \/ Yoast SEO plugin. -->","yoast_head_json":{"title":"Un don testamentaire - \u00c9quipe Canada | Site officiel de l&#039;\u00e9quipe olympique","robots":{"index":"index","follow":"follow","max-snippet":"max-snippet:-1","max-image-preview":"max-image-preview:large","max-video-preview":"max-video-preview:-1"},"canonical":"https:\/\/develop.olympic.ca\/olympique\/fondation\/differentes-facons-de-donner\/un-don-testamentaire\/","og_locale":"fr_FR","og_type":"article","og_title":"Un don testamentaire - \u00c9quipe Canada | Site officiel de l&#039;\u00e9quipe olympique","og_description":"Bien qu\u2019il existe plusieurs fa\u00e7ons de faire un don testamentaire, les legs et les dons d\u2019une police d\u2019assurance-vie sont les...","og_url":"https:\/\/develop.olympic.ca\/olympique\/fondation\/differentes-facons-de-donner\/un-don-testamentaire\/","og_site_name":"\u00c9quipe Canada | Site officiel de l&#039;\u00e9quipe olympique","article_modified_time":"2021-04-27T19:53:53+00:00","twitter_card":"summary_large_image","twitter_misc":{"Est. reading time":"3 minutes","Written by":"Mark Nadolny"},"schema":{"@context":"https:\/\/schema.org","@graph":[{"@type":"WebPage","@id":"https:\/\/develop.olympic.ca\/olympique\/fondation\/differentes-facons-de-donner\/un-don-testamentaire\/","url":"https:\/\/develop.olympic.ca\/olympique\/fondation\/differentes-facons-de-donner\/un-don-testamentaire\/","name":"Un don testamentaire - \u00c9quipe Canada | Site officiel de l&#039;\u00e9quipe olympique","isPartOf":{"@id":"https:\/\/develop.olympic.ca\/olympique\/#website"},"datePublished":"2013-09-20T16:12:48+00:00","dateModified":"2021-04-27T19:53:53+00:00","breadcrumb":{"@id":"https:\/\/develop.olympic.ca\/olympique\/fondation\/differentes-facons-de-donner\/un-don-testamentaire\/#breadcrumb"},"inLanguage":"fr-FR","potentialAction":[{"@type":"ReadAction","target":["https:\/\/develop.olympic.ca\/olympique\/fondation\/differentes-facons-de-donner\/un-don-testamentaire\/"]}]},{"@type":"BreadcrumbList","@id":"https:\/\/develop.olympic.ca\/olympique\/fondation\/differentes-facons-de-donner\/un-don-testamentaire\/#breadcrumb","itemListElement":[{"@type":"ListItem","position":1,"name":"Soyez le moteur de leur potentiel","item":"https:\/\/develop.olympic.ca\/olympique\/fondation\/"},{"@type":"ListItem","position":2,"name":"Diff\u00e9rentes fa\u00e7ons de donner","item":"https:\/\/develop.olympic.ca\/olympique\/fondation\/differentes-facons-de-donner\/"},{"@type":"ListItem","position":3,"name":"Un don testamentaire"}]},{"@type":"WebSite","@id":"https:\/\/develop.olympic.ca\/olympique\/#website","url":"https:\/\/develop.olympic.ca\/olympique\/","name":"\u00c9quipe Canada | Site officiel de l&#039;\u00e9quipe olympique","description":"Votre source pour l\u2019\u00c9quipe olympique canadienne. Retrouvez les r\u00e9cits, vid\u00e9os et photos des athl\u00e8tes canadiens, sports olympiques, Jeux olympiques de 2020 et bien plus!","potentialAction":[{"@type":"SearchAction","target":{"@type":"EntryPoint","urlTemplate":"https:\/\/develop.olympic.ca\/olympique\/?s={search_term_string}"},"query-input":{"@type":"PropertyValueSpecification","valueRequired":true,"valueName":"search_term_string"}}],"inLanguage":"fr-FR"}]}},"jetpack_sharing_enabled":true,"jetpack-related-posts":[],"jetpack_shortlink":"https:\/\/wp.me\/PbmyEP-m9f","_links":{"self":[{"href":"https:\/\/develop.olympic.ca\/olympique\/wp-json\/wp\/v2\/pages\/85141","targetHints":{"allow":["GET"]}}],"collection":[{"href":"https:\/\/develop.olympic.ca\/olympique\/wp-json\/wp\/v2\/pages"}],"about":[{"href":"https:\/\/develop.olympic.ca\/olympique\/wp-json\/wp\/v2\/types\/page"}],"author":[{"embeddable":true,"href":"https:\/\/develop.olympic.ca\/olympique\/wp-json\/wp\/v2\/users\/52435436"}],"replies":[{"embeddable":true,"href":"https:\/\/develop.olympic.ca\/olympique\/wp-json\/wp\/v2\/comments?post=85141"}],"version-history":[{"count":6,"href":"https:\/\/develop.olympic.ca\/olympique\/wp-json\/wp\/v2\/pages\/85141\/revisions"}],"predecessor-version":[{"id":177982,"href":"https:\/\/develop.olympic.ca\/olympique\/wp-json\/wp\/v2\/pages\/85141\/revisions\/177982"}],"up":[{"embeddable":true,"href":"https:\/\/develop.olympic.ca\/olympique\/wp-json\/wp\/v2\/pages\/85139"}],"wp:attachment":[{"href":"https:\/\/develop.olympic.ca\/olympique\/wp-json\/wp\/v2\/media?parent=85141"}],"wp:term":[{"taxonomy":"author","embeddable":true,"href":"https:\/\/develop.olympic.ca\/olympique\/wp-json\/wp\/v2\/coauthors?post=85141"}],"curies":[{"name":"wp","href":"https:\/\/api.w.org\/{rel}","templated":true}]}}