{"id":85144,"date":"2013-09-20T12:08:51","date_gmt":"2013-09-20T16:08:51","guid":{"rendered":"http:\/\/develop.olympic.ca\/olympique\/?page_id=85144"},"modified":"2013-09-20T12:08:51","modified_gmt":"2013-09-20T16:08:51","slug":"organismes-de-soutien","status":"publish","type":"page","link":"https:\/\/develop.olympic.ca\/olympique\/fondation\/nos-supporteurs\/organismes-de-soutien\/","title":{"rendered":"Organismes de soutien"},"content":{"rendered":"<h4>Bon d\u00e9part de Canadian Tire<\/h4>\n<p>En collaboration avec le programme Bon d\u00e9part de Canadian Tire et la Fondation olympique canadienne, le magazine Sportsnet produira un magazine \u00e0 \u00e9dition limit\u00e9e, ayant pour titreintitul\u00e9 \u00ab Why We Play \u00bb (Pourquoi nous jouons).<\/p>\n<p>Disponible dans les succursales de vente au d\u00e9tail demagasins Canadian Tire du 27 septembre au 29 novembre 2013. Votre don de 5\u00a0 $ sera partag\u00e9 entre la Fondation Bon d\u00e9part et la Fondation olympique canadienne.<br \/>\nCaract\u00e9ristiques :<\/p>\n<p>\u2022\u00a0\u00a0\u00a0 \u00c9dition limit\u00e9e de 100 pages du magazine Sportsnet<br \/>\n\u2022\u00a0\u00a0\u00a0 Pr\u00e9sente 115 athl\u00e8tes : comment le sport a chang\u00e9 leur vie<br \/>\n\u2022\u00a0\u00a0\u00a0 Comprend Jonathan Toews, Gordie Howe, Justin Morneau, Sugar Ray Leonard, Hayley Wickenheiser, Joey Votto, Christine Sinclair et plusieurs autres!<\/p>\n<p><a href=\"http:\/\/develop.olympic.ca\/wp-content\/uploads\/sites\/2\/2013\/09\/ct-ad-french.jpg\"><img loading=\"lazy\" decoding=\"async\" class=\"aligncenter size-full wp-image-85158\" alt=\"CT ad French\" src=\"http:\/\/develop.olympic.ca\/wp-content\/uploads\/sites\/2\/2013\/09\/ct-ad-french.jpg\" width=\"1360\" height=\"1807\" srcset=\"https:\/\/develop.olympic.ca\/olympique\/wp-content\/uploads\/sites\/2\/2013\/09\/ct-ad-french.jpg 1429w, https:\/\/develop.olympic.ca\/olympique\/wp-content\/uploads\/sites\/2\/2013\/09\/ct-ad-french.jpg?resize=119,158 119w, https:\/\/develop.olympic.ca\/olympique\/wp-content\/uploads\/sites\/2\/2013\/09\/ct-ad-french.jpg?resize=279,371 279w, https:\/\/develop.olympic.ca\/olympique\/wp-content\/uploads\/sites\/2\/2013\/09\/ct-ad-french.jpg?resize=768,1021 768w, https:\/\/develop.olympic.ca\/olympique\/wp-content\/uploads\/sites\/2\/2013\/09\/ct-ad-french.jpg?resize=567,754 567w, https:\/\/develop.olympic.ca\/olympique\/wp-content\/uploads\/sites\/2\/2013\/09\/ct-ad-french.jpg?resize=1156,1536 1156w\" sizes=\"(max-width: 1360px) 100vw, 1360px\" \/><\/a><\/p>\n<p><!--[if gte mso 9]&gt;--><\/p>\n<p>Normal<br \/>\n0<\/p>\n<p>false<br \/>\nfalse<br \/>\nfalse<\/p>\n<p>EN-US<br \/>\nX-NONE<br \/>\nX-NONE<\/p>\n<p class=\"MsoNormal\"><span lang=\"FR-CA\" style=\"font-family:'National Book';\">En collaboration avec le programme Bon d\u00e9part de Canadian Tire et la Fondation olympique canadienne, le magazine <i>Sportsnet<\/i> produira un magazine \u00e0 \u00e9dition limit\u00e9e, intitul\u00e9 \u00ab\u00a0Why We Play\u00a0\u00bb (Pourquoi nous jouons).<\/span><\/p>\n<p class=\"MsoNormal\"><span lang=\"FR-CA\" style=\"font-family:'National Book';\">Disponible dans les magasins Canadian Tire du 27 septembre au 29 novembre 2013. Votre don de 5\u00a0$ sera partag\u00e9 entre la Fondation Bon d\u00e9part et la Fondation olympique canadienne. <\/span><\/p>\n<p class=\"MsoNormal\" style=\"margin-bottom:.0001pt;\"><span lang=\"FR-CA\" style=\"font-family:'National Book';\">Caract\u00e9ristiques <\/span><span lang=\"FR-CA\" style=\"font-family:'National Book';\">:<\/span><\/p>\n<p class=\"MsoListParagraphCxSpFirst\" style=\"margin-bottom:.0001pt;text-indent:-18pt;line-height:normal;\"><span lang=\"FR-CA\" style=\"font-family:Symbol;\">\u00b7<span style=\"font:7pt 'Times New Roman';\">\u00a0\u00a0\u00a0\u00a0\u00a0\u00a0\u00a0\u00a0 <\/span><\/span><span lang=\"FR-CA\" style=\"font-family:'National Book';\">\u00c9dition limit\u00e9e de 100 pages du magazine <i>Sportsnet <\/i>\u00a0<\/span><\/p>\n<p class=\"MsoListParagraphCxSpLast\" style=\"margin-bottom:.0001pt;text-indent:-18pt;line-height:normal;\"><span lang=\"FR-CA\" style=\"font-family:Symbol;\">\u00b7<span style=\"font:7pt 'Times New Roman';\">\u00a0\u00a0\u00a0\u00a0\u00a0\u00a0\u00a0\u00a0 <\/span><\/span><span lang=\"FR-CA\" style=\"font-family:'National Book';\">Pr\u00e9sente 115 athl\u00e8tes\u00a0: comment le sport a chang\u00e9 leur vie<\/span><\/p>\n<p><span lang=\"FR-CA\" style=\"font-size:11pt;line-height:115%;font-family:'National Book';\">Comprend Jonathan Toews, Gordie Howe, Justin Morneau, Sugar Ray Leonard, Hayley Wickenheiser, Joey Votto, Christine Sinclair et plusieurs autres! <\/span><\/p>\n<p><!--[if gte mso 9]&gt;--><\/p>\n<p><!--[if gte mso 10]&gt;--><\/p>\n<p>\/* Style Definitions *\/<br \/>\ntable.MsoNormalTable<br \/>\n{mso-style-name:\u00a0\u00bbTable Normal\u00a0\u00bb;<br \/>\nmso-tstyle-rowband-size:0;<br \/>\nmso-tstyle-colband-size:0;<br \/>\nmso-style-noshow:yes;<br \/>\nmso-style-priority:99;<br \/>\nmso-style-parent:\u00a0\u00bb\u00a0\u00bb;<br \/>\nmso-padding-alt:0cm 5.4pt 0cm 5.4pt;<br \/>\nmso-para-margin:0cm;<br \/>\nmso-para-margin-bottom:.0001pt;<br \/>\nmso-pagination:widow-orphan;<br \/>\nfont-size:11.0pt;<br \/>\nfont-family:\u00a0\u00bbCalibri\u00a0\u00bb,\u00a0\u00bbsans-serif\u00a0\u00bb;<br \/>\nmso-ansi-language:EN-US;<br \/>\nmso-fareast-language:EN-US;}<\/p>\n","protected":false},"excerpt":{"rendered":"<p>Bon d\u00e9part de Canadian Tire En collaboration avec le programme Bon d\u00e9part de Canadian Tire et la Fondation olympique canadienne,&#8230;<\/p>\n","protected":false},"author":52435436,"featured_media":0,"parent":85145,"menu_order":0,"comment_status":"open","ping_status":"open","template":"template-foundation.php","meta":{"_edit_lock":["1379693695:52435436"],"_edit_last":["52435436"],"_wp_page_template":["template-foundation.php"],"_publicize_pending":["1"],"seo_translation_link":["http:\/\/wp.me\/P3DwEw-mvQ"],"_elasticsearch_indexed_on":["2013-09-20 04:09:13"],"_is_empty_after_transformation":["yes"]},"coauthors":[187838302],"class_list":["post-85144","page","type-page","status-publish","format-standard","hentry"],"acf":[],"yoast_head":"<!-- This site is optimized with the Yoast SEO plugin v27.3 - https:\/\/yoast.com\/product\/yoast-seo-wordpress\/ -->\n<title>Organismes de soutien - \u00c9quipe Canada | Site officiel de l&#039;\u00e9quipe olympique<\/title>\n<meta name=\"robots\" content=\"index, follow, max-snippet:-1, max-image-preview:large, max-video-preview:-1\" \/>\n<link rel=\"canonical\" href=\"https:\/\/develop.olympic.ca\/olympique\/fondation\/nos-supporteurs\/organismes-de-soutien\/\" \/>\n<meta property=\"og:locale\" content=\"fr_FR\" \/>\n<meta property=\"og:type\" content=\"article\" \/>\n<meta property=\"og:title\" content=\"Organismes de soutien - \u00c9quipe Canada | Site officiel de l&#039;\u00e9quipe olympique\" \/>\n<meta property=\"og:description\" content=\"Bon d\u00e9part de Canadian Tire En collaboration avec le programme Bon d\u00e9part de Canadian Tire et la Fondation olympique canadienne,...\" \/>\n<meta property=\"og:url\" content=\"https:\/\/develop.olympic.ca\/olympique\/fondation\/nos-supporteurs\/organismes-de-soutien\/\" \/>\n<meta property=\"og:site_name\" content=\"\u00c9quipe Canada | Site officiel de l&#039;\u00e9quipe olympique\" \/>\n<meta property=\"og:image\" content=\"http:\/\/develop.olympic.ca\/wp-content\/uploads\/sites\/2\/2013\/09\/ct-ad-french.jpg\" \/>\n<meta name=\"twitter:card\" content=\"summary_large_image\" \/>\n<meta name=\"twitter:label1\" content=\"Est. reading time\" \/>\n\t<meta name=\"twitter:data1\" content=\"1 minute\" \/>\n\t<meta name=\"twitter:label2\" content=\"Written by\" \/>\n\t<meta name=\"twitter:data2\" content=\"Mark Nadolny\" \/>\n<script type=\"application\/ld+json\" class=\"yoast-schema-graph\">{\"@context\":\"https:\\\/\\\/schema.org\",\"@graph\":[{\"@type\":\"WebPage\",\"@id\":\"https:\\\/\\\/develop.olympic.ca\\\/olympique\\\/fondation\\\/nos-supporteurs\\\/organismes-de-soutien\\\/\",\"url\":\"https:\\\/\\\/develop.olympic.ca\\\/olympique\\\/fondation\\\/nos-supporteurs\\\/organismes-de-soutien\\\/\",\"name\":\"Organismes de soutien - \u00c9quipe Canada | Site officiel de l&#039;\u00e9quipe olympique\",\"isPartOf\":{\"@id\":\"https:\\\/\\\/develop.olympic.ca\\\/olympique\\\/#website\"},\"primaryImageOfPage\":{\"@id\":\"https:\\\/\\\/develop.olympic.ca\\\/olympique\\\/fondation\\\/nos-supporteurs\\\/organismes-de-soutien\\\/#primaryimage\"},\"image\":{\"@id\":\"https:\\\/\\\/develop.olympic.ca\\\/olympique\\\/fondation\\\/nos-supporteurs\\\/organismes-de-soutien\\\/#primaryimage\"},\"thumbnailUrl\":\"http:\\\/\\\/develop.olympic.ca\\\/wp-content\\\/uploads\\\/sites\\\/2\\\/2013\\\/09\\\/ct-ad-french.jpg\",\"datePublished\":\"2013-09-20T16:08:51+00:00\",\"breadcrumb\":{\"@id\":\"https:\\\/\\\/develop.olympic.ca\\\/olympique\\\/fondation\\\/nos-supporteurs\\\/organismes-de-soutien\\\/#breadcrumb\"},\"inLanguage\":\"fr-FR\",\"potentialAction\":[{\"@type\":\"ReadAction\",\"target\":[\"https:\\\/\\\/develop.olympic.ca\\\/olympique\\\/fondation\\\/nos-supporteurs\\\/organismes-de-soutien\\\/\"]}]},{\"@type\":\"ImageObject\",\"inLanguage\":\"fr-FR\",\"@id\":\"https:\\\/\\\/develop.olympic.ca\\\/olympique\\\/fondation\\\/nos-supporteurs\\\/organismes-de-soutien\\\/#primaryimage\",\"url\":\"http:\\\/\\\/develop.olympic.ca\\\/wp-content\\\/uploads\\\/sites\\\/2\\\/2013\\\/09\\\/ct-ad-french.jpg\",\"contentUrl\":\"http:\\\/\\\/develop.olympic.ca\\\/wp-content\\\/uploads\\\/sites\\\/2\\\/2013\\\/09\\\/ct-ad-french.jpg\"},{\"@type\":\"BreadcrumbList\",\"@id\":\"https:\\\/\\\/develop.olympic.ca\\\/olympique\\\/fondation\\\/nos-supporteurs\\\/organismes-de-soutien\\\/#breadcrumb\",\"itemListElement\":[{\"@type\":\"ListItem\",\"position\":1,\"name\":\"Soyez le moteur de leur potentiel\",\"item\":\"https:\\\/\\\/develop.olympic.ca\\\/olympique\\\/fondation\\\/\"},{\"@type\":\"ListItem\",\"position\":2,\"name\":\"Nos supporteurs\",\"item\":\"https:\\\/\\\/develop.olympic.ca\\\/olympique\\\/fondation\\\/nos-supporteurs\\\/\"},{\"@type\":\"ListItem\",\"position\":3,\"name\":\"Organismes de soutien\"}]},{\"@type\":\"WebSite\",\"@id\":\"https:\\\/\\\/develop.olympic.ca\\\/olympique\\\/#website\",\"url\":\"https:\\\/\\\/develop.olympic.ca\\\/olympique\\\/\",\"name\":\"\u00c9quipe Canada | Site officiel de l&#039;\u00e9quipe olympique\",\"description\":\"Votre source pour l\u2019\u00c9quipe olympique canadienne. Retrouvez les r\u00e9cits, vid\u00e9os et photos des athl\u00e8tes canadiens, sports olympiques, Jeux olympiques de 2020 et bien plus!\",\"potentialAction\":[{\"@type\":\"SearchAction\",\"target\":{\"@type\":\"EntryPoint\",\"urlTemplate\":\"https:\\\/\\\/develop.olympic.ca\\\/olympique\\\/?s={search_term_string}\"},\"query-input\":{\"@type\":\"PropertyValueSpecification\",\"valueRequired\":true,\"valueName\":\"search_term_string\"}}],\"inLanguage\":\"fr-FR\"}]}<\/script>\n<!-- \/ Yoast SEO plugin. -->","yoast_head_json":{"title":"Organismes de soutien - \u00c9quipe Canada | Site officiel de l&#039;\u00e9quipe olympique","robots":{"index":"index","follow":"follow","max-snippet":"max-snippet:-1","max-image-preview":"max-image-preview:large","max-video-preview":"max-video-preview:-1"},"canonical":"https:\/\/develop.olympic.ca\/olympique\/fondation\/nos-supporteurs\/organismes-de-soutien\/","og_locale":"fr_FR","og_type":"article","og_title":"Organismes de soutien - \u00c9quipe Canada | Site officiel de l&#039;\u00e9quipe olympique","og_description":"Bon d\u00e9part de Canadian Tire En collaboration avec le programme Bon d\u00e9part de Canadian Tire et la Fondation olympique canadienne,...","og_url":"https:\/\/develop.olympic.ca\/olympique\/fondation\/nos-supporteurs\/organismes-de-soutien\/","og_site_name":"\u00c9quipe Canada | Site officiel de l&#039;\u00e9quipe olympique","og_image":[{"url":"http:\/\/develop.olympic.ca\/wp-content\/uploads\/sites\/2\/2013\/09\/ct-ad-french.jpg","type":"","width":"","height":""}],"twitter_card":"summary_large_image","twitter_misc":{"Est. reading time":"1 minute","Written by":"Mark Nadolny"},"schema":{"@context":"https:\/\/schema.org","@graph":[{"@type":"WebPage","@id":"https:\/\/develop.olympic.ca\/olympique\/fondation\/nos-supporteurs\/organismes-de-soutien\/","url":"https:\/\/develop.olympic.ca\/olympique\/fondation\/nos-supporteurs\/organismes-de-soutien\/","name":"Organismes de soutien - \u00c9quipe Canada | Site officiel de l&#039;\u00e9quipe olympique","isPartOf":{"@id":"https:\/\/develop.olympic.ca\/olympique\/#website"},"primaryImageOfPage":{"@id":"https:\/\/develop.olympic.ca\/olympique\/fondation\/nos-supporteurs\/organismes-de-soutien\/#primaryimage"},"image":{"@id":"https:\/\/develop.olympic.ca\/olympique\/fondation\/nos-supporteurs\/organismes-de-soutien\/#primaryimage"},"thumbnailUrl":"http:\/\/develop.olympic.ca\/wp-content\/uploads\/sites\/2\/2013\/09\/ct-ad-french.jpg","datePublished":"2013-09-20T16:08:51+00:00","breadcrumb":{"@id":"https:\/\/develop.olympic.ca\/olympique\/fondation\/nos-supporteurs\/organismes-de-soutien\/#breadcrumb"},"inLanguage":"fr-FR","potentialAction":[{"@type":"ReadAction","target":["https:\/\/develop.olympic.ca\/olympique\/fondation\/nos-supporteurs\/organismes-de-soutien\/"]}]},{"@type":"ImageObject","inLanguage":"fr-FR","@id":"https:\/\/develop.olympic.ca\/olympique\/fondation\/nos-supporteurs\/organismes-de-soutien\/#primaryimage","url":"http:\/\/develop.olympic.ca\/wp-content\/uploads\/sites\/2\/2013\/09\/ct-ad-french.jpg","contentUrl":"http:\/\/develop.olympic.ca\/wp-content\/uploads\/sites\/2\/2013\/09\/ct-ad-french.jpg"},{"@type":"BreadcrumbList","@id":"https:\/\/develop.olympic.ca\/olympique\/fondation\/nos-supporteurs\/organismes-de-soutien\/#breadcrumb","itemListElement":[{"@type":"ListItem","position":1,"name":"Soyez le moteur de leur potentiel","item":"https:\/\/develop.olympic.ca\/olympique\/fondation\/"},{"@type":"ListItem","position":2,"name":"Nos supporteurs","item":"https:\/\/develop.olympic.ca\/olympique\/fondation\/nos-supporteurs\/"},{"@type":"ListItem","position":3,"name":"Organismes de soutien"}]},{"@type":"WebSite","@id":"https:\/\/develop.olympic.ca\/olympique\/#website","url":"https:\/\/develop.olympic.ca\/olympique\/","name":"\u00c9quipe Canada | Site officiel de l&#039;\u00e9quipe olympique","description":"Votre source pour l\u2019\u00c9quipe olympique canadienne. Retrouvez les r\u00e9cits, vid\u00e9os et photos des athl\u00e8tes canadiens, sports olympiques, Jeux olympiques de 2020 et bien plus!","potentialAction":[{"@type":"SearchAction","target":{"@type":"EntryPoint","urlTemplate":"https:\/\/develop.olympic.ca\/olympique\/?s={search_term_string}"},"query-input":{"@type":"PropertyValueSpecification","valueRequired":true,"valueName":"search_term_string"}}],"inLanguage":"fr-FR"}]}},"jetpack_sharing_enabled":true,"jetpack-related-posts":[],"jetpack_shortlink":"https:\/\/wp.me\/PbmyEP-m9i","_links":{"self":[{"href":"https:\/\/develop.olympic.ca\/olympique\/wp-json\/wp\/v2\/pages\/85144","targetHints":{"allow":["GET"]}}],"collection":[{"href":"https:\/\/develop.olympic.ca\/olympique\/wp-json\/wp\/v2\/pages"}],"about":[{"href":"https:\/\/develop.olympic.ca\/olympique\/wp-json\/wp\/v2\/types\/page"}],"author":[{"embeddable":true,"href":"https:\/\/develop.olympic.ca\/olympique\/wp-json\/wp\/v2\/users\/52435436"}],"replies":[{"embeddable":true,"href":"https:\/\/develop.olympic.ca\/olympique\/wp-json\/wp\/v2\/comments?post=85144"}],"version-history":[{"count":4,"href":"https:\/\/develop.olympic.ca\/olympique\/wp-json\/wp\/v2\/pages\/85144\/revisions"}],"predecessor-version":[{"id":85284,"href":"https:\/\/develop.olympic.ca\/olympique\/wp-json\/wp\/v2\/pages\/85144\/revisions\/85284"}],"up":[{"embeddable":true,"href":"https:\/\/develop.olympic.ca\/olympique\/wp-json\/wp\/v2\/pages\/85145"}],"wp:attachment":[{"href":"https:\/\/develop.olympic.ca\/olympique\/wp-json\/wp\/v2\/media?parent=85144"}],"wp:term":[{"taxonomy":"author","embeddable":true,"href":"https:\/\/develop.olympic.ca\/olympique\/wp-json\/wp\/v2\/coauthors?post=85144"}],"curies":[{"name":"wp","href":"https:\/\/api.w.org\/{rel}","templated":true}]}}