{"id":85924,"date":"2013-09-30T09:33:20","date_gmt":"2013-09-30T13:33:20","guid":{"rendered":"http:\/\/develop.olympic.ca\/olympique\/?page_id=85924"},"modified":"2017-10-24T16:18:58","modified_gmt":"2017-10-24T20:18:58","slug":"a-propos-le-programme-scolaire-olympique-canadien","status":"publish","type":"page","link":"https:\/\/develop.olympic.ca\/olympique\/education\/a-propos-le-programme-scolaire-olympique-canadien\/","title":{"rendered":"\u00c0 propos du Programme scolaire olympique canadien"},"content":{"rendered":"<p><span class=\"embed-youtube\" style=\"text-align:center; display: block;\"><iframe loading=\"lazy\" class=\"youtube-player\" width=\"1360\" height=\"765\" src=\"https:\/\/www.youtube.com\/embed\/72QYoHVlrFQ?version=3&#038;rel=1&#038;showsearch=0&#038;showinfo=1&#038;iv_load_policy=1&#038;fs=1&#038;hl=fr-FR&#038;autohide=2&#038;wmode=transparent\" allowfullscreen=\"true\" style=\"border:0;\" sandbox=\"allow-scripts allow-same-origin allow-popups allow-presentation allow-popups-to-escape-sandbox\"><\/iframe><\/span><\/p>\n<h1>Le Programme scolaire olympique canadien (PSOC) vise \u00e0 amener l\u2019enthousiasme du Mouvement olympique dans les salles de classe et dans toute l\u2019\u00e9cole. Les ressources ont \u00e9t\u00e9 con\u00e7ues dans le but de faire na\u00eetre des discussions autour des valeurs olympiques et de raconter des histoires qui inspirent et encouragent les \u00e9l\u00e8ves \u00e0 travailler ensemble en vue de trouver des solutions cr\u00e9atrices aux d\u00e9fis sugg\u00e9r\u00e9s et aux enjeux actuels. R\u00e9dig\u00e9es par des enseignants pour les enseignants, les ressources sont pertinentes sur le plan p\u00e9dagogique, faciles \u00e0 utiliser en classe et adaptables. Ceux qui ont d\u00e9velopp\u00e9 le programme croient que :<\/h1>\n<ol>\n<li><em>L\u2019apprentissage est actif et non passif.<\/em> L\u2019apprenant doit interagir avec le contenu pour qu\u2019il soit significatif. C\u2019est l\u2019une des raisons principales pour lesquelles nous offrons notre curriculum dans plusiers niveaux de lecture.<\/li>\n<li><em>Les \u00e9l\u00e8ves apprennent de diff\u00e9rentes mani\u00e8res.<\/em> Certaines personnes apprennent mieux en lisant; d\u2019autres en \u00e9coutant et d\u2019autres en pratiquant.<\/li>\n<li><em>L\u2019apprentissage appliqu\u00e9 suscite l\u2019int\u00e9r\u00eat de l\u2019apprenant du secondaire.<\/em> Il est plus judicieux de donner aux \u00e9l\u00e8ves un r\u00f4le \u00e0 jouer lorsqu\u2019on leur pr\u00e9sente un d\u00e9fi \u00e0 r\u00e9soudre que de leur donner des questions \u00e0 r\u00e9pondre.<\/li>\n<li><em>L\u2019apprentissage peut \u00eatre une activit\u00e9 individuelle ou coop\u00e9rative.<\/em> Les jeunes ont besoin de travailler ensemble et de mani\u00e8re ind\u00e9pendante. Ils doivent \u00e9galement mettre en pratique des comportements coop\u00e9ratifs afin d\u2019apprendre les comportements respectueux.<\/li>\n<li><em>Un apprentissage r\u00e9ussi se produit au fil du temps.<\/em> Il se produit au moyen d\u2019une s\u00e9rie d\u2019\u00e9tapes \u00e9chelonn\u00e9es qui permettent aux \u00e9l\u00e8ves de commencer par comprendre, puis de traiter activement ou de pratiquer la nouvelle information, et \u00e0 la fin, de transformer ce qu\u2019ils ont appris en une d\u00e9monstration convaincante des connaissances acquises.<\/li>\n<\/ol>\n<p>Le Programme scolaire olympique canadien (PSOC) a vu le jour en 1987. Il offre aux enseignants et aux \u00e9l\u00e8ves de partout au Canada des ressources sur le th\u00e8me des Jeux olympiques \u00e0 utiliser en salle de classe et \u00e0 l\u2019\u00e9cole.<b><br \/>\n<\/b><\/p>\n<p><b>Objectifs principaux du programme\u00a0:<\/b><\/p>\n<ul>\n<li>Promouvoir les valeurs olympiques et inspirer la mise en pratique de ces valeurs dans la vie des enseignants et des \u00e9l\u00e8ves canadiens sur une base quotidienne<\/li>\n<li>Accro\u00eetre la sensibilit\u00e9 \u00e0 l\u2019\u00e9gard de l\u2019\u00c9quipe olympique canadienne chez les enseignants et les \u00e9l\u00e8ves de toute la nation (en partageant le r\u00e9cit du cheminement des olympiens canadiens)<\/li>\n<li>Faire participer les Canadiens au Mouvement olympique<\/li>\n<\/ul>\n<p><b>Objectifs secondaires\u00a0:<\/b><\/p>\n<ul>\n<li>Promouvoir une vie saine et active \u00e0 tous les niveaux<\/li>\n<li>Mettre les \u00e9l\u00e8ves au d\u00e9fi d\u2019adopter et de maintenir de saines habitudes de vie par des comportements sains comme\u00a0: la r\u00e9duction du temps pass\u00e9 devant les \u00e9crans \u00e0 moins de deux heures par jour; la consommation de 5 \u00e0 8 portions de fruits et de l\u00e9gumes par jour; l\u2019activit\u00e9 physique quotidienne et la focalisation sur des pens\u00e9es positives, ce qui m\u00e8ne \u00e0 la confiance en soi.<\/li>\n<\/ul>\n<p>Vos \u00e9l\u00e8ves seront enthousiastes lorsqu\u2019ils apprendront davantage au sujet des Jeux olympiques et qu\u2019ils adopteront les valeurs olympiques.<\/p>\n<p>&nbsp;<\/p>\n","protected":false},"excerpt":{"rendered":"<p>Le Programme scolaire olympique canadien (PSOC) vise \u00e0 amener l\u2019enthousiasme du Mouvement olympique dans les salles de classe et dans&#8230;<\/p>\n","protected":false},"author":52435436,"featured_media":0,"parent":84889,"menu_order":0,"comment_status":"open","ping_status":"closed","template":"","meta":{"_edit_lock":["1720530808:185434599"],"_edit_last":["111840893"],"_wp_page_template":["default"],"_publicize_pending":["1"],"seo_translation_link":["http:\/\/wp.me\/P3DwEw-mwX"],"_akismet_post_spam":["0"],"_elasticsearch_indexed_on":["2013-09-30 13:33:20"],"_x_multifield_seo_accordion":["a:1:{i:0;a:2:{s:19:\"seo_accordion_title\";s:0:\"\";s:25:\"seo_accordion_description\";s:0:\"\";}}"],"geo_public":["0"],"coc_campaign_options":["a:4:{s:16:\"coc_campaign_tag\";s:0:\"\";s:15:\"coc_campaign_bg\";N;s:25:\"coc_campaign_bg_downloads\";a:0:{}s:20:\"coc_campaign_posters\";a:0:{}}"],"coc_team_options":["a:1:{s:15:\"coc_game_select\";i:130517;}"],"coc_oc_landing_options":["a:2:{s:17:\"coc_oc_landing_bg\";N;s:22:\"coc_oc_landing_stories\";a:0:{}}"],"coc_edit_profile_options":["a:1:{s:20:\"coc_favourite_sports\";a:0:{}}"],"coc_oc_reward_options":["a:9:{s:16:\"coc_oc_reward_id\";s:0:\"\";s:20:\"coc_oc_reward_points\";s:0:\"\";s:19:\"coc_oc_reward_rules\";N;s:31:\"coc_oc_digital_download_desktop\";N;s:30:\"coc_oc_digital_download_mobile\";N;s:32:\"coc_oc_digital_download_facebook\";N;s:29:\"coc_oc_reward_success_message\";s:0:\"\";s:23:\"coc_oc_facebook_content\";s:0:\"\";s:22:\"coc_oc_twitter_content\";s:0:\"\";}"],"coc_press_options":["a:2:{s:28:\"coc_press_additional_content\";s:0:\"\";s:27:\"coc_press_resource_category\";a:0:{}}"],"_is_empty_after_transformation":["yes"],"_oembed_8d802029f57e813aa36dfe370449dc45":["<iframe title=\"Programme scolaire olympique canadien\" width=\"1360\" height=\"765\" src=\"https:\/\/www.youtube.com\/embed\/72QYoHVlrFQ?feature=oembed\" frameborder=\"0\" allow=\"accelerometer; autoplay; clipboard-write; encrypted-media; gyroscope; picture-in-picture; web-share\" referrerpolicy=\"strict-origin-when-cross-origin\" allowfullscreen><\/iframe>"],"_oembed_time_8d802029f57e813aa36dfe370449dc45":["1720530948"],"_oembed_9b201140865a7ea3b148be98fe7b3217":["<iframe title=\"Programme scolaire olympique canadien\" width=\"500\" height=\"281\" src=\"https:\/\/www.youtube.com\/embed\/72QYoHVlrFQ?feature=oembed\" frameborder=\"0\" allow=\"accelerometer; autoplay; clipboard-write; encrypted-media; gyroscope; picture-in-picture; web-share\" allowfullscreen><\/iframe>"],"_oembed_time_9b201140865a7ea3b148be98fe7b3217":["1708368326"],"_last_editor_used_jetpack":["block-editor"],"_oembed_86320b5de128f6d68651763765890198":["<iframe title=\"Programme scolaire olympique canadien\" width=\"905\" height=\"509\" src=\"https:\/\/www.youtube.com\/embed\/72QYoHVlrFQ?feature=oembed\" frameborder=\"0\" allow=\"accelerometer; autoplay; clipboard-write; encrypted-media; gyroscope; picture-in-picture; web-share\" referrerpolicy=\"strict-origin-when-cross-origin\" allowfullscreen><\/iframe>"],"_oembed_time_86320b5de128f6d68651763765890198":["1720530950"]},"coauthors":[209008581],"class_list":["post-85924","page","type-page","status-publish","format-video","hentry"],"acf":[],"yoast_head":"<!-- This site is optimized with the Yoast SEO plugin v27.3 - https:\/\/yoast.com\/product\/yoast-seo-wordpress\/ -->\n<title>\u00c0 propos du Programme scolaire olympique canadien - \u00c9quipe Canada | Site officiel de l&#039;\u00e9quipe olympique<\/title>\n<meta name=\"robots\" content=\"index, follow, max-snippet:-1, max-image-preview:large, max-video-preview:-1\" \/>\n<link rel=\"canonical\" href=\"https:\/\/develop.olympic.ca\/olympique\/education\/a-propos-le-programme-scolaire-olympique-canadien\/\" \/>\n<meta property=\"og:locale\" content=\"fr_FR\" \/>\n<meta property=\"og:type\" content=\"article\" \/>\n<meta property=\"og:title\" content=\"\u00c0 propos du Programme scolaire olympique canadien - \u00c9quipe Canada | Site officiel de l&#039;\u00e9quipe olympique\" \/>\n<meta property=\"og:description\" content=\"Le Programme scolaire olympique canadien (PSOC) vise \u00e0 amener l\u2019enthousiasme du Mouvement olympique dans les salles de classe et dans...\" \/>\n<meta property=\"og:url\" content=\"https:\/\/develop.olympic.ca\/olympique\/education\/a-propos-le-programme-scolaire-olympique-canadien\/\" \/>\n<meta property=\"og:site_name\" content=\"\u00c9quipe Canada | Site officiel de l&#039;\u00e9quipe olympique\" \/>\n<meta property=\"article:modified_time\" content=\"2017-10-24T20:18:58+00:00\" \/>\n<meta name=\"twitter:card\" content=\"summary_large_image\" \/>\n<meta name=\"twitter:label1\" content=\"Est. reading time\" \/>\n\t<meta name=\"twitter:data1\" content=\"3 minutes\" \/>\n\t<meta name=\"twitter:label2\" content=\"Written by\" \/>\n\t<meta name=\"twitter:data2\" content=\"Mark Nadolny\" \/>\n<script type=\"application\/ld+json\" class=\"yoast-schema-graph\">{\"@context\":\"https:\\\/\\\/schema.org\",\"@graph\":[{\"@type\":\"WebPage\",\"@id\":\"https:\\\/\\\/develop.olympic.ca\\\/olympique\\\/education\\\/a-propos-le-programme-scolaire-olympique-canadien\\\/\",\"url\":\"https:\\\/\\\/develop.olympic.ca\\\/olympique\\\/education\\\/a-propos-le-programme-scolaire-olympique-canadien\\\/\",\"name\":\"\u00c0 propos du Programme scolaire olympique canadien - \u00c9quipe Canada | Site officiel de l&#039;\u00e9quipe olympique\",\"isPartOf\":{\"@id\":\"https:\\\/\\\/develop.olympic.ca\\\/olympique\\\/#website\"},\"datePublished\":\"2013-09-30T13:33:20+00:00\",\"dateModified\":\"2017-10-24T20:18:58+00:00\",\"breadcrumb\":{\"@id\":\"https:\\\/\\\/develop.olympic.ca\\\/olympique\\\/education\\\/a-propos-le-programme-scolaire-olympique-canadien\\\/#breadcrumb\"},\"inLanguage\":\"fr-FR\",\"potentialAction\":[{\"@type\":\"ReadAction\",\"target\":[\"https:\\\/\\\/develop.olympic.ca\\\/olympique\\\/education\\\/a-propos-le-programme-scolaire-olympique-canadien\\\/\"]}]},{\"@type\":\"BreadcrumbList\",\"@id\":\"https:\\\/\\\/develop.olympic.ca\\\/olympique\\\/education\\\/a-propos-le-programme-scolaire-olympique-canadien\\\/#breadcrumb\",\"itemListElement\":[{\"@type\":\"ListItem\",\"position\":1,\"name\":\"\u00c0 propos de l\u2019\u00e9ducation olympique\",\"item\":\"https:\\\/\\\/develop.olympic.ca\\\/olympique\\\/education\\\/\"},{\"@type\":\"ListItem\",\"position\":2,\"name\":\"\u00c0 propos du Programme scolaire olympique canadien\"}]},{\"@type\":\"WebSite\",\"@id\":\"https:\\\/\\\/develop.olympic.ca\\\/olympique\\\/#website\",\"url\":\"https:\\\/\\\/develop.olympic.ca\\\/olympique\\\/\",\"name\":\"\u00c9quipe Canada | Site officiel de l&#039;\u00e9quipe olympique\",\"description\":\"Votre source pour l\u2019\u00c9quipe olympique canadienne. Retrouvez les r\u00e9cits, vid\u00e9os et photos des athl\u00e8tes canadiens, sports olympiques, Jeux olympiques de 2020 et bien plus!\",\"potentialAction\":[{\"@type\":\"SearchAction\",\"target\":{\"@type\":\"EntryPoint\",\"urlTemplate\":\"https:\\\/\\\/develop.olympic.ca\\\/olympique\\\/?s={search_term_string}\"},\"query-input\":{\"@type\":\"PropertyValueSpecification\",\"valueRequired\":true,\"valueName\":\"search_term_string\"}}],\"inLanguage\":\"fr-FR\"}]}<\/script>\n<!-- \/ Yoast SEO plugin. -->","yoast_head_json":{"title":"\u00c0 propos du Programme scolaire olympique canadien - \u00c9quipe Canada | Site officiel de l&#039;\u00e9quipe olympique","robots":{"index":"index","follow":"follow","max-snippet":"max-snippet:-1","max-image-preview":"max-image-preview:large","max-video-preview":"max-video-preview:-1"},"canonical":"https:\/\/develop.olympic.ca\/olympique\/education\/a-propos-le-programme-scolaire-olympique-canadien\/","og_locale":"fr_FR","og_type":"article","og_title":"\u00c0 propos du Programme scolaire olympique canadien - \u00c9quipe Canada | Site officiel de l&#039;\u00e9quipe olympique","og_description":"Le Programme scolaire olympique canadien (PSOC) vise \u00e0 amener l\u2019enthousiasme du Mouvement olympique dans les salles de classe et dans...","og_url":"https:\/\/develop.olympic.ca\/olympique\/education\/a-propos-le-programme-scolaire-olympique-canadien\/","og_site_name":"\u00c9quipe Canada | Site officiel de l&#039;\u00e9quipe olympique","article_modified_time":"2017-10-24T20:18:58+00:00","twitter_card":"summary_large_image","twitter_misc":{"Est. reading time":"3 minutes","Written by":"Mark Nadolny"},"schema":{"@context":"https:\/\/schema.org","@graph":[{"@type":"WebPage","@id":"https:\/\/develop.olympic.ca\/olympique\/education\/a-propos-le-programme-scolaire-olympique-canadien\/","url":"https:\/\/develop.olympic.ca\/olympique\/education\/a-propos-le-programme-scolaire-olympique-canadien\/","name":"\u00c0 propos du Programme scolaire olympique canadien - \u00c9quipe Canada | Site officiel de l&#039;\u00e9quipe olympique","isPartOf":{"@id":"https:\/\/develop.olympic.ca\/olympique\/#website"},"datePublished":"2013-09-30T13:33:20+00:00","dateModified":"2017-10-24T20:18:58+00:00","breadcrumb":{"@id":"https:\/\/develop.olympic.ca\/olympique\/education\/a-propos-le-programme-scolaire-olympique-canadien\/#breadcrumb"},"inLanguage":"fr-FR","potentialAction":[{"@type":"ReadAction","target":["https:\/\/develop.olympic.ca\/olympique\/education\/a-propos-le-programme-scolaire-olympique-canadien\/"]}]},{"@type":"BreadcrumbList","@id":"https:\/\/develop.olympic.ca\/olympique\/education\/a-propos-le-programme-scolaire-olympique-canadien\/#breadcrumb","itemListElement":[{"@type":"ListItem","position":1,"name":"\u00c0 propos de l\u2019\u00e9ducation olympique","item":"https:\/\/develop.olympic.ca\/olympique\/education\/"},{"@type":"ListItem","position":2,"name":"\u00c0 propos du Programme scolaire olympique canadien"}]},{"@type":"WebSite","@id":"https:\/\/develop.olympic.ca\/olympique\/#website","url":"https:\/\/develop.olympic.ca\/olympique\/","name":"\u00c9quipe Canada | Site officiel de l&#039;\u00e9quipe olympique","description":"Votre source pour l\u2019\u00c9quipe olympique canadienne. Retrouvez les r\u00e9cits, vid\u00e9os et photos des athl\u00e8tes canadiens, sports olympiques, Jeux olympiques de 2020 et bien plus!","potentialAction":[{"@type":"SearchAction","target":{"@type":"EntryPoint","urlTemplate":"https:\/\/develop.olympic.ca\/olympique\/?s={search_term_string}"},"query-input":{"@type":"PropertyValueSpecification","valueRequired":true,"valueName":"search_term_string"}}],"inLanguage":"fr-FR"}]}},"jetpack_sharing_enabled":true,"jetpack-related-posts":[],"jetpack_shortlink":"https:\/\/wp.me\/PbmyEP-mlS","_links":{"self":[{"href":"https:\/\/develop.olympic.ca\/olympique\/wp-json\/wp\/v2\/pages\/85924","targetHints":{"allow":["GET"]}}],"collection":[{"href":"https:\/\/develop.olympic.ca\/olympique\/wp-json\/wp\/v2\/pages"}],"about":[{"href":"https:\/\/develop.olympic.ca\/olympique\/wp-json\/wp\/v2\/types\/page"}],"author":[{"embeddable":true,"href":"https:\/\/develop.olympic.ca\/olympique\/wp-json\/wp\/v2\/users\/52435436"}],"replies":[{"embeddable":true,"href":"https:\/\/develop.olympic.ca\/olympique\/wp-json\/wp\/v2\/comments?post=85924"}],"version-history":[{"count":14,"href":"https:\/\/develop.olympic.ca\/olympique\/wp-json\/wp\/v2\/pages\/85924\/revisions"}],"predecessor-version":[{"id":131467,"href":"https:\/\/develop.olympic.ca\/olympique\/wp-json\/wp\/v2\/pages\/85924\/revisions\/131467"}],"up":[{"embeddable":true,"href":"https:\/\/develop.olympic.ca\/olympique\/wp-json\/wp\/v2\/pages\/84889"}],"wp:attachment":[{"href":"https:\/\/develop.olympic.ca\/olympique\/wp-json\/wp\/v2\/media?parent=85924"}],"wp:term":[{"taxonomy":"author","embeddable":true,"href":"https:\/\/develop.olympic.ca\/olympique\/wp-json\/wp\/v2\/coauthors?post=85924"}],"curies":[{"name":"wp","href":"https:\/\/api.w.org\/{rel}","templated":true}]}}