{"id":86033,"date":"2013-10-03T09:42:07","date_gmt":"2013-10-03T13:42:07","guid":{"rendered":"http:\/\/develop.olympic.ca\/olympique\/?page_id=86033"},"modified":"2019-06-05T16:34:49","modified_gmt":"2019-06-05T20:34:49","slug":"les-gagnants","status":"publish","type":"page","link":"https:\/\/develop.olympic.ca\/olympique\/fondation\/ou-vont-les-fonds\/les-gagnants\/","title":{"rendered":"Les gagnants"},"content":{"rendered":"<h2 class=\"lead\">Nous croyons que gagner est important.<\/h2>\n<p>Les m\u00e9dailles olympiques augmentent la fiert\u00e9 et l\u2019unit\u00e9 nationale. La Fondation olympique canadienne soutient les athl\u00e8tes et les sports de haut niveau ayant le plus de potentiel d\u2019acc\u00e9der au podium lors d\u2019\u00e9v\u00e9nements mondiaux et olympiques. Nos priorit\u00e9s actuelles en mati\u00e8re de programmation comprennent\u00a0:<\/p>\n<h2>\u00c0\u00a0NOUS LE PODIUM<\/h2>\n<p>Afin d\u2019optimiser le nombre de m\u00e9dailles remport\u00e9es par le Canada, l\u2019octroi de ces fonds se fait selon les recommandations strat\u00e9giques d\u2019un organisme qui se nomme \u00c0 nous le podium (ANP).<\/p>\n<p>ANP est une initiative de collaboration novatrice sans pr\u00e9c\u00e9dent dans le sport au Canada. ANP a \u00e9t\u00e9 cr\u00e9\u00e9 dans le but de r\u00e9unir les partenaires cl\u00e9s engag\u00e9s dans l\u2019encadrement et le financement de l\u2019excellence sportive au Canada, tout en mettant l\u2019accent sur l\u2019excellence aux Jeux olympiques d\u2019\u00e9t\u00e9 et d\u2019hiver. ANP d\u00e9termine le niveau de financement de chaque sport, \u00e9tablissant un ordre prioritaire selon ceux qui ont le plus de chance de monter sur le podium. Ce financement a permis aux sports de recruter des entra\u00eeneurs et du personnel de soutien technique de classe mondiale, en plus de donner acc\u00e8s, aux meilleurs athl\u00e8tes de notre pays, \u00e0 des sp\u00e9cialistes en sciences et en m\u00e9decine du sport. Par la suite, ANP surveille et \u00e9value le progr\u00e8s des sports olympiques cibl\u00e9s au moyen de consultations et d\u2019interactions r\u00e9guli\u00e8res entre les conseillers de haute performance d\u2019ANP et les organismes nationaux de sport.<\/p>\n<h4><a href=\"http:\/\/develop.olympic.ca\/wp-content\/uploads\/sites\/2\/2013\/10\/8225929.jpg\"><img loading=\"lazy\" decoding=\"async\" class=\"aligncenter size-full wp-image-86037\" src=\"http:\/\/develop.olympic.ca\/wp-content\/uploads\/sites\/2\/2013\/10\/8225929.jpg\" alt=\"Denny Morrison Lucas Makowsky Mathieu Giroux\" width=\"1360\" height=\"703\" srcset=\"https:\/\/develop.olympic.ca\/olympique\/wp-content\/uploads\/sites\/2\/2013\/10\/8225929.jpg 5120w, https:\/\/develop.olympic.ca\/olympique\/wp-content\/uploads\/sites\/2\/2013\/10\/8225929.jpg?resize=280,145 280w, https:\/\/develop.olympic.ca\/olympique\/wp-content\/uploads\/sites\/2\/2013\/10\/8225929.jpg?resize=660,342 660w, https:\/\/develop.olympic.ca\/olympique\/wp-content\/uploads\/sites\/2\/2013\/10\/8225929.jpg?resize=768,398 768w, https:\/\/develop.olympic.ca\/olympique\/wp-content\/uploads\/sites\/2\/2013\/10\/8225929.jpg?resize=1340,694 1340w, https:\/\/develop.olympic.ca\/olympique\/wp-content\/uploads\/sites\/2\/2013\/10\/8225929.jpg?resize=1536,795 1536w, https:\/\/develop.olympic.ca\/olympique\/wp-content\/uploads\/sites\/2\/2013\/10\/8225929.jpg?resize=2048,1060 2048w\" sizes=\"(max-width: 1360px) 100vw, 1360px\" \/><\/a><\/h4>\n<h2>SCIENCE, TECHNOLOGIE ET INNOVATION<\/h2>\n<p>\u00c0 nous le podium, partenaire de la Fondation olympique canadienne, vise l\u2019excellence gr\u00e2ce \u00e0 un programme d\u2019innovation et de recherche appliqu\u00e9e en sport. L\u2019objectif de cette approche est d\u2019accro\u00eetre le nombre de m\u00e9dailles canadiennes aux Championnats du monde et aux Jeux olympiques gr\u00e2ce \u00e0 des projets con\u00e7us strat\u00e9giquement pour am\u00e9liorer la performance.<\/p>\n<h2>PR\u00c9PARATION POUR LES JEUX ET PERFORMANCE PODIUM<\/h2>\n<p>Les programmes financ\u00e9s par les programmes <i>Pr\u00e9paration des Jeux<\/i> et <i>Performance podium<\/i> fournissent un soutien essentiel \u00e0 l\u2019\u00c9quipe olympique canadienne au cours des mois pr\u00e9c\u00e9dant les Jeux et garantissent un environnement de classe mondiale qui maximisera les performances des athl\u00e8tes. Dans la p\u00e9riode pr\u00e9c\u00e9dant les Jeux, une s\u00e9rie de s\u00e9minaires et de programmes a \u00e9t\u00e9 mise en place pour informer, motiver et inspirer les athl\u00e8tes, les entra\u00eeneurs et le personnel de soutien afin de cr\u00e9er un environnement structur\u00e9 qui produira les meilleurs r\u00e9sultats aux Jeux.<\/p>\n<p>Durant les Jeux, l\u2019\u00c9quipe olympique canadienne b\u00e9n\u00e9ficie des meilleurs services de sant\u00e9 disponibles, offerts par une \u00e9quipe de sp\u00e9cialistes de la sant\u00e9, d\u2019un soutien et d\u2019\u00e9quipements technologiques de pointe et du meilleur environnement d\u2019entra\u00eenement possible afin de minimiser les pr\u00e9occupations externes et d\u2019offrir des services qui optimisent les r\u00e9sultats canadiens.<\/p>\n<p>Ces programmes sont offerts par le Comit\u00e9 olympique canadien (COC).<\/p>\n<h4><a href=\"http:\/\/develop.olympic.ca\/wp-content\/uploads\/sites\/2\/2013\/10\/8147810.jpg\"><img loading=\"lazy\" decoding=\"async\" class=\"aligncenter size-full wp-image-86038\" src=\"http:\/\/develop.olympic.ca\/wp-content\/uploads\/sites\/2\/2013\/10\/8147810.jpg\" alt=\"Jon Montgomery\" width=\"1360\" height=\"971\" srcset=\"https:\/\/develop.olympic.ca\/olympique\/wp-content\/uploads\/sites\/2\/2013\/10\/8147810.jpg 2142w, https:\/\/develop.olympic.ca\/olympique\/wp-content\/uploads\/sites\/2\/2013\/10\/8147810.jpg?resize=221,158 221w, https:\/\/develop.olympic.ca\/olympique\/wp-content\/uploads\/sites\/2\/2013\/10\/8147810.jpg?resize=519,371 519w, https:\/\/develop.olympic.ca\/olympique\/wp-content\/uploads\/sites\/2\/2013\/10\/8147810.jpg?resize=768,549 768w, https:\/\/develop.olympic.ca\/olympique\/wp-content\/uploads\/sites\/2\/2013\/10\/8147810.jpg?resize=1056,754 1056w, https:\/\/develop.olympic.ca\/olympique\/wp-content\/uploads\/sites\/2\/2013\/10\/8147810.jpg?resize=1536,1097 1536w, https:\/\/develop.olympic.ca\/olympique\/wp-content\/uploads\/sites\/2\/2013\/10\/8147810.jpg?resize=2048,1463 2048w\" sizes=\"(max-width: 1360px) 100vw, 1360px\" \/><\/a><\/h4>\n<h2>EXCELLENCE ATHL\u00c9TIQUE<\/h2>\n<p>Les programmes <i>Excellence athl\u00e9tique<\/i> du Comit\u00e9 olympique canadien offrent des incitatifs financiers aux athl\u00e8tes olympiques de toutes les disciplines pour les motiver \u00e0 monter sur le podium.<\/p>\n<p>Classement parmi les cinq premiers au monde\u00a0: une r\u00e9compense financi\u00e8re de 5000\u00a0$ est remise \u00e0 l\u2019athl\u00e8te qui se classe parmi les cinq premiers aux Championnats du monde ou aux Jeux olympiques.<\/p>\n<p>Programme pour les m\u00e9daill\u00e9s olympiques\u00a0: une r\u00e9compense mon\u00e9taire est remise \u00e0 tous les Olympiens canadiens pour chaque m\u00e9daille individuelle remport\u00e9e lors des Jeux\u00a0: 20\u00a0000\u00a0$ pour une m\u00e9daille d\u2019or, 15\u00a0000\u00a0$ pour une m\u00e9daille d\u2019argent et 10\u00a0000\u00a0$ pour une m\u00e9daille de bronze.<\/p>\n","protected":false},"excerpt":{"rendered":"<p>Nous croyons que gagner est important. Les m\u00e9dailles olympiques augmentent la fiert\u00e9 et l\u2019unit\u00e9 nationale. La Fondation olympique canadienne soutient&#8230;<\/p>\n","protected":false},"author":52435436,"featured_media":86035,"parent":85221,"menu_order":0,"comment_status":"open","ping_status":"open","template":"templates\/foundation-default-page.php","meta":{"_edit_last":["52435436"],"_edit_lock":["1559766750:52435436"],"_thumbnail_id":["86035"],"_wp_page_template":["templates\/foundation-default-page.php"],"_publicize_pending":["1"],"seo_translation_link":["http:\/\/wp.me\/P3DwEw-mTL"],"_elasticsearch_indexed_on":["2013-10-03 13:42:07"],"coc_sharing_options":["a:1:{s:18:\"coc_hide_share_bar\";b:0;}"],"coc_campaign_options":["a:4:{s:16:\"coc_campaign_tag\";s:0:\"\";s:15:\"coc_campaign_bg\";N;s:25:\"coc_campaign_bg_downloads\";a:0:{}s:20:\"coc_campaign_posters\";a:0:{}}"],"coc_team_options":["a:1:{s:15:\"coc_game_select\";i:143552;}"],"coc_oc_landing_options":["a:2:{s:17:\"coc_oc_landing_bg\";N;s:22:\"coc_oc_landing_stories\";a:0:{}}"],"coc_edit_profile_options":["a:1:{s:20:\"coc_favourite_sports\";a:0:{}}"],"coc_oc_reward_options":["a:12:{s:16:\"coc_oc_reward_id\";s:0:\"\";s:20:\"coc_oc_reward_points\";s:0:\"\";s:19:\"coc_oc_reward_rules\";N;s:31:\"coc_oc_digital_download_desktop\";N;s:30:\"coc_oc_digital_download_mobile\";N;s:32:\"coc_oc_digital_download_facebook\";N;s:29:\"coc_oc_reward_success_message\";s:0:\"\";s:23:\"coc_oc_facebook_content\";s:0:\"\";s:22:\"coc_oc_twitter_content\";s:0:\"\";s:24:\"coc_oc_social_contest_id\";s:0:\"\";s:31:\"coc_oc_reward_logged_in_message\";s:0:\"\";s:32:\"coc_oc_reward_logged_out_message\";s:0:\"\";}"],"coc_press_options":["a:2:{s:28:\"coc_press_additional_content\";s:0:\"\";s:27:\"coc_press_resource_category\";a:0:{}}"],"coc_breaking_news_options":["a:1:{s:25:\"coc_breaking_news_details\";a:0:{}}"],"coc_be_olympic_options":["a:8:{s:37:\"coc_be_olympic_exclusive_content_link\";s:0:\"\";s:27:\"coc_be_olympic_videos_title\";s:0:\"\";s:21:\"coc_be_olympic_videos\";a:0:{}s:27:\"coc_be_olympic_photos_title\";s:0:\"\";s:21:\"coc_be_olympic_photos\";a:0:{}s:24:\"coc_be_olympic_downloads\";a:0:{}s:22:\"coc_be_olympic_quizzes\";a:0:{}s:26:\"coc_be_olympic_fan_fun_ads\";a:0:{}}"],"coc_fan_fun_options":["a:3:{s:23:\"coc_fan_fun_hammer_time\";a:2:{s:29:\"coc_fan_fun_hammer_time_image\";N;s:27:\"coc_fan_fun_hammer_time_url\";s:0:\"\";}s:22:\"coc_fan_fun_torch_dash\";a:2:{s:28:\"coc_fan_fun_torch_dash_image\";N;s:26:\"coc_fan_fun_torch_dash_url\";s:0:\"\";}s:18:\"coc_fan_fun_trivia\";a:0:{}}"],"coc_interactive_game_options":["a:3:{s:28:\"coc_interactive_game_message\";s:0:\"\";s:24:\"coc_interactive_game_url\";s:0:\"\";s:27:\"coc_interactive_game_iframe\";b:0;}"],"coc_olympic_club_options":["a:1:{s:12:\"redirect_url\";s:0:\"\";}"],"coc_favorites_options":["a:3:{s:13:\"content_types\";a:0:{}s:7:\"seasons\";a:0:{}s:4:\"gear\";a:0:{}}"],"coc_og_tags":["a:3:{s:8:\"og_title\";s:0:\"\";s:14:\"og_description\";s:0:\"\";s:8:\"og_image\";N;}"],"coc_education_options":["A"],"coc_page_options":["a:2:{s:14:\"show_crazy_egg\";b:0;s:30:\"coc_partner_takeover_ads_story\";a:5:{s:20:\"coc_ad_story_desktop\";N;s:26:\"coc_ad_story_desktop_label\";s:0:\"\";s:19:\"coc_ad_story_mobile\";N;s:25:\"coc_ad_story_mobile_label\";s:0:\"\";s:16:\"coc_ad_story_url\";s:0:\"\";}}"],"coc_donor_video_options":["a:1:{s:21:\"donor_featured_videos\";a:0:{}}"],"coc_about_video_options":["a:1:{s:11:\"about_video\";a:3:{s:21:\"coc_about_video_title\";s:0:\"\";s:20:\"coc_about_video_text\";s:0:\"\";s:21:\"coc_about_youtube_url\";s:0:\"\";}}"],"coc_about_image_options":["a:1:{s:11:\"about_image\";a:3:{s:21:\"coc_about_image_title\";s:0:\"\";s:20:\"coc_about_image_text\";s:0:\"\";s:19:\"coc_about_image_url\";N;}}"],"coc_about_reporting_options":["a:1:{s:23:\"about_reporting_options\";a:0:{}}"],"coc_about_audit_options":["a:1:{s:19:\"about_audit_options\";a:0:{}}"],"coc_giving_options":["a:1:{s:14:\"giving_options\";a:0:{}}"],"coc_homepage_video_options":["a:1:{s:13:\"video_options\";a:1:{s:18:\"coc_homepage_video\";s:0:\"\";}}"],"coc_homepage_priorities":["a:1:{s:16:\"priority_options\";a:0:{}}"],"coc_homepage_campaign_options":["a:1:{s:16:\"campaign_options\";a:3:{s:24:\"coc_campaign_video_title\";s:0:\"\";s:23:\"coc_campaign_video_text\";s:0:\"\";s:24:\"coc_campaign_youtube_url\";s:0:\"\";}}"],"geo_public":["0"],"_x_multifield_seo_accordion":["a:1:{i:0;a:2:{s:19:\"seo_accordion_title\";s:0:\"\";s:25:\"seo_accordion_description\";s:0:\"\";}}"],"_is_empty_after_transformation":["yes"]},"coauthors":[209008581],"class_list":["post-86033","page","type-page","status-publish","format-standard","has-post-thumbnail","hentry"],"acf":[],"yoast_head":"<!-- This site is optimized with the Yoast SEO plugin v27.5 - https:\/\/yoast.com\/product\/yoast-seo-wordpress\/ -->\n<title>Les gagnants - \u00c9quipe Canada | Site officiel de l&#039;\u00e9quipe olympique<\/title>\n<meta name=\"robots\" content=\"index, follow, max-snippet:-1, max-image-preview:large, max-video-preview:-1\" \/>\n<link rel=\"canonical\" href=\"https:\/\/develop.olympic.ca\/olympique\/fondation\/ou-vont-les-fonds\/les-gagnants\/\" \/>\n<meta property=\"og:locale\" content=\"fr_FR\" \/>\n<meta property=\"og:type\" content=\"article\" \/>\n<meta property=\"og:title\" content=\"Les gagnants - \u00c9quipe Canada | Site officiel de l&#039;\u00e9quipe olympique\" \/>\n<meta property=\"og:description\" content=\"Nous croyons que gagner est important. Les m\u00e9dailles olympiques augmentent la fiert\u00e9 et l\u2019unit\u00e9 nationale. La Fondation olympique canadienne soutient...\" \/>\n<meta property=\"og:url\" content=\"https:\/\/develop.olympic.ca\/olympique\/fondation\/ou-vont-les-fonds\/les-gagnants\/\" \/>\n<meta property=\"og:site_name\" content=\"\u00c9quipe Canada | Site officiel de l&#039;\u00e9quipe olympique\" \/>\n<meta property=\"article:modified_time\" content=\"2019-06-05T20:34:49+00:00\" \/>\n<meta property=\"og:image\" content=\"https:\/\/develop.olympic.ca\/olympique\/wp-content\/uploads\/sites\/2\/2013\/10\/8250951_r.png?resize=1340,754\" \/>\n\t<meta property=\"og:image:width\" content=\"1340\" \/>\n\t<meta property=\"og:image:height\" content=\"754\" \/>\n\t<meta property=\"og:image:type\" content=\"image\/png\" \/>\n<meta name=\"twitter:card\" content=\"summary_large_image\" \/>\n<meta name=\"twitter:label1\" content=\"Est. reading time\" \/>\n\t<meta name=\"twitter:data1\" content=\"3 minutes\" \/>\n\t<meta name=\"twitter:label2\" content=\"Written by\" \/>\n\t<meta name=\"twitter:data2\" content=\"Mark Nadolny\" \/>\n<script type=\"application\/ld+json\" class=\"yoast-schema-graph\">{\"@context\":\"https:\\\/\\\/schema.org\",\"@graph\":[{\"@type\":\"WebPage\",\"@id\":\"https:\\\/\\\/develop.olympic.ca\\\/olympique\\\/fondation\\\/ou-vont-les-fonds\\\/les-gagnants\\\/\",\"url\":\"https:\\\/\\\/develop.olympic.ca\\\/olympique\\\/fondation\\\/ou-vont-les-fonds\\\/les-gagnants\\\/\",\"name\":\"Les gagnants - \u00c9quipe Canada | Site officiel de l&#039;\u00e9quipe olympique\",\"isPartOf\":{\"@id\":\"https:\\\/\\\/develop.olympic.ca\\\/olympique\\\/#website\"},\"primaryImageOfPage\":{\"@id\":\"https:\\\/\\\/develop.olympic.ca\\\/olympique\\\/fondation\\\/ou-vont-les-fonds\\\/les-gagnants\\\/#primaryimage\"},\"image\":{\"@id\":\"https:\\\/\\\/develop.olympic.ca\\\/olympique\\\/fondation\\\/ou-vont-les-fonds\\\/les-gagnants\\\/#primaryimage\"},\"thumbnailUrl\":\"https:\\\/\\\/develop.olympic.ca\\\/olympique\\\/wp-content\\\/uploads\\\/sites\\\/2\\\/2013\\\/10\\\/8250951_r.png\",\"datePublished\":\"2013-10-03T13:42:07+00:00\",\"dateModified\":\"2019-06-05T20:34:49+00:00\",\"breadcrumb\":{\"@id\":\"https:\\\/\\\/develop.olympic.ca\\\/olympique\\\/fondation\\\/ou-vont-les-fonds\\\/les-gagnants\\\/#breadcrumb\"},\"inLanguage\":\"fr-FR\",\"potentialAction\":[{\"@type\":\"ReadAction\",\"target\":[\"https:\\\/\\\/develop.olympic.ca\\\/olympique\\\/fondation\\\/ou-vont-les-fonds\\\/les-gagnants\\\/\"]}]},{\"@type\":\"ImageObject\",\"inLanguage\":\"fr-FR\",\"@id\":\"https:\\\/\\\/develop.olympic.ca\\\/olympique\\\/fondation\\\/ou-vont-les-fonds\\\/les-gagnants\\\/#primaryimage\",\"url\":\"https:\\\/\\\/develop.olympic.ca\\\/olympique\\\/wp-content\\\/uploads\\\/sites\\\/2\\\/2013\\\/10\\\/8250951_r.png\",\"contentUrl\":\"https:\\\/\\\/develop.olympic.ca\\\/olympique\\\/wp-content\\\/uploads\\\/sites\\\/2\\\/2013\\\/10\\\/8250951_r.png\",\"width\":2000,\"height\":1125},{\"@type\":\"BreadcrumbList\",\"@id\":\"https:\\\/\\\/develop.olympic.ca\\\/olympique\\\/fondation\\\/ou-vont-les-fonds\\\/les-gagnants\\\/#breadcrumb\",\"itemListElement\":[{\"@type\":\"ListItem\",\"position\":1,\"name\":\"Soyez le moteur de leur potentiel\",\"item\":\"https:\\\/\\\/develop.olympic.ca\\\/olympique\\\/fondation\\\/\"},{\"@type\":\"ListItem\",\"position\":2,\"name\":\"O\u00f9 vont les fonds\",\"item\":\"https:\\\/\\\/develop.olympic.ca\\\/olympique\\\/fondation\\\/ou-vont-les-fonds\\\/\"},{\"@type\":\"ListItem\",\"position\":3,\"name\":\"Les gagnants\"}]},{\"@type\":\"WebSite\",\"@id\":\"https:\\\/\\\/develop.olympic.ca\\\/olympique\\\/#website\",\"url\":\"https:\\\/\\\/develop.olympic.ca\\\/olympique\\\/\",\"name\":\"\u00c9quipe Canada | Site officiel de l&#039;\u00e9quipe olympique\",\"description\":\"Votre source pour l\u2019\u00c9quipe olympique canadienne. Retrouvez les r\u00e9cits, vid\u00e9os et photos des athl\u00e8tes canadiens, sports olympiques, Jeux olympiques de 2020 et bien plus!\",\"potentialAction\":[{\"@type\":\"SearchAction\",\"target\":{\"@type\":\"EntryPoint\",\"urlTemplate\":\"https:\\\/\\\/develop.olympic.ca\\\/olympique\\\/?s={search_term_string}\"},\"query-input\":{\"@type\":\"PropertyValueSpecification\",\"valueRequired\":true,\"valueName\":\"search_term_string\"}}],\"inLanguage\":\"fr-FR\"}]}<\/script>\n<!-- \/ Yoast SEO plugin. -->","yoast_head_json":{"title":"Les gagnants - \u00c9quipe Canada | Site officiel de l&#039;\u00e9quipe olympique","robots":{"index":"index","follow":"follow","max-snippet":"max-snippet:-1","max-image-preview":"max-image-preview:large","max-video-preview":"max-video-preview:-1"},"canonical":"https:\/\/develop.olympic.ca\/olympique\/fondation\/ou-vont-les-fonds\/les-gagnants\/","og_locale":"fr_FR","og_type":"article","og_title":"Les gagnants - \u00c9quipe Canada | Site officiel de l&#039;\u00e9quipe olympique","og_description":"Nous croyons que gagner est important. Les m\u00e9dailles olympiques augmentent la fiert\u00e9 et l\u2019unit\u00e9 nationale. La Fondation olympique canadienne soutient...","og_url":"https:\/\/develop.olympic.ca\/olympique\/fondation\/ou-vont-les-fonds\/les-gagnants\/","og_site_name":"\u00c9quipe Canada | Site officiel de l&#039;\u00e9quipe olympique","article_modified_time":"2019-06-05T20:34:49+00:00","og_image":[{"width":1340,"height":754,"url":"https:\/\/develop.olympic.ca\/olympique\/wp-content\/uploads\/sites\/2\/2013\/10\/8250951_r.png?resize=1340,754","type":"image\/png"}],"twitter_card":"summary_large_image","twitter_misc":{"Est. reading time":"3 minutes","Written by":"Mark Nadolny"},"schema":{"@context":"https:\/\/schema.org","@graph":[{"@type":"WebPage","@id":"https:\/\/develop.olympic.ca\/olympique\/fondation\/ou-vont-les-fonds\/les-gagnants\/","url":"https:\/\/develop.olympic.ca\/olympique\/fondation\/ou-vont-les-fonds\/les-gagnants\/","name":"Les gagnants - \u00c9quipe Canada | Site officiel de l&#039;\u00e9quipe olympique","isPartOf":{"@id":"https:\/\/develop.olympic.ca\/olympique\/#website"},"primaryImageOfPage":{"@id":"https:\/\/develop.olympic.ca\/olympique\/fondation\/ou-vont-les-fonds\/les-gagnants\/#primaryimage"},"image":{"@id":"https:\/\/develop.olympic.ca\/olympique\/fondation\/ou-vont-les-fonds\/les-gagnants\/#primaryimage"},"thumbnailUrl":"https:\/\/develop.olympic.ca\/olympique\/wp-content\/uploads\/sites\/2\/2013\/10\/8250951_r.png","datePublished":"2013-10-03T13:42:07+00:00","dateModified":"2019-06-05T20:34:49+00:00","breadcrumb":{"@id":"https:\/\/develop.olympic.ca\/olympique\/fondation\/ou-vont-les-fonds\/les-gagnants\/#breadcrumb"},"inLanguage":"fr-FR","potentialAction":[{"@type":"ReadAction","target":["https:\/\/develop.olympic.ca\/olympique\/fondation\/ou-vont-les-fonds\/les-gagnants\/"]}]},{"@type":"ImageObject","inLanguage":"fr-FR","@id":"https:\/\/develop.olympic.ca\/olympique\/fondation\/ou-vont-les-fonds\/les-gagnants\/#primaryimage","url":"https:\/\/develop.olympic.ca\/olympique\/wp-content\/uploads\/sites\/2\/2013\/10\/8250951_r.png","contentUrl":"https:\/\/develop.olympic.ca\/olympique\/wp-content\/uploads\/sites\/2\/2013\/10\/8250951_r.png","width":2000,"height":1125},{"@type":"BreadcrumbList","@id":"https:\/\/develop.olympic.ca\/olympique\/fondation\/ou-vont-les-fonds\/les-gagnants\/#breadcrumb","itemListElement":[{"@type":"ListItem","position":1,"name":"Soyez le moteur de leur potentiel","item":"https:\/\/develop.olympic.ca\/olympique\/fondation\/"},{"@type":"ListItem","position":2,"name":"O\u00f9 vont les fonds","item":"https:\/\/develop.olympic.ca\/olympique\/fondation\/ou-vont-les-fonds\/"},{"@type":"ListItem","position":3,"name":"Les gagnants"}]},{"@type":"WebSite","@id":"https:\/\/develop.olympic.ca\/olympique\/#website","url":"https:\/\/develop.olympic.ca\/olympique\/","name":"\u00c9quipe Canada | Site officiel de l&#039;\u00e9quipe olympique","description":"Votre source pour l\u2019\u00c9quipe olympique canadienne. Retrouvez les r\u00e9cits, vid\u00e9os et photos des athl\u00e8tes canadiens, sports olympiques, Jeux olympiques de 2020 et bien plus!","potentialAction":[{"@type":"SearchAction","target":{"@type":"EntryPoint","urlTemplate":"https:\/\/develop.olympic.ca\/olympique\/?s={search_term_string}"},"query-input":{"@type":"PropertyValueSpecification","valueRequired":true,"valueName":"search_term_string"}}],"inLanguage":"fr-FR"}]}},"jetpack_sharing_enabled":true,"jetpack-related-posts":[],"jetpack_shortlink":"https:\/\/wp.me\/PbmyEP-mnD","_links":{"self":[{"href":"https:\/\/develop.olympic.ca\/olympique\/wp-json\/wp\/v2\/pages\/86033","targetHints":{"allow":["GET"]}}],"collection":[{"href":"https:\/\/develop.olympic.ca\/olympique\/wp-json\/wp\/v2\/pages"}],"about":[{"href":"https:\/\/develop.olympic.ca\/olympique\/wp-json\/wp\/v2\/types\/page"}],"author":[{"embeddable":true,"href":"https:\/\/develop.olympic.ca\/olympique\/wp-json\/wp\/v2\/users\/52435436"}],"replies":[{"embeddable":true,"href":"https:\/\/develop.olympic.ca\/olympique\/wp-json\/wp\/v2\/comments?post=86033"}],"version-history":[{"count":3,"href":"https:\/\/develop.olympic.ca\/olympique\/wp-json\/wp\/v2\/pages\/86033\/revisions"}],"predecessor-version":[{"id":151826,"href":"https:\/\/develop.olympic.ca\/olympique\/wp-json\/wp\/v2\/pages\/86033\/revisions\/151826"}],"up":[{"embeddable":true,"href":"https:\/\/develop.olympic.ca\/olympique\/wp-json\/wp\/v2\/pages\/85221"}],"wp:featuredmedia":[{"embeddable":true,"href":"https:\/\/develop.olympic.ca\/olympique\/wp-json\/wp\/v2\/media\/86035"}],"wp:attachment":[{"href":"https:\/\/develop.olympic.ca\/olympique\/wp-json\/wp\/v2\/media?parent=86033"}],"wp:term":[{"taxonomy":"author","embeddable":true,"href":"https:\/\/develop.olympic.ca\/olympique\/wp-json\/wp\/v2\/coauthors?post=86033"}],"curies":[{"name":"wp","href":"https:\/\/api.w.org\/{rel}","templated":true}]}}