{"id":86040,"date":"2013-10-03T09:46:00","date_gmt":"2013-10-03T13:46:00","guid":{"rendered":"http:\/\/develop.olympic.ca\/olympique\/?page_id=86040"},"modified":"2013-11-26T11:16:24","modified_gmt":"2013-11-26T16:16:24","slug":"pipeline-vers-le-podium","status":"publish","type":"page","link":"https:\/\/develop.olympic.ca\/olympique\/fondation\/ou-vont-les-fonds\/pipeline-vers-le-podium\/","title":{"rendered":"Pipeline vers le podium"},"content":{"rendered":"<h4>NOUS CROYONS EN LA PROCHAINE G\u00c9N\u00c9RATION D\u2019ATHL\u00c8TES<\/h4>\n<p>Pour plusieurs jeunes athl\u00e8tes talentueux, les obstacles financiers de participation au sport de haut niveau sont \u00e9normes. Un athl\u00e8te prometteur, avec le potentiel de progresser dans le syst\u00e8me sportif, sera confront\u00e9 \u00e0 divers co\u00fbts pour poursuivre son ascension; ces co\u00fbts comprennent les frais d\u2019entra\u00eenement et d\u2019\u00e9quipement, les co\u00fbts pour des entra\u00eeneurs de plus grande qualit\u00e9 et les frais de voyage pour participer aux comp\u00e9titions internationales. En finan\u00e7ant le pipeline vers le podium on soutenir financi\u00e8rement ces athl\u00e8tes leur donne acc\u00e8s aux programmes dont ils ont besoin afin de devenir les meilleurs entre tous.<\/p>\n<p>La Fondation olympique canadienne est fi\u00e8re de soutenir nos futurs olympiens au moyen des programmes suivants\u00a0:<\/p>\n<h4>INSTITUTS NATIONAUX DU SPORT<b> <\/b><\/h4>\n<p>Partout au pays, les Instituts nationaux du sport (INS) offrent un meilleur environnement d\u2019entra\u00eenement quotidien aux athl\u00e8tes et aux entra\u00eeneurs de haut niveau. Le r\u00e9seau d\u2019instituts est pr\u00e9sent dans sept endroits au pays, soit Vancouver, Calgary, Saskatchewan, Manitoba, Toronto, Montr\u00e9al et les Maritimes.<\/p>\n<p><a href=\"http:\/\/develop.olympic.ca\/wp-content\/uploads\/sites\/2\/2013\/10\/catherine-dauplaise-action-shot.jpg\"><img loading=\"lazy\" decoding=\"async\" class=\"aligncenter size-full wp-image-86042\" alt=\"Catherine Dauplaise action shot\" src=\"http:\/\/develop.olympic.ca\/wp-content\/uploads\/sites\/2\/2013\/10\/catherine-dauplaise-action-shot.jpg\" width=\"960\" height=\"640\" srcset=\"https:\/\/develop.olympic.ca\/olympique\/wp-content\/uploads\/sites\/2\/2013\/10\/catherine-dauplaise-action-shot.jpg 960w, https:\/\/develop.olympic.ca\/olympique\/wp-content\/uploads\/sites\/2\/2013\/10\/catherine-dauplaise-action-shot.jpg?resize=237,158 237w, https:\/\/develop.olympic.ca\/olympique\/wp-content\/uploads\/sites\/2\/2013\/10\/catherine-dauplaise-action-shot.jpg?resize=557,371 557w, https:\/\/develop.olympic.ca\/olympique\/wp-content\/uploads\/sites\/2\/2013\/10\/catherine-dauplaise-action-shot.jpg?resize=768,512 768w\" sizes=\"(max-width: 960px) 100vw, 960px\" \/><\/a><\/p>\n<p>Le r\u00e9seau des INS collabore avec Sport Canada, les gouvernements provinciaux, le Comit\u00e9 olympique canadien, la Fondation olympique canadienne, l\u2019Association canadienne des entra\u00eeneurs et \u00c0 nous le podium. Les \u00e9quipes d\u2019experts en sciences du sport et des experts m\u00e9dicaux offrent des programmes et des services aux athl\u00e8tes et aux entra\u00eeneurs afin de s\u2019assurer qu\u2019ils profitent de tous les avantages afin de gagner des m\u00e9dailles pour le Canada.<\/p>\n<p>Nos athl\u00e8tes olympiques ont acc\u00e8s aux INS gr\u00e2ce \u00e0 des programmes offerts par les f\u00e9d\u00e9rations nationales de sport et par \u00c0 nous le podium. La Fondation olympique canadienne souhaite aider la prochaine g\u00e9n\u00e9ration d\u2019athl\u00e8tes canadiens \u00e0 avoir acc\u00e8s aux m\u00eames programmes et services, leur permettant d\u2019apprendre de l\u2019\u00e9lite actuelle pour, qu\u2019\u00e0 leur tour, ils deviennent nos prochains olympiens.<\/p>\n<h4>JEUX DU CANADA<\/h4>\n<p>La Fondation olympique canadienne investit dans les futurs olympiens par le biais d\u2019une entente d\u2019une dur\u00e9e de quatre ann\u00e9es avec le Conseil des Jeux du Canada. Ce nouveau partenariat fournira un soutien financier aux Jeux du Canada qui contribuent \u00e0 la progression des futurs olympiens dans le syst\u00e8me sportif canadien. Cet investissement fait partie de la strat\u00e9gie de la Fondation visant \u00e0 s\u2019assurer que les athl\u00e8tes canadiens de haut niveau sont soutenus, encourag\u00e9s et s\u2019am\u00e9liorent \u00e0 chacune des \u00e9tapes de leur carri\u00e8re. La Fondation s\u2019est engag\u00e9e \u00e0 soutenir les Jeux du Canada en 2013, 2015 et 2017, aidant les athl\u00e8tes et les entra\u00eeneurs \u00e0 participer \u00e0 l\u2019une des plus importantes manifestations sportives au Canada.<\/p>\n<p><a href=\"http:\/\/develop.olympic.ca\/wp-content\/uploads\/sites\/2\/2013\/10\/04850379.jpg\"><img loading=\"lazy\" decoding=\"async\" class=\"aligncenter size-full wp-image-86044\" alt=\"04850379\" src=\"http:\/\/develop.olympic.ca\/wp-content\/uploads\/sites\/2\/2013\/10\/04850379.jpg\" width=\"1340\" height=\"754\" srcset=\"https:\/\/develop.olympic.ca\/olympique\/wp-content\/uploads\/sites\/2\/2013\/10\/04850379.jpg 1340w, https:\/\/develop.olympic.ca\/olympique\/wp-content\/uploads\/sites\/2\/2013\/10\/04850379.jpg?resize=280,158 280w, https:\/\/develop.olympic.ca\/olympique\/wp-content\/uploads\/sites\/2\/2013\/10\/04850379.jpg?resize=660,371 660w, https:\/\/develop.olympic.ca\/olympique\/wp-content\/uploads\/sites\/2\/2013\/10\/04850379.jpg?resize=768,432 768w\" sizes=\"(max-width: 1340px) 100vw, 1340px\" \/><\/a><\/p>\n<p>Aux Jeux olympiques de 2012 \u00e0 Londres, l\u2019\u00c9quipe olympique canadienne \u00e9tait constitu\u00e9e de 44\u00a0% d\u2019anciens des Jeux du Canada qui ont remport\u00e9 61\u00a0% des m\u00e9dailles gagn\u00e9es par le Canada. Voil\u00e0 la preuve qu\u2019investir dans les Jeux du Canada fournira des r\u00e9sultats tangibles.<\/p>\n<h4>JEUX OLYMPIQUES DE LA JEUNESSE<\/h4>\n<p>Cr\u00e9\u00e9s en 2010, les Jeux olympiques de la jeunesse (JOJ) sont le lieu id\u00e9al pour notre prochaine g\u00e9n\u00e9ration d\u2019athl\u00e8tes afin qu\u2019ils puissent acqu\u00e9rir une exp\u00e9rience de Jeux alors qu\u2019ils concourent sur la sc\u00e8ne internationale. L\u2019intensit\u00e9, la visibilit\u00e9 et l\u2019importance des comp\u00e9titions des JOJ sont semblables \u00e0 celles des Jeux olympiques, donnant \u00e0 ces Jeux un r\u00f4le important dans leur entra\u00eenement et leur d\u00e9veloppement. Envoyer les meilleurs jeunes athl\u00e8tes aux JOJ et s\u2019assurer qu\u2019ils ont de bonnes performances constitue une \u00e9tape importante afin de garantir des m\u00e9dailles lors de futurs Jeux olympiques.<\/p>\n<p>La Fondation olympique canadienne est fi\u00e8re d\u2019investir dans nos futurs olympiens en soutenant les Jeux olympiques de la jeunesse.<\/p>\n","protected":false},"excerpt":{"rendered":"<p>NOUS CROYONS EN LA PROCHAINE G\u00c9N\u00c9RATION D\u2019ATHL\u00c8TES Pour plusieurs jeunes athl\u00e8tes talentueux, les obstacles financiers de participation au sport de&#8230;<\/p>\n","protected":false},"author":52435436,"featured_media":86041,"parent":85221,"menu_order":0,"comment_status":"open","ping_status":"open","template":"template-foundation.php","meta":{"_edit_last":["52435436"],"_edit_lock":["1385482554:52435436"],"_thumbnail_id":["86041"],"_wp_page_template":["template-foundation.php"],"_publicize_pending":["1"],"seo_translation_link":["http:\/\/wp.me\/P3DwEw-mTN"],"_elasticsearch_indexed_on":["2013-10-03 13:46:00"],"_is_empty_after_transformation":["yes"]},"coauthors":[187838302],"class_list":["post-86040","page","type-page","status-publish","format-standard","has-post-thumbnail","hentry"],"acf":[],"yoast_head":"<!-- This site is optimized with the Yoast SEO plugin v27.3 - https:\/\/yoast.com\/product\/yoast-seo-wordpress\/ -->\n<title>Pipeline vers le podium - \u00c9quipe Canada | Site officiel de l&#039;\u00e9quipe olympique<\/title>\n<meta name=\"robots\" content=\"index, follow, max-snippet:-1, max-image-preview:large, max-video-preview:-1\" \/>\n<link rel=\"canonical\" href=\"https:\/\/develop.olympic.ca\/olympique\/fondation\/ou-vont-les-fonds\/pipeline-vers-le-podium\/\" \/>\n<meta property=\"og:locale\" content=\"fr_FR\" \/>\n<meta property=\"og:type\" content=\"article\" \/>\n<meta property=\"og:title\" content=\"Pipeline vers le podium - \u00c9quipe Canada | Site officiel de l&#039;\u00e9quipe olympique\" \/>\n<meta property=\"og:description\" content=\"NOUS CROYONS EN LA PROCHAINE G\u00c9N\u00c9RATION D\u2019ATHL\u00c8TES Pour plusieurs jeunes athl\u00e8tes talentueux, les obstacles financiers de participation au sport de...\" \/>\n<meta property=\"og:url\" content=\"https:\/\/develop.olympic.ca\/olympique\/fondation\/ou-vont-les-fonds\/pipeline-vers-le-podium\/\" \/>\n<meta property=\"og:site_name\" content=\"\u00c9quipe Canada | Site officiel de l&#039;\u00e9quipe olympique\" \/>\n<meta property=\"article:modified_time\" content=\"2013-11-26T16:16:24+00:00\" \/>\n<meta property=\"og:image\" content=\"https:\/\/develop.olympic.ca\/olympique\/wp-content\/uploads\/sites\/2\/2013\/10\/chandra-crawford_left_cp-owned.jpg?quality=100\" \/>\n\t<meta property=\"og:image:width\" content=\"2000\" \/>\n\t<meta property=\"og:image:height\" content=\"1585\" \/>\n\t<meta property=\"og:image:type\" content=\"image\/jpeg\" \/>\n<meta name=\"twitter:card\" content=\"summary_large_image\" \/>\n<meta name=\"twitter:label1\" content=\"Est. reading time\" \/>\n\t<meta name=\"twitter:data1\" content=\"3 minutes\" \/>\n\t<meta name=\"twitter:label2\" content=\"Written by\" \/>\n\t<meta name=\"twitter:data2\" content=\"Mark Nadolny\" \/>\n<script type=\"application\/ld+json\" class=\"yoast-schema-graph\">{\"@context\":\"https:\\\/\\\/schema.org\",\"@graph\":[{\"@type\":\"WebPage\",\"@id\":\"https:\\\/\\\/develop.olympic.ca\\\/olympique\\\/fondation\\\/ou-vont-les-fonds\\\/pipeline-vers-le-podium\\\/\",\"url\":\"https:\\\/\\\/develop.olympic.ca\\\/olympique\\\/fondation\\\/ou-vont-les-fonds\\\/pipeline-vers-le-podium\\\/\",\"name\":\"Pipeline vers le podium - \u00c9quipe Canada | Site officiel de l&#039;\u00e9quipe olympique\",\"isPartOf\":{\"@id\":\"https:\\\/\\\/develop.olympic.ca\\\/olympique\\\/#website\"},\"primaryImageOfPage\":{\"@id\":\"https:\\\/\\\/develop.olympic.ca\\\/olympique\\\/fondation\\\/ou-vont-les-fonds\\\/pipeline-vers-le-podium\\\/#primaryimage\"},\"image\":{\"@id\":\"https:\\\/\\\/develop.olympic.ca\\\/olympique\\\/fondation\\\/ou-vont-les-fonds\\\/pipeline-vers-le-podium\\\/#primaryimage\"},\"thumbnailUrl\":\"https:\\\/\\\/develop.olympic.ca\\\/olympique\\\/wp-content\\\/uploads\\\/sites\\\/2\\\/2013\\\/10\\\/chandra-crawford_left_cp-owned.jpg?quality=100\",\"datePublished\":\"2013-10-03T13:46:00+00:00\",\"dateModified\":\"2013-11-26T16:16:24+00:00\",\"breadcrumb\":{\"@id\":\"https:\\\/\\\/develop.olympic.ca\\\/olympique\\\/fondation\\\/ou-vont-les-fonds\\\/pipeline-vers-le-podium\\\/#breadcrumb\"},\"inLanguage\":\"fr-FR\",\"potentialAction\":[{\"@type\":\"ReadAction\",\"target\":[\"https:\\\/\\\/develop.olympic.ca\\\/olympique\\\/fondation\\\/ou-vont-les-fonds\\\/pipeline-vers-le-podium\\\/\"]}]},{\"@type\":\"ImageObject\",\"inLanguage\":\"fr-FR\",\"@id\":\"https:\\\/\\\/develop.olympic.ca\\\/olympique\\\/fondation\\\/ou-vont-les-fonds\\\/pipeline-vers-le-podium\\\/#primaryimage\",\"url\":\"https:\\\/\\\/develop.olympic.ca\\\/olympique\\\/wp-content\\\/uploads\\\/sites\\\/2\\\/2013\\\/10\\\/chandra-crawford_left_cp-owned.jpg?quality=100\",\"contentUrl\":\"https:\\\/\\\/develop.olympic.ca\\\/olympique\\\/wp-content\\\/uploads\\\/sites\\\/2\\\/2013\\\/10\\\/chandra-crawford_left_cp-owned.jpg?quality=100\",\"width\":2000,\"height\":1585},{\"@type\":\"BreadcrumbList\",\"@id\":\"https:\\\/\\\/develop.olympic.ca\\\/olympique\\\/fondation\\\/ou-vont-les-fonds\\\/pipeline-vers-le-podium\\\/#breadcrumb\",\"itemListElement\":[{\"@type\":\"ListItem\",\"position\":1,\"name\":\"Soyez le moteur de leur potentiel\",\"item\":\"https:\\\/\\\/develop.olympic.ca\\\/olympique\\\/fondation\\\/\"},{\"@type\":\"ListItem\",\"position\":2,\"name\":\"O\u00f9 vont les fonds\",\"item\":\"https:\\\/\\\/develop.olympic.ca\\\/olympique\\\/fondation\\\/ou-vont-les-fonds\\\/\"},{\"@type\":\"ListItem\",\"position\":3,\"name\":\"Pipeline vers le podium\"}]},{\"@type\":\"WebSite\",\"@id\":\"https:\\\/\\\/develop.olympic.ca\\\/olympique\\\/#website\",\"url\":\"https:\\\/\\\/develop.olympic.ca\\\/olympique\\\/\",\"name\":\"\u00c9quipe Canada | Site officiel de l&#039;\u00e9quipe olympique\",\"description\":\"Votre source pour l\u2019\u00c9quipe olympique canadienne. Retrouvez les r\u00e9cits, vid\u00e9os et photos des athl\u00e8tes canadiens, sports olympiques, Jeux olympiques de 2020 et bien plus!\",\"potentialAction\":[{\"@type\":\"SearchAction\",\"target\":{\"@type\":\"EntryPoint\",\"urlTemplate\":\"https:\\\/\\\/develop.olympic.ca\\\/olympique\\\/?s={search_term_string}\"},\"query-input\":{\"@type\":\"PropertyValueSpecification\",\"valueRequired\":true,\"valueName\":\"search_term_string\"}}],\"inLanguage\":\"fr-FR\"}]}<\/script>\n<!-- \/ Yoast SEO plugin. -->","yoast_head_json":{"title":"Pipeline vers le podium - \u00c9quipe Canada | Site officiel de l&#039;\u00e9quipe olympique","robots":{"index":"index","follow":"follow","max-snippet":"max-snippet:-1","max-image-preview":"max-image-preview:large","max-video-preview":"max-video-preview:-1"},"canonical":"https:\/\/develop.olympic.ca\/olympique\/fondation\/ou-vont-les-fonds\/pipeline-vers-le-podium\/","og_locale":"fr_FR","og_type":"article","og_title":"Pipeline vers le podium - \u00c9quipe Canada | Site officiel de l&#039;\u00e9quipe olympique","og_description":"NOUS CROYONS EN LA PROCHAINE G\u00c9N\u00c9RATION D\u2019ATHL\u00c8TES Pour plusieurs jeunes athl\u00e8tes talentueux, les obstacles financiers de participation au sport de...","og_url":"https:\/\/develop.olympic.ca\/olympique\/fondation\/ou-vont-les-fonds\/pipeline-vers-le-podium\/","og_site_name":"\u00c9quipe Canada | Site officiel de l&#039;\u00e9quipe olympique","article_modified_time":"2013-11-26T16:16:24+00:00","og_image":[{"width":2000,"height":1585,"url":"https:\/\/develop.olympic.ca\/olympique\/wp-content\/uploads\/sites\/2\/2013\/10\/chandra-crawford_left_cp-owned.jpg?quality=100","type":"image\/jpeg"}],"twitter_card":"summary_large_image","twitter_misc":{"Est. reading time":"3 minutes","Written by":"Mark Nadolny"},"schema":{"@context":"https:\/\/schema.org","@graph":[{"@type":"WebPage","@id":"https:\/\/develop.olympic.ca\/olympique\/fondation\/ou-vont-les-fonds\/pipeline-vers-le-podium\/","url":"https:\/\/develop.olympic.ca\/olympique\/fondation\/ou-vont-les-fonds\/pipeline-vers-le-podium\/","name":"Pipeline vers le podium - \u00c9quipe Canada | Site officiel de l&#039;\u00e9quipe olympique","isPartOf":{"@id":"https:\/\/develop.olympic.ca\/olympique\/#website"},"primaryImageOfPage":{"@id":"https:\/\/develop.olympic.ca\/olympique\/fondation\/ou-vont-les-fonds\/pipeline-vers-le-podium\/#primaryimage"},"image":{"@id":"https:\/\/develop.olympic.ca\/olympique\/fondation\/ou-vont-les-fonds\/pipeline-vers-le-podium\/#primaryimage"},"thumbnailUrl":"https:\/\/develop.olympic.ca\/olympique\/wp-content\/uploads\/sites\/2\/2013\/10\/chandra-crawford_left_cp-owned.jpg?quality=100","datePublished":"2013-10-03T13:46:00+00:00","dateModified":"2013-11-26T16:16:24+00:00","breadcrumb":{"@id":"https:\/\/develop.olympic.ca\/olympique\/fondation\/ou-vont-les-fonds\/pipeline-vers-le-podium\/#breadcrumb"},"inLanguage":"fr-FR","potentialAction":[{"@type":"ReadAction","target":["https:\/\/develop.olympic.ca\/olympique\/fondation\/ou-vont-les-fonds\/pipeline-vers-le-podium\/"]}]},{"@type":"ImageObject","inLanguage":"fr-FR","@id":"https:\/\/develop.olympic.ca\/olympique\/fondation\/ou-vont-les-fonds\/pipeline-vers-le-podium\/#primaryimage","url":"https:\/\/develop.olympic.ca\/olympique\/wp-content\/uploads\/sites\/2\/2013\/10\/chandra-crawford_left_cp-owned.jpg?quality=100","contentUrl":"https:\/\/develop.olympic.ca\/olympique\/wp-content\/uploads\/sites\/2\/2013\/10\/chandra-crawford_left_cp-owned.jpg?quality=100","width":2000,"height":1585},{"@type":"BreadcrumbList","@id":"https:\/\/develop.olympic.ca\/olympique\/fondation\/ou-vont-les-fonds\/pipeline-vers-le-podium\/#breadcrumb","itemListElement":[{"@type":"ListItem","position":1,"name":"Soyez le moteur de leur potentiel","item":"https:\/\/develop.olympic.ca\/olympique\/fondation\/"},{"@type":"ListItem","position":2,"name":"O\u00f9 vont les fonds","item":"https:\/\/develop.olympic.ca\/olympique\/fondation\/ou-vont-les-fonds\/"},{"@type":"ListItem","position":3,"name":"Pipeline vers le podium"}]},{"@type":"WebSite","@id":"https:\/\/develop.olympic.ca\/olympique\/#website","url":"https:\/\/develop.olympic.ca\/olympique\/","name":"\u00c9quipe Canada | Site officiel de l&#039;\u00e9quipe olympique","description":"Votre source pour l\u2019\u00c9quipe olympique canadienne. Retrouvez les r\u00e9cits, vid\u00e9os et photos des athl\u00e8tes canadiens, sports olympiques, Jeux olympiques de 2020 et bien plus!","potentialAction":[{"@type":"SearchAction","target":{"@type":"EntryPoint","urlTemplate":"https:\/\/develop.olympic.ca\/olympique\/?s={search_term_string}"},"query-input":{"@type":"PropertyValueSpecification","valueRequired":true,"valueName":"search_term_string"}}],"inLanguage":"fr-FR"}]}},"jetpack_sharing_enabled":true,"jetpack-related-posts":[],"jetpack_shortlink":"https:\/\/wp.me\/PbmyEP-mnK","_links":{"self":[{"href":"https:\/\/develop.olympic.ca\/olympique\/wp-json\/wp\/v2\/pages\/86040","targetHints":{"allow":["GET"]}}],"collection":[{"href":"https:\/\/develop.olympic.ca\/olympique\/wp-json\/wp\/v2\/pages"}],"about":[{"href":"https:\/\/develop.olympic.ca\/olympique\/wp-json\/wp\/v2\/types\/page"}],"author":[{"embeddable":true,"href":"https:\/\/develop.olympic.ca\/olympique\/wp-json\/wp\/v2\/users\/52435436"}],"replies":[{"embeddable":true,"href":"https:\/\/develop.olympic.ca\/olympique\/wp-json\/wp\/v2\/comments?post=86040"}],"version-history":[{"count":2,"href":"https:\/\/develop.olympic.ca\/olympique\/wp-json\/wp\/v2\/pages\/86040\/revisions"}],"predecessor-version":[{"id":87817,"href":"https:\/\/develop.olympic.ca\/olympique\/wp-json\/wp\/v2\/pages\/86040\/revisions\/87817"}],"up":[{"embeddable":true,"href":"https:\/\/develop.olympic.ca\/olympique\/wp-json\/wp\/v2\/pages\/85221"}],"wp:featuredmedia":[{"embeddable":true,"href":"https:\/\/develop.olympic.ca\/olympique\/wp-json\/wp\/v2\/media\/86041"}],"wp:attachment":[{"href":"https:\/\/develop.olympic.ca\/olympique\/wp-json\/wp\/v2\/media?parent=86040"}],"wp:term":[{"taxonomy":"author","embeddable":true,"href":"https:\/\/develop.olympic.ca\/olympique\/wp-json\/wp\/v2\/coauthors?post=86040"}],"curies":[{"name":"wp","href":"https:\/\/api.w.org\/{rel}","templated":true}]}}