{"id":89592,"date":"2014-01-07T10:55:17","date_gmt":"2014-01-07T15:55:17","guid":{"rendered":"http:\/\/develop.olympic.ca\/olympique\/?page_id=89592"},"modified":"2014-01-07T09:18:36","modified_gmt":"2014-01-07T14:18:36","slug":"lequipe-olympique-canadienne-2014-hockey-sur-glace-masculin","status":"publish","type":"page","link":"https:\/\/develop.olympic.ca\/olympique\/lequipe-olympique-canadienne-2014-hockey-sur-glace-masculin\/","title":{"rendered":"L\u2019\u00c9quipe olympique canadienne 2014 \u2013 hockey sur glace masculin"},"content":{"rendered":"","protected":false},"excerpt":{"rendered":"","protected":false},"author":52435436,"featured_media":83425,"parent":0,"menu_order":0,"comment_status":"open","ping_status":"open","template":"template-team-announcement.php","meta":{"_edit_last":["52435436"],"_edit_lock":["1389105033:52435436"],"_thumbnail_id":["83425"],"_wp_page_template":["template-team-announcement.php"],"seo_translation_link":["http:\/\/olympic.ca\/sochi-2014-mens-ice-hockey-team"],"team_announcement_tag":["Hockey-masculin"],"_publicize_pending":["1"],"_elasticsearch_indexed_on":["2014-01-07 15:56:31"],"_is_empty_after_transformation":["yes"]},"coauthors":[187838302],"class_list":["post-89592","page","type-page","status-publish","format-standard","has-post-thumbnail","hentry"],"acf":[],"yoast_head":"<!-- This site is optimized with the Yoast SEO plugin v27.5 - https:\/\/yoast.com\/product\/yoast-seo-wordpress\/ -->\n<title>L\u2019\u00c9quipe olympique canadienne 2014 \u2013 hockey sur glace masculin - \u00c9quipe Canada | Site officiel de l&#039;\u00e9quipe olympique<\/title>\n<meta name=\"robots\" content=\"index, follow, max-snippet:-1, max-image-preview:large, max-video-preview:-1\" \/>\n<link rel=\"canonical\" href=\"https:\/\/develop.olympic.ca\/olympique\/lequipe-olympique-canadienne-2014-hockey-sur-glace-masculin\/\" \/>\n<meta property=\"og:locale\" content=\"fr_FR\" \/>\n<meta property=\"og:type\" content=\"article\" \/>\n<meta property=\"og:title\" content=\"L\u2019\u00c9quipe olympique canadienne 2014 \u2013 hockey sur glace masculin - \u00c9quipe Canada | Site officiel de l&#039;\u00e9quipe olympique\" \/>\n<meta property=\"og:url\" content=\"https:\/\/develop.olympic.ca\/olympique\/lequipe-olympique-canadienne-2014-hockey-sur-glace-masculin\/\" \/>\n<meta property=\"og:site_name\" content=\"\u00c9quipe Canada | Site officiel de l&#039;\u00e9quipe olympique\" \/>\n<meta property=\"og:image\" content=\"https:\/\/develop.olympic.ca\/olympique\/wp-content\/uploads\/sites\/2\/2011\/09\/mens_hockey_2010_1340px.jpg?quality=100\" \/>\n\t<meta property=\"og:image:width\" content=\"1339\" \/>\n\t<meta property=\"og:image:height\" content=\"688\" \/>\n\t<meta property=\"og:image:type\" content=\"image\/jpeg\" \/>\n<meta name=\"twitter:card\" content=\"summary_large_image\" \/>\n<meta name=\"twitter:label1\" content=\"Written by\" \/>\n\t<meta name=\"twitter:data1\" content=\"Mark Nadolny\" \/>\n<script type=\"application\/ld+json\" class=\"yoast-schema-graph\">{\"@context\":\"https:\\\/\\\/schema.org\",\"@graph\":[{\"@type\":\"WebPage\",\"@id\":\"https:\\\/\\\/develop.olympic.ca\\\/olympique\\\/lequipe-olympique-canadienne-2014-hockey-sur-glace-masculin\\\/\",\"url\":\"https:\\\/\\\/develop.olympic.ca\\\/olympique\\\/lequipe-olympique-canadienne-2014-hockey-sur-glace-masculin\\\/\",\"name\":\"L\u2019\u00c9quipe olympique canadienne 2014 \u2013 hockey sur glace masculin - \u00c9quipe Canada | Site officiel de l&#039;\u00e9quipe olympique\",\"isPartOf\":{\"@id\":\"https:\\\/\\\/develop.olympic.ca\\\/olympique\\\/#website\"},\"primaryImageOfPage\":{\"@id\":\"https:\\\/\\\/develop.olympic.ca\\\/olympique\\\/lequipe-olympique-canadienne-2014-hockey-sur-glace-masculin\\\/#primaryimage\"},\"image\":{\"@id\":\"https:\\\/\\\/develop.olympic.ca\\\/olympique\\\/lequipe-olympique-canadienne-2014-hockey-sur-glace-masculin\\\/#primaryimage\"},\"thumbnailUrl\":\"https:\\\/\\\/develop.olympic.ca\\\/olympique\\\/wp-content\\\/uploads\\\/sites\\\/2\\\/2011\\\/09\\\/mens_hockey_2010_1340px.jpg?quality=100\",\"datePublished\":\"2014-01-07T15:55:17+00:00\",\"inLanguage\":\"fr-FR\",\"potentialAction\":[{\"@type\":\"ReadAction\",\"target\":[\"https:\\\/\\\/develop.olympic.ca\\\/olympique\\\/lequipe-olympique-canadienne-2014-hockey-sur-glace-masculin\\\/\"]}]},{\"@type\":\"ImageObject\",\"inLanguage\":\"fr-FR\",\"@id\":\"https:\\\/\\\/develop.olympic.ca\\\/olympique\\\/lequipe-olympique-canadienne-2014-hockey-sur-glace-masculin\\\/#primaryimage\",\"url\":\"https:\\\/\\\/develop.olympic.ca\\\/olympique\\\/wp-content\\\/uploads\\\/sites\\\/2\\\/2011\\\/09\\\/mens_hockey_2010_1340px.jpg?quality=100\",\"contentUrl\":\"https:\\\/\\\/develop.olympic.ca\\\/olympique\\\/wp-content\\\/uploads\\\/sites\\\/2\\\/2011\\\/09\\\/mens_hockey_2010_1340px.jpg?quality=100\",\"width\":1339,\"height\":688},{\"@type\":\"WebSite\",\"@id\":\"https:\\\/\\\/develop.olympic.ca\\\/olympique\\\/#website\",\"url\":\"https:\\\/\\\/develop.olympic.ca\\\/olympique\\\/\",\"name\":\"\u00c9quipe Canada | Site officiel de l&#039;\u00e9quipe olympique\",\"description\":\"Votre source pour l\u2019\u00c9quipe olympique canadienne. Retrouvez les r\u00e9cits, vid\u00e9os et photos des athl\u00e8tes canadiens, sports olympiques, Jeux olympiques de 2020 et bien plus!\",\"potentialAction\":[{\"@type\":\"SearchAction\",\"target\":{\"@type\":\"EntryPoint\",\"urlTemplate\":\"https:\\\/\\\/develop.olympic.ca\\\/olympique\\\/?s={search_term_string}\"},\"query-input\":{\"@type\":\"PropertyValueSpecification\",\"valueRequired\":true,\"valueName\":\"search_term_string\"}}],\"inLanguage\":\"fr-FR\"}]}<\/script>\n<!-- \/ Yoast SEO plugin. -->","yoast_head_json":{"title":"L\u2019\u00c9quipe olympique canadienne 2014 \u2013 hockey sur glace masculin - \u00c9quipe Canada | Site officiel de l&#039;\u00e9quipe olympique","robots":{"index":"index","follow":"follow","max-snippet":"max-snippet:-1","max-image-preview":"max-image-preview:large","max-video-preview":"max-video-preview:-1"},"canonical":"https:\/\/develop.olympic.ca\/olympique\/lequipe-olympique-canadienne-2014-hockey-sur-glace-masculin\/","og_locale":"fr_FR","og_type":"article","og_title":"L\u2019\u00c9quipe olympique canadienne 2014 \u2013 hockey sur glace masculin - \u00c9quipe Canada | Site officiel de l&#039;\u00e9quipe olympique","og_url":"https:\/\/develop.olympic.ca\/olympique\/lequipe-olympique-canadienne-2014-hockey-sur-glace-masculin\/","og_site_name":"\u00c9quipe Canada | Site officiel de l&#039;\u00e9quipe olympique","og_image":[{"width":1339,"height":688,"url":"https:\/\/develop.olympic.ca\/olympique\/wp-content\/uploads\/sites\/2\/2011\/09\/mens_hockey_2010_1340px.jpg?quality=100","type":"image\/jpeg"}],"twitter_card":"summary_large_image","twitter_misc":{"Written by":"Mark Nadolny"},"schema":{"@context":"https:\/\/schema.org","@graph":[{"@type":"WebPage","@id":"https:\/\/develop.olympic.ca\/olympique\/lequipe-olympique-canadienne-2014-hockey-sur-glace-masculin\/","url":"https:\/\/develop.olympic.ca\/olympique\/lequipe-olympique-canadienne-2014-hockey-sur-glace-masculin\/","name":"L\u2019\u00c9quipe olympique canadienne 2014 \u2013 hockey sur glace masculin - \u00c9quipe Canada | Site officiel de l&#039;\u00e9quipe olympique","isPartOf":{"@id":"https:\/\/develop.olympic.ca\/olympique\/#website"},"primaryImageOfPage":{"@id":"https:\/\/develop.olympic.ca\/olympique\/lequipe-olympique-canadienne-2014-hockey-sur-glace-masculin\/#primaryimage"},"image":{"@id":"https:\/\/develop.olympic.ca\/olympique\/lequipe-olympique-canadienne-2014-hockey-sur-glace-masculin\/#primaryimage"},"thumbnailUrl":"https:\/\/develop.olympic.ca\/olympique\/wp-content\/uploads\/sites\/2\/2011\/09\/mens_hockey_2010_1340px.jpg?quality=100","datePublished":"2014-01-07T15:55:17+00:00","inLanguage":"fr-FR","potentialAction":[{"@type":"ReadAction","target":["https:\/\/develop.olympic.ca\/olympique\/lequipe-olympique-canadienne-2014-hockey-sur-glace-masculin\/"]}]},{"@type":"ImageObject","inLanguage":"fr-FR","@id":"https:\/\/develop.olympic.ca\/olympique\/lequipe-olympique-canadienne-2014-hockey-sur-glace-masculin\/#primaryimage","url":"https:\/\/develop.olympic.ca\/olympique\/wp-content\/uploads\/sites\/2\/2011\/09\/mens_hockey_2010_1340px.jpg?quality=100","contentUrl":"https:\/\/develop.olympic.ca\/olympique\/wp-content\/uploads\/sites\/2\/2011\/09\/mens_hockey_2010_1340px.jpg?quality=100","width":1339,"height":688},{"@type":"WebSite","@id":"https:\/\/develop.olympic.ca\/olympique\/#website","url":"https:\/\/develop.olympic.ca\/olympique\/","name":"\u00c9quipe Canada | Site officiel de l&#039;\u00e9quipe olympique","description":"Votre source pour l\u2019\u00c9quipe olympique canadienne. Retrouvez les r\u00e9cits, vid\u00e9os et photos des athl\u00e8tes canadiens, sports olympiques, Jeux olympiques de 2020 et bien plus!","potentialAction":[{"@type":"SearchAction","target":{"@type":"EntryPoint","urlTemplate":"https:\/\/develop.olympic.ca\/olympique\/?s={search_term_string}"},"query-input":{"@type":"PropertyValueSpecification","valueRequired":true,"valueName":"search_term_string"}}],"inLanguage":"fr-FR"}]}},"jetpack_sharing_enabled":true,"jetpack-related-posts":[],"jetpack_shortlink":"https:\/\/wp.me\/PbmyEP-nj2","_links":{"self":[{"href":"https:\/\/develop.olympic.ca\/olympique\/wp-json\/wp\/v2\/pages\/89592","targetHints":{"allow":["GET"]}}],"collection":[{"href":"https:\/\/develop.olympic.ca\/olympique\/wp-json\/wp\/v2\/pages"}],"about":[{"href":"https:\/\/develop.olympic.ca\/olympique\/wp-json\/wp\/v2\/types\/page"}],"author":[{"embeddable":true,"href":"https:\/\/develop.olympic.ca\/olympique\/wp-json\/wp\/v2\/users\/52435436"}],"replies":[{"embeddable":true,"href":"https:\/\/develop.olympic.ca\/olympique\/wp-json\/wp\/v2\/comments?post=89592"}],"version-history":[{"count":1,"href":"https:\/\/develop.olympic.ca\/olympique\/wp-json\/wp\/v2\/pages\/89592\/revisions"}],"predecessor-version":[{"id":89594,"href":"https:\/\/develop.olympic.ca\/olympique\/wp-json\/wp\/v2\/pages\/89592\/revisions\/89594"}],"wp:featuredmedia":[{"embeddable":true,"href":"https:\/\/develop.olympic.ca\/olympique\/wp-json\/wp\/v2\/media\/83425"}],"wp:attachment":[{"href":"https:\/\/develop.olympic.ca\/olympique\/wp-json\/wp\/v2\/media?parent=89592"}],"wp:term":[{"taxonomy":"author","embeddable":true,"href":"https:\/\/develop.olympic.ca\/olympique\/wp-json\/wp\/v2\/coauthors?post=89592"}],"curies":[{"name":"wp","href":"https:\/\/api.w.org\/{rel}","templated":true}]}}