{"id":9917,"date":"2011-09-11T14:28:06","date_gmt":"2011-09-11T18:28:06","guid":{"rendered":"http:\/\/develop.olympic.ca\/?page_id=9917"},"modified":"2011-09-11T14:28:06","modified_gmt":"2011-09-11T18:28:06","slug":"la-marque-de-lequipe-olympique-canadienne","status":"publish","type":"page","link":"https:\/\/develop.olympic.ca\/olympique\/comite-olympique-canadien\/la-marque-de-lequipe-olympique-canadienne\/","title":{"rendered":"La marquee"},"content":{"rendered":"<p>L&rsquo;\u00c9quipe olympique canadienne a commenc\u00e9 \u00e0 concourir aux Jeux olympiques modernes au d\u00e9but des ann\u00e9es 1900. La nouvelle marque a \u00e9t\u00e9 inspir\u00e9e par plus d&rsquo;un si\u00e8cle d&rsquo;histoire, de th\u00e8mes et d&rsquo;iconographie. Le r\u00e9sultat est \u00e0 la fois classique, contemporain, intemporel tout en \u00e9tant avant-gardiste. Cette approche a \u00e9galement \u00e9t\u00e9 appliqu\u00e9e au niveau de la th\u00e9matique par la pr\u00e9sentation des images et de l&rsquo;histoire des h\u00e9ros olympiques canadiens d&rsquo;aujourd&rsquo;hui et des l\u00e9gendes des d\u00e9cennies pass\u00e9es.<\/p>\n<p>La feuille d&rsquo;\u00e9rable a contribu\u00e9 \u00e0 unifier les Canadiens pendant plus de 60 ans avant qu&rsquo;elle ne devienne le seul embl\u00e8me du drapeau national du Canada. Le symbole canadien le plus reconnu reprend sa place au c\u0153ur m\u00eame de l&rsquo;identit\u00e9 de l&rsquo;\u00e9quipe. Authentique, pure, fi\u00e8re et embl\u00e9matique \u2014 tout comme le pays et l&rsquo;\u00e9quipe qu&rsquo;il repr\u00e9sente.<\/p>\n<p>En 1908, la premi\u00e8re \u00c9quipe olympique canadienne officielle a travers\u00e9 l&rsquo;Atlantique jusqu&rsquo;\u00e0 Londres, en Angleterre et a ramen\u00e9 15 m\u00e9dailles au pays. Plus d&rsquo;un si\u00e8cle plus tard, l&rsquo;\u00e9quipe retournera \u00e0 Londres en 2012, en vue tenter d&rsquo;obtenir ses meilleurs r\u00e9sultats olympiques, alors que ses membres repr\u00e9senteront une seule \u00e9quipe, li\u00e9e \u00e0 chaque Olympien ayant d\u00e9j\u00e0 port\u00e9 la feuille d&rsquo;\u00e9rable pour le Canada.<\/p>\n<p>Au cours des prochains mois, le COC et ses partenaires commenceront \u00e0 mettre en \u0153uvre la nouvelle marque sur le Web, les imprim\u00e9s et les produits.<\/p>\n","protected":false},"excerpt":{"rendered":"<p>L&rsquo;\u00c9quipe olympique canadienne a commenc\u00e9 \u00e0 concourir aux Jeux olympiques modernes au d\u00e9but des ann\u00e9es 1900. La nouvelle marque a&#8230;<\/p>\n","protected":false},"author":47562643,"featured_media":0,"parent":3112,"menu_order":0,"comment_status":"open","ping_status":"open","template":"","meta":{"_edit_last":["47562643"],"_wp_page_template":["default"],"_seosmart_cache":["a:2:{s:8:\"keywords\";a:0:{}s:4:\"time\";s:10:\"1336277089\";}"],"s2mail":["yes"],"_yoast_wpseo_google-plus-description":[""],"seo_title":[""],"seo_meta_description":[""],"seo_focus_keyword":[""],"_original_post_id":["9917"],"_original_import_author":["joebarnett"],"_original_parent_id":["3112"],"_wpcom_imported":["a:2:{s:8:\"importer\";s:9:\"wordpress\";s:4:\"date\";s:19:\"2013-07-21 18:11:46\";}"],"original_post_id":["9917"],"_wp_old_slug":["9917"],"seo_translation_link":["http:\/\/develop.olympic.ca\/canadian-olympic-committee\/brand\/"],"_edit_lock":["1375378079:52435436"],"_elasticsearch_indexed_on":["2011-09-11 18:28:06"],"_is_empty_after_transformation":["yes"]},"coauthors":[186127234],"class_list":["post-9917","page","type-page","status-publish","format-standard","hentry"],"acf":[],"yoast_head":"<!-- This site is optimized with the Yoast SEO plugin v27.3 - https:\/\/yoast.com\/product\/yoast-seo-wordpress\/ -->\n<title>La marquee - \u00c9quipe Canada | Site officiel de l&#039;\u00e9quipe olympique<\/title>\n<meta name=\"robots\" content=\"index, follow, max-snippet:-1, max-image-preview:large, max-video-preview:-1\" \/>\n<link rel=\"canonical\" href=\"https:\/\/develop.olympic.ca\/olympique\/comite-olympique-canadien\/la-marque-de-lequipe-olympique-canadienne\/\" \/>\n<meta property=\"og:locale\" content=\"fr_FR\" \/>\n<meta property=\"og:type\" content=\"article\" \/>\n<meta property=\"og:title\" content=\"La marquee - \u00c9quipe Canada | Site officiel de l&#039;\u00e9quipe olympique\" \/>\n<meta property=\"og:description\" content=\"L&rsquo;\u00c9quipe olympique canadienne a commenc\u00e9 \u00e0 concourir aux Jeux olympiques modernes au d\u00e9but des ann\u00e9es 1900. La nouvelle marque a...\" \/>\n<meta property=\"og:url\" content=\"https:\/\/develop.olympic.ca\/olympique\/comite-olympique-canadien\/la-marque-de-lequipe-olympique-canadienne\/\" \/>\n<meta property=\"og:site_name\" content=\"\u00c9quipe Canada | Site officiel de l&#039;\u00e9quipe olympique\" \/>\n<meta name=\"twitter:card\" content=\"summary_large_image\" \/>\n<meta name=\"twitter:label1\" content=\"Est. reading time\" \/>\n\t<meta name=\"twitter:data1\" content=\"1 minute\" \/>\n\t<meta name=\"twitter:label2\" content=\"Written by\" \/>\n\t<meta name=\"twitter:data2\" content=\"Comit\u00e9 olympique canadien\" \/>\n<script type=\"application\/ld+json\" class=\"yoast-schema-graph\">{\"@context\":\"https:\\\/\\\/schema.org\",\"@graph\":[{\"@type\":\"WebPage\",\"@id\":\"https:\\\/\\\/develop.olympic.ca\\\/olympique\\\/comite-olympique-canadien\\\/la-marque-de-lequipe-olympique-canadienne\\\/\",\"url\":\"https:\\\/\\\/develop.olympic.ca\\\/olympique\\\/comite-olympique-canadien\\\/la-marque-de-lequipe-olympique-canadienne\\\/\",\"name\":\"La marquee - \u00c9quipe Canada | Site officiel de l&#039;\u00e9quipe olympique\",\"isPartOf\":{\"@id\":\"https:\\\/\\\/develop.olympic.ca\\\/olympique\\\/#website\"},\"datePublished\":\"2011-09-11T18:28:06+00:00\",\"breadcrumb\":{\"@id\":\"https:\\\/\\\/develop.olympic.ca\\\/olympique\\\/comite-olympique-canadien\\\/la-marque-de-lequipe-olympique-canadienne\\\/#breadcrumb\"},\"inLanguage\":\"fr-FR\",\"potentialAction\":[{\"@type\":\"ReadAction\",\"target\":[\"https:\\\/\\\/develop.olympic.ca\\\/olympique\\\/comite-olympique-canadien\\\/la-marque-de-lequipe-olympique-canadienne\\\/\"]}]},{\"@type\":\"BreadcrumbList\",\"@id\":\"https:\\\/\\\/develop.olympic.ca\\\/olympique\\\/comite-olympique-canadien\\\/la-marque-de-lequipe-olympique-canadienne\\\/#breadcrumb\",\"itemListElement\":[{\"@type\":\"ListItem\",\"position\":1,\"name\":\"Aper\u00e7u du Comit\u00e9 olympique canadien\",\"item\":\"https:\\\/\\\/develop.olympic.ca\\\/olympique\\\/comite-olympique-canadien\\\/\"},{\"@type\":\"ListItem\",\"position\":2,\"name\":\"La marquee\"}]},{\"@type\":\"WebSite\",\"@id\":\"https:\\\/\\\/develop.olympic.ca\\\/olympique\\\/#website\",\"url\":\"https:\\\/\\\/develop.olympic.ca\\\/olympique\\\/\",\"name\":\"\u00c9quipe Canada | Site officiel de l&#039;\u00e9quipe olympique\",\"description\":\"Votre source pour l\u2019\u00c9quipe olympique canadienne. Retrouvez les r\u00e9cits, vid\u00e9os et photos des athl\u00e8tes canadiens, sports olympiques, Jeux olympiques de 2020 et bien plus!\",\"potentialAction\":[{\"@type\":\"SearchAction\",\"target\":{\"@type\":\"EntryPoint\",\"urlTemplate\":\"https:\\\/\\\/develop.olympic.ca\\\/olympique\\\/?s={search_term_string}\"},\"query-input\":{\"@type\":\"PropertyValueSpecification\",\"valueRequired\":true,\"valueName\":\"search_term_string\"}}],\"inLanguage\":\"fr-FR\"}]}<\/script>\n<!-- \/ Yoast SEO plugin. -->","yoast_head_json":{"title":"La marquee - \u00c9quipe Canada | Site officiel de l&#039;\u00e9quipe olympique","robots":{"index":"index","follow":"follow","max-snippet":"max-snippet:-1","max-image-preview":"max-image-preview:large","max-video-preview":"max-video-preview:-1"},"canonical":"https:\/\/develop.olympic.ca\/olympique\/comite-olympique-canadien\/la-marque-de-lequipe-olympique-canadienne\/","og_locale":"fr_FR","og_type":"article","og_title":"La marquee - \u00c9quipe Canada | Site officiel de l&#039;\u00e9quipe olympique","og_description":"L&rsquo;\u00c9quipe olympique canadienne a commenc\u00e9 \u00e0 concourir aux Jeux olympiques modernes au d\u00e9but des ann\u00e9es 1900. La nouvelle marque a...","og_url":"https:\/\/develop.olympic.ca\/olympique\/comite-olympique-canadien\/la-marque-de-lequipe-olympique-canadienne\/","og_site_name":"\u00c9quipe Canada | Site officiel de l&#039;\u00e9quipe olympique","twitter_card":"summary_large_image","twitter_misc":{"Est. reading time":"1 minute","Written by":"Comit\u00e9 olympique canadien"},"schema":{"@context":"https:\/\/schema.org","@graph":[{"@type":"WebPage","@id":"https:\/\/develop.olympic.ca\/olympique\/comite-olympique-canadien\/la-marque-de-lequipe-olympique-canadienne\/","url":"https:\/\/develop.olympic.ca\/olympique\/comite-olympique-canadien\/la-marque-de-lequipe-olympique-canadienne\/","name":"La marquee - \u00c9quipe Canada | Site officiel de l&#039;\u00e9quipe olympique","isPartOf":{"@id":"https:\/\/develop.olympic.ca\/olympique\/#website"},"datePublished":"2011-09-11T18:28:06+00:00","breadcrumb":{"@id":"https:\/\/develop.olympic.ca\/olympique\/comite-olympique-canadien\/la-marque-de-lequipe-olympique-canadienne\/#breadcrumb"},"inLanguage":"fr-FR","potentialAction":[{"@type":"ReadAction","target":["https:\/\/develop.olympic.ca\/olympique\/comite-olympique-canadien\/la-marque-de-lequipe-olympique-canadienne\/"]}]},{"@type":"BreadcrumbList","@id":"https:\/\/develop.olympic.ca\/olympique\/comite-olympique-canadien\/la-marque-de-lequipe-olympique-canadienne\/#breadcrumb","itemListElement":[{"@type":"ListItem","position":1,"name":"Aper\u00e7u du Comit\u00e9 olympique canadien","item":"https:\/\/develop.olympic.ca\/olympique\/comite-olympique-canadien\/"},{"@type":"ListItem","position":2,"name":"La marquee"}]},{"@type":"WebSite","@id":"https:\/\/develop.olympic.ca\/olympique\/#website","url":"https:\/\/develop.olympic.ca\/olympique\/","name":"\u00c9quipe Canada | Site officiel de l&#039;\u00e9quipe olympique","description":"Votre source pour l\u2019\u00c9quipe olympique canadienne. Retrouvez les r\u00e9cits, vid\u00e9os et photos des athl\u00e8tes canadiens, sports olympiques, Jeux olympiques de 2020 et bien plus!","potentialAction":[{"@type":"SearchAction","target":{"@type":"EntryPoint","urlTemplate":"https:\/\/develop.olympic.ca\/olympique\/?s={search_term_string}"},"query-input":{"@type":"PropertyValueSpecification","valueRequired":true,"valueName":"search_term_string"}}],"inLanguage":"fr-FR"}]}},"jetpack_sharing_enabled":true,"jetpack-related-posts":[],"jetpack_shortlink":"https:\/\/wp.me\/PbmyEP-2zX","_links":{"self":[{"href":"https:\/\/develop.olympic.ca\/olympique\/wp-json\/wp\/v2\/pages\/9917","targetHints":{"allow":["GET"]}}],"collection":[{"href":"https:\/\/develop.olympic.ca\/olympique\/wp-json\/wp\/v2\/pages"}],"about":[{"href":"https:\/\/develop.olympic.ca\/olympique\/wp-json\/wp\/v2\/types\/page"}],"author":[{"embeddable":true,"href":"https:\/\/develop.olympic.ca\/olympique\/wp-json\/wp\/v2\/users\/47562643"}],"replies":[{"embeddable":true,"href":"https:\/\/develop.olympic.ca\/olympique\/wp-json\/wp\/v2\/comments?post=9917"}],"version-history":[{"count":0,"href":"https:\/\/develop.olympic.ca\/olympique\/wp-json\/wp\/v2\/pages\/9917\/revisions"}],"up":[{"embeddable":true,"href":"https:\/\/develop.olympic.ca\/olympique\/wp-json\/wp\/v2\/pages\/3112"}],"wp:attachment":[{"href":"https:\/\/develop.olympic.ca\/olympique\/wp-json\/wp\/v2\/media?parent=9917"}],"wp:term":[{"taxonomy":"author","embeddable":true,"href":"https:\/\/develop.olympic.ca\/olympique\/wp-json\/wp\/v2\/coauthors?post=9917"}],"curies":[{"name":"wp","href":"https:\/\/api.w.org\/{rel}","templated":true}]}}